{"id":8944,"date":"2020-06-07T01:34:56","date_gmt":"2020-06-07T01:34:56","guid":{"rendered":"https:\/\/www.rjmodels.com.hk\/?page_id=8944"},"modified":"2022-12-16T01:35:47","modified_gmt":"2022-12-16T01:35:47","slug":"katamaran-modell","status":"publish","type":"page","link":"https:\/\/www.rjmodels.com.hk\/sv\/katamaran-modell\/","title":{"rendered":"Katamaran modell"},"content":{"rendered":"<h1>\n\t\tKatamaran modell\n\t<\/h1>\n\tEn katamaranmodell \u00e4r en typ av\u00a0<a href=\"https:\/\/www.rjmodels.com.hk\/sv\/maritim-modell\/\">maritim modell<\/a>\u00a0med tv\u00e5 lika stora skrov som h\u00e5lls sida vid sida.<br \/>\nDen breda \u00f6verbryggningsramen som f\u00f6rbinder tv\u00e5 parallella skrov stabiliserar den maritima modellen. Katamaranmodellen visar hur smart designat och strukturerat detta fartyg \u00e4r.<br \/>\nDu kan inte bara f\u00f6rst\u00e5 skeppets allm\u00e4nna form, utan ocks\u00e5 unders\u00f6ka komponenter, s\u00e5som segel, sittbrunn, etc.<br \/>\nN\u00e4r du g\u00e5r runt katamaranmodellen kan du f\u00f6rest\u00e4lla dig att du h\u00e4rligt chattar i salongen eller ligger p\u00e5 det fantastiska sold\u00e4cket.<br \/>\nS\u00e5 katamaranmodellen spelar en viktig roll i deras arbetsprocesser f\u00f6r dig.<br \/>\nDe funderar \u00f6ver problem medan de stirrar p\u00e5 maritima modeller och kom p\u00e5 s\u00e5 s\u00e4tt med fantastiska id\u00e9er!\n\t\t\t\t<img decoding=\"async\" src=\"https:\/\/www.rjmodels.com.hk\/wp-content\/uploads\/2020\/06\/00.-China-Cup-Regatta-Wind-Rider-Cover.jpg\" alt=\"00. China Cup Regatta Wind-Rider Cover\" itemprop=\"image\" title=\"00. China Cup Regatta Wind-Rider Cover\" onerror=\"this.style.display='none'\"  \/>\n<h2>\n\t\tEnkla steg f\u00f6r att arbeta med oss f\u00f6r maritima modeller\n\t<\/h2>\n\t\t\t<a href=\"https:\/\/www.rjmodels.com.hk\/sv\/hur-man-gor-en-maritim-modell\/\" target=\"_self\" role=\"button\" rel=\"noopener\">\n\t\t\t\t\t\t\tKontrollera mer\n\t\t\t\t\t<\/a>\n\t\t\t\t<img decoding=\"async\" src=\"https:\/\/www.rjmodels.com.hk\/wp-content\/uploads\/2020\/06\/1.-Piwer90-Catamaran-Model.jpg\" alt=\"katamaran-modell\" itemprop=\"image\" title=\"1. Piwer90 Katamaranmodell\" onerror=\"this.style.display='none'\"  \/>\n\t<h2>Aspen Power 90 Katamaran modell<\/h2>\n<p><strong>Skala: 1:40 | Storlek: 400mm x 250mm | Produktionstid: 14 dagar<\/strong><\/p>\nEven though most power cruising catamarans have misnomers such as &#8220;pocket&#8221; or &#8220;cuddy&#8221;. The Power C90 designed by Aspen will never give you a feeling like that.<br \/>\nDesigners fr\u00e5n Aspen har lagt m\u00e5nga timmar p\u00e5 att designa och bygga modell i full skala. Den \u00e4gnar sig \u00e5t att f\u00e5 alla r\u00e4tt element i r\u00e4tt skala, inte p\u00e5 bekostnad av ekonomisk effektivitet.<br \/>\nIst\u00e4llet p\u00e5 grund av antagandet av asymmetrisk skrovdesign som bara anv\u00e4nder en enmotor, snarare \u00e4n de vanliga dubbelmotorerna. Dess br\u00e4nsleeffektiva och hydrodynamiskt effektiva har \u00f6vertr\u00e4ffat andra kraftkatamaraner.<br \/>\nTillverkningen av katamaranskrovet kostar v\u00e5rt <a href=\"https:\/\/www.rjmodels.com.hk\/sv\/yacht-modell\/\">yachtmodelltillverkare<\/a> mycket anstr\u00e4ngning. Dess asymmetriska design kr\u00e4ver tv\u00e5 olika modulpaket, som m\u00e5ste monteras mycket noggrant.<br \/>\nMen n\u00e4r den sofistikerade och full\u00e4ndade katamaranmodellen dyker upp inf\u00f6r alla och fick riklig uppskattning fr\u00e5n tittarna. Vi vet att alla tidigare anstr\u00e4ngningar \u00e4r v\u00e4rda.\n\t<div class=\"fl-builder-content fl-builder-content-10719 fl-builder-template fl-builder-row-template fl-builder-global-templates-locked\" data-post-id=\"10719\"><div class=\"fl-row fl-row-full-width fl-row-bg-color fl-node-60a264db6c650 fl-row-default-height fl-row-align-center\" data-node=\"60a264db6c650\">\n\t<div class=\"fl-row-content-wrap\">\n\t\t\t\t\t\t\t\t<div class=\"fl-row-content fl-row-fixed-width fl-node-content\">\n\t\t\n<div class=\"fl-col-group fl-node-60a264db6c63b\" data-node=\"60a264db6c63b\">\n\t\t\t<div class=\"fl-col fl-node-60a264db6c643 fl-col-has-cols\" data-node=\"60a264db6c643\">\n\t<div class=\"fl-col-content fl-node-content\">\n<div class=\"fl-col-group fl-node-60a264db6c645 fl-col-group-nested\" data-node=\"60a264db6c645\">\n\t\t\t<div class=\"fl-col fl-node-60a264db6c646 fl-col-small\" data-node=\"60a264db6c646\">\n\t<div class=\"fl-col-content fl-node-content\"><div class=\"fl-module fl-module-info-box fl-node-60a264db6c64b worktitle\" data-node=\"60a264db6c64b\">\n\t<div class=\"fl-module-content fl-node-content\">\n\t\t<div class=\"uabb-module-content uabb-infobox infobox-left\">\n\t<div class=\"uabb-infobox-left-right-wrap\">\n\t<div class=\"uabb-infobox-content\">\n\t\t\t<div class='uabb-infobox-title-wrap'><h3 class=\"uabb-infobox-title\"><span class=\"worktitle-num\">6000+<\/span> Projekt<\/h3><\/div>\t\t\t<div class=\"uabb-infobox-text-wrap\">\n\t\t\t\t<div class=\"uabb-infobox-text uabb-text-editor\"><p>Med \u00f6ver 500 fartygsmodeller som skapas varje \u00e5r, trivs vi med att uppr\u00e4tth\u00e5lla konsekventa leveranser av fartygsmodeller av h\u00f6g kvalitet.<\/p>\n<\/div>\t\t\t<\/div>\n\t\t\t\t\t\t<\/div>\t<\/div>\n<\/div>\n\t<\/div>\n<\/div>\n<\/div>\n<\/div>\n\t\t\t<div class=\"fl-col fl-node-60a264db6c647 fl-col-small\" data-node=\"60a264db6c647\">\n\t<div class=\"fl-col-content fl-node-content\"><div class=\"fl-module fl-module-info-box fl-node-60a264db6c64d worktitle\" data-node=\"60a264db6c64d\">\n\t<div class=\"fl-module-content fl-node-content\">\n\t\t<div class=\"uabb-module-content uabb-infobox infobox-left\">\n\t<div class=\"uabb-infobox-left-right-wrap\">\n\t<div class=\"uabb-infobox-content\">\n\t\t\t<div class='uabb-infobox-title-wrap'><h3 class=\"uabb-infobox-title\"><span class=\"worktitle-num\">26 <\/span> \u00c5r av erfarenhet<\/h3><\/div>\t\t\t<div class=\"uabb-infobox-text-wrap\">\n\t\t\t\t<div class=\"uabb-infobox-text uabb-text-editor\"><p>RJ Models \u00e4r ett v\u00e4lk\u00e4nt f\u00f6retag som tillverkar fartygsmodeller p\u00e5 A-listan, grundat 1995.<\/p>\n<\/div>\t\t\t<\/div>\n\t\t\t\t\t\t<\/div>\t<\/div>\n<\/div>\n\t<\/div>\n<\/div>\n<\/div>\n<\/div>\n\t\t\t<div class=\"fl-col fl-node-60a264db6c649 fl-col-small\" data-node=\"60a264db6c649\">\n\t<div class=\"fl-col-content fl-node-content\"><div class=\"fl-module fl-module-info-box fl-node-60a264db6c64e worktitle\" data-node=\"60a264db6c64e\">\n\t<div class=\"fl-module-content fl-node-content\">\n\t\t<div class=\"uabb-module-content uabb-infobox infobox-left\">\n\t<div class=\"uabb-infobox-left-right-wrap\">\n\t<div class=\"uabb-infobox-content\">\n\t\t\t<div class='uabb-infobox-title-wrap'><h3 class=\"uabb-infobox-title\"><span class=\"worktitle-num\">500<\/span> Personal<\/h3><\/div>\t\t\t<div class=\"uabb-infobox-text-wrap\">\n\t\t\t\t<div class=\"uabb-infobox-text uabb-text-editor\"><p>V\u00e5ra fartygsmodelltillverkare har ett brett spektrum av erfarenhet, med ett gott rykte f\u00f6r att vara specialister inom v\u00e5r bransch.<\/p>\n<\/div>\t\t\t<\/div>\n\t\t\t\t\t\t<\/div>\t<\/div>\n<\/div>\n\t<\/div>\n<\/div>\n<\/div>\n<\/div>\n\t\t\t<div class=\"fl-col fl-node-60a264db6c64a fl-col-small\" data-node=\"60a264db6c64a\">\n\t<div class=\"fl-col-content fl-node-content\"><div class=\"fl-module fl-module-info-box fl-node-60a264db6c64f worktitle\" data-node=\"60a264db6c64f\">\n\t<div class=\"fl-module-content fl-node-content\">\n\t\t<div class=\"uabb-module-content uabb-infobox infobox-left\">\n\t<div class=\"uabb-infobox-left-right-wrap\">\n\t<div class=\"uabb-infobox-content\">\n\t\t\t<div class='uabb-infobox-title-wrap'><h3 class=\"uabb-infobox-title\"><span class=\"worktitle-num\">7<\/span> dagar<\/h3><\/div>\t\t\t<div class=\"uabb-infobox-text-wrap\">\n\t\t\t\t<div class=\"uabb-infobox-text uabb-text-editor\"><p>RJ Models har ett omfattande team av multinationella och erfarna sj\u00f6fartsproffs p\u00e5 plats med sn\u00e4va tidsfrister f\u00f6r dina fartygsmodeller.<\/p>\n<\/div>\t\t\t<\/div>\n\t\t\t\t\t\t<\/div>\t<\/div>\n<\/div>\n\t<\/div>\n<\/div>\n<\/div>\n<\/div>\n\t<\/div>\n<\/div>\n<\/div>\n\t<\/div>\n\t\t<\/div>\n\t<\/div>\n<\/div>\n<\/div><div class=\"uabb-js-breakpoint\" style=\"display: none;\"><\/div>\n\t<h2>N\u00e5gra av v\u00e5ra kunder<\/h2>\n<a href=\"https:\/\/www.rjmodels.com.hk\/sv\/kunder\/\">Se v\u00e5ra kunder<\/a><br \/>\n<a href=\"https:\/\/www.rjmodels.com.hk\/wp-content\/uploads\/2020\/06\/logo.png\"><img loading=\"lazy\" decoding=\"async\" src=\"https:\/\/www.rjmodels.com.hk\/wp-content\/uploads\/2020\/06\/logo.png\" alt=\"\" width=\"1059\" height=\"245\" \/><\/a>\n<h2>\n\t\tContact RJ Models &#038; We&#8217;re here to help you grow your business.\n\t<\/h2>\n\t\n<div class=\"wpcf7 no-js\" id=\"wpcf7-f13103-o1\" lang=\"en-US\" dir=\"ltr\" data-wpcf7-id=\"13103\">\n<div class=\"screen-reader-response\"><p role=\"status\" aria-live=\"polite\" aria-atomic=\"true\"><\/p> <ul><\/ul><\/div>\n<form action=\"\/sv\/wp-json\/wp\/v2\/pages\/8944#wpcf7-f13103-o1\" method=\"post\" class=\"wpcf7-form init\" aria-label=\"Kontaktformul\u00e4r\" novalidate=\"novalidate\" data-status=\"init\" data-trp-original-action=\"\/sv\/wp-json\/wp\/v2\/pages\/8944#wpcf7-f13103-o1\">\n<fieldset class=\"hidden-fields-container\"><input type=\"hidden\" name=\"_wpcf7\" value=\"13103\" \/><input type=\"hidden\" name=\"_wpcf7_version\" value=\"6.1.5\" \/><input type=\"hidden\" name=\"_wpcf7_locale\" value=\"en_US\" \/><input type=\"hidden\" name=\"_wpcf7_unit_tag\" value=\"wpcf7-f13103-o1\" \/><input type=\"hidden\" name=\"_wpcf7_container_post\" value=\"0\" \/><input type=\"hidden\" name=\"_wpcf7_posted_data_hash\" value=\"\" \/>\n<\/fieldset>\n<div class=\"uabb-cf7-col-1\">\n\t<p><span class=\"wpcf7-form-control-wrap\" data-name=\"your-name\"><input size=\"40\" maxlength=\"400\" class=\"wpcf7-form-control wpcf7-text wpcf7-validates-as-required\" aria-required=\"true\" aria-invalid=\"false\" placeholder=\"Ditt namn\" value=\"\" type=\"text\" name=\"your-name\" \/><\/span>\n\t<\/p>\n<\/div>\n<div class=\"uabb-cf7-col-1\">\n\t<p><span class=\"wpcf7-form-control-wrap\" data-name=\"your-email\"><input size=\"40\" maxlength=\"400\" class=\"wpcf7-form-control wpcf7-email wpcf7-validates-as-required wpcf7-text wpcf7-validates-as-email\" aria-required=\"true\" aria-invalid=\"false\" placeholder=\"Din e-post*\" value=\"\" type=\"email\" name=\"your-email\" \/><\/span>\n\t<\/p>\n<\/div>\n<div class=\"uabb-cf7-col-1\">\n\t<p><span class=\"wpcf7-form-control-wrap\" data-name=\"your-company\"><input size=\"40\" maxlength=\"400\" class=\"wpcf7-form-control wpcf7-text\" aria-invalid=\"false\" placeholder=\"Ditt f\u00f6retagsnamn\" value=\"\" type=\"text\" name=\"your-company\" \/><\/span>\n\t<\/p>\n<\/div>\n<div class=\"uabb-cf7-col-1\">\n\t<p><span class=\"wpcf7-form-control-wrap\" data-name=\"purpose\"><input size=\"40\" maxlength=\"400\" class=\"wpcf7-form-control wpcf7-text\" aria-invalid=\"false\" placeholder=\"Syfte med modellen: (Marknadsf\u00f6ring, konkurrens, presentation)\" value=\"\" type=\"text\" name=\"purpose\" \/><\/span>\n\t<\/p>\n<\/div>\n<div class=\"uabb-cf7-col-1\">\n\t<p><span class=\"wpcf7-form-control-wrap\" data-name=\"size\"><input size=\"40\" maxlength=\"400\" class=\"wpcf7-form-control wpcf7-text\" aria-invalid=\"false\" placeholder=\"F\u00f6rv\u00e4ntad skala och storlek: (LxBxH)\" value=\"\" type=\"text\" name=\"size\" \/><\/span>\n\t<\/p>\n<\/div>\n<div class=\"uabb-cf7-col-1\">\n\t<p><span class=\"wpcf7-form-control-wrap\" data-name=\"date\"><input size=\"40\" maxlength=\"400\" class=\"wpcf7-form-control wpcf7-text\" aria-invalid=\"false\" placeholder=\"F\u00f6rv\u00e4ntat slutdatum\" value=\"\" type=\"text\" name=\"date\" \/><\/span>\n\t<\/p>\n<\/div>\n<div class=\"uabb-cf7-col-1\">\n\t<p><span class=\"wpcf7-form-control-wrap\" data-name=\"delivery\"><input size=\"40\" maxlength=\"400\" class=\"wpcf7-form-control wpcf7-text\" aria-invalid=\"false\" placeholder=\"Leverans- och installationsdestinationer: (stad, land)\" value=\"\" type=\"text\" name=\"delivery\" \/><\/span>\n\t<\/p>\n<\/div>\n<div class=\"uabb-cf7-col-1\">\n\t<p><span class=\"wpcf7-form-control-wrap\" data-name=\"your-message\"><textarea cols=\"60\" rows=\"3\" maxlength=\"2000\" class=\"wpcf7-form-control wpcf7-textarea wpcf7-validates-as-required\" aria-required=\"true\" aria-invalid=\"false\" placeholder=\"Ditt meddelande*\" name=\"your-message\"><\/textarea><\/span>\n\t<\/p>\n<\/div>\n<div class=\"uabb-cf7-col-1\">\n\t<p><span class=\"wpcf7-form-control-wrap\" data-name=\"upload-file-221\"><input size=\"40\" class=\"wpcf7-form-control wpcf7-drag-n-drop-file d-none\" aria-invalid=\"false\" type=\"file\" multiple=\"multiple\" data-name=\"upload-file-221\" data-type=\"jpg|jpeg|zip|png|gif|rar|pdf\" data-limit=\"104857600\" data-id=\"13103\" data-version=\"free version 1.3.9.6\" accept=\".jpg, .jpeg, .zip, .png, .gif, .rar, .pdf\" \/><\/span>(Skicka oss via Dropbox eller WeTransfer, eller v\u00e5r e-post: <a href=\"mailto:marketing@rjmodels.com.hk\">marketing@rjmodels.com.hk<\/a> om filerna \u00e4r st\u00f6rre \u00e4n 50 MB. )\n\t<\/p>\n<\/div>\n<div class=\"uabb-cf7-col-1\">\n\t<p><input class=\"wpcf7-form-control wpcf7-submit has-spinner cf7-submit\" type=\"submit\" value=\"GRATIS OFFERT\" \/>\n\t<\/p>\n<\/div>\n<p><script>\ndocument.addEventListener( 'wpcf7mailsent', function( event ) {\n location = '\/thank-you-rj-models\/';\n}, false );\n<\/script>\n<\/p>\n<style>\n.cf7-submit{display: grid;margin: auto;}\n<\/style><p style=\"display: none !important;\" class=\"akismet-fields-container\" data-prefix=\"_wpcf7_ak_\"><label>\u0394<textarea name=\"_wpcf7_ak_hp_textarea\" cols=\"45\" rows=\"8\" maxlength=\"100\"><\/textarea><\/label><input type=\"hidden\" id=\"ak_js_1\" name=\"_wpcf7_ak_js\" value=\"227\"\/><script>\ndocument.getElementById( \"ak_js_1\" ).setAttribute( \"value\", ( new Date() ).getTime() );\n<\/script>\n<\/p><div class=\"wpcf7-response-output\" aria-hidden=\"true\"><\/div>\n<input type=\"hidden\" name=\"trp-form-language\" value=\"sv\"\/><\/form>\n<\/div>\n\n\tOur vision is providing the top quality model making service to everywhere in the globe.\n\t\t\t\t<img loading=\"lazy\" decoding=\"async\" src=\"https:\/\/www.rjmodels.com.hk\/wp-content\/uploads\/2022\/11\/Ray-Cheung-RJ-Models.jpg\" alt=\"Ray Cheung RJ-modeller\" itemprop=\"image\" height=\"216\" width=\"376\" title=\"Ray Cheung RJ-modeller\" onerror=\"this.style.display='none'\"  \/>","protected":false},"excerpt":{"rendered":"<p>Catamaran Model A catamaran model is a type of\u00a0maritime model\u00a0with two equal-sized hulls held side by side. The wide bridging frame connecting two parallel hulls stabilizes the maritime model. The catamaran model shows how cleverly designed and structured this ship is. You can not only\u00a0grasp the general shape of\u00a0the ship, but also examine\u00a0components, such as\u00a0sails, [&hellip;]<\/p>\n","protected":false},"author":2,"featured_media":0,"parent":0,"menu_order":89,"comment_status":"closed","ping_status":"closed","template":"","meta":{"_acf_changed":false,"site-sidebar-layout":"default","site-content-layout":"","ast-site-content-layout":"default","site-content-style":"default","site-sidebar-style":"default","ast-global-header-display":"","ast-banner-title-visibility":"","ast-main-header-display":"","ast-hfb-above-header-display":"","ast-hfb-below-header-display":"","ast-hfb-mobile-header-display":"","site-post-title":"","ast-breadcrumbs-content":"","ast-featured-img":"","footer-sml-layout":"","theme-transparent-header-meta":"","adv-header-id-meta":"","stick-header-meta":"","header-above-stick-meta":"","header-main-stick-meta":"","header-below-stick-meta":"","astra-migrate-meta-layouts":"default","ast-page-background-enabled":"default","ast-page-background-meta":{"desktop":{"background-color":"","background-image":"","background-repeat":"repeat","background-position":"center center","background-size":"auto","background-attachment":"scroll","background-type":"","background-media":"","overlay-type":"","overlay-color":"","overlay-opacity":"","overlay-gradient":""},"tablet":{"background-color":"","background-image":"","background-repeat":"repeat","background-position":"center center","background-size":"auto","background-attachment":"scroll","background-type":"","background-media":"","overlay-type":"","overlay-color":"","overlay-opacity":"","overlay-gradient":""},"mobile":{"background-color":"","background-image":"","background-repeat":"repeat","background-position":"center center","background-size":"auto","background-attachment":"scroll","background-type":"","background-media":"","overlay-type":"","overlay-color":"","overlay-opacity":"","overlay-gradient":""}},"ast-content-background-meta":{"desktop":{"background-color":"var(--ast-global-color-5)","background-image":"","background-repeat":"repeat","background-position":"center center","background-size":"auto","background-attachment":"scroll","background-type":"","background-media":"","overlay-type":"","overlay-color":"","overlay-opacity":"","overlay-gradient":""},"tablet":{"background-color":"var(--ast-global-color-5)","background-image":"","background-repeat":"repeat","background-position":"center center","background-size":"auto","background-attachment":"scroll","background-type":"","background-media":"","overlay-type":"","overlay-color":"","overlay-opacity":"","overlay-gradient":""},"mobile":{"background-color":"var(--ast-global-color-5)","background-image":"","background-repeat":"repeat","background-position":"center center","background-size":"auto","background-attachment":"scroll","background-type":"","background-media":"","overlay-type":"","overlay-color":"","overlay-opacity":"","overlay-gradient":""}},"footnotes":""},"class_list":["post-8944","page","type-page","status-publish","hentry"],"acf":[],"yoast_head":"<!-- This site is optimized with the Yoast SEO plugin v27.6 - https:\/\/yoast.com\/product\/yoast-seo-wordpress\/ -->\n<title>Catamaran Model Making Serivce<\/title>\n<meta name=\"description\" content=\"Catamaran Model. Contact RJ Models for your martime model making service now. And delivery to any space you indicated in a tight deadline.\" \/>\n<meta name=\"robots\" content=\"index, follow, max-snippet:-1, max-image-preview:large, max-video-preview:-1\" \/>\n<link rel=\"canonical\" href=\"https:\/\/www.rjmodels.com.hk\/sv\/katamaran-modell\/\" \/>\n<meta property=\"og:locale\" content=\"sv_SE\" \/>\n<meta property=\"og:type\" content=\"article\" \/>\n<meta property=\"og:title\" content=\"Catamaran Model Making Serivce\" \/>\n<meta property=\"og:description\" content=\"Catamaran Model. Contact RJ Models for your martime model making service now. And delivery to any space you indicated in a tight deadline.\" \/>\n<meta property=\"og:url\" content=\"https:\/\/www.rjmodels.com.hk\/sv\/katamaran-modell\/\" \/>\n<meta property=\"og:site_name\" content=\"RJ Models\" \/>\n<meta property=\"article:publisher\" content=\"https:\/\/www.facebook.com\/rjmodelmaking\" \/>\n<meta property=\"article:modified_time\" content=\"2022-12-16T01:35:47+00:00\" \/>\n<meta property=\"og:image\" content=\"https:\/\/www.rjmodels.com.hk\/\/wp-content\/uploads\/2020\/06\/00.-China-Cup-Regatta-Wind-Rider-Cover.jpg\" \/>\n<meta name=\"twitter:card\" content=\"summary_large_image\" \/>\n<meta name=\"twitter:label1\" content=\"Ber\u00e4knad l\u00e4stid\" \/>\n\t<meta name=\"twitter:data1\" content=\"3 minuter\" \/>\n<script type=\"application\/ld+json\" class=\"yoast-schema-graph\">{\"@context\":\"https:\\\/\\\/schema.org\",\"@graph\":[{\"@type\":\"WebPage\",\"@id\":\"https:\\\/\\\/www.rjmodels.com.hk\\\/catamaran-model\\\/\",\"url\":\"https:\\\/\\\/www.rjmodels.com.hk\\\/catamaran-model\\\/\",\"name\":\"Catamaran Model Making Serivce\",\"isPartOf\":{\"@id\":\"https:\\\/\\\/www.rjmodels.com.hk\\\/#website\"},\"primaryImageOfPage\":{\"@id\":\"https:\\\/\\\/www.rjmodels.com.hk\\\/catamaran-model\\\/#primaryimage\"},\"image\":{\"@id\":\"https:\\\/\\\/www.rjmodels.com.hk\\\/catamaran-model\\\/#primaryimage\"},\"thumbnailUrl\":\"https:\\\/\\\/www.rjmodels.com.hk\\\/wp-content\\\/uploads\\\/2020\\\/06\\\/00.-China-Cup-Regatta-Wind-Rider-Cover.jpg\",\"datePublished\":\"2020-06-07T01:34:56+00:00\",\"dateModified\":\"2022-12-16T01:35:47+00:00\",\"description\":\"Catamaran Model. Contact RJ Models for your martime model making service now. And delivery to any space you indicated in a tight deadline.\",\"breadcrumb\":{\"@id\":\"https:\\\/\\\/www.rjmodels.com.hk\\\/catamaran-model\\\/#breadcrumb\"},\"inLanguage\":\"sv-SE\",\"potentialAction\":[{\"@type\":\"ReadAction\",\"target\":[\"https:\\\/\\\/www.rjmodels.com.hk\\\/catamaran-model\\\/\"]}]},{\"@type\":\"ImageObject\",\"inLanguage\":\"sv-SE\",\"@id\":\"https:\\\/\\\/www.rjmodels.com.hk\\\/catamaran-model\\\/#primaryimage\",\"url\":\"https:\\\/\\\/www.rjmodels.com.hk\\\/wp-content\\\/uploads\\\/2020\\\/06\\\/00.-China-Cup-Regatta-Wind-Rider-Cover.jpg\",\"contentUrl\":\"https:\\\/\\\/www.rjmodels.com.hk\\\/wp-content\\\/uploads\\\/2020\\\/06\\\/00.-China-Cup-Regatta-Wind-Rider-Cover.jpg\"},{\"@type\":\"BreadcrumbList\",\"@id\":\"https:\\\/\\\/www.rjmodels.com.hk\\\/catamaran-model\\\/#breadcrumb\",\"itemListElement\":[{\"@type\":\"ListItem\",\"position\":1,\"name\":\"Home\",\"item\":\"https:\\\/\\\/www.rjmodels.com.hk\\\/\"},{\"@type\":\"ListItem\",\"position\":2,\"name\":\"Catamaran Model\"}]},{\"@type\":\"WebSite\",\"@id\":\"https:\\\/\\\/www.rjmodels.com.hk\\\/#website\",\"url\":\"https:\\\/\\\/www.rjmodels.com.hk\\\/\",\"name\":\"RJ Models\",\"description\":\"\",\"publisher\":{\"@id\":\"https:\\\/\\\/www.rjmodels.com.hk\\\/#organization\"},\"potentialAction\":[{\"@type\":\"SearchAction\",\"target\":{\"@type\":\"EntryPoint\",\"urlTemplate\":\"https:\\\/\\\/www.rjmodels.com.hk\\\/?s={search_term_string}\"},\"query-input\":{\"@type\":\"PropertyValueSpecification\",\"valueRequired\":true,\"valueName\":\"search_term_string\"}}],\"inLanguage\":\"sv-SE\"},{\"@type\":\"Organization\",\"@id\":\"https:\\\/\\\/www.rjmodels.com.hk\\\/#organization\",\"name\":\"RJ Models\",\"url\":\"https:\\\/\\\/www.rjmodels.com.hk\\\/\",\"logo\":{\"@type\":\"ImageObject\",\"inLanguage\":\"sv-SE\",\"@id\":\"https:\\\/\\\/www.rjmodels.com.hk\\\/#\\\/schema\\\/logo\\\/image\\\/\",\"url\":\"https:\\\/\\\/www.rjmodels.com.hk\\\/wp-content\\\/uploads\\\/2021\\\/11\\\/cropped-logo-12.png\",\"contentUrl\":\"https:\\\/\\\/www.rjmodels.com.hk\\\/wp-content\\\/uploads\\\/2021\\\/11\\\/cropped-logo-12.png\",\"width\":681,\"height\":162,\"caption\":\"RJ Models\"},\"image\":{\"@id\":\"https:\\\/\\\/www.rjmodels.com.hk\\\/#\\\/schema\\\/logo\\\/image\\\/\"},\"sameAs\":[\"https:\\\/\\\/www.facebook.com\\\/rjmodelmaking\"]}]}<\/script>\n<!-- \/ Yoast SEO plugin. -->","yoast_head_json":{"title":"Katamaran Model Making Service","description":"Katamaran modell. Kontakta RJ Models f\u00f6r din martime modelltillverkningsservice nu. Och leverans till valfritt utrymme du angett inom en sn\u00e4v deadline.","robots":{"index":"index","follow":"follow","max-snippet":"max-snippet:-1","max-image-preview":"max-image-preview:large","max-video-preview":"max-video-preview:-1"},"canonical":"https:\/\/www.rjmodels.com.hk\/sv\/katamaran-modell\/","og_locale":"sv_SE","og_type":"article","og_title":"Catamaran Model Making Serivce","og_description":"Catamaran Model. Contact RJ Models for your martime model making service now. And delivery to any space you indicated in a tight deadline.","og_url":"https:\/\/www.rjmodels.com.hk\/sv\/katamaran-modell\/","og_site_name":"RJ Models","article_publisher":"https:\/\/www.facebook.com\/rjmodelmaking","article_modified_time":"2022-12-16T01:35:47+00:00","og_image":[{"url":"https:\/\/www.rjmodels.com.hk\/\/wp-content\/uploads\/2020\/06\/00.-China-Cup-Regatta-Wind-Rider-Cover.jpg","type":"","width":"","height":""}],"twitter_card":"summary_large_image","twitter_misc":{"Ber\u00e4knad l\u00e4stid":"3 minuter"},"schema":{"@context":"https:\/\/schema.org","@graph":[{"@type":"WebPage","@id":"https:\/\/www.rjmodels.com.hk\/catamaran-model\/","url":"https:\/\/www.rjmodels.com.hk\/catamaran-model\/","name":"Katamaran Model Making Service","isPartOf":{"@id":"https:\/\/www.rjmodels.com.hk\/#website"},"primaryImageOfPage":{"@id":"https:\/\/www.rjmodels.com.hk\/catamaran-model\/#primaryimage"},"image":{"@id":"https:\/\/www.rjmodels.com.hk\/catamaran-model\/#primaryimage"},"thumbnailUrl":"https:\/\/www.rjmodels.com.hk\/wp-content\/uploads\/2020\/06\/00.-China-Cup-Regatta-Wind-Rider-Cover.jpg","datePublished":"2020-06-07T01:34:56+00:00","dateModified":"2022-12-16T01:35:47+00:00","description":"Katamaran modell. Kontakta RJ Models f\u00f6r din martime modelltillverkningsservice nu. Och leverans till valfritt utrymme du angett inom en sn\u00e4v deadline.","breadcrumb":{"@id":"https:\/\/www.rjmodels.com.hk\/catamaran-model\/#breadcrumb"},"inLanguage":"sv-SE","potentialAction":[{"@type":"ReadAction","target":["https:\/\/www.rjmodels.com.hk\/catamaran-model\/"]}]},{"@type":"ImageObject","inLanguage":"sv-SE","@id":"https:\/\/www.rjmodels.com.hk\/catamaran-model\/#primaryimage","url":"https:\/\/www.rjmodels.com.hk\/wp-content\/uploads\/2020\/06\/00.-China-Cup-Regatta-Wind-Rider-Cover.jpg","contentUrl":"https:\/\/www.rjmodels.com.hk\/wp-content\/uploads\/2020\/06\/00.-China-Cup-Regatta-Wind-Rider-Cover.jpg"},{"@type":"BreadcrumbList","@id":"https:\/\/www.rjmodels.com.hk\/catamaran-model\/#breadcrumb","itemListElement":[{"@type":"ListItem","position":1,"name":"Home","item":"https:\/\/www.rjmodels.com.hk\/"},{"@type":"ListItem","position":2,"name":"Catamaran Model"}]},{"@type":"WebSite","@id":"https:\/\/www.rjmodels.com.hk\/#website","url":"https:\/\/www.rjmodels.com.hk\/","name":"RJ Models","description":"","publisher":{"@id":"https:\/\/www.rjmodels.com.hk\/#organization"},"potentialAction":[{"@type":"SearchAction","target":{"@type":"EntryPoint","urlTemplate":"https:\/\/www.rjmodels.com.hk\/?s={search_term_string}"},"query-input":{"@type":"PropertyValueSpecification","valueRequired":true,"valueName":"search_term_string"}}],"inLanguage":"sv-SE"},{"@type":"Organization","@id":"https:\/\/www.rjmodels.com.hk\/#organization","name":"RJ Models","url":"https:\/\/www.rjmodels.com.hk\/","logo":{"@type":"ImageObject","inLanguage":"sv-SE","@id":"https:\/\/www.rjmodels.com.hk\/#\/schema\/logo\/image\/","url":"https:\/\/www.rjmodels.com.hk\/wp-content\/uploads\/2021\/11\/cropped-logo-12.png","contentUrl":"https:\/\/www.rjmodels.com.hk\/wp-content\/uploads\/2021\/11\/cropped-logo-12.png","width":681,"height":162,"caption":"RJ Models"},"image":{"@id":"https:\/\/www.rjmodels.com.hk\/#\/schema\/logo\/image\/"},"sameAs":["https:\/\/www.facebook.com\/rjmodelmaking"]}]}},"_links":{"self":[{"href":"https:\/\/www.rjmodels.com.hk\/sv\/wp-json\/wp\/v2\/pages\/8944","targetHints":{"allow":["GET"]}}],"collection":[{"href":"https:\/\/www.rjmodels.com.hk\/sv\/wp-json\/wp\/v2\/pages"}],"about":[{"href":"https:\/\/www.rjmodels.com.hk\/sv\/wp-json\/wp\/v2\/types\/page"}],"author":[{"embeddable":true,"href":"https:\/\/www.rjmodels.com.hk\/sv\/wp-json\/wp\/v2\/users\/2"}],"replies":[{"embeddable":true,"href":"https:\/\/www.rjmodels.com.hk\/sv\/wp-json\/wp\/v2\/comments?post=8944"}],"version-history":[{"count":0,"href":"https:\/\/www.rjmodels.com.hk\/sv\/wp-json\/wp\/v2\/pages\/8944\/revisions"}],"wp:attachment":[{"href":"https:\/\/www.rjmodels.com.hk\/sv\/wp-json\/wp\/v2\/media?parent=8944"}],"curies":[{"name":"wp","href":"https:\/\/api.w.org\/{rel}","templated":true}]}}