{"id":782,"date":"2018-03-16T14:34:30","date_gmt":"2018-03-16T14:34:30","guid":{"rendered":"https:\/\/www.rjmodels.com.hk\/?page_id=782"},"modified":"2022-10-18T08:45:58","modified_gmt":"2022-10-18T08:45:58","slug":"how-rj-models-helps-you-make-your-design-into-3d-printed-architectural-model","status":"publish","type":"page","link":"https:\/\/www.rjmodels.com.hk\/sv\/vanliga-fragor\/3d-utskriven-arkitektonisk-modellprocedur\/","title":{"rendered":"Hur RJ Models hj\u00e4lper dig att g\u00f6ra din design till 3D Printed Architectural Model"},"content":{"rendered":"<h2>\n\t\tHur RJ Models hj\u00e4lper dig att g\u00f6ra din design till <p>3D-tryckt arkitektonisk modell<\/p>\n\t<\/h2>\n\tRJ Models \u00e4r v\u00e4rldsledande inom tillverkning av 3D-printade arkitektoniska modeller.<br>\nV\u00e5r 3D-utskriftsteknik anv\u00e4nds f\u00f6r att skriva ut \u00f6ver 700 arkitektoniska modeller varje \u00e5r runt om i v\u00e4rlden f\u00f6r projekt som kontor, fritid och sport, interi\u00f6rer, sj\u00f6fart och s\u00e5 vidare.\n<p>RJ Models consistently deliver high-quality scale 3D printed architectural models based on your requirements. And we make serious efforts to distribute client&#8217;s installations exclusively and worldwide.<\/p>\n<p>Du kan hitta RJ-modeller f\u00f6r att g\u00f6ra din design till 3D-printade arkitektoniska modeller. Vi p\u00e5 RJ Models hj\u00e4lper dig.<\/p>\n<p>F\u00f6r alla kunder som vill anv\u00e4nda v\u00e5ra 3D-utskriftstj\u00e4nster kr\u00e4ver vi p\u00e5 RJ Models att f\u00f6ljande procedurer strikt beaktas:<\/p>\n<h2>\n\t\tUppfyll ditt krav p\u00e5 offert.\n\t<\/h2>\n<p>F\u00f6r att vi ska kunna ge dig en offert skulle vi helst beh\u00f6va f\u00f6ljande omfattande information:<\/p>\n<ul>\n<li>Slutlig design av 3D-utskriven modell kan vara i STL-filer\/3D-skrivarfil\/Rhino\/sketch-up\/3D Max\/3D AutoCAD, etc.<\/li>\n<li>Din f\u00f6rv\u00e4ntade skala eller modellstorlek.<\/li>\n<li>\u00c5tergivningar f\u00f6r referens (om n\u00e5gra)<\/li>\n<li>Leverans- och installationsdestinationer<\/li>\n<li>F\u00f6rv\u00e4ntat slutdatum<\/li>\n<li>Du kan ocks\u00e5 v\u00e4lja liknande modellfoton fr\u00e5n v\u00e5r webbplats f\u00f6r din f\u00f6rv\u00e4ntade modelldetaljstandard och stil<\/li>\n<li>Eventuella krav s\u00e5som belysning, f\u00e4rg etc. f\u00f6r den 3D-printade modellen.<\/li>\n<\/ul>\n<p>Om det \u00e4r tidigt i byggprocessen och du inte kan tillhandah\u00e5lla n\u00e5gon av informationen ovan kommer vi att g\u00f6ra v\u00e5rt b\u00e4sta f\u00f6r att tillgodose dina behov.<\/p>\n<p>Efter att ha mottagit dina krav kommer vi att skapa ett omfattande modellspecifikationsdiagram och skicka v\u00e5r offert till dig inom 48 timmar.<\/p>\n\t\t\t\t<img decoding=\"async\" src=\"https:\/\/www.rjmodels.com.hk\/wp-content\/uploads\/2018\/03\/step1Image.jpg\" alt=\"steg 1 Bild\" itemprop=\"image\" title=\"steg 1 Bild\" onerror=\"this.style.display='none'\">\n<h2>\n\t\tTa emot projektinformation\n\t<\/h2>\n\tKontrollera vad du beh\u00f6ver veta om slutlig design av 3D-printade arkitektoniska modeller<br>\nOm du genererar din 3D-fil f\u00f6r f\u00f6rsta g\u00e5ngen eller inte, m\u00e5ste du vara uppm\u00e4rksam p\u00e5 att uppfylla dessa tre kriterier.\n<ul>\n<li>The model must be &#8220;water-tight&#8221;. In ordinary terms, this means that there shouldn&#8217;t be any holes in the shell of the model. In more technical terms, the model must be &#8220;manifold&#8221; or solid.<\/li>\n<li>Normally in the digital world, every surface has a front and a back face. This surface orientation is called a &#8220;normal&#8221;. So, make sure that your expected model&#8217;s normal are unified. If two adjacent surfaces have different normal directions, this file input may confuse the 3D printer.<\/li>\n<\/ul>\n\t<ul>\n<li>Alla komponenter i modellen m\u00e5ste ha en l\u00e4mplig tjocklek. Medan vissa 3D-utskriftsmaterial kan ha h\u00f6gre uppl\u00f6sning och st\u00f6rre detaljer \u00e4n andra, kommer det inte att fungera att f\u00f6rs\u00f6ka skriva ut geometri utan n\u00e5gon tjocklek. Detta kommer att ge en o\u00f6nskad modell eller ett o\u00f6nskat resultat.<\/li>\n<\/ul>\n<p>Den goda nyheten \u00e4r att om dessa 3 kriterier \u00e4r uppfyllda i din 3D-fil, kommer du att ha en modell med m\u00e5ngfaldig geometri.<\/p>\n<h2>\n\t\tModel Sample Preparation &amp; Confirmation\n\t<\/h2>\n\t<p>RJ Models kan ocks\u00e5 producera en del av provet under modellproduktionen f\u00f6r att best\u00e4mma visningseffekten f\u00f6r hela modellen om du s\u00e5 \u00f6nskar.<\/p>\n<p>S\u00e5som f\u00e4rgmatchning, textur och ljuseffekt f\u00f6r den 3D-utskrivna modellen f\u00f6r att s\u00e4kerst\u00e4lla att provet \u00f6verensst\u00e4mmer med din designfilosofi.<\/p>\n<p>Forts\u00e4tt sedan den \u00f6vergripande 3D-printade arkitektoniska modellproduktionen.<\/p>\n<h2>\n\t\t3D-tryckt arkitektonisk modell Hantverk p\u00e5g\u00e5r\n\t<\/h2>\n\t<p>V\u00e5ra professionella arkitektoniska modelltillverkare kommer att arbeta med dig i varje steg av att g\u00f6ra dina 3D-utskrivna arkitektoniska modeller.<\/p>\n<p>Du kommer regelbundet att f\u00e5 bilder p\u00e5 deras framsteg s\u00e5 att du kan godk\u00e4nna deras verk och ge eventuell feedback.<\/p>\n<p>Vi kommer att ge dig foton av processer vid varje viktig milstolpe, f\u00f6r att s\u00e4kerst\u00e4lla att din 3D-utskrivna arkitektoniska modell \u00e4r av h\u00f6gsta kvalitet.<\/p>\n<h2>\n\t\tThe 3D Printed Model Completes Transportation &amp; Installation\n\t<\/h2>\n\t<p>N\u00e4r v\u00e5ra arkitektoniska modelltillverkare har avslutat sitt arbete med din 3d-utskrivna arkitektoniska modell kommer vi att skicka den till dig f\u00f6r granskning.<\/p>\n<p>Och s\u00e5 snart vi f\u00e5r det slutgiltiga godk\u00e4nnandet fr\u00e5n dig kommer vi att ordna med v\u00e5ra professionella modelltillverkare att packa ihop den 3D-utskrivna modellen.<\/p>\n<p>Om du beh\u00f6ver resa med modellen eller visa den i olika l\u00e4nder flera g\u00e5nger, kan RJ Models skr\u00e4ddarsys design och g\u00f6ra en passande flightcase.<\/p>\n<p>Vi har ett antal fall som bekr\u00e4ftar resv\u00e4skans tillg\u00e4nglighet.<\/p>\n<p>Slutligen kommer vi att leverera den 3D-printade arkitektoniska modellen var den \u00e4n beh\u00f6ver vara.<\/p>\n<h2>\n\t\tN\u00e5gra av RJ Models kunder\n\t<\/h2>\n\t<p><a href=\"https:\/\/www.rjmodels.com.hk\/sv\/kunder\/\">Visa alla kunder<\/a><\/p>\n<h2>\n\t\tContact RJ Models &amp; Start Making You the Top\n\t<\/h2>\n\t\n<div class=\"wpcf7 no-js\" id=\"wpcf7-f13103-o1\" lang=\"en-US\" dir=\"ltr\" data-wpcf7-id=\"13103\">\n<div class=\"screen-reader-response\"><p role=\"status\" aria-live=\"polite\" aria-atomic=\"true\"><\/p> <ul><\/ul><\/div>\n<form action=\"\/sv\/wp-json\/wp\/v2\/pages\/782#wpcf7-f13103-o1\" method=\"post\" class=\"wpcf7-form init\" aria-label=\"Kontaktformul\u00e4r\" novalidate=\"novalidate\" data-status=\"init\" data-trp-original-action=\"\/sv\/wp-json\/wp\/v2\/pages\/782#wpcf7-f13103-o1\">\n<fieldset class=\"hidden-fields-container\"><input type=\"hidden\" name=\"_wpcf7\" value=\"13103\" \/><input type=\"hidden\" name=\"_wpcf7_version\" value=\"6.1.5\" \/><input type=\"hidden\" name=\"_wpcf7_locale\" value=\"en_US\" \/><input type=\"hidden\" name=\"_wpcf7_unit_tag\" value=\"wpcf7-f13103-o1\" \/><input type=\"hidden\" name=\"_wpcf7_container_post\" value=\"0\" \/><input type=\"hidden\" name=\"_wpcf7_posted_data_hash\" value=\"\" \/>\n<\/fieldset>\n<div class=\"uabb-cf7-col-1\">\n\t<p><span class=\"wpcf7-form-control-wrap\" data-name=\"your-name\"><input size=\"40\" maxlength=\"400\" class=\"wpcf7-form-control wpcf7-text wpcf7-validates-as-required\" aria-required=\"true\" aria-invalid=\"false\" placeholder=\"Ditt namn\" value=\"\" type=\"text\" name=\"your-name\" \/><\/span>\n\t<\/p>\n<\/div>\n<div class=\"uabb-cf7-col-1\">\n\t<p><span class=\"wpcf7-form-control-wrap\" data-name=\"your-email\"><input size=\"40\" maxlength=\"400\" class=\"wpcf7-form-control wpcf7-email wpcf7-validates-as-required wpcf7-text wpcf7-validates-as-email\" aria-required=\"true\" aria-invalid=\"false\" placeholder=\"Din e-post*\" value=\"\" type=\"email\" name=\"your-email\" \/><\/span>\n\t<\/p>\n<\/div>\n<div class=\"uabb-cf7-col-1\">\n\t<p><span class=\"wpcf7-form-control-wrap\" data-name=\"your-company\"><input size=\"40\" maxlength=\"400\" class=\"wpcf7-form-control wpcf7-text\" aria-invalid=\"false\" placeholder=\"Ditt f\u00f6retagsnamn\" value=\"\" type=\"text\" name=\"your-company\" \/><\/span>\n\t<\/p>\n<\/div>\n<div class=\"uabb-cf7-col-1\">\n\t<p><span class=\"wpcf7-form-control-wrap\" data-name=\"purpose\"><input size=\"40\" maxlength=\"400\" class=\"wpcf7-form-control wpcf7-text\" aria-invalid=\"false\" placeholder=\"Syfte med modellen: (Marknadsf\u00f6ring, konkurrens, presentation)\" value=\"\" type=\"text\" name=\"purpose\" \/><\/span>\n\t<\/p>\n<\/div>\n<div class=\"uabb-cf7-col-1\">\n\t<p><span class=\"wpcf7-form-control-wrap\" data-name=\"size\"><input size=\"40\" maxlength=\"400\" class=\"wpcf7-form-control wpcf7-text\" aria-invalid=\"false\" placeholder=\"F\u00f6rv\u00e4ntad skala och storlek: (LxBxH)\" value=\"\" type=\"text\" name=\"size\" \/><\/span>\n\t<\/p>\n<\/div>\n<div class=\"uabb-cf7-col-1\">\n\t<p><span class=\"wpcf7-form-control-wrap\" data-name=\"date\"><input size=\"40\" maxlength=\"400\" class=\"wpcf7-form-control wpcf7-text\" aria-invalid=\"false\" placeholder=\"F\u00f6rv\u00e4ntat slutdatum\" value=\"\" type=\"text\" name=\"date\" \/><\/span>\n\t<\/p>\n<\/div>\n<div class=\"uabb-cf7-col-1\">\n\t<p><span class=\"wpcf7-form-control-wrap\" data-name=\"delivery\"><input size=\"40\" maxlength=\"400\" class=\"wpcf7-form-control wpcf7-text\" aria-invalid=\"false\" placeholder=\"Leverans- och installationsdestinationer: (stad, land)\" value=\"\" type=\"text\" name=\"delivery\" \/><\/span>\n\t<\/p>\n<\/div>\n<div class=\"uabb-cf7-col-1\">\n\t<p><span class=\"wpcf7-form-control-wrap\" data-name=\"your-message\"><textarea cols=\"60\" rows=\"3\" maxlength=\"2000\" class=\"wpcf7-form-control wpcf7-textarea wpcf7-validates-as-required\" aria-required=\"true\" aria-invalid=\"false\" placeholder=\"Ditt meddelande*\" name=\"your-message\"><\/textarea><\/span>\n\t<\/p>\n<\/div>\n<div class=\"uabb-cf7-col-1\">\n\t<p><span class=\"wpcf7-form-control-wrap\" data-name=\"upload-file-221\"><input size=\"40\" class=\"wpcf7-form-control wpcf7-drag-n-drop-file d-none\" aria-invalid=\"false\" type=\"file\" multiple=\"multiple\" data-name=\"upload-file-221\" data-type=\"jpg|jpeg|zip|png|gif|rar|pdf\" data-limit=\"104857600\" data-id=\"13103\" data-version=\"free version 1.3.9.6\" accept=\".jpg, .jpeg, .zip, .png, .gif, .rar, .pdf\" \/><\/span>(Skicka oss via Dropbox eller WeTransfer, eller v\u00e5r e-post: <a href=\"mailto:marketing@rjmodels.com.hk\">marketing@rjmodels.com.hk<\/a> om filerna \u00e4r st\u00f6rre \u00e4n 50 MB. )\n\t<\/p>\n<\/div>\n<div class=\"uabb-cf7-col-1\">\n\t<p><input class=\"wpcf7-form-control wpcf7-submit has-spinner cf7-submit\" type=\"submit\" value=\"GRATIS OFFERT\" \/>\n\t<\/p>\n<\/div>\n<p><script>\ndocument.addEventListener( 'wpcf7mailsent', function( event ) {\n location = '\/thank-you-rj-models\/';\n}, false );\n<\/script>\n<\/p>\n<style>\n.cf7-submit{display: grid;margin: auto;}\n<\/style><p style=\"display: none !important;\" class=\"akismet-fields-container\" data-prefix=\"_wpcf7_ak_\"><label>\u0394<textarea name=\"_wpcf7_ak_hp_textarea\" cols=\"45\" rows=\"8\" maxlength=\"100\"><\/textarea><\/label><input type=\"hidden\" id=\"ak_js_1\" name=\"_wpcf7_ak_js\" value=\"70\"\/><script>\ndocument.getElementById( \"ak_js_1\" ).setAttribute( \"value\", ( new Date() ).getTime() );\n<\/script>\n<\/p><div class=\"wpcf7-response-output\" aria-hidden=\"true\"><\/div>\n<input type=\"hidden\" name=\"trp-form-language\" value=\"sv\"\/><\/form>\n<\/div>\n\n<h4>\n\t\tFounder Notes\n\t<\/h4>\n\tV\u00e5r vision \u00e4r att g\u00f6ra arkitektoniska modeller av h\u00f6gsta kvalitet \u00f6verallt i v\u00e4rlden.\n\t\t\t\t<img decoding=\"async\" src=\"https:\/\/www.rjmodels.com.hk\/wp-content\/uploads\/2018\/01\/homeVideo2BG.jpg\" alt=\"CEO\" itemprop=\"image\" title=\"Arhcitectual Model Making Company, RJ Models\" onerror=\"this.style.display='none'\">","protected":false},"excerpt":{"rendered":"<p>How RJ Models helps you make your design into 3D Printed Architectural Model RJ Models is a world-class leader in the 3D printed architectural model making. Our 3D printing technology is being utilized to print over 700 architectural models every year around the world for projects such as office, leisure and sport, interiors, maritime, and [&hellip;]<\/p>\n","protected":false},"author":2,"featured_media":0,"parent":0,"menu_order":93,"comment_status":"closed","ping_status":"closed","template":"","meta":{"_acf_changed":false,"site-sidebar-layout":"no-sidebar","site-content-layout":"page-builder","ast-site-content-layout":"default","site-content-style":"default","site-sidebar-style":"default","ast-global-header-display":"","ast-banner-title-visibility":"","ast-main-header-display":"","ast-hfb-above-header-display":"","ast-hfb-below-header-display":"","ast-hfb-mobile-header-display":"","site-post-title":"disabled","ast-breadcrumbs-content":"","ast-featured-img":"disabled","footer-sml-layout":"","theme-transparent-header-meta":"","adv-header-id-meta":"","stick-header-meta":"","header-above-stick-meta":"","header-main-stick-meta":"","header-below-stick-meta":"","astra-migrate-meta-layouts":"default","ast-page-background-enabled":"default","ast-page-background-meta":{"desktop":{"background-color":"","background-image":"","background-repeat":"repeat","background-position":"center center","background-size":"auto","background-attachment":"scroll","background-type":"","background-media":"","overlay-type":"","overlay-color":"","overlay-opacity":"","overlay-gradient":""},"tablet":{"background-color":"","background-image":"","background-repeat":"repeat","background-position":"center center","background-size":"auto","background-attachment":"scroll","background-type":"","background-media":"","overlay-type":"","overlay-color":"","overlay-opacity":"","overlay-gradient":""},"mobile":{"background-color":"","background-image":"","background-repeat":"repeat","background-position":"center center","background-size":"auto","background-attachment":"scroll","background-type":"","background-media":"","overlay-type":"","overlay-color":"","overlay-opacity":"","overlay-gradient":""}},"ast-content-background-meta":{"desktop":{"background-color":"var(--ast-global-color-5)","background-image":"","background-repeat":"repeat","background-position":"center center","background-size":"auto","background-attachment":"scroll","background-type":"","background-media":"","overlay-type":"","overlay-color":"","overlay-opacity":"","overlay-gradient":""},"tablet":{"background-color":"var(--ast-global-color-5)","background-image":"","background-repeat":"repeat","background-position":"center center","background-size":"auto","background-attachment":"scroll","background-type":"","background-media":"","overlay-type":"","overlay-color":"","overlay-opacity":"","overlay-gradient":""},"mobile":{"background-color":"var(--ast-global-color-5)","background-image":"","background-repeat":"repeat","background-position":"center center","background-size":"auto","background-attachment":"scroll","background-type":"","background-media":"","overlay-type":"","overlay-color":"","overlay-opacity":"","overlay-gradient":""}},"footnotes":""},"class_list":["post-782","page","type-page","status-publish","hentry"],"acf":[],"yoast_head":"<!-- This site is optimized with the Yoast SEO plugin v27.5 - https:\/\/yoast.com\/product\/yoast-seo-wordpress\/ -->\n<title>3d printed architectural model procedure<\/title>\n<meta name=\"description\" content=\"3d printed architectural model procedure. RJ Models has been fortunate to have worked on numbers of architectural projects for you.\" \/>\n<meta name=\"robots\" content=\"index, follow, max-snippet:-1, max-image-preview:large, max-video-preview:-1\" \/>\n<link rel=\"canonical\" href=\"https:\/\/www.rjmodels.com.hk\/sv\/vanliga-fragor\/3d-utskriven-arkitektonisk-modellprocedur\/\" \/>\n<meta property=\"og:locale\" content=\"sv_SE\" \/>\n<meta property=\"og:type\" content=\"article\" \/>\n<meta property=\"og:title\" content=\"3d printed architectural model procedure\" \/>\n<meta property=\"og:description\" content=\"3d printed architectural model procedure. RJ Models has been fortunate to have worked on numbers of architectural projects for you.\" \/>\n<meta property=\"og:url\" content=\"https:\/\/www.rjmodels.com.hk\/sv\/vanliga-fragor\/3d-utskriven-arkitektonisk-modellprocedur\/\" \/>\n<meta property=\"og:site_name\" content=\"RJ Models\" \/>\n<meta property=\"article:publisher\" content=\"https:\/\/www.facebook.com\/rjmodelmaking\" \/>\n<meta property=\"article:modified_time\" content=\"2022-10-18T08:45:58+00:00\" \/>\n<meta property=\"og:image\" content=\"https:\/\/www.rjmodels.com.hk\/\/wp-content\/uploads\/2018\/03\/step1Image.jpg\" \/>\n<meta name=\"twitter:card\" content=\"summary_large_image\" \/>\n<meta name=\"twitter:label1\" content=\"Ber\u00e4knad l\u00e4stid\" \/>\n\t<meta name=\"twitter:data1\" content=\"4 minuter\" \/>\n<script type=\"application\/ld+json\" class=\"yoast-schema-graph\">{\"@context\":\"https:\\\/\\\/schema.org\",\"@graph\":[{\"@type\":\"WebPage\",\"@id\":\"https:\\\/\\\/www.rjmodels.com.hk\\\/faqs\\\/3d-printed-architectural-model-procedure\\\/\",\"url\":\"https:\\\/\\\/www.rjmodels.com.hk\\\/faqs\\\/3d-printed-architectural-model-procedure\\\/\",\"name\":\"3d printed architectural model procedure\",\"isPartOf\":{\"@id\":\"https:\\\/\\\/www.rjmodels.com.hk\\\/#website\"},\"primaryImageOfPage\":{\"@id\":\"https:\\\/\\\/www.rjmodels.com.hk\\\/faqs\\\/3d-printed-architectural-model-procedure\\\/#primaryimage\"},\"image\":{\"@id\":\"https:\\\/\\\/www.rjmodels.com.hk\\\/faqs\\\/3d-printed-architectural-model-procedure\\\/#primaryimage\"},\"thumbnailUrl\":\"https:\\\/\\\/www.rjmodels.com.hk\\\/wp-content\\\/uploads\\\/2018\\\/03\\\/step1Image.jpg\",\"datePublished\":\"2018-03-16T14:34:30+00:00\",\"dateModified\":\"2022-10-18T08:45:58+00:00\",\"description\":\"3d printed architectural model procedure. RJ Models has been fortunate to have worked on numbers of architectural projects for you.\",\"breadcrumb\":{\"@id\":\"https:\\\/\\\/www.rjmodels.com.hk\\\/faqs\\\/3d-printed-architectural-model-procedure\\\/#breadcrumb\"},\"inLanguage\":\"sv-SE\",\"potentialAction\":[{\"@type\":\"ReadAction\",\"target\":[\"https:\\\/\\\/www.rjmodels.com.hk\\\/faqs\\\/3d-printed-architectural-model-procedure\\\/\"]}]},{\"@type\":\"ImageObject\",\"inLanguage\":\"sv-SE\",\"@id\":\"https:\\\/\\\/www.rjmodels.com.hk\\\/faqs\\\/3d-printed-architectural-model-procedure\\\/#primaryimage\",\"url\":\"https:\\\/\\\/www.rjmodels.com.hk\\\/wp-content\\\/uploads\\\/2018\\\/03\\\/step1Image.jpg\",\"contentUrl\":\"https:\\\/\\\/www.rjmodels.com.hk\\\/wp-content\\\/uploads\\\/2018\\\/03\\\/step1Image.jpg\"},{\"@type\":\"BreadcrumbList\",\"@id\":\"https:\\\/\\\/www.rjmodels.com.hk\\\/faqs\\\/3d-printed-architectural-model-procedure\\\/#breadcrumb\",\"itemListElement\":[{\"@type\":\"ListItem\",\"position\":1,\"name\":\"Home\",\"item\":\"https:\\\/\\\/www.rjmodels.com.hk\\\/\"},{\"@type\":\"ListItem\",\"position\":2,\"name\":\"How RJ Models helps you make your design into 3D Printed Architectural Model\"}]},{\"@type\":\"WebSite\",\"@id\":\"https:\\\/\\\/www.rjmodels.com.hk\\\/#website\",\"url\":\"https:\\\/\\\/www.rjmodels.com.hk\\\/\",\"name\":\"RJ Models\",\"description\":\"\",\"publisher\":{\"@id\":\"https:\\\/\\\/www.rjmodels.com.hk\\\/#organization\"},\"potentialAction\":[{\"@type\":\"SearchAction\",\"target\":{\"@type\":\"EntryPoint\",\"urlTemplate\":\"https:\\\/\\\/www.rjmodels.com.hk\\\/?s={search_term_string}\"},\"query-input\":{\"@type\":\"PropertyValueSpecification\",\"valueRequired\":true,\"valueName\":\"search_term_string\"}}],\"inLanguage\":\"sv-SE\"},{\"@type\":\"Organization\",\"@id\":\"https:\\\/\\\/www.rjmodels.com.hk\\\/#organization\",\"name\":\"RJ Models\",\"url\":\"https:\\\/\\\/www.rjmodels.com.hk\\\/\",\"logo\":{\"@type\":\"ImageObject\",\"inLanguage\":\"sv-SE\",\"@id\":\"https:\\\/\\\/www.rjmodels.com.hk\\\/#\\\/schema\\\/logo\\\/image\\\/\",\"url\":\"https:\\\/\\\/www.rjmodels.com.hk\\\/wp-content\\\/uploads\\\/2021\\\/11\\\/cropped-logo-12.png\",\"contentUrl\":\"https:\\\/\\\/www.rjmodels.com.hk\\\/wp-content\\\/uploads\\\/2021\\\/11\\\/cropped-logo-12.png\",\"width\":681,\"height\":162,\"caption\":\"RJ Models\"},\"image\":{\"@id\":\"https:\\\/\\\/www.rjmodels.com.hk\\\/#\\\/schema\\\/logo\\\/image\\\/\"},\"sameAs\":[\"https:\\\/\\\/www.facebook.com\\\/rjmodelmaking\"]}]}<\/script>\n<!-- \/ Yoast SEO plugin. -->","yoast_head_json":{"title":"3D-utskriven arkitektonisk modellprocedur","description":"3D-utskriven arkitektonisk modellprocedur. RJ Models har haft turen att ha arbetat med ett antal arkitektoniska projekt \u00e5t dig.","robots":{"index":"index","follow":"follow","max-snippet":"max-snippet:-1","max-image-preview":"max-image-preview:large","max-video-preview":"max-video-preview:-1"},"canonical":"https:\/\/www.rjmodels.com.hk\/sv\/vanliga-fragor\/3d-utskriven-arkitektonisk-modellprocedur\/","og_locale":"sv_SE","og_type":"article","og_title":"3d printed architectural model procedure","og_description":"3d printed architectural model procedure. RJ Models has been fortunate to have worked on numbers of architectural projects for you.","og_url":"https:\/\/www.rjmodels.com.hk\/sv\/vanliga-fragor\/3d-utskriven-arkitektonisk-modellprocedur\/","og_site_name":"RJ Models","article_publisher":"https:\/\/www.facebook.com\/rjmodelmaking","article_modified_time":"2022-10-18T08:45:58+00:00","og_image":[{"url":"https:\/\/www.rjmodels.com.hk\/\/wp-content\/uploads\/2018\/03\/step1Image.jpg","type":"","width":"","height":""}],"twitter_card":"summary_large_image","twitter_misc":{"Ber\u00e4knad l\u00e4stid":"4 minuter"},"schema":{"@context":"https:\/\/schema.org","@graph":[{"@type":"WebPage","@id":"https:\/\/www.rjmodels.com.hk\/faqs\/3d-printed-architectural-model-procedure\/","url":"https:\/\/www.rjmodels.com.hk\/faqs\/3d-printed-architectural-model-procedure\/","name":"3D-utskriven arkitektonisk modellprocedur","isPartOf":{"@id":"https:\/\/www.rjmodels.com.hk\/#website"},"primaryImageOfPage":{"@id":"https:\/\/www.rjmodels.com.hk\/faqs\/3d-printed-architectural-model-procedure\/#primaryimage"},"image":{"@id":"https:\/\/www.rjmodels.com.hk\/faqs\/3d-printed-architectural-model-procedure\/#primaryimage"},"thumbnailUrl":"https:\/\/www.rjmodels.com.hk\/wp-content\/uploads\/2018\/03\/step1Image.jpg","datePublished":"2018-03-16T14:34:30+00:00","dateModified":"2022-10-18T08:45:58+00:00","description":"3D-utskriven arkitektonisk modellprocedur. RJ Models har haft turen att ha arbetat med ett antal arkitektoniska projekt \u00e5t dig.","breadcrumb":{"@id":"https:\/\/www.rjmodels.com.hk\/faqs\/3d-printed-architectural-model-procedure\/#breadcrumb"},"inLanguage":"sv-SE","potentialAction":[{"@type":"ReadAction","target":["https:\/\/www.rjmodels.com.hk\/faqs\/3d-printed-architectural-model-procedure\/"]}]},{"@type":"ImageObject","inLanguage":"sv-SE","@id":"https:\/\/www.rjmodels.com.hk\/faqs\/3d-printed-architectural-model-procedure\/#primaryimage","url":"https:\/\/www.rjmodels.com.hk\/wp-content\/uploads\/2018\/03\/step1Image.jpg","contentUrl":"https:\/\/www.rjmodels.com.hk\/wp-content\/uploads\/2018\/03\/step1Image.jpg"},{"@type":"BreadcrumbList","@id":"https:\/\/www.rjmodels.com.hk\/faqs\/3d-printed-architectural-model-procedure\/#breadcrumb","itemListElement":[{"@type":"ListItem","position":1,"name":"Home","item":"https:\/\/www.rjmodels.com.hk\/"},{"@type":"ListItem","position":2,"name":"How RJ Models helps you make your design into 3D Printed Architectural Model"}]},{"@type":"WebSite","@id":"https:\/\/www.rjmodels.com.hk\/#website","url":"https:\/\/www.rjmodels.com.hk\/","name":"RJ Models","description":"","publisher":{"@id":"https:\/\/www.rjmodels.com.hk\/#organization"},"potentialAction":[{"@type":"SearchAction","target":{"@type":"EntryPoint","urlTemplate":"https:\/\/www.rjmodels.com.hk\/?s={search_term_string}"},"query-input":{"@type":"PropertyValueSpecification","valueRequired":true,"valueName":"search_term_string"}}],"inLanguage":"sv-SE"},{"@type":"Organization","@id":"https:\/\/www.rjmodels.com.hk\/#organization","name":"RJ Models","url":"https:\/\/www.rjmodels.com.hk\/","logo":{"@type":"ImageObject","inLanguage":"sv-SE","@id":"https:\/\/www.rjmodels.com.hk\/#\/schema\/logo\/image\/","url":"https:\/\/www.rjmodels.com.hk\/wp-content\/uploads\/2021\/11\/cropped-logo-12.png","contentUrl":"https:\/\/www.rjmodels.com.hk\/wp-content\/uploads\/2021\/11\/cropped-logo-12.png","width":681,"height":162,"caption":"RJ Models"},"image":{"@id":"https:\/\/www.rjmodels.com.hk\/#\/schema\/logo\/image\/"},"sameAs":["https:\/\/www.facebook.com\/rjmodelmaking"]}]}},"_links":{"self":[{"href":"https:\/\/www.rjmodels.com.hk\/sv\/wp-json\/wp\/v2\/pages\/782","targetHints":{"allow":["GET"]}}],"collection":[{"href":"https:\/\/www.rjmodels.com.hk\/sv\/wp-json\/wp\/v2\/pages"}],"about":[{"href":"https:\/\/www.rjmodels.com.hk\/sv\/wp-json\/wp\/v2\/types\/page"}],"author":[{"embeddable":true,"href":"https:\/\/www.rjmodels.com.hk\/sv\/wp-json\/wp\/v2\/users\/2"}],"replies":[{"embeddable":true,"href":"https:\/\/www.rjmodels.com.hk\/sv\/wp-json\/wp\/v2\/comments?post=782"}],"version-history":[{"count":0,"href":"https:\/\/www.rjmodels.com.hk\/sv\/wp-json\/wp\/v2\/pages\/782\/revisions"}],"wp:attachment":[{"href":"https:\/\/www.rjmodels.com.hk\/sv\/wp-json\/wp\/v2\/media?parent=782"}],"curies":[{"name":"wp","href":"https:\/\/api.w.org\/{rel}","templated":true}]}}