{"id":521,"date":"2025-02-22T09:57:26","date_gmt":"2025-02-22T09:57:26","guid":{"rendered":"http:\/\/rj.digitalpixels.co\/?page_id=521"},"modified":"2026-03-18T09:34:33","modified_gmt":"2026-03-18T09:34:33","slug":"hur-man-gor-den-arkitektoniska-modellen","status":"publish","type":"page","link":"https:\/\/www.rjmodels.com.hk\/sv\/hur-man-gor-den-arkitektoniska-modellen\/","title":{"rendered":"F\u00f6rfarande"},"content":{"rendered":"<h2>\n\t\t5 steg att veta <br \/> How to Produce an Architectural Model Making\n\t<\/h2>\n\t<p>At RJ Models, we follow a streamlined 5-step process to ensure every <a href=\"https:\/\/www.rjmodels.com.hk\/sv\/guide-for-arkitektoniska-modeller\/\">arkitektonisk modell<\/a> meets professional standards.<\/p>\n<p>Our systematic approach covers everything from initial enquiry and data analysis to meticulous production and global installation.<\/p>\n<p>We specialize in transforming complex design schemes into high-quality physical models for architects and developers worldwide.<\/p>\n<h2>\n\t\tSteg 1. F\u00f6rfr\u00e5gan\n\t<\/h2>\n\t<p><b data-path-to-node=\"12,0,1,0\" data-index-in-node=\"1\">Firstly<\/b>, to provide an accurate quotation, we require specific project details.<\/p>\n<p>Please provide your model dimensions, preferred scale, and final design drawings in PDF, JPG or CAD format.<\/p>\n<p><b data-path-to-node=\"12,0,1,0\" data-index-in-node=\"184\">In addition<\/b>, sharing reference renderings helps our team understand your desired style and detail level.<\/p>\n<p>&nbsp;<\/p>\n\tN\u00e4r vi har f\u00e5tt ovanst\u00e5ende information kommer vi att f\u00f6rbereda ett skalmodelldiagram (se h\u00f6ger sida) f\u00f6r att erbjuda offerten inom 48 timmar.\n\t\t\t\t<img loading=\"lazy\" decoding=\"async\" src=\"https:\/\/www.rjmodels.com.hk\/wp-content\/uploads\/2022\/11\/Model-Diagram-3d-6_2-\u526f\u672c.png\" alt=\"Arkitektonisk modell att g\u00f6ra diagram 3D\" itemprop=\"image\" height=\"368\" width=\"589\" title=\"Arkitektonisk modell att g\u00f6ra diagram 3D\" onerror=\"this.style.display='none'\"  \/>\n<h2>\n\t\tStep 2. Receiving Project Information\n\t<\/h2>\n\t<p><b data-path-to-node=\"12,1,1,0\" data-index-in-node=\"1\">Once<\/b> the quotation is confirmed, we need the latest documents to begin production.<\/p>\n<p>This ensures our model makers follow your most recent design.<\/p>\n<p>We specifically require updated CAD master plans and detailed building elevations to maintain high precision.<\/p>\n<ul>\n<li>Uppdaterad \u00f6versiktsplan i CAD med m\u00e5tt och r\u00e4ckvidd, modellbegr\u00e4nsar \/gr\u00e4ns\/omfattning.<\/li>\n<\/ul>\n\t<h3>Bebyggelse:<\/h3>\n<ul>\n<li>Upph\u00f6jningar, plan och sektion av alla byggnader i CAD.(om n\u00e5gon).<\/li>\n<li>Rhino, Sketchup, 3D Max, 3D AutoCAD (om n\u00e5gon).<\/li>\n<li>Byggmaterialprov eller Panton (CU Matte)\/RAL F\u00e4rgkod.<\/li>\n<\/ul>\n<h3>Milj\u00f6:<\/h3>\n<ul>\n<li>Landskapsritning med niv\u00e5m\u00e4rkning.<\/li>\n<li>Landskapsritning med material och f\u00e4rg.<\/li>\n<li>Landskapsplan med tr\u00e4dplacering.<\/li>\n<li>3D-fil i Rhino, 3D Max, 3D AutoCAD, Sketch-up.<\/li>\n<li>Landskapsmaterialprov eller Panton (CU Matte)\/RAL F\u00e4rgkod.<\/li>\n<li>Renderingar f\u00f6r referens. (om n\u00e5gon)<\/li>\n<\/ul>\n\t<h3>F\u00e4rgschema:<\/h3>\n<ul>\n<li>V\u00e4lj den f\u00e4rgade transparenta glaskoden fr\u00e5n provet.<\/li>\n<li>V\u00e4lj den reflekterande glaskoden fr\u00e5n provet.<\/li>\n<li>V\u00e4lj gr\u00e4s-\/gr\u00e4skoden fr\u00e5n provet.<\/li>\n<\/ul>\n\tRJ Models kommer att kommunicera den arkitektoniska modelleffekten med kunderna och producera modeller strikt baserat p\u00e5 dina designritningar.\n\t\t\t\t<img loading=\"lazy\" decoding=\"async\" src=\"https:\/\/www.rjmodels.com.hk\/wp-content\/uploads\/2022\/11\/1081.jpg\" alt=\"Ritningar av modelltillverkning\" itemprop=\"image\" height=\"200\" width=\"592\" title=\"Ritningar av modelltillverkning\" onerror=\"this.style.display='none'\"  \/>\n<h2>\n\t\tSteg 3. F\u00f6rberedelse och bekr\u00e4ftelse av arkitektonisk modellprov\n\t<\/h2>\n\t<p>Before full-scale production, we create detailed samples to demonstrate the final display effect.<\/p>\n<p>This stage allows you to review structure details, color matches, and lighting textures firsthand.<\/p>\n<p>By confirming these samples, we ensure the final model aligns perfectly with your original design philosophy.<\/p>\n<h2>\n\t\tStep 4. Model Production and Progress Report\n\t<\/h2>\n\t<p>Once production begins, our team provides professional progress photos at regular intervals.<\/p>\n<p>This transparency allows you to track the model&#8217;s development and ensures we meet the expected completion time.<\/p>\n<p>Furthermore, we welcome on-site visits to our workshop, giving you the opportunity to inspect the craftsmanship in person.<\/p>\n<h2>\n\t\tSteg 5. Modelltransport och installation\n\t<\/h2>\n\t<p>Upon your final approval, we carefully pack and ship the miniature models to your designated global address.<\/p>\n<p>Our technicians manage the on-site installation and testing to guarantee the model functions perfectly.<\/p>\n<p>For frequent travelers, we also offer custom-designed flight cases to ensure maximum protection during transit.<\/p>\n\t<p>RJ Models har slutf\u00f6rt mer \u00e4n 10 000 byggnadsmodellprojekt och betrodda av de v\u00e4rldsber\u00f6mda arkitekturdesignf\u00f6retagen, fastigheter, utvecklare, regeringen och s\u00e5 vidare.<\/p>\n<p>Vi tillhandah\u00e5ller h\u00f6g produktivitet och h\u00f6gkvalitativa arkitektoniska modellproduktionstj\u00e4nster f\u00f6r dig att visa designid\u00e9, marknadsf\u00f6ra, s\u00e4lja och s\u00e5 vidare.<\/p>\n<p>&nbsp;<\/p>\n<h2>\n\t\tKontakta RJ Models s\u00e5 kan vi hj\u00e4lpa dig att expandera ditt f\u00f6retag. \n\t<\/h2>\n\t\n<div class=\"wpcf7 no-js\" id=\"wpcf7-f48034-o1\" lang=\"en-US\" dir=\"ltr\" data-wpcf7-id=\"48034\">\n<div class=\"screen-reader-response\"><p role=\"status\" aria-live=\"polite\" aria-atomic=\"true\"><\/p> <ul><\/ul><\/div>\n<form action=\"\/sv\/wp-json\/wp\/v2\/pages\/521#wpcf7-f48034-o1\" method=\"post\" class=\"wpcf7-form init\" aria-label=\"Kontaktformul\u00e4r\" novalidate=\"novalidate\" data-status=\"init\" data-trp-original-action=\"\/sv\/wp-json\/wp\/v2\/pages\/521#wpcf7-f48034-o1\">\n<fieldset class=\"hidden-fields-container\"><input type=\"hidden\" name=\"_wpcf7\" value=\"48034\" \/><input type=\"hidden\" name=\"_wpcf7_version\" value=\"6.1.5\" \/><input type=\"hidden\" name=\"_wpcf7_locale\" value=\"en_US\" \/><input type=\"hidden\" name=\"_wpcf7_unit_tag\" value=\"wpcf7-f48034-o1\" \/><input type=\"hidden\" name=\"_wpcf7_container_post\" value=\"0\" \/><input type=\"hidden\" name=\"_wpcf7_posted_data_hash\" value=\"\" \/>\n<\/fieldset>\n<div class=\"uabb-cf7-col-1\">\n\t<p><span class=\"wpcf7-form-control-wrap\" data-name=\"your-name\"><input size=\"40\" maxlength=\"400\" class=\"wpcf7-form-control wpcf7-text wpcf7-validates-as-required\" aria-required=\"true\" aria-invalid=\"false\" placeholder=\"Ditt namn\" value=\"\" type=\"text\" name=\"your-name\" \/><\/span>\n\t<\/p>\n<\/div>\n<div class=\"uabb-cf7-col-1\">\n\t<p><span class=\"wpcf7-form-control-wrap\" data-name=\"your-email\"><input size=\"40\" maxlength=\"400\" class=\"wpcf7-form-control wpcf7-email wpcf7-validates-as-required wpcf7-text wpcf7-validates-as-email\" aria-required=\"true\" aria-invalid=\"false\" placeholder=\"Din e-post*\" value=\"\" type=\"email\" name=\"your-email\" \/><\/span>\n\t<\/p>\n<\/div>\n<div class=\"uabb-cf7-col-1\">\n\t<p><span class=\"wpcf7-form-control-wrap\" data-name=\"your-company\"><input size=\"40\" maxlength=\"400\" class=\"wpcf7-form-control wpcf7-text\" aria-invalid=\"false\" placeholder=\"Ditt f\u00f6retagsnamn\" value=\"\" type=\"text\" name=\"your-company\" \/><\/span>\n\t<\/p>\n<\/div>\n<div class=\"uabb-cf7-col-1\">\n\t<p><span class=\"wpcf7-form-control-wrap\" data-name=\"purpose\"><input size=\"40\" maxlength=\"400\" class=\"wpcf7-form-control wpcf7-text\" aria-invalid=\"false\" placeholder=\"Syfte med modellen: (Marknadsf\u00f6ring, konkurrens, presentation)\" value=\"\" type=\"text\" name=\"purpose\" \/><\/span>\n\t<\/p>\n<\/div>\n<div class=\"uabb-cf7-col-1\">\n\t<p><span class=\"wpcf7-form-control-wrap\" data-name=\"size\"><input size=\"40\" maxlength=\"400\" class=\"wpcf7-form-control wpcf7-text\" aria-invalid=\"false\" placeholder=\"F\u00f6rv\u00e4ntad skala och storlek: (LxBxH)\" value=\"\" type=\"text\" name=\"size\" \/><\/span>\n\t<\/p>\n<\/div>\n<div class=\"uabb-cf7-col-1\">\n\t<p><span class=\"wpcf7-form-control-wrap\" data-name=\"date\"><input size=\"40\" maxlength=\"400\" class=\"wpcf7-form-control wpcf7-text\" aria-invalid=\"false\" placeholder=\"F\u00f6rv\u00e4ntat slutdatum\" value=\"\" type=\"text\" name=\"date\" \/><\/span>\n\t<\/p>\n<\/div>\n<div class=\"uabb-cf7-col-1\">\n\t<p><span class=\"wpcf7-form-control-wrap\" data-name=\"delivery\"><input size=\"40\" maxlength=\"400\" class=\"wpcf7-form-control wpcf7-text\" aria-invalid=\"false\" placeholder=\"Leverans- och installationsdestinationer: (stad, land)\" value=\"\" type=\"text\" name=\"delivery\" \/><\/span>\n\t<\/p>\n<\/div>\n<div class=\"uabb-cf7-col-1\">\n\t<p><span class=\"wpcf7-form-control-wrap\" data-name=\"expected-date\"><input size=\"40\" maxlength=\"400\" class=\"wpcf7-form-control wpcf7-text\" aria-invalid=\"false\" placeholder=\"F\u00f6rv\u00e4ntat datum f\u00f6r fabriksvisning: (m\u00e5nad, datum\/senare)\" value=\"\" type=\"text\" name=\"expected-date\" \/><\/span>\n\t<\/p>\n<\/div>\n<div class=\"uabb-cf7-col-1\">\n\t<p><span class=\"wpcf7-form-control-wrap\" data-name=\"your-message\"><textarea cols=\"60\" rows=\"3\" maxlength=\"2000\" class=\"wpcf7-form-control wpcf7-textarea wpcf7-validates-as-required\" aria-required=\"true\" aria-invalid=\"false\" placeholder=\"Ditt meddelande*\" name=\"your-message\"><\/textarea><\/span>\n\t<\/p>\n<\/div>\n<div class=\"uabb-cf7-col-1\">\n\t<p><span class=\"wpcf7-form-control-wrap\" data-name=\"upload-file-221\"><input size=\"40\" class=\"wpcf7-form-control wpcf7-drag-n-drop-file d-none\" aria-invalid=\"false\" type=\"file\" multiple=\"multiple\" data-name=\"upload-file-221\" data-type=\"jpg|jpeg|zip|png|gif|rar|pdf\" data-limit=\"104857600\" data-id=\"48034\" data-version=\"free version 1.3.9.6\" accept=\".jpg, .jpeg, .zip, .png, .gif, .rar, .pdf\" \/><\/span>(Skicka oss via Dropbox eller WeTransfer, eller v\u00e5r e-post: <a href=\"mailto:marketing@rjmodels.com.hk\">marketing@rjmodels.com.hk<\/a> om filerna \u00e4r st\u00f6rre \u00e4n 50 MB. )\n\t<\/p>\n<\/div>\n<div class=\"uabb-cf7-col-1\">\n\t<p><input class=\"wpcf7-form-control wpcf7-submit has-spinner cf7-submit\" type=\"submit\" value=\"GRATIS OFFERT\" \/>\n\t<\/p>\n<\/div>\n<p><script>\ndocument.addEventListener( 'wpcf7mailsent', function( event ) {\n location = '\/thank-you-rj-models\/';\n}, false );\n<\/script>\n<\/p>\n<style>\n.cf7-submit{display: grid;margin: auto;}\n<\/style><p style=\"display: none !important;\" class=\"akismet-fields-container\" data-prefix=\"_wpcf7_ak_\"><label>\u0394<textarea name=\"_wpcf7_ak_hp_textarea\" cols=\"45\" rows=\"8\" maxlength=\"100\"><\/textarea><\/label><input type=\"hidden\" id=\"ak_js_1\" name=\"_wpcf7_ak_js\" value=\"96\"\/><script>\ndocument.getElementById( \"ak_js_1\" ).setAttribute( \"value\", ( new Date() ).getTime() );\n<\/script>\n<\/p><div class=\"wpcf7-response-output\" aria-hidden=\"true\"><\/div>\n<input type=\"hidden\" name=\"trp-form-language\" value=\"sv\"\/><\/form>\n<\/div>\n\n\t<p>V\u00e5r vision \u00e4r att tillhandah\u00e5lla 3D-modeller av h\u00f6gsta kvalitet \u00f6verallt i v\u00e4rlden.<\/p>\n<p>Kontakta oss nu s\u00e5 svarar vi dig inom 24 timmar.<\/p>\n\t\t\t\t<img loading=\"lazy\" decoding=\"async\" src=\"https:\/\/www.rjmodels.com.hk\/wp-content\/uploads\/2022\/05\/350-600-2.jpg\" alt=\"Arkitektonisk modellbyggare\" itemprop=\"image\" height=\"600\" width=\"350\" title=\"Arkitektonisk modellbyggare\" onerror=\"this.style.display='none'\"  \/>","protected":false},"excerpt":{"rendered":"<p>5 Steps to know How to Produce an Architectural Model Making At RJ Models, we follow a streamlined 5-step process to ensure every architectural model meets professional standards. Our systematic approach covers everything from initial enquiry and data analysis to meticulous production and global installation. We specialize in transforming complex design schemes into high-quality physical [&hellip;]<\/p>\n","protected":false},"author":2,"featured_media":0,"parent":0,"menu_order":3,"comment_status":"closed","ping_status":"closed","template":"","meta":{"_acf_changed":false,"site-sidebar-layout":"no-sidebar","site-content-layout":"page-builder","ast-site-content-layout":"full-width-container","site-content-style":"unboxed","site-sidebar-style":"unboxed","ast-global-header-display":"","ast-banner-title-visibility":"","ast-main-header-display":"","ast-hfb-above-header-display":"","ast-hfb-below-header-display":"","ast-hfb-mobile-header-display":"","site-post-title":"disabled","ast-breadcrumbs-content":"","ast-featured-img":"disabled","footer-sml-layout":"","theme-transparent-header-meta":"default","adv-header-id-meta":"","stick-header-meta":"default","header-above-stick-meta":"","header-main-stick-meta":"","header-below-stick-meta":"","astra-migrate-meta-layouts":"set","ast-page-background-enabled":"default","ast-page-background-meta":{"desktop":{"background-color":"","background-image":"","background-repeat":"repeat","background-position":"center center","background-size":"auto","background-attachment":"scroll","background-type":"","background-media":"","overlay-type":"","overlay-color":"","overlay-opacity":"","overlay-gradient":""},"tablet":{"background-color":"","background-image":"","background-repeat":"repeat","background-position":"center center","background-size":"auto","background-attachment":"scroll","background-type":"","background-media":"","overlay-type":"","overlay-color":"","overlay-opacity":"","overlay-gradient":""},"mobile":{"background-color":"","background-image":"","background-repeat":"repeat","background-position":"center center","background-size":"auto","background-attachment":"scroll","background-type":"","background-media":"","overlay-type":"","overlay-color":"","overlay-opacity":"","overlay-gradient":""}},"ast-content-background-meta":{"desktop":{"background-color":"var(--ast-global-color-5)","background-image":"","background-repeat":"repeat","background-position":"center center","background-size":"auto","background-attachment":"scroll","background-type":"","background-media":"","overlay-type":"","overlay-color":"","overlay-opacity":"","overlay-gradient":""},"tablet":{"background-color":"var(--ast-global-color-5)","background-image":"","background-repeat":"repeat","background-position":"center center","background-size":"auto","background-attachment":"scroll","background-type":"","background-media":"","overlay-type":"","overlay-color":"","overlay-opacity":"","overlay-gradient":""},"mobile":{"background-color":"var(--ast-global-color-5)","background-image":"","background-repeat":"repeat","background-position":"center center","background-size":"auto","background-attachment":"scroll","background-type":"","background-media":"","overlay-type":"","overlay-color":"","overlay-opacity":"","overlay-gradient":""}},"footnotes":""},"class_list":["post-521","page","type-page","status-publish","hentry"],"acf":[],"yoast_head":"<!-- This site is optimized with the Yoast SEO plugin v27.5 - https:\/\/yoast.com\/product\/yoast-seo-wordpress\/ -->\n<title>How to Make Architectural Models | 5-Step Process | RJ Models<\/title>\n<meta name=\"description\" content=\"Learn how RJ Models creates world-class architectural models. Our 5-step process ensures precision from enquiry to global delivery.\" \/>\n<meta name=\"robots\" content=\"index, follow, max-snippet:-1, max-image-preview:large, max-video-preview:-1\" \/>\n<link rel=\"canonical\" href=\"https:\/\/www.rjmodels.com.hk\/sv\/hur-man-gor-den-arkitektoniska-modellen\/\" \/>\n<meta property=\"og:locale\" content=\"sv_SE\" \/>\n<meta property=\"og:type\" content=\"article\" \/>\n<meta property=\"og:title\" content=\"How to Make Architectural Models | 5-Step Process | RJ Models\" \/>\n<meta property=\"og:description\" content=\"Learn how RJ Models creates world-class architectural models. Our 5-step process ensures precision from enquiry to global delivery.\" \/>\n<meta property=\"og:url\" content=\"https:\/\/www.rjmodels.com.hk\/sv\/hur-man-gor-den-arkitektoniska-modellen\/\" \/>\n<meta property=\"og:site_name\" content=\"RJ Models\" \/>\n<meta property=\"article:publisher\" content=\"https:\/\/www.facebook.com\/rjmodelmaking\" \/>\n<meta property=\"article:modified_time\" content=\"2026-03-18T09:34:33+00:00\" \/>\n<meta property=\"og:image\" content=\"https:\/\/www.rjmodels.com.hk\/wp-content\/uploads\/2022\/11\/1081.jpg\" \/>\n<meta name=\"twitter:card\" content=\"summary_large_image\" \/>\n<meta name=\"twitter:label1\" content=\"Ber\u00e4knad l\u00e4stid\" \/>\n\t<meta name=\"twitter:data1\" content=\"5 minuter\" \/>\n<script type=\"application\/ld+json\" class=\"yoast-schema-graph\">{\"@context\":\"https:\\\/\\\/schema.org\",\"@graph\":[{\"@type\":\"WebPage\",\"@id\":\"https:\\\/\\\/www.rjmodels.com.hk\\\/how-to-make-the-architectural-model\\\/\",\"url\":\"https:\\\/\\\/www.rjmodels.com.hk\\\/how-to-make-the-architectural-model\\\/\",\"name\":\"How to Make Architectural Models | 5-Step Process | RJ Models\",\"isPartOf\":{\"@id\":\"https:\\\/\\\/www.rjmodels.com.hk\\\/#website\"},\"primaryImageOfPage\":{\"@id\":\"https:\\\/\\\/www.rjmodels.com.hk\\\/how-to-make-the-architectural-model\\\/#primaryimage\"},\"image\":{\"@id\":\"https:\\\/\\\/www.rjmodels.com.hk\\\/how-to-make-the-architectural-model\\\/#primaryimage\"},\"thumbnailUrl\":\"https:\\\/\\\/www.rjmodels.com.hk\\\/wp-content\\\/uploads\\\/2022\\\/11\\\/1081.jpg\",\"datePublished\":\"2025-02-22T09:57:26+00:00\",\"dateModified\":\"2026-03-18T09:34:33+00:00\",\"description\":\"Learn how RJ Models creates world-class architectural models. Our 5-step process ensures precision from enquiry to global delivery.\",\"breadcrumb\":{\"@id\":\"https:\\\/\\\/www.rjmodels.com.hk\\\/how-to-make-the-architectural-model\\\/#breadcrumb\"},\"inLanguage\":\"sv-SE\",\"potentialAction\":[{\"@type\":\"ReadAction\",\"target\":[\"https:\\\/\\\/www.rjmodels.com.hk\\\/how-to-make-the-architectural-model\\\/\"]}]},{\"@type\":\"ImageObject\",\"inLanguage\":\"sv-SE\",\"@id\":\"https:\\\/\\\/www.rjmodels.com.hk\\\/how-to-make-the-architectural-model\\\/#primaryimage\",\"url\":\"https:\\\/\\\/www.rjmodels.com.hk\\\/wp-content\\\/uploads\\\/2022\\\/11\\\/1081.jpg\",\"contentUrl\":\"https:\\\/\\\/www.rjmodels.com.hk\\\/wp-content\\\/uploads\\\/2022\\\/11\\\/1081.jpg\"},{\"@type\":\"BreadcrumbList\",\"@id\":\"https:\\\/\\\/www.rjmodels.com.hk\\\/how-to-make-the-architectural-model\\\/#breadcrumb\",\"itemListElement\":[{\"@type\":\"ListItem\",\"position\":1,\"name\":\"Home\",\"item\":\"https:\\\/\\\/www.rjmodels.com.hk\\\/\"},{\"@type\":\"ListItem\",\"position\":2,\"name\":\"Procedure\"}]},{\"@type\":\"WebSite\",\"@id\":\"https:\\\/\\\/www.rjmodels.com.hk\\\/#website\",\"url\":\"https:\\\/\\\/www.rjmodels.com.hk\\\/\",\"name\":\"RJ Models\",\"description\":\"\",\"publisher\":{\"@id\":\"https:\\\/\\\/www.rjmodels.com.hk\\\/#organization\"},\"potentialAction\":[{\"@type\":\"SearchAction\",\"target\":{\"@type\":\"EntryPoint\",\"urlTemplate\":\"https:\\\/\\\/www.rjmodels.com.hk\\\/?s={search_term_string}\"},\"query-input\":{\"@type\":\"PropertyValueSpecification\",\"valueRequired\":true,\"valueName\":\"search_term_string\"}}],\"inLanguage\":\"sv-SE\"},{\"@type\":\"Organization\",\"@id\":\"https:\\\/\\\/www.rjmodels.com.hk\\\/#organization\",\"name\":\"RJ Models\",\"url\":\"https:\\\/\\\/www.rjmodels.com.hk\\\/\",\"logo\":{\"@type\":\"ImageObject\",\"inLanguage\":\"sv-SE\",\"@id\":\"https:\\\/\\\/www.rjmodels.com.hk\\\/#\\\/schema\\\/logo\\\/image\\\/\",\"url\":\"https:\\\/\\\/www.rjmodels.com.hk\\\/wp-content\\\/uploads\\\/2021\\\/11\\\/cropped-logo-12.png\",\"contentUrl\":\"https:\\\/\\\/www.rjmodels.com.hk\\\/wp-content\\\/uploads\\\/2021\\\/11\\\/cropped-logo-12.png\",\"width\":681,\"height\":162,\"caption\":\"RJ Models\"},\"image\":{\"@id\":\"https:\\\/\\\/www.rjmodels.com.hk\\\/#\\\/schema\\\/logo\\\/image\\\/\"},\"sameAs\":[\"https:\\\/\\\/www.facebook.com\\\/rjmodelmaking\"]}]}<\/script>\n<!-- \/ Yoast SEO plugin. -->","yoast_head_json":{"title":"How to Make Architectural Models | 5-Step Process | RJ Models","description":"Learn how RJ Models creates world-class architectural models. Our 5-step process ensures precision from enquiry to global delivery.","robots":{"index":"index","follow":"follow","max-snippet":"max-snippet:-1","max-image-preview":"max-image-preview:large","max-video-preview":"max-video-preview:-1"},"canonical":"https:\/\/www.rjmodels.com.hk\/sv\/hur-man-gor-den-arkitektoniska-modellen\/","og_locale":"sv_SE","og_type":"article","og_title":"How to Make Architectural Models | 5-Step Process | RJ Models","og_description":"Learn how RJ Models creates world-class architectural models. Our 5-step process ensures precision from enquiry to global delivery.","og_url":"https:\/\/www.rjmodels.com.hk\/sv\/hur-man-gor-den-arkitektoniska-modellen\/","og_site_name":"RJ Models","article_publisher":"https:\/\/www.facebook.com\/rjmodelmaking","article_modified_time":"2026-03-18T09:34:33+00:00","og_image":[{"url":"https:\/\/www.rjmodels.com.hk\/wp-content\/uploads\/2022\/11\/1081.jpg","type":"","width":"","height":""}],"twitter_card":"summary_large_image","twitter_misc":{"Ber\u00e4knad l\u00e4stid":"5 minuter"},"schema":{"@context":"https:\/\/schema.org","@graph":[{"@type":"WebPage","@id":"https:\/\/www.rjmodels.com.hk\/how-to-make-the-architectural-model\/","url":"https:\/\/www.rjmodels.com.hk\/how-to-make-the-architectural-model\/","name":"How to Make Architectural Models | 5-Step Process | RJ Models","isPartOf":{"@id":"https:\/\/www.rjmodels.com.hk\/#website"},"primaryImageOfPage":{"@id":"https:\/\/www.rjmodels.com.hk\/how-to-make-the-architectural-model\/#primaryimage"},"image":{"@id":"https:\/\/www.rjmodels.com.hk\/how-to-make-the-architectural-model\/#primaryimage"},"thumbnailUrl":"https:\/\/www.rjmodels.com.hk\/wp-content\/uploads\/2022\/11\/1081.jpg","datePublished":"2025-02-22T09:57:26+00:00","dateModified":"2026-03-18T09:34:33+00:00","description":"Learn how RJ Models creates world-class architectural models. Our 5-step process ensures precision from enquiry to global delivery.","breadcrumb":{"@id":"https:\/\/www.rjmodels.com.hk\/how-to-make-the-architectural-model\/#breadcrumb"},"inLanguage":"sv-SE","potentialAction":[{"@type":"ReadAction","target":["https:\/\/www.rjmodels.com.hk\/how-to-make-the-architectural-model\/"]}]},{"@type":"ImageObject","inLanguage":"sv-SE","@id":"https:\/\/www.rjmodels.com.hk\/how-to-make-the-architectural-model\/#primaryimage","url":"https:\/\/www.rjmodels.com.hk\/wp-content\/uploads\/2022\/11\/1081.jpg","contentUrl":"https:\/\/www.rjmodels.com.hk\/wp-content\/uploads\/2022\/11\/1081.jpg"},{"@type":"BreadcrumbList","@id":"https:\/\/www.rjmodels.com.hk\/how-to-make-the-architectural-model\/#breadcrumb","itemListElement":[{"@type":"ListItem","position":1,"name":"Home","item":"https:\/\/www.rjmodels.com.hk\/"},{"@type":"ListItem","position":2,"name":"Procedure"}]},{"@type":"WebSite","@id":"https:\/\/www.rjmodels.com.hk\/#website","url":"https:\/\/www.rjmodels.com.hk\/","name":"RJ Models","description":"","publisher":{"@id":"https:\/\/www.rjmodels.com.hk\/#organization"},"potentialAction":[{"@type":"SearchAction","target":{"@type":"EntryPoint","urlTemplate":"https:\/\/www.rjmodels.com.hk\/?s={search_term_string}"},"query-input":{"@type":"PropertyValueSpecification","valueRequired":true,"valueName":"search_term_string"}}],"inLanguage":"sv-SE"},{"@type":"Organization","@id":"https:\/\/www.rjmodels.com.hk\/#organization","name":"RJ Models","url":"https:\/\/www.rjmodels.com.hk\/","logo":{"@type":"ImageObject","inLanguage":"sv-SE","@id":"https:\/\/www.rjmodels.com.hk\/#\/schema\/logo\/image\/","url":"https:\/\/www.rjmodels.com.hk\/wp-content\/uploads\/2021\/11\/cropped-logo-12.png","contentUrl":"https:\/\/www.rjmodels.com.hk\/wp-content\/uploads\/2021\/11\/cropped-logo-12.png","width":681,"height":162,"caption":"RJ Models"},"image":{"@id":"https:\/\/www.rjmodels.com.hk\/#\/schema\/logo\/image\/"},"sameAs":["https:\/\/www.facebook.com\/rjmodelmaking"]}]}},"_links":{"self":[{"href":"https:\/\/www.rjmodels.com.hk\/sv\/wp-json\/wp\/v2\/pages\/521","targetHints":{"allow":["GET"]}}],"collection":[{"href":"https:\/\/www.rjmodels.com.hk\/sv\/wp-json\/wp\/v2\/pages"}],"about":[{"href":"https:\/\/www.rjmodels.com.hk\/sv\/wp-json\/wp\/v2\/types\/page"}],"author":[{"embeddable":true,"href":"https:\/\/www.rjmodels.com.hk\/sv\/wp-json\/wp\/v2\/users\/2"}],"replies":[{"embeddable":true,"href":"https:\/\/www.rjmodels.com.hk\/sv\/wp-json\/wp\/v2\/comments?post=521"}],"version-history":[{"count":6,"href":"https:\/\/www.rjmodels.com.hk\/sv\/wp-json\/wp\/v2\/pages\/521\/revisions"}],"predecessor-version":[{"id":77796,"href":"https:\/\/www.rjmodels.com.hk\/sv\/wp-json\/wp\/v2\/pages\/521\/revisions\/77796"}],"wp:attachment":[{"href":"https:\/\/www.rjmodels.com.hk\/sv\/wp-json\/wp\/v2\/media?parent=521"}],"curies":[{"name":"wp","href":"https:\/\/api.w.org\/{rel}","templated":true}]}}