{"id":19,"date":"2018-01-07T07:46:06","date_gmt":"2018-01-07T07:46:06","guid":{"rendered":"http:\/\/rj.digitalpixels.co\/?page_id=19"},"modified":"2026-04-20T02:08:55","modified_gmt":"2026-04-20T02:08:55","slug":"om","status":"publish","type":"page","link":"https:\/\/www.rjmodels.com.hk\/sv\/om\/","title":{"rendered":"Om"},"content":{"rendered":"<h2>\n\t\tLedande <br \/>MODELLTILLVERKANDE F\u00d6RETAG <br \/>3 decennier av h\u00e4ngivenhet\n\t<\/h2>\n<h2>\n\t\tLeader In World Class Architectural Model Making\n\t<\/h2>\n<p>RJ Models is the world&#8217;s largest model making company. We are industry specialists with a global reputation for excellence in architectural model building.<\/p>\n<p>We create over 700 <a href=\"https:\/\/www.rjmodels.com.hk\/sv\/guide-for-arkitektoniska-modeller\/\">arkitektoniska modeller<\/a> every year. Our team maintains a consistent standard of high-quality scale models for every client.<\/p>\n<p>V\u00e5ra prioriteringar inkluderar att distribuera v\u00e5ra installationer exklusivt och \u00f6ver hela v\u00e4rlden, som t.ex\u00a0<a href=\"\/sv\/arkitektoniska-modelltillverkare-i-usa\/\">USA<\/a>,\u00a0<a href=\"https:\/\/www.rjmodels.com.hk\/sv\/arkitektoniska-modelltillverkare-i-storbritannien\/\">Storbritannien<\/a>,\u00a0<a href=\"https:\/\/www.rjmodels.com.hk\/sv\/arkitektoniska-modelltillverkare-i-japan\/\">Japan<\/a>.<\/p>\n<p>RJ Models arbetar n\u00e4ra alla v\u00e5ra kunder f\u00f6r att uppn\u00e5 b\u00e4sta m\u00f6jliga kvalitetsvisning och presentation f\u00f6r alla typer av modeller.<\/p>\n  <ul>\n    <li>\n      <a href=\"https:\/\/www.rjmodels.com.hk\/sv\/oversiktsplaner\/\">Masterplaneringsmodeller<\/a>\n    <\/li>\n    <li>\n      <a href=\"https:\/\/www.rjmodels.com.hk\/sv\/office-building-model\/\">Kontorsbyggnadsmodeller<\/a>\n    <\/li>\n    <li>\n      <a href=\"https:\/\/www.rjmodels.com.hk\/sv\/flygplatsmodell\/\">Flygplatsmodeller<\/a>\n    <\/li>\n    <li>\n      <a href=\"https:\/\/www.rjmodels.com.hk\/sv\/hotellmodell\/\">Hotellmodeller<\/a>\n    <\/li>\n    <li>\n      <a href=\"https:\/\/www.rjmodels.com.hk\/sv\/stadionmodell\/\">Stadion modeller<\/a>\n    <\/li>\n    <li>\n      <a href=\"https:\/\/www.rjmodels.com.hk\/sv\/kopcentrum-modeller\/\">K\u00f6pcentrum modeller<\/a>\n    <\/li>\n    <li>\n      <a href=\"https:\/\/www.rjmodels.com.hk\/sv\/interior-modell\/\">Inredningsmodeller<\/a>\n    <\/li>\n    <li>\n      <a href=\"https:\/\/www.rjmodels.com.hk\/sv\/villamodell\/\">Villamodeller<\/a>\n    <\/li>\n  <\/ul>\n  <ul>\n    <li>\n      <a href=\"https:\/\/www.rjmodels.com.hk\/sv\/museimodell\/\">Museimodeller<\/a>\n    <\/li>\n    <li>\n      <a href=\"https:\/\/www.rjmodels.com.hk\/sv\/nojesparksmodell\/\">Temaparksmodeller<\/a>\n    <\/li>\n    <li>\n      <a href=\"https:\/\/www.rjmodels.com.hk\/sv\/landskapsmodell\/\">Landskapsmodeller<\/a>\n    <\/li>\n    <li>\n      <a href=\"https:\/\/www.rjmodels.com.hk\/sv\/industriell-modell\/\">Industriella modeller<\/a>\n    <\/li>\n    <li>\n      <a href=\"https:\/\/www.rjmodels.com.hk\/sv\/bro-modell\/\">Bromodeller<\/a>\n    <\/li>\n    <li>\n      <a href=\"https:\/\/www.rjmodels.com.hk\/sv\/varvsmodell\/\">Varvsmodeller<\/a>\n    <\/li>\n    <li>\n      <a href=\"https:\/\/www.rjmodels.com.hk\/sv\/Cruise+Terminal+Model\/\">Portmodeller<\/a>\n    <\/li>\n    <li>\n      <a href=\"https:\/\/www.rjmodels.com.hk\/sv\/moskemodeller\/\">Mosk\u00e9modeller<\/a>\n    <\/li>\n  <\/ul>\n  <ul>\n    <li>\n      <a href=\"https:\/\/www.rjmodels.com.hk\/sv\/bostadshusmodeller\/\">Bostadsbyggnadsmodeller<\/a>\n    <\/li>\n    <li>\n      <a href=\"https:\/\/www.rjmodels.com.hk\/sv\/skolans-arkitektoniska-modell\/\">Skolmodeller<\/a>\n    <\/li>\n    <li>\n      <a href=\"https:\/\/www.rjmodels.com.hk\/sv\/fasad-arkitektonisk-modell\/\">Fasadmodeller<\/a>\n    <\/li>\n    <li>\n      <a href=\"https:\/\/www.rjmodels.com.hk\/sv\/sektion-arkitektonisk-modell\/\">Sektionsmodeller<\/a>\n    <\/li>\n    <li>\n      <a href=\"https:\/\/www.rjmodels.com.hk\/sv\/sjukhusmodell\/\">Sjukhusmodeller<\/a>\n    <\/li>\n    <li>\n      <a href=\"https:\/\/www.rjmodels.com.hk\/sv\/white-architectural-model\/\">Vita arkitektoniska modeller<\/a>\n    <\/li>\n    <li>\n      <a href=\"https:\/\/www.rjmodels.com.hk\/sv\/arkitektonisk-modell-av-tra\/\">Arkitektoniska modeller av tr\u00e4<\/a>\n    <\/li>\n    <li>\n      <a href=\"https:\/\/www.rjmodels.com.hk\/sv\/3d-utskriven-arkitektonisk-modelltjanst\/\">3D-tryckta arkitektoniska modeller<\/a>\n    <\/li>\n  <\/ul>\n<h2>\n\t\tOur Global Reach and Capacity\n\t<\/h2>\n\t\t\t<h3>9999+ Projects<\/h3>\t\t\t\n\t\t\t\t<p>Med \u00f6ver 700 modeller som skapas varje \u00e5r, trivs vi med att uppr\u00e4tth\u00e5lla konsekvens n\u00e4r det g\u00e4ller att leverera h\u00f6gkvalitativa arkitektoniska modeller.<\/p>\n\t\t\t<h3>31\u00a0Years of Experience<\/h3>\t\t\t\n\t\t\t\t<p>RJ Models \u00e4r ett v\u00e4rldsk\u00e4nt f\u00f6retag som tillverkar fartygsmodeller p\u00e5 A-listan, grundat 1995.<\/p>\n\t\t\t<h3>765 staber<\/h3>\t\t\t\n\t\t\t\t<p>V\u00e5ra arkitektoniska modelltillverkare har bred erfarenhet, med ett gott rykte f\u00f6r att vara specialister inom v\u00e5r bransch.<\/p>\n\t\t\t<h3>98 l\u00e4nder<\/h3>\t\t\t\n\t\t\t\t<p>RJ Models har ett omfattande team av sj\u00f6fartsproffs p\u00e5 plats som anv\u00e4nds f\u00f6r att m\u00f6ta de sn\u00e4sta deadlines.<\/p>\n<h2>\n\t\tKontakta RJ Models s\u00e5 kan vi hj\u00e4lpa dig att expandera ditt f\u00f6retag. \n\t<\/h2>\n\t\n<div class=\"wpcf7 no-js\" id=\"wpcf7-f48034-o1\" lang=\"en-US\" dir=\"ltr\" data-wpcf7-id=\"48034\">\n<div class=\"screen-reader-response\"><p role=\"status\" aria-live=\"polite\" aria-atomic=\"true\"><\/p> <ul><\/ul><\/div>\n<form action=\"\/sv\/wp-json\/wp\/v2\/pages\/19#wpcf7-f48034-o1\" method=\"post\" class=\"wpcf7-form init\" aria-label=\"Kontaktformul\u00e4r\" novalidate=\"novalidate\" data-status=\"init\" data-trp-original-action=\"\/sv\/wp-json\/wp\/v2\/pages\/19#wpcf7-f48034-o1\">\n<fieldset class=\"hidden-fields-container\"><input type=\"hidden\" name=\"_wpcf7\" value=\"48034\" \/><input type=\"hidden\" name=\"_wpcf7_version\" value=\"6.1.5\" \/><input type=\"hidden\" name=\"_wpcf7_locale\" value=\"en_US\" \/><input type=\"hidden\" name=\"_wpcf7_unit_tag\" value=\"wpcf7-f48034-o1\" \/><input type=\"hidden\" name=\"_wpcf7_container_post\" value=\"0\" \/><input type=\"hidden\" name=\"_wpcf7_posted_data_hash\" value=\"\" \/>\n<\/fieldset>\n<div class=\"uabb-cf7-col-1\">\n\t<p><span class=\"wpcf7-form-control-wrap\" data-name=\"your-name\"><input size=\"40\" maxlength=\"400\" class=\"wpcf7-form-control wpcf7-text wpcf7-validates-as-required\" aria-required=\"true\" aria-invalid=\"false\" placeholder=\"Ditt namn\" value=\"\" type=\"text\" name=\"your-name\" \/><\/span>\n\t<\/p>\n<\/div>\n<div class=\"uabb-cf7-col-1\">\n\t<p><span class=\"wpcf7-form-control-wrap\" data-name=\"your-email\"><input size=\"40\" maxlength=\"400\" class=\"wpcf7-form-control wpcf7-email wpcf7-validates-as-required wpcf7-text wpcf7-validates-as-email\" aria-required=\"true\" aria-invalid=\"false\" placeholder=\"Din e-post*\" value=\"\" type=\"email\" name=\"your-email\" \/><\/span>\n\t<\/p>\n<\/div>\n<div class=\"uabb-cf7-col-1\">\n\t<p><span class=\"wpcf7-form-control-wrap\" data-name=\"your-company\"><input size=\"40\" maxlength=\"400\" class=\"wpcf7-form-control wpcf7-text\" aria-invalid=\"false\" placeholder=\"Ditt f\u00f6retagsnamn\" value=\"\" type=\"text\" name=\"your-company\" \/><\/span>\n\t<\/p>\n<\/div>\n<div class=\"uabb-cf7-col-1\">\n\t<p><span class=\"wpcf7-form-control-wrap\" data-name=\"purpose\"><input size=\"40\" maxlength=\"400\" class=\"wpcf7-form-control wpcf7-text\" aria-invalid=\"false\" placeholder=\"Syfte med modellen: (Marknadsf\u00f6ring, konkurrens, presentation)\" value=\"\" type=\"text\" name=\"purpose\" \/><\/span>\n\t<\/p>\n<\/div>\n<div class=\"uabb-cf7-col-1\">\n\t<p><span class=\"wpcf7-form-control-wrap\" data-name=\"size\"><input size=\"40\" maxlength=\"400\" class=\"wpcf7-form-control wpcf7-text\" aria-invalid=\"false\" placeholder=\"F\u00f6rv\u00e4ntad skala och storlek: (LxBxH)\" value=\"\" type=\"text\" name=\"size\" \/><\/span>\n\t<\/p>\n<\/div>\n<div class=\"uabb-cf7-col-1\">\n\t<p><span class=\"wpcf7-form-control-wrap\" data-name=\"date\"><input size=\"40\" maxlength=\"400\" class=\"wpcf7-form-control wpcf7-text\" aria-invalid=\"false\" placeholder=\"F\u00f6rv\u00e4ntat slutdatum\" value=\"\" type=\"text\" name=\"date\" \/><\/span>\n\t<\/p>\n<\/div>\n<div class=\"uabb-cf7-col-1\">\n\t<p><span class=\"wpcf7-form-control-wrap\" data-name=\"delivery\"><input size=\"40\" maxlength=\"400\" class=\"wpcf7-form-control wpcf7-text\" aria-invalid=\"false\" placeholder=\"Leverans- och installationsdestinationer: (stad, land)\" value=\"\" type=\"text\" name=\"delivery\" \/><\/span>\n\t<\/p>\n<\/div>\n<div class=\"uabb-cf7-col-1\">\n\t<p><span class=\"wpcf7-form-control-wrap\" data-name=\"expected-date\"><input size=\"40\" maxlength=\"400\" class=\"wpcf7-form-control wpcf7-text\" aria-invalid=\"false\" placeholder=\"F\u00f6rv\u00e4ntat datum f\u00f6r fabriksvisning: (m\u00e5nad, datum\/senare)\" value=\"\" type=\"text\" name=\"expected-date\" \/><\/span>\n\t<\/p>\n<\/div>\n<div class=\"uabb-cf7-col-1\">\n\t<p><span class=\"wpcf7-form-control-wrap\" data-name=\"your-message\"><textarea cols=\"60\" rows=\"3\" maxlength=\"2000\" class=\"wpcf7-form-control wpcf7-textarea wpcf7-validates-as-required\" aria-required=\"true\" aria-invalid=\"false\" placeholder=\"Ditt meddelande*\" name=\"your-message\"><\/textarea><\/span>\n\t<\/p>\n<\/div>\n<div class=\"uabb-cf7-col-1\">\n\t<p><span class=\"wpcf7-form-control-wrap\" data-name=\"upload-file-221\"><input size=\"40\" class=\"wpcf7-form-control wpcf7-drag-n-drop-file d-none\" aria-invalid=\"false\" type=\"file\" multiple=\"multiple\" data-name=\"upload-file-221\" data-type=\"jpg|jpeg|zip|png|gif|rar|pdf\" data-limit=\"104857600\" data-id=\"48034\" data-version=\"free version 1.3.9.6\" accept=\".jpg, .jpeg, .zip, .png, .gif, .rar, .pdf\" \/><\/span>(Skicka oss via Dropbox eller WeTransfer, eller v\u00e5r e-post: <a href=\"mailto:marketing@rjmodels.com.hk\">marketing@rjmodels.com.hk<\/a> om filerna \u00e4r st\u00f6rre \u00e4n 50 MB. )\n\t<\/p>\n<\/div>\n<div class=\"uabb-cf7-col-1\">\n\t<p><input class=\"wpcf7-form-control wpcf7-submit has-spinner cf7-submit\" type=\"submit\" value=\"GRATIS OFFERT\" \/>\n\t<\/p>\n<\/div>\n<p><script>\ndocument.addEventListener( 'wpcf7mailsent', function( event ) {\n location = '\/thank-you-rj-models\/';\n}, false );\n<\/script>\n<\/p>\n<style>\n.cf7-submit{display: grid;margin: auto;}\n<\/style><p style=\"display: none !important;\" class=\"akismet-fields-container\" data-prefix=\"_wpcf7_ak_\"><label>\u0394<textarea name=\"_wpcf7_ak_hp_textarea\" cols=\"45\" rows=\"8\" maxlength=\"100\"><\/textarea><\/label><input type=\"hidden\" id=\"ak_js_1\" name=\"_wpcf7_ak_js\" value=\"23\"\/><script>\ndocument.getElementById( \"ak_js_1\" ).setAttribute( \"value\", ( new Date() ).getTime() );\n<\/script>\n<\/p><div class=\"wpcf7-response-output\" aria-hidden=\"true\"><\/div>\n<input type=\"hidden\" name=\"trp-form-language\" value=\"sv\"\/><\/form>\n<\/div>\n\n\t<p>V\u00e5r vision \u00e4r att tillhandah\u00e5lla 3D-modeller av h\u00f6gsta kvalitet \u00f6verallt i v\u00e4rlden.<\/p>\n<p>Kontakta oss nu s\u00e5 svarar vi dig inom 24 timmar.<\/p>\n\t\t\t\t<img loading=\"lazy\" decoding=\"async\" src=\"https:\/\/www.rjmodels.com.hk\/wp-content\/uploads\/2022\/05\/350-600-2.jpg\" alt=\"Arkitektonisk modellbyggare\" itemprop=\"image\" height=\"600\" width=\"350\" title=\"Arkitektonisk modellbyggare\" onerror=\"this.style.display='none'\"  \/>","protected":false},"excerpt":{"rendered":"<p>Leading MODEL MAKING COMPANY 3 Decades of Dedication Leader In World Class Architectural Model Making RJ Models is the world&#8217;s largest model making company. We are industry specialists with a global reputation for excellence in architectural model building. We create over 700 architectural models every year. Our team maintains a consistent standard of high-quality scale [&hellip;]<\/p>\n","protected":false},"author":2,"featured_media":0,"parent":0,"menu_order":119,"comment_status":"closed","ping_status":"closed","template":"","meta":{"_acf_changed":false,"site-sidebar-layout":"no-sidebar","site-content-layout":"page-builder","ast-site-content-layout":"full-width-container","site-content-style":"unboxed","site-sidebar-style":"unboxed","ast-global-header-display":"","ast-banner-title-visibility":"","ast-main-header-display":"","ast-hfb-above-header-display":"","ast-hfb-below-header-display":"","ast-hfb-mobile-header-display":"","site-post-title":"disabled","ast-breadcrumbs-content":"","ast-featured-img":"disabled","footer-sml-layout":"","theme-transparent-header-meta":"default","adv-header-id-meta":"","stick-header-meta":"default","header-above-stick-meta":"","header-main-stick-meta":"","header-below-stick-meta":"","astra-migrate-meta-layouts":"set","ast-page-background-enabled":"default","ast-page-background-meta":{"desktop":{"background-color":"","background-image":"","background-repeat":"repeat","background-position":"center center","background-size":"auto","background-attachment":"scroll","background-type":"","background-media":"","overlay-type":"","overlay-color":"","overlay-opacity":"","overlay-gradient":""},"tablet":{"background-color":"","background-image":"","background-repeat":"repeat","background-position":"center center","background-size":"auto","background-attachment":"scroll","background-type":"","background-media":"","overlay-type":"","overlay-color":"","overlay-opacity":"","overlay-gradient":""},"mobile":{"background-color":"","background-image":"","background-repeat":"repeat","background-position":"center center","background-size":"auto","background-attachment":"scroll","background-type":"","background-media":"","overlay-type":"","overlay-color":"","overlay-opacity":"","overlay-gradient":""}},"ast-content-background-meta":{"desktop":{"background-color":"var(--ast-global-color-5)","background-image":"","background-repeat":"repeat","background-position":"center center","background-size":"auto","background-attachment":"scroll","background-type":"","background-media":"","overlay-type":"","overlay-color":"","overlay-opacity":"","overlay-gradient":""},"tablet":{"background-color":"var(--ast-global-color-5)","background-image":"","background-repeat":"repeat","background-position":"center center","background-size":"auto","background-attachment":"scroll","background-type":"","background-media":"","overlay-type":"","overlay-color":"","overlay-opacity":"","overlay-gradient":""},"mobile":{"background-color":"var(--ast-global-color-5)","background-image":"","background-repeat":"repeat","background-position":"center center","background-size":"auto","background-attachment":"scroll","background-type":"","background-media":"","overlay-type":"","overlay-color":"","overlay-opacity":"","overlay-gradient":""}},"footnotes":""},"class_list":["post-19","page","type-page","status-publish","hentry"],"acf":[],"yoast_head":"<!-- This site is optimized with the Yoast SEO plugin v27.5 - https:\/\/yoast.com\/product\/yoast-seo-wordpress\/ -->\n<title>About RJ Models | World&#039;s Largest Model Making Company<\/title>\n<meta name=\"description\" content=\"RJ Models is the world&#039;s largest architectural model maker. With 30 years of experience, we deliver 700+ scale models annually.\" \/>\n<meta name=\"robots\" content=\"index, follow, max-snippet:-1, max-image-preview:large, max-video-preview:-1\" \/>\n<link rel=\"canonical\" href=\"https:\/\/www.rjmodels.com.hk\/sv\/om\/\" \/>\n<meta property=\"og:locale\" content=\"sv_SE\" \/>\n<meta property=\"og:type\" content=\"article\" \/>\n<meta property=\"og:title\" content=\"About RJ Models | World&#039;s Largest Model Making Company\" \/>\n<meta property=\"og:description\" content=\"RJ Models is the world&#039;s largest architectural model maker. With 30 years of experience, we deliver 700+ scale models annually.\" \/>\n<meta property=\"og:url\" content=\"https:\/\/www.rjmodels.com.hk\/sv\/om\/\" \/>\n<meta property=\"og:site_name\" content=\"RJ Models\" \/>\n<meta property=\"article:publisher\" content=\"https:\/\/www.facebook.com\/rjmodelmaking\" \/>\n<meta property=\"article:modified_time\" content=\"2026-04-20T02:08:55+00:00\" \/>\n<meta property=\"og:image\" content=\"https:\/\/www.rjmodels.com.hk\/wp-content\/uploads\/2022\/05\/350-600-2.jpg\" \/>\n<meta name=\"twitter:card\" content=\"summary_large_image\" \/>\n<meta name=\"twitter:label1\" content=\"Ber\u00e4knad l\u00e4stid\" \/>\n\t<meta name=\"twitter:data1\" content=\"5 minuter\" \/>\n<script type=\"application\/ld+json\" class=\"yoast-schema-graph\">{\"@context\":\"https:\\\/\\\/schema.org\",\"@graph\":[{\"@type\":\"WebPage\",\"@id\":\"https:\\\/\\\/www.rjmodels.com.hk\\\/about\\\/\",\"url\":\"https:\\\/\\\/www.rjmodels.com.hk\\\/about\\\/\",\"name\":\"About RJ Models | World's Largest Model Making Company\",\"isPartOf\":{\"@id\":\"https:\\\/\\\/www.rjmodels.com.hk\\\/#website\"},\"primaryImageOfPage\":{\"@id\":\"https:\\\/\\\/www.rjmodels.com.hk\\\/about\\\/#primaryimage\"},\"image\":{\"@id\":\"https:\\\/\\\/www.rjmodels.com.hk\\\/about\\\/#primaryimage\"},\"thumbnailUrl\":\"https:\\\/\\\/www.rjmodels.com.hk\\\/wp-content\\\/uploads\\\/2022\\\/05\\\/350-600-2.jpg\",\"datePublished\":\"2018-01-07T07:46:06+00:00\",\"dateModified\":\"2026-04-20T02:08:55+00:00\",\"description\":\"RJ Models is the world's largest architectural model maker. With 30 years of experience, we deliver 700+ scale models annually.\",\"breadcrumb\":{\"@id\":\"https:\\\/\\\/www.rjmodels.com.hk\\\/about\\\/#breadcrumb\"},\"inLanguage\":\"sv-SE\",\"potentialAction\":[{\"@type\":\"ReadAction\",\"target\":[\"https:\\\/\\\/www.rjmodels.com.hk\\\/about\\\/\"]}]},{\"@type\":\"ImageObject\",\"inLanguage\":\"sv-SE\",\"@id\":\"https:\\\/\\\/www.rjmodels.com.hk\\\/about\\\/#primaryimage\",\"url\":\"https:\\\/\\\/www.rjmodels.com.hk\\\/wp-content\\\/uploads\\\/2022\\\/05\\\/350-600-2.jpg\",\"contentUrl\":\"https:\\\/\\\/www.rjmodels.com.hk\\\/wp-content\\\/uploads\\\/2022\\\/05\\\/350-600-2.jpg\"},{\"@type\":\"BreadcrumbList\",\"@id\":\"https:\\\/\\\/www.rjmodels.com.hk\\\/about\\\/#breadcrumb\",\"itemListElement\":[{\"@type\":\"ListItem\",\"position\":1,\"name\":\"Home\",\"item\":\"https:\\\/\\\/www.rjmodels.com.hk\\\/\"},{\"@type\":\"ListItem\",\"position\":2,\"name\":\"About\"}]},{\"@type\":\"WebSite\",\"@id\":\"https:\\\/\\\/www.rjmodels.com.hk\\\/#website\",\"url\":\"https:\\\/\\\/www.rjmodels.com.hk\\\/\",\"name\":\"RJ Models\",\"description\":\"\",\"publisher\":{\"@id\":\"https:\\\/\\\/www.rjmodels.com.hk\\\/#organization\"},\"potentialAction\":[{\"@type\":\"SearchAction\",\"target\":{\"@type\":\"EntryPoint\",\"urlTemplate\":\"https:\\\/\\\/www.rjmodels.com.hk\\\/?s={search_term_string}\"},\"query-input\":{\"@type\":\"PropertyValueSpecification\",\"valueRequired\":true,\"valueName\":\"search_term_string\"}}],\"inLanguage\":\"sv-SE\"},{\"@type\":\"Organization\",\"@id\":\"https:\\\/\\\/www.rjmodels.com.hk\\\/#organization\",\"name\":\"RJ Models\",\"url\":\"https:\\\/\\\/www.rjmodels.com.hk\\\/\",\"logo\":{\"@type\":\"ImageObject\",\"inLanguage\":\"sv-SE\",\"@id\":\"https:\\\/\\\/www.rjmodels.com.hk\\\/#\\\/schema\\\/logo\\\/image\\\/\",\"url\":\"https:\\\/\\\/www.rjmodels.com.hk\\\/wp-content\\\/uploads\\\/2021\\\/11\\\/cropped-logo-12.png\",\"contentUrl\":\"https:\\\/\\\/www.rjmodels.com.hk\\\/wp-content\\\/uploads\\\/2021\\\/11\\\/cropped-logo-12.png\",\"width\":681,\"height\":162,\"caption\":\"RJ Models\"},\"image\":{\"@id\":\"https:\\\/\\\/www.rjmodels.com.hk\\\/#\\\/schema\\\/logo\\\/image\\\/\"},\"sameAs\":[\"https:\\\/\\\/www.facebook.com\\\/rjmodelmaking\"]}]}<\/script>\n<!-- \/ Yoast SEO plugin. -->","yoast_head_json":{"title":"About RJ Models | World's Largest Model Making Company","description":"RJ Models is the world's largest architectural model maker. With 30 years of experience, we deliver 700+ scale models annually.","robots":{"index":"index","follow":"follow","max-snippet":"max-snippet:-1","max-image-preview":"max-image-preview:large","max-video-preview":"max-video-preview:-1"},"canonical":"https:\/\/www.rjmodels.com.hk\/sv\/om\/","og_locale":"sv_SE","og_type":"article","og_title":"About RJ Models | World's Largest Model Making Company","og_description":"RJ Models is the world's largest architectural model maker. With 30 years of experience, we deliver 700+ scale models annually.","og_url":"https:\/\/www.rjmodels.com.hk\/sv\/om\/","og_site_name":"RJ Models","article_publisher":"https:\/\/www.facebook.com\/rjmodelmaking","article_modified_time":"2026-04-20T02:08:55+00:00","og_image":[{"url":"https:\/\/www.rjmodels.com.hk\/wp-content\/uploads\/2022\/05\/350-600-2.jpg","type":"","width":"","height":""}],"twitter_card":"summary_large_image","twitter_misc":{"Ber\u00e4knad l\u00e4stid":"5 minuter"},"schema":{"@context":"https:\/\/schema.org","@graph":[{"@type":"WebPage","@id":"https:\/\/www.rjmodels.com.hk\/about\/","url":"https:\/\/www.rjmodels.com.hk\/about\/","name":"About RJ Models | World's Largest Model Making Company","isPartOf":{"@id":"https:\/\/www.rjmodels.com.hk\/#website"},"primaryImageOfPage":{"@id":"https:\/\/www.rjmodels.com.hk\/about\/#primaryimage"},"image":{"@id":"https:\/\/www.rjmodels.com.hk\/about\/#primaryimage"},"thumbnailUrl":"https:\/\/www.rjmodels.com.hk\/wp-content\/uploads\/2022\/05\/350-600-2.jpg","datePublished":"2018-01-07T07:46:06+00:00","dateModified":"2026-04-20T02:08:55+00:00","description":"RJ Models is the world's largest architectural model maker. With 30 years of experience, we deliver 700+ scale models annually.","breadcrumb":{"@id":"https:\/\/www.rjmodels.com.hk\/about\/#breadcrumb"},"inLanguage":"sv-SE","potentialAction":[{"@type":"ReadAction","target":["https:\/\/www.rjmodels.com.hk\/about\/"]}]},{"@type":"ImageObject","inLanguage":"sv-SE","@id":"https:\/\/www.rjmodels.com.hk\/about\/#primaryimage","url":"https:\/\/www.rjmodels.com.hk\/wp-content\/uploads\/2022\/05\/350-600-2.jpg","contentUrl":"https:\/\/www.rjmodels.com.hk\/wp-content\/uploads\/2022\/05\/350-600-2.jpg"},{"@type":"BreadcrumbList","@id":"https:\/\/www.rjmodels.com.hk\/about\/#breadcrumb","itemListElement":[{"@type":"ListItem","position":1,"name":"Home","item":"https:\/\/www.rjmodels.com.hk\/"},{"@type":"ListItem","position":2,"name":"About"}]},{"@type":"WebSite","@id":"https:\/\/www.rjmodels.com.hk\/#website","url":"https:\/\/www.rjmodels.com.hk\/","name":"RJ Models","description":"","publisher":{"@id":"https:\/\/www.rjmodels.com.hk\/#organization"},"potentialAction":[{"@type":"SearchAction","target":{"@type":"EntryPoint","urlTemplate":"https:\/\/www.rjmodels.com.hk\/?s={search_term_string}"},"query-input":{"@type":"PropertyValueSpecification","valueRequired":true,"valueName":"search_term_string"}}],"inLanguage":"sv-SE"},{"@type":"Organization","@id":"https:\/\/www.rjmodels.com.hk\/#organization","name":"RJ Models","url":"https:\/\/www.rjmodels.com.hk\/","logo":{"@type":"ImageObject","inLanguage":"sv-SE","@id":"https:\/\/www.rjmodels.com.hk\/#\/schema\/logo\/image\/","url":"https:\/\/www.rjmodels.com.hk\/wp-content\/uploads\/2021\/11\/cropped-logo-12.png","contentUrl":"https:\/\/www.rjmodels.com.hk\/wp-content\/uploads\/2021\/11\/cropped-logo-12.png","width":681,"height":162,"caption":"RJ Models"},"image":{"@id":"https:\/\/www.rjmodels.com.hk\/#\/schema\/logo\/image\/"},"sameAs":["https:\/\/www.facebook.com\/rjmodelmaking"]}]}},"_links":{"self":[{"href":"https:\/\/www.rjmodels.com.hk\/sv\/wp-json\/wp\/v2\/pages\/19","targetHints":{"allow":["GET"]}}],"collection":[{"href":"https:\/\/www.rjmodels.com.hk\/sv\/wp-json\/wp\/v2\/pages"}],"about":[{"href":"https:\/\/www.rjmodels.com.hk\/sv\/wp-json\/wp\/v2\/types\/page"}],"author":[{"embeddable":true,"href":"https:\/\/www.rjmodels.com.hk\/sv\/wp-json\/wp\/v2\/users\/2"}],"replies":[{"embeddable":true,"href":"https:\/\/www.rjmodels.com.hk\/sv\/wp-json\/wp\/v2\/comments?post=19"}],"version-history":[{"count":4,"href":"https:\/\/www.rjmodels.com.hk\/sv\/wp-json\/wp\/v2\/pages\/19\/revisions"}],"predecessor-version":[{"id":79436,"href":"https:\/\/www.rjmodels.com.hk\/sv\/wp-json\/wp\/v2\/pages\/19\/revisions\/79436"}],"wp:attachment":[{"href":"https:\/\/www.rjmodels.com.hk\/sv\/wp-json\/wp\/v2\/media?parent=19"}],"curies":[{"name":"wp","href":"https:\/\/api.w.org\/{rel}","templated":true}]}}