{"id":9104,"date":"2020-06-24T04:23:35","date_gmt":"2020-06-24T04:23:35","guid":{"rendered":"https:\/\/www.rjmodels.com.hk\/?page_id=9104"},"modified":"2026-02-23T09:52:30","modified_gmt":"2026-02-23T09:52:30","slug":"contact","status":"publish","type":"page","link":"https:\/\/www.rjmodels.com.hk\/ro\/contact\/","title":{"rendered":"Contact"},"content":{"rendered":"<h1>\n\t\tContacta\u021bi-ne acum\n\t<\/h1>\n\t<p>Livr\u0103m la u\u0219a dumneavoastr\u0103 mai repede dec\u00e2t produc\u0103torii locali de machete<\/p>\n<h2>\n\t\tContacta\u021bi RJ Models ast\u0103zi pentru a afla cum v\u0103 putem ajuta s\u0103 v\u0103 dezvolta\u021bi afacerea.\n\t<\/h2>\n\t<p>Solicita\u021bi o ofert\u0103 GRATUIT\u0102 \u0219i v\u0103 vom r\u0103spunde \u00een termen de 24 de ore.<\/p>\n\t<p>Con\u021binutul celor 5 pa\u0219i pentru a plasa comanda pentru realizarea de machete la scar\u0103<\/p>\n\t\t\t\t\t<a href=\"#\" id=\"fl-accordion--label-0\" tabindex=\"0\" aria-controls=\"fl-accordion--panel-0\">Cit\u00e2nd<\/a>\n\t\t\t\t\t\t\t\t\t\t\t<a href=\"#\" id=\"fl-accordion--icon-0\" tabindex=\"0\" aria-controls=\"fl-accordion--panel-0\"><i>Colaps<\/i><\/a>\n\t\t\t\t\t<p>Dup\u0103 primirea solicit\u0103rii dumneavoastr\u0103, v\u0103 vom preg\u0103ti o ofert\u0103 complet\u0103 a machetei la scar\u0103 \u00een termen de 48 de ore.<\/p>\n\t\t\t\t\t<a href=\"#\" id=\"fl-accordion--label-1\" tabindex=\"0\" aria-controls=\"fl-accordion--panel-1\">Document cu specifica\u021biile modelului.<\/a>\n\t\t\t\t\t\t\t\t\t\t\t<a href=\"#\" id=\"fl-accordion--icon-1\" tabindex=\"0\" aria-controls=\"fl-accordion--panel-1\"><i>Extinde<\/i><\/a>\n\t\t\t\t\t<p>Dup\u0103 confirmarea ofertei, v\u0103 rug\u0103m s\u0103 ne trimite\u021bi din nou desenul final pentru a asigura cel mai recent design.<\/p>\n\t\t\t\t\t<a href=\"#\" id=\"fl-accordion--label-2\" tabindex=\"0\" aria-controls=\"fl-accordion--panel-2\">Realizarea \u0219i confirmarea mostrelor.<\/a>\n\t\t\t\t\t\t\t\t\t\t\t<a href=\"#\" id=\"fl-accordion--icon-2\" tabindex=\"0\" aria-controls=\"fl-accordion--panel-2\"><i>Extinde<\/i><\/a>\n\t\t\t\t\t<p>\u00cen continuare, vom realiza o mostr\u0103 a unei p\u0103r\u021bi din macheta la scar\u0103 pentru aprobarea dumneavoastr\u0103.<\/p>\n\t\t\t\t\t<a href=\"#\" id=\"fl-accordion--label-3\" tabindex=\"0\" aria-controls=\"fl-accordion--panel-3\">Fabricarea modelului.<\/a>\n\t\t\t\t\t\t\t\t\t\t\t<a href=\"#\" id=\"fl-accordion--icon-3\" tabindex=\"0\" aria-controls=\"fl-accordion--panel-3\"><i>Extinde<\/i><\/a>\n\t\t\t\t\t<p>\u00cen plus, vom \u00eencepe construc\u021bia \u0219i vom trimite fotografiile pentru aprobare pe parcurs \u0219i la etapele cheie. Apoi, vom putea ob\u021bine feedback-ul, comentariile \u0219i aprobarea dumneavoastr\u0103.<\/p>\n\t\t\t\t\t<a href=\"#\" id=\"fl-accordion--label-4\" tabindex=\"0\" aria-controls=\"fl-accordion--panel-4\">Finisare \u0219i livrare.<\/a>\n\t\t\t\t\t\t\t\t\t\t\t<a href=\"#\" id=\"fl-accordion--icon-4\" tabindex=\"0\" aria-controls=\"fl-accordion--panel-4\"><i>Extinde<\/i><\/a>\n\t\t\t\t\t<p>Dup\u0103 ce ob\u021binem aprobarea dumneavoastr\u0103 final\u0103, livr\u0103m \u0219i instal\u0103m macheta la scar\u0103 \u00een locul solicitat de dumneavoastr\u0103.<\/p>\n\t<p>Pentru mai multe detalii, pute\u021bi vizita pagina noastr\u0103 de\u00a0<a href=\"\/ro\/cum-se-realizeaza-macheta-arhitecturala\/\">procedure of architectural modal making.<\/a><\/p>\n<p>Pentru a oferi o ofert\u0103 pentru <strong>realizarea de machete arhitecturale<\/strong>, RJ Models ar avea nevoie de informa\u021biile de mai jos:<\/p>\n<p>1. Drawing of the model boundary with dimensions in PDF, JPG, or CAD.<\/p>\n<p>2. Floor plans and elevations of the buildings with dimensions in PDF, JPG, CAD or 3D file.<\/p>\n<p>3. Expected scale or model size.<\/p>\n<p>4. Renderings for reference (if any).<\/p>\n<p>5. Delivery and installation destinations.<\/p>\n<p>6. Expected completion date.<\/p>\n<p>7. You might select similar <a href=\"https:\/\/www.rjmodels.com.hk\/ro\/model-arhitectural\/\">fotografii cu machete arhitecturale<\/a> pentru efectul de model a\u0219teptat.<\/p>\n<p>&nbsp;<\/p>\n<h2>\n\t\tLoca\u021biile birourilor RJ Models din \u00eentreaga lume\n\t<\/h2>\n\t\t\t\t<img loading=\"lazy\" decoding=\"async\" src=\"https:\/\/www.rjmodels.com.hk\/wp-content\/uploads\/2020\/06\/hong-kong.png\" alt=\"Hong Kong\" itemprop=\"image\" height=\"142\" width=\"142\" title=\"Hong Kong\" onerror=\"this.style.display='none'\"  \/>\n\t\t<h4>Biroul din Hong Kong<\/h4>\t\t\n\t\t\tApartamentul B, nr. 18\/F., Two Chinachem Plaza, Connaught Road Central nr. 68, Hong Kong<br \/>\nTel: <a href=\"tel:(+852) 2557 0201\">(+852) 6948 4927<\/a><br \/>\nWhatsapp: <a href=\"Fax: (+971 4) 3471727\"> (+86) 13902468179<\/a><br \/>\nE-mail: <a href=\"mailto:marketing@rjmodels.com.hk\">marketing@rjmodels.com.hk<\/a>\n\t\t\t\t<img loading=\"lazy\" decoding=\"async\" src=\"https:\/\/www.rjmodels.com.hk\/wp-content\/uploads\/2020\/06\/China.png\" alt=\"China\" itemprop=\"image\" height=\"400\" width=\"400\" title=\"China\" onerror=\"this.style.display='none'\"  \/>\n\t\t<h4>Biroul din China<\/h4>\t\t\n\t\t\tCl\u0103direa a 9-a, Zona Industrial\u0103 Tang Tou, Parcul Industrial 3, Ora\u0219ul Shi Yan, Districtul Bao An, Ora\u0219ul Shen Zhen, Guang Dong, China<br \/>\nTel: <a href=\"tel:(+86 755) 2951 4785\">(+86 755) 2951 4785<\/a><br \/>\nFax: <a href=\"tel:(+86 755) 2951 4885\">(+86 755) 2951 4885<\/a><br \/>\nE-mail: <a href=\"mailto:marketing@rjmodels.com.hk\">marketing@rjmodels.com.hk<\/a>\n\t\t\t\t<img loading=\"lazy\" decoding=\"async\" src=\"https:\/\/www.rjmodels.com.hk\/wp-content\/uploads\/2020\/06\/dubai.png\" alt=\"Dubai\" itemprop=\"image\" height=\"142\" width=\"142\" title=\"Dubai\" onerror=\"this.style.display='none'\"  \/>\n\t\t<h4>U.A.E. Office (Dubai) <\/h4>\t\t\n\t\t\tZona industrial\u0103 AL Quoz, POBox: 54136, Dubai, Emiratele Arabe Unite<br \/>\nTel: <a href=\"Tel: (+971 4) 3474898\">(+971 4) 3474898<\/a><br \/>\nWhatsapp: <a href=\"Fax: (+971 4) 3471727\"> (+86) 13902468179<\/a><br \/>\nE-mail: <a href=\"mailto:marketing@rjmodels.com.hk\">marketing@rjmodels.com.hk<\/a>\n\t\t\t\t<img loading=\"lazy\" decoding=\"async\" src=\"https:\/\/www.rjmodels.com.hk\/wp-content\/uploads\/2020\/06\/Turkey.png\" alt=\"Curcan\" itemprop=\"image\" height=\"400\" width=\"400\" title=\"Curcan\" onerror=\"this.style.display='none'\"  \/>\n\t\t<h4>Turkey Office (Instanbul)<\/h4>\t\t\n\t\t\tHuzur Mah. Azerbaycan Caddesi No:4\/B 620<br \/>\nSky Premium Residence Sar\u0131yer \/ \u0130stanbul, Turcia<br \/>\nTel: <a href=\"tel:(+90) 212 500 4411\">(+90) 212 500 4411<\/a><br \/>\nWhatsapp: <a href=\"http:\/\/(+86) 13902468179\">(+86) 13902468179<\/a><br \/>\nE-mail: <a href=\"mailto:marketing@rjmodels.com.hk\">marketing@rjmodels.com.hk<\/a>\n\t\t\t\t<img loading=\"lazy\" decoding=\"async\" src=\"https:\/\/www.rjmodels.com.hk\/wp-content\/uploads\/2020\/06\/indiaLocation.png\" alt=\"Loca\u021bie India\" itemprop=\"image\" height=\"142\" width=\"142\" title=\"Loca\u021bie India\" onerror=\"this.style.display='none'\"  \/>\n\t\t<h4>India Office (Mumbai) <\/h4>\t\t\n\t\t\t<p>101, Ganesh Krupa Building, Opp. Prabhodhan Thackeray, Shahajiraje Marg, Vile Parle East, Mumbai &#8211; 400 057.<\/p>\nTel:<a href=\"http:\/\/(+86) 13902468179\">(+86) 13902468179<\/a><br \/>\nWhatsapp:\u00a0<a href=\"http:\/\/(+86) 13902468179\">(+86) 13902468179<\/a><a href=\"mailto:marketing@rjmodels.com.hk\"><br \/>\n<\/a>\n\t\t\t\t<img loading=\"lazy\" decoding=\"async\" src=\"https:\/\/www.rjmodels.com.hk\/wp-content\/uploads\/2025\/07\/Vietnam121.png\" alt=\"Architectural Model Makers in Vietnam\" itemprop=\"image\" height=\"400\" width=\"400\" title=\"Architectural Model Makers in Vietnam\" onerror=\"this.style.display='none'\"  \/>\n\t\t<h4>Vietnam Office (Hanoi)<\/h4>\t\t\n\t\t\t<p>3rd Floor &#8211; Viet Tower, No. 1 Thai Ha Street, Dong Da Ward, Hanoi, Vietnam 100000<\/p>\nTel: <a href=\"http:\/\/(+84) 90 8688 222\">(+84) 90 8688 222<\/a><br \/>\nE-mail: <a href=\"mailto:marketing@rjmodels.com.hk\">marketing@rjmodels.com.hk<\/a>\n<p>&nbsp;<\/p>\n\t\t\t\t<img loading=\"lazy\" decoding=\"async\" src=\"https:\/\/www.rjmodels.com.hk\/wp-content\/uploads\/bb-plugin\/cache\/\u672a231\u6807\u9898-2-circle-b5db1f9d8bfd189818d99b8cd154c838-.jpg\" alt=\"Creator de machete arhitecturale \u00een Rusia\" itemprop=\"image\" height=\"513\" width=\"513\" title=\"Creator de machete arhitecturale \u00een Rusia\" onerror=\"this.style.display='none'\"  \/>\n\t\t<h4>Russia Office (Moscow)<\/h4>\t\t\n\t\t\tMoscow, st. Svobody, 35\/5\nTel: <a href=\"http:\/\/(+7) 926 984 33 95\">(+7) 926 984 33 95<\/a><br \/>\nWhatsapp:\u00a0<a href=\"http:\/\/(+86)%2013902468179\/\">(+86) 13902468179<\/a><br \/>\nE-mail: <a href=\"mailto:marketing@rjmodels.com.hk\">marketing@rjmodels.com.hk<\/a>\n\t\t\t\t<img loading=\"lazy\" decoding=\"async\" src=\"https:\/\/www.rjmodels.com.hk\/wp-content\/uploads\/bb-plugin\/cache\/contact-canada-circle-84704964d02238873747405bc9432d8f-.jpg\" alt=\"contacta\u021bi Canada\" itemprop=\"image\" height=\"513\" width=\"513\" title=\"contacta\u021bi Canada\" onerror=\"this.style.display='none'\"  \/>\n\t\t<h4>Biroul din Canada (Vancouver)<\/h4>\t\t\n\t\t\t9695 160A Street, Surrey, BC V4N 3K8\nTel: <a href=\"tel:(+1 778) 323 6332\">(+1 604) 600 9577<\/a><br \/>\nWhatsapp:\u00a0<a href=\"http:\/\/(+86) 13902468179\">(+86) 13902468179<\/a><br \/>\nE-mail: <a href=\"mailto:marketing@rjmodels.com.hk\">marketing@rjmodels.com.hk<\/a>\n\t\t\t\t\n\t\t\t\t<img loading=\"lazy\" decoding=\"async\" src=\"https:\/\/www.rjmodels.com.hk\/wp-content\/uploads\/bb-plugin\/cache\/007-circle-1305dfb1fe0d7bf5561bb4f5313097ab-.jpg\" alt=\"Architectural Model Maker in lraq\" itemprop=\"image\" height=\"142\" width=\"142\" title=\"lraq\" onerror=\"this.style.display='none'\"  \/>\n\t\t<h4>Iraq office (Sulaymaniyah)<\/h4>\t\t\n\t\t\tSalim Street, Sulaymaniyah, Iraq.\nTel: <a href=\"http:\/\/+964 770 369 8869\">+964 770 369 8869<\/a><br \/>\nWhatsapp:\u00a0<a href=\"http:\/\/(+86) 13902468179\">(+86) 13902468179<\/a><br \/>\nE-mail: <a href=\"mailto:marketing@rjmodels.com.hk\">marketing@rjmodels.com.hk<\/a>","protected":false},"excerpt":{"rendered":"<p>Contact us now We Deliver to Your Doorstep Faster than Your Local Model Makers Contact RJ Models Today to Find Out How We Can Help You Grow Your Buniness. Request a FREE Quote and We will Reply You Within 24 hours. Content of 5 Steps to Place Your Order with the Scale Model Making Quoting [&hellip;]<\/p>\n","protected":false},"author":2,"featured_media":0,"parent":0,"menu_order":4,"comment_status":"closed","ping_status":"closed","template":"","meta":{"_acf_changed":false,"site-sidebar-layout":"default","site-content-layout":"default","ast-site-content-layout":"default","site-content-style":"default","site-sidebar-style":"default","ast-global-header-display":"","ast-banner-title-visibility":"","ast-main-header-display":"","ast-hfb-above-header-display":"","ast-hfb-below-header-display":"","ast-hfb-mobile-header-display":"","site-post-title":"","ast-breadcrumbs-content":"","ast-featured-img":"","footer-sml-layout":"","theme-transparent-header-meta":"default","adv-header-id-meta":"","stick-header-meta":"default","header-above-stick-meta":"","header-main-stick-meta":"","header-below-stick-meta":"","astra-migrate-meta-layouts":"set","ast-page-background-enabled":"default","ast-page-background-meta":{"desktop":{"background-color":"","background-image":"","background-repeat":"repeat","background-position":"center center","background-size":"auto","background-attachment":"scroll","background-type":"","background-media":"","overlay-type":"","overlay-color":"","overlay-opacity":"","overlay-gradient":""},"tablet":{"background-color":"","background-image":"","background-repeat":"repeat","background-position":"center center","background-size":"auto","background-attachment":"scroll","background-type":"","background-media":"","overlay-type":"","overlay-color":"","overlay-opacity":"","overlay-gradient":""},"mobile":{"background-color":"","background-image":"","background-repeat":"repeat","background-position":"center center","background-size":"auto","background-attachment":"scroll","background-type":"","background-media":"","overlay-type":"","overlay-color":"","overlay-opacity":"","overlay-gradient":""}},"ast-content-background-meta":{"desktop":{"background-color":"var(--ast-global-color-5)","background-image":"","background-repeat":"repeat","background-position":"center center","background-size":"auto","background-attachment":"scroll","background-type":"","background-media":"","overlay-type":"","overlay-color":"","overlay-opacity":"","overlay-gradient":""},"tablet":{"background-color":"var(--ast-global-color-5)","background-image":"","background-repeat":"repeat","background-position":"center center","background-size":"auto","background-attachment":"scroll","background-type":"","background-media":"","overlay-type":"","overlay-color":"","overlay-opacity":"","overlay-gradient":""},"mobile":{"background-color":"var(--ast-global-color-5)","background-image":"","background-repeat":"repeat","background-position":"center center","background-size":"auto","background-attachment":"scroll","background-type":"","background-media":"","overlay-type":"","overlay-color":"","overlay-opacity":"","overlay-gradient":""}},"footnotes":""},"class_list":["post-9104","page","type-page","status-publish","hentry"],"acf":[],"yoast_head":"<!-- This site is optimized with the Yoast SEO plugin v27.5 - https:\/\/yoast.com\/product\/yoast-seo-wordpress\/ -->\n<title>Contact RJ Models Now<\/title>\n<meta name=\"description\" content=\"RJ Models Office Locations Around The Globe. We deliver to your doorstep faster than your local model makers. Contact RJ Models Now\" \/>\n<meta name=\"robots\" content=\"index, follow, max-snippet:-1, max-image-preview:large, max-video-preview:-1\" \/>\n<link rel=\"canonical\" href=\"https:\/\/www.rjmodels.com.hk\/ro\/contact\/\" \/>\n<meta property=\"og:locale\" content=\"ro_RO\" \/>\n<meta property=\"og:type\" content=\"article\" \/>\n<meta property=\"og:title\" content=\"Contact RJ Models Now\" \/>\n<meta property=\"og:description\" content=\"RJ Models Office Locations Around The Globe. We deliver to your doorstep faster than your local model makers. Contact RJ Models Now\" \/>\n<meta property=\"og:url\" content=\"https:\/\/www.rjmodels.com.hk\/ro\/contact\/\" \/>\n<meta property=\"og:site_name\" content=\"RJ Models\" \/>\n<meta property=\"article:publisher\" content=\"https:\/\/www.facebook.com\/rjmodelmaking\" \/>\n<meta property=\"article:modified_time\" content=\"2026-02-23T09:52:30+00:00\" \/>\n<meta property=\"og:image\" content=\"https:\/\/www.rjmodels.com.hk\/wp-content\/uploads\/2020\/06\/hong-kong.png\" \/>\n<meta name=\"twitter:card\" content=\"summary_large_image\" \/>\n<meta name=\"twitter:label1\" content=\"Timp estimat pentru citire\" \/>\n\t<meta name=\"twitter:data1\" content=\"3 minute\" \/>\n<script type=\"application\/ld+json\" class=\"yoast-schema-graph\">{\"@context\":\"https:\\\/\\\/schema.org\",\"@graph\":[{\"@type\":\"WebPage\",\"@id\":\"https:\\\/\\\/www.rjmodels.com.hk\\\/contact\\\/\",\"url\":\"https:\\\/\\\/www.rjmodels.com.hk\\\/contact\\\/\",\"name\":\"Contact RJ Models Now\",\"isPartOf\":{\"@id\":\"https:\\\/\\\/www.rjmodels.com.hk\\\/#website\"},\"primaryImageOfPage\":{\"@id\":\"https:\\\/\\\/www.rjmodels.com.hk\\\/contact\\\/#primaryimage\"},\"image\":{\"@id\":\"https:\\\/\\\/www.rjmodels.com.hk\\\/contact\\\/#primaryimage\"},\"thumbnailUrl\":\"https:\\\/\\\/www.rjmodels.com.hk\\\/wp-content\\\/uploads\\\/2020\\\/06\\\/hong-kong.png\",\"datePublished\":\"2020-06-24T04:23:35+00:00\",\"dateModified\":\"2026-02-23T09:52:30+00:00\",\"description\":\"RJ Models Office Locations Around The Globe. We deliver to your doorstep faster than your local model makers. Contact RJ Models Now\",\"breadcrumb\":{\"@id\":\"https:\\\/\\\/www.rjmodels.com.hk\\\/contact\\\/#breadcrumb\"},\"inLanguage\":\"ro-RO\",\"potentialAction\":[{\"@type\":\"ReadAction\",\"target\":[\"https:\\\/\\\/www.rjmodels.com.hk\\\/contact\\\/\"]}]},{\"@type\":\"ImageObject\",\"inLanguage\":\"ro-RO\",\"@id\":\"https:\\\/\\\/www.rjmodels.com.hk\\\/contact\\\/#primaryimage\",\"url\":\"https:\\\/\\\/www.rjmodels.com.hk\\\/wp-content\\\/uploads\\\/2020\\\/06\\\/hong-kong.png\",\"contentUrl\":\"https:\\\/\\\/www.rjmodels.com.hk\\\/wp-content\\\/uploads\\\/2020\\\/06\\\/hong-kong.png\"},{\"@type\":\"BreadcrumbList\",\"@id\":\"https:\\\/\\\/www.rjmodels.com.hk\\\/contact\\\/#breadcrumb\",\"itemListElement\":[{\"@type\":\"ListItem\",\"position\":1,\"name\":\"Home\",\"item\":\"https:\\\/\\\/www.rjmodels.com.hk\\\/\"},{\"@type\":\"ListItem\",\"position\":2,\"name\":\"Contact\"}]},{\"@type\":\"WebSite\",\"@id\":\"https:\\\/\\\/www.rjmodels.com.hk\\\/#website\",\"url\":\"https:\\\/\\\/www.rjmodels.com.hk\\\/\",\"name\":\"RJ Models\",\"description\":\"\",\"publisher\":{\"@id\":\"https:\\\/\\\/www.rjmodels.com.hk\\\/#organization\"},\"potentialAction\":[{\"@type\":\"SearchAction\",\"target\":{\"@type\":\"EntryPoint\",\"urlTemplate\":\"https:\\\/\\\/www.rjmodels.com.hk\\\/?s={search_term_string}\"},\"query-input\":{\"@type\":\"PropertyValueSpecification\",\"valueRequired\":true,\"valueName\":\"search_term_string\"}}],\"inLanguage\":\"ro-RO\"},{\"@type\":\"Organization\",\"@id\":\"https:\\\/\\\/www.rjmodels.com.hk\\\/#organization\",\"name\":\"RJ Models\",\"url\":\"https:\\\/\\\/www.rjmodels.com.hk\\\/\",\"logo\":{\"@type\":\"ImageObject\",\"inLanguage\":\"ro-RO\",\"@id\":\"https:\\\/\\\/www.rjmodels.com.hk\\\/#\\\/schema\\\/logo\\\/image\\\/\",\"url\":\"https:\\\/\\\/www.rjmodels.com.hk\\\/wp-content\\\/uploads\\\/2021\\\/11\\\/cropped-logo-12.png\",\"contentUrl\":\"https:\\\/\\\/www.rjmodels.com.hk\\\/wp-content\\\/uploads\\\/2021\\\/11\\\/cropped-logo-12.png\",\"width\":681,\"height\":162,\"caption\":\"RJ Models\"},\"image\":{\"@id\":\"https:\\\/\\\/www.rjmodels.com.hk\\\/#\\\/schema\\\/logo\\\/image\\\/\"},\"sameAs\":[\"https:\\\/\\\/www.facebook.com\\\/rjmodelmaking\"]}]}<\/script>\n<!-- \/ Yoast SEO plugin. -->","yoast_head_json":{"title":"Contacta\u021bi RJ Models acum","description":"Birourile RJ Models din \u00eentreaga lume. Livr\u0103m la u\u0219a dumneavoastr\u0103 mai repede dec\u00e2t produc\u0103torii locali de modele. Contacta\u021bi RJ Models acum.","robots":{"index":"index","follow":"follow","max-snippet":"max-snippet:-1","max-image-preview":"max-image-preview:large","max-video-preview":"max-video-preview:-1"},"canonical":"https:\/\/www.rjmodels.com.hk\/ro\/contact\/","og_locale":"ro_RO","og_type":"article","og_title":"Contact RJ Models Now","og_description":"RJ Models Office Locations Around The Globe. We deliver to your doorstep faster than your local model makers. Contact RJ Models Now","og_url":"https:\/\/www.rjmodels.com.hk\/ro\/contact\/","og_site_name":"RJ Models","article_publisher":"https:\/\/www.facebook.com\/rjmodelmaking","article_modified_time":"2026-02-23T09:52:30+00:00","og_image":[{"url":"https:\/\/www.rjmodels.com.hk\/wp-content\/uploads\/2020\/06\/hong-kong.png","type":"","width":"","height":""}],"twitter_card":"summary_large_image","twitter_misc":{"Timp estimat pentru citire":"3 minute"},"schema":{"@context":"https:\/\/schema.org","@graph":[{"@type":"WebPage","@id":"https:\/\/www.rjmodels.com.hk\/contact\/","url":"https:\/\/www.rjmodels.com.hk\/contact\/","name":"Contacta\u021bi RJ Models acum","isPartOf":{"@id":"https:\/\/www.rjmodels.com.hk\/#website"},"primaryImageOfPage":{"@id":"https:\/\/www.rjmodels.com.hk\/contact\/#primaryimage"},"image":{"@id":"https:\/\/www.rjmodels.com.hk\/contact\/#primaryimage"},"thumbnailUrl":"https:\/\/www.rjmodels.com.hk\/wp-content\/uploads\/2020\/06\/hong-kong.png","datePublished":"2020-06-24T04:23:35+00:00","dateModified":"2026-02-23T09:52:30+00:00","description":"Birourile RJ Models din \u00eentreaga lume. Livr\u0103m la u\u0219a dumneavoastr\u0103 mai repede dec\u00e2t produc\u0103torii locali de modele. Contacta\u021bi RJ Models acum.","breadcrumb":{"@id":"https:\/\/www.rjmodels.com.hk\/contact\/#breadcrumb"},"inLanguage":"ro-RO","potentialAction":[{"@type":"ReadAction","target":["https:\/\/www.rjmodels.com.hk\/contact\/"]}]},{"@type":"ImageObject","inLanguage":"ro-RO","@id":"https:\/\/www.rjmodels.com.hk\/contact\/#primaryimage","url":"https:\/\/www.rjmodels.com.hk\/wp-content\/uploads\/2020\/06\/hong-kong.png","contentUrl":"https:\/\/www.rjmodels.com.hk\/wp-content\/uploads\/2020\/06\/hong-kong.png"},{"@type":"BreadcrumbList","@id":"https:\/\/www.rjmodels.com.hk\/contact\/#breadcrumb","itemListElement":[{"@type":"ListItem","position":1,"name":"Home","item":"https:\/\/www.rjmodels.com.hk\/"},{"@type":"ListItem","position":2,"name":"Contact"}]},{"@type":"WebSite","@id":"https:\/\/www.rjmodels.com.hk\/#website","url":"https:\/\/www.rjmodels.com.hk\/","name":"Modele RJ","description":"","publisher":{"@id":"https:\/\/www.rjmodels.com.hk\/#organization"},"potentialAction":[{"@type":"SearchAction","target":{"@type":"EntryPoint","urlTemplate":"https:\/\/www.rjmodels.com.hk\/?s={search_term_string}"},"query-input":{"@type":"PropertyValueSpecification","valueRequired":true,"valueName":"search_term_string"}}],"inLanguage":"ro-RO"},{"@type":"Organization","@id":"https:\/\/www.rjmodels.com.hk\/#organization","name":"Modele RJ","url":"https:\/\/www.rjmodels.com.hk\/","logo":{"@type":"ImageObject","inLanguage":"ro-RO","@id":"https:\/\/www.rjmodels.com.hk\/#\/schema\/logo\/image\/","url":"https:\/\/www.rjmodels.com.hk\/wp-content\/uploads\/2021\/11\/cropped-logo-12.png","contentUrl":"https:\/\/www.rjmodels.com.hk\/wp-content\/uploads\/2021\/11\/cropped-logo-12.png","width":681,"height":162,"caption":"RJ Models"},"image":{"@id":"https:\/\/www.rjmodels.com.hk\/#\/schema\/logo\/image\/"},"sameAs":["https:\/\/www.facebook.com\/rjmodelmaking"]}]}},"_links":{"self":[{"href":"https:\/\/www.rjmodels.com.hk\/ro\/wp-json\/wp\/v2\/pages\/9104","targetHints":{"allow":["GET"]}}],"collection":[{"href":"https:\/\/www.rjmodels.com.hk\/ro\/wp-json\/wp\/v2\/pages"}],"about":[{"href":"https:\/\/www.rjmodels.com.hk\/ro\/wp-json\/wp\/v2\/types\/page"}],"author":[{"embeddable":true,"href":"https:\/\/www.rjmodels.com.hk\/ro\/wp-json\/wp\/v2\/users\/2"}],"replies":[{"embeddable":true,"href":"https:\/\/www.rjmodels.com.hk\/ro\/wp-json\/wp\/v2\/comments?post=9104"}],"version-history":[{"count":1,"href":"https:\/\/www.rjmodels.com.hk\/ro\/wp-json\/wp\/v2\/pages\/9104\/revisions"}],"predecessor-version":[{"id":76679,"href":"https:\/\/www.rjmodels.com.hk\/ro\/wp-json\/wp\/v2\/pages\/9104\/revisions\/76679"}],"wp:attachment":[{"href":"https:\/\/www.rjmodels.com.hk\/ro\/wp-json\/wp\/v2\/media?parent=9104"}],"curies":[{"name":"wp","href":"https:\/\/api.w.org\/{rel}","templated":true}]}}