{"id":782,"date":"2018-03-16T14:34:30","date_gmt":"2018-03-16T14:34:30","guid":{"rendered":"https:\/\/www.rjmodels.com.hk\/?page_id=782"},"modified":"2022-10-18T08:45:58","modified_gmt":"2022-10-18T08:45:58","slug":"how-rj-models-helps-you-make-your-design-into-3d-printed-architectural-model","status":"publish","type":"page","link":"https:\/\/www.rjmodels.com.hk\/ro\/intrebari-frecvente\/procedura-modelului-arhitectural-imprimat-3d\/","title":{"rendered":"Cum te ajut\u0103 RJ Models s\u0103-\u021bi transformi designul \u00eentr-un model arhitectural imprimat 3D"},"content":{"rendered":"<h2>\n\t\tCum te ajut\u0103 RJ Models s\u0103-\u021bi transformi designul \u00een <p>Model arhitectural imprimat 3D<\/p>\n\t<\/h2>\n\tRJ Models este un lider mondial \u00een realizarea de machete arhitecturale printate 3D.<br>\nTehnologia noastr\u0103 de imprimare 3D este utilizat\u0103 pentru a imprima anual peste 700 de modele arhitecturale \u00een \u00eentreaga lume, pentru proiecte precum birouri, agrement \u0219i sport, interioare, domeniul maritim \u0219i a\u0219a mai departe.\n<p>RJ Models consistently deliver high-quality scale 3D printed architectural models based on your requirements. And we make serious efforts to distribute client&#8217;s installations exclusively and worldwide.<\/p>\n<p>Pute\u021bi g\u0103si RJ Models pentru a v\u0103 transforma designul \u00een modele arhitecturale imprimate 3D. Noi, cei de la RJ Models, v\u0103 vom ajuta.<\/p>\n<p>Pentru to\u021bi clien\u021bii care doresc s\u0103 utilizeze serviciile noastre de imprimare 3D, la RJ Models solicit\u0103m respectarea cu stricte\u021be a urm\u0103toarelor proceduri:<\/p>\n<h2>\n\t\t\u00cendepline\u0219te cerin\u021bele tale pentru o ofert\u0103 de pre\u021b.\n\t<\/h2>\n<p>Pentru a v\u0103 putea oferi o ofert\u0103 de pre\u021b, ideal ar fi s\u0103 avem nevoie de urm\u0103toarele informa\u021bii complete:<\/p>\n<ul>\n<li>Designul final al modelului imprimat 3D poate fi \u00een fi\u0219iere STL\/fi\u0219ier imprimant\u0103 3D\/Rhino\/sketch-up\/3D Max\/3D AutoCAD etc.<\/li>\n<li>Scara sau dimensiunea estimat\u0103 a modelului.<\/li>\n<li>Rand\u0103ri pentru referin\u021b\u0103 (dac\u0103 exist\u0103)<\/li>\n<li>Destina\u021bii de livrare \u0219i instalare<\/li>\n<li>Data estimat\u0103 de finalizare<\/li>\n<li>De asemenea, pute\u021bi selecta fotografii cu modele similare de pe site-ul nostru web pentru standardul \u0219i stilul de detalii a\u0219teptate.<\/li>\n<li>Orice cerin\u021b\u0103, cum ar fi iluminarea, culoarea etc., pentru modelul imprimat 3D.<\/li>\n<\/ul>\n<p>Dac\u0103 este la \u00eenceputul procesului de construc\u021bie \u0219i nu pute\u021bi furniza niciuna dintre informa\u021biile de mai sus, vom face tot posibilul s\u0103 v\u0103 satisfacem nevoile.<\/p>\n<p>Dup\u0103 ce primim cerin\u021bele dumneavoastr\u0103, vom crea o diagram\u0103 complet\u0103 a specifica\u021biilor modelului \u0219i v\u0103 vom trimite oferta noastr\u0103 \u00een termen de 48 de ore.<\/p>\n\t\t\t\t<img decoding=\"async\" src=\"https:\/\/www.rjmodels.com.hk\/wp-content\/uploads\/2018\/03\/step1Image.jpg\" alt=\"pasul 1Imagine\" itemprop=\"image\" title=\"pasul 1Imagine\" onerror=\"this.style.display='none'\">\n<h2>\n\t\tPrimirea informa\u021biilor despre proiect\n\t<\/h2>\n\tVerific\u0103 ce trebuie s\u0103 \u0219tii despre designul final al modelelor arhitecturale imprimate 3D<br>\nDac\u0103 genera\u021bi fi\u0219ierul 3D pentru prima dat\u0103 sau nu, trebuie s\u0103 acorda\u021bi aten\u021bie \u00eendeplinirii acestor 3 criterii.\n<ul>\n<li>The model must be &#8220;water-tight&#8221;. In ordinary terms, this means that there shouldn&#8217;t be any holes in the shell of the model. In more technical terms, the model must be &#8220;manifold&#8221; or solid.<\/li>\n<li>Normally in the digital world, every surface has a front and a back face. This surface orientation is called a &#8220;normal&#8221;. So, make sure that your expected model&#8217;s normal are unified. If two adjacent surfaces have different normal directions, this file input may confuse the 3D printer.<\/li>\n<\/ul>\n\t<ul>\n<li>Toate componentele modelului trebuie s\u0103 aib\u0103 o grosime adecvat\u0103. De\u0219i unele materiale de imprimare 3D sunt capabile de o rezolu\u021bie mai mare \u0219i detalii mai detaliate dec\u00e2t altele, \u00eencercarea de a imprima geometria f\u0103r\u0103 nicio grosime nu va func\u021biona. Acest lucru va produce un model sau un rezultat nedorit.<\/li>\n<\/ul>\n<p>Vestea bun\u0103 este c\u0103, dac\u0103 aceste 3 criterii sunt \u00eendeplinite \u00een fi\u0219ierul 3D, ve\u021bi avea un model cu geometrie de varietate.<\/p>\n<h2>\n\t\tModel Sample Preparation &amp; Confirmation\n\t<\/h2>\n\t<p>RJ Models poate produce \u0219i o por\u021biune a mostrei \u00een timpul produc\u021biei modelului pentru a determina efectul de afi\u0219are al \u00eentregului model, dac\u0103 este necesar.<\/p>\n<p>Cum ar fi potrivirea culorilor, textura \u0219i efectul de iluminare al modelului imprimat 3D pentru a asigura c\u0103 mostra este \u00een concordan\u021b\u0103 cu filosofia dumneavoastr\u0103 de design.<\/p>\n<p>Apoi continua\u021bi produc\u021bia general\u0103 a modelului arhitectural imprimat 3D.<\/p>\n<h2>\n\t\tModel arhitectural imprimat 3D, \u00een curs de realizare manual\u0103\n\t<\/h2>\n\t<p>Creatorii no\u0219tri profesioni\u0219ti de machete arhitecturale vor lucra cu dumneavoastr\u0103 la fiecare pas al realiz\u0103rii machetelor arhitecturale imprimate 3D.<\/p>\n<p>Vei primi \u00een mod regulat fotografii cu progresul lor, astfel \u00eenc\u00e2t s\u0103 le po\u021bi aproba lucr\u0103rile \u0219i s\u0103 oferi feedback.<\/p>\n<p>V\u0103 vom oferi fotografii ale proceselor la fiecare etap\u0103 cheie, pentru a ne asigura c\u0103 modelul arhitectural imprimat 3D este de cea mai \u00eenalt\u0103 calitate.<\/p>\n<h2>\n\t\tThe 3D Printed Model Completes Transportation &amp; Installation\n\t<\/h2>\n\t<p>Dup\u0103 ce creatorii no\u0219tri de machete arhitecturale \u0219i-au finalizat lucrul la macheta dvs. arhitectural\u0103 imprimat\u0103 3D, vi-o vom trimite pentru examinare.<\/p>\n<p>\u0218i imediat ce primim aprobarea final\u0103 de la dumneavoastr\u0103, vom aranja ca produc\u0103torii no\u0219tri profesioni\u0219ti de machete s\u0103 ambaleze modelul imprimat 3D.<\/p>\n<p>Dac\u0103 trebuie s\u0103 c\u0103l\u0103tori\u021bi cu modelul sau s\u0103 \u00eel expune\u021bi \u00een diferite \u021b\u0103ri de mai multe ori, RJ Models poate fi personalizat \u0219i poate crea o geant\u0103 de transport potrivit\u0103.<\/p>\n<p>Avem o serie de cazuri care confirm\u0103 disponibilitatea valizei.<\/p>\n<p>\u00cen cele din urm\u0103, vom livra modelul arhitectural imprimat 3D oriunde este nevoie.<\/p>\n<h2>\n\t\tUnii dintre clien\u021bii RJ Models\n\t<\/h2>\n\t<p><a href=\"https:\/\/www.rjmodels.com.hk\/ro\/clienti\/\">Vezi to\u021bi clien\u021bii<\/a><\/p>\n<h2>\n\t\tContact RJ Models &amp; Start Making You the Top\n\t<\/h2>\n\t\n<div class=\"wpcf7 no-js\" id=\"wpcf7-f13103-o1\" lang=\"en-US\" dir=\"ltr\" data-wpcf7-id=\"13103\">\n<div class=\"screen-reader-response\"><p role=\"status\" aria-live=\"polite\" aria-atomic=\"true\"><\/p> <ul><\/ul><\/div>\n<form action=\"\/ro\/wp-json\/wp\/v2\/pages\/782#wpcf7-f13103-o1\" method=\"post\" class=\"wpcf7-form init\" aria-label=\"Contact form\" novalidate=\"novalidate\" data-status=\"init\" data-trp-original-action=\"\/ro\/wp-json\/wp\/v2\/pages\/782#wpcf7-f13103-o1\">\n<fieldset class=\"hidden-fields-container\"><input type=\"hidden\" name=\"_wpcf7\" value=\"13103\" \/><input type=\"hidden\" name=\"_wpcf7_version\" value=\"6.1.5\" \/><input type=\"hidden\" name=\"_wpcf7_locale\" value=\"en_US\" \/><input type=\"hidden\" name=\"_wpcf7_unit_tag\" value=\"wpcf7-f13103-o1\" \/><input type=\"hidden\" name=\"_wpcf7_container_post\" value=\"0\" \/><input type=\"hidden\" name=\"_wpcf7_posted_data_hash\" value=\"\" \/>\n<\/fieldset>\n<div class=\"uabb-cf7-col-1\">\n\t<p><span class=\"wpcf7-form-control-wrap\" data-name=\"your-name\"><input size=\"40\" maxlength=\"400\" class=\"wpcf7-form-control wpcf7-text wpcf7-validates-as-required\" aria-required=\"true\" aria-invalid=\"false\" placeholder=\"Numele dumneavoastr\u0103\" value=\"\" type=\"text\" name=\"your-name\" \/><\/span>\n\t<\/p>\n<\/div>\n<div class=\"uabb-cf7-col-1\">\n\t<p><span class=\"wpcf7-form-control-wrap\" data-name=\"your-email\"><input size=\"40\" maxlength=\"400\" class=\"wpcf7-form-control wpcf7-email wpcf7-validates-as-required wpcf7-text wpcf7-validates-as-email\" aria-required=\"true\" aria-invalid=\"false\" placeholder=\"Adresa dvs. de e-mail*\" value=\"\" type=\"email\" name=\"your-email\" \/><\/span>\n\t<\/p>\n<\/div>\n<div class=\"uabb-cf7-col-1\">\n\t<p><span class=\"wpcf7-form-control-wrap\" data-name=\"your-company\"><input size=\"40\" maxlength=\"400\" class=\"wpcf7-form-control wpcf7-text\" aria-invalid=\"false\" placeholder=\"Numele companiei dvs.\" value=\"\" type=\"text\" name=\"your-company\" \/><\/span>\n\t<\/p>\n<\/div>\n<div class=\"uabb-cf7-col-1\">\n\t<p><span class=\"wpcf7-form-control-wrap\" data-name=\"purpose\"><input size=\"40\" maxlength=\"400\" class=\"wpcf7-form-control wpcf7-text\" aria-invalid=\"false\" placeholder=\"Scopul modelului: (Marketing, Concuren\u021b\u0103, Prezentare)\" value=\"\" type=\"text\" name=\"purpose\" \/><\/span>\n\t<\/p>\n<\/div>\n<div class=\"uabb-cf7-col-1\">\n\t<p><span class=\"wpcf7-form-control-wrap\" data-name=\"size\"><input size=\"40\" maxlength=\"400\" class=\"wpcf7-form-control wpcf7-text\" aria-invalid=\"false\" placeholder=\"Scar\u0103 \u0219i dimensiune a\u0219teptate: (Lxlx\u00ce)\" value=\"\" type=\"text\" name=\"size\" \/><\/span>\n\t<\/p>\n<\/div>\n<div class=\"uabb-cf7-col-1\">\n\t<p><span class=\"wpcf7-form-control-wrap\" data-name=\"date\"><input size=\"40\" maxlength=\"400\" class=\"wpcf7-form-control wpcf7-text\" aria-invalid=\"false\" placeholder=\"Data estimat\u0103 de finalizare\" value=\"\" type=\"text\" name=\"date\" \/><\/span>\n\t<\/p>\n<\/div>\n<div class=\"uabb-cf7-col-1\">\n\t<p><span class=\"wpcf7-form-control-wrap\" data-name=\"delivery\"><input size=\"40\" maxlength=\"400\" class=\"wpcf7-form-control wpcf7-text\" aria-invalid=\"false\" placeholder=\"Destina\u021bii de livrare \u0219i instalare: (Ora\u0219, \u021aar\u0103)\" value=\"\" type=\"text\" name=\"delivery\" \/><\/span>\n\t<\/p>\n<\/div>\n<div class=\"uabb-cf7-col-1\">\n\t<p><span class=\"wpcf7-form-control-wrap\" data-name=\"your-message\"><textarea cols=\"60\" rows=\"3\" maxlength=\"2000\" class=\"wpcf7-form-control wpcf7-textarea wpcf7-validates-as-required\" aria-required=\"true\" aria-invalid=\"false\" placeholder=\"Mesajul dvs*\" name=\"your-message\"><\/textarea><\/span>\n\t<\/p>\n<\/div>\n<div class=\"uabb-cf7-col-1\">\n\t<p><span class=\"wpcf7-form-control-wrap\" data-name=\"upload-file-221\"><input size=\"40\" class=\"wpcf7-form-control wpcf7-drag-n-drop-file d-none\" aria-invalid=\"false\" type=\"file\" multiple=\"multiple\" data-name=\"upload-file-221\" data-type=\"jpg|jpeg|zip|png|gif|rar|pdf\" data-limit=\"104857600\" data-id=\"13103\" data-version=\"free version 1.3.9.6\" accept=\".jpg, .jpeg, .zip, .png, .gif, .rar, .pdf\" \/><\/span>(V\u0103 rug\u0103m s\u0103 ne trimite\u021bi prin Dropbox sau WeTransfer, sau prin adresa noastr\u0103 de e-mail: <a href=\"mailto:marketing@rjmodels.com.hk\">marketing@rjmodels.com.hk<\/a> dac\u0103 fi\u0219ierele sunt mai mari de 50 MB.)\n\t<\/p>\n<\/div>\n<div class=\"uabb-cf7-col-1\">\n\t<p><input class=\"wpcf7-form-control wpcf7-submit has-spinner cf7-submit\" type=\"submit\" value=\"OFERT\u0102 GRATUIT\u0102\" \/>\n\t<\/p>\n<\/div>\n<p><script>\ndocument.addEventListener( 'wpcf7mailsent', function( event ) {\n location = '\/thank-you-rj-models\/';\n}, false );\n<\/script>\n<\/p>\n<style>\n.cf7-submit{display: grid;margin: auto;}\n<\/style><p style=\"display: none !important;\" class=\"akismet-fields-container\" data-prefix=\"_wpcf7_ak_\"><label>\u0394<textarea name=\"_wpcf7_ak_hp_textarea\" cols=\"45\" rows=\"8\" maxlength=\"100\"><\/textarea><\/label><input type=\"hidden\" id=\"ak_js_1\" name=\"_wpcf7_ak_js\" value=\"92\"\/><script>\ndocument.getElementById( \"ak_js_1\" ).setAttribute( \"value\", ( new Date() ).getTime() );\n<\/script>\n<\/p><div class=\"wpcf7-response-output\" aria-hidden=\"true\"><\/div>\n<input type=\"hidden\" name=\"trp-form-language\" value=\"ro\"\/><\/form>\n<\/div>\n\n<h4>\n\t\tFounder Notes\n\t<\/h4>\n\tViziunea noastr\u0103 este de a produce modele arhitecturale de cea mai bun\u0103 calitate peste tot \u00een lume.\n\t\t\t\t<img decoding=\"async\" src=\"https:\/\/www.rjmodels.com.hk\/wp-content\/uploads\/2018\/01\/homeVideo2BG.jpg\" alt=\"CEO\" itemprop=\"image\" title=\"Arhcitectual Model Making Company, RJ Models\" onerror=\"this.style.display='none'\">","protected":false},"excerpt":{"rendered":"<p>How RJ Models helps you make your design into 3D Printed Architectural Model RJ Models is a world-class leader in the 3D printed architectural model making. Our 3D printing technology is being utilized to print over 700 architectural models every year around the world for projects such as office, leisure and sport, interiors, maritime, and [&hellip;]<\/p>\n","protected":false},"author":2,"featured_media":0,"parent":0,"menu_order":93,"comment_status":"closed","ping_status":"closed","template":"","meta":{"_acf_changed":false,"site-sidebar-layout":"no-sidebar","site-content-layout":"page-builder","ast-site-content-layout":"default","site-content-style":"default","site-sidebar-style":"default","ast-global-header-display":"","ast-banner-title-visibility":"","ast-main-header-display":"","ast-hfb-above-header-display":"","ast-hfb-below-header-display":"","ast-hfb-mobile-header-display":"","site-post-title":"disabled","ast-breadcrumbs-content":"","ast-featured-img":"disabled","footer-sml-layout":"","theme-transparent-header-meta":"","adv-header-id-meta":"","stick-header-meta":"","header-above-stick-meta":"","header-main-stick-meta":"","header-below-stick-meta":"","astra-migrate-meta-layouts":"default","ast-page-background-enabled":"default","ast-page-background-meta":{"desktop":{"background-color":"","background-image":"","background-repeat":"repeat","background-position":"center center","background-size":"auto","background-attachment":"scroll","background-type":"","background-media":"","overlay-type":"","overlay-color":"","overlay-opacity":"","overlay-gradient":""},"tablet":{"background-color":"","background-image":"","background-repeat":"repeat","background-position":"center center","background-size":"auto","background-attachment":"scroll","background-type":"","background-media":"","overlay-type":"","overlay-color":"","overlay-opacity":"","overlay-gradient":""},"mobile":{"background-color":"","background-image":"","background-repeat":"repeat","background-position":"center center","background-size":"auto","background-attachment":"scroll","background-type":"","background-media":"","overlay-type":"","overlay-color":"","overlay-opacity":"","overlay-gradient":""}},"ast-content-background-meta":{"desktop":{"background-color":"var(--ast-global-color-5)","background-image":"","background-repeat":"repeat","background-position":"center center","background-size":"auto","background-attachment":"scroll","background-type":"","background-media":"","overlay-type":"","overlay-color":"","overlay-opacity":"","overlay-gradient":""},"tablet":{"background-color":"var(--ast-global-color-5)","background-image":"","background-repeat":"repeat","background-position":"center center","background-size":"auto","background-attachment":"scroll","background-type":"","background-media":"","overlay-type":"","overlay-color":"","overlay-opacity":"","overlay-gradient":""},"mobile":{"background-color":"var(--ast-global-color-5)","background-image":"","background-repeat":"repeat","background-position":"center center","background-size":"auto","background-attachment":"scroll","background-type":"","background-media":"","overlay-type":"","overlay-color":"","overlay-opacity":"","overlay-gradient":""}},"footnotes":""},"class_list":["post-782","page","type-page","status-publish","hentry"],"acf":[],"yoast_head":"<!-- This site is optimized with the Yoast SEO plugin v27.5 - https:\/\/yoast.com\/product\/yoast-seo-wordpress\/ -->\n<title>3d printed architectural model procedure<\/title>\n<meta name=\"description\" content=\"3d printed architectural model procedure. RJ Models has been fortunate to have worked on numbers of architectural projects for you.\" \/>\n<meta name=\"robots\" content=\"index, follow, max-snippet:-1, max-image-preview:large, max-video-preview:-1\" \/>\n<link rel=\"canonical\" href=\"https:\/\/www.rjmodels.com.hk\/ro\/intrebari-frecvente\/procedura-modelului-arhitectural-imprimat-3d\/\" \/>\n<meta property=\"og:locale\" content=\"ro_RO\" \/>\n<meta property=\"og:type\" content=\"article\" \/>\n<meta property=\"og:title\" content=\"3d printed architectural model procedure\" \/>\n<meta property=\"og:description\" content=\"3d printed architectural model procedure. RJ Models has been fortunate to have worked on numbers of architectural projects for you.\" \/>\n<meta property=\"og:url\" content=\"https:\/\/www.rjmodels.com.hk\/ro\/intrebari-frecvente\/procedura-modelului-arhitectural-imprimat-3d\/\" \/>\n<meta property=\"og:site_name\" content=\"RJ Models\" \/>\n<meta property=\"article:publisher\" content=\"https:\/\/www.facebook.com\/rjmodelmaking\" \/>\n<meta property=\"article:modified_time\" content=\"2022-10-18T08:45:58+00:00\" \/>\n<meta property=\"og:image\" content=\"https:\/\/www.rjmodels.com.hk\/\/wp-content\/uploads\/2018\/03\/step1Image.jpg\" \/>\n<meta name=\"twitter:card\" content=\"summary_large_image\" \/>\n<meta name=\"twitter:label1\" content=\"Timp estimat pentru citire\" \/>\n\t<meta name=\"twitter:data1\" content=\"4 minute\" \/>\n<script type=\"application\/ld+json\" class=\"yoast-schema-graph\">{\"@context\":\"https:\\\/\\\/schema.org\",\"@graph\":[{\"@type\":\"WebPage\",\"@id\":\"https:\\\/\\\/www.rjmodels.com.hk\\\/faqs\\\/3d-printed-architectural-model-procedure\\\/\",\"url\":\"https:\\\/\\\/www.rjmodels.com.hk\\\/faqs\\\/3d-printed-architectural-model-procedure\\\/\",\"name\":\"3d printed architectural model procedure\",\"isPartOf\":{\"@id\":\"https:\\\/\\\/www.rjmodels.com.hk\\\/#website\"},\"primaryImageOfPage\":{\"@id\":\"https:\\\/\\\/www.rjmodels.com.hk\\\/faqs\\\/3d-printed-architectural-model-procedure\\\/#primaryimage\"},\"image\":{\"@id\":\"https:\\\/\\\/www.rjmodels.com.hk\\\/faqs\\\/3d-printed-architectural-model-procedure\\\/#primaryimage\"},\"thumbnailUrl\":\"https:\\\/\\\/www.rjmodels.com.hk\\\/wp-content\\\/uploads\\\/2018\\\/03\\\/step1Image.jpg\",\"datePublished\":\"2018-03-16T14:34:30+00:00\",\"dateModified\":\"2022-10-18T08:45:58+00:00\",\"description\":\"3d printed architectural model procedure. RJ Models has been fortunate to have worked on numbers of architectural projects for you.\",\"breadcrumb\":{\"@id\":\"https:\\\/\\\/www.rjmodels.com.hk\\\/faqs\\\/3d-printed-architectural-model-procedure\\\/#breadcrumb\"},\"inLanguage\":\"ro-RO\",\"potentialAction\":[{\"@type\":\"ReadAction\",\"target\":[\"https:\\\/\\\/www.rjmodels.com.hk\\\/faqs\\\/3d-printed-architectural-model-procedure\\\/\"]}]},{\"@type\":\"ImageObject\",\"inLanguage\":\"ro-RO\",\"@id\":\"https:\\\/\\\/www.rjmodels.com.hk\\\/faqs\\\/3d-printed-architectural-model-procedure\\\/#primaryimage\",\"url\":\"https:\\\/\\\/www.rjmodels.com.hk\\\/wp-content\\\/uploads\\\/2018\\\/03\\\/step1Image.jpg\",\"contentUrl\":\"https:\\\/\\\/www.rjmodels.com.hk\\\/wp-content\\\/uploads\\\/2018\\\/03\\\/step1Image.jpg\"},{\"@type\":\"BreadcrumbList\",\"@id\":\"https:\\\/\\\/www.rjmodels.com.hk\\\/faqs\\\/3d-printed-architectural-model-procedure\\\/#breadcrumb\",\"itemListElement\":[{\"@type\":\"ListItem\",\"position\":1,\"name\":\"Home\",\"item\":\"https:\\\/\\\/www.rjmodels.com.hk\\\/\"},{\"@type\":\"ListItem\",\"position\":2,\"name\":\"How RJ Models helps you make your design into 3D Printed Architectural Model\"}]},{\"@type\":\"WebSite\",\"@id\":\"https:\\\/\\\/www.rjmodels.com.hk\\\/#website\",\"url\":\"https:\\\/\\\/www.rjmodels.com.hk\\\/\",\"name\":\"RJ Models\",\"description\":\"\",\"publisher\":{\"@id\":\"https:\\\/\\\/www.rjmodels.com.hk\\\/#organization\"},\"potentialAction\":[{\"@type\":\"SearchAction\",\"target\":{\"@type\":\"EntryPoint\",\"urlTemplate\":\"https:\\\/\\\/www.rjmodels.com.hk\\\/?s={search_term_string}\"},\"query-input\":{\"@type\":\"PropertyValueSpecification\",\"valueRequired\":true,\"valueName\":\"search_term_string\"}}],\"inLanguage\":\"ro-RO\"},{\"@type\":\"Organization\",\"@id\":\"https:\\\/\\\/www.rjmodels.com.hk\\\/#organization\",\"name\":\"RJ Models\",\"url\":\"https:\\\/\\\/www.rjmodels.com.hk\\\/\",\"logo\":{\"@type\":\"ImageObject\",\"inLanguage\":\"ro-RO\",\"@id\":\"https:\\\/\\\/www.rjmodels.com.hk\\\/#\\\/schema\\\/logo\\\/image\\\/\",\"url\":\"https:\\\/\\\/www.rjmodels.com.hk\\\/wp-content\\\/uploads\\\/2021\\\/11\\\/cropped-logo-12.png\",\"contentUrl\":\"https:\\\/\\\/www.rjmodels.com.hk\\\/wp-content\\\/uploads\\\/2021\\\/11\\\/cropped-logo-12.png\",\"width\":681,\"height\":162,\"caption\":\"RJ Models\"},\"image\":{\"@id\":\"https:\\\/\\\/www.rjmodels.com.hk\\\/#\\\/schema\\\/logo\\\/image\\\/\"},\"sameAs\":[\"https:\\\/\\\/www.facebook.com\\\/rjmodelmaking\"]}]}<\/script>\n<!-- \/ Yoast SEO plugin. -->","yoast_head_json":{"title":"Procedura modelului arhitectural imprimat 3D","description":"Procedura de realizare a unui model arhitectural printat 3D. RJ Models a avut norocul s\u0103 lucreze la numeroase proiecte arhitecturale pentru dumneavoastr\u0103.","robots":{"index":"index","follow":"follow","max-snippet":"max-snippet:-1","max-image-preview":"max-image-preview:large","max-video-preview":"max-video-preview:-1"},"canonical":"https:\/\/www.rjmodels.com.hk\/ro\/intrebari-frecvente\/procedura-modelului-arhitectural-imprimat-3d\/","og_locale":"ro_RO","og_type":"article","og_title":"3d printed architectural model procedure","og_description":"3d printed architectural model procedure. RJ Models has been fortunate to have worked on numbers of architectural projects for you.","og_url":"https:\/\/www.rjmodels.com.hk\/ro\/intrebari-frecvente\/procedura-modelului-arhitectural-imprimat-3d\/","og_site_name":"RJ Models","article_publisher":"https:\/\/www.facebook.com\/rjmodelmaking","article_modified_time":"2022-10-18T08:45:58+00:00","og_image":[{"url":"https:\/\/www.rjmodels.com.hk\/\/wp-content\/uploads\/2018\/03\/step1Image.jpg","type":"","width":"","height":""}],"twitter_card":"summary_large_image","twitter_misc":{"Timp estimat pentru citire":"4 minute"},"schema":{"@context":"https:\/\/schema.org","@graph":[{"@type":"WebPage","@id":"https:\/\/www.rjmodels.com.hk\/faqs\/3d-printed-architectural-model-procedure\/","url":"https:\/\/www.rjmodels.com.hk\/faqs\/3d-printed-architectural-model-procedure\/","name":"Procedura modelului arhitectural imprimat 3D","isPartOf":{"@id":"https:\/\/www.rjmodels.com.hk\/#website"},"primaryImageOfPage":{"@id":"https:\/\/www.rjmodels.com.hk\/faqs\/3d-printed-architectural-model-procedure\/#primaryimage"},"image":{"@id":"https:\/\/www.rjmodels.com.hk\/faqs\/3d-printed-architectural-model-procedure\/#primaryimage"},"thumbnailUrl":"https:\/\/www.rjmodels.com.hk\/wp-content\/uploads\/2018\/03\/step1Image.jpg","datePublished":"2018-03-16T14:34:30+00:00","dateModified":"2022-10-18T08:45:58+00:00","description":"Procedura de realizare a unui model arhitectural printat 3D. RJ Models a avut norocul s\u0103 lucreze la numeroase proiecte arhitecturale pentru dumneavoastr\u0103.","breadcrumb":{"@id":"https:\/\/www.rjmodels.com.hk\/faqs\/3d-printed-architectural-model-procedure\/#breadcrumb"},"inLanguage":"ro-RO","potentialAction":[{"@type":"ReadAction","target":["https:\/\/www.rjmodels.com.hk\/faqs\/3d-printed-architectural-model-procedure\/"]}]},{"@type":"ImageObject","inLanguage":"ro-RO","@id":"https:\/\/www.rjmodels.com.hk\/faqs\/3d-printed-architectural-model-procedure\/#primaryimage","url":"https:\/\/www.rjmodels.com.hk\/wp-content\/uploads\/2018\/03\/step1Image.jpg","contentUrl":"https:\/\/www.rjmodels.com.hk\/wp-content\/uploads\/2018\/03\/step1Image.jpg"},{"@type":"BreadcrumbList","@id":"https:\/\/www.rjmodels.com.hk\/faqs\/3d-printed-architectural-model-procedure\/#breadcrumb","itemListElement":[{"@type":"ListItem","position":1,"name":"Home","item":"https:\/\/www.rjmodels.com.hk\/"},{"@type":"ListItem","position":2,"name":"How RJ Models helps you make your design into 3D Printed Architectural Model"}]},{"@type":"WebSite","@id":"https:\/\/www.rjmodels.com.hk\/#website","url":"https:\/\/www.rjmodels.com.hk\/","name":"Modele RJ","description":"","publisher":{"@id":"https:\/\/www.rjmodels.com.hk\/#organization"},"potentialAction":[{"@type":"SearchAction","target":{"@type":"EntryPoint","urlTemplate":"https:\/\/www.rjmodels.com.hk\/?s={search_term_string}"},"query-input":{"@type":"PropertyValueSpecification","valueRequired":true,"valueName":"search_term_string"}}],"inLanguage":"ro-RO"},{"@type":"Organization","@id":"https:\/\/www.rjmodels.com.hk\/#organization","name":"Modele RJ","url":"https:\/\/www.rjmodels.com.hk\/","logo":{"@type":"ImageObject","inLanguage":"ro-RO","@id":"https:\/\/www.rjmodels.com.hk\/#\/schema\/logo\/image\/","url":"https:\/\/www.rjmodels.com.hk\/wp-content\/uploads\/2021\/11\/cropped-logo-12.png","contentUrl":"https:\/\/www.rjmodels.com.hk\/wp-content\/uploads\/2021\/11\/cropped-logo-12.png","width":681,"height":162,"caption":"RJ Models"},"image":{"@id":"https:\/\/www.rjmodels.com.hk\/#\/schema\/logo\/image\/"},"sameAs":["https:\/\/www.facebook.com\/rjmodelmaking"]}]}},"_links":{"self":[{"href":"https:\/\/www.rjmodels.com.hk\/ro\/wp-json\/wp\/v2\/pages\/782","targetHints":{"allow":["GET"]}}],"collection":[{"href":"https:\/\/www.rjmodels.com.hk\/ro\/wp-json\/wp\/v2\/pages"}],"about":[{"href":"https:\/\/www.rjmodels.com.hk\/ro\/wp-json\/wp\/v2\/types\/page"}],"author":[{"embeddable":true,"href":"https:\/\/www.rjmodels.com.hk\/ro\/wp-json\/wp\/v2\/users\/2"}],"replies":[{"embeddable":true,"href":"https:\/\/www.rjmodels.com.hk\/ro\/wp-json\/wp\/v2\/comments?post=782"}],"version-history":[{"count":0,"href":"https:\/\/www.rjmodels.com.hk\/ro\/wp-json\/wp\/v2\/pages\/782\/revisions"}],"wp:attachment":[{"href":"https:\/\/www.rjmodels.com.hk\/ro\/wp-json\/wp\/v2\/media?parent=782"}],"curies":[{"name":"wp","href":"https:\/\/api.w.org\/{rel}","templated":true}]}}