{"id":521,"date":"2025-02-22T09:57:26","date_gmt":"2025-02-22T09:57:26","guid":{"rendered":"http:\/\/rj.digitalpixels.co\/?page_id=521"},"modified":"2026-03-18T09:34:33","modified_gmt":"2026-03-18T09:34:33","slug":"cum-se-realizeaza-macheta-arhitecturala","status":"publish","type":"page","link":"https:\/\/www.rjmodels.com.hk\/ro\/cum-se-realizeaza-macheta-arhitecturala\/","title":{"rendered":"Procedur\u0103"},"content":{"rendered":"<h2>\n\t\t5 pa\u0219i pentru a \u0219ti <br \/> How to Produce an Architectural Model Making\n\t<\/h2>\n\t<p>At RJ Models, we follow a streamlined 5-step process to ensure every <a href=\"https:\/\/www.rjmodels.com.hk\/ro\/ghid-de-modele-arhitecturale\/\">model arhitectural<\/a> meets professional standards.<\/p>\n<p>Our systematic approach covers everything from initial enquiry and data analysis to meticulous production and global installation.<\/p>\n<p>We specialize in transforming complex design schemes into high-quality physical models for architects and developers worldwide.<\/p>\n<h2>\n\t\tPasul 1. Solicitare\n\t<\/h2>\n\t<p><b data-path-to-node=\"12,0,1,0\" data-index-in-node=\"1\">Firstly<\/b>, to provide an accurate quotation, we require specific project details.<\/p>\n<p>Please provide your model dimensions, preferred scale, and final design drawings in PDF, JPG or CAD format.<\/p>\n<p><b data-path-to-node=\"12,0,1,0\" data-index-in-node=\"184\">In addition<\/b>, sharing reference renderings helps our team understand your desired style and detail level.<\/p>\n<p>&nbsp;<\/p>\n\tDup\u0103 ce primim informa\u021biile de mai sus, vom preg\u0103ti o diagram\u0103 la scar\u0103 (vezi partea dreapt\u0103) pentru a oferi cota\u021bia \u00een termen de 48 de ore.\n\t\t\t\t<img loading=\"lazy\" decoding=\"async\" src=\"https:\/\/www.rjmodels.com.hk\/wp-content\/uploads\/2022\/11\/Model-Diagram-3d-6_2-\u526f\u672c.png\" alt=\"Diagram\u0103 de realizare a machetei arhitecturale 3D\" itemprop=\"image\" height=\"368\" width=\"589\" title=\"Diagram\u0103 de realizare a machetei arhitecturale 3D\" onerror=\"this.style.display='none'\"  \/>\n<h2>\n\t\tStep 2. Receiving Project Information\n\t<\/h2>\n\t<p><b data-path-to-node=\"12,1,1,0\" data-index-in-node=\"1\">Once<\/b> the quotation is confirmed, we need the latest documents to begin production.<\/p>\n<p>This ensures our model makers follow your most recent design.<\/p>\n<p>We specifically require updated CAD master plans and detailed building elevations to maintain high precision.<\/p>\n<ul>\n<li>Plan general actualizat \u00een CAD cu dimensiuni \u0219i interval, restric\u021bii\/limite\/domeniu de aplicare al modelului.<\/li>\n<\/ul>\n\t<h3>Cl\u0103diri:<\/h3>\n<ul>\n<li>Eleva\u021bii, planuri \u0219i sec\u021biuni ale tuturor cl\u0103dirilor \u00een CAD (dac\u0103 exist\u0103).<\/li>\n<li>Rhino, Sketchup, 3D Max, AutoCAD 3D (dac\u0103 exist\u0103).<\/li>\n<li>Mostr\u0103 de material de construc\u021bie sau cod de culori Panton (CU Matte)\/RAL.<\/li>\n<\/ul>\n<h3>Mediu:<\/h3>\n<ul>\n<li>Desen peisagistic cu marcaje de nivel.<\/li>\n<li>Desen peisagistic cu material \u0219i culoare.<\/li>\n<li>Plan peisagistic cu amplasarea copacilor.<\/li>\n<li>Fi\u0219ier 3D \u00een Rhino, 3D Max, AutoCAD 3D, Sketch-up.<\/li>\n<li>Mostr\u0103 de material pentru amenaj\u0103ri peisagistice sau cod de culori Panton (CU Matte)\/RAL.<\/li>\n<li>Rand\u0103ri pentru referin\u021b\u0103 (dac\u0103 exist\u0103).<\/li>\n<\/ul>\n\t<h3>Schem\u0103 de culori:<\/h3>\n<ul>\n<li>Selecta\u021bi codul pentru sticl\u0103 transparent\u0103 colorat\u0103 din exemplu.<\/li>\n<li>Selecta\u021bi codul sticlei reflectorizante din exemplu.<\/li>\n<li>Selecta\u021bi codul pentru iarb\u0103\/gazon din exemplu.<\/li>\n<\/ul>\n\tRJ Models va comunica efectul modelului arhitectural clien\u021bilor \u0219i va produce modelul strict pe baza desenelor dumneavoastr\u0103 de proiectare.\n\t\t\t\t<img loading=\"lazy\" decoding=\"async\" src=\"https:\/\/www.rjmodels.com.hk\/wp-content\/uploads\/2022\/11\/1081.jpg\" alt=\"Desene de modelare\" itemprop=\"image\" height=\"200\" width=\"592\" title=\"Desene de modelare\" onerror=\"this.style.display='none'\"  \/>\n<h2>\n\t\tPasul 3. Preg\u0103tirea \u0219i confirmarea e\u0219antionului de model arhitectural\n\t<\/h2>\n\t<p>Before full-scale production, we create detailed samples to demonstrate the final display effect.<\/p>\n<p>This stage allows you to review structure details, color matches, and lighting textures firsthand.<\/p>\n<p>By confirming these samples, we ensure the final model aligns perfectly with your original design philosophy.<\/p>\n<h2>\n\t\tStep 4. Model Production and Progress Report\n\t<\/h2>\n\t<p>Once production begins, our team provides professional progress photos at regular intervals.<\/p>\n<p>This transparency allows you to track the model&#8217;s development and ensures we meet the expected completion time.<\/p>\n<p>Furthermore, we welcome on-site visits to our workshop, giving you the opportunity to inspect the craftsmanship in person.<\/p>\n<h2>\n\t\tPasul 5. Transportul \u0219i instalarea modelului\n\t<\/h2>\n\t<p>Upon your final approval, we carefully pack and ship the miniature models to your designated global address.<\/p>\n<p>Our technicians manage the on-site installation and testing to guarantee the model functions perfectly.<\/p>\n<p>For frequent travelers, we also offer custom-designed flight cases to ensure maximum protection during transit.<\/p>\n\t<p>RJ Models a finalizat peste 10.000 de proiecte de machete de cl\u0103diri \u0219i este apreciat\u0103 de companii de design de arhitectur\u0103 de renume mondial, imobiliare, dezvoltatori, guvern \u0219i a\u0219a mai departe.<\/p>\n<p>V\u0103 oferim servicii de produc\u021bie de machete arhitecturale de \u00eenalt\u0103 productivitate \u0219i calitate superioar\u0103, pentru a v\u0103 permite s\u0103 expune\u021bi idei de design, s\u0103 le comercializa\u021bi, s\u0103 le vinde\u021bi \u0219i a\u0219a mai departe.<\/p>\n<p>&nbsp;<\/p>\n<h2>\n\t\tContact RJ Models &#038; We can Help You to Grow Your Business. \n\t<\/h2>\n\t\n<div class=\"wpcf7 no-js\" id=\"wpcf7-f48034-o1\" lang=\"en-US\" dir=\"ltr\" data-wpcf7-id=\"48034\">\n<div class=\"screen-reader-response\"><p role=\"status\" aria-live=\"polite\" aria-atomic=\"true\"><\/p> <ul><\/ul><\/div>\n<form action=\"\/ro\/wp-json\/wp\/v2\/pages\/521#wpcf7-f48034-o1\" method=\"post\" class=\"wpcf7-form init\" aria-label=\"Contact form\" novalidate=\"novalidate\" data-status=\"init\" data-trp-original-action=\"\/ro\/wp-json\/wp\/v2\/pages\/521#wpcf7-f48034-o1\">\n<fieldset class=\"hidden-fields-container\"><input type=\"hidden\" name=\"_wpcf7\" value=\"48034\" \/><input type=\"hidden\" name=\"_wpcf7_version\" value=\"6.1.5\" \/><input type=\"hidden\" name=\"_wpcf7_locale\" value=\"en_US\" \/><input type=\"hidden\" name=\"_wpcf7_unit_tag\" value=\"wpcf7-f48034-o1\" \/><input type=\"hidden\" name=\"_wpcf7_container_post\" value=\"0\" \/><input type=\"hidden\" name=\"_wpcf7_posted_data_hash\" value=\"\" \/>\n<\/fieldset>\n<div class=\"uabb-cf7-col-1\">\n\t<p><span class=\"wpcf7-form-control-wrap\" data-name=\"your-name\"><input size=\"40\" maxlength=\"400\" class=\"wpcf7-form-control wpcf7-text wpcf7-validates-as-required\" aria-required=\"true\" aria-invalid=\"false\" placeholder=\"Numele dumneavoastr\u0103\" value=\"\" type=\"text\" name=\"your-name\" \/><\/span>\n\t<\/p>\n<\/div>\n<div class=\"uabb-cf7-col-1\">\n\t<p><span class=\"wpcf7-form-control-wrap\" data-name=\"your-email\"><input size=\"40\" maxlength=\"400\" class=\"wpcf7-form-control wpcf7-email wpcf7-validates-as-required wpcf7-text wpcf7-validates-as-email\" aria-required=\"true\" aria-invalid=\"false\" placeholder=\"Adresa dvs. de e-mail*\" value=\"\" type=\"email\" name=\"your-email\" \/><\/span>\n\t<\/p>\n<\/div>\n<div class=\"uabb-cf7-col-1\">\n\t<p><span class=\"wpcf7-form-control-wrap\" data-name=\"your-company\"><input size=\"40\" maxlength=\"400\" class=\"wpcf7-form-control wpcf7-text\" aria-invalid=\"false\" placeholder=\"Numele companiei dvs.\" value=\"\" type=\"text\" name=\"your-company\" \/><\/span>\n\t<\/p>\n<\/div>\n<div class=\"uabb-cf7-col-1\">\n\t<p><span class=\"wpcf7-form-control-wrap\" data-name=\"purpose\"><input size=\"40\" maxlength=\"400\" class=\"wpcf7-form-control wpcf7-text\" aria-invalid=\"false\" placeholder=\"Scopul modelului: (Marketing, Concuren\u021b\u0103, Prezentare)\" value=\"\" type=\"text\" name=\"purpose\" \/><\/span>\n\t<\/p>\n<\/div>\n<div class=\"uabb-cf7-col-1\">\n\t<p><span class=\"wpcf7-form-control-wrap\" data-name=\"size\"><input size=\"40\" maxlength=\"400\" class=\"wpcf7-form-control wpcf7-text\" aria-invalid=\"false\" placeholder=\"Scar\u0103 \u0219i dimensiune a\u0219teptate: (Lxlx\u00ce)\" value=\"\" type=\"text\" name=\"size\" \/><\/span>\n\t<\/p>\n<\/div>\n<div class=\"uabb-cf7-col-1\">\n\t<p><span class=\"wpcf7-form-control-wrap\" data-name=\"date\"><input size=\"40\" maxlength=\"400\" class=\"wpcf7-form-control wpcf7-text\" aria-invalid=\"false\" placeholder=\"Data estimat\u0103 de finalizare\" value=\"\" type=\"text\" name=\"date\" \/><\/span>\n\t<\/p>\n<\/div>\n<div class=\"uabb-cf7-col-1\">\n\t<p><span class=\"wpcf7-form-control-wrap\" data-name=\"delivery\"><input size=\"40\" maxlength=\"400\" class=\"wpcf7-form-control wpcf7-text\" aria-invalid=\"false\" placeholder=\"Destina\u021bii de livrare \u0219i instalare: (Ora\u0219, \u021aar\u0103)\" value=\"\" type=\"text\" name=\"delivery\" \/><\/span>\n\t<\/p>\n<\/div>\n<div class=\"uabb-cf7-col-1\">\n\t<p><span class=\"wpcf7-form-control-wrap\" data-name=\"expected-date\"><input size=\"40\" maxlength=\"400\" class=\"wpcf7-form-control wpcf7-text\" aria-invalid=\"false\" placeholder=\"Data estimat\u0103 pentru vizita la fabric\u0103: (lun\u0103, dat\u0103 \/ ulterior)\" value=\"\" type=\"text\" name=\"expected-date\" \/><\/span>\n\t<\/p>\n<\/div>\n<div class=\"uabb-cf7-col-1\">\n\t<p><span class=\"wpcf7-form-control-wrap\" data-name=\"your-message\"><textarea cols=\"60\" rows=\"3\" maxlength=\"2000\" class=\"wpcf7-form-control wpcf7-textarea wpcf7-validates-as-required\" aria-required=\"true\" aria-invalid=\"false\" placeholder=\"Mesajul dvs*\" name=\"your-message\"><\/textarea><\/span>\n\t<\/p>\n<\/div>\n<div class=\"uabb-cf7-col-1\">\n\t<p><span class=\"wpcf7-form-control-wrap\" data-name=\"upload-file-221\"><input size=\"40\" class=\"wpcf7-form-control wpcf7-drag-n-drop-file d-none\" aria-invalid=\"false\" type=\"file\" multiple=\"multiple\" data-name=\"upload-file-221\" data-type=\"jpg|jpeg|zip|png|gif|rar|pdf\" data-limit=\"104857600\" data-id=\"48034\" data-version=\"free version 1.3.9.6\" accept=\".jpg, .jpeg, .zip, .png, .gif, .rar, .pdf\" \/><\/span>(V\u0103 rug\u0103m s\u0103 ne trimite\u021bi prin Dropbox sau WeTransfer, sau prin adresa noastr\u0103 de e-mail: <a href=\"mailto:marketing@rjmodels.com.hk\">marketing@rjmodels.com.hk<\/a> dac\u0103 fi\u0219ierele sunt mai mari de 50 MB.)\n\t<\/p>\n<\/div>\n<div class=\"uabb-cf7-col-1\">\n\t<p><input class=\"wpcf7-form-control wpcf7-submit has-spinner cf7-submit\" type=\"submit\" value=\"OFERT\u0102 GRATUIT\u0102\" \/>\n\t<\/p>\n<\/div>\n<p><script>\ndocument.addEventListener( 'wpcf7mailsent', function( event ) {\n location = '\/thank-you-rj-models\/';\n}, false );\n<\/script>\n<\/p>\n<style>\n.cf7-submit{display: grid;margin: auto;}\n<\/style><p style=\"display: none !important;\" class=\"akismet-fields-container\" data-prefix=\"_wpcf7_ak_\"><label>\u0394<textarea name=\"_wpcf7_ak_hp_textarea\" cols=\"45\" rows=\"8\" maxlength=\"100\"><\/textarea><\/label><input type=\"hidden\" id=\"ak_js_1\" name=\"_wpcf7_ak_js\" value=\"159\"\/><script>\ndocument.getElementById( \"ak_js_1\" ).setAttribute( \"value\", ( new Date() ).getTime() );\n<\/script>\n<\/p><div class=\"wpcf7-response-output\" aria-hidden=\"true\"><\/div>\n<input type=\"hidden\" name=\"trp-form-language\" value=\"ro\"\/><\/form>\n<\/div>\n\n\t<p>Viziunea noastr\u0103 este de a oferi modele 3D la scar\u0103 de cea mai bun\u0103 calitate oriunde \u00een lume.<\/p>\n<p>Contacta\u021bi-ne acum \u0219i v\u0103 vom r\u0103spunde \u00een termen de 24 de ore.<\/p>\n\t\t\t\t<img loading=\"lazy\" decoding=\"async\" src=\"https:\/\/www.rjmodels.com.hk\/wp-content\/uploads\/2022\/05\/350-600-2.jpg\" alt=\"Constructor de modele arhitecturale\" itemprop=\"image\" height=\"600\" width=\"350\" title=\"Constructor de modele arhitecturale\" onerror=\"this.style.display='none'\"  \/>","protected":false},"excerpt":{"rendered":"<p>5 Steps to know How to Produce an Architectural Model Making At RJ Models, we follow a streamlined 5-step process to ensure every architectural model meets professional standards. Our systematic approach covers everything from initial enquiry and data analysis to meticulous production and global installation. We specialize in transforming complex design schemes into high-quality physical [&hellip;]<\/p>\n","protected":false},"author":2,"featured_media":0,"parent":0,"menu_order":3,"comment_status":"closed","ping_status":"closed","template":"","meta":{"_acf_changed":false,"site-sidebar-layout":"no-sidebar","site-content-layout":"page-builder","ast-site-content-layout":"full-width-container","site-content-style":"unboxed","site-sidebar-style":"unboxed","ast-global-header-display":"","ast-banner-title-visibility":"","ast-main-header-display":"","ast-hfb-above-header-display":"","ast-hfb-below-header-display":"","ast-hfb-mobile-header-display":"","site-post-title":"disabled","ast-breadcrumbs-content":"","ast-featured-img":"disabled","footer-sml-layout":"","theme-transparent-header-meta":"default","adv-header-id-meta":"","stick-header-meta":"default","header-above-stick-meta":"","header-main-stick-meta":"","header-below-stick-meta":"","astra-migrate-meta-layouts":"set","ast-page-background-enabled":"default","ast-page-background-meta":{"desktop":{"background-color":"","background-image":"","background-repeat":"repeat","background-position":"center center","background-size":"auto","background-attachment":"scroll","background-type":"","background-media":"","overlay-type":"","overlay-color":"","overlay-opacity":"","overlay-gradient":""},"tablet":{"background-color":"","background-image":"","background-repeat":"repeat","background-position":"center center","background-size":"auto","background-attachment":"scroll","background-type":"","background-media":"","overlay-type":"","overlay-color":"","overlay-opacity":"","overlay-gradient":""},"mobile":{"background-color":"","background-image":"","background-repeat":"repeat","background-position":"center center","background-size":"auto","background-attachment":"scroll","background-type":"","background-media":"","overlay-type":"","overlay-color":"","overlay-opacity":"","overlay-gradient":""}},"ast-content-background-meta":{"desktop":{"background-color":"var(--ast-global-color-5)","background-image":"","background-repeat":"repeat","background-position":"center center","background-size":"auto","background-attachment":"scroll","background-type":"","background-media":"","overlay-type":"","overlay-color":"","overlay-opacity":"","overlay-gradient":""},"tablet":{"background-color":"var(--ast-global-color-5)","background-image":"","background-repeat":"repeat","background-position":"center center","background-size":"auto","background-attachment":"scroll","background-type":"","background-media":"","overlay-type":"","overlay-color":"","overlay-opacity":"","overlay-gradient":""},"mobile":{"background-color":"var(--ast-global-color-5)","background-image":"","background-repeat":"repeat","background-position":"center center","background-size":"auto","background-attachment":"scroll","background-type":"","background-media":"","overlay-type":"","overlay-color":"","overlay-opacity":"","overlay-gradient":""}},"footnotes":""},"class_list":["post-521","page","type-page","status-publish","hentry"],"acf":[],"yoast_head":"<!-- This site is optimized with the Yoast SEO plugin v27.5 - https:\/\/yoast.com\/product\/yoast-seo-wordpress\/ -->\n<title>How to Make Architectural Models | 5-Step Process | RJ Models<\/title>\n<meta name=\"description\" content=\"Learn how RJ Models creates world-class architectural models. Our 5-step process ensures precision from enquiry to global delivery.\" \/>\n<meta name=\"robots\" content=\"index, follow, max-snippet:-1, max-image-preview:large, max-video-preview:-1\" \/>\n<link rel=\"canonical\" href=\"https:\/\/www.rjmodels.com.hk\/ro\/cum-se-realizeaza-macheta-arhitecturala\/\" \/>\n<meta property=\"og:locale\" content=\"ro_RO\" \/>\n<meta property=\"og:type\" content=\"article\" \/>\n<meta property=\"og:title\" content=\"How to Make Architectural Models | 5-Step Process | RJ Models\" \/>\n<meta property=\"og:description\" content=\"Learn how RJ Models creates world-class architectural models. Our 5-step process ensures precision from enquiry to global delivery.\" \/>\n<meta property=\"og:url\" content=\"https:\/\/www.rjmodels.com.hk\/ro\/cum-se-realizeaza-macheta-arhitecturala\/\" \/>\n<meta property=\"og:site_name\" content=\"RJ Models\" \/>\n<meta property=\"article:publisher\" content=\"https:\/\/www.facebook.com\/rjmodelmaking\" \/>\n<meta property=\"article:modified_time\" content=\"2026-03-18T09:34:33+00:00\" \/>\n<meta property=\"og:image\" content=\"https:\/\/www.rjmodels.com.hk\/wp-content\/uploads\/2022\/11\/1081.jpg\" \/>\n<meta name=\"twitter:card\" content=\"summary_large_image\" \/>\n<meta name=\"twitter:label1\" content=\"Timp estimat pentru citire\" \/>\n\t<meta name=\"twitter:data1\" content=\"5 minute\" \/>\n<script type=\"application\/ld+json\" class=\"yoast-schema-graph\">{\"@context\":\"https:\\\/\\\/schema.org\",\"@graph\":[{\"@type\":\"WebPage\",\"@id\":\"https:\\\/\\\/www.rjmodels.com.hk\\\/how-to-make-the-architectural-model\\\/\",\"url\":\"https:\\\/\\\/www.rjmodels.com.hk\\\/how-to-make-the-architectural-model\\\/\",\"name\":\"How to Make Architectural Models | 5-Step Process | RJ Models\",\"isPartOf\":{\"@id\":\"https:\\\/\\\/www.rjmodels.com.hk\\\/#website\"},\"primaryImageOfPage\":{\"@id\":\"https:\\\/\\\/www.rjmodels.com.hk\\\/how-to-make-the-architectural-model\\\/#primaryimage\"},\"image\":{\"@id\":\"https:\\\/\\\/www.rjmodels.com.hk\\\/how-to-make-the-architectural-model\\\/#primaryimage\"},\"thumbnailUrl\":\"https:\\\/\\\/www.rjmodels.com.hk\\\/wp-content\\\/uploads\\\/2022\\\/11\\\/1081.jpg\",\"datePublished\":\"2025-02-22T09:57:26+00:00\",\"dateModified\":\"2026-03-18T09:34:33+00:00\",\"description\":\"Learn how RJ Models creates world-class architectural models. Our 5-step process ensures precision from enquiry to global delivery.\",\"breadcrumb\":{\"@id\":\"https:\\\/\\\/www.rjmodels.com.hk\\\/how-to-make-the-architectural-model\\\/#breadcrumb\"},\"inLanguage\":\"ro-RO\",\"potentialAction\":[{\"@type\":\"ReadAction\",\"target\":[\"https:\\\/\\\/www.rjmodels.com.hk\\\/how-to-make-the-architectural-model\\\/\"]}]},{\"@type\":\"ImageObject\",\"inLanguage\":\"ro-RO\",\"@id\":\"https:\\\/\\\/www.rjmodels.com.hk\\\/how-to-make-the-architectural-model\\\/#primaryimage\",\"url\":\"https:\\\/\\\/www.rjmodels.com.hk\\\/wp-content\\\/uploads\\\/2022\\\/11\\\/1081.jpg\",\"contentUrl\":\"https:\\\/\\\/www.rjmodels.com.hk\\\/wp-content\\\/uploads\\\/2022\\\/11\\\/1081.jpg\"},{\"@type\":\"BreadcrumbList\",\"@id\":\"https:\\\/\\\/www.rjmodels.com.hk\\\/how-to-make-the-architectural-model\\\/#breadcrumb\",\"itemListElement\":[{\"@type\":\"ListItem\",\"position\":1,\"name\":\"Home\",\"item\":\"https:\\\/\\\/www.rjmodels.com.hk\\\/\"},{\"@type\":\"ListItem\",\"position\":2,\"name\":\"Procedure\"}]},{\"@type\":\"WebSite\",\"@id\":\"https:\\\/\\\/www.rjmodels.com.hk\\\/#website\",\"url\":\"https:\\\/\\\/www.rjmodels.com.hk\\\/\",\"name\":\"RJ Models\",\"description\":\"\",\"publisher\":{\"@id\":\"https:\\\/\\\/www.rjmodels.com.hk\\\/#organization\"},\"potentialAction\":[{\"@type\":\"SearchAction\",\"target\":{\"@type\":\"EntryPoint\",\"urlTemplate\":\"https:\\\/\\\/www.rjmodels.com.hk\\\/?s={search_term_string}\"},\"query-input\":{\"@type\":\"PropertyValueSpecification\",\"valueRequired\":true,\"valueName\":\"search_term_string\"}}],\"inLanguage\":\"ro-RO\"},{\"@type\":\"Organization\",\"@id\":\"https:\\\/\\\/www.rjmodels.com.hk\\\/#organization\",\"name\":\"RJ Models\",\"url\":\"https:\\\/\\\/www.rjmodels.com.hk\\\/\",\"logo\":{\"@type\":\"ImageObject\",\"inLanguage\":\"ro-RO\",\"@id\":\"https:\\\/\\\/www.rjmodels.com.hk\\\/#\\\/schema\\\/logo\\\/image\\\/\",\"url\":\"https:\\\/\\\/www.rjmodels.com.hk\\\/wp-content\\\/uploads\\\/2021\\\/11\\\/cropped-logo-12.png\",\"contentUrl\":\"https:\\\/\\\/www.rjmodels.com.hk\\\/wp-content\\\/uploads\\\/2021\\\/11\\\/cropped-logo-12.png\",\"width\":681,\"height\":162,\"caption\":\"RJ Models\"},\"image\":{\"@id\":\"https:\\\/\\\/www.rjmodels.com.hk\\\/#\\\/schema\\\/logo\\\/image\\\/\"},\"sameAs\":[\"https:\\\/\\\/www.facebook.com\\\/rjmodelmaking\"]}]}<\/script>\n<!-- \/ Yoast SEO plugin. -->","yoast_head_json":{"title":"How to Make Architectural Models | 5-Step Process | RJ Models","description":"Learn how RJ Models creates world-class architectural models. Our 5-step process ensures precision from enquiry to global delivery.","robots":{"index":"index","follow":"follow","max-snippet":"max-snippet:-1","max-image-preview":"max-image-preview:large","max-video-preview":"max-video-preview:-1"},"canonical":"https:\/\/www.rjmodels.com.hk\/ro\/cum-se-realizeaza-macheta-arhitecturala\/","og_locale":"ro_RO","og_type":"article","og_title":"How to Make Architectural Models | 5-Step Process | RJ Models","og_description":"Learn how RJ Models creates world-class architectural models. Our 5-step process ensures precision from enquiry to global delivery.","og_url":"https:\/\/www.rjmodels.com.hk\/ro\/cum-se-realizeaza-macheta-arhitecturala\/","og_site_name":"RJ Models","article_publisher":"https:\/\/www.facebook.com\/rjmodelmaking","article_modified_time":"2026-03-18T09:34:33+00:00","og_image":[{"url":"https:\/\/www.rjmodels.com.hk\/wp-content\/uploads\/2022\/11\/1081.jpg","type":"","width":"","height":""}],"twitter_card":"summary_large_image","twitter_misc":{"Timp estimat pentru citire":"5 minute"},"schema":{"@context":"https:\/\/schema.org","@graph":[{"@type":"WebPage","@id":"https:\/\/www.rjmodels.com.hk\/how-to-make-the-architectural-model\/","url":"https:\/\/www.rjmodels.com.hk\/how-to-make-the-architectural-model\/","name":"How to Make Architectural Models | 5-Step Process | RJ Models","isPartOf":{"@id":"https:\/\/www.rjmodels.com.hk\/#website"},"primaryImageOfPage":{"@id":"https:\/\/www.rjmodels.com.hk\/how-to-make-the-architectural-model\/#primaryimage"},"image":{"@id":"https:\/\/www.rjmodels.com.hk\/how-to-make-the-architectural-model\/#primaryimage"},"thumbnailUrl":"https:\/\/www.rjmodels.com.hk\/wp-content\/uploads\/2022\/11\/1081.jpg","datePublished":"2025-02-22T09:57:26+00:00","dateModified":"2026-03-18T09:34:33+00:00","description":"Learn how RJ Models creates world-class architectural models. Our 5-step process ensures precision from enquiry to global delivery.","breadcrumb":{"@id":"https:\/\/www.rjmodels.com.hk\/how-to-make-the-architectural-model\/#breadcrumb"},"inLanguage":"ro-RO","potentialAction":[{"@type":"ReadAction","target":["https:\/\/www.rjmodels.com.hk\/how-to-make-the-architectural-model\/"]}]},{"@type":"ImageObject","inLanguage":"ro-RO","@id":"https:\/\/www.rjmodels.com.hk\/how-to-make-the-architectural-model\/#primaryimage","url":"https:\/\/www.rjmodels.com.hk\/wp-content\/uploads\/2022\/11\/1081.jpg","contentUrl":"https:\/\/www.rjmodels.com.hk\/wp-content\/uploads\/2022\/11\/1081.jpg"},{"@type":"BreadcrumbList","@id":"https:\/\/www.rjmodels.com.hk\/how-to-make-the-architectural-model\/#breadcrumb","itemListElement":[{"@type":"ListItem","position":1,"name":"Home","item":"https:\/\/www.rjmodels.com.hk\/"},{"@type":"ListItem","position":2,"name":"Procedure"}]},{"@type":"WebSite","@id":"https:\/\/www.rjmodels.com.hk\/#website","url":"https:\/\/www.rjmodels.com.hk\/","name":"Modele RJ","description":"","publisher":{"@id":"https:\/\/www.rjmodels.com.hk\/#organization"},"potentialAction":[{"@type":"SearchAction","target":{"@type":"EntryPoint","urlTemplate":"https:\/\/www.rjmodels.com.hk\/?s={search_term_string}"},"query-input":{"@type":"PropertyValueSpecification","valueRequired":true,"valueName":"search_term_string"}}],"inLanguage":"ro-RO"},{"@type":"Organization","@id":"https:\/\/www.rjmodels.com.hk\/#organization","name":"Modele RJ","url":"https:\/\/www.rjmodels.com.hk\/","logo":{"@type":"ImageObject","inLanguage":"ro-RO","@id":"https:\/\/www.rjmodels.com.hk\/#\/schema\/logo\/image\/","url":"https:\/\/www.rjmodels.com.hk\/wp-content\/uploads\/2021\/11\/cropped-logo-12.png","contentUrl":"https:\/\/www.rjmodels.com.hk\/wp-content\/uploads\/2021\/11\/cropped-logo-12.png","width":681,"height":162,"caption":"RJ Models"},"image":{"@id":"https:\/\/www.rjmodels.com.hk\/#\/schema\/logo\/image\/"},"sameAs":["https:\/\/www.facebook.com\/rjmodelmaking"]}]}},"_links":{"self":[{"href":"https:\/\/www.rjmodels.com.hk\/ro\/wp-json\/wp\/v2\/pages\/521","targetHints":{"allow":["GET"]}}],"collection":[{"href":"https:\/\/www.rjmodels.com.hk\/ro\/wp-json\/wp\/v2\/pages"}],"about":[{"href":"https:\/\/www.rjmodels.com.hk\/ro\/wp-json\/wp\/v2\/types\/page"}],"author":[{"embeddable":true,"href":"https:\/\/www.rjmodels.com.hk\/ro\/wp-json\/wp\/v2\/users\/2"}],"replies":[{"embeddable":true,"href":"https:\/\/www.rjmodels.com.hk\/ro\/wp-json\/wp\/v2\/comments?post=521"}],"version-history":[{"count":6,"href":"https:\/\/www.rjmodels.com.hk\/ro\/wp-json\/wp\/v2\/pages\/521\/revisions"}],"predecessor-version":[{"id":77796,"href":"https:\/\/www.rjmodels.com.hk\/ro\/wp-json\/wp\/v2\/pages\/521\/revisions\/77796"}],"wp:attachment":[{"href":"https:\/\/www.rjmodels.com.hk\/ro\/wp-json\/wp\/v2\/media?parent=521"}],"curies":[{"name":"wp","href":"https:\/\/api.w.org\/{rel}","templated":true}]}}