{"id":2564,"date":"2018-06-05T06:19:20","date_gmt":"2018-06-05T06:19:40","guid":{"rendered":"https:\/\/www.rjmodels.com.hk\/?page_id=2564"},"modified":"2025-06-25T09:06:43","modified_gmt":"2025-06-25T09:06:43","slug":"model-arhitectural","status":"publish","type":"page","link":"https:\/\/www.rjmodels.com.hk\/ro\/model-arhitectural\/","title":{"rendered":"Machete arhitecturale"},"content":{"rendered":"<a href=\"https:\/\/www.rjmodels.com.hk\/ro\/modele-de-planuri-generale\/\" target=\"_self\" itemprop=\"url\">\n\t\t\t\t<img loading=\"lazy\" decoding=\"async\" src=\"https:\/\/www.rjmodels.com.hk\/wp-content\/uploads\/2021\/09\/Master-Plan-Model.jpg\" alt=\"Modelul Planului General\" itemprop=\"image\" height=\"250\" width=\"355\" title=\"Modelul Planului General\" onerror=\"this.style.display='none'\"  \/>\n\t\t\t\t<\/a>\n\t\tModelul Planului General\n\t\t\t\t<a href=\"https:\/\/www.rjmodels.com.hk\/ro\/modele-de-cladiri-de-birouri\/\" target=\"_self\" itemprop=\"url\">\n\t\t\t\t<img loading=\"lazy\" decoding=\"async\" src=\"https:\/\/www.rjmodels.com.hk\/wp-content\/uploads\/2021\/09\/Office-Building-Model.jpg\" alt=\"Model de cl\u0103dire de birouri\" itemprop=\"image\" height=\"250\" width=\"355\" title=\"Model de cl\u0103dire de birouri\" onerror=\"this.style.display='none'\"  \/>\n\t\t\t\t<\/a>\n\t\tModel de cl\u0103dire de birouri\n\t\t\t\t<a href=\"https:\/\/www.rjmodels.com.hk\/ro\/modele-de-cladiri-rezidentiale\/\" target=\"_self\" itemprop=\"url\">\n\t\t\t\t<img loading=\"lazy\" decoding=\"async\" src=\"https:\/\/www.rjmodels.com.hk\/wp-content\/uploads\/2021\/09\/Residential-Building-Model.jpg\" alt=\"Model de cl\u0103dire reziden\u021bial\u0103\" itemprop=\"image\" height=\"250\" width=\"355\" title=\"Model de cl\u0103dire reziden\u021bial\u0103\" onerror=\"this.style.display='none'\"  \/>\n\t\t\t\t<\/a>\n\t\tModel de cl\u0103dire reziden\u021bial\u0103\n\t\t\t\t<a href=\"\/ro\/model-de-aeroport\/\" target=\"_self\" itemprop=\"url\">\n\t\t\t\t<img loading=\"lazy\" decoding=\"async\" src=\"https:\/\/www.rjmodels.com.hk\/wp-content\/uploads\/2021\/09\/Airport-Model.jpg\" alt=\"Modelul de aeroport\" itemprop=\"image\" height=\"250\" width=\"355\" title=\"Modelul de aeroport\" onerror=\"this.style.display='none'\"  \/>\n\t\t\t\t<\/a>\n\t\tModelul de aeroport\n\t\t\t\t<a href=\"\/ro\/model-de-stadion\/\" target=\"_self\" itemprop=\"url\">\n\t\t\t\t<img loading=\"lazy\" decoding=\"async\" src=\"https:\/\/www.rjmodels.com.hk\/wp-content\/uploads\/2021\/09\/Stadium-Model.jpg\" alt=\"Model de stadion\" itemprop=\"image\" height=\"250\" width=\"355\" title=\"Model de stadion\" onerror=\"this.style.display='none'\"  \/>\n\t\t\t\t<\/a>\n\t\tModel de stadion\n\t\t\t\t<a href=\"\/ro\/modelul-hotelier\/\" target=\"_self\" itemprop=\"url\">\n\t\t\t\t<img loading=\"lazy\" decoding=\"async\" src=\"https:\/\/www.rjmodels.com.hk\/wp-content\/uploads\/2021\/09\/Hotel-Model.jpg\" alt=\"Modelul hotelului\" itemprop=\"image\" height=\"250\" width=\"355\" title=\"Modelul hotelului\" onerror=\"this.style.display='none'\"  \/>\n\t\t\t\t<\/a>\n\t\tModelul hotelului\n\t\t\t\t<a href=\"\/ro\/modele-de-centre-comerciale\/\" target=\"_self\" itemprop=\"url\">\n\t\t\t\t<img loading=\"lazy\" decoding=\"async\" src=\"https:\/\/www.rjmodels.com.hk\/wp-content\/uploads\/2021\/09\/Shopping-Mall-Model.jpg\" alt=\"Modelul de centru comercial\" itemprop=\"image\" height=\"250\" width=\"355\" title=\"Modelul de centru comercial\" onerror=\"this.style.display='none'\"  \/>\n\t\t\t\t<\/a>\n\t\tModelul de centru comercial\n\t\t\t\t<a href=\"\/ro\/model-interior\/\" target=\"_self\" itemprop=\"url\">\n\t\t\t\t<img loading=\"lazy\" decoding=\"async\" src=\"https:\/\/www.rjmodels.com.hk\/wp-content\/uploads\/2021\/09\/Interior-Model.jpg\" alt=\"Machet\u0103 interioar\u0103, machete la scar\u0103 design interior\" itemprop=\"image\" height=\"250\" width=\"355\" title=\"Model interior\" onerror=\"this.style.display='none'\"  \/>\n\t\t\t\t<\/a>\n\t\tModel interior\n\t\t\t\t<a href=\"\/ro\/model-de-vila\/\" target=\"_self\" itemprop=\"url\">\n\t\t\t\t<img loading=\"lazy\" decoding=\"async\" src=\"https:\/\/www.rjmodels.com.hk\/wp-content\/uploads\/2023\/08\/cover.jpg\" alt=\"Model de vil\u0103\" itemprop=\"image\" height=\"250\" width=\"355\" title=\"Model de vil\u0103\" onerror=\"this.style.display='none'\"  \/>\n\t\t\t\t<\/a>\n\t\tModel de vil\u0103\n\t\t\t\t<a href=\"\/ro\/modelul-parcului-tematic\/\" target=\"_self\" itemprop=\"url\">\n\t\t\t\t<img loading=\"lazy\" decoding=\"async\" src=\"https:\/\/www.rjmodels.com.hk\/wp-content\/uploads\/2021\/09\/Theme-Park-Model.jpg\" alt=\"Modelul parcului tematic\" itemprop=\"image\" height=\"250\" width=\"355\" title=\"Modelul parcului tematic\" onerror=\"this.style.display='none'\"  \/>\n\t\t\t\t<\/a>\n\t\tModelul parcului tematic\n\t\t\t\t<a href=\"\/ro\/macheta-de-muzeu\/\" target=\"_self\" itemprop=\"url\">\n\t\t\t\t<img loading=\"lazy\" decoding=\"async\" src=\"https:\/\/www.rjmodels.com.hk\/wp-content\/uploads\/2021\/09\/Museum-Model.jpg\" alt=\"Machet\u0103 de muzeu\" itemprop=\"image\" height=\"250\" width=\"355\" title=\"Machet\u0103 de muzeu\" onerror=\"this.style.display='none'\"  \/>\n\t\t\t\t<\/a>\n\t\tMachet\u0103 de muzeu\n\t\t\t\t<a href=\"\/ro\/model-de-peisaj\/\" target=\"_self\" itemprop=\"url\">\n\t\t\t\t<img loading=\"lazy\" decoding=\"async\" src=\"https:\/\/www.rjmodels.com.hk\/wp-content\/uploads\/2021\/09\/12.Landscape-Model-1.jpg\" alt=\"Model de peisaj\" itemprop=\"image\" height=\"249\" width=\"350\" title=\"Model de peisaj\" onerror=\"this.style.display='none'\"  \/>\n\t\t\t\t<\/a>\n\t\tModel de peisaj\n\t\t\t\t<a href=\"\/ro\/model-industrial\/\" target=\"_self\" itemprop=\"url\">\n\t\t\t\t<img loading=\"lazy\" decoding=\"async\" src=\"https:\/\/www.rjmodels.com.hk\/wp-content\/uploads\/2021\/09\/Industrial-Model.jpg\" alt=\"Model industrial\" itemprop=\"image\" height=\"250\" width=\"355\" title=\"Fabricant de modele industriale\" onerror=\"this.style.display='none'\"  \/>\n\t\t\t\t<\/a>\n\t\tModel industrial\n\t\t\t\t<a href=\"https:\/\/www.rjmodels.com.hk\/ro\/model-de-pod\/\" target=\"_self\" itemprop=\"url\">\n\t\t\t\t<img loading=\"lazy\" decoding=\"async\" src=\"https:\/\/www.rjmodels.com.hk\/wp-content\/uploads\/2021\/09\/Bridge-Model.jpg\" alt=\"Modelul de pod\" itemprop=\"image\" height=\"250\" width=\"355\" title=\"Modelul de pod\" onerror=\"this.style.display='none'\"  \/>\n\t\t\t\t<\/a>\n\t\tModelul de pod\n\t\t\t\t<a href=\"https:\/\/www.rjmodels.com.hk\/ro\/Cruise+Terminal+Model\/\" target=\"_self\" itemprop=\"url\">\n\t\t\t\t<img loading=\"lazy\" decoding=\"async\" src=\"https:\/\/www.rjmodels.com.hk\/wp-content\/uploads\/2021\/09\/Cruise-Terminal-Model.jpg\" alt=\"Modelul terminalului de croazier\u0103\" itemprop=\"image\" height=\"250\" width=\"355\" title=\"Modelul terminalului de croazier\u0103\" onerror=\"this.style.display='none'\"  \/>\n\t\t\t\t<\/a>\n\t\tModelul terminalului de croazier\u0103\n\t\t\t\t<a href=\"\/ro\/modelul-santierului-naval\/\" target=\"_self\" itemprop=\"url\">\n\t\t\t\t<img loading=\"lazy\" decoding=\"async\" src=\"https:\/\/www.rjmodels.com.hk\/wp-content\/uploads\/2021\/09\/16.Shipyard-Model-1.jpg\" alt=\"Modelul \u0219antierului naval\" itemprop=\"image\" height=\"250\" width=\"355\" title=\"Modelul \u0219antierului naval\" onerror=\"this.style.display='none'\"  \/>\n\t\t\t\t<\/a>\n\t\tModelul \u0219antierului naval\n\t\t\t\t<a href=\"\/ro\/modele-de-moschee\/\" target=\"_self\" itemprop=\"url\">\n\t\t\t\t<img loading=\"lazy\" decoding=\"async\" src=\"https:\/\/www.rjmodels.com.hk\/wp-content\/uploads\/2021\/09\/17.-Mosque-Model.jpg\" alt=\"Model de moschee\" itemprop=\"image\" height=\"250\" width=\"355\" title=\"Model de moschee\" onerror=\"this.style.display='none'\"  \/>\n\t\t\t\t<\/a>\n\t\tModel de moschee\n\t\t\t\t<a href=\"\/ro\/model-de-spital\/\" target=\"_self\" itemprop=\"url\">\n\t\t\t\t<img loading=\"lazy\" decoding=\"async\" src=\"https:\/\/www.rjmodels.com.hk\/wp-content\/uploads\/2021\/09\/Hospital-Model.jpg\" alt=\"Modelul de spital\" itemprop=\"image\" height=\"250\" width=\"355\" title=\"Modelul de spital\" onerror=\"this.style.display='none'\"  \/>\n\t\t\t\t<\/a>\n\t\tModelul de spital\n\t\t\t\t<a href=\"\/ro\/macheta-arhitecturala-a-scolii\/\" target=\"_self\" itemprop=\"url\">\n\t\t\t\t<img loading=\"lazy\" decoding=\"async\" src=\"https:\/\/www.rjmodels.com.hk\/wp-content\/uploads\/2021\/09\/19.School-Model-1.jpg\" alt=\"Modelul \u0219colar\" itemprop=\"image\" height=\"250\" width=\"355\" title=\"Modelul \u0219colar\" onerror=\"this.style.display='none'\"  \/>\n\t\t\t\t<\/a>\n\t\tModelul \u0219colar\n\t\t\t\t<a href=\"\/ro\/model-arhitectural-de-fatada\/\" target=\"_self\" itemprop=\"url\">\n\t\t\t\t<img loading=\"lazy\" decoding=\"async\" src=\"https:\/\/www.rjmodels.com.hk\/wp-content\/uploads\/2021\/09\/20.-Facade-Architectural-Model-1-1.jpg\" alt=\"Model arhitectural de fa\u021bad\u0103\" itemprop=\"image\" height=\"250\" width=\"355\" title=\"Model arhitectural de fa\u021bad\u0103\" onerror=\"this.style.display='none'\"  \/>\n\t\t\t\t<\/a>\n\t\tModel arhitectural de fa\u021bad\u0103\n\t\t\t\t<a href=\"\/ro\/model-arhitectural-in-sectiune\/\" target=\"_self\" itemprop=\"url\">\n\t\t\t\t<img loading=\"lazy\" decoding=\"async\" src=\"https:\/\/www.rjmodels.com.hk\/wp-content\/uploads\/2021\/09\/21.-Section-Architectural-Model-1-1.jpg\" alt=\"Sec\u021biune Model Arhitectural\" itemprop=\"image\" height=\"250\" width=\"355\" title=\"Sec\u021biune Model Arhitectural\" onerror=\"this.style.display='none'\"  \/>\n\t\t\t\t<\/a>\n\t\tSec\u021biune Model Arhitectural\n\t\t\t\t<a href=\"\/ro\/model-de-arhitectura-alba\/\" target=\"_self\" itemprop=\"url\">\n\t\t\t\t<img loading=\"lazy\" decoding=\"async\" src=\"https:\/\/www.rjmodels.com.hk\/wp-content\/uploads\/2021\/09\/22.-White-Architectural-Model-1.jpg\" alt=\"Model arhitectural alb\" itemprop=\"image\" height=\"250\" width=\"355\" title=\"Model arhitectural alb\" onerror=\"this.style.display='none'\"  \/>\n\t\t\t\t<\/a>\n\t\tModel arhitectural alb\n\t\t\t\t<a href=\"\/ro\/macheta-arhitecturala-din-lemn\/\" target=\"_self\" itemprop=\"url\">\n\t\t\t\t<img loading=\"lazy\" decoding=\"async\" src=\"https:\/\/www.rjmodels.com.hk\/wp-content\/uploads\/2021\/09\/23.-Wooden-architectural-models-1.jpg\" alt=\"Machete arhitecturale din lemn\" itemprop=\"image\" height=\"251\" width=\"355\" title=\"Machete arhitecturale din lemn\" onerror=\"this.style.display='none'\"  \/>\n\t\t\t\t<\/a>\n\t\tMachete arhitecturale din lemn\n\t\t\t\t<a href=\"\/ro\/serviciu-de-modele-arhitecturale-imprimate-3d\/\" target=\"_self\" itemprop=\"url\">\n\t\t\t\t<img loading=\"lazy\" decoding=\"async\" src=\"https:\/\/www.rjmodels.com.hk\/wp-content\/uploads\/2021\/09\/24.-3D-printed-architectural-model-1.jpg\" alt=\"Model arhitectural imprimat 3D\" itemprop=\"image\" height=\"250\" width=\"355\" title=\"Model arhitectural imprimat 3D\" onerror=\"this.style.display='none'\"  \/>\n\t\t\t\t<\/a>\n\t\tModel arhitectural imprimat 3D","protected":false},"excerpt":{"rendered":"<p>Master Plan Model Office Building Model Residential Building Model Airport Model Stadium Model Hotel Model Shopping Mall Model Interior Model Villa Model Theme Park Model Museum Model Landscape Model Industrial Model Bridge Model Cruise Terminal Model Shipyard Model Mosque Model Hospital Model School Model Facade Architectural Model Section Architectural Model White Architectural Model Wooden Architectural [&hellip;]<\/p>\n","protected":false},"author":2,"featured_media":0,"parent":0,"menu_order":112,"comment_status":"closed","ping_status":"closed","template":"","meta":{"_acf_changed":false,"site-sidebar-layout":"default","site-content-layout":"default","ast-site-content-layout":"default","site-content-style":"default","site-sidebar-style":"default","ast-global-header-display":"","ast-banner-title-visibility":"","ast-main-header-display":"","ast-hfb-above-header-display":"","ast-hfb-below-header-display":"","ast-hfb-mobile-header-display":"","site-post-title":"","ast-breadcrumbs-content":"","ast-featured-img":"","footer-sml-layout":"","theme-transparent-header-meta":"default","adv-header-id-meta":"","stick-header-meta":"default","header-above-stick-meta":"","header-main-stick-meta":"","header-below-stick-meta":"","astra-migrate-meta-layouts":"default","ast-page-background-enabled":"default","ast-page-background-meta":{"desktop":{"background-color":"","background-image":"","background-repeat":"repeat","background-position":"center center","background-size":"auto","background-attachment":"scroll","background-type":"","background-media":"","overlay-type":"","overlay-color":"","overlay-opacity":"","overlay-gradient":""},"tablet":{"background-color":"","background-image":"","background-repeat":"repeat","background-position":"center center","background-size":"auto","background-attachment":"scroll","background-type":"","background-media":"","overlay-type":"","overlay-color":"","overlay-opacity":"","overlay-gradient":""},"mobile":{"background-color":"","background-image":"","background-repeat":"repeat","background-position":"center center","background-size":"auto","background-attachment":"scroll","background-type":"","background-media":"","overlay-type":"","overlay-color":"","overlay-opacity":"","overlay-gradient":""}},"ast-content-background-meta":{"desktop":{"background-color":"var(--ast-global-color-5)","background-image":"","background-repeat":"repeat","background-position":"center center","background-size":"auto","background-attachment":"scroll","background-type":"","background-media":"","overlay-type":"","overlay-color":"","overlay-opacity":"","overlay-gradient":""},"tablet":{"background-color":"var(--ast-global-color-5)","background-image":"","background-repeat":"repeat","background-position":"center center","background-size":"auto","background-attachment":"scroll","background-type":"","background-media":"","overlay-type":"","overlay-color":"","overlay-opacity":"","overlay-gradient":""},"mobile":{"background-color":"var(--ast-global-color-5)","background-image":"","background-repeat":"repeat","background-position":"center center","background-size":"auto","background-attachment":"scroll","background-type":"","background-media":"","overlay-type":"","overlay-color":"","overlay-opacity":"","overlay-gradient":""}},"footnotes":""},"class_list":["post-2564","page","type-page","status-publish","hentry"],"acf":[],"yoast_head":"<!-- This site is optimized with the Yoast SEO plugin v27.5 - https:\/\/yoast.com\/product\/yoast-seo-wordpress\/ -->\n<title>Architectural Model Gallery<\/title>\n<meta name=\"description\" content=\"Architectural Model Gallery. RJ Models has a team of architectural model maker you can trust as we understand the importance of your designs.\" \/>\n<meta name=\"robots\" content=\"index, follow, max-snippet:-1, max-image-preview:large, max-video-preview:-1\" \/>\n<link rel=\"canonical\" href=\"https:\/\/www.rjmodels.com.hk\/ro\/model-arhitectural\/\" \/>\n<meta property=\"og:locale\" content=\"ro_RO\" \/>\n<meta property=\"og:type\" content=\"article\" \/>\n<meta property=\"og:title\" content=\"Architectural Model Gallery\" \/>\n<meta property=\"og:description\" content=\"Architectural Model Gallery. RJ Models has a team of architectural model maker you can trust as we understand the importance of your designs.\" \/>\n<meta property=\"og:url\" content=\"https:\/\/www.rjmodels.com.hk\/ro\/model-arhitectural\/\" \/>\n<meta property=\"og:site_name\" content=\"RJ Models\" \/>\n<meta property=\"article:publisher\" content=\"https:\/\/www.facebook.com\/rjmodelmaking\" \/>\n<meta property=\"article:modified_time\" content=\"2025-06-25T09:06:43+00:00\" \/>\n<meta property=\"og:image\" content=\"https:\/\/www.rjmodels.com.hk\/wp-content\/uploads\/2021\/09\/Master-Plan-Model.jpg\" \/>\n<meta name=\"twitter:card\" content=\"summary_large_image\" \/>\n<meta name=\"twitter:label1\" content=\"Timp estimat pentru citire\" \/>\n\t<meta name=\"twitter:data1\" content=\"6 minute\" \/>\n<script type=\"application\/ld+json\" class=\"yoast-schema-graph\">{\"@context\":\"https:\\\/\\\/schema.org\",\"@graph\":[{\"@type\":\"WebPage\",\"@id\":\"https:\\\/\\\/www.rjmodels.com.hk\\\/architectural-model\\\/\",\"url\":\"https:\\\/\\\/www.rjmodels.com.hk\\\/architectural-model\\\/\",\"name\":\"Architectural Model Gallery\",\"isPartOf\":{\"@id\":\"https:\\\/\\\/www.rjmodels.com.hk\\\/#website\"},\"primaryImageOfPage\":{\"@id\":\"https:\\\/\\\/www.rjmodels.com.hk\\\/architectural-model\\\/#primaryimage\"},\"image\":{\"@id\":\"https:\\\/\\\/www.rjmodels.com.hk\\\/architectural-model\\\/#primaryimage\"},\"thumbnailUrl\":\"https:\\\/\\\/www.rjmodels.com.hk\\\/wp-content\\\/uploads\\\/2021\\\/09\\\/Master-Plan-Model.jpg\",\"datePublished\":\"2018-06-05T06:19:40+00:00\",\"dateModified\":\"2025-06-25T09:06:43+00:00\",\"description\":\"Architectural Model Gallery. RJ Models has a team of architectural model maker you can trust as we understand the importance of your designs.\",\"breadcrumb\":{\"@id\":\"https:\\\/\\\/www.rjmodels.com.hk\\\/architectural-model\\\/#breadcrumb\"},\"inLanguage\":\"ro-RO\",\"potentialAction\":[{\"@type\":\"ReadAction\",\"target\":[\"https:\\\/\\\/www.rjmodels.com.hk\\\/architectural-model\\\/\"]}]},{\"@type\":\"ImageObject\",\"inLanguage\":\"ro-RO\",\"@id\":\"https:\\\/\\\/www.rjmodels.com.hk\\\/architectural-model\\\/#primaryimage\",\"url\":\"https:\\\/\\\/www.rjmodels.com.hk\\\/wp-content\\\/uploads\\\/2021\\\/09\\\/Master-Plan-Model.jpg\",\"contentUrl\":\"https:\\\/\\\/www.rjmodels.com.hk\\\/wp-content\\\/uploads\\\/2021\\\/09\\\/Master-Plan-Model.jpg\"},{\"@type\":\"BreadcrumbList\",\"@id\":\"https:\\\/\\\/www.rjmodels.com.hk\\\/architectural-model\\\/#breadcrumb\",\"itemListElement\":[{\"@type\":\"ListItem\",\"position\":1,\"name\":\"Home\",\"item\":\"https:\\\/\\\/www.rjmodels.com.hk\\\/\"},{\"@type\":\"ListItem\",\"position\":2,\"name\":\"Architectural Models\"}]},{\"@type\":\"WebSite\",\"@id\":\"https:\\\/\\\/www.rjmodels.com.hk\\\/#website\",\"url\":\"https:\\\/\\\/www.rjmodels.com.hk\\\/\",\"name\":\"RJ Models\",\"description\":\"\",\"publisher\":{\"@id\":\"https:\\\/\\\/www.rjmodels.com.hk\\\/#organization\"},\"potentialAction\":[{\"@type\":\"SearchAction\",\"target\":{\"@type\":\"EntryPoint\",\"urlTemplate\":\"https:\\\/\\\/www.rjmodels.com.hk\\\/?s={search_term_string}\"},\"query-input\":{\"@type\":\"PropertyValueSpecification\",\"valueRequired\":true,\"valueName\":\"search_term_string\"}}],\"inLanguage\":\"ro-RO\"},{\"@type\":\"Organization\",\"@id\":\"https:\\\/\\\/www.rjmodels.com.hk\\\/#organization\",\"name\":\"RJ Models\",\"url\":\"https:\\\/\\\/www.rjmodels.com.hk\\\/\",\"logo\":{\"@type\":\"ImageObject\",\"inLanguage\":\"ro-RO\",\"@id\":\"https:\\\/\\\/www.rjmodels.com.hk\\\/#\\\/schema\\\/logo\\\/image\\\/\",\"url\":\"https:\\\/\\\/www.rjmodels.com.hk\\\/wp-content\\\/uploads\\\/2021\\\/11\\\/cropped-logo-12.png\",\"contentUrl\":\"https:\\\/\\\/www.rjmodels.com.hk\\\/wp-content\\\/uploads\\\/2021\\\/11\\\/cropped-logo-12.png\",\"width\":681,\"height\":162,\"caption\":\"RJ Models\"},\"image\":{\"@id\":\"https:\\\/\\\/www.rjmodels.com.hk\\\/#\\\/schema\\\/logo\\\/image\\\/\"},\"sameAs\":[\"https:\\\/\\\/www.facebook.com\\\/rjmodelmaking\"]}]}<\/script>\n<!-- \/ Yoast SEO plugin. -->","yoast_head_json":{"title":"Galeria de machete arhitecturale","description":"Galerie de machete arhitecturale. RJ Models are o echip\u0103 de creatori de machete arhitecturale \u00een care pute\u021bi avea \u00eencredere, deoarece \u00een\u021belegem importan\u021ba proiectelor dumneavoastr\u0103.","robots":{"index":"index","follow":"follow","max-snippet":"max-snippet:-1","max-image-preview":"max-image-preview:large","max-video-preview":"max-video-preview:-1"},"canonical":"https:\/\/www.rjmodels.com.hk\/ro\/model-arhitectural\/","og_locale":"ro_RO","og_type":"article","og_title":"Architectural Model Gallery","og_description":"Architectural Model Gallery. RJ Models has a team of architectural model maker you can trust as we understand the importance of your designs.","og_url":"https:\/\/www.rjmodels.com.hk\/ro\/model-arhitectural\/","og_site_name":"RJ Models","article_publisher":"https:\/\/www.facebook.com\/rjmodelmaking","article_modified_time":"2025-06-25T09:06:43+00:00","og_image":[{"url":"https:\/\/www.rjmodels.com.hk\/wp-content\/uploads\/2021\/09\/Master-Plan-Model.jpg","type":"","width":"","height":""}],"twitter_card":"summary_large_image","twitter_misc":{"Timp estimat pentru citire":"6 minute"},"schema":{"@context":"https:\/\/schema.org","@graph":[{"@type":"WebPage","@id":"https:\/\/www.rjmodels.com.hk\/architectural-model\/","url":"https:\/\/www.rjmodels.com.hk\/architectural-model\/","name":"Galeria de machete arhitecturale","isPartOf":{"@id":"https:\/\/www.rjmodels.com.hk\/#website"},"primaryImageOfPage":{"@id":"https:\/\/www.rjmodels.com.hk\/architectural-model\/#primaryimage"},"image":{"@id":"https:\/\/www.rjmodels.com.hk\/architectural-model\/#primaryimage"},"thumbnailUrl":"https:\/\/www.rjmodels.com.hk\/wp-content\/uploads\/2021\/09\/Master-Plan-Model.jpg","datePublished":"2018-06-05T06:19:40+00:00","dateModified":"2025-06-25T09:06:43+00:00","description":"Galerie de machete arhitecturale. RJ Models are o echip\u0103 de creatori de machete arhitecturale \u00een care pute\u021bi avea \u00eencredere, deoarece \u00een\u021belegem importan\u021ba proiectelor dumneavoastr\u0103.","breadcrumb":{"@id":"https:\/\/www.rjmodels.com.hk\/architectural-model\/#breadcrumb"},"inLanguage":"ro-RO","potentialAction":[{"@type":"ReadAction","target":["https:\/\/www.rjmodels.com.hk\/architectural-model\/"]}]},{"@type":"ImageObject","inLanguage":"ro-RO","@id":"https:\/\/www.rjmodels.com.hk\/architectural-model\/#primaryimage","url":"https:\/\/www.rjmodels.com.hk\/wp-content\/uploads\/2021\/09\/Master-Plan-Model.jpg","contentUrl":"https:\/\/www.rjmodels.com.hk\/wp-content\/uploads\/2021\/09\/Master-Plan-Model.jpg"},{"@type":"BreadcrumbList","@id":"https:\/\/www.rjmodels.com.hk\/architectural-model\/#breadcrumb","itemListElement":[{"@type":"ListItem","position":1,"name":"Home","item":"https:\/\/www.rjmodels.com.hk\/"},{"@type":"ListItem","position":2,"name":"Architectural Models"}]},{"@type":"WebSite","@id":"https:\/\/www.rjmodels.com.hk\/#website","url":"https:\/\/www.rjmodels.com.hk\/","name":"Modele RJ","description":"","publisher":{"@id":"https:\/\/www.rjmodels.com.hk\/#organization"},"potentialAction":[{"@type":"SearchAction","target":{"@type":"EntryPoint","urlTemplate":"https:\/\/www.rjmodels.com.hk\/?s={search_term_string}"},"query-input":{"@type":"PropertyValueSpecification","valueRequired":true,"valueName":"search_term_string"}}],"inLanguage":"ro-RO"},{"@type":"Organization","@id":"https:\/\/www.rjmodels.com.hk\/#organization","name":"Modele RJ","url":"https:\/\/www.rjmodels.com.hk\/","logo":{"@type":"ImageObject","inLanguage":"ro-RO","@id":"https:\/\/www.rjmodels.com.hk\/#\/schema\/logo\/image\/","url":"https:\/\/www.rjmodels.com.hk\/wp-content\/uploads\/2021\/11\/cropped-logo-12.png","contentUrl":"https:\/\/www.rjmodels.com.hk\/wp-content\/uploads\/2021\/11\/cropped-logo-12.png","width":681,"height":162,"caption":"RJ Models"},"image":{"@id":"https:\/\/www.rjmodels.com.hk\/#\/schema\/logo\/image\/"},"sameAs":["https:\/\/www.facebook.com\/rjmodelmaking"]}]}},"_links":{"self":[{"href":"https:\/\/www.rjmodels.com.hk\/ro\/wp-json\/wp\/v2\/pages\/2564","targetHints":{"allow":["GET"]}}],"collection":[{"href":"https:\/\/www.rjmodels.com.hk\/ro\/wp-json\/wp\/v2\/pages"}],"about":[{"href":"https:\/\/www.rjmodels.com.hk\/ro\/wp-json\/wp\/v2\/types\/page"}],"author":[{"embeddable":true,"href":"https:\/\/www.rjmodels.com.hk\/ro\/wp-json\/wp\/v2\/users\/2"}],"replies":[{"embeddable":true,"href":"https:\/\/www.rjmodels.com.hk\/ro\/wp-json\/wp\/v2\/comments?post=2564"}],"version-history":[{"count":0,"href":"https:\/\/www.rjmodels.com.hk\/ro\/wp-json\/wp\/v2\/pages\/2564\/revisions"}],"wp:attachment":[{"href":"https:\/\/www.rjmodels.com.hk\/ro\/wp-json\/wp\/v2\/media?parent=2564"}],"curies":[{"name":"wp","href":"https:\/\/api.w.org\/{rel}","templated":true}]}}