{"id":8944,"date":"2020-06-07T01:34:56","date_gmt":"2020-06-07T01:34:56","guid":{"rendered":"https:\/\/www.rjmodels.com.hk\/?page_id=8944"},"modified":"2022-12-16T01:35:47","modified_gmt":"2022-12-16T01:35:47","slug":"modelo-de-catamara","status":"publish","type":"page","link":"https:\/\/www.rjmodels.com.hk\/pt\/modelo-de-catamara\/","title":{"rendered":"Modelo de catamar\u00e3"},"content":{"rendered":"<h1>\n\t\tModelo de catamar\u00e3\n\t<\/h1>\n\tUm modelo de catamar\u00e3 \u00e9 um tipo de\u00a0<a href=\"https:\/\/www.rjmodels.com.hk\/pt\/modelo-maritimo\/\">modelo mar\u00edtimo<\/a>\u00a0com dois cascos de tamanhos iguais mantidos lado a lado.<br \/>\nA ampla estrutura de liga\u00e7\u00e3o entre dois cascos paralelos estabiliza o modelo mar\u00edtimo. O modelo de catamar\u00e3 demonstra o qu\u00e3o inteligentemente projetado e estruturado este navio \u00e9.<br \/>\nVoc\u00ea n\u00e3o s\u00f3 pode compreender a forma geral do navio, mas tamb\u00e9m examinar componentes, como velas, cabine, etc.<br \/>\nCaminhando ao redor do modelo de catamar\u00e3, voc\u00ea pode se imaginar conversando alegremente no sal\u00e3o ou deitado no fabuloso deck.<br \/>\nPortanto, o modelo de catamar\u00e3 desempenha um papel essencial em seus processos de trabalho para voc\u00ea.<br \/>\nEles refletem sobre os problemas enquanto observam modelos mar\u00edtimos e, assim, t\u00eam ideias fant\u00e1sticas!\n\t\t\t\t<img decoding=\"async\" src=\"https:\/\/www.rjmodels.com.hk\/wp-content\/uploads\/2020\/06\/00.-China-Cup-Regatta-Wind-Rider-Cover.jpg\" alt=\"00. Capa para Wind-Rider da Regata da China Cup\" itemprop=\"image\" title=\"00. Capa para Wind-Rider da Regata da China Cup\" onerror=\"this.style.display='none'\"  \/>\n<h2>\n\t\tPassos simples para trabalhar conosco em modelos mar\u00edtimos\n\t<\/h2>\n\t\t\t<a href=\"https:\/\/www.rjmodels.com.hk\/pt\/como-fazer-uma-maquete-maritima\/\" target=\"_self\" role=\"button\" rel=\"noopener\">\n\t\t\t\t\t\t\tConfira mais\n\t\t\t\t\t<\/a>\n\t\t\t\t<img decoding=\"async\" src=\"https:\/\/www.rjmodels.com.hk\/wp-content\/uploads\/2020\/06\/1.-Piwer90-Catamaran-Model.jpg\" alt=\"modelo catamar\u00e3\" itemprop=\"image\" title=\"1. Modelo de catamar\u00e3 Piwer90\" onerror=\"this.style.display='none'\"  \/>\n\t<h2>Modelo de catamar\u00e3 Aspen Power 90<\/h2>\n<p><strong>Escala: 1:40 | Tamanho: 400 mm x 250 mm | Tempo de produ\u00e7\u00e3o: 14 dias<\/strong><\/p>\nEven though most power cruising catamarans have misnomers such as &#8220;pocket&#8221; or &#8220;cuddy&#8221;. The Power C90 designed by Aspen will never give you a feeling like that.<br \/>\nOs designers da Aspen dedicaram muitas horas ao projeto e \u00e0 constru\u00e7\u00e3o de modelos em escala real. A empresa se dedica a obter todos os elementos certos na escala certa, sem comprometer a efici\u00eancia econ\u00f4mica.<br \/>\nEm vez disso, devido \u00e0 ado\u00e7\u00e3o de um projeto de casco assim\u00e9trico que utiliza apenas um motor, em vez dos motores duplos comuns, sua efici\u00eancia em termos de combust\u00edvel e hidrodin\u00e2mica superou outros catamar\u00e3s motorizados.<br \/>\nA produ\u00e7\u00e3o do casco do catamar\u00e3 custa-nos <a href=\"https:\/\/www.rjmodels.com.hk\/pt\/modelo-de-iate\/\">fabricantes de modelos de iates<\/a> muito esfor\u00e7o. Seu design assim\u00e9trico requer dois conjuntos diferentes de m\u00f3dulos, que devem ser montados com muito cuidado.<br \/>\nNo entanto, assim que o sofisticado e impec\u00e1vel modelo de catamar\u00e3 foi apresentado a todos e recebeu muitos elogios dos espectadores, sabemos que todos os esfor\u00e7os anteriores foram recompensados.\n\t<div class=\"fl-builder-content fl-builder-content-10719 fl-builder-template fl-builder-row-template fl-builder-global-templates-locked\" data-post-id=\"10719\"><div class=\"fl-row fl-row-full-width fl-row-bg-color fl-node-60a264db6c650 fl-row-default-height fl-row-align-center\" data-node=\"60a264db6c650\">\n\t<div class=\"fl-row-content-wrap\">\n\t\t\t\t\t\t\t\t<div class=\"fl-row-content fl-row-fixed-width fl-node-content\">\n\t\t\n<div class=\"fl-col-group fl-node-60a264db6c63b\" data-node=\"60a264db6c63b\">\n\t\t\t<div class=\"fl-col fl-node-60a264db6c643 fl-col-has-cols\" data-node=\"60a264db6c643\">\n\t<div class=\"fl-col-content fl-node-content\">\n<div class=\"fl-col-group fl-node-60a264db6c645 fl-col-group-nested\" data-node=\"60a264db6c645\">\n\t\t\t<div class=\"fl-col fl-node-60a264db6c646 fl-col-small\" data-node=\"60a264db6c646\">\n\t<div class=\"fl-col-content fl-node-content\"><div class=\"fl-module fl-module-info-box fl-node-60a264db6c64b worktitle\" data-node=\"60a264db6c64b\">\n\t<div class=\"fl-module-content fl-node-content\">\n\t\t<div class=\"uabb-module-content uabb-infobox infobox-left\">\n\t<div class=\"uabb-infobox-left-right-wrap\">\n\t<div class=\"uabb-infobox-content\">\n\t\t\t<div class='uabb-infobox-title-wrap'><h3 class=\"uabb-infobox-title\"><span class=\"worktitle-num\">6000+<\/span> Projetos<\/h3><\/div>\t\t\t<div class=\"uabb-infobox-text-wrap\">\n\t\t\t\t<div class=\"uabb-infobox-text uabb-text-editor\"><p>Com mais de 500 modelos de navios sendo criados todos os anos, n\u00f3s prosperamos em manter a consist\u00eancia na entrega de modelos de navios de alta qualidade.<\/p>\n<\/div>\t\t\t<\/div>\n\t\t\t\t\t\t<\/div>\t<\/div>\n<\/div>\n\t<\/div>\n<\/div>\n<\/div>\n<\/div>\n\t\t\t<div class=\"fl-col fl-node-60a264db6c647 fl-col-small\" data-node=\"60a264db6c647\">\n\t<div class=\"fl-col-content fl-node-content\"><div class=\"fl-module fl-module-info-box fl-node-60a264db6c64d worktitle\" data-node=\"60a264db6c64d\">\n\t<div class=\"fl-module-content fl-node-content\">\n\t\t<div class=\"uabb-module-content uabb-infobox infobox-left\">\n\t<div class=\"uabb-infobox-left-right-wrap\">\n\t<div class=\"uabb-infobox-content\">\n\t\t\t<div class='uabb-infobox-title-wrap'><h3 class=\"uabb-infobox-title\"><span class=\"worktitle-num\">26 <\/span> Ano de experi\u00eancia<\/h3><\/div>\t\t\t<div class=\"uabb-infobox-text-wrap\">\n\t\t\t\t<div class=\"uabb-infobox-text uabb-text-editor\"><p>A RJ Models \u00e9 uma renomada empresa de modelismo naval de primeira linha, fundada em 1995.<\/p>\n<\/div>\t\t\t<\/div>\n\t\t\t\t\t\t<\/div>\t<\/div>\n<\/div>\n\t<\/div>\n<\/div>\n<\/div>\n<\/div>\n\t\t\t<div class=\"fl-col fl-node-60a264db6c649 fl-col-small\" data-node=\"60a264db6c649\">\n\t<div class=\"fl-col-content fl-node-content\"><div class=\"fl-module fl-module-info-box fl-node-60a264db6c64e worktitle\" data-node=\"60a264db6c64e\">\n\t<div class=\"fl-module-content fl-node-content\">\n\t\t<div class=\"uabb-module-content uabb-infobox infobox-left\">\n\t<div class=\"uabb-infobox-left-right-wrap\">\n\t<div class=\"uabb-infobox-content\">\n\t\t\t<div class='uabb-infobox-title-wrap'><h3 class=\"uabb-infobox-title\"><span class=\"worktitle-num\">500<\/span> Funcion\u00e1rios<\/h3><\/div>\t\t\t<div class=\"uabb-infobox-text-wrap\">\n\t\t\t\t<div class=\"uabb-infobox-text uabb-text-editor\"><p>Nossos fabricantes de modelos de navios possuem uma ampla gama de experi\u00eancia e uma grande reputa\u00e7\u00e3o de serem especialistas em nosso setor.<\/p>\n<\/div>\t\t\t<\/div>\n\t\t\t\t\t\t<\/div>\t<\/div>\n<\/div>\n\t<\/div>\n<\/div>\n<\/div>\n<\/div>\n\t\t\t<div class=\"fl-col fl-node-60a264db6c64a fl-col-small\" data-node=\"60a264db6c64a\">\n\t<div class=\"fl-col-content fl-node-content\"><div class=\"fl-module fl-module-info-box fl-node-60a264db6c64f worktitle\" data-node=\"60a264db6c64f\">\n\t<div class=\"fl-module-content fl-node-content\">\n\t\t<div class=\"uabb-module-content uabb-infobox infobox-left\">\n\t<div class=\"uabb-infobox-left-right-wrap\">\n\t<div class=\"uabb-infobox-content\">\n\t\t\t<div class='uabb-infobox-title-wrap'><h3 class=\"uabb-infobox-title\"><span class=\"worktitle-num\">7<\/span> Dias<\/h3><\/div>\t\t\t<div class=\"uabb-infobox-text-wrap\">\n\t\t\t\t<div class=\"uabb-infobox-text uabb-text-editor\"><p>A RJ Models conta com uma equipe extensa de profissionais de transporte experientes e multinacionais, com prazos apertados para seus modelos de navios.<\/p>\n<\/div>\t\t\t<\/div>\n\t\t\t\t\t\t<\/div>\t<\/div>\n<\/div>\n\t<\/div>\n<\/div>\n<\/div>\n<\/div>\n\t<\/div>\n<\/div>\n<\/div>\n\t<\/div>\n\t\t<\/div>\n\t<\/div>\n<\/div>\n<\/div><div class=\"uabb-js-breakpoint\" style=\"display: none;\"><\/div>\n\t<h2>Alguns de nossos clientes<\/h2>\n<a href=\"https:\/\/www.rjmodels.com.hk\/pt\/clientes\/\">Veja nossos clientes<\/a><br \/>\n<a href=\"https:\/\/www.rjmodels.com.hk\/wp-content\/uploads\/2020\/06\/logo.png\"><img loading=\"lazy\" decoding=\"async\" src=\"https:\/\/www.rjmodels.com.hk\/wp-content\/uploads\/2020\/06\/logo.png\" alt=\"\" width=\"1059\" height=\"245\" \/><\/a>\n<h2>\n\t\tContact RJ Models &#038; We&#8217;re here to help you grow your business.\n\t<\/h2>\n\t\n<div class=\"wpcf7 no-js\" id=\"wpcf7-f13103-o1\" lang=\"en-US\" dir=\"ltr\" data-wpcf7-id=\"13103\">\n<div class=\"screen-reader-response\"><p role=\"status\" aria-live=\"polite\" aria-atomic=\"true\"><\/p> <ul><\/ul><\/div>\n<form action=\"\/pt\/wp-json\/wp\/v2\/pages\/8944#wpcf7-f13103-o1\" method=\"post\" class=\"wpcf7-form init\" aria-label=\"Contact form\" novalidate=\"novalidate\" data-status=\"init\" data-trp-original-action=\"\/pt\/wp-json\/wp\/v2\/pages\/8944#wpcf7-f13103-o1\">\n<fieldset class=\"hidden-fields-container\"><input type=\"hidden\" name=\"_wpcf7\" value=\"13103\" \/><input type=\"hidden\" name=\"_wpcf7_version\" value=\"6.1.5\" \/><input type=\"hidden\" name=\"_wpcf7_locale\" value=\"en_US\" \/><input type=\"hidden\" name=\"_wpcf7_unit_tag\" value=\"wpcf7-f13103-o1\" \/><input type=\"hidden\" name=\"_wpcf7_container_post\" value=\"0\" \/><input type=\"hidden\" name=\"_wpcf7_posted_data_hash\" value=\"\" \/>\n<\/fieldset>\n<div class=\"uabb-cf7-col-1\">\n\t<p><span class=\"wpcf7-form-control-wrap\" data-name=\"your-name\"><input size=\"40\" maxlength=\"400\" class=\"wpcf7-form-control wpcf7-text wpcf7-validates-as-required\" aria-required=\"true\" aria-invalid=\"false\" placeholder=\"Seu nome\" value=\"\" type=\"text\" name=\"your-name\" \/><\/span>\n\t<\/p>\n<\/div>\n<div class=\"uabb-cf7-col-1\">\n\t<p><span class=\"wpcf7-form-control-wrap\" data-name=\"your-email\"><input size=\"40\" maxlength=\"400\" class=\"wpcf7-form-control wpcf7-email wpcf7-validates-as-required wpcf7-text wpcf7-validates-as-email\" aria-required=\"true\" aria-invalid=\"false\" placeholder=\"Seu e-mail*\" value=\"\" type=\"email\" name=\"your-email\" \/><\/span>\n\t<\/p>\n<\/div>\n<div class=\"uabb-cf7-col-1\">\n\t<p><span class=\"wpcf7-form-control-wrap\" data-name=\"your-company\"><input size=\"40\" maxlength=\"400\" class=\"wpcf7-form-control wpcf7-text\" aria-invalid=\"false\" placeholder=\"Nome da sua empresa\" value=\"\" type=\"text\" name=\"your-company\" \/><\/span>\n\t<\/p>\n<\/div>\n<div class=\"uabb-cf7-col-1\">\n\t<p><span class=\"wpcf7-form-control-wrap\" data-name=\"purpose\"><input size=\"40\" maxlength=\"400\" class=\"wpcf7-form-control wpcf7-text\" aria-invalid=\"false\" placeholder=\"Finalidade do Modelo: (Marketing, Competi\u00e7\u00e3o, Apresenta\u00e7\u00e3o)\" value=\"\" type=\"text\" name=\"purpose\" \/><\/span>\n\t<\/p>\n<\/div>\n<div class=\"uabb-cf7-col-1\">\n\t<p><span class=\"wpcf7-form-control-wrap\" data-name=\"size\"><input size=\"40\" maxlength=\"400\" class=\"wpcf7-form-control wpcf7-text\" aria-invalid=\"false\" placeholder=\"Escala e tamanho esperados: (CxLxA)\" value=\"\" type=\"text\" name=\"size\" \/><\/span>\n\t<\/p>\n<\/div>\n<div class=\"uabb-cf7-col-1\">\n\t<p><span class=\"wpcf7-form-control-wrap\" data-name=\"date\"><input size=\"40\" maxlength=\"400\" class=\"wpcf7-form-control wpcf7-text\" aria-invalid=\"false\" placeholder=\"Data de conclus\u00e3o prevista\" value=\"\" type=\"text\" name=\"date\" \/><\/span>\n\t<\/p>\n<\/div>\n<div class=\"uabb-cf7-col-1\">\n\t<p><span class=\"wpcf7-form-control-wrap\" data-name=\"delivery\"><input size=\"40\" maxlength=\"400\" class=\"wpcf7-form-control wpcf7-text\" aria-invalid=\"false\" placeholder=\"Destinos de entrega e instala\u00e7\u00e3o: (Cidade, Pa\u00eds)\" value=\"\" type=\"text\" name=\"delivery\" \/><\/span>\n\t<\/p>\n<\/div>\n<div class=\"uabb-cf7-col-1\">\n\t<p><span class=\"wpcf7-form-control-wrap\" data-name=\"your-message\"><textarea cols=\"60\" rows=\"3\" maxlength=\"2000\" class=\"wpcf7-form-control wpcf7-textarea wpcf7-validates-as-required\" aria-required=\"true\" aria-invalid=\"false\" placeholder=\"Sua mensagem*\" name=\"your-message\"><\/textarea><\/span>\n\t<\/p>\n<\/div>\n<div class=\"uabb-cf7-col-1\">\n\t<p><span class=\"wpcf7-form-control-wrap\" data-name=\"upload-file-221\"><input size=\"40\" class=\"wpcf7-form-control wpcf7-drag-n-drop-file d-none\" aria-invalid=\"false\" type=\"file\" multiple=\"multiple\" data-name=\"upload-file-221\" data-type=\"jpg|jpeg|zip|png|gif|rar|pdf\" data-limit=\"104857600\" data-id=\"13103\" data-version=\"free version 1.3.9.6\" accept=\".jpg, .jpeg, .zip, .png, .gif, .rar, .pdf\" \/><\/span>(Por favor envie-nos por Dropbox ou WeTransfer, ou pelo nosso e-mail: <a href=\"mailto:marketing@rjmodels.com.hk\">marketing@rjmodels.com.hk<\/a> se os arquivos forem maiores que 50 MB. )\n\t<\/p>\n<\/div>\n<div class=\"uabb-cf7-col-1\">\n\t<p><input class=\"wpcf7-form-control wpcf7-submit has-spinner cf7-submit\" type=\"submit\" value=\"OR\u00c7AMENTO GRATUITO\" \/>\n\t<\/p>\n<\/div>\n<p><script>\ndocument.addEventListener( 'wpcf7mailsent', function( event ) {\n location = '\/thank-you-rj-models\/';\n}, false );\n<\/script>\n<\/p>\n<style>\n.cf7-submit{display: grid;margin: auto;}\n<\/style><p style=\"display: none !important;\" class=\"akismet-fields-container\" data-prefix=\"_wpcf7_ak_\"><label>\u0394<textarea name=\"_wpcf7_ak_hp_textarea\" cols=\"45\" rows=\"8\" maxlength=\"100\"><\/textarea><\/label><input type=\"hidden\" id=\"ak_js_1\" name=\"_wpcf7_ak_js\" value=\"172\"\/><script>\ndocument.getElementById( \"ak_js_1\" ).setAttribute( \"value\", ( new Date() ).getTime() );\n<\/script>\n<\/p><div class=\"wpcf7-response-output\" aria-hidden=\"true\"><\/div>\n<input type=\"hidden\" name=\"trp-form-language\" value=\"pt\"\/><\/form>\n<\/div>\n\n\tOur vision is providing the top quality model making service to everywhere in the globe.\n\t\t\t\t<img loading=\"lazy\" decoding=\"async\" src=\"https:\/\/www.rjmodels.com.hk\/wp-content\/uploads\/2022\/11\/Ray-Cheung-RJ-Models.jpg\" alt=\"Ray Cheung RJ Modelos\" itemprop=\"image\" height=\"216\" width=\"376\" title=\"Ray Cheung RJ Modelos\" onerror=\"this.style.display='none'\"  \/>","protected":false},"excerpt":{"rendered":"<p>Catamaran Model A catamaran model is a type of\u00a0maritime model\u00a0with two equal-sized hulls held side by side. The wide bridging frame connecting two parallel hulls stabilizes the maritime model. The catamaran model shows how cleverly designed and structured this ship is. You can not only\u00a0grasp the general shape of\u00a0the ship, but also examine\u00a0components, such as\u00a0sails, [&hellip;]<\/p>\n","protected":false},"author":2,"featured_media":0,"parent":0,"menu_order":89,"comment_status":"closed","ping_status":"closed","template":"","meta":{"_acf_changed":false,"site-sidebar-layout":"default","site-content-layout":"","ast-site-content-layout":"default","site-content-style":"default","site-sidebar-style":"default","ast-global-header-display":"","ast-banner-title-visibility":"","ast-main-header-display":"","ast-hfb-above-header-display":"","ast-hfb-below-header-display":"","ast-hfb-mobile-header-display":"","site-post-title":"","ast-breadcrumbs-content":"","ast-featured-img":"","footer-sml-layout":"","theme-transparent-header-meta":"","adv-header-id-meta":"","stick-header-meta":"","header-above-stick-meta":"","header-main-stick-meta":"","header-below-stick-meta":"","astra-migrate-meta-layouts":"default","ast-page-background-enabled":"default","ast-page-background-meta":{"desktop":{"background-color":"","background-image":"","background-repeat":"repeat","background-position":"center center","background-size":"auto","background-attachment":"scroll","background-type":"","background-media":"","overlay-type":"","overlay-color":"","overlay-opacity":"","overlay-gradient":""},"tablet":{"background-color":"","background-image":"","background-repeat":"repeat","background-position":"center center","background-size":"auto","background-attachment":"scroll","background-type":"","background-media":"","overlay-type":"","overlay-color":"","overlay-opacity":"","overlay-gradient":""},"mobile":{"background-color":"","background-image":"","background-repeat":"repeat","background-position":"center center","background-size":"auto","background-attachment":"scroll","background-type":"","background-media":"","overlay-type":"","overlay-color":"","overlay-opacity":"","overlay-gradient":""}},"ast-content-background-meta":{"desktop":{"background-color":"var(--ast-global-color-5)","background-image":"","background-repeat":"repeat","background-position":"center center","background-size":"auto","background-attachment":"scroll","background-type":"","background-media":"","overlay-type":"","overlay-color":"","overlay-opacity":"","overlay-gradient":""},"tablet":{"background-color":"var(--ast-global-color-5)","background-image":"","background-repeat":"repeat","background-position":"center center","background-size":"auto","background-attachment":"scroll","background-type":"","background-media":"","overlay-type":"","overlay-color":"","overlay-opacity":"","overlay-gradient":""},"mobile":{"background-color":"var(--ast-global-color-5)","background-image":"","background-repeat":"repeat","background-position":"center center","background-size":"auto","background-attachment":"scroll","background-type":"","background-media":"","overlay-type":"","overlay-color":"","overlay-opacity":"","overlay-gradient":""}},"footnotes":""},"class_list":["post-8944","page","type-page","status-publish","hentry"],"acf":[],"yoast_head":"<!-- This site is optimized with the Yoast SEO plugin v27.5 - https:\/\/yoast.com\/product\/yoast-seo-wordpress\/ -->\n<title>Catamaran Model Making Serivce<\/title>\n<meta name=\"description\" content=\"Catamaran Model. Contact RJ Models for your martime model making service now. And delivery to any space you indicated in a tight deadline.\" \/>\n<meta name=\"robots\" content=\"index, follow, max-snippet:-1, max-image-preview:large, max-video-preview:-1\" \/>\n<link rel=\"canonical\" href=\"https:\/\/www.rjmodels.com.hk\/pt\/modelo-de-catamara\/\" \/>\n<meta property=\"og:locale\" content=\"pt_PT\" \/>\n<meta property=\"og:type\" content=\"article\" \/>\n<meta property=\"og:title\" content=\"Catamaran Model Making Serivce\" \/>\n<meta property=\"og:description\" content=\"Catamaran Model. Contact RJ Models for your martime model making service now. And delivery to any space you indicated in a tight deadline.\" \/>\n<meta property=\"og:url\" content=\"https:\/\/www.rjmodels.com.hk\/pt\/modelo-de-catamara\/\" \/>\n<meta property=\"og:site_name\" content=\"RJ Models\" \/>\n<meta property=\"article:publisher\" content=\"https:\/\/www.facebook.com\/rjmodelmaking\" \/>\n<meta property=\"article:modified_time\" content=\"2022-12-16T01:35:47+00:00\" \/>\n<meta property=\"og:image\" content=\"https:\/\/www.rjmodels.com.hk\/\/wp-content\/uploads\/2020\/06\/00.-China-Cup-Regatta-Wind-Rider-Cover.jpg\" \/>\n<meta name=\"twitter:card\" content=\"summary_large_image\" \/>\n<meta name=\"twitter:label1\" content=\"Tempo estimado de leitura\" \/>\n\t<meta name=\"twitter:data1\" content=\"3 minutos\" \/>\n<script type=\"application\/ld+json\" class=\"yoast-schema-graph\">{\"@context\":\"https:\\\/\\\/schema.org\",\"@graph\":[{\"@type\":\"WebPage\",\"@id\":\"https:\\\/\\\/www.rjmodels.com.hk\\\/catamaran-model\\\/\",\"url\":\"https:\\\/\\\/www.rjmodels.com.hk\\\/catamaran-model\\\/\",\"name\":\"Catamaran Model Making Serivce\",\"isPartOf\":{\"@id\":\"https:\\\/\\\/www.rjmodels.com.hk\\\/#website\"},\"primaryImageOfPage\":{\"@id\":\"https:\\\/\\\/www.rjmodels.com.hk\\\/catamaran-model\\\/#primaryimage\"},\"image\":{\"@id\":\"https:\\\/\\\/www.rjmodels.com.hk\\\/catamaran-model\\\/#primaryimage\"},\"thumbnailUrl\":\"https:\\\/\\\/www.rjmodels.com.hk\\\/wp-content\\\/uploads\\\/2020\\\/06\\\/00.-China-Cup-Regatta-Wind-Rider-Cover.jpg\",\"datePublished\":\"2020-06-07T01:34:56+00:00\",\"dateModified\":\"2022-12-16T01:35:47+00:00\",\"description\":\"Catamaran Model. Contact RJ Models for your martime model making service now. And delivery to any space you indicated in a tight deadline.\",\"breadcrumb\":{\"@id\":\"https:\\\/\\\/www.rjmodels.com.hk\\\/catamaran-model\\\/#breadcrumb\"},\"inLanguage\":\"pt-PT\",\"potentialAction\":[{\"@type\":\"ReadAction\",\"target\":[\"https:\\\/\\\/www.rjmodels.com.hk\\\/catamaran-model\\\/\"]}]},{\"@type\":\"ImageObject\",\"inLanguage\":\"pt-PT\",\"@id\":\"https:\\\/\\\/www.rjmodels.com.hk\\\/catamaran-model\\\/#primaryimage\",\"url\":\"https:\\\/\\\/www.rjmodels.com.hk\\\/wp-content\\\/uploads\\\/2020\\\/06\\\/00.-China-Cup-Regatta-Wind-Rider-Cover.jpg\",\"contentUrl\":\"https:\\\/\\\/www.rjmodels.com.hk\\\/wp-content\\\/uploads\\\/2020\\\/06\\\/00.-China-Cup-Regatta-Wind-Rider-Cover.jpg\"},{\"@type\":\"BreadcrumbList\",\"@id\":\"https:\\\/\\\/www.rjmodels.com.hk\\\/catamaran-model\\\/#breadcrumb\",\"itemListElement\":[{\"@type\":\"ListItem\",\"position\":1,\"name\":\"Home\",\"item\":\"https:\\\/\\\/www.rjmodels.com.hk\\\/\"},{\"@type\":\"ListItem\",\"position\":2,\"name\":\"Catamaran Model\"}]},{\"@type\":\"WebSite\",\"@id\":\"https:\\\/\\\/www.rjmodels.com.hk\\\/#website\",\"url\":\"https:\\\/\\\/www.rjmodels.com.hk\\\/\",\"name\":\"RJ Models\",\"description\":\"\",\"publisher\":{\"@id\":\"https:\\\/\\\/www.rjmodels.com.hk\\\/#organization\"},\"potentialAction\":[{\"@type\":\"SearchAction\",\"target\":{\"@type\":\"EntryPoint\",\"urlTemplate\":\"https:\\\/\\\/www.rjmodels.com.hk\\\/?s={search_term_string}\"},\"query-input\":{\"@type\":\"PropertyValueSpecification\",\"valueRequired\":true,\"valueName\":\"search_term_string\"}}],\"inLanguage\":\"pt-PT\"},{\"@type\":\"Organization\",\"@id\":\"https:\\\/\\\/www.rjmodels.com.hk\\\/#organization\",\"name\":\"RJ Models\",\"url\":\"https:\\\/\\\/www.rjmodels.com.hk\\\/\",\"logo\":{\"@type\":\"ImageObject\",\"inLanguage\":\"pt-PT\",\"@id\":\"https:\\\/\\\/www.rjmodels.com.hk\\\/#\\\/schema\\\/logo\\\/image\\\/\",\"url\":\"https:\\\/\\\/www.rjmodels.com.hk\\\/wp-content\\\/uploads\\\/2021\\\/11\\\/cropped-logo-12.png\",\"contentUrl\":\"https:\\\/\\\/www.rjmodels.com.hk\\\/wp-content\\\/uploads\\\/2021\\\/11\\\/cropped-logo-12.png\",\"width\":681,\"height\":162,\"caption\":\"RJ Models\"},\"image\":{\"@id\":\"https:\\\/\\\/www.rjmodels.com.hk\\\/#\\\/schema\\\/logo\\\/image\\\/\"},\"sameAs\":[\"https:\\\/\\\/www.facebook.com\\\/rjmodelmaking\"]}]}<\/script>\n<!-- \/ Yoast SEO plugin. -->","yoast_head_json":{"title":"Servi\u00e7o de Modelismo de Catamar\u00e3s","description":"Modelo de catamar\u00e3. Entre em contato com a RJ Models para o seu servi\u00e7o de modelagem n\u00e1utica agora mesmo. E entrega em qualquer espa\u00e7o que voc\u00ea indicar, dentro do prazo apertado.","robots":{"index":"index","follow":"follow","max-snippet":"max-snippet:-1","max-image-preview":"max-image-preview:large","max-video-preview":"max-video-preview:-1"},"canonical":"https:\/\/www.rjmodels.com.hk\/pt\/modelo-de-catamara\/","og_locale":"pt_PT","og_type":"article","og_title":"Catamaran Model Making Serivce","og_description":"Catamaran Model. Contact RJ Models for your martime model making service now. And delivery to any space you indicated in a tight deadline.","og_url":"https:\/\/www.rjmodels.com.hk\/pt\/modelo-de-catamara\/","og_site_name":"RJ Models","article_publisher":"https:\/\/www.facebook.com\/rjmodelmaking","article_modified_time":"2022-12-16T01:35:47+00:00","og_image":[{"url":"https:\/\/www.rjmodels.com.hk\/\/wp-content\/uploads\/2020\/06\/00.-China-Cup-Regatta-Wind-Rider-Cover.jpg","type":"","width":"","height":""}],"twitter_card":"summary_large_image","twitter_misc":{"Tempo estimado de leitura":"3 minutos"},"schema":{"@context":"https:\/\/schema.org","@graph":[{"@type":"WebPage","@id":"https:\/\/www.rjmodels.com.hk\/catamaran-model\/","url":"https:\/\/www.rjmodels.com.hk\/catamaran-model\/","name":"Servi\u00e7o de Modelismo de Catamar\u00e3s","isPartOf":{"@id":"https:\/\/www.rjmodels.com.hk\/#website"},"primaryImageOfPage":{"@id":"https:\/\/www.rjmodels.com.hk\/catamaran-model\/#primaryimage"},"image":{"@id":"https:\/\/www.rjmodels.com.hk\/catamaran-model\/#primaryimage"},"thumbnailUrl":"https:\/\/www.rjmodels.com.hk\/wp-content\/uploads\/2020\/06\/00.-China-Cup-Regatta-Wind-Rider-Cover.jpg","datePublished":"2020-06-07T01:34:56+00:00","dateModified":"2022-12-16T01:35:47+00:00","description":"Modelo de catamar\u00e3. Entre em contato com a RJ Models para o seu servi\u00e7o de modelagem n\u00e1utica agora mesmo. E entrega em qualquer espa\u00e7o que voc\u00ea indicar, dentro do prazo apertado.","breadcrumb":{"@id":"https:\/\/www.rjmodels.com.hk\/catamaran-model\/#breadcrumb"},"inLanguage":"pt-PT","potentialAction":[{"@type":"ReadAction","target":["https:\/\/www.rjmodels.com.hk\/catamaran-model\/"]}]},{"@type":"ImageObject","inLanguage":"pt-PT","@id":"https:\/\/www.rjmodels.com.hk\/catamaran-model\/#primaryimage","url":"https:\/\/www.rjmodels.com.hk\/wp-content\/uploads\/2020\/06\/00.-China-Cup-Regatta-Wind-Rider-Cover.jpg","contentUrl":"https:\/\/www.rjmodels.com.hk\/wp-content\/uploads\/2020\/06\/00.-China-Cup-Regatta-Wind-Rider-Cover.jpg"},{"@type":"BreadcrumbList","@id":"https:\/\/www.rjmodels.com.hk\/catamaran-model\/#breadcrumb","itemListElement":[{"@type":"ListItem","position":1,"name":"Home","item":"https:\/\/www.rjmodels.com.hk\/"},{"@type":"ListItem","position":2,"name":"Catamaran Model"}]},{"@type":"WebSite","@id":"https:\/\/www.rjmodels.com.hk\/#website","url":"https:\/\/www.rjmodels.com.hk\/","name":"RJ Models","description":"","publisher":{"@id":"https:\/\/www.rjmodels.com.hk\/#organization"},"potentialAction":[{"@type":"SearchAction","target":{"@type":"EntryPoint","urlTemplate":"https:\/\/www.rjmodels.com.hk\/?s={search_term_string}"},"query-input":{"@type":"PropertyValueSpecification","valueRequired":true,"valueName":"search_term_string"}}],"inLanguage":"pt-PT"},{"@type":"Organization","@id":"https:\/\/www.rjmodels.com.hk\/#organization","name":"RJ Models","url":"https:\/\/www.rjmodels.com.hk\/","logo":{"@type":"ImageObject","inLanguage":"pt-PT","@id":"https:\/\/www.rjmodels.com.hk\/#\/schema\/logo\/image\/","url":"https:\/\/www.rjmodels.com.hk\/wp-content\/uploads\/2021\/11\/cropped-logo-12.png","contentUrl":"https:\/\/www.rjmodels.com.hk\/wp-content\/uploads\/2021\/11\/cropped-logo-12.png","width":681,"height":162,"caption":"RJ Models"},"image":{"@id":"https:\/\/www.rjmodels.com.hk\/#\/schema\/logo\/image\/"},"sameAs":["https:\/\/www.facebook.com\/rjmodelmaking"]}]}},"_links":{"self":[{"href":"https:\/\/www.rjmodels.com.hk\/pt\/wp-json\/wp\/v2\/pages\/8944","targetHints":{"allow":["GET"]}}],"collection":[{"href":"https:\/\/www.rjmodels.com.hk\/pt\/wp-json\/wp\/v2\/pages"}],"about":[{"href":"https:\/\/www.rjmodels.com.hk\/pt\/wp-json\/wp\/v2\/types\/page"}],"author":[{"embeddable":true,"href":"https:\/\/www.rjmodels.com.hk\/pt\/wp-json\/wp\/v2\/users\/2"}],"replies":[{"embeddable":true,"href":"https:\/\/www.rjmodels.com.hk\/pt\/wp-json\/wp\/v2\/comments?post=8944"}],"version-history":[{"count":0,"href":"https:\/\/www.rjmodels.com.hk\/pt\/wp-json\/wp\/v2\/pages\/8944\/revisions"}],"wp:attachment":[{"href":"https:\/\/www.rjmodels.com.hk\/pt\/wp-json\/wp\/v2\/media?parent=8944"}],"curies":[{"name":"wp","href":"https:\/\/api.w.org\/{rel}","templated":true}]}}