{"id":2564,"date":"2018-06-05T06:19:20","date_gmt":"2018-06-05T06:19:40","guid":{"rendered":"https:\/\/www.rjmodels.com.hk\/?page_id=2564"},"modified":"2025-06-25T09:06:43","modified_gmt":"2025-06-25T09:06:43","slug":"modelo-arquitetonico","status":"publish","type":"page","link":"https:\/\/www.rjmodels.com.hk\/pt\/modelo-arquitetonico\/","title":{"rendered":"Modelos Arquitet\u00f4nicos"},"content":{"rendered":"<a href=\"https:\/\/www.rjmodels.com.hk\/pt\/modelos-de-plano-diretor\/\" target=\"_self\" itemprop=\"url\">\n\t\t\t\t<img loading=\"lazy\" decoding=\"async\" src=\"https:\/\/www.rjmodels.com.hk\/wp-content\/uploads\/2021\/09\/Master-Plan-Model.jpg\" alt=\"Modelo de Plano Diretor\" itemprop=\"image\" height=\"250\" width=\"355\" title=\"Modelo de Plano Diretor\" onerror=\"this.style.display='none'\"  \/>\n\t\t\t\t<\/a>\n\t\tModelo de Plano Diretor\n\t\t\t\t<a href=\"https:\/\/www.rjmodels.com.hk\/pt\/modelos-de-edificios-de-escritorios\/\" target=\"_self\" itemprop=\"url\">\n\t\t\t\t<img loading=\"lazy\" decoding=\"async\" src=\"https:\/\/www.rjmodels.com.hk\/wp-content\/uploads\/2021\/09\/Office-Building-Model.jpg\" alt=\"Modelo de edif\u00edcio de escrit\u00f3rios\" itemprop=\"image\" height=\"250\" width=\"355\" title=\"Modelo de edif\u00edcio de escrit\u00f3rios\" onerror=\"this.style.display='none'\"  \/>\n\t\t\t\t<\/a>\n\t\tModelo de edif\u00edcio de escrit\u00f3rios\n\t\t\t\t<a href=\"https:\/\/www.rjmodels.com.hk\/pt\/modelos-de-edificios-residenciais\/\" target=\"_self\" itemprop=\"url\">\n\t\t\t\t<img loading=\"lazy\" decoding=\"async\" src=\"https:\/\/www.rjmodels.com.hk\/wp-content\/uploads\/2021\/09\/Residential-Building-Model.jpg\" alt=\"Modelo de edif\u00edcio residencial\" itemprop=\"image\" height=\"250\" width=\"355\" title=\"Modelo de edif\u00edcio residencial\" onerror=\"this.style.display='none'\"  \/>\n\t\t\t\t<\/a>\n\t\tModelo de edif\u00edcio residencial\n\t\t\t\t<a href=\"\/pt\/modelo-de-aeroporto\/\" target=\"_self\" itemprop=\"url\">\n\t\t\t\t<img loading=\"lazy\" decoding=\"async\" src=\"https:\/\/www.rjmodels.com.hk\/wp-content\/uploads\/2021\/09\/Airport-Model.jpg\" alt=\"Modelo de Aeroporto\" itemprop=\"image\" height=\"250\" width=\"355\" title=\"Modelo de Aeroporto\" onerror=\"this.style.display='none'\"  \/>\n\t\t\t\t<\/a>\n\t\tModelo de Aeroporto\n\t\t\t\t<a href=\"\/pt\/modelo-de-estadio\/\" target=\"_self\" itemprop=\"url\">\n\t\t\t\t<img loading=\"lazy\" decoding=\"async\" src=\"https:\/\/www.rjmodels.com.hk\/wp-content\/uploads\/2021\/09\/Stadium-Model.jpg\" alt=\"Modelo de Est\u00e1dio\" itemprop=\"image\" height=\"250\" width=\"355\" title=\"Modelo de Est\u00e1dio\" onerror=\"this.style.display='none'\"  \/>\n\t\t\t\t<\/a>\n\t\tModelo de Est\u00e1dio\n\t\t\t\t<a href=\"\/pt\/modelo-de-hotel\/\" target=\"_self\" itemprop=\"url\">\n\t\t\t\t<img loading=\"lazy\" decoding=\"async\" src=\"https:\/\/www.rjmodels.com.hk\/wp-content\/uploads\/2021\/09\/Hotel-Model.jpg\" alt=\"Modelo de Hotel\" itemprop=\"image\" height=\"250\" width=\"355\" title=\"Modelo de Hotel\" onerror=\"this.style.display='none'\"  \/>\n\t\t\t\t<\/a>\n\t\tModelo de Hotel\n\t\t\t\t<a href=\"\/pt\/modelos-de-shopping-centers\/\" target=\"_self\" itemprop=\"url\">\n\t\t\t\t<img loading=\"lazy\" decoding=\"async\" src=\"https:\/\/www.rjmodels.com.hk\/wp-content\/uploads\/2021\/09\/Shopping-Mall-Model.jpg\" alt=\"Modelo de Shopping Center\" itemprop=\"image\" height=\"250\" width=\"355\" title=\"Modelo de Shopping Center\" onerror=\"this.style.display='none'\"  \/>\n\t\t\t\t<\/a>\n\t\tModelo de Shopping Center\n\t\t\t\t<a href=\"\/pt\/modelo-de-interior\/\" target=\"_self\" itemprop=\"url\">\n\t\t\t\t<img loading=\"lazy\" decoding=\"async\" src=\"https:\/\/www.rjmodels.com.hk\/wp-content\/uploads\/2021\/09\/Interior-Model.jpg\" alt=\"Maquete de Interiores, maquetes em escala, design de interiores\" itemprop=\"image\" height=\"250\" width=\"355\" title=\"Modelo Interior\" onerror=\"this.style.display='none'\"  \/>\n\t\t\t\t<\/a>\n\t\tModelo Interior\n\t\t\t\t<a href=\"\/pt\/modelo-de-vila\/\" target=\"_self\" itemprop=\"url\">\n\t\t\t\t<img loading=\"lazy\" decoding=\"async\" src=\"https:\/\/www.rjmodels.com.hk\/wp-content\/uploads\/2023\/08\/cover.jpg\" alt=\"Modelo de Villa\" itemprop=\"image\" height=\"250\" width=\"355\" title=\"Modelo de Villa\" onerror=\"this.style.display='none'\"  \/>\n\t\t\t\t<\/a>\n\t\tModelo de Villa\n\t\t\t\t<a href=\"\/pt\/modelo-de-parque-tematico\/\" target=\"_self\" itemprop=\"url\">\n\t\t\t\t<img loading=\"lazy\" decoding=\"async\" src=\"https:\/\/www.rjmodels.com.hk\/wp-content\/uploads\/2021\/09\/Theme-Park-Model.jpg\" alt=\"Modelo de parque tem\u00e1tico\" itemprop=\"image\" height=\"250\" width=\"355\" title=\"Modelo de parque tem\u00e1tico\" onerror=\"this.style.display='none'\"  \/>\n\t\t\t\t<\/a>\n\t\tModelo de parque tem\u00e1tico\n\t\t\t\t<a href=\"\/pt\/maquete-de-museu\/\" target=\"_self\" itemprop=\"url\">\n\t\t\t\t<img loading=\"lazy\" decoding=\"async\" src=\"https:\/\/www.rjmodels.com.hk\/wp-content\/uploads\/2021\/09\/Museum-Model.jpg\" alt=\"Maquete de Museu\" itemprop=\"image\" height=\"250\" width=\"355\" title=\"Maquete de Museu\" onerror=\"this.style.display='none'\"  \/>\n\t\t\t\t<\/a>\n\t\tMaquete de Museu\n\t\t\t\t<a href=\"\/pt\/modelo-de-paisagem\/\" target=\"_self\" itemprop=\"url\">\n\t\t\t\t<img loading=\"lazy\" decoding=\"async\" src=\"https:\/\/www.rjmodels.com.hk\/wp-content\/uploads\/2021\/09\/12.Landscape-Model-1.jpg\" alt=\"Modelo de Paisagem\" itemprop=\"image\" height=\"249\" width=\"350\" title=\"Modelo de Paisagem\" onerror=\"this.style.display='none'\"  \/>\n\t\t\t\t<\/a>\n\t\tModelo de Paisagem\n\t\t\t\t<a href=\"\/pt\/modelo-industrial\/\" target=\"_self\" itemprop=\"url\">\n\t\t\t\t<img loading=\"lazy\" decoding=\"async\" src=\"https:\/\/www.rjmodels.com.hk\/wp-content\/uploads\/2021\/09\/Industrial-Model.jpg\" alt=\"Modelo Industrial\" itemprop=\"image\" height=\"250\" width=\"355\" title=\"Fabricante de modelos industriais\" onerror=\"this.style.display='none'\"  \/>\n\t\t\t\t<\/a>\n\t\tModelo Industrial\n\t\t\t\t<a href=\"https:\/\/www.rjmodels.com.hk\/pt\/modelo-de-ponte\/\" target=\"_self\" itemprop=\"url\">\n\t\t\t\t<img loading=\"lazy\" decoding=\"async\" src=\"https:\/\/www.rjmodels.com.hk\/wp-content\/uploads\/2021\/09\/Bridge-Model.jpg\" alt=\"Modelo de ponte\" itemprop=\"image\" height=\"250\" width=\"355\" title=\"Modelo de ponte\" onerror=\"this.style.display='none'\"  \/>\n\t\t\t\t<\/a>\n\t\tModelo de ponte\n\t\t\t\t<a href=\"https:\/\/www.rjmodels.com.hk\/pt\/cruise+terminal+modelo\/\" target=\"_self\" itemprop=\"url\">\n\t\t\t\t<img loading=\"lazy\" decoding=\"async\" src=\"https:\/\/www.rjmodels.com.hk\/wp-content\/uploads\/2021\/09\/Cruise-Terminal-Model.jpg\" alt=\"Modelo de Terminal de Cruzeiros\" itemprop=\"image\" height=\"250\" width=\"355\" title=\"Modelo de Terminal de Cruzeiros\" onerror=\"this.style.display='none'\"  \/>\n\t\t\t\t<\/a>\n\t\tModelo de Terminal de Cruzeiros\n\t\t\t\t<a href=\"\/pt\/modelo-de-estaleiro\/\" target=\"_self\" itemprop=\"url\">\n\t\t\t\t<img loading=\"lazy\" decoding=\"async\" src=\"https:\/\/www.rjmodels.com.hk\/wp-content\/uploads\/2021\/09\/16.Shipyard-Model-1.jpg\" alt=\"Modelo de estaleiro\" itemprop=\"image\" height=\"250\" width=\"355\" title=\"Modelo de estaleiro\" onerror=\"this.style.display='none'\"  \/>\n\t\t\t\t<\/a>\n\t\tModelo de estaleiro\n\t\t\t\t<a href=\"\/pt\/modelos-de-mesquitas\/\" target=\"_self\" itemprop=\"url\">\n\t\t\t\t<img loading=\"lazy\" decoding=\"async\" src=\"https:\/\/www.rjmodels.com.hk\/wp-content\/uploads\/2021\/09\/17.-Mosque-Model.jpg\" alt=\"Modelo de Mesquita\" itemprop=\"image\" height=\"250\" width=\"355\" title=\"Modelo de Mesquita\" onerror=\"this.style.display='none'\"  \/>\n\t\t\t\t<\/a>\n\t\tModelo de Mesquita\n\t\t\t\t<a href=\"\/pt\/modelo-hospitalar\/\" target=\"_self\" itemprop=\"url\">\n\t\t\t\t<img loading=\"lazy\" decoding=\"async\" src=\"https:\/\/www.rjmodels.com.hk\/wp-content\/uploads\/2021\/09\/Hospital-Model.jpg\" alt=\"Modelo Hospitalar\" itemprop=\"image\" height=\"250\" width=\"355\" title=\"Modelo Hospitalar\" onerror=\"this.style.display='none'\"  \/>\n\t\t\t\t<\/a>\n\t\tModelo Hospitalar\n\t\t\t\t<a href=\"\/pt\/maquete-arquitetonica-escolar\/\" target=\"_self\" itemprop=\"url\">\n\t\t\t\t<img loading=\"lazy\" decoding=\"async\" src=\"https:\/\/www.rjmodels.com.hk\/wp-content\/uploads\/2021\/09\/19.School-Model-1.jpg\" alt=\"Modelo Escolar\" itemprop=\"image\" height=\"250\" width=\"355\" title=\"Modelo Escolar\" onerror=\"this.style.display='none'\"  \/>\n\t\t\t\t<\/a>\n\t\tModelo Escolar\n\t\t\t\t<a href=\"\/pt\/modelo-arquitetonico-de-fachada\/\" target=\"_self\" itemprop=\"url\">\n\t\t\t\t<img loading=\"lazy\" decoding=\"async\" src=\"https:\/\/www.rjmodels.com.hk\/wp-content\/uploads\/2021\/09\/20.-Facade-Architectural-Model-1-1.jpg\" alt=\"Modelo arquitet\u00f4nico de fachada\" itemprop=\"image\" height=\"250\" width=\"355\" title=\"Modelo arquitet\u00f4nico de fachada\" onerror=\"this.style.display='none'\"  \/>\n\t\t\t\t<\/a>\n\t\tModelo arquitet\u00f4nico de fachada\n\t\t\t\t<a href=\"\/pt\/modelo-arquitetonico-de-secao\/\" target=\"_self\" itemprop=\"url\">\n\t\t\t\t<img loading=\"lazy\" decoding=\"async\" src=\"https:\/\/www.rjmodels.com.hk\/wp-content\/uploads\/2021\/09\/21.-Section-Architectural-Model-1-1.jpg\" alt=\"Se\u00e7\u00e3o Modelo Arquitet\u00f4nico\" itemprop=\"image\" height=\"250\" width=\"355\" title=\"Se\u00e7\u00e3o Modelo Arquitet\u00f4nico\" onerror=\"this.style.display='none'\"  \/>\n\t\t\t\t<\/a>\n\t\tSe\u00e7\u00e3o Modelo Arquitet\u00f4nico\n\t\t\t\t<a href=\"\/pt\/modelo-de-arquitetura-branca\/\" target=\"_self\" itemprop=\"url\">\n\t\t\t\t<img loading=\"lazy\" decoding=\"async\" src=\"https:\/\/www.rjmodels.com.hk\/wp-content\/uploads\/2021\/09\/22.-White-Architectural-Model-1.jpg\" alt=\"Modelo arquitet\u00f4nico branco\" itemprop=\"image\" height=\"250\" width=\"355\" title=\"Modelo arquitet\u00f4nico branco\" onerror=\"this.style.display='none'\"  \/>\n\t\t\t\t<\/a>\n\t\tModelo arquitet\u00f4nico branco\n\t\t\t\t<a href=\"\/pt\/modelo-arquitetonico-de-madeira\/\" target=\"_self\" itemprop=\"url\">\n\t\t\t\t<img loading=\"lazy\" decoding=\"async\" src=\"https:\/\/www.rjmodels.com.hk\/wp-content\/uploads\/2021\/09\/23.-Wooden-architectural-models-1.jpg\" alt=\"Modelos arquitet\u00f4nicos de madeira\" itemprop=\"image\" height=\"251\" width=\"355\" title=\"Modelos arquitet\u00f4nicos de madeira\" onerror=\"this.style.display='none'\"  \/>\n\t\t\t\t<\/a>\n\t\tModelos arquitet\u00f4nicos de madeira\n\t\t\t\t<a href=\"\/pt\/servico-de-modelo-arquitetonico-impresso-em-3d\/\" target=\"_self\" itemprop=\"url\">\n\t\t\t\t<img loading=\"lazy\" decoding=\"async\" src=\"https:\/\/www.rjmodels.com.hk\/wp-content\/uploads\/2021\/09\/24.-3D-printed-architectural-model-1.jpg\" alt=\"Modelo arquitet\u00f4nico impresso em 3D\" itemprop=\"image\" height=\"250\" width=\"355\" title=\"Modelo arquitet\u00f4nico impresso em 3D\" onerror=\"this.style.display='none'\"  \/>\n\t\t\t\t<\/a>\n\t\tModelo arquitet\u00f4nico impresso em 3D","protected":false},"excerpt":{"rendered":"<p>Master Plan Model Office Building Model Residential Building Model Airport Model Stadium Model Hotel Model Shopping Mall Model Interior Model Villa Model Theme Park Model Museum Model Landscape Model Industrial Model Bridge Model Cruise Terminal Model Shipyard Model Mosque Model Hospital Model School Model Facade Architectural Model Section Architectural Model White Architectural Model Wooden Architectural [&hellip;]<\/p>\n","protected":false},"author":2,"featured_media":0,"parent":0,"menu_order":112,"comment_status":"closed","ping_status":"closed","template":"","meta":{"_acf_changed":false,"site-sidebar-layout":"default","site-content-layout":"default","ast-site-content-layout":"default","site-content-style":"default","site-sidebar-style":"default","ast-global-header-display":"","ast-banner-title-visibility":"","ast-main-header-display":"","ast-hfb-above-header-display":"","ast-hfb-below-header-display":"","ast-hfb-mobile-header-display":"","site-post-title":"","ast-breadcrumbs-content":"","ast-featured-img":"","footer-sml-layout":"","theme-transparent-header-meta":"default","adv-header-id-meta":"","stick-header-meta":"default","header-above-stick-meta":"","header-main-stick-meta":"","header-below-stick-meta":"","astra-migrate-meta-layouts":"default","ast-page-background-enabled":"default","ast-page-background-meta":{"desktop":{"background-color":"","background-image":"","background-repeat":"repeat","background-position":"center center","background-size":"auto","background-attachment":"scroll","background-type":"","background-media":"","overlay-type":"","overlay-color":"","overlay-opacity":"","overlay-gradient":""},"tablet":{"background-color":"","background-image":"","background-repeat":"repeat","background-position":"center center","background-size":"auto","background-attachment":"scroll","background-type":"","background-media":"","overlay-type":"","overlay-color":"","overlay-opacity":"","overlay-gradient":""},"mobile":{"background-color":"","background-image":"","background-repeat":"repeat","background-position":"center center","background-size":"auto","background-attachment":"scroll","background-type":"","background-media":"","overlay-type":"","overlay-color":"","overlay-opacity":"","overlay-gradient":""}},"ast-content-background-meta":{"desktop":{"background-color":"var(--ast-global-color-5)","background-image":"","background-repeat":"repeat","background-position":"center center","background-size":"auto","background-attachment":"scroll","background-type":"","background-media":"","overlay-type":"","overlay-color":"","overlay-opacity":"","overlay-gradient":""},"tablet":{"background-color":"var(--ast-global-color-5)","background-image":"","background-repeat":"repeat","background-position":"center center","background-size":"auto","background-attachment":"scroll","background-type":"","background-media":"","overlay-type":"","overlay-color":"","overlay-opacity":"","overlay-gradient":""},"mobile":{"background-color":"var(--ast-global-color-5)","background-image":"","background-repeat":"repeat","background-position":"center center","background-size":"auto","background-attachment":"scroll","background-type":"","background-media":"","overlay-type":"","overlay-color":"","overlay-opacity":"","overlay-gradient":""}},"footnotes":""},"class_list":["post-2564","page","type-page","status-publish","hentry"],"acf":[],"yoast_head":"<!-- This site is optimized with the Yoast SEO plugin v27.5 - https:\/\/yoast.com\/product\/yoast-seo-wordpress\/ -->\n<title>Architectural Model Gallery<\/title>\n<meta name=\"description\" content=\"Architectural Model Gallery. RJ Models has a team of architectural model maker you can trust as we understand the importance of your designs.\" \/>\n<meta name=\"robots\" content=\"index, follow, max-snippet:-1, max-image-preview:large, max-video-preview:-1\" \/>\n<link rel=\"canonical\" href=\"https:\/\/www.rjmodels.com.hk\/pt\/modelo-arquitetonico\/\" \/>\n<meta property=\"og:locale\" content=\"pt_PT\" \/>\n<meta property=\"og:type\" content=\"article\" \/>\n<meta property=\"og:title\" content=\"Architectural Model Gallery\" \/>\n<meta property=\"og:description\" content=\"Architectural Model Gallery. RJ Models has a team of architectural model maker you can trust as we understand the importance of your designs.\" \/>\n<meta property=\"og:url\" content=\"https:\/\/www.rjmodels.com.hk\/pt\/modelo-arquitetonico\/\" \/>\n<meta property=\"og:site_name\" content=\"RJ Models\" \/>\n<meta property=\"article:publisher\" content=\"https:\/\/www.facebook.com\/rjmodelmaking\" \/>\n<meta property=\"article:modified_time\" content=\"2025-06-25T09:06:43+00:00\" \/>\n<meta property=\"og:image\" content=\"https:\/\/www.rjmodels.com.hk\/wp-content\/uploads\/2021\/09\/Master-Plan-Model.jpg\" \/>\n<meta name=\"twitter:card\" content=\"summary_large_image\" \/>\n<meta name=\"twitter:label1\" content=\"Tempo estimado de leitura\" \/>\n\t<meta name=\"twitter:data1\" content=\"6 minutos\" \/>\n<script type=\"application\/ld+json\" class=\"yoast-schema-graph\">{\"@context\":\"https:\\\/\\\/schema.org\",\"@graph\":[{\"@type\":\"WebPage\",\"@id\":\"https:\\\/\\\/www.rjmodels.com.hk\\\/architectural-model\\\/\",\"url\":\"https:\\\/\\\/www.rjmodels.com.hk\\\/architectural-model\\\/\",\"name\":\"Architectural Model Gallery\",\"isPartOf\":{\"@id\":\"https:\\\/\\\/www.rjmodels.com.hk\\\/#website\"},\"primaryImageOfPage\":{\"@id\":\"https:\\\/\\\/www.rjmodels.com.hk\\\/architectural-model\\\/#primaryimage\"},\"image\":{\"@id\":\"https:\\\/\\\/www.rjmodels.com.hk\\\/architectural-model\\\/#primaryimage\"},\"thumbnailUrl\":\"https:\\\/\\\/www.rjmodels.com.hk\\\/wp-content\\\/uploads\\\/2021\\\/09\\\/Master-Plan-Model.jpg\",\"datePublished\":\"2018-06-05T06:19:40+00:00\",\"dateModified\":\"2025-06-25T09:06:43+00:00\",\"description\":\"Architectural Model Gallery. RJ Models has a team of architectural model maker you can trust as we understand the importance of your designs.\",\"breadcrumb\":{\"@id\":\"https:\\\/\\\/www.rjmodels.com.hk\\\/architectural-model\\\/#breadcrumb\"},\"inLanguage\":\"pt-PT\",\"potentialAction\":[{\"@type\":\"ReadAction\",\"target\":[\"https:\\\/\\\/www.rjmodels.com.hk\\\/architectural-model\\\/\"]}]},{\"@type\":\"ImageObject\",\"inLanguage\":\"pt-PT\",\"@id\":\"https:\\\/\\\/www.rjmodels.com.hk\\\/architectural-model\\\/#primaryimage\",\"url\":\"https:\\\/\\\/www.rjmodels.com.hk\\\/wp-content\\\/uploads\\\/2021\\\/09\\\/Master-Plan-Model.jpg\",\"contentUrl\":\"https:\\\/\\\/www.rjmodels.com.hk\\\/wp-content\\\/uploads\\\/2021\\\/09\\\/Master-Plan-Model.jpg\"},{\"@type\":\"BreadcrumbList\",\"@id\":\"https:\\\/\\\/www.rjmodels.com.hk\\\/architectural-model\\\/#breadcrumb\",\"itemListElement\":[{\"@type\":\"ListItem\",\"position\":1,\"name\":\"Home\",\"item\":\"https:\\\/\\\/www.rjmodels.com.hk\\\/\"},{\"@type\":\"ListItem\",\"position\":2,\"name\":\"Architectural Models\"}]},{\"@type\":\"WebSite\",\"@id\":\"https:\\\/\\\/www.rjmodels.com.hk\\\/#website\",\"url\":\"https:\\\/\\\/www.rjmodels.com.hk\\\/\",\"name\":\"RJ Models\",\"description\":\"\",\"publisher\":{\"@id\":\"https:\\\/\\\/www.rjmodels.com.hk\\\/#organization\"},\"potentialAction\":[{\"@type\":\"SearchAction\",\"target\":{\"@type\":\"EntryPoint\",\"urlTemplate\":\"https:\\\/\\\/www.rjmodels.com.hk\\\/?s={search_term_string}\"},\"query-input\":{\"@type\":\"PropertyValueSpecification\",\"valueRequired\":true,\"valueName\":\"search_term_string\"}}],\"inLanguage\":\"pt-PT\"},{\"@type\":\"Organization\",\"@id\":\"https:\\\/\\\/www.rjmodels.com.hk\\\/#organization\",\"name\":\"RJ Models\",\"url\":\"https:\\\/\\\/www.rjmodels.com.hk\\\/\",\"logo\":{\"@type\":\"ImageObject\",\"inLanguage\":\"pt-PT\",\"@id\":\"https:\\\/\\\/www.rjmodels.com.hk\\\/#\\\/schema\\\/logo\\\/image\\\/\",\"url\":\"https:\\\/\\\/www.rjmodels.com.hk\\\/wp-content\\\/uploads\\\/2021\\\/11\\\/cropped-logo-12.png\",\"contentUrl\":\"https:\\\/\\\/www.rjmodels.com.hk\\\/wp-content\\\/uploads\\\/2021\\\/11\\\/cropped-logo-12.png\",\"width\":681,\"height\":162,\"caption\":\"RJ Models\"},\"image\":{\"@id\":\"https:\\\/\\\/www.rjmodels.com.hk\\\/#\\\/schema\\\/logo\\\/image\\\/\"},\"sameAs\":[\"https:\\\/\\\/www.facebook.com\\\/rjmodelmaking\"]}]}<\/script>\n<!-- \/ Yoast SEO plugin. -->","yoast_head_json":{"title":"Galeria de Modelos Arquitet\u00f4nicos","description":"Galeria de Maquetes Arquitet\u00f4nicas. A RJ Models conta com uma equipe de modelistas arquitet\u00f4nicos em que voc\u00ea pode confiar, pois entendemos a import\u00e2ncia dos seus projetos.","robots":{"index":"index","follow":"follow","max-snippet":"max-snippet:-1","max-image-preview":"max-image-preview:large","max-video-preview":"max-video-preview:-1"},"canonical":"https:\/\/www.rjmodels.com.hk\/pt\/modelo-arquitetonico\/","og_locale":"pt_PT","og_type":"article","og_title":"Architectural Model Gallery","og_description":"Architectural Model Gallery. RJ Models has a team of architectural model maker you can trust as we understand the importance of your designs.","og_url":"https:\/\/www.rjmodels.com.hk\/pt\/modelo-arquitetonico\/","og_site_name":"RJ Models","article_publisher":"https:\/\/www.facebook.com\/rjmodelmaking","article_modified_time":"2025-06-25T09:06:43+00:00","og_image":[{"url":"https:\/\/www.rjmodels.com.hk\/wp-content\/uploads\/2021\/09\/Master-Plan-Model.jpg","type":"","width":"","height":""}],"twitter_card":"summary_large_image","twitter_misc":{"Tempo estimado de leitura":"6 minutos"},"schema":{"@context":"https:\/\/schema.org","@graph":[{"@type":"WebPage","@id":"https:\/\/www.rjmodels.com.hk\/architectural-model\/","url":"https:\/\/www.rjmodels.com.hk\/architectural-model\/","name":"Galeria de Modelos Arquitet\u00f4nicos","isPartOf":{"@id":"https:\/\/www.rjmodels.com.hk\/#website"},"primaryImageOfPage":{"@id":"https:\/\/www.rjmodels.com.hk\/architectural-model\/#primaryimage"},"image":{"@id":"https:\/\/www.rjmodels.com.hk\/architectural-model\/#primaryimage"},"thumbnailUrl":"https:\/\/www.rjmodels.com.hk\/wp-content\/uploads\/2021\/09\/Master-Plan-Model.jpg","datePublished":"2018-06-05T06:19:40+00:00","dateModified":"2025-06-25T09:06:43+00:00","description":"Galeria de Maquetes Arquitet\u00f4nicas. A RJ Models conta com uma equipe de modelistas arquitet\u00f4nicos em que voc\u00ea pode confiar, pois entendemos a import\u00e2ncia dos seus projetos.","breadcrumb":{"@id":"https:\/\/www.rjmodels.com.hk\/architectural-model\/#breadcrumb"},"inLanguage":"pt-PT","potentialAction":[{"@type":"ReadAction","target":["https:\/\/www.rjmodels.com.hk\/architectural-model\/"]}]},{"@type":"ImageObject","inLanguage":"pt-PT","@id":"https:\/\/www.rjmodels.com.hk\/architectural-model\/#primaryimage","url":"https:\/\/www.rjmodels.com.hk\/wp-content\/uploads\/2021\/09\/Master-Plan-Model.jpg","contentUrl":"https:\/\/www.rjmodels.com.hk\/wp-content\/uploads\/2021\/09\/Master-Plan-Model.jpg"},{"@type":"BreadcrumbList","@id":"https:\/\/www.rjmodels.com.hk\/architectural-model\/#breadcrumb","itemListElement":[{"@type":"ListItem","position":1,"name":"Home","item":"https:\/\/www.rjmodels.com.hk\/"},{"@type":"ListItem","position":2,"name":"Architectural Models"}]},{"@type":"WebSite","@id":"https:\/\/www.rjmodels.com.hk\/#website","url":"https:\/\/www.rjmodels.com.hk\/","name":"RJ Models","description":"","publisher":{"@id":"https:\/\/www.rjmodels.com.hk\/#organization"},"potentialAction":[{"@type":"SearchAction","target":{"@type":"EntryPoint","urlTemplate":"https:\/\/www.rjmodels.com.hk\/?s={search_term_string}"},"query-input":{"@type":"PropertyValueSpecification","valueRequired":true,"valueName":"search_term_string"}}],"inLanguage":"pt-PT"},{"@type":"Organization","@id":"https:\/\/www.rjmodels.com.hk\/#organization","name":"RJ Models","url":"https:\/\/www.rjmodels.com.hk\/","logo":{"@type":"ImageObject","inLanguage":"pt-PT","@id":"https:\/\/www.rjmodels.com.hk\/#\/schema\/logo\/image\/","url":"https:\/\/www.rjmodels.com.hk\/wp-content\/uploads\/2021\/11\/cropped-logo-12.png","contentUrl":"https:\/\/www.rjmodels.com.hk\/wp-content\/uploads\/2021\/11\/cropped-logo-12.png","width":681,"height":162,"caption":"RJ Models"},"image":{"@id":"https:\/\/www.rjmodels.com.hk\/#\/schema\/logo\/image\/"},"sameAs":["https:\/\/www.facebook.com\/rjmodelmaking"]}]}},"_links":{"self":[{"href":"https:\/\/www.rjmodels.com.hk\/pt\/wp-json\/wp\/v2\/pages\/2564","targetHints":{"allow":["GET"]}}],"collection":[{"href":"https:\/\/www.rjmodels.com.hk\/pt\/wp-json\/wp\/v2\/pages"}],"about":[{"href":"https:\/\/www.rjmodels.com.hk\/pt\/wp-json\/wp\/v2\/types\/page"}],"author":[{"embeddable":true,"href":"https:\/\/www.rjmodels.com.hk\/pt\/wp-json\/wp\/v2\/users\/2"}],"replies":[{"embeddable":true,"href":"https:\/\/www.rjmodels.com.hk\/pt\/wp-json\/wp\/v2\/comments?post=2564"}],"version-history":[{"count":0,"href":"https:\/\/www.rjmodels.com.hk\/pt\/wp-json\/wp\/v2\/pages\/2564\/revisions"}],"wp:attachment":[{"href":"https:\/\/www.rjmodels.com.hk\/pt\/wp-json\/wp\/v2\/media?parent=2564"}],"curies":[{"name":"wp","href":"https:\/\/api.w.org\/{rel}","templated":true}]}}