{"id":8944,"date":"2020-06-07T01:34:56","date_gmt":"2020-06-07T01:34:56","guid":{"rendered":"https:\/\/www.rjmodels.com.hk\/?page_id=8944"},"modified":"2022-12-16T01:35:47","modified_gmt":"2022-12-16T01:35:47","slug":"model-katamaranu","status":"publish","type":"page","link":"https:\/\/www.rjmodels.com.hk\/pl\/model-katamaranu\/","title":{"rendered":"Model katamaranu"},"content":{"rendered":"<h1>\n\t\tModel katamaranu\n\t<\/h1>\n\tModel katamaranu to rodzaj\u00a0<a href=\"https:\/\/www.rjmodels.com.hk\/pl\/model-morski\/\">model morski<\/a>\u00a0z dwoma kad\u0142ubami tej samej wielko\u015bci umieszczonymi obok siebie.<br \/>\nSzeroka rama pomostowa \u0142\u0105cz\u0105ca dwa r\u00f3wnoleg\u0142e kad\u0142uby stabilizuje model morski. Model katamaranu pokazuje, jak sprytnie zaprojektowany i skonstruowany jest ten statek.<br \/>\nMo\u017cna nie tylko przyjrze\u0107 si\u0119 og\u00f3lnemu kszta\u0142towi statku, ale tak\u017ce przyjrze\u0107 si\u0119 bli\u017cej jego elementom, takim jak \u017cagle, kokpit itp.<br \/>\nSpaceruj\u0105c wok\u00f3\u0142 modelu katamaranu, mo\u017cesz wyobrazi\u0107 sobie, jak rozmawiasz w salonie lub le\u017cysz na wspania\u0142ym pok\u0142adzie s\u0142onecznym.<br \/>\nDlatego model katamaranu odgrywa dla Ciebie istotn\u0105 rol\u0119 w procesie pracy.<br \/>\nRozmy\u015blaj\u0105 nad problemami, wpatruj\u0105c si\u0119 w modele morskie, i tak przychodz\u0105 im do g\u0142owy fantastyczne pomys\u0142y!\n\t\t\t\t<img decoding=\"async\" src=\"https:\/\/www.rjmodels.com.hk\/wp-content\/uploads\/2020\/06\/00.-China-Cup-Regatta-Wind-Rider-Cover.jpg\" alt=\"00. Pokrowiec Wind-Rider na regaty China Cup\" itemprop=\"image\" title=\"00. Pokrowiec Wind-Rider na regaty China Cup\" onerror=\"this.style.display='none'\"  \/>\n<h2>\n\t\tProste kroki do wsp\u00f3\u0142pracy z nami w zakresie modeli morskich\n\t<\/h2>\n\t\t\t<a href=\"https:\/\/www.rjmodels.com.hk\/pl\/jak-zrobic-model-morski\/\" target=\"_self\" role=\"button\" rel=\"noopener\">\n\t\t\t\t\t\t\tSprawd\u017a wi\u0119cej\n\t\t\t\t\t<\/a>\n\t\t\t\t<img decoding=\"async\" src=\"https:\/\/www.rjmodels.com.hk\/wp-content\/uploads\/2020\/06\/1.-Piwer90-Catamaran-Model.jpg\" alt=\"model-katamaranu\" itemprop=\"image\" title=\"1. Model katamaranu Piwer90\" onerror=\"this.style.display='none'\"  \/>\n\t<h2>Model katamaranu Aspen Power 90<\/h2>\n<p><strong>Skala: 1:40 | Rozmiar: 400 mm x 250 mm | Czas produkcji: 14 dni<\/strong><\/p>\nEven though most power cruising catamarans have misnomers such as &#8220;pocket&#8221; or &#8220;cuddy&#8221;. The Power C90 designed by Aspen will never give you a feeling like that.<br \/>\nProjektanci z Aspen po\u015bwi\u0119cili wiele godzin na projektowanie i budow\u0119 pe\u0142nowymiarowych modeli. Po\u015bwi\u0119caj\u0105 si\u0119 uzyskaniu wszystkich w\u0142a\u015bciwych element\u00f3w w odpowiedniej skali, nie kosztem efektywno\u015bci ekonomicznej.<br \/>\nZamiast tego, ze wzgl\u0119du na przyj\u0119cie asymetrycznej konstrukcji kad\u0142uba, kt\u00f3ra wykorzystuje tylko jeden silnik, zamiast normalnych dw\u00f3ch silnik\u00f3w, jego oszcz\u0119dne paliwo i wydajna hydrodynamicznie jednostka przewy\u017cszy\u0142y inne katamarany motorowe.<br \/>\nProdukcja kad\u0142uba katamaranu kosztowa\u0142a nas <a href=\"https:\/\/www.rjmodels.com.hk\/pl\/model-jachtu\/\">modelarze jacht\u00f3w<\/a> du\u017co wysi\u0142ku. Jego asymetryczna konstrukcja wymaga dw\u00f3ch r\u00f3\u017cnych zestaw\u00f3w modu\u0142\u00f3w, kt\u00f3re musz\u0105 by\u0107 bardzo ostro\u017cnie zmontowane.<br \/>\nJednak\u017ce, gdy wyrafinowany i doskona\u0142y model katamaranu zostanie pokazany przed wszystkimi i otrzyma obfite uznanie widz\u00f3w, wiemy, \u017ce wszystkie poprzednie wysi\u0142ki s\u0105 godne uwagi.\n\t<div class=\"fl-builder-content fl-builder-content-10719 fl-builder-template fl-builder-row-template fl-builder-global-templates-locked\" data-post-id=\"10719\"><div class=\"fl-row fl-row-full-width fl-row-bg-color fl-node-60a264db6c650 fl-row-default-height fl-row-align-center\" data-node=\"60a264db6c650\">\n\t<div class=\"fl-row-content-wrap\">\n\t\t\t\t\t\t\t\t<div class=\"fl-row-content fl-row-fixed-width fl-node-content\">\n\t\t\n<div class=\"fl-col-group fl-node-60a264db6c63b\" data-node=\"60a264db6c63b\">\n\t\t\t<div class=\"fl-col fl-node-60a264db6c643 fl-col-has-cols\" data-node=\"60a264db6c643\">\n\t<div class=\"fl-col-content fl-node-content\">\n<div class=\"fl-col-group fl-node-60a264db6c645 fl-col-group-nested\" data-node=\"60a264db6c645\">\n\t\t\t<div class=\"fl-col fl-node-60a264db6c646 fl-col-small\" data-node=\"60a264db6c646\">\n\t<div class=\"fl-col-content fl-node-content\"><div class=\"fl-module fl-module-info-box fl-node-60a264db6c64b worktitle\" data-node=\"60a264db6c64b\">\n\t<div class=\"fl-module-content fl-node-content\">\n\t\t<div class=\"uabb-module-content uabb-infobox infobox-left\">\n\t<div class=\"uabb-infobox-left-right-wrap\">\n\t<div class=\"uabb-infobox-content\">\n\t\t\t<div class='uabb-infobox-title-wrap'><h3 class=\"uabb-infobox-title\"><span class=\"worktitle-num\">6000+<\/span> Projektowanie<\/h3><\/div>\t\t\t<div class=\"uabb-infobox-text-wrap\">\n\t\t\t\t<div class=\"uabb-infobox-text uabb-text-editor\"><p>Ka\u017cdego roku tworzymy ponad 500 modeli statk\u00f3w i staramy si\u0119 stale dostarcza\u0107 modele statk\u00f3w o wysokiej jako\u015bci.<\/p>\n<\/div>\t\t\t<\/div>\n\t\t\t\t\t\t<\/div>\t<\/div>\n<\/div>\n\t<\/div>\n<\/div>\n<\/div>\n<\/div>\n\t\t\t<div class=\"fl-col fl-node-60a264db6c647 fl-col-small\" data-node=\"60a264db6c647\">\n\t<div class=\"fl-col-content fl-node-content\"><div class=\"fl-module fl-module-info-box fl-node-60a264db6c64d worktitle\" data-node=\"60a264db6c64d\">\n\t<div class=\"fl-module-content fl-node-content\">\n\t\t<div class=\"uabb-module-content uabb-infobox infobox-left\">\n\t<div class=\"uabb-infobox-left-right-wrap\">\n\t<div class=\"uabb-infobox-content\">\n\t\t\t<div class='uabb-infobox-title-wrap'><h3 class=\"uabb-infobox-title\"><span class=\"worktitle-num\">26 <\/span> Rok do\u015bwiadczenia<\/h3><\/div>\t\t\t<div class=\"uabb-infobox-text-wrap\">\n\t\t\t\t<div class=\"uabb-infobox-text uabb-text-editor\"><p>RJ Models to znana na ca\u0142ym \u015bwiecie firma produkuj\u0105ca modele statk\u00f3w, za\u0142o\u017cona w 1995 roku.<\/p>\n<\/div>\t\t\t<\/div>\n\t\t\t\t\t\t<\/div>\t<\/div>\n<\/div>\n\t<\/div>\n<\/div>\n<\/div>\n<\/div>\n\t\t\t<div class=\"fl-col fl-node-60a264db6c649 fl-col-small\" data-node=\"60a264db6c649\">\n\t<div class=\"fl-col-content fl-node-content\"><div class=\"fl-module fl-module-info-box fl-node-60a264db6c64e worktitle\" data-node=\"60a264db6c64e\">\n\t<div class=\"fl-module-content fl-node-content\">\n\t\t<div class=\"uabb-module-content uabb-infobox infobox-left\">\n\t<div class=\"uabb-infobox-left-right-wrap\">\n\t<div class=\"uabb-infobox-content\">\n\t\t\t<div class='uabb-infobox-title-wrap'><h3 class=\"uabb-infobox-title\"><span class=\"worktitle-num\">500<\/span> Personel<\/h3><\/div>\t\t\t<div class=\"uabb-infobox-text-wrap\">\n\t\t\t\t<div class=\"uabb-infobox-text uabb-text-editor\"><p>Nasi modelarze statk\u00f3w posiadaj\u0105 bogate do\u015bwiadczenie i ciesz\u0105 si\u0119 opini\u0105 specjalist\u00f3w w bran\u017cy.<\/p>\n<\/div>\t\t\t<\/div>\n\t\t\t\t\t\t<\/div>\t<\/div>\n<\/div>\n\t<\/div>\n<\/div>\n<\/div>\n<\/div>\n\t\t\t<div class=\"fl-col fl-node-60a264db6c64a fl-col-small\" data-node=\"60a264db6c64a\">\n\t<div class=\"fl-col-content fl-node-content\"><div class=\"fl-module fl-module-info-box fl-node-60a264db6c64f worktitle\" data-node=\"60a264db6c64f\">\n\t<div class=\"fl-module-content fl-node-content\">\n\t\t<div class=\"uabb-module-content uabb-infobox infobox-left\">\n\t<div class=\"uabb-infobox-left-right-wrap\">\n\t<div class=\"uabb-infobox-content\">\n\t\t\t<div class='uabb-infobox-title-wrap'><h3 class=\"uabb-infobox-title\"><span class=\"worktitle-num\">7<\/span> Dni<\/h3><\/div>\t\t\t<div class=\"uabb-infobox-text-wrap\">\n\t\t\t\t<div class=\"uabb-infobox-text uabb-text-editor\"><p>RJ Models dysponuje rozbudowanym zespo\u0142em mi\u0119dzynarodowych i do\u015bwiadczonych specjalist\u00f3w ds. transportu morskiego, kt\u00f3rzy dotrzymuj\u0105 kr\u00f3tkich termin\u00f3w realizacji modeli statk\u00f3w.<\/p>\n<\/div>\t\t\t<\/div>\n\t\t\t\t\t\t<\/div>\t<\/div>\n<\/div>\n\t<\/div>\n<\/div>\n<\/div>\n<\/div>\n\t<\/div>\n<\/div>\n<\/div>\n\t<\/div>\n\t\t<\/div>\n\t<\/div>\n<\/div>\n<\/div><div class=\"uabb-js-breakpoint\" style=\"display: none;\"><\/div>\n\t<h2>Niekt\u00f3rzy nasi klienci<\/h2>\n<a href=\"https:\/\/www.rjmodels.com.hk\/pl\/klienci\/\">Zobacz naszych klient\u00f3w<\/a><br \/>\n<a href=\"https:\/\/www.rjmodels.com.hk\/wp-content\/uploads\/2020\/06\/logo.png\"><img loading=\"lazy\" decoding=\"async\" src=\"https:\/\/www.rjmodels.com.hk\/wp-content\/uploads\/2020\/06\/logo.png\" alt=\"\" width=\"1059\" height=\"245\" \/><\/a>\n<h2>\n\t\tContact RJ Models &#038; We&#8217;re here to help you grow your business.\n\t<\/h2>\n\t\n<div class=\"wpcf7 no-js\" id=\"wpcf7-f13103-o1\" lang=\"en-US\" dir=\"ltr\" data-wpcf7-id=\"13103\">\n<div class=\"screen-reader-response\"><p role=\"status\" aria-live=\"polite\" aria-atomic=\"true\"><\/p> <ul><\/ul><\/div>\n<form action=\"\/pl\/wp-json\/wp\/v2\/pages\/8944#wpcf7-f13103-o1\" method=\"post\" class=\"wpcf7-form init\" aria-label=\"Formularz kontaktowy\" novalidate=\"novalidate\" data-status=\"init\" data-trp-original-action=\"\/pl\/wp-json\/wp\/v2\/pages\/8944#wpcf7-f13103-o1\">\n<fieldset class=\"hidden-fields-container\"><input type=\"hidden\" name=\"_wpcf7\" value=\"13103\" \/><input type=\"hidden\" name=\"_wpcf7_version\" value=\"6.1.5\" \/><input type=\"hidden\" name=\"_wpcf7_locale\" value=\"en_US\" \/><input type=\"hidden\" name=\"_wpcf7_unit_tag\" value=\"wpcf7-f13103-o1\" \/><input type=\"hidden\" name=\"_wpcf7_container_post\" value=\"0\" \/><input type=\"hidden\" name=\"_wpcf7_posted_data_hash\" value=\"\" \/>\n<\/fieldset>\n<div class=\"uabb-cf7-col-1\">\n\t<p><span class=\"wpcf7-form-control-wrap\" data-name=\"your-name\"><input size=\"40\" maxlength=\"400\" class=\"wpcf7-form-control wpcf7-text wpcf7-validates-as-required\" aria-required=\"true\" aria-invalid=\"false\" placeholder=\"Twoje imi\u0119\" value=\"\" type=\"text\" name=\"your-name\" \/><\/span>\n\t<\/p>\n<\/div>\n<div class=\"uabb-cf7-col-1\">\n\t<p><span class=\"wpcf7-form-control-wrap\" data-name=\"your-email\"><input size=\"40\" maxlength=\"400\" class=\"wpcf7-form-control wpcf7-email wpcf7-validates-as-required wpcf7-text wpcf7-validates-as-email\" aria-required=\"true\" aria-invalid=\"false\" placeholder=\"Tw\u00f3j adres e-mail*\" value=\"\" type=\"email\" name=\"your-email\" \/><\/span>\n\t<\/p>\n<\/div>\n<div class=\"uabb-cf7-col-1\">\n\t<p><span class=\"wpcf7-form-control-wrap\" data-name=\"your-company\"><input size=\"40\" maxlength=\"400\" class=\"wpcf7-form-control wpcf7-text\" aria-invalid=\"false\" placeholder=\"Nazwa Twojej firmy\" value=\"\" type=\"text\" name=\"your-company\" \/><\/span>\n\t<\/p>\n<\/div>\n<div class=\"uabb-cf7-col-1\">\n\t<p><span class=\"wpcf7-form-control-wrap\" data-name=\"purpose\"><input size=\"40\" maxlength=\"400\" class=\"wpcf7-form-control wpcf7-text\" aria-invalid=\"false\" placeholder=\"Cel modelu: (Marketing, Konkurs, Prezentacja)\" value=\"\" type=\"text\" name=\"purpose\" \/><\/span>\n\t<\/p>\n<\/div>\n<div class=\"uabb-cf7-col-1\">\n\t<p><span class=\"wpcf7-form-control-wrap\" data-name=\"size\"><input size=\"40\" maxlength=\"400\" class=\"wpcf7-form-control wpcf7-text\" aria-invalid=\"false\" placeholder=\"Oczekiwana skala i rozmiar: (d\u0142. x szer. x wys.)\" value=\"\" type=\"text\" name=\"size\" \/><\/span>\n\t<\/p>\n<\/div>\n<div class=\"uabb-cf7-col-1\">\n\t<p><span class=\"wpcf7-form-control-wrap\" data-name=\"date\"><input size=\"40\" maxlength=\"400\" class=\"wpcf7-form-control wpcf7-text\" aria-invalid=\"false\" placeholder=\"Oczekiwana data zako\u0144czenia\" value=\"\" type=\"text\" name=\"date\" \/><\/span>\n\t<\/p>\n<\/div>\n<div class=\"uabb-cf7-col-1\">\n\t<p><span class=\"wpcf7-form-control-wrap\" data-name=\"delivery\"><input size=\"40\" maxlength=\"400\" class=\"wpcf7-form-control wpcf7-text\" aria-invalid=\"false\" placeholder=\"Miejsca dostawy i instalacji: (miasto, kraj)\" value=\"\" type=\"text\" name=\"delivery\" \/><\/span>\n\t<\/p>\n<\/div>\n<div class=\"uabb-cf7-col-1\">\n\t<p><span class=\"wpcf7-form-control-wrap\" data-name=\"your-message\"><textarea cols=\"60\" rows=\"3\" maxlength=\"2000\" class=\"wpcf7-form-control wpcf7-textarea wpcf7-validates-as-required\" aria-required=\"true\" aria-invalid=\"false\" placeholder=\"Twoja wiadomo\u015b\u0107*\" name=\"your-message\"><\/textarea><\/span>\n\t<\/p>\n<\/div>\n<div class=\"uabb-cf7-col-1\">\n\t<p><span class=\"wpcf7-form-control-wrap\" data-name=\"upload-file-221\"><input size=\"40\" class=\"wpcf7-form-control wpcf7-drag-n-drop-file d-none\" aria-invalid=\"false\" type=\"file\" multiple=\"multiple\" data-name=\"upload-file-221\" data-type=\"jpg|jpeg|zip|png|gif|rar|pdf\" data-limit=\"104857600\" data-id=\"13103\" data-version=\"free version 1.3.9.6\" accept=\".jpg, .jpeg, .zip, .png, .gif, .rar, .pdf\" \/><\/span>(Prosimy o przes\u0142anie nam za pomoc\u0105 Dropbox, WeTransfer lub naszego adresu e-mail: <a href=\"mailto:marketing@rjmodels.com.hk\">marketing@rjmodels.com.hk<\/a> je\u015bli pliki s\u0105 wi\u0119ksze ni\u017c 50MB.)\n\t<\/p>\n<\/div>\n<div class=\"uabb-cf7-col-1\">\n\t<p><input class=\"wpcf7-form-control wpcf7-submit has-spinner cf7-submit\" type=\"submit\" value=\"BEZP\u0141ATNA WYCENA\" \/>\n\t<\/p>\n<\/div>\n<p><script>\ndocument.addEventListener( 'wpcf7mailsent', function( event ) {\n location = '\/thank-you-rj-models\/';\n}, false );\n<\/script>\n<\/p>\n<style>\n.cf7-submit{display: grid;margin: auto;}\n<\/style><p style=\"display: none !important;\" class=\"akismet-fields-container\" data-prefix=\"_wpcf7_ak_\"><label>\u0394<textarea name=\"_wpcf7_ak_hp_textarea\" cols=\"45\" rows=\"8\" maxlength=\"100\"><\/textarea><\/label><input type=\"hidden\" id=\"ak_js_1\" name=\"_wpcf7_ak_js\" value=\"97\"\/><script>\ndocument.getElementById( \"ak_js_1\" ).setAttribute( \"value\", ( new Date() ).getTime() );\n<\/script>\n<\/p><div class=\"wpcf7-response-output\" aria-hidden=\"true\"><\/div>\n<input type=\"hidden\" name=\"trp-form-language\" value=\"pl\"\/><\/form>\n<\/div>\n\n\tOur vision is providing the top quality model making service to everywhere in the globe.\n\t\t\t\t<img loading=\"lazy\" decoding=\"async\" src=\"https:\/\/www.rjmodels.com.hk\/wp-content\/uploads\/2022\/11\/Ray-Cheung-RJ-Models.jpg\" alt=\"Ray Cheung RJ Modele\" itemprop=\"image\" height=\"216\" width=\"376\" title=\"Ray Cheung RJ Modele\" onerror=\"this.style.display='none'\"  \/>","protected":false},"excerpt":{"rendered":"<p>Catamaran Model A catamaran model is a type of\u00a0maritime model\u00a0with two equal-sized hulls held side by side. The wide bridging frame connecting two parallel hulls stabilizes the maritime model. The catamaran model shows how cleverly designed and structured this ship is. You can not only\u00a0grasp the general shape of\u00a0the ship, but also examine\u00a0components, such as\u00a0sails, [&hellip;]<\/p>\n","protected":false},"author":2,"featured_media":0,"parent":0,"menu_order":89,"comment_status":"closed","ping_status":"closed","template":"","meta":{"_acf_changed":false,"site-sidebar-layout":"default","site-content-layout":"","ast-site-content-layout":"default","site-content-style":"default","site-sidebar-style":"default","ast-global-header-display":"","ast-banner-title-visibility":"","ast-main-header-display":"","ast-hfb-above-header-display":"","ast-hfb-below-header-display":"","ast-hfb-mobile-header-display":"","site-post-title":"","ast-breadcrumbs-content":"","ast-featured-img":"","footer-sml-layout":"","theme-transparent-header-meta":"","adv-header-id-meta":"","stick-header-meta":"","header-above-stick-meta":"","header-main-stick-meta":"","header-below-stick-meta":"","astra-migrate-meta-layouts":"default","ast-page-background-enabled":"default","ast-page-background-meta":{"desktop":{"background-color":"","background-image":"","background-repeat":"repeat","background-position":"center center","background-size":"auto","background-attachment":"scroll","background-type":"","background-media":"","overlay-type":"","overlay-color":"","overlay-opacity":"","overlay-gradient":""},"tablet":{"background-color":"","background-image":"","background-repeat":"repeat","background-position":"center center","background-size":"auto","background-attachment":"scroll","background-type":"","background-media":"","overlay-type":"","overlay-color":"","overlay-opacity":"","overlay-gradient":""},"mobile":{"background-color":"","background-image":"","background-repeat":"repeat","background-position":"center center","background-size":"auto","background-attachment":"scroll","background-type":"","background-media":"","overlay-type":"","overlay-color":"","overlay-opacity":"","overlay-gradient":""}},"ast-content-background-meta":{"desktop":{"background-color":"var(--ast-global-color-5)","background-image":"","background-repeat":"repeat","background-position":"center center","background-size":"auto","background-attachment":"scroll","background-type":"","background-media":"","overlay-type":"","overlay-color":"","overlay-opacity":"","overlay-gradient":""},"tablet":{"background-color":"var(--ast-global-color-5)","background-image":"","background-repeat":"repeat","background-position":"center center","background-size":"auto","background-attachment":"scroll","background-type":"","background-media":"","overlay-type":"","overlay-color":"","overlay-opacity":"","overlay-gradient":""},"mobile":{"background-color":"var(--ast-global-color-5)","background-image":"","background-repeat":"repeat","background-position":"center center","background-size":"auto","background-attachment":"scroll","background-type":"","background-media":"","overlay-type":"","overlay-color":"","overlay-opacity":"","overlay-gradient":""}},"footnotes":""},"class_list":["post-8944","page","type-page","status-publish","hentry"],"acf":[],"yoast_head":"<!-- This site is optimized with the Yoast SEO plugin v27.5 - https:\/\/yoast.com\/product\/yoast-seo-wordpress\/ -->\n<title>Catamaran Model Making Serivce<\/title>\n<meta name=\"description\" content=\"Catamaran Model. Contact RJ Models for your martime model making service now. And delivery to any space you indicated in a tight deadline.\" \/>\n<meta name=\"robots\" content=\"index, follow, max-snippet:-1, max-image-preview:large, max-video-preview:-1\" \/>\n<link rel=\"canonical\" href=\"https:\/\/www.rjmodels.com.hk\/pl\/model-katamaranu\/\" \/>\n<meta property=\"og:locale\" content=\"pl_PL\" \/>\n<meta property=\"og:type\" content=\"article\" \/>\n<meta property=\"og:title\" content=\"Catamaran Model Making Serivce\" \/>\n<meta property=\"og:description\" content=\"Catamaran Model. Contact RJ Models for your martime model making service now. And delivery to any space you indicated in a tight deadline.\" \/>\n<meta property=\"og:url\" content=\"https:\/\/www.rjmodels.com.hk\/pl\/model-katamaranu\/\" \/>\n<meta property=\"og:site_name\" content=\"RJ Models\" \/>\n<meta property=\"article:publisher\" content=\"https:\/\/www.facebook.com\/rjmodelmaking\" \/>\n<meta property=\"article:modified_time\" content=\"2022-12-16T01:35:47+00:00\" \/>\n<meta property=\"og:image\" content=\"https:\/\/www.rjmodels.com.hk\/\/wp-content\/uploads\/2020\/06\/00.-China-Cup-Regatta-Wind-Rider-Cover.jpg\" \/>\n<meta name=\"twitter:card\" content=\"summary_large_image\" \/>\n<meta name=\"twitter:label1\" content=\"Szacowany czas czytania\" \/>\n\t<meta name=\"twitter:data1\" content=\"3 minuty\" \/>\n<script type=\"application\/ld+json\" class=\"yoast-schema-graph\">{\"@context\":\"https:\\\/\\\/schema.org\",\"@graph\":[{\"@type\":\"WebPage\",\"@id\":\"https:\\\/\\\/www.rjmodels.com.hk\\\/catamaran-model\\\/\",\"url\":\"https:\\\/\\\/www.rjmodels.com.hk\\\/catamaran-model\\\/\",\"name\":\"Catamaran Model Making Serivce\",\"isPartOf\":{\"@id\":\"https:\\\/\\\/www.rjmodels.com.hk\\\/#website\"},\"primaryImageOfPage\":{\"@id\":\"https:\\\/\\\/www.rjmodels.com.hk\\\/catamaran-model\\\/#primaryimage\"},\"image\":{\"@id\":\"https:\\\/\\\/www.rjmodels.com.hk\\\/catamaran-model\\\/#primaryimage\"},\"thumbnailUrl\":\"https:\\\/\\\/www.rjmodels.com.hk\\\/wp-content\\\/uploads\\\/2020\\\/06\\\/00.-China-Cup-Regatta-Wind-Rider-Cover.jpg\",\"datePublished\":\"2020-06-07T01:34:56+00:00\",\"dateModified\":\"2022-12-16T01:35:47+00:00\",\"description\":\"Catamaran Model. Contact RJ Models for your martime model making service now. And delivery to any space you indicated in a tight deadline.\",\"breadcrumb\":{\"@id\":\"https:\\\/\\\/www.rjmodels.com.hk\\\/catamaran-model\\\/#breadcrumb\"},\"inLanguage\":\"pl-PL\",\"potentialAction\":[{\"@type\":\"ReadAction\",\"target\":[\"https:\\\/\\\/www.rjmodels.com.hk\\\/catamaran-model\\\/\"]}]},{\"@type\":\"ImageObject\",\"inLanguage\":\"pl-PL\",\"@id\":\"https:\\\/\\\/www.rjmodels.com.hk\\\/catamaran-model\\\/#primaryimage\",\"url\":\"https:\\\/\\\/www.rjmodels.com.hk\\\/wp-content\\\/uploads\\\/2020\\\/06\\\/00.-China-Cup-Regatta-Wind-Rider-Cover.jpg\",\"contentUrl\":\"https:\\\/\\\/www.rjmodels.com.hk\\\/wp-content\\\/uploads\\\/2020\\\/06\\\/00.-China-Cup-Regatta-Wind-Rider-Cover.jpg\"},{\"@type\":\"BreadcrumbList\",\"@id\":\"https:\\\/\\\/www.rjmodels.com.hk\\\/catamaran-model\\\/#breadcrumb\",\"itemListElement\":[{\"@type\":\"ListItem\",\"position\":1,\"name\":\"Home\",\"item\":\"https:\\\/\\\/www.rjmodels.com.hk\\\/\"},{\"@type\":\"ListItem\",\"position\":2,\"name\":\"Catamaran Model\"}]},{\"@type\":\"WebSite\",\"@id\":\"https:\\\/\\\/www.rjmodels.com.hk\\\/#website\",\"url\":\"https:\\\/\\\/www.rjmodels.com.hk\\\/\",\"name\":\"RJ Models\",\"description\":\"\",\"publisher\":{\"@id\":\"https:\\\/\\\/www.rjmodels.com.hk\\\/#organization\"},\"potentialAction\":[{\"@type\":\"SearchAction\",\"target\":{\"@type\":\"EntryPoint\",\"urlTemplate\":\"https:\\\/\\\/www.rjmodels.com.hk\\\/?s={search_term_string}\"},\"query-input\":{\"@type\":\"PropertyValueSpecification\",\"valueRequired\":true,\"valueName\":\"search_term_string\"}}],\"inLanguage\":\"pl-PL\"},{\"@type\":\"Organization\",\"@id\":\"https:\\\/\\\/www.rjmodels.com.hk\\\/#organization\",\"name\":\"RJ Models\",\"url\":\"https:\\\/\\\/www.rjmodels.com.hk\\\/\",\"logo\":{\"@type\":\"ImageObject\",\"inLanguage\":\"pl-PL\",\"@id\":\"https:\\\/\\\/www.rjmodels.com.hk\\\/#\\\/schema\\\/logo\\\/image\\\/\",\"url\":\"https:\\\/\\\/www.rjmodels.com.hk\\\/wp-content\\\/uploads\\\/2021\\\/11\\\/cropped-logo-12.png\",\"contentUrl\":\"https:\\\/\\\/www.rjmodels.com.hk\\\/wp-content\\\/uploads\\\/2021\\\/11\\\/cropped-logo-12.png\",\"width\":681,\"height\":162,\"caption\":\"RJ Models\"},\"image\":{\"@id\":\"https:\\\/\\\/www.rjmodels.com.hk\\\/#\\\/schema\\\/logo\\\/image\\\/\"},\"sameAs\":[\"https:\\\/\\\/www.facebook.com\\\/rjmodelmaking\"]}]}<\/script>\n<!-- \/ Yoast SEO plugin. -->","yoast_head_json":{"title":"Us\u0142ugi modelarskie katamaran\u00f3w","description":"Model katamaranu. Skontaktuj si\u0119 z RJ Models, aby uzyska\u0107 us\u0142ug\u0119 tworzenia modeli morskich ju\u017c teraz. I dostaw\u0119 do dowolnego wskazanego miejsca w kr\u00f3tkim terminie.","robots":{"index":"index","follow":"follow","max-snippet":"max-snippet:-1","max-image-preview":"max-image-preview:large","max-video-preview":"max-video-preview:-1"},"canonical":"https:\/\/www.rjmodels.com.hk\/pl\/model-katamaranu\/","og_locale":"pl_PL","og_type":"article","og_title":"Catamaran Model Making Serivce","og_description":"Catamaran Model. Contact RJ Models for your martime model making service now. And delivery to any space you indicated in a tight deadline.","og_url":"https:\/\/www.rjmodels.com.hk\/pl\/model-katamaranu\/","og_site_name":"RJ Models","article_publisher":"https:\/\/www.facebook.com\/rjmodelmaking","article_modified_time":"2022-12-16T01:35:47+00:00","og_image":[{"url":"https:\/\/www.rjmodels.com.hk\/\/wp-content\/uploads\/2020\/06\/00.-China-Cup-Regatta-Wind-Rider-Cover.jpg","type":"","width":"","height":""}],"twitter_card":"summary_large_image","twitter_misc":{"Szacowany czas czytania":"3 minuty"},"schema":{"@context":"https:\/\/schema.org","@graph":[{"@type":"WebPage","@id":"https:\/\/www.rjmodels.com.hk\/catamaran-model\/","url":"https:\/\/www.rjmodels.com.hk\/catamaran-model\/","name":"Us\u0142ugi modelarskie katamaran\u00f3w","isPartOf":{"@id":"https:\/\/www.rjmodels.com.hk\/#website"},"primaryImageOfPage":{"@id":"https:\/\/www.rjmodels.com.hk\/catamaran-model\/#primaryimage"},"image":{"@id":"https:\/\/www.rjmodels.com.hk\/catamaran-model\/#primaryimage"},"thumbnailUrl":"https:\/\/www.rjmodels.com.hk\/wp-content\/uploads\/2020\/06\/00.-China-Cup-Regatta-Wind-Rider-Cover.jpg","datePublished":"2020-06-07T01:34:56+00:00","dateModified":"2022-12-16T01:35:47+00:00","description":"Model katamaranu. Skontaktuj si\u0119 z RJ Models, aby uzyska\u0107 us\u0142ug\u0119 tworzenia modeli morskich ju\u017c teraz. I dostaw\u0119 do dowolnego wskazanego miejsca w kr\u00f3tkim terminie.","breadcrumb":{"@id":"https:\/\/www.rjmodels.com.hk\/catamaran-model\/#breadcrumb"},"inLanguage":"pl-PL","potentialAction":[{"@type":"ReadAction","target":["https:\/\/www.rjmodels.com.hk\/catamaran-model\/"]}]},{"@type":"ImageObject","inLanguage":"pl-PL","@id":"https:\/\/www.rjmodels.com.hk\/catamaran-model\/#primaryimage","url":"https:\/\/www.rjmodels.com.hk\/wp-content\/uploads\/2020\/06\/00.-China-Cup-Regatta-Wind-Rider-Cover.jpg","contentUrl":"https:\/\/www.rjmodels.com.hk\/wp-content\/uploads\/2020\/06\/00.-China-Cup-Regatta-Wind-Rider-Cover.jpg"},{"@type":"BreadcrumbList","@id":"https:\/\/www.rjmodels.com.hk\/catamaran-model\/#breadcrumb","itemListElement":[{"@type":"ListItem","position":1,"name":"Home","item":"https:\/\/www.rjmodels.com.hk\/"},{"@type":"ListItem","position":2,"name":"Catamaran Model"}]},{"@type":"WebSite","@id":"https:\/\/www.rjmodels.com.hk\/#website","url":"https:\/\/www.rjmodels.com.hk\/","name":"RJ Models","description":"","publisher":{"@id":"https:\/\/www.rjmodels.com.hk\/#organization"},"potentialAction":[{"@type":"SearchAction","target":{"@type":"EntryPoint","urlTemplate":"https:\/\/www.rjmodels.com.hk\/?s={search_term_string}"},"query-input":{"@type":"PropertyValueSpecification","valueRequired":true,"valueName":"search_term_string"}}],"inLanguage":"pl-PL"},{"@type":"Organization","@id":"https:\/\/www.rjmodels.com.hk\/#organization","name":"RJ Models","url":"https:\/\/www.rjmodels.com.hk\/","logo":{"@type":"ImageObject","inLanguage":"pl-PL","@id":"https:\/\/www.rjmodels.com.hk\/#\/schema\/logo\/image\/","url":"https:\/\/www.rjmodels.com.hk\/wp-content\/uploads\/2021\/11\/cropped-logo-12.png","contentUrl":"https:\/\/www.rjmodels.com.hk\/wp-content\/uploads\/2021\/11\/cropped-logo-12.png","width":681,"height":162,"caption":"RJ Models"},"image":{"@id":"https:\/\/www.rjmodels.com.hk\/#\/schema\/logo\/image\/"},"sameAs":["https:\/\/www.facebook.com\/rjmodelmaking"]}]}},"_links":{"self":[{"href":"https:\/\/www.rjmodels.com.hk\/pl\/wp-json\/wp\/v2\/pages\/8944","targetHints":{"allow":["GET"]}}],"collection":[{"href":"https:\/\/www.rjmodels.com.hk\/pl\/wp-json\/wp\/v2\/pages"}],"about":[{"href":"https:\/\/www.rjmodels.com.hk\/pl\/wp-json\/wp\/v2\/types\/page"}],"author":[{"embeddable":true,"href":"https:\/\/www.rjmodels.com.hk\/pl\/wp-json\/wp\/v2\/users\/2"}],"replies":[{"embeddable":true,"href":"https:\/\/www.rjmodels.com.hk\/pl\/wp-json\/wp\/v2\/comments?post=8944"}],"version-history":[{"count":0,"href":"https:\/\/www.rjmodels.com.hk\/pl\/wp-json\/wp\/v2\/pages\/8944\/revisions"}],"wp:attachment":[{"href":"https:\/\/www.rjmodels.com.hk\/pl\/wp-json\/wp\/v2\/media?parent=8944"}],"curies":[{"name":"wp","href":"https:\/\/api.w.org\/{rel}","templated":true}]}}