{"id":19,"date":"2018-01-07T07:46:06","date_gmt":"2018-01-07T07:46:06","guid":{"rendered":"http:\/\/rj.digitalpixels.co\/?page_id=19"},"modified":"2026-04-20T02:08:55","modified_gmt":"2026-04-20T02:08:55","slug":"o","status":"publish","type":"page","link":"https:\/\/www.rjmodels.com.hk\/pl\/o\/","title":{"rendered":"O"},"content":{"rendered":"<h2>\n\t\tProwadz\u0105cy <br \/>FIRMA MODELARSKA <br \/>3 dekady po\u015bwi\u0119cenia\n\t<\/h2>\n<h2>\n\t\tLeader In World Class Architectural Model Making\n\t<\/h2>\n<p>RJ Models is the world&#8217;s largest model making company. We are industry specialists with a global reputation for excellence in architectural model building.<\/p>\n<p>We create over 700 <a href=\"https:\/\/www.rjmodels.com.hk\/pl\/przewodnik-po-modelach-architektonicznych\/\">modele architektoniczne<\/a> every year. Our team maintains a consistent standard of high-quality scale models for every client.<\/p>\n<p>Nasze priorytety obejmuj\u0105 wy\u0142\u0105czn\u0105 i globaln\u0105 dystrybucj\u0119 naszych instalacji, takich jak:\u00a0<a href=\"\/pl\/modelarze-architektoniczni-w-usa\/\">Stany Zjednoczone<\/a>,\u00a0<a href=\"https:\/\/www.rjmodels.com.hk\/pl\/modelarze-architektoniczni-w-uk\/\">Wielka Brytania<\/a>,\u00a0<a href=\"https:\/\/www.rjmodels.com.hk\/pl\/modelarze-architektoniczni-w-japonii\/\">Japonia<\/a>.<\/p>\n<p>RJ Models \u015bci\u015ble wsp\u00f3\u0142pracuje ze wszystkimi klientami, aby osi\u0105gn\u0105\u0107 najlepsz\u0105 mo\u017cliw\u0105 jako\u015b\u0107 prezentacji i prezentacji wszystkich typ\u00f3w modeli.<\/p>\n  <ul>\n    <li>\n      <a href=\"https:\/\/www.rjmodels.com.hk\/pl\/modele-planow-glownych\/\">Modele planowania g\u0142\u00f3wnego<\/a>\n    <\/li>\n    <li>\n      <a href=\"https:\/\/www.rjmodels.com.hk\/pl\/office-building-model\/\">Modele budynk\u00f3w biurowych<\/a>\n    <\/li>\n    <li>\n      <a href=\"https:\/\/www.rjmodels.com.hk\/pl\/model-lotniska\/\">Modele lotnisk<\/a>\n    <\/li>\n    <li>\n      <a href=\"https:\/\/www.rjmodels.com.hk\/pl\/model-hotelu\/\">Modele hoteli<\/a>\n    <\/li>\n    <li>\n      <a href=\"https:\/\/www.rjmodels.com.hk\/pl\/model-stadionu\/\">Modele stadion\u00f3w<\/a>\n    <\/li>\n    <li>\n      <a href=\"https:\/\/www.rjmodels.com.hk\/pl\/modele-centrow-handlowych\/\">Modele centr\u00f3w handlowych<\/a>\n    <\/li>\n    <li>\n      <a href=\"https:\/\/www.rjmodels.com.hk\/pl\/model-wnetrza\/\">Modele wn\u0119trz<\/a>\n    <\/li>\n    <li>\n      <a href=\"https:\/\/www.rjmodels.com.hk\/pl\/model-willi\/\">Modele willi<\/a>\n    <\/li>\n  <\/ul>\n  <ul>\n    <li>\n      <a href=\"https:\/\/www.rjmodels.com.hk\/pl\/model-muzeum\/\">Modele muzealne<\/a>\n    <\/li>\n    <li>\n      <a href=\"https:\/\/www.rjmodels.com.hk\/pl\/model-parku-rozrywki\/\">Modele park\u00f3w rozrywki<\/a>\n    <\/li>\n    <li>\n      <a href=\"https:\/\/www.rjmodels.com.hk\/pl\/model-krajobrazu\/\">Modele krajobrazowe<\/a>\n    <\/li>\n    <li>\n      <a href=\"https:\/\/www.rjmodels.com.hk\/pl\/model-przemyslowy\/\">Modele przemys\u0142owe<\/a>\n    <\/li>\n    <li>\n      <a href=\"https:\/\/www.rjmodels.com.hk\/pl\/model-mostu\/\">Modele most\u00f3w<\/a>\n    <\/li>\n    <li>\n      <a href=\"https:\/\/www.rjmodels.com.hk\/pl\/model-stoczniowy\/\">Modele stoczniowe<\/a>\n    <\/li>\n    <li>\n      <a href=\"https:\/\/www.rjmodels.com.hk\/pl\/Cruise+Terminal+Model\/\">Modele port\u00f3w<\/a>\n    <\/li>\n    <li>\n      <a href=\"https:\/\/www.rjmodels.com.hk\/pl\/modele-meczetow\/\">Modele meczet\u00f3w<\/a>\n    <\/li>\n  <\/ul>\n  <ul>\n    <li>\n      <a href=\"https:\/\/www.rjmodels.com.hk\/pl\/modele-budynkow-mieszkalnych\/\">Modele budynk\u00f3w mieszkalnych<\/a>\n    <\/li>\n    <li>\n      <a href=\"https:\/\/www.rjmodels.com.hk\/pl\/model-architektoniczny-szkoly\/\">Modele szkolne<\/a>\n    <\/li>\n    <li>\n      <a href=\"https:\/\/www.rjmodels.com.hk\/pl\/model-architektoniczny-fasady\/\">Modele fasad<\/a>\n    <\/li>\n    <li>\n      <a href=\"https:\/\/www.rjmodels.com.hk\/pl\/przekroj-modelu-architektonicznego\/\">Modele sekcji<\/a>\n    <\/li>\n    <li>\n      <a href=\"https:\/\/www.rjmodels.com.hk\/pl\/model-szpitala\/\">Modele szpitali<\/a>\n    <\/li>\n    <li>\n      <a href=\"https:\/\/www.rjmodels.com.hk\/pl\/white-architectural-model\/\">Bia\u0142e modele architektoniczne<\/a>\n    <\/li>\n    <li>\n      <a href=\"https:\/\/www.rjmodels.com.hk\/pl\/drewniany-model-architektoniczny\/\">Drewniane modele architektoniczne<\/a>\n    <\/li>\n    <li>\n      <a href=\"https:\/\/www.rjmodels.com.hk\/pl\/usluga-drukowania-modeli-architektonicznych-w-technologii-3d\/\">Modele architektoniczne drukowane w 3D<\/a>\n    <\/li>\n  <\/ul>\n<h2>\n\t\tOur Global Reach and Capacity\n\t<\/h2>\n\t\t\t<h3>9999+ Projects<\/h3>\t\t\t\n\t\t\t\t<p>Ka\u017cdego roku tworzymy ponad 700 modeli i staramy si\u0119 dostarcza\u0107 modele architektoniczne o wysokiej jako\u015bci.<\/p>\n\t\t\t<h3>31\u00a0Years of Experience<\/h3>\t\t\t\n\t\t\t\t<p>RJ Models to znana na ca\u0142ym \u015bwiecie firma produkuj\u0105ca modele okr\u0119t\u00f3w klasy A, za\u0142o\u017cona w 1995 roku.<\/p>\n\t\t\t<h3>765 pracownik\u00f3w<\/h3>\t\t\t\n\t\t\t\t<p>Nasi modelarze architektoniczni maj\u0105 bogate do\u015bwiadczenie i ciesz\u0105 si\u0119 opini\u0105 specjalist\u00f3w w bran\u017cy.<\/p>\n\t\t\t<h3>98 kraj\u00f3w<\/h3>\t\t\t\n\t\t\t\t<p>RJ Models dysponuje rozbudowanym zespo\u0142em profesjonalist\u00f3w zajmuj\u0105cych si\u0119 spedycj\u0105, kt\u00f3rzy s\u0105 w stanie dotrzyma\u0107 nawet najkr\u00f3tszych termin\u00f3w.<\/p>\n<h2>\n\t\tSkontaktuj si\u0119 z RJ Models, a pomo\u017cemy Ci rozwin\u0105\u0107 Tw\u00f3j biznes. \n\t<\/h2>\n\t\n<div class=\"wpcf7 no-js\" id=\"wpcf7-f48034-o1\" lang=\"en-US\" dir=\"ltr\" data-wpcf7-id=\"48034\">\n<div class=\"screen-reader-response\"><p role=\"status\" aria-live=\"polite\" aria-atomic=\"true\"><\/p> <ul><\/ul><\/div>\n<form action=\"\/pl\/wp-json\/wp\/v2\/pages\/19#wpcf7-f48034-o1\" method=\"post\" class=\"wpcf7-form init\" aria-label=\"Formularz kontaktowy\" novalidate=\"novalidate\" data-status=\"init\" data-trp-original-action=\"\/pl\/wp-json\/wp\/v2\/pages\/19#wpcf7-f48034-o1\">\n<fieldset class=\"hidden-fields-container\"><input type=\"hidden\" name=\"_wpcf7\" value=\"48034\" \/><input type=\"hidden\" name=\"_wpcf7_version\" value=\"6.1.5\" \/><input type=\"hidden\" name=\"_wpcf7_locale\" value=\"en_US\" \/><input type=\"hidden\" name=\"_wpcf7_unit_tag\" value=\"wpcf7-f48034-o1\" \/><input type=\"hidden\" name=\"_wpcf7_container_post\" value=\"0\" \/><input type=\"hidden\" name=\"_wpcf7_posted_data_hash\" value=\"\" \/>\n<\/fieldset>\n<div class=\"uabb-cf7-col-1\">\n\t<p><span class=\"wpcf7-form-control-wrap\" data-name=\"your-name\"><input size=\"40\" maxlength=\"400\" class=\"wpcf7-form-control wpcf7-text wpcf7-validates-as-required\" aria-required=\"true\" aria-invalid=\"false\" placeholder=\"Twoje imi\u0119\" value=\"\" type=\"text\" name=\"your-name\" \/><\/span>\n\t<\/p>\n<\/div>\n<div class=\"uabb-cf7-col-1\">\n\t<p><span class=\"wpcf7-form-control-wrap\" data-name=\"your-email\"><input size=\"40\" maxlength=\"400\" class=\"wpcf7-form-control wpcf7-email wpcf7-validates-as-required wpcf7-text wpcf7-validates-as-email\" aria-required=\"true\" aria-invalid=\"false\" placeholder=\"Tw\u00f3j adres e-mail*\" value=\"\" type=\"email\" name=\"your-email\" \/><\/span>\n\t<\/p>\n<\/div>\n<div class=\"uabb-cf7-col-1\">\n\t<p><span class=\"wpcf7-form-control-wrap\" data-name=\"your-company\"><input size=\"40\" maxlength=\"400\" class=\"wpcf7-form-control wpcf7-text\" aria-invalid=\"false\" placeholder=\"Nazwa Twojej firmy\" value=\"\" type=\"text\" name=\"your-company\" \/><\/span>\n\t<\/p>\n<\/div>\n<div class=\"uabb-cf7-col-1\">\n\t<p><span class=\"wpcf7-form-control-wrap\" data-name=\"purpose\"><input size=\"40\" maxlength=\"400\" class=\"wpcf7-form-control wpcf7-text\" aria-invalid=\"false\" placeholder=\"Cel modelu: (Marketing, Konkurs, Prezentacja)\" value=\"\" type=\"text\" name=\"purpose\" \/><\/span>\n\t<\/p>\n<\/div>\n<div class=\"uabb-cf7-col-1\">\n\t<p><span class=\"wpcf7-form-control-wrap\" data-name=\"size\"><input size=\"40\" maxlength=\"400\" class=\"wpcf7-form-control wpcf7-text\" aria-invalid=\"false\" placeholder=\"Oczekiwana skala i rozmiar: (d\u0142. x szer. x wys.)\" value=\"\" type=\"text\" name=\"size\" \/><\/span>\n\t<\/p>\n<\/div>\n<div class=\"uabb-cf7-col-1\">\n\t<p><span class=\"wpcf7-form-control-wrap\" data-name=\"date\"><input size=\"40\" maxlength=\"400\" class=\"wpcf7-form-control wpcf7-text\" aria-invalid=\"false\" placeholder=\"Oczekiwana data zako\u0144czenia\" value=\"\" type=\"text\" name=\"date\" \/><\/span>\n\t<\/p>\n<\/div>\n<div class=\"uabb-cf7-col-1\">\n\t<p><span class=\"wpcf7-form-control-wrap\" data-name=\"delivery\"><input size=\"40\" maxlength=\"400\" class=\"wpcf7-form-control wpcf7-text\" aria-invalid=\"false\" placeholder=\"Miejsca dostawy i instalacji: (miasto, kraj)\" value=\"\" type=\"text\" name=\"delivery\" \/><\/span>\n\t<\/p>\n<\/div>\n<div class=\"uabb-cf7-col-1\">\n\t<p><span class=\"wpcf7-form-control-wrap\" data-name=\"expected-date\"><input size=\"40\" maxlength=\"400\" class=\"wpcf7-form-control wpcf7-text\" aria-invalid=\"false\" placeholder=\"Przewidywana data zwiedzania fabryki: (miesi\u0105c, data \/ p\u00f3\u017aniej)\" value=\"\" type=\"text\" name=\"expected-date\" \/><\/span>\n\t<\/p>\n<\/div>\n<div class=\"uabb-cf7-col-1\">\n\t<p><span class=\"wpcf7-form-control-wrap\" data-name=\"your-message\"><textarea cols=\"60\" rows=\"3\" maxlength=\"2000\" class=\"wpcf7-form-control wpcf7-textarea wpcf7-validates-as-required\" aria-required=\"true\" aria-invalid=\"false\" placeholder=\"Twoja wiadomo\u015b\u0107*\" name=\"your-message\"><\/textarea><\/span>\n\t<\/p>\n<\/div>\n<div class=\"uabb-cf7-col-1\">\n\t<p><span class=\"wpcf7-form-control-wrap\" data-name=\"upload-file-221\"><input size=\"40\" class=\"wpcf7-form-control wpcf7-drag-n-drop-file d-none\" aria-invalid=\"false\" type=\"file\" multiple=\"multiple\" data-name=\"upload-file-221\" data-type=\"jpg|jpeg|zip|png|gif|rar|pdf\" data-limit=\"104857600\" data-id=\"48034\" data-version=\"free version 1.3.9.6\" accept=\".jpg, .jpeg, .zip, .png, .gif, .rar, .pdf\" \/><\/span>(Prosimy o przes\u0142anie nam za pomoc\u0105 Dropbox, WeTransfer lub naszego adresu e-mail: <a href=\"mailto:marketing@rjmodels.com.hk\">marketing@rjmodels.com.hk<\/a> je\u015bli pliki s\u0105 wi\u0119ksze ni\u017c 50MB.)\n\t<\/p>\n<\/div>\n<div class=\"uabb-cf7-col-1\">\n\t<p><input class=\"wpcf7-form-control wpcf7-submit has-spinner cf7-submit\" type=\"submit\" value=\"BEZP\u0141ATNA WYCENA\" \/>\n\t<\/p>\n<\/div>\n<p><script>\ndocument.addEventListener( 'wpcf7mailsent', function( event ) {\n location = '\/thank-you-rj-models\/';\n}, false );\n<\/script>\n<\/p>\n<style>\n.cf7-submit{display: grid;margin: auto;}\n<\/style><p style=\"display: none !important;\" class=\"akismet-fields-container\" data-prefix=\"_wpcf7_ak_\"><label>\u0394<textarea name=\"_wpcf7_ak_hp_textarea\" cols=\"45\" rows=\"8\" maxlength=\"100\"><\/textarea><\/label><input type=\"hidden\" id=\"ak_js_1\" name=\"_wpcf7_ak_js\" value=\"136\"\/><script>\ndocument.getElementById( \"ak_js_1\" ).setAttribute( \"value\", ( new Date() ).getTime() );\n<\/script>\n<\/p><div class=\"wpcf7-response-output\" aria-hidden=\"true\"><\/div>\n<input type=\"hidden\" name=\"trp-form-language\" value=\"pl\"\/><\/form>\n<\/div>\n\n\t<p>Nasz\u0105 wizj\u0105 jest dostarczanie najwy\u017cszej jako\u015bci modeli 3D w skali do ka\u017cdego miejsca na \u015bwiecie.<\/p>\n<p>Skontaktuj si\u0119 z nami ju\u017c teraz, a odpowiemy Ci w ci\u0105gu 24 godzin.<\/p>\n\t\t\t\t<img loading=\"lazy\" decoding=\"async\" src=\"https:\/\/www.rjmodels.com.hk\/wp-content\/uploads\/2022\/05\/350-600-2.jpg\" alt=\"Konstruktor modeli architektonicznych\" itemprop=\"image\" height=\"600\" width=\"350\" title=\"Konstruktor modeli architektonicznych\" onerror=\"this.style.display='none'\"  \/>","protected":false},"excerpt":{"rendered":"<p>Leading MODEL MAKING COMPANY 3 Decades of Dedication Leader In World Class Architectural Model Making RJ Models is the world&#8217;s largest model making company. We are industry specialists with a global reputation for excellence in architectural model building. We create over 700 architectural models every year. Our team maintains a consistent standard of high-quality scale [&hellip;]<\/p>\n","protected":false},"author":2,"featured_media":0,"parent":0,"menu_order":119,"comment_status":"closed","ping_status":"closed","template":"","meta":{"_acf_changed":false,"site-sidebar-layout":"no-sidebar","site-content-layout":"page-builder","ast-site-content-layout":"full-width-container","site-content-style":"unboxed","site-sidebar-style":"unboxed","ast-global-header-display":"","ast-banner-title-visibility":"","ast-main-header-display":"","ast-hfb-above-header-display":"","ast-hfb-below-header-display":"","ast-hfb-mobile-header-display":"","site-post-title":"disabled","ast-breadcrumbs-content":"","ast-featured-img":"disabled","footer-sml-layout":"","theme-transparent-header-meta":"default","adv-header-id-meta":"","stick-header-meta":"default","header-above-stick-meta":"","header-main-stick-meta":"","header-below-stick-meta":"","astra-migrate-meta-layouts":"set","ast-page-background-enabled":"default","ast-page-background-meta":{"desktop":{"background-color":"","background-image":"","background-repeat":"repeat","background-position":"center center","background-size":"auto","background-attachment":"scroll","background-type":"","background-media":"","overlay-type":"","overlay-color":"","overlay-opacity":"","overlay-gradient":""},"tablet":{"background-color":"","background-image":"","background-repeat":"repeat","background-position":"center center","background-size":"auto","background-attachment":"scroll","background-type":"","background-media":"","overlay-type":"","overlay-color":"","overlay-opacity":"","overlay-gradient":""},"mobile":{"background-color":"","background-image":"","background-repeat":"repeat","background-position":"center center","background-size":"auto","background-attachment":"scroll","background-type":"","background-media":"","overlay-type":"","overlay-color":"","overlay-opacity":"","overlay-gradient":""}},"ast-content-background-meta":{"desktop":{"background-color":"var(--ast-global-color-5)","background-image":"","background-repeat":"repeat","background-position":"center center","background-size":"auto","background-attachment":"scroll","background-type":"","background-media":"","overlay-type":"","overlay-color":"","overlay-opacity":"","overlay-gradient":""},"tablet":{"background-color":"var(--ast-global-color-5)","background-image":"","background-repeat":"repeat","background-position":"center center","background-size":"auto","background-attachment":"scroll","background-type":"","background-media":"","overlay-type":"","overlay-color":"","overlay-opacity":"","overlay-gradient":""},"mobile":{"background-color":"var(--ast-global-color-5)","background-image":"","background-repeat":"repeat","background-position":"center center","background-size":"auto","background-attachment":"scroll","background-type":"","background-media":"","overlay-type":"","overlay-color":"","overlay-opacity":"","overlay-gradient":""}},"footnotes":""},"class_list":["post-19","page","type-page","status-publish","hentry"],"acf":[],"yoast_head":"<!-- This site is optimized with the Yoast SEO plugin v27.5 - https:\/\/yoast.com\/product\/yoast-seo-wordpress\/ -->\n<title>About RJ Models | World&#039;s Largest Model Making Company<\/title>\n<meta name=\"description\" content=\"RJ Models is the world&#039;s largest architectural model maker. With 30 years of experience, we deliver 700+ scale models annually.\" \/>\n<meta name=\"robots\" content=\"index, follow, max-snippet:-1, max-image-preview:large, max-video-preview:-1\" \/>\n<link rel=\"canonical\" href=\"https:\/\/www.rjmodels.com.hk\/pl\/o\/\" \/>\n<meta property=\"og:locale\" content=\"pl_PL\" \/>\n<meta property=\"og:type\" content=\"article\" \/>\n<meta property=\"og:title\" content=\"About RJ Models | World&#039;s Largest Model Making Company\" \/>\n<meta property=\"og:description\" content=\"RJ Models is the world&#039;s largest architectural model maker. With 30 years of experience, we deliver 700+ scale models annually.\" \/>\n<meta property=\"og:url\" content=\"https:\/\/www.rjmodels.com.hk\/pl\/o\/\" \/>\n<meta property=\"og:site_name\" content=\"RJ Models\" \/>\n<meta property=\"article:publisher\" content=\"https:\/\/www.facebook.com\/rjmodelmaking\" \/>\n<meta property=\"article:modified_time\" content=\"2026-04-20T02:08:55+00:00\" \/>\n<meta property=\"og:image\" content=\"https:\/\/www.rjmodels.com.hk\/wp-content\/uploads\/2022\/05\/350-600-2.jpg\" \/>\n<meta name=\"twitter:card\" content=\"summary_large_image\" \/>\n<meta name=\"twitter:label1\" content=\"Szacowany czas czytania\" \/>\n\t<meta name=\"twitter:data1\" content=\"5 minut\" \/>\n<script type=\"application\/ld+json\" class=\"yoast-schema-graph\">{\"@context\":\"https:\\\/\\\/schema.org\",\"@graph\":[{\"@type\":\"WebPage\",\"@id\":\"https:\\\/\\\/www.rjmodels.com.hk\\\/about\\\/\",\"url\":\"https:\\\/\\\/www.rjmodels.com.hk\\\/about\\\/\",\"name\":\"About RJ Models | World's Largest Model Making Company\",\"isPartOf\":{\"@id\":\"https:\\\/\\\/www.rjmodels.com.hk\\\/#website\"},\"primaryImageOfPage\":{\"@id\":\"https:\\\/\\\/www.rjmodels.com.hk\\\/about\\\/#primaryimage\"},\"image\":{\"@id\":\"https:\\\/\\\/www.rjmodels.com.hk\\\/about\\\/#primaryimage\"},\"thumbnailUrl\":\"https:\\\/\\\/www.rjmodels.com.hk\\\/wp-content\\\/uploads\\\/2022\\\/05\\\/350-600-2.jpg\",\"datePublished\":\"2018-01-07T07:46:06+00:00\",\"dateModified\":\"2026-04-20T02:08:55+00:00\",\"description\":\"RJ Models is the world's largest architectural model maker. With 30 years of experience, we deliver 700+ scale models annually.\",\"breadcrumb\":{\"@id\":\"https:\\\/\\\/www.rjmodels.com.hk\\\/about\\\/#breadcrumb\"},\"inLanguage\":\"pl-PL\",\"potentialAction\":[{\"@type\":\"ReadAction\",\"target\":[\"https:\\\/\\\/www.rjmodels.com.hk\\\/about\\\/\"]}]},{\"@type\":\"ImageObject\",\"inLanguage\":\"pl-PL\",\"@id\":\"https:\\\/\\\/www.rjmodels.com.hk\\\/about\\\/#primaryimage\",\"url\":\"https:\\\/\\\/www.rjmodels.com.hk\\\/wp-content\\\/uploads\\\/2022\\\/05\\\/350-600-2.jpg\",\"contentUrl\":\"https:\\\/\\\/www.rjmodels.com.hk\\\/wp-content\\\/uploads\\\/2022\\\/05\\\/350-600-2.jpg\"},{\"@type\":\"BreadcrumbList\",\"@id\":\"https:\\\/\\\/www.rjmodels.com.hk\\\/about\\\/#breadcrumb\",\"itemListElement\":[{\"@type\":\"ListItem\",\"position\":1,\"name\":\"Home\",\"item\":\"https:\\\/\\\/www.rjmodels.com.hk\\\/\"},{\"@type\":\"ListItem\",\"position\":2,\"name\":\"About\"}]},{\"@type\":\"WebSite\",\"@id\":\"https:\\\/\\\/www.rjmodels.com.hk\\\/#website\",\"url\":\"https:\\\/\\\/www.rjmodels.com.hk\\\/\",\"name\":\"RJ Models\",\"description\":\"\",\"publisher\":{\"@id\":\"https:\\\/\\\/www.rjmodels.com.hk\\\/#organization\"},\"potentialAction\":[{\"@type\":\"SearchAction\",\"target\":{\"@type\":\"EntryPoint\",\"urlTemplate\":\"https:\\\/\\\/www.rjmodels.com.hk\\\/?s={search_term_string}\"},\"query-input\":{\"@type\":\"PropertyValueSpecification\",\"valueRequired\":true,\"valueName\":\"search_term_string\"}}],\"inLanguage\":\"pl-PL\"},{\"@type\":\"Organization\",\"@id\":\"https:\\\/\\\/www.rjmodels.com.hk\\\/#organization\",\"name\":\"RJ Models\",\"url\":\"https:\\\/\\\/www.rjmodels.com.hk\\\/\",\"logo\":{\"@type\":\"ImageObject\",\"inLanguage\":\"pl-PL\",\"@id\":\"https:\\\/\\\/www.rjmodels.com.hk\\\/#\\\/schema\\\/logo\\\/image\\\/\",\"url\":\"https:\\\/\\\/www.rjmodels.com.hk\\\/wp-content\\\/uploads\\\/2021\\\/11\\\/cropped-logo-12.png\",\"contentUrl\":\"https:\\\/\\\/www.rjmodels.com.hk\\\/wp-content\\\/uploads\\\/2021\\\/11\\\/cropped-logo-12.png\",\"width\":681,\"height\":162,\"caption\":\"RJ Models\"},\"image\":{\"@id\":\"https:\\\/\\\/www.rjmodels.com.hk\\\/#\\\/schema\\\/logo\\\/image\\\/\"},\"sameAs\":[\"https:\\\/\\\/www.facebook.com\\\/rjmodelmaking\"]}]}<\/script>\n<!-- \/ Yoast SEO plugin. -->","yoast_head_json":{"title":"About RJ Models | World's Largest Model Making Company","description":"RJ Models is the world's largest architectural model maker. With 30 years of experience, we deliver 700+ scale models annually.","robots":{"index":"index","follow":"follow","max-snippet":"max-snippet:-1","max-image-preview":"max-image-preview:large","max-video-preview":"max-video-preview:-1"},"canonical":"https:\/\/www.rjmodels.com.hk\/pl\/o\/","og_locale":"pl_PL","og_type":"article","og_title":"About RJ Models | World's Largest Model Making Company","og_description":"RJ Models is the world's largest architectural model maker. With 30 years of experience, we deliver 700+ scale models annually.","og_url":"https:\/\/www.rjmodels.com.hk\/pl\/o\/","og_site_name":"RJ Models","article_publisher":"https:\/\/www.facebook.com\/rjmodelmaking","article_modified_time":"2026-04-20T02:08:55+00:00","og_image":[{"url":"https:\/\/www.rjmodels.com.hk\/wp-content\/uploads\/2022\/05\/350-600-2.jpg","type":"","width":"","height":""}],"twitter_card":"summary_large_image","twitter_misc":{"Szacowany czas czytania":"5 minut"},"schema":{"@context":"https:\/\/schema.org","@graph":[{"@type":"WebPage","@id":"https:\/\/www.rjmodels.com.hk\/about\/","url":"https:\/\/www.rjmodels.com.hk\/about\/","name":"About RJ Models | World's Largest Model Making Company","isPartOf":{"@id":"https:\/\/www.rjmodels.com.hk\/#website"},"primaryImageOfPage":{"@id":"https:\/\/www.rjmodels.com.hk\/about\/#primaryimage"},"image":{"@id":"https:\/\/www.rjmodels.com.hk\/about\/#primaryimage"},"thumbnailUrl":"https:\/\/www.rjmodels.com.hk\/wp-content\/uploads\/2022\/05\/350-600-2.jpg","datePublished":"2018-01-07T07:46:06+00:00","dateModified":"2026-04-20T02:08:55+00:00","description":"RJ Models is the world's largest architectural model maker. With 30 years of experience, we deliver 700+ scale models annually.","breadcrumb":{"@id":"https:\/\/www.rjmodels.com.hk\/about\/#breadcrumb"},"inLanguage":"pl-PL","potentialAction":[{"@type":"ReadAction","target":["https:\/\/www.rjmodels.com.hk\/about\/"]}]},{"@type":"ImageObject","inLanguage":"pl-PL","@id":"https:\/\/www.rjmodels.com.hk\/about\/#primaryimage","url":"https:\/\/www.rjmodels.com.hk\/wp-content\/uploads\/2022\/05\/350-600-2.jpg","contentUrl":"https:\/\/www.rjmodels.com.hk\/wp-content\/uploads\/2022\/05\/350-600-2.jpg"},{"@type":"BreadcrumbList","@id":"https:\/\/www.rjmodels.com.hk\/about\/#breadcrumb","itemListElement":[{"@type":"ListItem","position":1,"name":"Home","item":"https:\/\/www.rjmodels.com.hk\/"},{"@type":"ListItem","position":2,"name":"About"}]},{"@type":"WebSite","@id":"https:\/\/www.rjmodels.com.hk\/#website","url":"https:\/\/www.rjmodels.com.hk\/","name":"RJ Models","description":"","publisher":{"@id":"https:\/\/www.rjmodels.com.hk\/#organization"},"potentialAction":[{"@type":"SearchAction","target":{"@type":"EntryPoint","urlTemplate":"https:\/\/www.rjmodels.com.hk\/?s={search_term_string}"},"query-input":{"@type":"PropertyValueSpecification","valueRequired":true,"valueName":"search_term_string"}}],"inLanguage":"pl-PL"},{"@type":"Organization","@id":"https:\/\/www.rjmodels.com.hk\/#organization","name":"RJ Models","url":"https:\/\/www.rjmodels.com.hk\/","logo":{"@type":"ImageObject","inLanguage":"pl-PL","@id":"https:\/\/www.rjmodels.com.hk\/#\/schema\/logo\/image\/","url":"https:\/\/www.rjmodels.com.hk\/wp-content\/uploads\/2021\/11\/cropped-logo-12.png","contentUrl":"https:\/\/www.rjmodels.com.hk\/wp-content\/uploads\/2021\/11\/cropped-logo-12.png","width":681,"height":162,"caption":"RJ Models"},"image":{"@id":"https:\/\/www.rjmodels.com.hk\/#\/schema\/logo\/image\/"},"sameAs":["https:\/\/www.facebook.com\/rjmodelmaking"]}]}},"_links":{"self":[{"href":"https:\/\/www.rjmodels.com.hk\/pl\/wp-json\/wp\/v2\/pages\/19","targetHints":{"allow":["GET"]}}],"collection":[{"href":"https:\/\/www.rjmodels.com.hk\/pl\/wp-json\/wp\/v2\/pages"}],"about":[{"href":"https:\/\/www.rjmodels.com.hk\/pl\/wp-json\/wp\/v2\/types\/page"}],"author":[{"embeddable":true,"href":"https:\/\/www.rjmodels.com.hk\/pl\/wp-json\/wp\/v2\/users\/2"}],"replies":[{"embeddable":true,"href":"https:\/\/www.rjmodels.com.hk\/pl\/wp-json\/wp\/v2\/comments?post=19"}],"version-history":[{"count":4,"href":"https:\/\/www.rjmodels.com.hk\/pl\/wp-json\/wp\/v2\/pages\/19\/revisions"}],"predecessor-version":[{"id":79436,"href":"https:\/\/www.rjmodels.com.hk\/pl\/wp-json\/wp\/v2\/pages\/19\/revisions\/79436"}],"wp:attachment":[{"href":"https:\/\/www.rjmodels.com.hk\/pl\/wp-json\/wp\/v2\/media?parent=19"}],"curies":[{"name":"wp","href":"https:\/\/api.w.org\/{rel}","templated":true}]}}