{"id":521,"date":"2025-02-22T09:57:26","date_gmt":"2025-02-22T09:57:26","guid":{"rendered":"http:\/\/rj.digitalpixels.co\/?page_id=521"},"modified":"2026-03-18T09:34:33","modified_gmt":"2026-03-18T09:34:33","slug":"come-realizzare-il-modello-architettonico","status":"publish","type":"page","link":"https:\/\/www.rjmodels.com.hk\/it\/come-realizzare-il-modello-architettonico\/","title":{"rendered":"Procedura"},"content":{"rendered":"<h2>\n\t\t5 passaggi per sapere <br \/> How to Produce an Architectural Model Making\n\t<\/h2>\n\t<p>At RJ Models, we follow a streamlined 5-step process to ensure every <a href=\"https:\/\/www.rjmodels.com.hk\/it\/guida-ai-modelli-architettonici\/\">modello architettonico<\/a> meets professional standards.<\/p>\n<p>Our systematic approach covers everything from initial enquiry and data analysis to meticulous production and global installation.<\/p>\n<p>We specialize in transforming complex design schemes into high-quality physical models for architects and developers worldwide.<\/p>\n<h2>\n\t\tFase 1. Richiesta\n\t<\/h2>\n\t<p><b data-path-to-node=\"12,0,1,0\" data-index-in-node=\"1\">Firstly<\/b>, to provide an accurate quotation, we require specific project details.<\/p>\n<p>Please provide your model dimensions, preferred scale, and final design drawings in PDF, JPG or CAD format.<\/p>\n<p><b data-path-to-node=\"12,0,1,0\" data-index-in-node=\"184\">In addition<\/b>, sharing reference renderings helps our team understand your desired style and detail level.<\/p>\n<p>&nbsp;<\/p>\n\tUna volta ricevute le informazioni di cui sopra, prepareremo uno schema del modello in scala (vedi lato destro) per offrirti il preventivo entro 48 ore.\n\t\t\t\t<img loading=\"lazy\" decoding=\"async\" src=\"https:\/\/www.rjmodels.com.hk\/wp-content\/uploads\/2022\/11\/Model-Diagram-3d-6_2-\u526f\u672c.png\" alt=\"Diagramma di creazione di modelli architettonici 3D\" itemprop=\"image\" height=\"368\" width=\"589\" title=\"Diagramma di creazione di modelli architettonici 3D\" onerror=\"this.style.display='none'\"  \/>\n<h2>\n\t\tStep 2. Receiving Project Information\n\t<\/h2>\n\t<p><b data-path-to-node=\"12,1,1,0\" data-index-in-node=\"1\">Once<\/b> the quotation is confirmed, we need the latest documents to begin production.<\/p>\n<p>This ensures our model makers follow your most recent design.<\/p>\n<p>We specifically require updated CAD master plans and detailed building elevations to maintain high precision.<\/p>\n<ul>\n<li>Aggiornato il piano generale in CAD con dimensioni e intervallo, il modello limita\/limita\/ambito.<\/li>\n<\/ul>\n\t<h3>Edifici:<\/h3>\n<ul>\n<li>Prospetti, planimetrie e sezioni di tutti gli edifici in CAD (se presenti).<\/li>\n<li>Rhino, Sketchup, 3D Max, AutoCAD 3D (se presente).<\/li>\n<li>Campione di materiale da costruzione o codice colore Panton (CU opaco)\/RAL.<\/li>\n<\/ul>\n<h3>Ambiente:<\/h3>\n<ul>\n<li>Disegno paesaggistico con marcatura di livello.<\/li>\n<li>Disegno paesaggistico con materiale e colore.<\/li>\n<li>Planimetria paesaggistica con ubicazione degli alberi.<\/li>\n<li>File 3D in Rhino, 3D Max, 3D AutoCAD, Sketch-up.<\/li>\n<li>Campione di materiale paesaggistico o codice colore Panton (CU opaco)\/RAL.<\/li>\n<li>Rendering a scopo di riferimento. (se presenti)<\/li>\n<\/ul>\n\t<h3>Combinazione di colori:<\/h3>\n<ul>\n<li>Selezionare il codice del vetro trasparente colorato dal campione.<\/li>\n<li>Selezionare il codice del vetro riflettente dal campione.<\/li>\n<li>Selezionare il codice erba\/tappeto erboso dal campione.<\/li>\n<\/ul>\n\tRJ Models comunicher\u00e0 ai clienti l&#039;effetto del modello architettonico e realizzer\u00e0 un modello basato rigorosamente sui vostri disegni progettuali.\n\t\t\t\t<img loading=\"lazy\" decoding=\"async\" src=\"https:\/\/www.rjmodels.com.hk\/wp-content\/uploads\/2022\/11\/1081.jpg\" alt=\"Disegni di modellismo\" itemprop=\"image\" height=\"200\" width=\"592\" title=\"Disegni di modellismo\" onerror=\"this.style.display='none'\"  \/>\n<h2>\n\t\tFase 3. Preparazione e conferma del campione del modello architettonico\n\t<\/h2>\n\t<p>Before full-scale production, we create detailed samples to demonstrate the final display effect.<\/p>\n<p>This stage allows you to review structure details, color matches, and lighting textures firsthand.<\/p>\n<p>By confirming these samples, we ensure the final model aligns perfectly with your original design philosophy.<\/p>\n<h2>\n\t\tStep 4. Model Production and Progress Report\n\t<\/h2>\n\t<p>Once production begins, our team provides professional progress photos at regular intervals.<\/p>\n<p>This transparency allows you to track the model&#8217;s development and ensures we meet the expected completion time.<\/p>\n<p>Furthermore, we welcome on-site visits to our workshop, giving you the opportunity to inspect the craftsmanship in person.<\/p>\n<h2>\n\t\tFase 5. Trasporto e installazione del modello\n\t<\/h2>\n\t<p>Upon your final approval, we carefully pack and ship the miniature models to your designated global address.<\/p>\n<p>Our technicians manage the on-site installation and testing to guarantee the model functions perfectly.<\/p>\n<p>For frequent travelers, we also offer custom-designed flight cases to ensure maximum protection during transit.<\/p>\n\t<p>RJ Models ha completato pi\u00f9 di 10.000 progetti di modelli di edifici ed \u00e8 apprezzato da societ\u00e0 di progettazione architettonica di fama mondiale, agenzie immobiliari, costruttori, enti governativi e cos\u00ec via.<\/p>\n<p>Forniamo servizi di produzione di modelli architettonici ad alta produttivit\u00e0 e di alta qualit\u00e0 per consentirvi di esporre idee progettuali, commercializzarle, venderle e cos\u00ec via.<\/p>\n<p>&nbsp;<\/p>\n<h2>\n\t\tContatta RJ Models e ti aiuteremo a far crescere la tua attivit\u00e0. \n\t<\/h2>\n\t\n<div class=\"wpcf7 no-js\" id=\"wpcf7-f48034-o1\" lang=\"en-US\" dir=\"ltr\" data-wpcf7-id=\"48034\">\n<div class=\"screen-reader-response\"><p role=\"status\" aria-live=\"polite\" aria-atomic=\"true\"><\/p> <ul><\/ul><\/div>\n<form action=\"\/it\/wp-json\/wp\/v2\/pages\/521#wpcf7-f48034-o1\" method=\"post\" class=\"wpcf7-form init\" aria-label=\"Modulo di contatto\" novalidate=\"novalidate\" data-status=\"init\" data-trp-original-action=\"\/it\/wp-json\/wp\/v2\/pages\/521#wpcf7-f48034-o1\">\n<fieldset class=\"hidden-fields-container\"><input type=\"hidden\" name=\"_wpcf7\" value=\"48034\" \/><input type=\"hidden\" name=\"_wpcf7_version\" value=\"6.1.5\" \/><input type=\"hidden\" name=\"_wpcf7_locale\" value=\"en_US\" \/><input type=\"hidden\" name=\"_wpcf7_unit_tag\" value=\"wpcf7-f48034-o1\" \/><input type=\"hidden\" name=\"_wpcf7_container_post\" value=\"0\" \/><input type=\"hidden\" name=\"_wpcf7_posted_data_hash\" value=\"\" \/>\n<\/fieldset>\n<div class=\"uabb-cf7-col-1\">\n\t<p><span class=\"wpcf7-form-control-wrap\" data-name=\"your-name\"><input size=\"40\" maxlength=\"400\" class=\"wpcf7-form-control wpcf7-text wpcf7-validates-as-required\" aria-required=\"true\" aria-invalid=\"false\" placeholder=\"Il tuo nome\" value=\"\" type=\"text\" name=\"your-name\" \/><\/span>\n\t<\/p>\n<\/div>\n<div class=\"uabb-cf7-col-1\">\n\t<p><span class=\"wpcf7-form-control-wrap\" data-name=\"your-email\"><input size=\"40\" maxlength=\"400\" class=\"wpcf7-form-control wpcf7-email wpcf7-validates-as-required wpcf7-text wpcf7-validates-as-email\" aria-required=\"true\" aria-invalid=\"false\" placeholder=\"La tua email*\" value=\"\" type=\"email\" name=\"your-email\" \/><\/span>\n\t<\/p>\n<\/div>\n<div class=\"uabb-cf7-col-1\">\n\t<p><span class=\"wpcf7-form-control-wrap\" data-name=\"your-company\"><input size=\"40\" maxlength=\"400\" class=\"wpcf7-form-control wpcf7-text\" aria-invalid=\"false\" placeholder=\"Il nome della tua azienda\" value=\"\" type=\"text\" name=\"your-company\" \/><\/span>\n\t<\/p>\n<\/div>\n<div class=\"uabb-cf7-col-1\">\n\t<p><span class=\"wpcf7-form-control-wrap\" data-name=\"purpose\"><input size=\"40\" maxlength=\"400\" class=\"wpcf7-form-control wpcf7-text\" aria-invalid=\"false\" placeholder=\"Scopo del modello: (Marketing, Concorrenza, Presentazione)\" value=\"\" type=\"text\" name=\"purpose\" \/><\/span>\n\t<\/p>\n<\/div>\n<div class=\"uabb-cf7-col-1\">\n\t<p><span class=\"wpcf7-form-control-wrap\" data-name=\"size\"><input size=\"40\" maxlength=\"400\" class=\"wpcf7-form-control wpcf7-text\" aria-invalid=\"false\" placeholder=\"Scala e dimensioni previste: (LxWxH)\" value=\"\" type=\"text\" name=\"size\" \/><\/span>\n\t<\/p>\n<\/div>\n<div class=\"uabb-cf7-col-1\">\n\t<p><span class=\"wpcf7-form-control-wrap\" data-name=\"date\"><input size=\"40\" maxlength=\"400\" class=\"wpcf7-form-control wpcf7-text\" aria-invalid=\"false\" placeholder=\"Data di completamento prevista\" value=\"\" type=\"text\" name=\"date\" \/><\/span>\n\t<\/p>\n<\/div>\n<div class=\"uabb-cf7-col-1\">\n\t<p><span class=\"wpcf7-form-control-wrap\" data-name=\"delivery\"><input size=\"40\" maxlength=\"400\" class=\"wpcf7-form-control wpcf7-text\" aria-invalid=\"false\" placeholder=\"Destinazioni di consegna e installazione: (citt\u00e0, paese)\" value=\"\" type=\"text\" name=\"delivery\" \/><\/span>\n\t<\/p>\n<\/div>\n<div class=\"uabb-cf7-col-1\">\n\t<p><span class=\"wpcf7-form-control-wrap\" data-name=\"expected-date\"><input size=\"40\" maxlength=\"400\" class=\"wpcf7-form-control wpcf7-text\" aria-invalid=\"false\" placeholder=\"Data prevista per la visita alla fabbrica: (mese, data \/ successivo)\" value=\"\" type=\"text\" name=\"expected-date\" \/><\/span>\n\t<\/p>\n<\/div>\n<div class=\"uabb-cf7-col-1\">\n\t<p><span class=\"wpcf7-form-control-wrap\" data-name=\"your-message\"><textarea cols=\"60\" rows=\"3\" maxlength=\"2000\" class=\"wpcf7-form-control wpcf7-textarea wpcf7-validates-as-required\" aria-required=\"true\" aria-invalid=\"false\" placeholder=\"Il tuo messaggio*\" name=\"your-message\"><\/textarea><\/span>\n\t<\/p>\n<\/div>\n<div class=\"uabb-cf7-col-1\">\n\t<p><span class=\"wpcf7-form-control-wrap\" data-name=\"upload-file-221\"><input size=\"40\" class=\"wpcf7-form-control wpcf7-drag-n-drop-file d-none\" aria-invalid=\"false\" type=\"file\" multiple=\"multiple\" data-name=\"upload-file-221\" data-type=\"jpg|jpeg|zip|png|gif|rar|pdf\" data-limit=\"104857600\" data-id=\"48034\" data-version=\"free version 1.3.9.6\" accept=\".jpg, .jpeg, .zip, .png, .gif, .rar, .pdf\" \/><\/span>(Inviaci tramite Dropbox o WeTransfer, oppure alla nostra email: <a href=\"mailto:marketing@rjmodels.com.hk\">marketing@rjmodels.com.hk<\/a> se i file sono pi\u00f9 grandi di 50 MB.)\n\t<\/p>\n<\/div>\n<div class=\"uabb-cf7-col-1\">\n\t<p><input class=\"wpcf7-form-control wpcf7-submit has-spinner cf7-submit\" type=\"submit\" value=\"PREVENTIVO GRATUITO\" \/>\n\t<\/p>\n<\/div>\n<p><script>\ndocument.addEventListener( 'wpcf7mailsent', function( event ) {\n location = '\/thank-you-rj-models\/';\n}, false );\n<\/script>\n<\/p>\n<style>\n.cf7-submit{display: grid;margin: auto;}\n<\/style><p style=\"display: none !important;\" class=\"akismet-fields-container\" data-prefix=\"_wpcf7_ak_\"><label>\u0394<textarea name=\"_wpcf7_ak_hp_textarea\" cols=\"45\" rows=\"8\" maxlength=\"100\"><\/textarea><\/label><input type=\"hidden\" id=\"ak_js_1\" name=\"_wpcf7_ak_js\" value=\"161\"\/><script>\ndocument.getElementById( \"ak_js_1\" ).setAttribute( \"value\", ( new Date() ).getTime() );\n<\/script>\n<\/p><div class=\"wpcf7-response-output\" aria-hidden=\"true\"><\/div>\n<input type=\"hidden\" name=\"trp-form-language\" value=\"it\"\/><\/form>\n<\/div>\n\n\t<p>La nostra visione \u00e8 quella di fornire modelli 3D in scala di altissima qualit\u00e0 ovunque nel mondo.<\/p>\n<p>Contattaci ora e ti risponderemo entro 24 ore.<\/p>\n\t\t\t\t<img loading=\"lazy\" decoding=\"async\" src=\"https:\/\/www.rjmodels.com.hk\/wp-content\/uploads\/2022\/05\/350-600-2.jpg\" alt=\"Costruttore di modelli architettonici\" itemprop=\"image\" height=\"600\" width=\"350\" title=\"Costruttore di modelli architettonici\" onerror=\"this.style.display='none'\"  \/>","protected":false},"excerpt":{"rendered":"<p>5 Steps to know How to Produce an Architectural Model Making At RJ Models, we follow a streamlined 5-step process to ensure every architectural model meets professional standards. Our systematic approach covers everything from initial enquiry and data analysis to meticulous production and global installation. We specialize in transforming complex design schemes into high-quality physical [&hellip;]<\/p>\n","protected":false},"author":2,"featured_media":0,"parent":0,"menu_order":3,"comment_status":"closed","ping_status":"closed","template":"","meta":{"_acf_changed":false,"site-sidebar-layout":"no-sidebar","site-content-layout":"page-builder","ast-site-content-layout":"full-width-container","site-content-style":"unboxed","site-sidebar-style":"unboxed","ast-global-header-display":"","ast-banner-title-visibility":"","ast-main-header-display":"","ast-hfb-above-header-display":"","ast-hfb-below-header-display":"","ast-hfb-mobile-header-display":"","site-post-title":"disabled","ast-breadcrumbs-content":"","ast-featured-img":"disabled","footer-sml-layout":"","theme-transparent-header-meta":"default","adv-header-id-meta":"","stick-header-meta":"default","header-above-stick-meta":"","header-main-stick-meta":"","header-below-stick-meta":"","astra-migrate-meta-layouts":"set","ast-page-background-enabled":"default","ast-page-background-meta":{"desktop":{"background-color":"","background-image":"","background-repeat":"repeat","background-position":"center center","background-size":"auto","background-attachment":"scroll","background-type":"","background-media":"","overlay-type":"","overlay-color":"","overlay-opacity":"","overlay-gradient":""},"tablet":{"background-color":"","background-image":"","background-repeat":"repeat","background-position":"center center","background-size":"auto","background-attachment":"scroll","background-type":"","background-media":"","overlay-type":"","overlay-color":"","overlay-opacity":"","overlay-gradient":""},"mobile":{"background-color":"","background-image":"","background-repeat":"repeat","background-position":"center center","background-size":"auto","background-attachment":"scroll","background-type":"","background-media":"","overlay-type":"","overlay-color":"","overlay-opacity":"","overlay-gradient":""}},"ast-content-background-meta":{"desktop":{"background-color":"var(--ast-global-color-5)","background-image":"","background-repeat":"repeat","background-position":"center center","background-size":"auto","background-attachment":"scroll","background-type":"","background-media":"","overlay-type":"","overlay-color":"","overlay-opacity":"","overlay-gradient":""},"tablet":{"background-color":"var(--ast-global-color-5)","background-image":"","background-repeat":"repeat","background-position":"center center","background-size":"auto","background-attachment":"scroll","background-type":"","background-media":"","overlay-type":"","overlay-color":"","overlay-opacity":"","overlay-gradient":""},"mobile":{"background-color":"var(--ast-global-color-5)","background-image":"","background-repeat":"repeat","background-position":"center center","background-size":"auto","background-attachment":"scroll","background-type":"","background-media":"","overlay-type":"","overlay-color":"","overlay-opacity":"","overlay-gradient":""}},"footnotes":""},"class_list":["post-521","page","type-page","status-publish","hentry"],"acf":[],"yoast_head":"<!-- This site is optimized with the Yoast SEO plugin v27.5 - https:\/\/yoast.com\/product\/yoast-seo-wordpress\/ -->\n<title>How to Make Architectural Models | 5-Step Process | RJ Models<\/title>\n<meta name=\"description\" content=\"Learn how RJ Models creates world-class architectural models. Our 5-step process ensures precision from enquiry to global delivery.\" \/>\n<meta name=\"robots\" content=\"index, follow, max-snippet:-1, max-image-preview:large, max-video-preview:-1\" \/>\n<link rel=\"canonical\" href=\"https:\/\/www.rjmodels.com.hk\/it\/come-realizzare-il-modello-architettonico\/\" \/>\n<meta property=\"og:locale\" content=\"it_IT\" \/>\n<meta property=\"og:type\" content=\"article\" \/>\n<meta property=\"og:title\" content=\"How to Make Architectural Models | 5-Step Process | RJ Models\" \/>\n<meta property=\"og:description\" content=\"Learn how RJ Models creates world-class architectural models. Our 5-step process ensures precision from enquiry to global delivery.\" \/>\n<meta property=\"og:url\" content=\"https:\/\/www.rjmodels.com.hk\/it\/come-realizzare-il-modello-architettonico\/\" \/>\n<meta property=\"og:site_name\" content=\"RJ Models\" \/>\n<meta property=\"article:publisher\" content=\"https:\/\/www.facebook.com\/rjmodelmaking\" \/>\n<meta property=\"article:modified_time\" content=\"2026-03-18T09:34:33+00:00\" \/>\n<meta property=\"og:image\" content=\"https:\/\/www.rjmodels.com.hk\/wp-content\/uploads\/2022\/11\/1081.jpg\" \/>\n<meta name=\"twitter:card\" content=\"summary_large_image\" \/>\n<meta name=\"twitter:label1\" content=\"Tempo di lettura stimato\" \/>\n\t<meta name=\"twitter:data1\" content=\"5 minuti\" \/>\n<script type=\"application\/ld+json\" class=\"yoast-schema-graph\">{\"@context\":\"https:\\\/\\\/schema.org\",\"@graph\":[{\"@type\":\"WebPage\",\"@id\":\"https:\\\/\\\/www.rjmodels.com.hk\\\/how-to-make-the-architectural-model\\\/\",\"url\":\"https:\\\/\\\/www.rjmodels.com.hk\\\/how-to-make-the-architectural-model\\\/\",\"name\":\"How to Make Architectural Models | 5-Step Process | RJ Models\",\"isPartOf\":{\"@id\":\"https:\\\/\\\/www.rjmodels.com.hk\\\/#website\"},\"primaryImageOfPage\":{\"@id\":\"https:\\\/\\\/www.rjmodels.com.hk\\\/how-to-make-the-architectural-model\\\/#primaryimage\"},\"image\":{\"@id\":\"https:\\\/\\\/www.rjmodels.com.hk\\\/how-to-make-the-architectural-model\\\/#primaryimage\"},\"thumbnailUrl\":\"https:\\\/\\\/www.rjmodels.com.hk\\\/wp-content\\\/uploads\\\/2022\\\/11\\\/1081.jpg\",\"datePublished\":\"2025-02-22T09:57:26+00:00\",\"dateModified\":\"2026-03-18T09:34:33+00:00\",\"description\":\"Learn how RJ Models creates world-class architectural models. Our 5-step process ensures precision from enquiry to global delivery.\",\"breadcrumb\":{\"@id\":\"https:\\\/\\\/www.rjmodels.com.hk\\\/how-to-make-the-architectural-model\\\/#breadcrumb\"},\"inLanguage\":\"it-IT\",\"potentialAction\":[{\"@type\":\"ReadAction\",\"target\":[\"https:\\\/\\\/www.rjmodels.com.hk\\\/how-to-make-the-architectural-model\\\/\"]}]},{\"@type\":\"ImageObject\",\"inLanguage\":\"it-IT\",\"@id\":\"https:\\\/\\\/www.rjmodels.com.hk\\\/how-to-make-the-architectural-model\\\/#primaryimage\",\"url\":\"https:\\\/\\\/www.rjmodels.com.hk\\\/wp-content\\\/uploads\\\/2022\\\/11\\\/1081.jpg\",\"contentUrl\":\"https:\\\/\\\/www.rjmodels.com.hk\\\/wp-content\\\/uploads\\\/2022\\\/11\\\/1081.jpg\"},{\"@type\":\"BreadcrumbList\",\"@id\":\"https:\\\/\\\/www.rjmodels.com.hk\\\/how-to-make-the-architectural-model\\\/#breadcrumb\",\"itemListElement\":[{\"@type\":\"ListItem\",\"position\":1,\"name\":\"Home\",\"item\":\"https:\\\/\\\/www.rjmodels.com.hk\\\/\"},{\"@type\":\"ListItem\",\"position\":2,\"name\":\"Procedure\"}]},{\"@type\":\"WebSite\",\"@id\":\"https:\\\/\\\/www.rjmodels.com.hk\\\/#website\",\"url\":\"https:\\\/\\\/www.rjmodels.com.hk\\\/\",\"name\":\"RJ Models\",\"description\":\"\",\"publisher\":{\"@id\":\"https:\\\/\\\/www.rjmodels.com.hk\\\/#organization\"},\"potentialAction\":[{\"@type\":\"SearchAction\",\"target\":{\"@type\":\"EntryPoint\",\"urlTemplate\":\"https:\\\/\\\/www.rjmodels.com.hk\\\/?s={search_term_string}\"},\"query-input\":{\"@type\":\"PropertyValueSpecification\",\"valueRequired\":true,\"valueName\":\"search_term_string\"}}],\"inLanguage\":\"it-IT\"},{\"@type\":\"Organization\",\"@id\":\"https:\\\/\\\/www.rjmodels.com.hk\\\/#organization\",\"name\":\"RJ Models\",\"url\":\"https:\\\/\\\/www.rjmodels.com.hk\\\/\",\"logo\":{\"@type\":\"ImageObject\",\"inLanguage\":\"it-IT\",\"@id\":\"https:\\\/\\\/www.rjmodels.com.hk\\\/#\\\/schema\\\/logo\\\/image\\\/\",\"url\":\"https:\\\/\\\/www.rjmodels.com.hk\\\/wp-content\\\/uploads\\\/2021\\\/11\\\/cropped-logo-12.png\",\"contentUrl\":\"https:\\\/\\\/www.rjmodels.com.hk\\\/wp-content\\\/uploads\\\/2021\\\/11\\\/cropped-logo-12.png\",\"width\":681,\"height\":162,\"caption\":\"RJ Models\"},\"image\":{\"@id\":\"https:\\\/\\\/www.rjmodels.com.hk\\\/#\\\/schema\\\/logo\\\/image\\\/\"},\"sameAs\":[\"https:\\\/\\\/www.facebook.com\\\/rjmodelmaking\"]}]}<\/script>\n<!-- \/ Yoast SEO plugin. -->","yoast_head_json":{"title":"How to Make Architectural Models | 5-Step Process | RJ Models","description":"Learn how RJ Models creates world-class architectural models. Our 5-step process ensures precision from enquiry to global delivery.","robots":{"index":"index","follow":"follow","max-snippet":"max-snippet:-1","max-image-preview":"max-image-preview:large","max-video-preview":"max-video-preview:-1"},"canonical":"https:\/\/www.rjmodels.com.hk\/it\/come-realizzare-il-modello-architettonico\/","og_locale":"it_IT","og_type":"article","og_title":"How to Make Architectural Models | 5-Step Process | RJ Models","og_description":"Learn how RJ Models creates world-class architectural models. Our 5-step process ensures precision from enquiry to global delivery.","og_url":"https:\/\/www.rjmodels.com.hk\/it\/come-realizzare-il-modello-architettonico\/","og_site_name":"RJ Models","article_publisher":"https:\/\/www.facebook.com\/rjmodelmaking","article_modified_time":"2026-03-18T09:34:33+00:00","og_image":[{"url":"https:\/\/www.rjmodels.com.hk\/wp-content\/uploads\/2022\/11\/1081.jpg","type":"","width":"","height":""}],"twitter_card":"summary_large_image","twitter_misc":{"Tempo di lettura stimato":"5 minuti"},"schema":{"@context":"https:\/\/schema.org","@graph":[{"@type":"WebPage","@id":"https:\/\/www.rjmodels.com.hk\/how-to-make-the-architectural-model\/","url":"https:\/\/www.rjmodels.com.hk\/how-to-make-the-architectural-model\/","name":"How to Make Architectural Models | 5-Step Process | RJ Models","isPartOf":{"@id":"https:\/\/www.rjmodels.com.hk\/#website"},"primaryImageOfPage":{"@id":"https:\/\/www.rjmodels.com.hk\/how-to-make-the-architectural-model\/#primaryimage"},"image":{"@id":"https:\/\/www.rjmodels.com.hk\/how-to-make-the-architectural-model\/#primaryimage"},"thumbnailUrl":"https:\/\/www.rjmodels.com.hk\/wp-content\/uploads\/2022\/11\/1081.jpg","datePublished":"2025-02-22T09:57:26+00:00","dateModified":"2026-03-18T09:34:33+00:00","description":"Learn how RJ Models creates world-class architectural models. Our 5-step process ensures precision from enquiry to global delivery.","breadcrumb":{"@id":"https:\/\/www.rjmodels.com.hk\/how-to-make-the-architectural-model\/#breadcrumb"},"inLanguage":"it-IT","potentialAction":[{"@type":"ReadAction","target":["https:\/\/www.rjmodels.com.hk\/how-to-make-the-architectural-model\/"]}]},{"@type":"ImageObject","inLanguage":"it-IT","@id":"https:\/\/www.rjmodels.com.hk\/how-to-make-the-architectural-model\/#primaryimage","url":"https:\/\/www.rjmodels.com.hk\/wp-content\/uploads\/2022\/11\/1081.jpg","contentUrl":"https:\/\/www.rjmodels.com.hk\/wp-content\/uploads\/2022\/11\/1081.jpg"},{"@type":"BreadcrumbList","@id":"https:\/\/www.rjmodels.com.hk\/how-to-make-the-architectural-model\/#breadcrumb","itemListElement":[{"@type":"ListItem","position":1,"name":"Home","item":"https:\/\/www.rjmodels.com.hk\/"},{"@type":"ListItem","position":2,"name":"Procedure"}]},{"@type":"WebSite","@id":"https:\/\/www.rjmodels.com.hk\/#website","url":"https:\/\/www.rjmodels.com.hk\/","name":"RJ Models","description":"","publisher":{"@id":"https:\/\/www.rjmodels.com.hk\/#organization"},"potentialAction":[{"@type":"SearchAction","target":{"@type":"EntryPoint","urlTemplate":"https:\/\/www.rjmodels.com.hk\/?s={search_term_string}"},"query-input":{"@type":"PropertyValueSpecification","valueRequired":true,"valueName":"search_term_string"}}],"inLanguage":"it-IT"},{"@type":"Organization","@id":"https:\/\/www.rjmodels.com.hk\/#organization","name":"RJ Models","url":"https:\/\/www.rjmodels.com.hk\/","logo":{"@type":"ImageObject","inLanguage":"it-IT","@id":"https:\/\/www.rjmodels.com.hk\/#\/schema\/logo\/image\/","url":"https:\/\/www.rjmodels.com.hk\/wp-content\/uploads\/2021\/11\/cropped-logo-12.png","contentUrl":"https:\/\/www.rjmodels.com.hk\/wp-content\/uploads\/2021\/11\/cropped-logo-12.png","width":681,"height":162,"caption":"RJ Models"},"image":{"@id":"https:\/\/www.rjmodels.com.hk\/#\/schema\/logo\/image\/"},"sameAs":["https:\/\/www.facebook.com\/rjmodelmaking"]}]}},"_links":{"self":[{"href":"https:\/\/www.rjmodels.com.hk\/it\/wp-json\/wp\/v2\/pages\/521","targetHints":{"allow":["GET"]}}],"collection":[{"href":"https:\/\/www.rjmodels.com.hk\/it\/wp-json\/wp\/v2\/pages"}],"about":[{"href":"https:\/\/www.rjmodels.com.hk\/it\/wp-json\/wp\/v2\/types\/page"}],"author":[{"embeddable":true,"href":"https:\/\/www.rjmodels.com.hk\/it\/wp-json\/wp\/v2\/users\/2"}],"replies":[{"embeddable":true,"href":"https:\/\/www.rjmodels.com.hk\/it\/wp-json\/wp\/v2\/comments?post=521"}],"version-history":[{"count":6,"href":"https:\/\/www.rjmodels.com.hk\/it\/wp-json\/wp\/v2\/pages\/521\/revisions"}],"predecessor-version":[{"id":77796,"href":"https:\/\/www.rjmodels.com.hk\/it\/wp-json\/wp\/v2\/pages\/521\/revisions\/77796"}],"wp:attachment":[{"href":"https:\/\/www.rjmodels.com.hk\/it\/wp-json\/wp\/v2\/media?parent=521"}],"curies":[{"name":"wp","href":"https:\/\/api.w.org\/{rel}","templated":true}]}}