{"id":9104,"date":"2020-06-24T04:23:35","date_gmt":"2020-06-24T04:23:35","guid":{"rendered":"https:\/\/www.rjmodels.com.hk\/?page_id=9104"},"modified":"2026-02-23T09:52:30","modified_gmt":"2026-02-23T09:52:30","slug":"erintkezes","status":"publish","type":"page","link":"https:\/\/www.rjmodels.com.hk\/hu\/erintkezes\/","title":{"rendered":"\u00c9rintkez\u00e9s"},"content":{"rendered":"<h1>\n\t\tL\u00e9pjen kapcsolatba vel\u00fcnk most\n\t<\/h1>\n\t<p>Gyorsabban sz\u00e1ll\u00edtunk h\u00e1zhoz, mint a helyi modellk\u00e9sz\u00edt\u0151k<\/p>\n<h2>\n\t\tL\u00e9pjen kapcsolatba az RJ Modellekkel m\u00e9g ma, \u00e9s megtudja, hogyan seg\u00edthet\u00fcnk a nyuszi n\u00f6veked\u00e9s\u00e9ben.\n\t<\/h2>\n\t<p>K\u00e9rjen INGYENES \u00e1raj\u00e1nlatot \u00e9s mi 24 \u00f3r\u00e1n bel\u00fcl v\u00e1laszolunk.<\/p>\n\t<p>A m\u00e9retar\u00e1nyos modellk\u00e9sz\u00edt\u00e9s 5 l\u00e9p\u00e9s\u00e9nek tartalma<\/p>\n\t\t\t\t\t<a href=\"#\" id=\"fl-accordion--label-0\" tabindex=\"0\" aria-controls=\"fl-accordion--panel-0\">Id\u00e9zve<\/a>\n\t\t\t\t\t\t\t\t\t\t\t<a href=\"#\" id=\"fl-accordion--icon-0\" tabindex=\"0\" aria-controls=\"fl-accordion--panel-0\"><i>\u00d6sszeoml\u00e1s<\/i><\/a>\n\t\t\t\t\t<p>Ig\u00e9ny\u00e9nek be\u00e9rkez\u00e9se ut\u00e1n 48 \u00f3r\u00e1n bel\u00fcl \u00e1tfog\u00f3 \u00e1raj\u00e1nlatot k\u00e9sz\u00edt\u00fcnk \u00d6nnek a m\u00e9retar\u00e1nyos modellr\u0151l.<\/p>\n\t\t\t\t\t<a href=\"#\" id=\"fl-accordion--label-1\" tabindex=\"0\" aria-controls=\"fl-accordion--panel-1\">Modell specifik\u00e1ci\u00f3s dokumentum.<\/a>\n\t\t\t\t\t\t\t\t\t\t\t<a href=\"#\" id=\"fl-accordion--icon-1\" tabindex=\"0\" aria-controls=\"fl-accordion--panel-1\"><i>Bontsa ki<\/i><\/a>\n\t\t\t\t\t<p>Az \u00e1raj\u00e1nlat meger\u0151s\u00edt\u00e9se ut\u00e1n k\u00e9rj\u00fck, k\u00fcldje el \u00fajra a v\u00e9gs\u0151 rajzot a legfrissebb terv biztos\u00edt\u00e1sa \u00e9rdek\u00e9ben.<\/p>\n\t\t\t\t\t<a href=\"#\" id=\"fl-accordion--label-2\" tabindex=\"0\" aria-controls=\"fl-accordion--panel-2\">Mintak\u00e9sz\u00edt\u00e9s \u00e9s meger\u0151s\u00edt\u00e9s.<\/a>\n\t\t\t\t\t\t\t\t\t\t\t<a href=\"#\" id=\"fl-accordion--icon-2\" tabindex=\"0\" aria-controls=\"fl-accordion--panel-2\"><i>Bontsa ki<\/i><\/a>\n\t\t\t\t\t<p>Ezt k\u00f6vet\u0151en j\u00f3v\u00e1hagy\u00e1s c\u00e9lj\u00e1b\u00f3l mint\u00e1t k\u00e9sz\u00edt\u00fcnk a m\u00e9retar\u00e1nyos modell egy r\u00e9sz\u00e9b\u0151l.<\/p>\n\t\t\t\t\t<a href=\"#\" id=\"fl-accordion--label-3\" tabindex=\"0\" aria-controls=\"fl-accordion--panel-3\">Modell gy\u00e1rt\u00e1s.<\/a>\n\t\t\t\t\t\t\t\t\t\t\t<a href=\"#\" id=\"fl-accordion--icon-3\" tabindex=\"0\" aria-controls=\"fl-accordion--panel-3\"><i>Bontsa ki<\/i><\/a>\n\t\t\t\t\t<p>Tov\u00e1bb\u00e1 megkezdj\u00fck az \u00e9p\u00edtkez\u00e9st, \u00e9s a fot\u00f3kat \u00fatk\u00f6zben \u00e9s a legfontosabb m\u00e9rf\u00f6ldk\u00f6veken elk\u00fcldj\u00fck kijelentkez\u00e9sre. Ezut\u00e1n megkapjuk visszajelz\u00e9s\u00e9t, \u00e9szrev\u00e9teleit \u00e9s j\u00f3v\u00e1hagy\u00e1s\u00e1t.<\/p>\n\t\t\t\t\t<a href=\"#\" id=\"fl-accordion--label-4\" tabindex=\"0\" aria-controls=\"fl-accordion--panel-4\">Kik\u00e9sz\u00edt\u00e9s \u00e9s sz\u00e1ll\u00edt\u00e1s.<\/a>\n\t\t\t\t\t\t\t\t\t\t\t<a href=\"#\" id=\"fl-accordion--icon-4\" tabindex=\"0\" aria-controls=\"fl-accordion--panel-4\"><i>Bontsa ki<\/i><\/a>\n\t\t\t\t\t<p>Miut\u00e1n megkaptuk a v\u00e9gs\u0151 j\u00f3v\u00e1hagy\u00e1st, a m\u00e9retar\u00e1nyos modellt az \u00d6n \u00e1ltal k\u00e9rt helyre sz\u00e1ll\u00edtjuk \u00e9s telep\u00edtj\u00fck.<\/p>\n\t<p>Tov\u00e1bbi r\u00e9szletek\u00e9rt l\u00e1togassa meg oldalunkat\u00a0<a href=\"\/hu\/hogyan-keszitsuk-el-az-epiteszeti-modellt\/\">procedure of architectural modal making.<\/a><\/p>\n<p>\u00c1raj\u00e1nlatot adni <strong>\u00e9p\u00edt\u00e9szeti makettk\u00e9sz\u00edt\u00e9s<\/strong>, Az RJ modelleknek az al\u00e1bbi inform\u00e1ci\u00f3kra lenne sz\u00fcks\u00e9g\u00fck:<\/p>\n<p>1. Drawing of the model boundary with dimensions in PDF, JPG, or CAD.<\/p>\n<p>2. Floor plans and elevations of the buildings with dimensions in PDF, JPG, CAD or 3D file.<\/p>\n<p>3. Expected scale or model size.<\/p>\n<p>4. Renderings for reference (if any).<\/p>\n<p>5. Delivery and installation destinations.<\/p>\n<p>6. Expected completion date.<\/p>\n<p>7. You might select similar <a href=\"https:\/\/www.rjmodels.com.hk\/hu\/epiteszeti-modell\/\">\u00e9p\u00edt\u00e9szeti makettfot\u00f3k<\/a> a v\u00e1rt modellhat\u00e1s\u00e9rt.<\/p>\n<p>&nbsp;<\/p>\n<h2>\n\t\tRJ modellek irod\u00e1i a vil\u00e1g minden t\u00e1j\u00e1r\u00f3l\n\t<\/h2>\n\t\t\t\t<img loading=\"lazy\" decoding=\"async\" src=\"https:\/\/www.rjmodels.com.hk\/wp-content\/uploads\/2020\/06\/hong-kong.png\" alt=\"Hong Kong\" itemprop=\"image\" height=\"142\" width=\"142\" title=\"Hong Kong\" onerror=\"this.style.display='none'\"  \/>\n\t\t<h4>Hongkongi iroda<\/h4>\t\t\n\t\t\tB lak\u00e1s, 18\/F., Two Chinachem Plaza, 68 Connaught Road Central, Hong Kong<br \/>\nTel: <a href=\"tel:(+852) 2557 0201\">(+852) 6948 4927<\/a><br \/>\nWhatsapp: <a href=\"Fax: (+971 4) 3471727\"> (+86) 13902468179<\/a><br \/>\nEmail: <a href=\"mailto:marketing@rjmodels.com.hk\">marketing@rjmodels.com.hk<\/a>\n\t\t\t\t<img loading=\"lazy\" decoding=\"async\" src=\"https:\/\/www.rjmodels.com.hk\/wp-content\/uploads\/2020\/06\/China.png\" alt=\"K\u00edna\" itemprop=\"image\" height=\"400\" width=\"400\" title=\"K\u00edna\" onerror=\"this.style.display='none'\"  \/>\n\t\t<h4>K\u00ednai Iroda<\/h4>\t\t\n\t\t\t9. \u00e9p\u00fclet, Tang Tou ipari z\u00f3na, 3. ipari park, Shi Yan v\u00e1ros, Bao An ker\u00fclet, Shen Zhen v\u00e1ros, Guang Dong K\u00edna<br \/>\nTel: <a href=\"tel:(+86 755) 2951 4785\">(+86 755) 2951 4785<\/a><br \/>\nFax: <a href=\"tel:(+86 755) 2951 4885\">(+86 755) 2951 4885<\/a><br \/>\nEmail: <a href=\"mailto:marketing@rjmodels.com.hk\">marketing@rjmodels.com.hk<\/a>\n\t\t\t\t<img loading=\"lazy\" decoding=\"async\" src=\"https:\/\/www.rjmodels.com.hk\/wp-content\/uploads\/2020\/06\/dubai.png\" alt=\"dubai\" itemprop=\"image\" height=\"142\" width=\"142\" title=\"dubai\" onerror=\"this.style.display='none'\"  \/>\n\t\t<h4>U.A.E. Office (Dubai) <\/h4>\t\t\n\t\t\tAL Quoz Industrial Area, POBox: 54136, Dubai, Egyes\u00fclt Arab Em\u00edrs\u00e9gek<br \/>\nTel: <a href=\"Tel: (+971 4) 3474898\">(+971 4) 3474898<\/a><br \/>\nWhatsapp: <a href=\"Fax: (+971 4) 3471727\"> (+86) 13902468179<\/a><br \/>\nEmail: <a href=\"mailto:marketing@rjmodels.com.hk\">marketing@rjmodels.com.hk<\/a>\n\t\t\t\t<img loading=\"lazy\" decoding=\"async\" src=\"https:\/\/www.rjmodels.com.hk\/wp-content\/uploads\/2020\/06\/Turkey.png\" alt=\"T\u00f6r\u00f6korsz\u00e1g\" itemprop=\"image\" height=\"400\" width=\"400\" title=\"T\u00f6r\u00f6korsz\u00e1g\" onerror=\"this.style.display='none'\"  \/>\n\t\t<h4>Turkey Office (Instanbul)<\/h4>\t\t\n\t\t\tHuzur Mah. Azerbaycan Caddesi No:4\/B 620<br \/>\nSky Premium Residence Sar\u0131yer \/ Isztambul, T\u00f6r\u00f6korsz\u00e1g<br \/>\nTel: <a href=\"tel:(+90) 212 500 4411\">(+90) 212 500 4411<\/a><br \/>\nWhatsapp: <a href=\"http:\/\/(+86) 13902468179\">(+86) 13902468179<\/a><br \/>\nEmail: <a href=\"mailto:marketing@rjmodels.com.hk\">marketing@rjmodels.com.hk<\/a>\n\t\t\t\t<img loading=\"lazy\" decoding=\"async\" src=\"https:\/\/www.rjmodels.com.hk\/wp-content\/uploads\/2020\/06\/indiaLocation.png\" alt=\"indiaHelysz\u00edn\" itemprop=\"image\" height=\"142\" width=\"142\" title=\"indiaHelysz\u00edn\" onerror=\"this.style.display='none'\"  \/>\n\t\t<h4>India Office (Mumbai) <\/h4>\t\t\n\t\t\t<p>101, Ganesh Krupa Building, Opp. Prabhodhan Thackeray, Shahajiraje Marg, Vile Parle East, Mumbai &#8211; 400 057.<\/p>\nTel:<a href=\"http:\/\/(+86) 13902468179\">(+86) 13902468179<\/a><br \/>\nWhatsapp:\u00a0<a href=\"http:\/\/(+86) 13902468179\">(+86) 13902468179<\/a><a href=\"mailto:marketing@rjmodels.com.hk\"><br \/>\n<\/a>\n\t\t\t\t<img loading=\"lazy\" decoding=\"async\" src=\"https:\/\/www.rjmodels.com.hk\/wp-content\/uploads\/2025\/07\/Vietnam121.png\" alt=\"Architectural Model Makers in Vietnam\" itemprop=\"image\" height=\"400\" width=\"400\" title=\"Architectural Model Makers in Vietnam\" onerror=\"this.style.display='none'\"  \/>\n\t\t<h4>Vietnam Office (Hanoi)<\/h4>\t\t\n\t\t\t<p>3rd Floor &#8211; Viet Tower, No. 1 Thai Ha Street, Dong Da Ward, Hanoi, Vietnam 100000<\/p>\nTel: <a href=\"http:\/\/(+84) 90 8688 222\">(+84) 90 8688 222<\/a><br \/>\nEmail: <a href=\"mailto:marketing@rjmodels.com.hk\">marketing@rjmodels.com.hk<\/a>\n<p>&nbsp;<\/p>\n\t\t\t\t<img loading=\"lazy\" decoding=\"async\" src=\"https:\/\/www.rjmodels.com.hk\/wp-content\/uploads\/bb-plugin\/cache\/\u672a231\u6807\u9898-2-circle-b5db1f9d8bfd189818d99b8cd154c838-.jpg\" alt=\"\u00c9p\u00edt\u00e9szeti modellgy\u00e1rt\u00f3 Oroszorsz\u00e1gban\" itemprop=\"image\" height=\"513\" width=\"513\" title=\"\u00c9p\u00edt\u00e9szeti modellgy\u00e1rt\u00f3 Oroszorsz\u00e1gban\" onerror=\"this.style.display='none'\"  \/>\n\t\t<h4>Russia Office (Moscow)<\/h4>\t\t\n\t\t\tMoscow, st. Svobody, 35\/5\nTel: <a href=\"http:\/\/(+7) 926 984 33 95\">(+7) 926 984 33 95<\/a><br \/>\nWhatsapp:\u00a0<a href=\"http:\/\/(+86)%2013902468179\/\">(+86) 13902468179<\/a><br \/>\nEmail: <a href=\"mailto:marketing@rjmodels.com.hk\">marketing@rjmodels.com.hk<\/a>\n\t\t\t\t<img loading=\"lazy\" decoding=\"async\" src=\"https:\/\/www.rjmodels.com.hk\/wp-content\/uploads\/bb-plugin\/cache\/contact-canada-circle-84704964d02238873747405bc9432d8f-.jpg\" alt=\"l\u00e9pjen kapcsolatba Kanad\u00e1val\" itemprop=\"image\" height=\"513\" width=\"513\" title=\"l\u00e9pjen kapcsolatba Kanad\u00e1val\" onerror=\"this.style.display='none'\"  \/>\n\t\t<h4>Kanadai iroda (Vancouver)<\/h4>\t\t\n\t\t\t9695 160A Street, Surrey, BC V4N 3K8\nTel: <a href=\"tel:(+1 778) 323 6332\">(+1 604) 600 9577<\/a><br \/>\nWhatsapp:\u00a0<a href=\"http:\/\/(+86) 13902468179\">(+86) 13902468179<\/a><br \/>\nEmail: <a href=\"mailto:marketing@rjmodels.com.hk\">marketing@rjmodels.com.hk<\/a>\n\t\t\t\t\n\t\t\t\t<img loading=\"lazy\" decoding=\"async\" src=\"https:\/\/www.rjmodels.com.hk\/wp-content\/uploads\/bb-plugin\/cache\/007-circle-1305dfb1fe0d7bf5561bb4f5313097ab-.jpg\" alt=\"Architectural Model Maker in lraq\" itemprop=\"image\" height=\"142\" width=\"142\" title=\"lraq\" onerror=\"this.style.display='none'\"  \/>\n\t\t<h4>Iraq office (Sulaymaniyah)<\/h4>\t\t\n\t\t\tSalim Street, Sulaymaniyah, Iraq.\nTel: <a href=\"http:\/\/+964 770 369 8869\">+964 770 369 8869<\/a><br \/>\nWhatsapp:\u00a0<a href=\"http:\/\/(+86) 13902468179\">(+86) 13902468179<\/a><br \/>\nEmail: <a href=\"mailto:marketing@rjmodels.com.hk\">marketing@rjmodels.com.hk<\/a>","protected":false},"excerpt":{"rendered":"<p>Contact us now We Deliver to Your Doorstep Faster than Your Local Model Makers Contact RJ Models Today to Find Out How We Can Help You Grow Your Buniness. Request a FREE Quote and We will Reply You Within 24 hours. Content of 5 Steps to Place Your Order with the Scale Model Making Quoting [&hellip;]<\/p>\n","protected":false},"author":2,"featured_media":0,"parent":0,"menu_order":4,"comment_status":"closed","ping_status":"closed","template":"","meta":{"_acf_changed":false,"site-sidebar-layout":"default","site-content-layout":"default","ast-site-content-layout":"default","site-content-style":"default","site-sidebar-style":"default","ast-global-header-display":"","ast-banner-title-visibility":"","ast-main-header-display":"","ast-hfb-above-header-display":"","ast-hfb-below-header-display":"","ast-hfb-mobile-header-display":"","site-post-title":"","ast-breadcrumbs-content":"","ast-featured-img":"","footer-sml-layout":"","theme-transparent-header-meta":"default","adv-header-id-meta":"","stick-header-meta":"default","header-above-stick-meta":"","header-main-stick-meta":"","header-below-stick-meta":"","astra-migrate-meta-layouts":"set","ast-page-background-enabled":"default","ast-page-background-meta":{"desktop":{"background-color":"","background-image":"","background-repeat":"repeat","background-position":"center center","background-size":"auto","background-attachment":"scroll","background-type":"","background-media":"","overlay-type":"","overlay-color":"","overlay-opacity":"","overlay-gradient":""},"tablet":{"background-color":"","background-image":"","background-repeat":"repeat","background-position":"center center","background-size":"auto","background-attachment":"scroll","background-type":"","background-media":"","overlay-type":"","overlay-color":"","overlay-opacity":"","overlay-gradient":""},"mobile":{"background-color":"","background-image":"","background-repeat":"repeat","background-position":"center center","background-size":"auto","background-attachment":"scroll","background-type":"","background-media":"","overlay-type":"","overlay-color":"","overlay-opacity":"","overlay-gradient":""}},"ast-content-background-meta":{"desktop":{"background-color":"var(--ast-global-color-5)","background-image":"","background-repeat":"repeat","background-position":"center center","background-size":"auto","background-attachment":"scroll","background-type":"","background-media":"","overlay-type":"","overlay-color":"","overlay-opacity":"","overlay-gradient":""},"tablet":{"background-color":"var(--ast-global-color-5)","background-image":"","background-repeat":"repeat","background-position":"center center","background-size":"auto","background-attachment":"scroll","background-type":"","background-media":"","overlay-type":"","overlay-color":"","overlay-opacity":"","overlay-gradient":""},"mobile":{"background-color":"var(--ast-global-color-5)","background-image":"","background-repeat":"repeat","background-position":"center center","background-size":"auto","background-attachment":"scroll","background-type":"","background-media":"","overlay-type":"","overlay-color":"","overlay-opacity":"","overlay-gradient":""}},"footnotes":""},"class_list":["post-9104","page","type-page","status-publish","hentry"],"acf":[],"yoast_head":"<!-- This site is optimized with the Yoast SEO plugin v27.5 - https:\/\/yoast.com\/product\/yoast-seo-wordpress\/ -->\n<title>Contact RJ Models Now<\/title>\n<meta name=\"description\" content=\"RJ Models Office Locations Around The Globe. We deliver to your doorstep faster than your local model makers. Contact RJ Models Now\" \/>\n<meta name=\"robots\" content=\"index, follow, max-snippet:-1, max-image-preview:large, max-video-preview:-1\" \/>\n<link rel=\"canonical\" href=\"https:\/\/www.rjmodels.com.hk\/hu\/erintkezes\/\" \/>\n<meta property=\"og:locale\" content=\"hu_HU\" \/>\n<meta property=\"og:type\" content=\"article\" \/>\n<meta property=\"og:title\" content=\"Contact RJ Models Now\" \/>\n<meta property=\"og:description\" content=\"RJ Models Office Locations Around The Globe. We deliver to your doorstep faster than your local model makers. Contact RJ Models Now\" \/>\n<meta property=\"og:url\" content=\"https:\/\/www.rjmodels.com.hk\/hu\/erintkezes\/\" \/>\n<meta property=\"og:site_name\" content=\"RJ Models\" \/>\n<meta property=\"article:publisher\" content=\"https:\/\/www.facebook.com\/rjmodelmaking\" \/>\n<meta property=\"article:modified_time\" content=\"2026-02-23T09:52:30+00:00\" \/>\n<meta property=\"og:image\" content=\"https:\/\/www.rjmodels.com.hk\/wp-content\/uploads\/2020\/06\/hong-kong.png\" \/>\n<meta name=\"twitter:card\" content=\"summary_large_image\" \/>\n<meta name=\"twitter:label1\" content=\"Becs\u00fclt olvas\u00e1si id\u0151\" \/>\n\t<meta name=\"twitter:data1\" content=\"3 perc\" \/>\n<script type=\"application\/ld+json\" class=\"yoast-schema-graph\">{\"@context\":\"https:\\\/\\\/schema.org\",\"@graph\":[{\"@type\":\"WebPage\",\"@id\":\"https:\\\/\\\/www.rjmodels.com.hk\\\/contact\\\/\",\"url\":\"https:\\\/\\\/www.rjmodels.com.hk\\\/contact\\\/\",\"name\":\"Contact RJ Models Now\",\"isPartOf\":{\"@id\":\"https:\\\/\\\/www.rjmodels.com.hk\\\/#website\"},\"primaryImageOfPage\":{\"@id\":\"https:\\\/\\\/www.rjmodels.com.hk\\\/contact\\\/#primaryimage\"},\"image\":{\"@id\":\"https:\\\/\\\/www.rjmodels.com.hk\\\/contact\\\/#primaryimage\"},\"thumbnailUrl\":\"https:\\\/\\\/www.rjmodels.com.hk\\\/wp-content\\\/uploads\\\/2020\\\/06\\\/hong-kong.png\",\"datePublished\":\"2020-06-24T04:23:35+00:00\",\"dateModified\":\"2026-02-23T09:52:30+00:00\",\"description\":\"RJ Models Office Locations Around The Globe. We deliver to your doorstep faster than your local model makers. Contact RJ Models Now\",\"breadcrumb\":{\"@id\":\"https:\\\/\\\/www.rjmodels.com.hk\\\/contact\\\/#breadcrumb\"},\"inLanguage\":\"hu\",\"potentialAction\":[{\"@type\":\"ReadAction\",\"target\":[\"https:\\\/\\\/www.rjmodels.com.hk\\\/contact\\\/\"]}]},{\"@type\":\"ImageObject\",\"inLanguage\":\"hu\",\"@id\":\"https:\\\/\\\/www.rjmodels.com.hk\\\/contact\\\/#primaryimage\",\"url\":\"https:\\\/\\\/www.rjmodels.com.hk\\\/wp-content\\\/uploads\\\/2020\\\/06\\\/hong-kong.png\",\"contentUrl\":\"https:\\\/\\\/www.rjmodels.com.hk\\\/wp-content\\\/uploads\\\/2020\\\/06\\\/hong-kong.png\"},{\"@type\":\"BreadcrumbList\",\"@id\":\"https:\\\/\\\/www.rjmodels.com.hk\\\/contact\\\/#breadcrumb\",\"itemListElement\":[{\"@type\":\"ListItem\",\"position\":1,\"name\":\"Home\",\"item\":\"https:\\\/\\\/www.rjmodels.com.hk\\\/\"},{\"@type\":\"ListItem\",\"position\":2,\"name\":\"Contact\"}]},{\"@type\":\"WebSite\",\"@id\":\"https:\\\/\\\/www.rjmodels.com.hk\\\/#website\",\"url\":\"https:\\\/\\\/www.rjmodels.com.hk\\\/\",\"name\":\"RJ Models\",\"description\":\"\",\"publisher\":{\"@id\":\"https:\\\/\\\/www.rjmodels.com.hk\\\/#organization\"},\"potentialAction\":[{\"@type\":\"SearchAction\",\"target\":{\"@type\":\"EntryPoint\",\"urlTemplate\":\"https:\\\/\\\/www.rjmodels.com.hk\\\/?s={search_term_string}\"},\"query-input\":{\"@type\":\"PropertyValueSpecification\",\"valueRequired\":true,\"valueName\":\"search_term_string\"}}],\"inLanguage\":\"hu\"},{\"@type\":\"Organization\",\"@id\":\"https:\\\/\\\/www.rjmodels.com.hk\\\/#organization\",\"name\":\"RJ Models\",\"url\":\"https:\\\/\\\/www.rjmodels.com.hk\\\/\",\"logo\":{\"@type\":\"ImageObject\",\"inLanguage\":\"hu\",\"@id\":\"https:\\\/\\\/www.rjmodels.com.hk\\\/#\\\/schema\\\/logo\\\/image\\\/\",\"url\":\"https:\\\/\\\/www.rjmodels.com.hk\\\/wp-content\\\/uploads\\\/2021\\\/11\\\/cropped-logo-12.png\",\"contentUrl\":\"https:\\\/\\\/www.rjmodels.com.hk\\\/wp-content\\\/uploads\\\/2021\\\/11\\\/cropped-logo-12.png\",\"width\":681,\"height\":162,\"caption\":\"RJ Models\"},\"image\":{\"@id\":\"https:\\\/\\\/www.rjmodels.com.hk\\\/#\\\/schema\\\/logo\\\/image\\\/\"},\"sameAs\":[\"https:\\\/\\\/www.facebook.com\\\/rjmodelmaking\"]}]}<\/script>\n<!-- \/ Yoast SEO plugin. -->","yoast_head_json":{"title":"L\u00e9pjen kapcsolatba az RJ modellekkel most","description":"RJ modellek irod\u00e1i a vil\u00e1g minden t\u00e1j\u00e1r\u00f3l. Gyorsabban sz\u00e1ll\u00edtunk h\u00e1zhoz, mint a helyi modellgy\u00e1rt\u00f3k. L\u00e9pjen kapcsolatba az RJ modellekkel most","robots":{"index":"index","follow":"follow","max-snippet":"max-snippet:-1","max-image-preview":"max-image-preview:large","max-video-preview":"max-video-preview:-1"},"canonical":"https:\/\/www.rjmodels.com.hk\/hu\/erintkezes\/","og_locale":"hu_HU","og_type":"article","og_title":"Contact RJ Models Now","og_description":"RJ Models Office Locations Around The Globe. We deliver to your doorstep faster than your local model makers. Contact RJ Models Now","og_url":"https:\/\/www.rjmodels.com.hk\/hu\/erintkezes\/","og_site_name":"RJ Models","article_publisher":"https:\/\/www.facebook.com\/rjmodelmaking","article_modified_time":"2026-02-23T09:52:30+00:00","og_image":[{"url":"https:\/\/www.rjmodels.com.hk\/wp-content\/uploads\/2020\/06\/hong-kong.png","type":"","width":"","height":""}],"twitter_card":"summary_large_image","twitter_misc":{"Becs\u00fclt olvas\u00e1si id\u0151":"3 perc"},"schema":{"@context":"https:\/\/schema.org","@graph":[{"@type":"WebPage","@id":"https:\/\/www.rjmodels.com.hk\/contact\/","url":"https:\/\/www.rjmodels.com.hk\/contact\/","name":"L\u00e9pjen kapcsolatba az RJ modellekkel most","isPartOf":{"@id":"https:\/\/www.rjmodels.com.hk\/#website"},"primaryImageOfPage":{"@id":"https:\/\/www.rjmodels.com.hk\/contact\/#primaryimage"},"image":{"@id":"https:\/\/www.rjmodels.com.hk\/contact\/#primaryimage"},"thumbnailUrl":"https:\/\/www.rjmodels.com.hk\/wp-content\/uploads\/2020\/06\/hong-kong.png","datePublished":"2020-06-24T04:23:35+00:00","dateModified":"2026-02-23T09:52:30+00:00","description":"RJ modellek irod\u00e1i a vil\u00e1g minden t\u00e1j\u00e1r\u00f3l. Gyorsabban sz\u00e1ll\u00edtunk h\u00e1zhoz, mint a helyi modellgy\u00e1rt\u00f3k. L\u00e9pjen kapcsolatba az RJ modellekkel most","breadcrumb":{"@id":"https:\/\/www.rjmodels.com.hk\/contact\/#breadcrumb"},"inLanguage":"hu","potentialAction":[{"@type":"ReadAction","target":["https:\/\/www.rjmodels.com.hk\/contact\/"]}]},{"@type":"ImageObject","inLanguage":"hu","@id":"https:\/\/www.rjmodels.com.hk\/contact\/#primaryimage","url":"https:\/\/www.rjmodels.com.hk\/wp-content\/uploads\/2020\/06\/hong-kong.png","contentUrl":"https:\/\/www.rjmodels.com.hk\/wp-content\/uploads\/2020\/06\/hong-kong.png"},{"@type":"BreadcrumbList","@id":"https:\/\/www.rjmodels.com.hk\/contact\/#breadcrumb","itemListElement":[{"@type":"ListItem","position":1,"name":"Home","item":"https:\/\/www.rjmodels.com.hk\/"},{"@type":"ListItem","position":2,"name":"Contact"}]},{"@type":"WebSite","@id":"https:\/\/www.rjmodels.com.hk\/#website","url":"https:\/\/www.rjmodels.com.hk\/","name":"RJ modellek","description":"","publisher":{"@id":"https:\/\/www.rjmodels.com.hk\/#organization"},"potentialAction":[{"@type":"SearchAction","target":{"@type":"EntryPoint","urlTemplate":"https:\/\/www.rjmodels.com.hk\/?s={search_term_string}"},"query-input":{"@type":"PropertyValueSpecification","valueRequired":true,"valueName":"search_term_string"}}],"inLanguage":"hu"},{"@type":"Organization","@id":"https:\/\/www.rjmodels.com.hk\/#organization","name":"RJ modellek","url":"https:\/\/www.rjmodels.com.hk\/","logo":{"@type":"ImageObject","inLanguage":"hu","@id":"https:\/\/www.rjmodels.com.hk\/#\/schema\/logo\/image\/","url":"https:\/\/www.rjmodels.com.hk\/wp-content\/uploads\/2021\/11\/cropped-logo-12.png","contentUrl":"https:\/\/www.rjmodels.com.hk\/wp-content\/uploads\/2021\/11\/cropped-logo-12.png","width":681,"height":162,"caption":"RJ Models"},"image":{"@id":"https:\/\/www.rjmodels.com.hk\/#\/schema\/logo\/image\/"},"sameAs":["https:\/\/www.facebook.com\/rjmodelmaking"]}]}},"_links":{"self":[{"href":"https:\/\/www.rjmodels.com.hk\/hu\/wp-json\/wp\/v2\/pages\/9104","targetHints":{"allow":["GET"]}}],"collection":[{"href":"https:\/\/www.rjmodels.com.hk\/hu\/wp-json\/wp\/v2\/pages"}],"about":[{"href":"https:\/\/www.rjmodels.com.hk\/hu\/wp-json\/wp\/v2\/types\/page"}],"author":[{"embeddable":true,"href":"https:\/\/www.rjmodels.com.hk\/hu\/wp-json\/wp\/v2\/users\/2"}],"replies":[{"embeddable":true,"href":"https:\/\/www.rjmodels.com.hk\/hu\/wp-json\/wp\/v2\/comments?post=9104"}],"version-history":[{"count":1,"href":"https:\/\/www.rjmodels.com.hk\/hu\/wp-json\/wp\/v2\/pages\/9104\/revisions"}],"predecessor-version":[{"id":76679,"href":"https:\/\/www.rjmodels.com.hk\/hu\/wp-json\/wp\/v2\/pages\/9104\/revisions\/76679"}],"wp:attachment":[{"href":"https:\/\/www.rjmodels.com.hk\/hu\/wp-json\/wp\/v2\/media?parent=9104"}],"curies":[{"name":"wp","href":"https:\/\/api.w.org\/{rel}","templated":true}]}}