{"id":782,"date":"2018-03-16T14:34:30","date_gmt":"2018-03-16T14:34:30","guid":{"rendered":"https:\/\/www.rjmodels.com.hk\/?page_id=782"},"modified":"2022-10-18T08:45:58","modified_gmt":"2022-10-18T08:45:58","slug":"how-rj-models-helps-you-make-your-design-into-3d-printed-architectural-model","status":"publish","type":"page","link":"https:\/\/www.rjmodels.com.hk\/hu\/gyakori-kerdesek\/3d-nyomtatott-epiteszeti-modell-eljaras\/","title":{"rendered":"Hogyan seg\u00edt az RJ Models a terv 3D nyomtatott \u00e9p\u00edt\u00e9szeti modellj\u00e9v\u00e9 alak\u00edt\u00e1s\u00e1ban"},"content":{"rendered":"<h2>\n\t\tHogyan seg\u00edti az RJ Models a tervez\u00e9st? <p>3D nyomtatott \u00e9p\u00edt\u00e9szeti modell<\/p>\n\t<\/h2>\n\tAz RJ Models vil\u00e1gsz\u00ednvonal\u00fa vezet\u0151 szerepet t\u00f6lt be a 3D nyomtatott \u00e9p\u00edt\u00e9szeti modellek gy\u00e1rt\u00e1s\u00e1ban.<br>\n3D nyomtat\u00e1si technol\u00f3gi\u00e1nkat \u00e9vente t\u00f6bb mint 700 \u00e9p\u00edt\u00e9szeti modell nyomtat\u00e1s\u00e1ra haszn\u00e1lj\u00e1k szerte a vil\u00e1gon, p\u00e9ld\u00e1ul irodai, szabadid\u0151s \u00e9s sportol\u00e1si, bels\u0151\u00e9p\u00edt\u00e9szeti, tengeri stb. projektekhez.\n<p>RJ Models consistently deliver high-quality scale 3D printed architectural models based on your requirements. And we make serious efforts to distribute client&#8217;s installations exclusively and worldwide.<\/p>\n<p>Megtal\u00e1lhatja az RJ-modelleket, amelyek seg\u00edts\u00e9g\u00e9vel terveit 3D nyomtatott \u00e9p\u00edt\u00e9szeti modellekk\u00e9 alak\u00edthatja. Mi az RJ Modelsn\u00e9l seg\u00edt\u00fcnk \u00d6nnek.<\/p>\n<p>Az RJ Modelsn\u00e9l minden olyan \u00fcgyf\u00e9l sz\u00e1m\u00e1ra, aki ig\u00e9nybe k\u00edv\u00e1nja venni 3D nyomtat\u00e1si szolg\u00e1ltat\u00e1sainkat, szigor\u00faan figyelembe kell venni a k\u00f6vetkez\u0151 elj\u00e1r\u00e1sokat:<\/p>\n<h2>\n\t\tTeljes\u00edtse \u00e1raj\u00e1nlatk\u00e9r\u00e9s\u00e9t.\n\t<\/h2>\n<p>Ahhoz, hogy \u00e1raj\u00e1nlatot adhassunk, ide\u00e1lis esetben a k\u00f6vetkez\u0151 \u00e1tfog\u00f3 inform\u00e1ci\u00f3kra lenne sz\u00fcks\u00e9g\u00fcnk:<\/p>\n<ul>\n<li>A 3D nyomtatott modell v\u00e9gs\u0151 tervez\u00e9se lehet STL f\u00e1jlok\/3D nyomtat\u00f3f\u00e1jl\/Rhino\/sketch-up\/3D Max\/3D AutoCAD stb.<\/li>\n<li>Az \u00d6n v\u00e1rhat\u00f3 m\u00e9retar\u00e1nya vagy modellm\u00e9rete.<\/li>\n<li>Renderel\u00e9sek referenciak\u00e9nt (ha van)<\/li>\n<li>Sz\u00e1ll\u00edt\u00e1si \u00e9s telep\u00edt\u00e9si c\u00e9lpontok<\/li>\n<li>A befejez\u00e9s v\u00e1rhat\u00f3 id\u0151pontja<\/li>\n<li>Hasonl\u00f3 modellfot\u00f3kat is kiv\u00e1laszthat weboldalunkr\u00f3l az \u00d6n elv\u00e1rt modellr\u00e9szlet-szabv\u00e1ny\u00e1hoz \u00e9s st\u00edlus\u00e1hoz<\/li>\n<li>B\u00e1rmilyen k\u00f6vetelm\u00e9ny, p\u00e9ld\u00e1ul vil\u00e1g\u00edt\u00e1s, sz\u00edn stb. a 3D nyomtatott modellel szemben.<\/li>\n<\/ul>\n<p>Ha m\u00e9g az \u00e9p\u00edt\u00e9si folyamat elej\u00e9n j\u00e1r, \u00e9s nem tudja megadni a fenti inform\u00e1ci\u00f3kat, mindent megtesz\u00fcnk az \u00d6n ig\u00e9nyeinek kiel\u00e9g\u00edt\u00e9se \u00e9rdek\u00e9ben.<\/p>\n<p>Ig\u00e9nyeinek be\u00e9rkez\u00e9se ut\u00e1n \u00e1tfog\u00f3 modell-specifik\u00e1ci\u00f3s diagramot k\u00e9sz\u00edt\u00fcnk, \u00e9s 48 \u00f3r\u00e1n bel\u00fcl elk\u00fcldj\u00fck \u00d6nnek \u00e1raj\u00e1nlatunkat.<\/p>\n\t\t\t\t<img decoding=\"async\" src=\"https:\/\/www.rjmodels.com.hk\/wp-content\/uploads\/2018\/03\/step1Image.jpg\" alt=\"1. l\u00e9p\u00e9s K\u00e9p\" itemprop=\"image\" title=\"1. l\u00e9p\u00e9s K\u00e9p\" onerror=\"this.style.display='none'\">\n<h2>\n\t\tA projekt inform\u00e1ci\u00f3inak \u00e1tv\u00e9tele\n\t<\/h2>\n\tN\u00e9zze meg, mit kell tudni a 3D nyomtatott \u00e9p\u00edt\u00e9szeti modellek v\u00e9gleges tervez\u00e9s\u00e9r\u0151l<br>\nHa el\u0151sz\u00f6r \u00e1ll\u00edtja el\u0151 a 3D f\u00e1jlt, vagy nem, akkor figyelnie kell arra, hogy megfeleljen ennek a 3 felt\u00e9telnek.\n<ul>\n<li>The model must be &#8220;water-tight&#8221;. In ordinary terms, this means that there shouldn&#8217;t be any holes in the shell of the model. In more technical terms, the model must be &#8220;manifold&#8221; or solid.<\/li>\n<li>Normally in the digital world, every surface has a front and a back face. This surface orientation is called a &#8220;normal&#8221;. So, make sure that your expected model&#8217;s normal are unified. If two adjacent surfaces have different normal directions, this file input may confuse the 3D printer.<\/li>\n<\/ul>\n\t<ul>\n<li>A modell minden alkatr\u00e9sz\u00e9nek megfelel\u0151 vastags\u00e1g\u00fanak kell lennie. M\u00edg egyes 3D nyomtat\u00e1si anyagok nagyobb felbont\u00e1sra \u00e9s nagyobb r\u00e9szletez\u00e9sre k\u00e9pesek, mint m\u00e1sok, a geometria vastags\u00e1g n\u00e9lk\u00fcli nyomtat\u00e1sa nem fog m\u0171k\u00f6dni. Ez nemk\u00edv\u00e1natos modellt vagy eredm\u00e9nyt fog eredm\u00e9nyezni.<\/li>\n<\/ul>\n<p>A j\u00f3 h\u00edr az, hogy ha ez a 3 felt\u00e9tel teljes\u00fcl a 3D-s f\u00e1jlban, akkor sokal\u00f3 geometri\u00e1j\u00fa modellje lesz.<\/p>\n<h2>\n\t\tModel Sample Preparation &amp; Confirmation\n\t<\/h2>\n\t<p>Az RJ Models a minta egy r\u00e9sz\u00e9t is el\u0151\u00e1ll\u00edthatja a modellgy\u00e1rt\u00e1s sor\u00e1n, hogy meghat\u00e1rozza a teljes modell megjelen\u00edt\u00e9si hat\u00e1s\u00e1t, ha sz\u00fcks\u00e9ges.<\/p>\n<p>Ilyen p\u00e9ld\u00e1ul a 3D nyomtatott modell sz\u00ednegyez\u00e9se, text\u00far\u00e1ja \u00e9s f\u00e9nyhat\u00e1sa annak biztos\u00edt\u00e1s\u00e1ra, hogy a minta \u00f6sszhangban legyen az \u00d6n tervez\u00e9si filoz\u00f3fi\u00e1j\u00e1val.<\/p>\n<p>Ezut\u00e1n folytassa a teljes 3D-s nyomtatott \u00e9p\u00edt\u00e9szeti modellgy\u00e1rt\u00e1st.<\/p>\n<h2>\n\t\t3D nyomtatott \u00e9p\u00edt\u00e9szeti modell k\u00e9zi k\u00e9sz\u00edt\u00e9s folyamatban\n\t<\/h2>\n\t<p>Professzion\u00e1lis \u00e9p\u00edt\u00e9szeti modellk\u00e9sz\u00edt\u0151ink a 3D nyomtatott \u00e9p\u00edt\u00e9szeti modellek elk\u00e9sz\u00edt\u00e9s\u00e9nek minden l\u00e9p\u00e9s\u00e9ben egy\u00fcttm\u0171k\u00f6dnek \u00d6nnel.<\/p>\n<p>Rendszeresen kap fot\u00f3kat a fejl\u0151d\u00e9s\u00fckr\u0151l, \u00edgy j\u00f3v\u00e1hagyhatja munk\u00e1ikat, \u00e9s visszajelz\u00e9st adhat.<\/p>\n<p>Minden fontos m\u00e9rf\u00f6ldk\u0151n\u00e9l fot\u00f3kat adunk a folyamatokr\u00f3l, hogy 3D nyomtatott \u00e9p\u00edt\u00e9szeti modellje a legjobb min\u0151s\u00e9g\u0171 legyen.<\/p>\n<h2>\n\t\tThe 3D Printed Model Completes Transportation &amp; Installation\n\t<\/h2>\n\t<p>Miut\u00e1n \u00e9p\u00edt\u00e9szeti modellk\u00e9sz\u00edt\u0151ink befejezt\u00e9k munk\u00e1jukat az \u00d6n 3D nyomtatott \u00e9p\u00edt\u00e9szeti modellj\u00e9vel kapcsolatban, elk\u00fcldj\u00fck \u00d6nnek fel\u00fclvizsg\u00e1latra.<\/p>\n<p>\u00c9s amint megkapjuk \u00d6nt\u0151l a v\u00e9gs\u0151 j\u00f3v\u00e1hagy\u00e1st, megszervezz\u00fck professzion\u00e1lis modellk\u00e9sz\u00edt\u0151inket, hogy becsomagolj\u00e1k a 3D nyomtatott modellt.<\/p>\n<p>Ha utaznia kell a modellel, vagy t\u00f6bbsz\u00f6r kell bemutatnia k\u00fcl\u00f6nb\u00f6z\u0151 orsz\u00e1gokban, az RJ modellek testreszabhat\u00f3k, \u00e9s megfelel\u0151 rep\u00fcl\u00e9si tokot k\u00e9sz\u00edtenek.<\/p>\n<p>Sz\u00e1mos eset\u00fcnk van, amely meger\u0151s\u00edti a b\u0151r\u00f6nd el\u00e9rhet\u0151s\u00e9g\u00e9t.<\/p>\n<p>V\u00e9g\u00fcl a 3D nyomtatott \u00e9p\u00edt\u00e9szeti modellt oda sz\u00e1ll\u00edtjuk, ahol kell.<\/p>\n<h2>\n\t\tAz RJ Models n\u00e9h\u00e1ny \u00fcgyfele\n\t<\/h2>\n\t<p><a href=\"https:\/\/www.rjmodels.com.hk\/hu\/ugyfelek\/\">\u00d6sszes \u00fcgyf\u00e9l megtekint\u00e9se<\/a><\/p>\n<h2>\n\t\tContact RJ Models &amp; Start Making You the Top\n\t<\/h2>\n\t\n<div class=\"wpcf7 no-js\" id=\"wpcf7-f13103-o1\" lang=\"en-US\" dir=\"ltr\" data-wpcf7-id=\"13103\">\n<div class=\"screen-reader-response\"><p role=\"status\" aria-live=\"polite\" aria-atomic=\"true\"><\/p> <ul><\/ul><\/div>\n<form action=\"\/hu\/wp-json\/wp\/v2\/pages\/782#wpcf7-f13103-o1\" method=\"post\" class=\"wpcf7-form init\" aria-label=\"Kapcsolatfelv\u00e9teli \u0171rlap\" novalidate=\"novalidate\" data-status=\"init\" data-trp-original-action=\"\/hu\/wp-json\/wp\/v2\/pages\/782#wpcf7-f13103-o1\">\n<fieldset class=\"hidden-fields-container\"><input type=\"hidden\" name=\"_wpcf7\" value=\"13103\" \/><input type=\"hidden\" name=\"_wpcf7_version\" value=\"6.1.5\" \/><input type=\"hidden\" name=\"_wpcf7_locale\" value=\"en_US\" \/><input type=\"hidden\" name=\"_wpcf7_unit_tag\" value=\"wpcf7-f13103-o1\" \/><input type=\"hidden\" name=\"_wpcf7_container_post\" value=\"0\" \/><input type=\"hidden\" name=\"_wpcf7_posted_data_hash\" value=\"\" \/>\n<\/fieldset>\n<div class=\"uabb-cf7-col-1\">\n\t<p><span class=\"wpcf7-form-control-wrap\" data-name=\"your-name\"><input size=\"40\" maxlength=\"400\" class=\"wpcf7-form-control wpcf7-text wpcf7-validates-as-required\" aria-required=\"true\" aria-invalid=\"false\" placeholder=\"Az \u00d6n neve\" value=\"\" type=\"text\" name=\"your-name\" \/><\/span>\n\t<\/p>\n<\/div>\n<div class=\"uabb-cf7-col-1\">\n\t<p><span class=\"wpcf7-form-control-wrap\" data-name=\"your-email\"><input size=\"40\" maxlength=\"400\" class=\"wpcf7-form-control wpcf7-email wpcf7-validates-as-required wpcf7-text wpcf7-validates-as-email\" aria-required=\"true\" aria-invalid=\"false\" placeholder=\"Az \u00d6n e-mail c\u00edme*\" value=\"\" type=\"email\" name=\"your-email\" \/><\/span>\n\t<\/p>\n<\/div>\n<div class=\"uabb-cf7-col-1\">\n\t<p><span class=\"wpcf7-form-control-wrap\" data-name=\"your-company\"><input size=\"40\" maxlength=\"400\" class=\"wpcf7-form-control wpcf7-text\" aria-invalid=\"false\" placeholder=\"C\u00e9ged neve\" value=\"\" type=\"text\" name=\"your-company\" \/><\/span>\n\t<\/p>\n<\/div>\n<div class=\"uabb-cf7-col-1\">\n\t<p><span class=\"wpcf7-form-control-wrap\" data-name=\"purpose\"><input size=\"40\" maxlength=\"400\" class=\"wpcf7-form-control wpcf7-text\" aria-invalid=\"false\" placeholder=\"A modell c\u00e9lja: (marketing, verseny, prezent\u00e1ci\u00f3)\" value=\"\" type=\"text\" name=\"purpose\" \/><\/span>\n\t<\/p>\n<\/div>\n<div class=\"uabb-cf7-col-1\">\n\t<p><span class=\"wpcf7-form-control-wrap\" data-name=\"size\"><input size=\"40\" maxlength=\"400\" class=\"wpcf7-form-control wpcf7-text\" aria-invalid=\"false\" placeholder=\"V\u00e1rhat\u00f3 m\u00e9ret \u00e9s m\u00e9ret: (HxSzxH)\" value=\"\" type=\"text\" name=\"size\" \/><\/span>\n\t<\/p>\n<\/div>\n<div class=\"uabb-cf7-col-1\">\n\t<p><span class=\"wpcf7-form-control-wrap\" data-name=\"date\"><input size=\"40\" maxlength=\"400\" class=\"wpcf7-form-control wpcf7-text\" aria-invalid=\"false\" placeholder=\"V\u00e1rhat\u00f3 befejez\u00e9si d\u00e1tum\" value=\"\" type=\"text\" name=\"date\" \/><\/span>\n\t<\/p>\n<\/div>\n<div class=\"uabb-cf7-col-1\">\n\t<p><span class=\"wpcf7-form-control-wrap\" data-name=\"delivery\"><input size=\"40\" maxlength=\"400\" class=\"wpcf7-form-control wpcf7-text\" aria-invalid=\"false\" placeholder=\"Sz\u00e1ll\u00edt\u00e1si \u00e9s telep\u00edt\u00e9si helyek: (v\u00e1ros, orsz\u00e1g)\" value=\"\" type=\"text\" name=\"delivery\" \/><\/span>\n\t<\/p>\n<\/div>\n<div class=\"uabb-cf7-col-1\">\n\t<p><span class=\"wpcf7-form-control-wrap\" data-name=\"your-message\"><textarea cols=\"60\" rows=\"3\" maxlength=\"2000\" class=\"wpcf7-form-control wpcf7-textarea wpcf7-validates-as-required\" aria-required=\"true\" aria-invalid=\"false\" placeholder=\"\u00dczeneted*\" name=\"your-message\"><\/textarea><\/span>\n\t<\/p>\n<\/div>\n<div class=\"uabb-cf7-col-1\">\n\t<p><span class=\"wpcf7-form-control-wrap\" data-name=\"upload-file-221\"><input size=\"40\" class=\"wpcf7-form-control wpcf7-drag-n-drop-file d-none\" aria-invalid=\"false\" type=\"file\" multiple=\"multiple\" data-name=\"upload-file-221\" data-type=\"jpg|jpeg|zip|png|gif|rar|pdf\" data-limit=\"104857600\" data-id=\"13103\" data-version=\"free version 1.3.9.6\" accept=\".jpg, .jpeg, .zip, .png, .gif, .rar, .pdf\" \/><\/span>(K\u00e9rj\u00fck, k\u00fcldje el nek\u00fcnk Dropboxon vagy WeTransferen kereszt\u00fcl, vagy e-mail c\u00edm\u00fcnk\u00f6n: <a href=\"mailto:marketing@rjmodels.com.hk\">marketing@rjmodels.com.hk<\/a> ha a f\u00e1jlok 50 MB-n\u00e1l nagyobbak. )\n\t<\/p>\n<\/div>\n<div class=\"uabb-cf7-col-1\">\n\t<p><input class=\"wpcf7-form-control wpcf7-submit has-spinner cf7-submit\" type=\"submit\" value=\"INGYENES \u00c1RAJ\u00c1NLAT\" \/>\n\t<\/p>\n<\/div>\n<p><script>\ndocument.addEventListener( 'wpcf7mailsent', function( event ) {\n location = '\/thank-you-rj-models\/';\n}, false );\n<\/script>\n<\/p>\n<style>\n.cf7-submit{display: grid;margin: auto;}\n<\/style><p style=\"display: none !important;\" class=\"akismet-fields-container\" data-prefix=\"_wpcf7_ak_\"><label>\u0394<textarea name=\"_wpcf7_ak_hp_textarea\" cols=\"45\" rows=\"8\" maxlength=\"100\"><\/textarea><\/label><input type=\"hidden\" id=\"ak_js_1\" name=\"_wpcf7_ak_js\" value=\"39\"\/><script>\ndocument.getElementById( \"ak_js_1\" ).setAttribute( \"value\", ( new Date() ).getTime() );\n<\/script>\n<\/p><div class=\"wpcf7-response-output\" aria-hidden=\"true\"><\/div>\n<input type=\"hidden\" name=\"trp-form-language\" value=\"hu\"\/><\/form>\n<\/div>\n\n<h4>\n\t\tFounder Notes\n\t<\/h4>\n\tC\u00e9lunk, hogy a cs\u00facsmin\u0151s\u00e9g\u0171 \u00e9p\u00edt\u00e9szeti modelleket a vil\u00e1g b\u00e1rmely pontj\u00e1ra elk\u00e9sz\u00edts\u00fck.\n\t\t\t\t<img decoding=\"async\" src=\"https:\/\/www.rjmodels.com.hk\/wp-content\/uploads\/2018\/01\/homeVideo2BG.jpg\" alt=\"CEO\" itemprop=\"image\" title=\"Arhcitectual Model Making Company, RJ Models\" onerror=\"this.style.display='none'\">","protected":false},"excerpt":{"rendered":"<p>How RJ Models helps you make your design into 3D Printed Architectural Model RJ Models is a world-class leader in the 3D printed architectural model making. Our 3D printing technology is being utilized to print over 700 architectural models every year around the world for projects such as office, leisure and sport, interiors, maritime, and [&hellip;]<\/p>\n","protected":false},"author":2,"featured_media":0,"parent":0,"menu_order":93,"comment_status":"closed","ping_status":"closed","template":"","meta":{"_acf_changed":false,"site-sidebar-layout":"no-sidebar","site-content-layout":"page-builder","ast-site-content-layout":"default","site-content-style":"default","site-sidebar-style":"default","ast-global-header-display":"","ast-banner-title-visibility":"","ast-main-header-display":"","ast-hfb-above-header-display":"","ast-hfb-below-header-display":"","ast-hfb-mobile-header-display":"","site-post-title":"disabled","ast-breadcrumbs-content":"","ast-featured-img":"disabled","footer-sml-layout":"","theme-transparent-header-meta":"","adv-header-id-meta":"","stick-header-meta":"","header-above-stick-meta":"","header-main-stick-meta":"","header-below-stick-meta":"","astra-migrate-meta-layouts":"default","ast-page-background-enabled":"default","ast-page-background-meta":{"desktop":{"background-color":"","background-image":"","background-repeat":"repeat","background-position":"center center","background-size":"auto","background-attachment":"scroll","background-type":"","background-media":"","overlay-type":"","overlay-color":"","overlay-opacity":"","overlay-gradient":""},"tablet":{"background-color":"","background-image":"","background-repeat":"repeat","background-position":"center center","background-size":"auto","background-attachment":"scroll","background-type":"","background-media":"","overlay-type":"","overlay-color":"","overlay-opacity":"","overlay-gradient":""},"mobile":{"background-color":"","background-image":"","background-repeat":"repeat","background-position":"center center","background-size":"auto","background-attachment":"scroll","background-type":"","background-media":"","overlay-type":"","overlay-color":"","overlay-opacity":"","overlay-gradient":""}},"ast-content-background-meta":{"desktop":{"background-color":"var(--ast-global-color-5)","background-image":"","background-repeat":"repeat","background-position":"center center","background-size":"auto","background-attachment":"scroll","background-type":"","background-media":"","overlay-type":"","overlay-color":"","overlay-opacity":"","overlay-gradient":""},"tablet":{"background-color":"var(--ast-global-color-5)","background-image":"","background-repeat":"repeat","background-position":"center center","background-size":"auto","background-attachment":"scroll","background-type":"","background-media":"","overlay-type":"","overlay-color":"","overlay-opacity":"","overlay-gradient":""},"mobile":{"background-color":"var(--ast-global-color-5)","background-image":"","background-repeat":"repeat","background-position":"center center","background-size":"auto","background-attachment":"scroll","background-type":"","background-media":"","overlay-type":"","overlay-color":"","overlay-opacity":"","overlay-gradient":""}},"footnotes":""},"class_list":["post-782","page","type-page","status-publish","hentry"],"acf":[],"yoast_head":"<!-- This site is optimized with the Yoast SEO plugin v27.5 - https:\/\/yoast.com\/product\/yoast-seo-wordpress\/ -->\n<title>3d printed architectural model procedure<\/title>\n<meta name=\"description\" content=\"3d printed architectural model procedure. RJ Models has been fortunate to have worked on numbers of architectural projects for you.\" \/>\n<meta name=\"robots\" content=\"index, follow, max-snippet:-1, max-image-preview:large, max-video-preview:-1\" \/>\n<link rel=\"canonical\" href=\"https:\/\/www.rjmodels.com.hk\/hu\/gyakori-kerdesek\/3d-nyomtatott-epiteszeti-modell-eljaras\/\" \/>\n<meta property=\"og:locale\" content=\"hu_HU\" \/>\n<meta property=\"og:type\" content=\"article\" \/>\n<meta property=\"og:title\" content=\"3d printed architectural model procedure\" \/>\n<meta property=\"og:description\" content=\"3d printed architectural model procedure. RJ Models has been fortunate to have worked on numbers of architectural projects for you.\" \/>\n<meta property=\"og:url\" content=\"https:\/\/www.rjmodels.com.hk\/hu\/gyakori-kerdesek\/3d-nyomtatott-epiteszeti-modell-eljaras\/\" \/>\n<meta property=\"og:site_name\" content=\"RJ Models\" \/>\n<meta property=\"article:publisher\" content=\"https:\/\/www.facebook.com\/rjmodelmaking\" \/>\n<meta property=\"article:modified_time\" content=\"2022-10-18T08:45:58+00:00\" \/>\n<meta property=\"og:image\" content=\"https:\/\/www.rjmodels.com.hk\/\/wp-content\/uploads\/2018\/03\/step1Image.jpg\" \/>\n<meta name=\"twitter:card\" content=\"summary_large_image\" \/>\n<meta name=\"twitter:label1\" content=\"Becs\u00fclt olvas\u00e1si id\u0151\" \/>\n\t<meta name=\"twitter:data1\" content=\"4 perc\" \/>\n<script type=\"application\/ld+json\" class=\"yoast-schema-graph\">{\"@context\":\"https:\\\/\\\/schema.org\",\"@graph\":[{\"@type\":\"WebPage\",\"@id\":\"https:\\\/\\\/www.rjmodels.com.hk\\\/faqs\\\/3d-printed-architectural-model-procedure\\\/\",\"url\":\"https:\\\/\\\/www.rjmodels.com.hk\\\/faqs\\\/3d-printed-architectural-model-procedure\\\/\",\"name\":\"3d printed architectural model procedure\",\"isPartOf\":{\"@id\":\"https:\\\/\\\/www.rjmodels.com.hk\\\/#website\"},\"primaryImageOfPage\":{\"@id\":\"https:\\\/\\\/www.rjmodels.com.hk\\\/faqs\\\/3d-printed-architectural-model-procedure\\\/#primaryimage\"},\"image\":{\"@id\":\"https:\\\/\\\/www.rjmodels.com.hk\\\/faqs\\\/3d-printed-architectural-model-procedure\\\/#primaryimage\"},\"thumbnailUrl\":\"https:\\\/\\\/www.rjmodels.com.hk\\\/wp-content\\\/uploads\\\/2018\\\/03\\\/step1Image.jpg\",\"datePublished\":\"2018-03-16T14:34:30+00:00\",\"dateModified\":\"2022-10-18T08:45:58+00:00\",\"description\":\"3d printed architectural model procedure. RJ Models has been fortunate to have worked on numbers of architectural projects for you.\",\"breadcrumb\":{\"@id\":\"https:\\\/\\\/www.rjmodels.com.hk\\\/faqs\\\/3d-printed-architectural-model-procedure\\\/#breadcrumb\"},\"inLanguage\":\"hu\",\"potentialAction\":[{\"@type\":\"ReadAction\",\"target\":[\"https:\\\/\\\/www.rjmodels.com.hk\\\/faqs\\\/3d-printed-architectural-model-procedure\\\/\"]}]},{\"@type\":\"ImageObject\",\"inLanguage\":\"hu\",\"@id\":\"https:\\\/\\\/www.rjmodels.com.hk\\\/faqs\\\/3d-printed-architectural-model-procedure\\\/#primaryimage\",\"url\":\"https:\\\/\\\/www.rjmodels.com.hk\\\/wp-content\\\/uploads\\\/2018\\\/03\\\/step1Image.jpg\",\"contentUrl\":\"https:\\\/\\\/www.rjmodels.com.hk\\\/wp-content\\\/uploads\\\/2018\\\/03\\\/step1Image.jpg\"},{\"@type\":\"BreadcrumbList\",\"@id\":\"https:\\\/\\\/www.rjmodels.com.hk\\\/faqs\\\/3d-printed-architectural-model-procedure\\\/#breadcrumb\",\"itemListElement\":[{\"@type\":\"ListItem\",\"position\":1,\"name\":\"Home\",\"item\":\"https:\\\/\\\/www.rjmodels.com.hk\\\/\"},{\"@type\":\"ListItem\",\"position\":2,\"name\":\"How RJ Models helps you make your design into 3D Printed Architectural Model\"}]},{\"@type\":\"WebSite\",\"@id\":\"https:\\\/\\\/www.rjmodels.com.hk\\\/#website\",\"url\":\"https:\\\/\\\/www.rjmodels.com.hk\\\/\",\"name\":\"RJ Models\",\"description\":\"\",\"publisher\":{\"@id\":\"https:\\\/\\\/www.rjmodels.com.hk\\\/#organization\"},\"potentialAction\":[{\"@type\":\"SearchAction\",\"target\":{\"@type\":\"EntryPoint\",\"urlTemplate\":\"https:\\\/\\\/www.rjmodels.com.hk\\\/?s={search_term_string}\"},\"query-input\":{\"@type\":\"PropertyValueSpecification\",\"valueRequired\":true,\"valueName\":\"search_term_string\"}}],\"inLanguage\":\"hu\"},{\"@type\":\"Organization\",\"@id\":\"https:\\\/\\\/www.rjmodels.com.hk\\\/#organization\",\"name\":\"RJ Models\",\"url\":\"https:\\\/\\\/www.rjmodels.com.hk\\\/\",\"logo\":{\"@type\":\"ImageObject\",\"inLanguage\":\"hu\",\"@id\":\"https:\\\/\\\/www.rjmodels.com.hk\\\/#\\\/schema\\\/logo\\\/image\\\/\",\"url\":\"https:\\\/\\\/www.rjmodels.com.hk\\\/wp-content\\\/uploads\\\/2021\\\/11\\\/cropped-logo-12.png\",\"contentUrl\":\"https:\\\/\\\/www.rjmodels.com.hk\\\/wp-content\\\/uploads\\\/2021\\\/11\\\/cropped-logo-12.png\",\"width\":681,\"height\":162,\"caption\":\"RJ Models\"},\"image\":{\"@id\":\"https:\\\/\\\/www.rjmodels.com.hk\\\/#\\\/schema\\\/logo\\\/image\\\/\"},\"sameAs\":[\"https:\\\/\\\/www.facebook.com\\\/rjmodelmaking\"]}]}<\/script>\n<!-- \/ Yoast SEO plugin. -->","yoast_head_json":{"title":"3D nyomtatott \u00e9p\u00edt\u00e9szeti modell elj\u00e1r\u00e1s","description":"3D nyomtatott \u00e9p\u00edt\u00e9szeti modell elj\u00e1r\u00e1s. Az RJ Modelsnek szerencs\u00e9je volt, hogy sz\u00e1mos \u00e9p\u00edt\u00e9szeti projekten dolgozott \u00d6n helyett.","robots":{"index":"index","follow":"follow","max-snippet":"max-snippet:-1","max-image-preview":"max-image-preview:large","max-video-preview":"max-video-preview:-1"},"canonical":"https:\/\/www.rjmodels.com.hk\/hu\/gyakori-kerdesek\/3d-nyomtatott-epiteszeti-modell-eljaras\/","og_locale":"hu_HU","og_type":"article","og_title":"3d printed architectural model procedure","og_description":"3d printed architectural model procedure. RJ Models has been fortunate to have worked on numbers of architectural projects for you.","og_url":"https:\/\/www.rjmodels.com.hk\/hu\/gyakori-kerdesek\/3d-nyomtatott-epiteszeti-modell-eljaras\/","og_site_name":"RJ Models","article_publisher":"https:\/\/www.facebook.com\/rjmodelmaking","article_modified_time":"2022-10-18T08:45:58+00:00","og_image":[{"url":"https:\/\/www.rjmodels.com.hk\/\/wp-content\/uploads\/2018\/03\/step1Image.jpg","type":"","width":"","height":""}],"twitter_card":"summary_large_image","twitter_misc":{"Becs\u00fclt olvas\u00e1si id\u0151":"4 perc"},"schema":{"@context":"https:\/\/schema.org","@graph":[{"@type":"WebPage","@id":"https:\/\/www.rjmodels.com.hk\/faqs\/3d-printed-architectural-model-procedure\/","url":"https:\/\/www.rjmodels.com.hk\/faqs\/3d-printed-architectural-model-procedure\/","name":"3D nyomtatott \u00e9p\u00edt\u00e9szeti modell elj\u00e1r\u00e1s","isPartOf":{"@id":"https:\/\/www.rjmodels.com.hk\/#website"},"primaryImageOfPage":{"@id":"https:\/\/www.rjmodels.com.hk\/faqs\/3d-printed-architectural-model-procedure\/#primaryimage"},"image":{"@id":"https:\/\/www.rjmodels.com.hk\/faqs\/3d-printed-architectural-model-procedure\/#primaryimage"},"thumbnailUrl":"https:\/\/www.rjmodels.com.hk\/wp-content\/uploads\/2018\/03\/step1Image.jpg","datePublished":"2018-03-16T14:34:30+00:00","dateModified":"2022-10-18T08:45:58+00:00","description":"3D nyomtatott \u00e9p\u00edt\u00e9szeti modell elj\u00e1r\u00e1s. Az RJ Modelsnek szerencs\u00e9je volt, hogy sz\u00e1mos \u00e9p\u00edt\u00e9szeti projekten dolgozott \u00d6n helyett.","breadcrumb":{"@id":"https:\/\/www.rjmodels.com.hk\/faqs\/3d-printed-architectural-model-procedure\/#breadcrumb"},"inLanguage":"hu","potentialAction":[{"@type":"ReadAction","target":["https:\/\/www.rjmodels.com.hk\/faqs\/3d-printed-architectural-model-procedure\/"]}]},{"@type":"ImageObject","inLanguage":"hu","@id":"https:\/\/www.rjmodels.com.hk\/faqs\/3d-printed-architectural-model-procedure\/#primaryimage","url":"https:\/\/www.rjmodels.com.hk\/wp-content\/uploads\/2018\/03\/step1Image.jpg","contentUrl":"https:\/\/www.rjmodels.com.hk\/wp-content\/uploads\/2018\/03\/step1Image.jpg"},{"@type":"BreadcrumbList","@id":"https:\/\/www.rjmodels.com.hk\/faqs\/3d-printed-architectural-model-procedure\/#breadcrumb","itemListElement":[{"@type":"ListItem","position":1,"name":"Home","item":"https:\/\/www.rjmodels.com.hk\/"},{"@type":"ListItem","position":2,"name":"How RJ Models helps you make your design into 3D Printed Architectural Model"}]},{"@type":"WebSite","@id":"https:\/\/www.rjmodels.com.hk\/#website","url":"https:\/\/www.rjmodels.com.hk\/","name":"RJ modellek","description":"","publisher":{"@id":"https:\/\/www.rjmodels.com.hk\/#organization"},"potentialAction":[{"@type":"SearchAction","target":{"@type":"EntryPoint","urlTemplate":"https:\/\/www.rjmodels.com.hk\/?s={search_term_string}"},"query-input":{"@type":"PropertyValueSpecification","valueRequired":true,"valueName":"search_term_string"}}],"inLanguage":"hu"},{"@type":"Organization","@id":"https:\/\/www.rjmodels.com.hk\/#organization","name":"RJ modellek","url":"https:\/\/www.rjmodels.com.hk\/","logo":{"@type":"ImageObject","inLanguage":"hu","@id":"https:\/\/www.rjmodels.com.hk\/#\/schema\/logo\/image\/","url":"https:\/\/www.rjmodels.com.hk\/wp-content\/uploads\/2021\/11\/cropped-logo-12.png","contentUrl":"https:\/\/www.rjmodels.com.hk\/wp-content\/uploads\/2021\/11\/cropped-logo-12.png","width":681,"height":162,"caption":"RJ Models"},"image":{"@id":"https:\/\/www.rjmodels.com.hk\/#\/schema\/logo\/image\/"},"sameAs":["https:\/\/www.facebook.com\/rjmodelmaking"]}]}},"_links":{"self":[{"href":"https:\/\/www.rjmodels.com.hk\/hu\/wp-json\/wp\/v2\/pages\/782","targetHints":{"allow":["GET"]}}],"collection":[{"href":"https:\/\/www.rjmodels.com.hk\/hu\/wp-json\/wp\/v2\/pages"}],"about":[{"href":"https:\/\/www.rjmodels.com.hk\/hu\/wp-json\/wp\/v2\/types\/page"}],"author":[{"embeddable":true,"href":"https:\/\/www.rjmodels.com.hk\/hu\/wp-json\/wp\/v2\/users\/2"}],"replies":[{"embeddable":true,"href":"https:\/\/www.rjmodels.com.hk\/hu\/wp-json\/wp\/v2\/comments?post=782"}],"version-history":[{"count":0,"href":"https:\/\/www.rjmodels.com.hk\/hu\/wp-json\/wp\/v2\/pages\/782\/revisions"}],"wp:attachment":[{"href":"https:\/\/www.rjmodels.com.hk\/hu\/wp-json\/wp\/v2\/media?parent=782"}],"curies":[{"name":"wp","href":"https:\/\/api.w.org\/{rel}","templated":true}]}}