{"id":2564,"date":"2018-06-05T06:19:20","date_gmt":"2018-06-05T06:19:40","guid":{"rendered":"https:\/\/www.rjmodels.com.hk\/?page_id=2564"},"modified":"2025-06-25T09:06:43","modified_gmt":"2025-06-25T09:06:43","slug":"epiteszeti-modell","status":"publish","type":"page","link":"https:\/\/www.rjmodels.com.hk\/hu\/epiteszeti-modell\/","title":{"rendered":"\u00c9p\u00edt\u00e9szeti modellek"},"content":{"rendered":"<a href=\"https:\/\/www.rjmodels.com.hk\/hu\/foterv-modellek\/\" target=\"_self\" itemprop=\"url\">\n\t\t\t\t<img loading=\"lazy\" decoding=\"async\" src=\"https:\/\/www.rjmodels.com.hk\/wp-content\/uploads\/2021\/09\/Master-Plan-Model.jpg\" alt=\"F\u0151terv modell\" itemprop=\"image\" height=\"250\" width=\"355\" title=\"F\u0151terv modell\" onerror=\"this.style.display='none'\"  \/>\n\t\t\t\t<\/a>\n\t\tF\u0151terv modell\n\t\t\t\t<a href=\"https:\/\/www.rjmodels.com.hk\/hu\/irodahaz-modellek\/\" target=\"_self\" itemprop=\"url\">\n\t\t\t\t<img loading=\"lazy\" decoding=\"async\" src=\"https:\/\/www.rjmodels.com.hk\/wp-content\/uploads\/2021\/09\/Office-Building-Model.jpg\" alt=\"Irodah\u00e1z modell\" itemprop=\"image\" height=\"250\" width=\"355\" title=\"Irodah\u00e1z modell\" onerror=\"this.style.display='none'\"  \/>\n\t\t\t\t<\/a>\n\t\tIrodah\u00e1z modell\n\t\t\t\t<a href=\"https:\/\/www.rjmodels.com.hk\/hu\/lakoepulet-modellek\/\" target=\"_self\" itemprop=\"url\">\n\t\t\t\t<img loading=\"lazy\" decoding=\"async\" src=\"https:\/\/www.rjmodels.com.hk\/wp-content\/uploads\/2021\/09\/Residential-Building-Model.jpg\" alt=\"Lak\u00f3\u00e9p\u00fclet modell\" itemprop=\"image\" height=\"250\" width=\"355\" title=\"Lak\u00f3\u00e9p\u00fclet modell\" onerror=\"this.style.display='none'\"  \/>\n\t\t\t\t<\/a>\n\t\tLak\u00f3\u00e9p\u00fclet modell\n\t\t\t\t<a href=\"\/hu\/repuloteri-modell\/\" target=\"_self\" itemprop=\"url\">\n\t\t\t\t<img loading=\"lazy\" decoding=\"async\" src=\"https:\/\/www.rjmodels.com.hk\/wp-content\/uploads\/2021\/09\/Airport-Model.jpg\" alt=\"Rep\u00fcl\u0151t\u00e9ri modell\" itemprop=\"image\" height=\"250\" width=\"355\" title=\"Rep\u00fcl\u0151t\u00e9ri modell\" onerror=\"this.style.display='none'\"  \/>\n\t\t\t\t<\/a>\n\t\tRep\u00fcl\u0151t\u00e9ri modell\n\t\t\t\t<a href=\"\/hu\/stadion-modell\/\" target=\"_self\" itemprop=\"url\">\n\t\t\t\t<img loading=\"lazy\" decoding=\"async\" src=\"https:\/\/www.rjmodels.com.hk\/wp-content\/uploads\/2021\/09\/Stadium-Model.jpg\" alt=\"Stadion modell\" itemprop=\"image\" height=\"250\" width=\"355\" title=\"Stadion modell\" onerror=\"this.style.display='none'\"  \/>\n\t\t\t\t<\/a>\n\t\tStadion modell\n\t\t\t\t<a href=\"\/hu\/szallodamodell\/\" target=\"_self\" itemprop=\"url\">\n\t\t\t\t<img loading=\"lazy\" decoding=\"async\" src=\"https:\/\/www.rjmodels.com.hk\/wp-content\/uploads\/2021\/09\/Hotel-Model.jpg\" alt=\"Sz\u00e1llodamodell\" itemprop=\"image\" height=\"250\" width=\"355\" title=\"Sz\u00e1llodamodell\" onerror=\"this.style.display='none'\"  \/>\n\t\t\t\t<\/a>\n\t\tSz\u00e1llodamodell\n\t\t\t\t<a href=\"\/hu\/bevasarlokozpont-modellek\/\" target=\"_self\" itemprop=\"url\">\n\t\t\t\t<img loading=\"lazy\" decoding=\"async\" src=\"https:\/\/www.rjmodels.com.hk\/wp-content\/uploads\/2021\/09\/Shopping-Mall-Model.jpg\" alt=\"Bev\u00e1s\u00e1rl\u00f3k\u00f6zpont modell\" itemprop=\"image\" height=\"250\" width=\"355\" title=\"Bev\u00e1s\u00e1rl\u00f3k\u00f6zpont modell\" onerror=\"this.style.display='none'\"  \/>\n\t\t\t\t<\/a>\n\t\tBev\u00e1s\u00e1rl\u00f3k\u00f6zpont modell\n\t\t\t\t<a href=\"\/hu\/belso-modell\/\" target=\"_self\" itemprop=\"url\">\n\t\t\t\t<img loading=\"lazy\" decoding=\"async\" src=\"https:\/\/www.rjmodels.com.hk\/wp-content\/uploads\/2021\/09\/Interior-Model.jpg\" alt=\"Bels\u0151 modell, m\u00e9retar\u00e1nyos modellek bels\u0151\u00e9p\u00edt\u00e9szet\" itemprop=\"image\" height=\"250\" width=\"355\" title=\"Bels\u0151 modell\" onerror=\"this.style.display='none'\"  \/>\n\t\t\t\t<\/a>\n\t\tBels\u0151 modell\n\t\t\t\t<a href=\"\/hu\/villa-modell\/\" target=\"_self\" itemprop=\"url\">\n\t\t\t\t<img loading=\"lazy\" decoding=\"async\" src=\"https:\/\/www.rjmodels.com.hk\/wp-content\/uploads\/2023\/08\/cover.jpg\" alt=\"Villa modell\" itemprop=\"image\" height=\"250\" width=\"355\" title=\"Villa modell\" onerror=\"this.style.display='none'\"  \/>\n\t\t\t\t<\/a>\n\t\tVilla modell\n\t\t\t\t<a href=\"\/hu\/vidampark-modell\/\" target=\"_self\" itemprop=\"url\">\n\t\t\t\t<img loading=\"lazy\" decoding=\"async\" src=\"https:\/\/www.rjmodels.com.hk\/wp-content\/uploads\/2021\/09\/Theme-Park-Model.jpg\" alt=\"Vid\u00e1mpark modell\" itemprop=\"image\" height=\"250\" width=\"355\" title=\"Vid\u00e1mpark modell\" onerror=\"this.style.display='none'\"  \/>\n\t\t\t\t<\/a>\n\t\tVid\u00e1mpark modell\n\t\t\t\t<a href=\"\/hu\/muzeumi-modell\/\" target=\"_self\" itemprop=\"url\">\n\t\t\t\t<img loading=\"lazy\" decoding=\"async\" src=\"https:\/\/www.rjmodels.com.hk\/wp-content\/uploads\/2021\/09\/Museum-Model.jpg\" alt=\"M\u00fazeumi modell\" itemprop=\"image\" height=\"250\" width=\"355\" title=\"M\u00fazeumi modell\" onerror=\"this.style.display='none'\"  \/>\n\t\t\t\t<\/a>\n\t\tM\u00fazeumi modell\n\t\t\t\t<a href=\"\/hu\/tajmodell\/\" target=\"_self\" itemprop=\"url\">\n\t\t\t\t<img loading=\"lazy\" decoding=\"async\" src=\"https:\/\/www.rjmodels.com.hk\/wp-content\/uploads\/2021\/09\/12.Landscape-Model-1.jpg\" alt=\"T\u00e1jmodell\" itemprop=\"image\" height=\"249\" width=\"350\" title=\"T\u00e1jmodell\" onerror=\"this.style.display='none'\"  \/>\n\t\t\t\t<\/a>\n\t\tT\u00e1jmodell\n\t\t\t\t<a href=\"\/hu\/ipari-modell\/\" target=\"_self\" itemprop=\"url\">\n\t\t\t\t<img loading=\"lazy\" decoding=\"async\" src=\"https:\/\/www.rjmodels.com.hk\/wp-content\/uploads\/2021\/09\/Industrial-Model.jpg\" alt=\"Ipari modell\" itemprop=\"image\" height=\"250\" width=\"355\" title=\"Ipari modellgy\u00e1rt\u00f3\" onerror=\"this.style.display='none'\"  \/>\n\t\t\t\t<\/a>\n\t\tIpari modell\n\t\t\t\t<a href=\"https:\/\/www.rjmodels.com.hk\/hu\/hid-modell\/\" target=\"_self\" itemprop=\"url\">\n\t\t\t\t<img loading=\"lazy\" decoding=\"async\" src=\"https:\/\/www.rjmodels.com.hk\/wp-content\/uploads\/2021\/09\/Bridge-Model.jpg\" alt=\"H\u00eddmodell\" itemprop=\"image\" height=\"250\" width=\"355\" title=\"H\u00eddmodell\" onerror=\"this.style.display='none'\"  \/>\n\t\t\t\t<\/a>\n\t\tH\u00eddmodell\n\t\t\t\t<a href=\"https:\/\/www.rjmodels.com.hk\/hu\/Cruise+Terminal+Model\/\" target=\"_self\" itemprop=\"url\">\n\t\t\t\t<img loading=\"lazy\" decoding=\"async\" src=\"https:\/\/www.rjmodels.com.hk\/wp-content\/uploads\/2021\/09\/Cruise-Terminal-Model.jpg\" alt=\"Cruise Terminal modell\" itemprop=\"image\" height=\"250\" width=\"355\" title=\"Cruise Terminal modell\" onerror=\"this.style.display='none'\"  \/>\n\t\t\t\t<\/a>\n\t\tCruise Terminal modell\n\t\t\t\t<a href=\"\/hu\/hajogyari-modell\/\" target=\"_self\" itemprop=\"url\">\n\t\t\t\t<img loading=\"lazy\" decoding=\"async\" src=\"https:\/\/www.rjmodels.com.hk\/wp-content\/uploads\/2021\/09\/16.Shipyard-Model-1.jpg\" alt=\"Haj\u00f3gy\u00e1ri modell\" itemprop=\"image\" height=\"250\" width=\"355\" title=\"Haj\u00f3gy\u00e1ri modell\" onerror=\"this.style.display='none'\"  \/>\n\t\t\t\t<\/a>\n\t\tHaj\u00f3gy\u00e1ri modell\n\t\t\t\t<a href=\"\/hu\/mecset-modellek\/\" target=\"_self\" itemprop=\"url\">\n\t\t\t\t<img loading=\"lazy\" decoding=\"async\" src=\"https:\/\/www.rjmodels.com.hk\/wp-content\/uploads\/2021\/09\/17.-Mosque-Model.jpg\" alt=\"Mecset modell\" itemprop=\"image\" height=\"250\" width=\"355\" title=\"Mecset modell\" onerror=\"this.style.display='none'\"  \/>\n\t\t\t\t<\/a>\n\t\tMecset modell\n\t\t\t\t<a href=\"\/hu\/korhazi-modell\/\" target=\"_self\" itemprop=\"url\">\n\t\t\t\t<img loading=\"lazy\" decoding=\"async\" src=\"https:\/\/www.rjmodels.com.hk\/wp-content\/uploads\/2021\/09\/Hospital-Model.jpg\" alt=\"K\u00f3rh\u00e1zi modell\" itemprop=\"image\" height=\"250\" width=\"355\" title=\"K\u00f3rh\u00e1zi modell\" onerror=\"this.style.display='none'\"  \/>\n\t\t\t\t<\/a>\n\t\tK\u00f3rh\u00e1zi modell\n\t\t\t\t<a href=\"\/hu\/iskolai-epiteszeti-modell\/\" target=\"_self\" itemprop=\"url\">\n\t\t\t\t<img loading=\"lazy\" decoding=\"async\" src=\"https:\/\/www.rjmodels.com.hk\/wp-content\/uploads\/2021\/09\/19.School-Model-1.jpg\" alt=\"Iskolai modell\" itemprop=\"image\" height=\"250\" width=\"355\" title=\"Iskolai modell\" onerror=\"this.style.display='none'\"  \/>\n\t\t\t\t<\/a>\n\t\tIskolai modell\n\t\t\t\t<a href=\"\/hu\/homlokzati-epiteszeti-modell\/\" target=\"_self\" itemprop=\"url\">\n\t\t\t\t<img loading=\"lazy\" decoding=\"async\" src=\"https:\/\/www.rjmodels.com.hk\/wp-content\/uploads\/2021\/09\/20.-Facade-Architectural-Model-1-1.jpg\" alt=\"Homlokzati \u00e9p\u00edt\u00e9szeti modell\" itemprop=\"image\" height=\"250\" width=\"355\" title=\"Homlokzati \u00e9p\u00edt\u00e9szeti modell\" onerror=\"this.style.display='none'\"  \/>\n\t\t\t\t<\/a>\n\t\tHomlokzati \u00e9p\u00edt\u00e9szeti modell\n\t\t\t\t<a href=\"\/hu\/szakasz-epiteszeti-modell\/\" target=\"_self\" itemprop=\"url\">\n\t\t\t\t<img loading=\"lazy\" decoding=\"async\" src=\"https:\/\/www.rjmodels.com.hk\/wp-content\/uploads\/2021\/09\/21.-Section-Architectural-Model-1-1.jpg\" alt=\"Szakasz \u00e9p\u00edt\u00e9szeti modell\" itemprop=\"image\" height=\"250\" width=\"355\" title=\"Szakasz \u00e9p\u00edt\u00e9szeti modell\" onerror=\"this.style.display='none'\"  \/>\n\t\t\t\t<\/a>\n\t\tSzakasz \u00e9p\u00edt\u00e9szeti modell\n\t\t\t\t<a href=\"\/hu\/feher-epiteszeti-modell\/\" target=\"_self\" itemprop=\"url\">\n\t\t\t\t<img loading=\"lazy\" decoding=\"async\" src=\"https:\/\/www.rjmodels.com.hk\/wp-content\/uploads\/2021\/09\/22.-White-Architectural-Model-1.jpg\" alt=\"Feh\u00e9r \u00e9p\u00edt\u00e9szeti modell\" itemprop=\"image\" height=\"250\" width=\"355\" title=\"Feh\u00e9r \u00e9p\u00edt\u00e9szeti modell\" onerror=\"this.style.display='none'\"  \/>\n\t\t\t\t<\/a>\n\t\tFeh\u00e9r \u00e9p\u00edt\u00e9szeti modell\n\t\t\t\t<a href=\"\/hu\/fa-epiteszeti-modell\/\" target=\"_self\" itemprop=\"url\">\n\t\t\t\t<img loading=\"lazy\" decoding=\"async\" src=\"https:\/\/www.rjmodels.com.hk\/wp-content\/uploads\/2021\/09\/23.-Wooden-architectural-models-1.jpg\" alt=\"Fa \u00e9p\u00edt\u00e9szeti modellek\" itemprop=\"image\" height=\"251\" width=\"355\" title=\"Fa \u00e9p\u00edt\u00e9szeti modellek\" onerror=\"this.style.display='none'\"  \/>\n\t\t\t\t<\/a>\n\t\tFa \u00e9p\u00edt\u00e9szeti modellek\n\t\t\t\t<a href=\"\/hu\/3d-nyomtatott-epiteszeti-modell-szolgaltatas\/\" target=\"_self\" itemprop=\"url\">\n\t\t\t\t<img loading=\"lazy\" decoding=\"async\" src=\"https:\/\/www.rjmodels.com.hk\/wp-content\/uploads\/2021\/09\/24.-3D-printed-architectural-model-1.jpg\" alt=\"3D nyomtatott \u00e9p\u00edt\u00e9szeti modell\" itemprop=\"image\" height=\"250\" width=\"355\" title=\"3D nyomtatott \u00e9p\u00edt\u00e9szeti modell\" onerror=\"this.style.display='none'\"  \/>\n\t\t\t\t<\/a>\n\t\t3D nyomtatott \u00e9p\u00edt\u00e9szeti modell","protected":false},"excerpt":{"rendered":"<p>Master Plan Model Office Building Model Residential Building Model Airport Model Stadium Model Hotel Model Shopping Mall Model Interior Model Villa Model Theme Park Model Museum Model Landscape Model Industrial Model Bridge Model Cruise Terminal Model Shipyard Model Mosque Model Hospital Model School Model Facade Architectural Model Section Architectural Model White Architectural Model Wooden Architectural [&hellip;]<\/p>\n","protected":false},"author":2,"featured_media":0,"parent":0,"menu_order":112,"comment_status":"closed","ping_status":"closed","template":"","meta":{"_acf_changed":false,"site-sidebar-layout":"default","site-content-layout":"default","ast-site-content-layout":"default","site-content-style":"default","site-sidebar-style":"default","ast-global-header-display":"","ast-banner-title-visibility":"","ast-main-header-display":"","ast-hfb-above-header-display":"","ast-hfb-below-header-display":"","ast-hfb-mobile-header-display":"","site-post-title":"","ast-breadcrumbs-content":"","ast-featured-img":"","footer-sml-layout":"","theme-transparent-header-meta":"default","adv-header-id-meta":"","stick-header-meta":"default","header-above-stick-meta":"","header-main-stick-meta":"","header-below-stick-meta":"","astra-migrate-meta-layouts":"default","ast-page-background-enabled":"default","ast-page-background-meta":{"desktop":{"background-color":"","background-image":"","background-repeat":"repeat","background-position":"center center","background-size":"auto","background-attachment":"scroll","background-type":"","background-media":"","overlay-type":"","overlay-color":"","overlay-opacity":"","overlay-gradient":""},"tablet":{"background-color":"","background-image":"","background-repeat":"repeat","background-position":"center center","background-size":"auto","background-attachment":"scroll","background-type":"","background-media":"","overlay-type":"","overlay-color":"","overlay-opacity":"","overlay-gradient":""},"mobile":{"background-color":"","background-image":"","background-repeat":"repeat","background-position":"center center","background-size":"auto","background-attachment":"scroll","background-type":"","background-media":"","overlay-type":"","overlay-color":"","overlay-opacity":"","overlay-gradient":""}},"ast-content-background-meta":{"desktop":{"background-color":"var(--ast-global-color-5)","background-image":"","background-repeat":"repeat","background-position":"center center","background-size":"auto","background-attachment":"scroll","background-type":"","background-media":"","overlay-type":"","overlay-color":"","overlay-opacity":"","overlay-gradient":""},"tablet":{"background-color":"var(--ast-global-color-5)","background-image":"","background-repeat":"repeat","background-position":"center center","background-size":"auto","background-attachment":"scroll","background-type":"","background-media":"","overlay-type":"","overlay-color":"","overlay-opacity":"","overlay-gradient":""},"mobile":{"background-color":"var(--ast-global-color-5)","background-image":"","background-repeat":"repeat","background-position":"center center","background-size":"auto","background-attachment":"scroll","background-type":"","background-media":"","overlay-type":"","overlay-color":"","overlay-opacity":"","overlay-gradient":""}},"footnotes":""},"class_list":["post-2564","page","type-page","status-publish","hentry"],"acf":[],"yoast_head":"<!-- This site is optimized with the Yoast SEO plugin v27.5 - https:\/\/yoast.com\/product\/yoast-seo-wordpress\/ -->\n<title>Architectural Model Gallery<\/title>\n<meta name=\"description\" content=\"Architectural Model Gallery. RJ Models has a team of architectural model maker you can trust as we understand the importance of your designs.\" \/>\n<meta name=\"robots\" content=\"index, follow, max-snippet:-1, max-image-preview:large, max-video-preview:-1\" \/>\n<link rel=\"canonical\" href=\"https:\/\/www.rjmodels.com.hk\/hu\/epiteszeti-modell\/\" \/>\n<meta property=\"og:locale\" content=\"hu_HU\" \/>\n<meta property=\"og:type\" content=\"article\" \/>\n<meta property=\"og:title\" content=\"Architectural Model Gallery\" \/>\n<meta property=\"og:description\" content=\"Architectural Model Gallery. RJ Models has a team of architectural model maker you can trust as we understand the importance of your designs.\" \/>\n<meta property=\"og:url\" content=\"https:\/\/www.rjmodels.com.hk\/hu\/epiteszeti-modell\/\" \/>\n<meta property=\"og:site_name\" content=\"RJ Models\" \/>\n<meta property=\"article:publisher\" content=\"https:\/\/www.facebook.com\/rjmodelmaking\" \/>\n<meta property=\"article:modified_time\" content=\"2025-06-25T09:06:43+00:00\" \/>\n<meta property=\"og:image\" content=\"https:\/\/www.rjmodels.com.hk\/wp-content\/uploads\/2021\/09\/Master-Plan-Model.jpg\" \/>\n<meta name=\"twitter:card\" content=\"summary_large_image\" \/>\n<meta name=\"twitter:label1\" content=\"Becs\u00fclt olvas\u00e1si id\u0151\" \/>\n\t<meta name=\"twitter:data1\" content=\"6 perc\" \/>\n<script type=\"application\/ld+json\" class=\"yoast-schema-graph\">{\"@context\":\"https:\\\/\\\/schema.org\",\"@graph\":[{\"@type\":\"WebPage\",\"@id\":\"https:\\\/\\\/www.rjmodels.com.hk\\\/architectural-model\\\/\",\"url\":\"https:\\\/\\\/www.rjmodels.com.hk\\\/architectural-model\\\/\",\"name\":\"Architectural Model Gallery\",\"isPartOf\":{\"@id\":\"https:\\\/\\\/www.rjmodels.com.hk\\\/#website\"},\"primaryImageOfPage\":{\"@id\":\"https:\\\/\\\/www.rjmodels.com.hk\\\/architectural-model\\\/#primaryimage\"},\"image\":{\"@id\":\"https:\\\/\\\/www.rjmodels.com.hk\\\/architectural-model\\\/#primaryimage\"},\"thumbnailUrl\":\"https:\\\/\\\/www.rjmodels.com.hk\\\/wp-content\\\/uploads\\\/2021\\\/09\\\/Master-Plan-Model.jpg\",\"datePublished\":\"2018-06-05T06:19:40+00:00\",\"dateModified\":\"2025-06-25T09:06:43+00:00\",\"description\":\"Architectural Model Gallery. RJ Models has a team of architectural model maker you can trust as we understand the importance of your designs.\",\"breadcrumb\":{\"@id\":\"https:\\\/\\\/www.rjmodels.com.hk\\\/architectural-model\\\/#breadcrumb\"},\"inLanguage\":\"hu\",\"potentialAction\":[{\"@type\":\"ReadAction\",\"target\":[\"https:\\\/\\\/www.rjmodels.com.hk\\\/architectural-model\\\/\"]}]},{\"@type\":\"ImageObject\",\"inLanguage\":\"hu\",\"@id\":\"https:\\\/\\\/www.rjmodels.com.hk\\\/architectural-model\\\/#primaryimage\",\"url\":\"https:\\\/\\\/www.rjmodels.com.hk\\\/wp-content\\\/uploads\\\/2021\\\/09\\\/Master-Plan-Model.jpg\",\"contentUrl\":\"https:\\\/\\\/www.rjmodels.com.hk\\\/wp-content\\\/uploads\\\/2021\\\/09\\\/Master-Plan-Model.jpg\"},{\"@type\":\"BreadcrumbList\",\"@id\":\"https:\\\/\\\/www.rjmodels.com.hk\\\/architectural-model\\\/#breadcrumb\",\"itemListElement\":[{\"@type\":\"ListItem\",\"position\":1,\"name\":\"Home\",\"item\":\"https:\\\/\\\/www.rjmodels.com.hk\\\/\"},{\"@type\":\"ListItem\",\"position\":2,\"name\":\"Architectural Models\"}]},{\"@type\":\"WebSite\",\"@id\":\"https:\\\/\\\/www.rjmodels.com.hk\\\/#website\",\"url\":\"https:\\\/\\\/www.rjmodels.com.hk\\\/\",\"name\":\"RJ Models\",\"description\":\"\",\"publisher\":{\"@id\":\"https:\\\/\\\/www.rjmodels.com.hk\\\/#organization\"},\"potentialAction\":[{\"@type\":\"SearchAction\",\"target\":{\"@type\":\"EntryPoint\",\"urlTemplate\":\"https:\\\/\\\/www.rjmodels.com.hk\\\/?s={search_term_string}\"},\"query-input\":{\"@type\":\"PropertyValueSpecification\",\"valueRequired\":true,\"valueName\":\"search_term_string\"}}],\"inLanguage\":\"hu\"},{\"@type\":\"Organization\",\"@id\":\"https:\\\/\\\/www.rjmodels.com.hk\\\/#organization\",\"name\":\"RJ Models\",\"url\":\"https:\\\/\\\/www.rjmodels.com.hk\\\/\",\"logo\":{\"@type\":\"ImageObject\",\"inLanguage\":\"hu\",\"@id\":\"https:\\\/\\\/www.rjmodels.com.hk\\\/#\\\/schema\\\/logo\\\/image\\\/\",\"url\":\"https:\\\/\\\/www.rjmodels.com.hk\\\/wp-content\\\/uploads\\\/2021\\\/11\\\/cropped-logo-12.png\",\"contentUrl\":\"https:\\\/\\\/www.rjmodels.com.hk\\\/wp-content\\\/uploads\\\/2021\\\/11\\\/cropped-logo-12.png\",\"width\":681,\"height\":162,\"caption\":\"RJ Models\"},\"image\":{\"@id\":\"https:\\\/\\\/www.rjmodels.com.hk\\\/#\\\/schema\\\/logo\\\/image\\\/\"},\"sameAs\":[\"https:\\\/\\\/www.facebook.com\\\/rjmodelmaking\"]}]}<\/script>\n<!-- \/ Yoast SEO plugin. -->","yoast_head_json":{"title":"\u00c9p\u00edt\u00e9szeti makettgal\u00e9ria","description":"\u00c9p\u00edt\u00e9szeti makettgal\u00e9ria. Az RJ Models egy \u00e9p\u00edt\u00e9szeti modellk\u00e9sz\u00edt\u0151 csapattal rendelkezik, akikben megb\u00edzhat, mivel meg\u00e9rtj\u00fck az \u00d6n terveinek fontoss\u00e1g\u00e1t.","robots":{"index":"index","follow":"follow","max-snippet":"max-snippet:-1","max-image-preview":"max-image-preview:large","max-video-preview":"max-video-preview:-1"},"canonical":"https:\/\/www.rjmodels.com.hk\/hu\/epiteszeti-modell\/","og_locale":"hu_HU","og_type":"article","og_title":"Architectural Model Gallery","og_description":"Architectural Model Gallery. RJ Models has a team of architectural model maker you can trust as we understand the importance of your designs.","og_url":"https:\/\/www.rjmodels.com.hk\/hu\/epiteszeti-modell\/","og_site_name":"RJ Models","article_publisher":"https:\/\/www.facebook.com\/rjmodelmaking","article_modified_time":"2025-06-25T09:06:43+00:00","og_image":[{"url":"https:\/\/www.rjmodels.com.hk\/wp-content\/uploads\/2021\/09\/Master-Plan-Model.jpg","type":"","width":"","height":""}],"twitter_card":"summary_large_image","twitter_misc":{"Becs\u00fclt olvas\u00e1si id\u0151":"6 perc"},"schema":{"@context":"https:\/\/schema.org","@graph":[{"@type":"WebPage","@id":"https:\/\/www.rjmodels.com.hk\/architectural-model\/","url":"https:\/\/www.rjmodels.com.hk\/architectural-model\/","name":"\u00c9p\u00edt\u00e9szeti makettgal\u00e9ria","isPartOf":{"@id":"https:\/\/www.rjmodels.com.hk\/#website"},"primaryImageOfPage":{"@id":"https:\/\/www.rjmodels.com.hk\/architectural-model\/#primaryimage"},"image":{"@id":"https:\/\/www.rjmodels.com.hk\/architectural-model\/#primaryimage"},"thumbnailUrl":"https:\/\/www.rjmodels.com.hk\/wp-content\/uploads\/2021\/09\/Master-Plan-Model.jpg","datePublished":"2018-06-05T06:19:40+00:00","dateModified":"2025-06-25T09:06:43+00:00","description":"\u00c9p\u00edt\u00e9szeti makettgal\u00e9ria. Az RJ Models egy \u00e9p\u00edt\u00e9szeti modellk\u00e9sz\u00edt\u0151 csapattal rendelkezik, akikben megb\u00edzhat, mivel meg\u00e9rtj\u00fck az \u00d6n terveinek fontoss\u00e1g\u00e1t.","breadcrumb":{"@id":"https:\/\/www.rjmodels.com.hk\/architectural-model\/#breadcrumb"},"inLanguage":"hu","potentialAction":[{"@type":"ReadAction","target":["https:\/\/www.rjmodels.com.hk\/architectural-model\/"]}]},{"@type":"ImageObject","inLanguage":"hu","@id":"https:\/\/www.rjmodels.com.hk\/architectural-model\/#primaryimage","url":"https:\/\/www.rjmodels.com.hk\/wp-content\/uploads\/2021\/09\/Master-Plan-Model.jpg","contentUrl":"https:\/\/www.rjmodels.com.hk\/wp-content\/uploads\/2021\/09\/Master-Plan-Model.jpg"},{"@type":"BreadcrumbList","@id":"https:\/\/www.rjmodels.com.hk\/architectural-model\/#breadcrumb","itemListElement":[{"@type":"ListItem","position":1,"name":"Home","item":"https:\/\/www.rjmodels.com.hk\/"},{"@type":"ListItem","position":2,"name":"Architectural Models"}]},{"@type":"WebSite","@id":"https:\/\/www.rjmodels.com.hk\/#website","url":"https:\/\/www.rjmodels.com.hk\/","name":"RJ modellek","description":"","publisher":{"@id":"https:\/\/www.rjmodels.com.hk\/#organization"},"potentialAction":[{"@type":"SearchAction","target":{"@type":"EntryPoint","urlTemplate":"https:\/\/www.rjmodels.com.hk\/?s={search_term_string}"},"query-input":{"@type":"PropertyValueSpecification","valueRequired":true,"valueName":"search_term_string"}}],"inLanguage":"hu"},{"@type":"Organization","@id":"https:\/\/www.rjmodels.com.hk\/#organization","name":"RJ modellek","url":"https:\/\/www.rjmodels.com.hk\/","logo":{"@type":"ImageObject","inLanguage":"hu","@id":"https:\/\/www.rjmodels.com.hk\/#\/schema\/logo\/image\/","url":"https:\/\/www.rjmodels.com.hk\/wp-content\/uploads\/2021\/11\/cropped-logo-12.png","contentUrl":"https:\/\/www.rjmodels.com.hk\/wp-content\/uploads\/2021\/11\/cropped-logo-12.png","width":681,"height":162,"caption":"RJ Models"},"image":{"@id":"https:\/\/www.rjmodels.com.hk\/#\/schema\/logo\/image\/"},"sameAs":["https:\/\/www.facebook.com\/rjmodelmaking"]}]}},"_links":{"self":[{"href":"https:\/\/www.rjmodels.com.hk\/hu\/wp-json\/wp\/v2\/pages\/2564","targetHints":{"allow":["GET"]}}],"collection":[{"href":"https:\/\/www.rjmodels.com.hk\/hu\/wp-json\/wp\/v2\/pages"}],"about":[{"href":"https:\/\/www.rjmodels.com.hk\/hu\/wp-json\/wp\/v2\/types\/page"}],"author":[{"embeddable":true,"href":"https:\/\/www.rjmodels.com.hk\/hu\/wp-json\/wp\/v2\/users\/2"}],"replies":[{"embeddable":true,"href":"https:\/\/www.rjmodels.com.hk\/hu\/wp-json\/wp\/v2\/comments?post=2564"}],"version-history":[{"count":0,"href":"https:\/\/www.rjmodels.com.hk\/hu\/wp-json\/wp\/v2\/pages\/2564\/revisions"}],"wp:attachment":[{"href":"https:\/\/www.rjmodels.com.hk\/hu\/wp-json\/wp\/v2\/media?parent=2564"}],"curies":[{"name":"wp","href":"https:\/\/api.w.org\/{rel}","templated":true}]}}