{"id":9104,"date":"2020-06-24T04:23:35","date_gmt":"2020-06-24T04:23:35","guid":{"rendered":"https:\/\/www.rjmodels.com.hk\/?page_id=9104"},"modified":"2026-02-23T09:52:30","modified_gmt":"2026-02-23T09:52:30","slug":"contact","status":"publish","type":"page","link":"https:\/\/www.rjmodels.com.hk\/fr\/contact\/","title":{"rendered":"Contact"},"content":{"rendered":"<h1>\n\t\tContactez-nous\n\t<\/h1>\n\t<p>Nous livrons \u00e0 votre porte plus rapidement que vos mod\u00e9listes locaux<\/p>\n<h2>\n\t\tContactez RJ Models d\u00e8s aujourd'hui pour d\u00e9couvrir comment nous pouvons vous aider \u00e0 d\u00e9velopper votre activit\u00e9.\n\t<\/h2>\n\t<p>Demandez un devis GRATUIT et nous vous r\u00e9pondrons dans les 24 heures.<\/p>\n\t<p>Contenu de 5 \u00e9tapes pour passer votre commande aupr\u00e8s du mod\u00e9lisme \u00e0 l'\u00e9chelle<\/p>\n\t\t\t\t\t<a href=\"#\" id=\"fl-accordion--label-0\" tabindex=\"0\" aria-controls=\"fl-accordion--panel-0\">Citation<\/a>\n\t\t\t\t\t\t\t\t\t\t\t<a href=\"#\" id=\"fl-accordion--icon-0\" tabindex=\"0\" aria-controls=\"fl-accordion--panel-0\"><i>Effondrement<\/i><\/a>\n\t\t\t\t\t<p>Apr\u00e8s avoir re\u00e7u votre demande, nous vous pr\u00e9parerons un devis complet du mod\u00e8le architectural dans les 48 heures.<\/p>\n\t\t\t\t\t<a href=\"#\" id=\"fl-accordion--label-1\" tabindex=\"0\" aria-controls=\"fl-accordion--panel-1\">Document de sp\u00e9cification du mod\u00e8le.<\/a>\n\t\t\t\t\t\t\t\t\t\t\t<a href=\"#\" id=\"fl-accordion--icon-1\" tabindex=\"0\" aria-controls=\"fl-accordion--panel-1\"><i>\u00c9largir<\/i><\/a>\n\t\t\t\t\t<p>Une fois le devis confirm\u00e9, veuillez nous envoyer \u00e0 nouveau le dessin final afin de garantir la mise \u00e0 jour de la conception.<\/p>\n\t\t\t\t\t<a href=\"#\" id=\"fl-accordion--label-2\" tabindex=\"0\" aria-controls=\"fl-accordion--panel-2\">Pr\u00e9paration et confirmation de l'\u00e9chantillon.<\/a>\n\t\t\t\t\t\t\t\t\t\t\t<a href=\"#\" id=\"fl-accordion--icon-2\" tabindex=\"0\" aria-controls=\"fl-accordion--panel-2\"><i>\u00c9largir<\/i><\/a>\n\t\t\t\t\t<p>Ensuite, nous r\u00e9alisons un \u00e9chantillon d'une partie de la maquette pour approbation.<\/p>\n\t\t\t\t\t<a href=\"#\" id=\"fl-accordion--label-3\" tabindex=\"0\" aria-controls=\"fl-accordion--panel-3\">Fabrication de mod\u00e8les.<\/a>\n\t\t\t\t\t\t\t\t\t\t\t<a href=\"#\" id=\"fl-accordion--icon-3\" tabindex=\"0\" aria-controls=\"fl-accordion--panel-3\"><i>\u00c9largir<\/i><\/a>\n\t\t\t\t\t<p>En outre, nous commencerons la construction et nous vous enverrons les photos pour que vous les approuviez en cours de route et aux \u00e9tapes cl\u00e9s. Nous pourrons alors obtenir vos r\u00e9actions, vos commentaires et votre approbation.<\/p>\n\t\t\t\t\t<a href=\"#\" id=\"fl-accordion--label-4\" tabindex=\"0\" aria-controls=\"fl-accordion--panel-4\">Finition et livraison.<\/a>\n\t\t\t\t\t\t\t\t\t\t\t<a href=\"#\" id=\"fl-accordion--icon-4\" tabindex=\"0\" aria-controls=\"fl-accordion--panel-4\"><i>\u00c9largir<\/i><\/a>\n\t\t\t\t\t<p>Une fois que nous avons re\u00e7u votre approbation finale, nous livrons et installons la maquette \u00e0 l'endroit que vous avez demand\u00e9.<\/p>\n\t<p>Pour plus de d\u00e9tails, vous pouvez visiter notre page de\u00a0<a href=\"\/fr\/comment-realiser-le-modele-architectural\/\">procedure of architectural modal making.<\/a><\/p>\n<p>Fournir un devis pour <strong>mod\u00e9lisation architecturale<\/strong>RJ Models a besoin des informations suivantes :<\/p>\n<p>1. Drawing of the model boundary with dimensions in PDF, JPG, or CAD.<\/p>\n<p>2. Floor plans and elevations of the buildings with dimensions in PDF, JPG, CAD or 3D file.<\/p>\n<p>3. Expected scale or model size.<\/p>\n<p>4. Renderings for reference (if any).<\/p>\n<p>5. Delivery and installation destinations.<\/p>\n<p>6. Expected completion date.<\/p>\n<p>7. You might select similar <a href=\"https:\/\/www.rjmodels.com.hk\/fr\/modele-architectural\/\">photos de mod\u00e8les architecturaux<\/a> pour l'effet attendu du mod\u00e8le.<\/p>\n<p>&nbsp;<\/p>\n<h2>\n\t\tEmplacement des bureaux de RJ Models dans le monde entier\n\t<\/h2>\n\t\t\t\t<img loading=\"lazy\" decoding=\"async\" src=\"https:\/\/www.rjmodels.com.hk\/wp-content\/uploads\/2020\/06\/hong-kong.png\" alt=\"hong kong\" itemprop=\"image\" height=\"142\" width=\"142\" title=\"hong kong\" onerror=\"this.style.display='none'\"  \/>\n\t\t<h4>Bureau de Hong Kong<\/h4>\t\t\n\t\t\tFlat B, 18\/F., Two Chinachem Plaza, 68 Connaught Road Central, Hong Kong<br \/>\nT\u00e9l : <a href=\"\/fr\/tel :(+852) 2557 0201\/\">(+852) 6948 4927<\/a><br \/>\nWhatsApp: <a href=\"Fax: (+971 4) 3471727\"> (+86) 13902468179<\/a><br \/>\nCourriel : <a href=\"mailto:marketing@rjmodels.com.hk\">marketing@rjmodels.com.hk<\/a>\n\t\t\t\t<img loading=\"lazy\" decoding=\"async\" src=\"https:\/\/www.rjmodels.com.hk\/wp-content\/uploads\/2020\/06\/China.png\" alt=\"Chine\" itemprop=\"image\" height=\"400\" width=\"400\" title=\"Chine\" onerror=\"this.style.display='none'\"  \/>\n\t\t<h4>Bureau de la Chine<\/h4>\t\t\n\t\t\t9th Building, Tang Tou Industrial Zone, 3rd Industrial Park, Shi Yan Town, Bao An District, Shen Zhen City, Guang Dong China<br \/>\nT\u00e9l : <a href=\"tel:(+86 755) 2951 4785\">(+86 755) 2951 4785<\/a><br \/>\nFax : <a href=\"tel:(+86 755) 2951 4885\">(+86 755) 2951 4885<\/a><br \/>\nCourriel : <a href=\"mailto:marketing@rjmodels.com.hk\">marketing@rjmodels.com.hk<\/a>\n\t\t\t\t<img loading=\"lazy\" decoding=\"async\" src=\"https:\/\/www.rjmodels.com.hk\/wp-content\/uploads\/2020\/06\/dubai.png\" alt=\"duba\u00ef\" itemprop=\"image\" height=\"142\" width=\"142\" title=\"duba\u00ef\" onerror=\"this.style.display='none'\"  \/>\n\t\t<h4>U.A.E. Office (Dubai) <\/h4>\t\t\n\t\t\tAL Quoz Industrial Area, P.O.Box : 54136, Dubai, U.A.E.<br \/>\nT\u00e9l : <a href=\"Tel: (+971 4) 3474898\">(+971 4) 3474898<\/a><br \/>\nWhatsApp: <a href=\"Fax: (+971 4) 3471727\"> (+86) 13902468179<\/a><br \/>\nCourriel : <a href=\"mailto:marketing@rjmodels.com.hk\">marketing@rjmodels.com.hk<\/a>\n\t\t\t\t<img loading=\"lazy\" decoding=\"async\" src=\"https:\/\/www.rjmodels.com.hk\/wp-content\/uploads\/2020\/06\/Turkey.png\" alt=\"Turquie\" itemprop=\"image\" height=\"400\" width=\"400\" title=\"Turquie\" onerror=\"this.style.display='none'\"  \/>\n\t\t<h4>Turkey Office (Instanbul)<\/h4>\t\t\n\t\t\tHuzur Mah. Azerbaycan Caddesi No:4\/B 620<br \/>\nSky Premium Residence Sar\u0131yer \/ \u0130stanbul, Turquie<br \/>\nT\u00e9l : <a href=\"tel:(+90) 212 500 4411\">(+90) 212 500 4411<\/a><br \/>\nWhatsApp: <a href=\"http:\/\/(+86) 13902468179\">(+86) 13902468179<\/a><br \/>\nCourriel : <a href=\"mailto:marketing@rjmodels.com.hk\">marketing@rjmodels.com.hk<\/a>\n\t\t\t\t<img loading=\"lazy\" decoding=\"async\" src=\"https:\/\/www.rjmodels.com.hk\/wp-content\/uploads\/2020\/06\/indiaLocation.png\" alt=\"IndeLocalisation\" itemprop=\"image\" height=\"142\" width=\"142\" title=\"IndeLocalisation\" onerror=\"this.style.display='none'\"  \/>\n\t\t<h4>India Office (Mumbai) <\/h4>\t\t\n\t\t\t<p>101, Ganesh Krupa Building, Opp. Prabhodhan Thackeray, Shahajiraje Marg, Vile Parle East, Mumbai &#8211; 400 057.<\/p>\nT\u00e9l :<a href=\"http:\/\/(+86) 13902468179\">(+86) 13902468179<\/a><br \/>\nWhatsApp:\u00a0<a href=\"http:\/\/(+86) 13902468179\">(+86) 13902468179<\/a><a href=\"mailto:marketing@rjmodels.com.hk\"><br \/>\n<\/a>\n\t\t\t\t<img loading=\"lazy\" decoding=\"async\" src=\"https:\/\/www.rjmodels.com.hk\/wp-content\/uploads\/2025\/07\/Vietnam121.png\" alt=\"Architectural Model Makers in Vietnam\" itemprop=\"image\" height=\"400\" width=\"400\" title=\"Architectural Model Makers in Vietnam\" onerror=\"this.style.display='none'\"  \/>\n\t\t<h4>Vietnam Office (Hanoi)<\/h4>\t\t\n\t\t\t<p>3rd Floor &#8211; Viet Tower, No. 1 Thai Ha Street, Dong Da Ward, Hanoi, Vietnam 100000<\/p>\nT\u00e9l : <a href=\"http:\/\/(+84) 90 8688 222\">(+84) 90 8688 222<\/a><br \/>\nCourriel : <a href=\"mailto:marketing@rjmodels.com.hk\">marketing@rjmodels.com.hk<\/a>\n<p>&nbsp;<\/p>\n\t\t\t\t<img loading=\"lazy\" decoding=\"async\" src=\"https:\/\/www.rjmodels.com.hk\/wp-content\/uploads\/bb-plugin\/cache\/\u672a231\u6807\u9898-2-circle-b5db1f9d8bfd189818d99b8cd154c838-.jpg\" alt=\"Maquettiste en architecture en Russie\" itemprop=\"image\" height=\"513\" width=\"513\" title=\"Maquettiste en architecture en Russie\" onerror=\"this.style.display='none'\"  \/>\n\t\t<h4>Russia Office (Moscow)<\/h4>\t\t\n\t\t\tMoscow, st. Svobody, 35\/5\nTel: <a href=\"http:\/\/(+7) 926 984 33 95\">(+7) 926 984 33 95<\/a><br \/>\nWhatsApp:\u00a0<a href=\"http:\/\/(+86)%2013902468179\/\">(+86) 13902468179<\/a><br \/>\nCourriel : <a href=\"mailto:marketing@rjmodels.com.hk\">marketing@rjmodels.com.hk<\/a>\n\t\t\t\t<img loading=\"lazy\" decoding=\"async\" src=\"https:\/\/www.rjmodels.com.hk\/wp-content\/uploads\/bb-plugin\/cache\/contact-canada-circle-84704964d02238873747405bc9432d8f-.jpg\" alt=\"contact canada\" itemprop=\"image\" height=\"513\" width=\"513\" title=\"contact canada\" onerror=\"this.style.display='none'\"  \/>\n\t\t<h4>Bureau du Canada (Vancouver)<\/h4>\t\t\n\t\t\t9695 160A Street, Surrey, BC V4N 3K8\nTel: <a href=\"tel:(+1 778) 323 6332\">(+1 604) 600 9577<\/a><br \/>\nWhatsApp:\u00a0<a href=\"http:\/\/(+86) 13902468179\">(+86) 13902468179<\/a><br \/>\nCourriel : <a href=\"mailto:marketing@rjmodels.com.hk\">marketing@rjmodels.com.hk<\/a>\n\t\t\t\t\n\t\t\t\t<img loading=\"lazy\" decoding=\"async\" src=\"https:\/\/www.rjmodels.com.hk\/wp-content\/uploads\/bb-plugin\/cache\/007-circle-1305dfb1fe0d7bf5561bb4f5313097ab-.jpg\" alt=\"Architectural Model Maker in lraq\" itemprop=\"image\" height=\"142\" width=\"142\" title=\"lraq\" onerror=\"this.style.display='none'\"  \/>\n\t\t<h4>Iraq office (Sulaymaniyah)<\/h4>\t\t\n\t\t\tSalim Street, Sulaymaniyah, Iraq.\nTel: <a href=\"http:\/\/+964 770 369 8869\">+964 770 369 8869<\/a><br \/>\nWhatsApp:\u00a0<a href=\"http:\/\/(+86) 13902468179\">(+86) 13902468179<\/a><br \/>\nCourriel : <a href=\"mailto:marketing@rjmodels.com.hk\">marketing@rjmodels.com.hk<\/a>","protected":false},"excerpt":{"rendered":"<p>Contact us now We Deliver to Your Doorstep Faster than Your Local Model Makers Contact RJ Models Today to Find Out How We Can Help You Grow Your Buniness. Request a FREE Quote and We will Reply You Within 24 hours. Content of 5 Steps to Place Your Order with the Scale Model Making Quoting [&hellip;]<\/p>\n","protected":false},"author":2,"featured_media":0,"parent":0,"menu_order":4,"comment_status":"closed","ping_status":"closed","template":"","meta":{"_acf_changed":false,"site-sidebar-layout":"default","site-content-layout":"default","ast-site-content-layout":"default","site-content-style":"default","site-sidebar-style":"default","ast-global-header-display":"","ast-banner-title-visibility":"","ast-main-header-display":"","ast-hfb-above-header-display":"","ast-hfb-below-header-display":"","ast-hfb-mobile-header-display":"","site-post-title":"","ast-breadcrumbs-content":"","ast-featured-img":"","footer-sml-layout":"","theme-transparent-header-meta":"default","adv-header-id-meta":"","stick-header-meta":"default","header-above-stick-meta":"","header-main-stick-meta":"","header-below-stick-meta":"","astra-migrate-meta-layouts":"set","ast-page-background-enabled":"default","ast-page-background-meta":{"desktop":{"background-color":"","background-image":"","background-repeat":"repeat","background-position":"center center","background-size":"auto","background-attachment":"scroll","background-type":"","background-media":"","overlay-type":"","overlay-color":"","overlay-opacity":"","overlay-gradient":""},"tablet":{"background-color":"","background-image":"","background-repeat":"repeat","background-position":"center center","background-size":"auto","background-attachment":"scroll","background-type":"","background-media":"","overlay-type":"","overlay-color":"","overlay-opacity":"","overlay-gradient":""},"mobile":{"background-color":"","background-image":"","background-repeat":"repeat","background-position":"center center","background-size":"auto","background-attachment":"scroll","background-type":"","background-media":"","overlay-type":"","overlay-color":"","overlay-opacity":"","overlay-gradient":""}},"ast-content-background-meta":{"desktop":{"background-color":"var(--ast-global-color-5)","background-image":"","background-repeat":"repeat","background-position":"center center","background-size":"auto","background-attachment":"scroll","background-type":"","background-media":"","overlay-type":"","overlay-color":"","overlay-opacity":"","overlay-gradient":""},"tablet":{"background-color":"var(--ast-global-color-5)","background-image":"","background-repeat":"repeat","background-position":"center center","background-size":"auto","background-attachment":"scroll","background-type":"","background-media":"","overlay-type":"","overlay-color":"","overlay-opacity":"","overlay-gradient":""},"mobile":{"background-color":"var(--ast-global-color-5)","background-image":"","background-repeat":"repeat","background-position":"center center","background-size":"auto","background-attachment":"scroll","background-type":"","background-media":"","overlay-type":"","overlay-color":"","overlay-opacity":"","overlay-gradient":""}},"footnotes":""},"class_list":["post-9104","page","type-page","status-publish","hentry"],"acf":[],"yoast_head":"<!-- This site is optimized with the Yoast SEO plugin v27.3 - https:\/\/yoast.com\/product\/yoast-seo-wordpress\/ -->\n<title>Contact RJ Models Now<\/title>\n<meta name=\"description\" content=\"RJ Models Office Locations Around The Globe. We deliver to your doorstep faster than your local model makers. Contact RJ Models Now\" \/>\n<meta name=\"robots\" content=\"index, follow, max-snippet:-1, max-image-preview:large, max-video-preview:-1\" \/>\n<link rel=\"canonical\" href=\"https:\/\/www.rjmodels.com.hk\/fr\/contact\/\" \/>\n<meta property=\"og:locale\" content=\"fr_FR\" \/>\n<meta property=\"og:type\" content=\"article\" \/>\n<meta property=\"og:title\" content=\"Contact RJ Models Now\" \/>\n<meta property=\"og:description\" content=\"RJ Models Office Locations Around The Globe. We deliver to your doorstep faster than your local model makers. Contact RJ Models Now\" \/>\n<meta property=\"og:url\" content=\"https:\/\/www.rjmodels.com.hk\/fr\/contact\/\" \/>\n<meta property=\"og:site_name\" content=\"RJ Models\" \/>\n<meta property=\"article:publisher\" content=\"https:\/\/www.facebook.com\/rjmodelmaking\" \/>\n<meta property=\"article:modified_time\" content=\"2026-02-23T09:52:30+00:00\" \/>\n<meta property=\"og:image\" content=\"https:\/\/www.rjmodels.com.hk\/wp-content\/uploads\/2020\/06\/hong-kong.png\" \/>\n<meta name=\"twitter:card\" content=\"summary_large_image\" \/>\n<meta name=\"twitter:label1\" content=\"Dur\u00e9e de lecture estim\u00e9e\" \/>\n\t<meta name=\"twitter:data1\" content=\"3 minutes\" \/>\n<script type=\"application\/ld+json\" class=\"yoast-schema-graph\">{\"@context\":\"https:\\\/\\\/schema.org\",\"@graph\":[{\"@type\":\"WebPage\",\"@id\":\"https:\\\/\\\/www.rjmodels.com.hk\\\/contact\\\/\",\"url\":\"https:\\\/\\\/www.rjmodels.com.hk\\\/contact\\\/\",\"name\":\"Contact RJ Models Now\",\"isPartOf\":{\"@id\":\"https:\\\/\\\/www.rjmodels.com.hk\\\/#website\"},\"primaryImageOfPage\":{\"@id\":\"https:\\\/\\\/www.rjmodels.com.hk\\\/contact\\\/#primaryimage\"},\"image\":{\"@id\":\"https:\\\/\\\/www.rjmodels.com.hk\\\/contact\\\/#primaryimage\"},\"thumbnailUrl\":\"https:\\\/\\\/www.rjmodels.com.hk\\\/wp-content\\\/uploads\\\/2020\\\/06\\\/hong-kong.png\",\"datePublished\":\"2020-06-24T04:23:35+00:00\",\"dateModified\":\"2026-02-23T09:52:30+00:00\",\"description\":\"RJ Models Office Locations Around The Globe. We deliver to your doorstep faster than your local model makers. Contact RJ Models Now\",\"breadcrumb\":{\"@id\":\"https:\\\/\\\/www.rjmodels.com.hk\\\/contact\\\/#breadcrumb\"},\"inLanguage\":\"fr-FR\",\"potentialAction\":[{\"@type\":\"ReadAction\",\"target\":[\"https:\\\/\\\/www.rjmodels.com.hk\\\/contact\\\/\"]}]},{\"@type\":\"ImageObject\",\"inLanguage\":\"fr-FR\",\"@id\":\"https:\\\/\\\/www.rjmodels.com.hk\\\/contact\\\/#primaryimage\",\"url\":\"https:\\\/\\\/www.rjmodels.com.hk\\\/wp-content\\\/uploads\\\/2020\\\/06\\\/hong-kong.png\",\"contentUrl\":\"https:\\\/\\\/www.rjmodels.com.hk\\\/wp-content\\\/uploads\\\/2020\\\/06\\\/hong-kong.png\"},{\"@type\":\"BreadcrumbList\",\"@id\":\"https:\\\/\\\/www.rjmodels.com.hk\\\/contact\\\/#breadcrumb\",\"itemListElement\":[{\"@type\":\"ListItem\",\"position\":1,\"name\":\"Home\",\"item\":\"https:\\\/\\\/www.rjmodels.com.hk\\\/\"},{\"@type\":\"ListItem\",\"position\":2,\"name\":\"Contact\"}]},{\"@type\":\"WebSite\",\"@id\":\"https:\\\/\\\/www.rjmodels.com.hk\\\/#website\",\"url\":\"https:\\\/\\\/www.rjmodels.com.hk\\\/\",\"name\":\"RJ Models\",\"description\":\"\",\"publisher\":{\"@id\":\"https:\\\/\\\/www.rjmodels.com.hk\\\/#organization\"},\"potentialAction\":[{\"@type\":\"SearchAction\",\"target\":{\"@type\":\"EntryPoint\",\"urlTemplate\":\"https:\\\/\\\/www.rjmodels.com.hk\\\/?s={search_term_string}\"},\"query-input\":{\"@type\":\"PropertyValueSpecification\",\"valueRequired\":true,\"valueName\":\"search_term_string\"}}],\"inLanguage\":\"fr-FR\"},{\"@type\":\"Organization\",\"@id\":\"https:\\\/\\\/www.rjmodels.com.hk\\\/#organization\",\"name\":\"RJ Models\",\"url\":\"https:\\\/\\\/www.rjmodels.com.hk\\\/\",\"logo\":{\"@type\":\"ImageObject\",\"inLanguage\":\"fr-FR\",\"@id\":\"https:\\\/\\\/www.rjmodels.com.hk\\\/#\\\/schema\\\/logo\\\/image\\\/\",\"url\":\"https:\\\/\\\/www.rjmodels.com.hk\\\/wp-content\\\/uploads\\\/2021\\\/11\\\/cropped-logo-12.png\",\"contentUrl\":\"https:\\\/\\\/www.rjmodels.com.hk\\\/wp-content\\\/uploads\\\/2021\\\/11\\\/cropped-logo-12.png\",\"width\":681,\"height\":162,\"caption\":\"RJ Models\"},\"image\":{\"@id\":\"https:\\\/\\\/www.rjmodels.com.hk\\\/#\\\/schema\\\/logo\\\/image\\\/\"},\"sameAs\":[\"https:\\\/\\\/www.facebook.com\\\/rjmodelmaking\"]}]}<\/script>\n<!-- \/ Yoast SEO plugin. -->","yoast_head_json":{"title":"Contacter RJ Models maintenant","description":"Emplacement des bureaux de RJ Models dans le monde entier. Nous livrons \u00e0 votre porte plus rapidement que les mod\u00e9listes locaux. Contactez RJ Models maintenant","robots":{"index":"index","follow":"follow","max-snippet":"max-snippet:-1","max-image-preview":"max-image-preview:large","max-video-preview":"max-video-preview:-1"},"canonical":"https:\/\/www.rjmodels.com.hk\/fr\/contact\/","og_locale":"fr_FR","og_type":"article","og_title":"Contact RJ Models Now","og_description":"RJ Models Office Locations Around The Globe. We deliver to your doorstep faster than your local model makers. Contact RJ Models Now","og_url":"https:\/\/www.rjmodels.com.hk\/fr\/contact\/","og_site_name":"RJ Models","article_publisher":"https:\/\/www.facebook.com\/rjmodelmaking","article_modified_time":"2026-02-23T09:52:30+00:00","og_image":[{"url":"https:\/\/www.rjmodels.com.hk\/wp-content\/uploads\/2020\/06\/hong-kong.png","type":"","width":"","height":""}],"twitter_card":"summary_large_image","twitter_misc":{"Dur\u00e9e de lecture estim\u00e9e":"3 minutes"},"schema":{"@context":"https:\/\/schema.org","@graph":[{"@type":"WebPage","@id":"https:\/\/www.rjmodels.com.hk\/contact\/","url":"https:\/\/www.rjmodels.com.hk\/contact\/","name":"Contacter RJ Models maintenant","isPartOf":{"@id":"https:\/\/www.rjmodels.com.hk\/#website"},"primaryImageOfPage":{"@id":"https:\/\/www.rjmodels.com.hk\/contact\/#primaryimage"},"image":{"@id":"https:\/\/www.rjmodels.com.hk\/contact\/#primaryimage"},"thumbnailUrl":"https:\/\/www.rjmodels.com.hk\/wp-content\/uploads\/2020\/06\/hong-kong.png","datePublished":"2020-06-24T04:23:35+00:00","dateModified":"2026-02-23T09:52:30+00:00","description":"Emplacement des bureaux de RJ Models dans le monde entier. Nous livrons \u00e0 votre porte plus rapidement que les mod\u00e9listes locaux. Contactez RJ Models maintenant","breadcrumb":{"@id":"https:\/\/www.rjmodels.com.hk\/contact\/#breadcrumb"},"inLanguage":"fr-FR","potentialAction":[{"@type":"ReadAction","target":["https:\/\/www.rjmodels.com.hk\/contact\/"]}]},{"@type":"ImageObject","inLanguage":"fr-FR","@id":"https:\/\/www.rjmodels.com.hk\/contact\/#primaryimage","url":"https:\/\/www.rjmodels.com.hk\/wp-content\/uploads\/2020\/06\/hong-kong.png","contentUrl":"https:\/\/www.rjmodels.com.hk\/wp-content\/uploads\/2020\/06\/hong-kong.png"},{"@type":"BreadcrumbList","@id":"https:\/\/www.rjmodels.com.hk\/contact\/#breadcrumb","itemListElement":[{"@type":"ListItem","position":1,"name":"Home","item":"https:\/\/www.rjmodels.com.hk\/"},{"@type":"ListItem","position":2,"name":"Contact"}]},{"@type":"WebSite","@id":"https:\/\/www.rjmodels.com.hk\/#website","url":"https:\/\/www.rjmodels.com.hk\/","name":"Mod\u00e8les RJ","description":"","publisher":{"@id":"https:\/\/www.rjmodels.com.hk\/#organization"},"potentialAction":[{"@type":"SearchAction","target":{"@type":"EntryPoint","urlTemplate":"https:\/\/www.rjmodels.com.hk\/?s={search_term_string}"},"query-input":{"@type":"PropertyValueSpecification","valueRequired":true,"valueName":"search_term_string"}}],"inLanguage":"fr-FR"},{"@type":"Organization","@id":"https:\/\/www.rjmodels.com.hk\/#organization","name":"Mod\u00e8les RJ","url":"https:\/\/www.rjmodels.com.hk\/","logo":{"@type":"ImageObject","inLanguage":"fr-FR","@id":"https:\/\/www.rjmodels.com.hk\/#\/schema\/logo\/image\/","url":"https:\/\/www.rjmodels.com.hk\/wp-content\/uploads\/2021\/11\/cropped-logo-12.png","contentUrl":"https:\/\/www.rjmodels.com.hk\/wp-content\/uploads\/2021\/11\/cropped-logo-12.png","width":681,"height":162,"caption":"RJ Models"},"image":{"@id":"https:\/\/www.rjmodels.com.hk\/#\/schema\/logo\/image\/"},"sameAs":["https:\/\/www.facebook.com\/rjmodelmaking"]}]}},"_links":{"self":[{"href":"https:\/\/www.rjmodels.com.hk\/fr\/wp-json\/wp\/v2\/pages\/9104","targetHints":{"allow":["GET"]}}],"collection":[{"href":"https:\/\/www.rjmodels.com.hk\/fr\/wp-json\/wp\/v2\/pages"}],"about":[{"href":"https:\/\/www.rjmodels.com.hk\/fr\/wp-json\/wp\/v2\/types\/page"}],"author":[{"embeddable":true,"href":"https:\/\/www.rjmodels.com.hk\/fr\/wp-json\/wp\/v2\/users\/2"}],"replies":[{"embeddable":true,"href":"https:\/\/www.rjmodels.com.hk\/fr\/wp-json\/wp\/v2\/comments?post=9104"}],"version-history":[{"count":1,"href":"https:\/\/www.rjmodels.com.hk\/fr\/wp-json\/wp\/v2\/pages\/9104\/revisions"}],"predecessor-version":[{"id":76679,"href":"https:\/\/www.rjmodels.com.hk\/fr\/wp-json\/wp\/v2\/pages\/9104\/revisions\/76679"}],"wp:attachment":[{"href":"https:\/\/www.rjmodels.com.hk\/fr\/wp-json\/wp\/v2\/media?parent=9104"}],"curies":[{"name":"wp","href":"https:\/\/api.w.org\/{rel}","templated":true}]}}