{"id":521,"date":"2025-02-22T09:57:26","date_gmt":"2025-02-22T09:57:26","guid":{"rendered":"http:\/\/rj.digitalpixels.co\/?page_id=521"},"modified":"2026-03-18T09:34:33","modified_gmt":"2026-03-18T09:34:33","slug":"comment-realiser-le-modele-architectural","status":"publish","type":"page","link":"https:\/\/www.rjmodels.com.hk\/fr\/comment-realiser-le-modele-architectural\/","title":{"rendered":"Proc\u00e9dure"},"content":{"rendered":"<h2>\n\t\t5 \u00e9tapes \u00e0 conna\u00eetre <br \/> How to Produce an Architectural Model Making\n\t<\/h2>\n\t<p>At RJ Models, we follow a streamlined 5-step process to ensure every <a href=\"https:\/\/www.rjmodels.com.hk\/fr\/guide-des-modeles-architecturaux\/\">mod\u00e8le architectural<\/a> meets professional standards.<\/p>\n<p>Our systematic approach covers everything from initial enquiry and data analysis to meticulous production and global installation.<\/p>\n<p>We specialize in transforming complex design schemes into high-quality physical models for architects and developers worldwide.<\/p>\n<h2>\n\t\t\u00c9tape 1. Demande de renseignements\n\t<\/h2>\n\t<p><b data-path-to-node=\"12,0,1,0\" data-index-in-node=\"1\">Firstly<\/b>, to provide an accurate quotation, we require specific project details.<\/p>\n<p>Please provide your model dimensions, preferred scale, and final design drawings in PDF, JPG or CAD format.<\/p>\n<p><b data-path-to-node=\"12,0,1,0\" data-index-in-node=\"184\">In addition<\/b>, sharing reference renderings helps our team understand your desired style and detail level.<\/p>\n<p>&nbsp;<\/p>\n\tUne fois que nous aurons re\u00e7u les informations ci-dessus, nous pr\u00e9parerons un sch\u00e9ma de la maquette (voir ci-contre) afin de vous proposer un devis dans les 48 heures.\n\t\t\t\t<img loading=\"lazy\" decoding=\"async\" src=\"https:\/\/www.rjmodels.com.hk\/wp-content\/uploads\/2022\/11\/Model-Diagram-3d-6_2-\u526f\u672c.png\" alt=\"Mod\u00e9lisation architecturale Diagramme 3D\" itemprop=\"image\" height=\"368\" width=\"589\" title=\"Mod\u00e9lisation architecturale Diagramme 3D\" onerror=\"this.style.display='none'\"  \/>\n<h2>\n\t\tStep 2. Receiving Project Information\n\t<\/h2>\n\t<p><b data-path-to-node=\"12,1,1,0\" data-index-in-node=\"1\">Once<\/b> the quotation is confirmed, we need the latest documents to begin production.<\/p>\n<p>This ensures our model makers follow your most recent design.<\/p>\n<p>We specifically require updated CAD master plans and detailed building elevations to maintain high precision.<\/p>\n<ul>\n<li>Plan d'ensemble actualis\u00e9 en CAO avec les dimensions et la port\u00e9e, le mod\u00e8le restreint les limites et le champ d'application.<\/li>\n<\/ul>\n\t<h3>B\u00e2timents :<\/h3>\n<ul>\n<li>\u00c9l\u00e9vations, plans et coupes de tous les b\u00e2timents en CAO (le cas \u00e9ch\u00e9ant).<\/li>\n<li>Rhino, Sketchup, 3D Max, 3D AutoCAD (le cas \u00e9ch\u00e9ant).<\/li>\n<li>\u00c9chantillon de mat\u00e9riau de construction ou code couleur Panton (CU Matte)\/RAL.<\/li>\n<\/ul>\n<h3>L'environnement :<\/h3>\n<ul>\n<li>Dessin d'am\u00e9nagement paysager avec marquage de niveau.<\/li>\n<li>Dessin d'am\u00e9nagement paysager avec mat\u00e9riaux et couleurs.<\/li>\n<li>Plan d'am\u00e9nagement paysager avec localisation des arbres.<\/li>\n<li>Fichier 3D en Rhino, 3D Max, 3D AutoCAD, Sketch-up.<\/li>\n<li>\u00c9chantillon de mat\u00e9riau de paysage ou code couleur Panton (CU Matte)\/RAL.<\/li>\n<li>Renderings \u00e0 titre de r\u00e9f\u00e9rence. (le cas \u00e9ch\u00e9ant)<\/li>\n<\/ul>\n\t<h3>Sch\u00e9ma de couleurs :<\/h3>\n<ul>\n<li>S\u00e9lectionnez le code de verre transparent color\u00e9 dans l'\u00e9chantillon.<\/li>\n<li>S\u00e9lectionnez le code du verre r\u00e9fl\u00e9chissant dans l'\u00e9chantillon.<\/li>\n<li>S\u00e9lectionnez le code de l'herbe\/du gazon dans l'\u00e9chantillon.<\/li>\n<\/ul>\n\tRJ Models communiquera l'effet de la maquette architecturale avec les clients et produira des maquettes strictement bas\u00e9es sur vos dessins de conception.\n\t\t\t\t<img loading=\"lazy\" decoding=\"async\" src=\"https:\/\/www.rjmodels.com.hk\/wp-content\/uploads\/2022\/11\/1081.jpg\" alt=\"Dessins de fabrication de mod\u00e8les\" itemprop=\"image\" height=\"200\" width=\"592\" title=\"Dessins de fabrication de mod\u00e8les\" onerror=\"this.style.display='none'\"  \/>\n<h2>\n\t\t\u00c9tape 3. Pr\u00e9paration et confirmation de l'\u00e9chantillon du mod\u00e8le architectural\n\t<\/h2>\n\t<p>Before full-scale production, we create detailed samples to demonstrate the final display effect.<\/p>\n<p>This stage allows you to review structure details, color matches, and lighting textures firsthand.<\/p>\n<p>By confirming these samples, we ensure the final model aligns perfectly with your original design philosophy.<\/p>\n<h2>\n\t\tStep 4. Model Production and Progress Report\n\t<\/h2>\n\t<p>Once production begins, our team provides professional progress photos at regular intervals.<\/p>\n<p>This transparency allows you to track the model&#8217;s development and ensures we meet the expected completion time.<\/p>\n<p>Furthermore, we welcome on-site visits to our workshop, giving you the opportunity to inspect the craftsmanship in person.<\/p>\n<h2>\n\t\t\u00c9tape 5. Transport et installation du mod\u00e8le\n\t<\/h2>\n\t<p>Upon your final approval, we carefully pack and ship the miniature models to your designated global address.<\/p>\n<p>Our technicians manage the on-site installation and testing to guarantee the model functions perfectly.<\/p>\n<p>For frequent travelers, we also offer custom-designed flight cases to ensure maximum protection during transit.<\/p>\n\t<p>RJ Models a r\u00e9alis\u00e9 plus de 10000 projets de maquettes de b\u00e2timents et a gagn\u00e9 la confiance des entreprises de conception architecturale de renomm\u00e9e mondiale, de l'immobilier, des promoteurs, du gouvernement, etc.<\/p>\n<p>Nous fournissons des services de production de mod\u00e8les architecturaux de haute productivit\u00e9 et de haute qualit\u00e9 pour vous permettre de pr\u00e9senter vos id\u00e9es de conception, de les commercialiser, de les vendre, etc.<\/p>\n<p>&nbsp;<\/p>\n<h2>\n\t\tContactez RJ Models et nous pouvons vous aider \u00e0 d\u00e9velopper votre entreprise. \n\t<\/h2>\n\t\n<div class=\"wpcf7 no-js\" id=\"wpcf7-f48034-o1\" lang=\"en-US\" dir=\"ltr\" data-wpcf7-id=\"48034\">\n<div class=\"screen-reader-response\"><p role=\"status\" aria-live=\"polite\" aria-atomic=\"true\"><\/p> <ul><\/ul><\/div>\n<form action=\"\/fr\/wp-json\/wp\/v2\/pages\/521#wpcf7-f48034-o1\" method=\"post\" class=\"wpcf7-form init\" aria-label=\"Formulaire de contact\" novalidate=\"novalidate\" data-status=\"init\" data-trp-original-action=\"\/fr\/wp-json\/wp\/v2\/pages\/521#wpcf7-f48034-o1\">\n<fieldset class=\"hidden-fields-container\"><input type=\"hidden\" name=\"_wpcf7\" value=\"48034\" \/><input type=\"hidden\" name=\"_wpcf7_version\" value=\"6.1.5\" \/><input type=\"hidden\" name=\"_wpcf7_locale\" value=\"en_US\" \/><input type=\"hidden\" name=\"_wpcf7_unit_tag\" value=\"wpcf7-f48034-o1\" \/><input type=\"hidden\" name=\"_wpcf7_container_post\" value=\"0\" \/><input type=\"hidden\" name=\"_wpcf7_posted_data_hash\" value=\"\" \/>\n<\/fieldset>\n<div class=\"uabb-cf7-col-1\">\n\t<p><span class=\"wpcf7-form-control-wrap\" data-name=\"your-name\"><input size=\"40\" maxlength=\"400\" class=\"wpcf7-form-control wpcf7-text wpcf7-validates-as-required\" aria-required=\"true\" aria-invalid=\"false\" placeholder=\"Votre nom\" value=\"\" type=\"text\" name=\"your-name\" \/><\/span>\n\t<\/p>\n<\/div>\n<div class=\"uabb-cf7-col-1\">\n\t<p><span class=\"wpcf7-form-control-wrap\" data-name=\"your-email\"><input size=\"40\" maxlength=\"400\" class=\"wpcf7-form-control wpcf7-email wpcf7-validates-as-required wpcf7-text wpcf7-validates-as-email\" aria-required=\"true\" aria-invalid=\"false\" placeholder=\"Votre courriel*\" value=\"\" type=\"email\" name=\"your-email\" \/><\/span>\n\t<\/p>\n<\/div>\n<div class=\"uabb-cf7-col-1\">\n\t<p><span class=\"wpcf7-form-control-wrap\" data-name=\"your-company\"><input size=\"40\" maxlength=\"400\" class=\"wpcf7-form-control wpcf7-text\" aria-invalid=\"false\" placeholder=\"Nom de l&#039;entreprise\" value=\"\" type=\"text\" name=\"your-company\" \/><\/span>\n\t<\/p>\n<\/div>\n<div class=\"uabb-cf7-col-1\">\n\t<p><span class=\"wpcf7-form-control-wrap\" data-name=\"purpose\"><input size=\"40\" maxlength=\"400\" class=\"wpcf7-form-control wpcf7-text\" aria-invalid=\"false\" placeholder=\"Objectif du mod\u00e8le : (marketing, concurrence, pr\u00e9sentation)\" value=\"\" type=\"text\" name=\"purpose\" \/><\/span>\n\t<\/p>\n<\/div>\n<div class=\"uabb-cf7-col-1\">\n\t<p><span class=\"wpcf7-form-control-wrap\" data-name=\"size\"><input size=\"40\" maxlength=\"400\" class=\"wpcf7-form-control wpcf7-text\" aria-invalid=\"false\" placeholder=\"\u00c9chelle et taille pr\u00e9vues : (LxLxH)\" value=\"\" type=\"text\" name=\"size\" \/><\/span>\n\t<\/p>\n<\/div>\n<div class=\"uabb-cf7-col-1\">\n\t<p><span class=\"wpcf7-form-control-wrap\" data-name=\"date\"><input size=\"40\" maxlength=\"400\" class=\"wpcf7-form-control wpcf7-text\" aria-invalid=\"false\" placeholder=\"Date d&#039;ach\u00e8vement pr\u00e9vue\" value=\"\" type=\"text\" name=\"date\" \/><\/span>\n\t<\/p>\n<\/div>\n<div class=\"uabb-cf7-col-1\">\n\t<p><span class=\"wpcf7-form-control-wrap\" data-name=\"delivery\"><input size=\"40\" maxlength=\"400\" class=\"wpcf7-form-control wpcf7-text\" aria-invalid=\"false\" placeholder=\"Destinations de livraison et d&#039;installation : (Ville, Pays)\" value=\"\" type=\"text\" name=\"delivery\" \/><\/span>\n\t<\/p>\n<\/div>\n<div class=\"uabb-cf7-col-1\">\n\t<p><span class=\"wpcf7-form-control-wrap\" data-name=\"expected-date\"><input size=\"40\" maxlength=\"400\" class=\"wpcf7-form-control wpcf7-text\" aria-invalid=\"false\" placeholder=\"Date pr\u00e9vue pour la visite de l&#039;usine\u00a0: (mois, date \/ plus tard)\" value=\"\" type=\"text\" name=\"expected-date\" \/><\/span>\n\t<\/p>\n<\/div>\n<div class=\"uabb-cf7-col-1\">\n\t<p><span class=\"wpcf7-form-control-wrap\" data-name=\"your-message\"><textarea cols=\"60\" rows=\"3\" maxlength=\"2000\" class=\"wpcf7-form-control wpcf7-textarea wpcf7-validates-as-required\" aria-required=\"true\" aria-invalid=\"false\" placeholder=\"Votre message*\" name=\"your-message\"><\/textarea><\/span>\n\t<\/p>\n<\/div>\n<div class=\"uabb-cf7-col-1\">\n\t<p><span class=\"wpcf7-form-control-wrap\" data-name=\"upload-file-221\"><input size=\"40\" class=\"wpcf7-form-control wpcf7-drag-n-drop-file d-none\" aria-invalid=\"false\" type=\"file\" multiple=\"multiple\" data-name=\"upload-file-221\" data-type=\"jpg|jpeg|zip|png|gif|rar|pdf\" data-limit=\"104857600\" data-id=\"48034\" data-version=\"free version 1.3.9.6\" accept=\".jpg, .jpeg, .zip, .png, .gif, .rar, .pdf\" \/><\/span>(Veuillez nous envoyer par Dropbox ou WeTransfer, ou par courriel : <a href=\"mailto:marketing@rjmodels.com.hk\">marketing@rjmodels.com.hk<\/a> si les fichiers sont sup\u00e9rieurs \u00e0 50 Mo. )\n\t<\/p>\n<\/div>\n<div class=\"uabb-cf7-col-1\">\n\t<p><input class=\"wpcf7-form-control wpcf7-submit has-spinner cf7-submit\" type=\"submit\" value=\"DEVIS GRATUIT\" \/>\n\t<\/p>\n<\/div>\n<p><script>\ndocument.addEventListener( 'wpcf7mailsent', function( event ) {\n location = '\/thank-you-rj-models\/';\n}, false );\n<\/script>\n<\/p>\n<style>\n.cf7-submit{display: grid;margin: auto;}\n<\/style><p style=\"display: none !important;\" class=\"akismet-fields-container\" data-prefix=\"_wpcf7_ak_\"><label>\u0394<textarea name=\"_wpcf7_ak_hp_textarea\" cols=\"45\" rows=\"8\" maxlength=\"100\"><\/textarea><\/label><input type=\"hidden\" id=\"ak_js_1\" name=\"_wpcf7_ak_js\" value=\"177\"\/><script>\ndocument.getElementById( \"ak_js_1\" ).setAttribute( \"value\", ( new Date() ).getTime() );\n<\/script>\n<\/p><div class=\"wpcf7-response-output\" aria-hidden=\"true\"><\/div>\n<input type=\"hidden\" name=\"trp-form-language\" value=\"fr\"\/><\/form>\n<\/div>\n\n\t<p>Notre vision est de fournir des mod\u00e8les 3D de qualit\u00e9 sup\u00e9rieure partout dans le monde.<\/p>\n<p>Contactez-nous d\u00e8s maintenant et nous vous r\u00e9pondrons dans les 24 heures.<\/p>\n\t\t\t\t<img loading=\"lazy\" decoding=\"async\" src=\"https:\/\/www.rjmodels.com.hk\/wp-content\/uploads\/2022\/05\/350-600-2.jpg\" alt=\"Constructeur de maquettes architecturales\" itemprop=\"image\" height=\"600\" width=\"350\" title=\"Constructeur de maquettes architecturales\" onerror=\"this.style.display='none'\"  \/>","protected":false},"excerpt":{"rendered":"<p>5 Steps to know How to Produce an Architectural Model Making At RJ Models, we follow a streamlined 5-step process to ensure every architectural model meets professional standards. Our systematic approach covers everything from initial enquiry and data analysis to meticulous production and global installation. We specialize in transforming complex design schemes into high-quality physical [&hellip;]<\/p>\n","protected":false},"author":2,"featured_media":0,"parent":0,"menu_order":3,"comment_status":"closed","ping_status":"closed","template":"","meta":{"_acf_changed":false,"site-sidebar-layout":"no-sidebar","site-content-layout":"page-builder","ast-site-content-layout":"full-width-container","site-content-style":"unboxed","site-sidebar-style":"unboxed","ast-global-header-display":"","ast-banner-title-visibility":"","ast-main-header-display":"","ast-hfb-above-header-display":"","ast-hfb-below-header-display":"","ast-hfb-mobile-header-display":"","site-post-title":"disabled","ast-breadcrumbs-content":"","ast-featured-img":"disabled","footer-sml-layout":"","theme-transparent-header-meta":"default","adv-header-id-meta":"","stick-header-meta":"default","header-above-stick-meta":"","header-main-stick-meta":"","header-below-stick-meta":"","astra-migrate-meta-layouts":"set","ast-page-background-enabled":"default","ast-page-background-meta":{"desktop":{"background-color":"","background-image":"","background-repeat":"repeat","background-position":"center center","background-size":"auto","background-attachment":"scroll","background-type":"","background-media":"","overlay-type":"","overlay-color":"","overlay-opacity":"","overlay-gradient":""},"tablet":{"background-color":"","background-image":"","background-repeat":"repeat","background-position":"center center","background-size":"auto","background-attachment":"scroll","background-type":"","background-media":"","overlay-type":"","overlay-color":"","overlay-opacity":"","overlay-gradient":""},"mobile":{"background-color":"","background-image":"","background-repeat":"repeat","background-position":"center center","background-size":"auto","background-attachment":"scroll","background-type":"","background-media":"","overlay-type":"","overlay-color":"","overlay-opacity":"","overlay-gradient":""}},"ast-content-background-meta":{"desktop":{"background-color":"var(--ast-global-color-5)","background-image":"","background-repeat":"repeat","background-position":"center center","background-size":"auto","background-attachment":"scroll","background-type":"","background-media":"","overlay-type":"","overlay-color":"","overlay-opacity":"","overlay-gradient":""},"tablet":{"background-color":"var(--ast-global-color-5)","background-image":"","background-repeat":"repeat","background-position":"center center","background-size":"auto","background-attachment":"scroll","background-type":"","background-media":"","overlay-type":"","overlay-color":"","overlay-opacity":"","overlay-gradient":""},"mobile":{"background-color":"var(--ast-global-color-5)","background-image":"","background-repeat":"repeat","background-position":"center center","background-size":"auto","background-attachment":"scroll","background-type":"","background-media":"","overlay-type":"","overlay-color":"","overlay-opacity":"","overlay-gradient":""}},"footnotes":""},"class_list":["post-521","page","type-page","status-publish","hentry"],"acf":[],"yoast_head":"<!-- This site is optimized with the Yoast SEO plugin v27.5 - https:\/\/yoast.com\/product\/yoast-seo-wordpress\/ -->\n<title>How to Make Architectural Models | 5-Step Process | RJ Models<\/title>\n<meta name=\"description\" content=\"Learn how RJ Models creates world-class architectural models. Our 5-step process ensures precision from enquiry to global delivery.\" \/>\n<meta name=\"robots\" content=\"index, follow, max-snippet:-1, max-image-preview:large, max-video-preview:-1\" \/>\n<link rel=\"canonical\" href=\"https:\/\/www.rjmodels.com.hk\/fr\/comment-realiser-le-modele-architectural\/\" \/>\n<meta property=\"og:locale\" content=\"fr_FR\" \/>\n<meta property=\"og:type\" content=\"article\" \/>\n<meta property=\"og:title\" content=\"How to Make Architectural Models | 5-Step Process | RJ Models\" \/>\n<meta property=\"og:description\" content=\"Learn how RJ Models creates world-class architectural models. Our 5-step process ensures precision from enquiry to global delivery.\" \/>\n<meta property=\"og:url\" content=\"https:\/\/www.rjmodels.com.hk\/fr\/comment-realiser-le-modele-architectural\/\" \/>\n<meta property=\"og:site_name\" content=\"RJ Models\" \/>\n<meta property=\"article:publisher\" content=\"https:\/\/www.facebook.com\/rjmodelmaking\" \/>\n<meta property=\"article:modified_time\" content=\"2026-03-18T09:34:33+00:00\" \/>\n<meta property=\"og:image\" content=\"https:\/\/www.rjmodels.com.hk\/wp-content\/uploads\/2022\/11\/1081.jpg\" \/>\n<meta name=\"twitter:card\" content=\"summary_large_image\" \/>\n<meta name=\"twitter:label1\" content=\"Dur\u00e9e de lecture estim\u00e9e\" \/>\n\t<meta name=\"twitter:data1\" content=\"5 minutes\" \/>\n<script type=\"application\/ld+json\" class=\"yoast-schema-graph\">{\"@context\":\"https:\\\/\\\/schema.org\",\"@graph\":[{\"@type\":\"WebPage\",\"@id\":\"https:\\\/\\\/www.rjmodels.com.hk\\\/how-to-make-the-architectural-model\\\/\",\"url\":\"https:\\\/\\\/www.rjmodels.com.hk\\\/how-to-make-the-architectural-model\\\/\",\"name\":\"How to Make Architectural Models | 5-Step Process | RJ Models\",\"isPartOf\":{\"@id\":\"https:\\\/\\\/www.rjmodels.com.hk\\\/#website\"},\"primaryImageOfPage\":{\"@id\":\"https:\\\/\\\/www.rjmodels.com.hk\\\/how-to-make-the-architectural-model\\\/#primaryimage\"},\"image\":{\"@id\":\"https:\\\/\\\/www.rjmodels.com.hk\\\/how-to-make-the-architectural-model\\\/#primaryimage\"},\"thumbnailUrl\":\"https:\\\/\\\/www.rjmodels.com.hk\\\/wp-content\\\/uploads\\\/2022\\\/11\\\/1081.jpg\",\"datePublished\":\"2025-02-22T09:57:26+00:00\",\"dateModified\":\"2026-03-18T09:34:33+00:00\",\"description\":\"Learn how RJ Models creates world-class architectural models. Our 5-step process ensures precision from enquiry to global delivery.\",\"breadcrumb\":{\"@id\":\"https:\\\/\\\/www.rjmodels.com.hk\\\/how-to-make-the-architectural-model\\\/#breadcrumb\"},\"inLanguage\":\"fr-FR\",\"potentialAction\":[{\"@type\":\"ReadAction\",\"target\":[\"https:\\\/\\\/www.rjmodels.com.hk\\\/how-to-make-the-architectural-model\\\/\"]}]},{\"@type\":\"ImageObject\",\"inLanguage\":\"fr-FR\",\"@id\":\"https:\\\/\\\/www.rjmodels.com.hk\\\/how-to-make-the-architectural-model\\\/#primaryimage\",\"url\":\"https:\\\/\\\/www.rjmodels.com.hk\\\/wp-content\\\/uploads\\\/2022\\\/11\\\/1081.jpg\",\"contentUrl\":\"https:\\\/\\\/www.rjmodels.com.hk\\\/wp-content\\\/uploads\\\/2022\\\/11\\\/1081.jpg\"},{\"@type\":\"BreadcrumbList\",\"@id\":\"https:\\\/\\\/www.rjmodels.com.hk\\\/how-to-make-the-architectural-model\\\/#breadcrumb\",\"itemListElement\":[{\"@type\":\"ListItem\",\"position\":1,\"name\":\"Home\",\"item\":\"https:\\\/\\\/www.rjmodels.com.hk\\\/\"},{\"@type\":\"ListItem\",\"position\":2,\"name\":\"Procedure\"}]},{\"@type\":\"WebSite\",\"@id\":\"https:\\\/\\\/www.rjmodels.com.hk\\\/#website\",\"url\":\"https:\\\/\\\/www.rjmodels.com.hk\\\/\",\"name\":\"RJ Models\",\"description\":\"\",\"publisher\":{\"@id\":\"https:\\\/\\\/www.rjmodels.com.hk\\\/#organization\"},\"potentialAction\":[{\"@type\":\"SearchAction\",\"target\":{\"@type\":\"EntryPoint\",\"urlTemplate\":\"https:\\\/\\\/www.rjmodels.com.hk\\\/?s={search_term_string}\"},\"query-input\":{\"@type\":\"PropertyValueSpecification\",\"valueRequired\":true,\"valueName\":\"search_term_string\"}}],\"inLanguage\":\"fr-FR\"},{\"@type\":\"Organization\",\"@id\":\"https:\\\/\\\/www.rjmodels.com.hk\\\/#organization\",\"name\":\"RJ Models\",\"url\":\"https:\\\/\\\/www.rjmodels.com.hk\\\/\",\"logo\":{\"@type\":\"ImageObject\",\"inLanguage\":\"fr-FR\",\"@id\":\"https:\\\/\\\/www.rjmodels.com.hk\\\/#\\\/schema\\\/logo\\\/image\\\/\",\"url\":\"https:\\\/\\\/www.rjmodels.com.hk\\\/wp-content\\\/uploads\\\/2021\\\/11\\\/cropped-logo-12.png\",\"contentUrl\":\"https:\\\/\\\/www.rjmodels.com.hk\\\/wp-content\\\/uploads\\\/2021\\\/11\\\/cropped-logo-12.png\",\"width\":681,\"height\":162,\"caption\":\"RJ Models\"},\"image\":{\"@id\":\"https:\\\/\\\/www.rjmodels.com.hk\\\/#\\\/schema\\\/logo\\\/image\\\/\"},\"sameAs\":[\"https:\\\/\\\/www.facebook.com\\\/rjmodelmaking\"]}]}<\/script>\n<!-- \/ Yoast SEO plugin. -->","yoast_head_json":{"title":"How to Make Architectural Models | 5-Step Process | RJ Models","description":"Learn how RJ Models creates world-class architectural models. Our 5-step process ensures precision from enquiry to global delivery.","robots":{"index":"index","follow":"follow","max-snippet":"max-snippet:-1","max-image-preview":"max-image-preview:large","max-video-preview":"max-video-preview:-1"},"canonical":"https:\/\/www.rjmodels.com.hk\/fr\/comment-realiser-le-modele-architectural\/","og_locale":"fr_FR","og_type":"article","og_title":"How to Make Architectural Models | 5-Step Process | RJ Models","og_description":"Learn how RJ Models creates world-class architectural models. Our 5-step process ensures precision from enquiry to global delivery.","og_url":"https:\/\/www.rjmodels.com.hk\/fr\/comment-realiser-le-modele-architectural\/","og_site_name":"RJ Models","article_publisher":"https:\/\/www.facebook.com\/rjmodelmaking","article_modified_time":"2026-03-18T09:34:33+00:00","og_image":[{"url":"https:\/\/www.rjmodels.com.hk\/wp-content\/uploads\/2022\/11\/1081.jpg","type":"","width":"","height":""}],"twitter_card":"summary_large_image","twitter_misc":{"Dur\u00e9e de lecture estim\u00e9e":"5 minutes"},"schema":{"@context":"https:\/\/schema.org","@graph":[{"@type":"WebPage","@id":"https:\/\/www.rjmodels.com.hk\/how-to-make-the-architectural-model\/","url":"https:\/\/www.rjmodels.com.hk\/how-to-make-the-architectural-model\/","name":"How to Make Architectural Models | 5-Step Process | RJ Models","isPartOf":{"@id":"https:\/\/www.rjmodels.com.hk\/#website"},"primaryImageOfPage":{"@id":"https:\/\/www.rjmodels.com.hk\/how-to-make-the-architectural-model\/#primaryimage"},"image":{"@id":"https:\/\/www.rjmodels.com.hk\/how-to-make-the-architectural-model\/#primaryimage"},"thumbnailUrl":"https:\/\/www.rjmodels.com.hk\/wp-content\/uploads\/2022\/11\/1081.jpg","datePublished":"2025-02-22T09:57:26+00:00","dateModified":"2026-03-18T09:34:33+00:00","description":"Learn how RJ Models creates world-class architectural models. Our 5-step process ensures precision from enquiry to global delivery.","breadcrumb":{"@id":"https:\/\/www.rjmodels.com.hk\/how-to-make-the-architectural-model\/#breadcrumb"},"inLanguage":"fr-FR","potentialAction":[{"@type":"ReadAction","target":["https:\/\/www.rjmodels.com.hk\/how-to-make-the-architectural-model\/"]}]},{"@type":"ImageObject","inLanguage":"fr-FR","@id":"https:\/\/www.rjmodels.com.hk\/how-to-make-the-architectural-model\/#primaryimage","url":"https:\/\/www.rjmodels.com.hk\/wp-content\/uploads\/2022\/11\/1081.jpg","contentUrl":"https:\/\/www.rjmodels.com.hk\/wp-content\/uploads\/2022\/11\/1081.jpg"},{"@type":"BreadcrumbList","@id":"https:\/\/www.rjmodels.com.hk\/how-to-make-the-architectural-model\/#breadcrumb","itemListElement":[{"@type":"ListItem","position":1,"name":"Home","item":"https:\/\/www.rjmodels.com.hk\/"},{"@type":"ListItem","position":2,"name":"Procedure"}]},{"@type":"WebSite","@id":"https:\/\/www.rjmodels.com.hk\/#website","url":"https:\/\/www.rjmodels.com.hk\/","name":"RJ Models","description":"","publisher":{"@id":"https:\/\/www.rjmodels.com.hk\/#organization"},"potentialAction":[{"@type":"SearchAction","target":{"@type":"EntryPoint","urlTemplate":"https:\/\/www.rjmodels.com.hk\/?s={search_term_string}"},"query-input":{"@type":"PropertyValueSpecification","valueRequired":true,"valueName":"search_term_string"}}],"inLanguage":"fr-FR"},{"@type":"Organization","@id":"https:\/\/www.rjmodels.com.hk\/#organization","name":"RJ Models","url":"https:\/\/www.rjmodels.com.hk\/","logo":{"@type":"ImageObject","inLanguage":"fr-FR","@id":"https:\/\/www.rjmodels.com.hk\/#\/schema\/logo\/image\/","url":"https:\/\/www.rjmodels.com.hk\/wp-content\/uploads\/2021\/11\/cropped-logo-12.png","contentUrl":"https:\/\/www.rjmodels.com.hk\/wp-content\/uploads\/2021\/11\/cropped-logo-12.png","width":681,"height":162,"caption":"RJ Models"},"image":{"@id":"https:\/\/www.rjmodels.com.hk\/#\/schema\/logo\/image\/"},"sameAs":["https:\/\/www.facebook.com\/rjmodelmaking"]}]}},"_links":{"self":[{"href":"https:\/\/www.rjmodels.com.hk\/fr\/wp-json\/wp\/v2\/pages\/521","targetHints":{"allow":["GET"]}}],"collection":[{"href":"https:\/\/www.rjmodels.com.hk\/fr\/wp-json\/wp\/v2\/pages"}],"about":[{"href":"https:\/\/www.rjmodels.com.hk\/fr\/wp-json\/wp\/v2\/types\/page"}],"author":[{"embeddable":true,"href":"https:\/\/www.rjmodels.com.hk\/fr\/wp-json\/wp\/v2\/users\/2"}],"replies":[{"embeddable":true,"href":"https:\/\/www.rjmodels.com.hk\/fr\/wp-json\/wp\/v2\/comments?post=521"}],"version-history":[{"count":6,"href":"https:\/\/www.rjmodels.com.hk\/fr\/wp-json\/wp\/v2\/pages\/521\/revisions"}],"predecessor-version":[{"id":77796,"href":"https:\/\/www.rjmodels.com.hk\/fr\/wp-json\/wp\/v2\/pages\/521\/revisions\/77796"}],"wp:attachment":[{"href":"https:\/\/www.rjmodels.com.hk\/fr\/wp-json\/wp\/v2\/media?parent=521"}],"curies":[{"name":"wp","href":"https:\/\/api.w.org\/{rel}","templated":true}]}}