{"id":2564,"date":"2018-06-05T06:19:20","date_gmt":"2018-06-05T06:19:40","guid":{"rendered":"https:\/\/www.rjmodels.com.hk\/?page_id=2564"},"modified":"2025-06-25T09:06:43","modified_gmt":"2025-06-25T09:06:43","slug":"modele-architectural","status":"publish","type":"page","link":"https:\/\/www.rjmodels.com.hk\/fr\/modele-architectural\/","title":{"rendered":"Mod\u00e8les architecturaux"},"content":{"rendered":"<a href=\"https:\/\/www.rjmodels.com.hk\/fr\/modeles-de-plans-directeurs\/\" target=\"_self\" itemprop=\"url\">\n\t\t\t\t<img loading=\"lazy\" decoding=\"async\" src=\"https:\/\/www.rjmodels.com.hk\/wp-content\/uploads\/2021\/09\/Master-Plan-Model.jpg\" alt=\"Mod\u00e8le de plan directeur\" itemprop=\"image\" height=\"250\" width=\"355\" title=\"Mod\u00e8le de plan directeur\" onerror=\"this.style.display='none'\"  \/>\n\t\t\t\t<\/a>\n\t\tMod\u00e8le de plan directeur\n\t\t\t\t<a href=\"https:\/\/www.rjmodels.com.hk\/fr\/modeles-dimmeubles-de-bureaux\/\" target=\"_self\" itemprop=\"url\">\n\t\t\t\t<img loading=\"lazy\" decoding=\"async\" src=\"https:\/\/www.rjmodels.com.hk\/wp-content\/uploads\/2021\/09\/Office-Building-Model.jpg\" alt=\"Mod\u00e8le d&#039;immeuble de bureaux\" itemprop=\"image\" height=\"250\" width=\"355\" title=\"Mod\u00e8le d&#039;immeuble de bureaux\" onerror=\"this.style.display='none'\"  \/>\n\t\t\t\t<\/a>\n\t\tMod\u00e8le d'immeuble de bureaux\n\t\t\t\t<a href=\"https:\/\/www.rjmodels.com.hk\/fr\/modeles-de-batiments-residentiels\/\" target=\"_self\" itemprop=\"url\">\n\t\t\t\t<img loading=\"lazy\" decoding=\"async\" src=\"https:\/\/www.rjmodels.com.hk\/wp-content\/uploads\/2021\/09\/Residential-Building-Model.jpg\" alt=\"Mod\u00e8le de b\u00e2timent r\u00e9sidentiel\" itemprop=\"image\" height=\"250\" width=\"355\" title=\"Mod\u00e8le de b\u00e2timent r\u00e9sidentiel\" onerror=\"this.style.display='none'\"  \/>\n\t\t\t\t<\/a>\n\t\tMod\u00e8le de b\u00e2timent r\u00e9sidentiel\n\t\t\t\t<a href=\"\/fr\/modele-daeroport\/\" target=\"_self\" itemprop=\"url\">\n\t\t\t\t<img loading=\"lazy\" decoding=\"async\" src=\"https:\/\/www.rjmodels.com.hk\/wp-content\/uploads\/2021\/09\/Airport-Model.jpg\" alt=\"Mod\u00e8le d&#039;a\u00e9roport\" itemprop=\"image\" height=\"250\" width=\"355\" title=\"Mod\u00e8le d&#039;a\u00e9roport\" onerror=\"this.style.display='none'\"  \/>\n\t\t\t\t<\/a>\n\t\tMod\u00e8le d'a\u00e9roport\n\t\t\t\t<a href=\"\/fr\/modele-de-stade\/\" target=\"_self\" itemprop=\"url\">\n\t\t\t\t<img loading=\"lazy\" decoding=\"async\" src=\"https:\/\/www.rjmodels.com.hk\/wp-content\/uploads\/2021\/09\/Stadium-Model.jpg\" alt=\"Mod\u00e8le de stade\" itemprop=\"image\" height=\"250\" width=\"355\" title=\"Mod\u00e8le de stade\" onerror=\"this.style.display='none'\"  \/>\n\t\t\t\t<\/a>\n\t\tMod\u00e8le de stade\n\t\t\t\t<a href=\"\/fr\/modele-dhotel\/\" target=\"_self\" itemprop=\"url\">\n\t\t\t\t<img loading=\"lazy\" decoding=\"async\" src=\"https:\/\/www.rjmodels.com.hk\/wp-content\/uploads\/2021\/09\/Hotel-Model.jpg\" alt=\"Mod\u00e8le d&#039;h\u00f4tel\" itemprop=\"image\" height=\"250\" width=\"355\" title=\"Mod\u00e8le d&#039;h\u00f4tel\" onerror=\"this.style.display='none'\"  \/>\n\t\t\t\t<\/a>\n\t\tMod\u00e8le d'h\u00f4tel\n\t\t\t\t<a href=\"\/fr\/modeles-de-centres-commerciaux\/\" target=\"_self\" itemprop=\"url\">\n\t\t\t\t<img loading=\"lazy\" decoding=\"async\" src=\"https:\/\/www.rjmodels.com.hk\/wp-content\/uploads\/2021\/09\/Shopping-Mall-Model.jpg\" alt=\"Mod\u00e8le de centre commercial\" itemprop=\"image\" height=\"250\" width=\"355\" title=\"Mod\u00e8le de centre commercial\" onerror=\"this.style.display='none'\"  \/>\n\t\t\t\t<\/a>\n\t\tMod\u00e8le de centre commercial\n\t\t\t\t<a href=\"\/fr\/modele-interieur\/\" target=\"_self\" itemprop=\"url\">\n\t\t\t\t<img loading=\"lazy\" decoding=\"async\" src=\"https:\/\/www.rjmodels.com.hk\/wp-content\/uploads\/2021\/09\/Interior-Model.jpg\" alt=\"Maquette d&#039;int\u00e9rieur, maquettes d&#039;int\u00e9rieur\" itemprop=\"image\" height=\"250\" width=\"355\" title=\"Mod\u00e8le d&#039;int\u00e9rieur\" onerror=\"this.style.display='none'\"  \/>\n\t\t\t\t<\/a>\n\t\tMod\u00e8le d'int\u00e9rieur\n\t\t\t\t<a href=\"\/fr\/modele-de-villa\/\" target=\"_self\" itemprop=\"url\">\n\t\t\t\t<img loading=\"lazy\" decoding=\"async\" src=\"https:\/\/www.rjmodels.com.hk\/wp-content\/uploads\/2023\/08\/cover.jpg\" alt=\"Mod\u00e8le de villa\" itemprop=\"image\" height=\"250\" width=\"355\" title=\"Mod\u00e8le de villa\" onerror=\"this.style.display='none'\"  \/>\n\t\t\t\t<\/a>\n\t\tMod\u00e8le de villa\n\t\t\t\t<a href=\"\/fr\/modele-de-parc-a-theme\/\" target=\"_self\" itemprop=\"url\">\n\t\t\t\t<img loading=\"lazy\" decoding=\"async\" src=\"https:\/\/www.rjmodels.com.hk\/wp-content\/uploads\/2021\/09\/Theme-Park-Model.jpg\" alt=\"Mod\u00e8le de parc \u00e0 th\u00e8me\" itemprop=\"image\" height=\"250\" width=\"355\" title=\"Mod\u00e8le de parc \u00e0 th\u00e8me\" onerror=\"this.style.display='none'\"  \/>\n\t\t\t\t<\/a>\n\t\tMod\u00e8le de parc \u00e0 th\u00e8me\n\t\t\t\t<a href=\"\/fr\/modele-de-musee\/\" target=\"_self\" itemprop=\"url\">\n\t\t\t\t<img loading=\"lazy\" decoding=\"async\" src=\"https:\/\/www.rjmodels.com.hk\/wp-content\/uploads\/2021\/09\/Museum-Model.jpg\" alt=\"Mod\u00e8le de mus\u00e9e\" itemprop=\"image\" height=\"250\" width=\"355\" title=\"Mod\u00e8le de mus\u00e9e\" onerror=\"this.style.display='none'\"  \/>\n\t\t\t\t<\/a>\n\t\tMod\u00e8le de mus\u00e9e\n\t\t\t\t<a href=\"\/fr\/modele-de-paysage\/\" target=\"_self\" itemprop=\"url\">\n\t\t\t\t<img loading=\"lazy\" decoding=\"async\" src=\"https:\/\/www.rjmodels.com.hk\/wp-content\/uploads\/2021\/09\/12.Landscape-Model-1.jpg\" alt=\"Mod\u00e8le de paysage\" itemprop=\"image\" height=\"249\" width=\"350\" title=\"Mod\u00e8le de paysage\" onerror=\"this.style.display='none'\"  \/>\n\t\t\t\t<\/a>\n\t\tMod\u00e8le de paysage\n\t\t\t\t<a href=\"\/fr\/modele-industriel\/\" target=\"_self\" itemprop=\"url\">\n\t\t\t\t<img loading=\"lazy\" decoding=\"async\" src=\"https:\/\/www.rjmodels.com.hk\/wp-content\/uploads\/2021\/09\/Industrial-Model.jpg\" alt=\"Mod\u00e8le industriel\" itemprop=\"image\" height=\"250\" width=\"355\" title=\"Mod\u00e9liste industriel\" onerror=\"this.style.display='none'\"  \/>\n\t\t\t\t<\/a>\n\t\tMod\u00e8le industriel\n\t\t\t\t<a href=\"https:\/\/www.rjmodels.com.hk\/fr\/modele-de-pont\/\" target=\"_self\" itemprop=\"url\">\n\t\t\t\t<img loading=\"lazy\" decoding=\"async\" src=\"https:\/\/www.rjmodels.com.hk\/wp-content\/uploads\/2021\/09\/Bridge-Model.jpg\" alt=\"Mod\u00e8le de pont\" itemprop=\"image\" height=\"250\" width=\"355\" title=\"Mod\u00e8le de pont\" onerror=\"this.style.display='none'\"  \/>\n\t\t\t\t<\/a>\n\t\tMod\u00e8le de pont\n\t\t\t\t<a href=\"https:\/\/www.rjmodels.com.hk\/fr\/cruise+terminal+modele\/\" target=\"_self\" itemprop=\"url\">\n\t\t\t\t<img loading=\"lazy\" decoding=\"async\" src=\"https:\/\/www.rjmodels.com.hk\/wp-content\/uploads\/2021\/09\/Cruise-Terminal-Model.jpg\" alt=\"Mod\u00e8le de terminal de croisi\u00e8re\" itemprop=\"image\" height=\"250\" width=\"355\" title=\"Mod\u00e8le de terminal de croisi\u00e8re\" onerror=\"this.style.display='none'\"  \/>\n\t\t\t\t<\/a>\n\t\tMod\u00e8le de terminal de croisi\u00e8re\n\t\t\t\t<a href=\"\/fr\/modele-de-chantier-naval\/\" target=\"_self\" itemprop=\"url\">\n\t\t\t\t<img loading=\"lazy\" decoding=\"async\" src=\"https:\/\/www.rjmodels.com.hk\/wp-content\/uploads\/2021\/09\/16.Shipyard-Model-1.jpg\" alt=\"Mod\u00e8le de chantier naval\" itemprop=\"image\" height=\"250\" width=\"355\" title=\"Mod\u00e8le de chantier naval\" onerror=\"this.style.display='none'\"  \/>\n\t\t\t\t<\/a>\n\t\tMod\u00e8le de chantier naval\n\t\t\t\t<a href=\"\/fr\/modeles-de-mosquees\/\" target=\"_self\" itemprop=\"url\">\n\t\t\t\t<img loading=\"lazy\" decoding=\"async\" src=\"https:\/\/www.rjmodels.com.hk\/wp-content\/uploads\/2021\/09\/17.-Mosque-Model.jpg\" alt=\"Mod\u00e8le de mosqu\u00e9e\" itemprop=\"image\" height=\"250\" width=\"355\" title=\"Mod\u00e8le de mosqu\u00e9e\" onerror=\"this.style.display='none'\"  \/>\n\t\t\t\t<\/a>\n\t\tMod\u00e8le de mosqu\u00e9e\n\t\t\t\t<a href=\"\/fr\/modele-hospitalier\/\" target=\"_self\" itemprop=\"url\">\n\t\t\t\t<img loading=\"lazy\" decoding=\"async\" src=\"https:\/\/www.rjmodels.com.hk\/wp-content\/uploads\/2021\/09\/Hospital-Model.jpg\" alt=\"Mod\u00e8le d&#039;h\u00f4pital\" itemprop=\"image\" height=\"250\" width=\"355\" title=\"Mod\u00e8le d&#039;h\u00f4pital\" onerror=\"this.style.display='none'\"  \/>\n\t\t\t\t<\/a>\n\t\tMod\u00e8le d'h\u00f4pital\n\t\t\t\t<a href=\"\/fr\/maquette-architecturale-de-lecole\/\" target=\"_self\" itemprop=\"url\">\n\t\t\t\t<img loading=\"lazy\" decoding=\"async\" src=\"https:\/\/www.rjmodels.com.hk\/wp-content\/uploads\/2021\/09\/19.School-Model-1.jpg\" alt=\"Mod\u00e8le d&#039;\u00e9cole\" itemprop=\"image\" height=\"250\" width=\"355\" title=\"Mod\u00e8le d&#039;\u00e9cole\" onerror=\"this.style.display='none'\"  \/>\n\t\t\t\t<\/a>\n\t\tMod\u00e8le d'\u00e9cole\n\t\t\t\t<a href=\"\/fr\/modele-architectural-de-facade\/\" target=\"_self\" itemprop=\"url\">\n\t\t\t\t<img loading=\"lazy\" decoding=\"async\" src=\"https:\/\/www.rjmodels.com.hk\/wp-content\/uploads\/2021\/09\/20.-Facade-Architectural-Model-1-1.jpg\" alt=\"Mod\u00e8le architectural de fa\u00e7ade\" itemprop=\"image\" height=\"250\" width=\"355\" title=\"Mod\u00e8le architectural de fa\u00e7ade\" onerror=\"this.style.display='none'\"  \/>\n\t\t\t\t<\/a>\n\t\tMod\u00e8le architectural de fa\u00e7ade\n\t\t\t\t<a href=\"\/fr\/section-modele-architectural\/\" target=\"_self\" itemprop=\"url\">\n\t\t\t\t<img loading=\"lazy\" decoding=\"async\" src=\"https:\/\/www.rjmodels.com.hk\/wp-content\/uploads\/2021\/09\/21.-Section-Architectural-Model-1-1.jpg\" alt=\"Section Mod\u00e8le architectural\" itemprop=\"image\" height=\"250\" width=\"355\" title=\"Section Mod\u00e8le architectural\" onerror=\"this.style.display='none'\"  \/>\n\t\t\t\t<\/a>\n\t\tSection Mod\u00e8le architectural\n\t\t\t\t<a href=\"\/fr\/modele-darchitecture-blanche\/\" target=\"_self\" itemprop=\"url\">\n\t\t\t\t<img loading=\"lazy\" decoding=\"async\" src=\"https:\/\/www.rjmodels.com.hk\/wp-content\/uploads\/2021\/09\/22.-White-Architectural-Model-1.jpg\" alt=\"Mod\u00e8le architectural blanc\" itemprop=\"image\" height=\"250\" width=\"355\" title=\"Mod\u00e8le architectural blanc\" onerror=\"this.style.display='none'\"  \/>\n\t\t\t\t<\/a>\n\t\tMod\u00e8le architectural blanc\n\t\t\t\t<a href=\"\/fr\/modele-architectural-en-bois\/\" target=\"_self\" itemprop=\"url\">\n\t\t\t\t<img loading=\"lazy\" decoding=\"async\" src=\"https:\/\/www.rjmodels.com.hk\/wp-content\/uploads\/2021\/09\/23.-Wooden-architectural-models-1.jpg\" alt=\"Mod\u00e8les architecturaux en bois\" itemprop=\"image\" height=\"251\" width=\"355\" title=\"Mod\u00e8les architecturaux en bois\" onerror=\"this.style.display='none'\"  \/>\n\t\t\t\t<\/a>\n\t\tMod\u00e8les architecturaux en bois\n\t\t\t\t<a href=\"\/fr\/service-de-modeles-architecturaux-imprimes-en-3d\/\" target=\"_self\" itemprop=\"url\">\n\t\t\t\t<img loading=\"lazy\" decoding=\"async\" src=\"https:\/\/www.rjmodels.com.hk\/wp-content\/uploads\/2021\/09\/24.-3D-printed-architectural-model-1.jpg\" alt=\"Mod\u00e8le architectural imprim\u00e9 en 3D\" itemprop=\"image\" height=\"250\" width=\"355\" title=\"Mod\u00e8le architectural imprim\u00e9 en 3D\" onerror=\"this.style.display='none'\"  \/>\n\t\t\t\t<\/a>\n\t\tMod\u00e8le architectural imprim\u00e9 en 3D","protected":false},"excerpt":{"rendered":"<p>Master Plan Model Office Building Model Residential Building Model Airport Model Stadium Model Hotel Model Shopping Mall Model Interior Model Villa Model Theme Park Model Museum Model Landscape Model Industrial Model Bridge Model Cruise Terminal Model Shipyard Model Mosque Model Hospital Model School Model Facade Architectural Model Section Architectural Model White Architectural Model Wooden Architectural [&hellip;]<\/p>\n","protected":false},"author":2,"featured_media":0,"parent":0,"menu_order":112,"comment_status":"closed","ping_status":"closed","template":"","meta":{"_acf_changed":false,"site-sidebar-layout":"default","site-content-layout":"default","ast-site-content-layout":"default","site-content-style":"default","site-sidebar-style":"default","ast-global-header-display":"","ast-banner-title-visibility":"","ast-main-header-display":"","ast-hfb-above-header-display":"","ast-hfb-below-header-display":"","ast-hfb-mobile-header-display":"","site-post-title":"","ast-breadcrumbs-content":"","ast-featured-img":"","footer-sml-layout":"","theme-transparent-header-meta":"default","adv-header-id-meta":"","stick-header-meta":"default","header-above-stick-meta":"","header-main-stick-meta":"","header-below-stick-meta":"","astra-migrate-meta-layouts":"default","ast-page-background-enabled":"default","ast-page-background-meta":{"desktop":{"background-color":"","background-image":"","background-repeat":"repeat","background-position":"center center","background-size":"auto","background-attachment":"scroll","background-type":"","background-media":"","overlay-type":"","overlay-color":"","overlay-opacity":"","overlay-gradient":""},"tablet":{"background-color":"","background-image":"","background-repeat":"repeat","background-position":"center center","background-size":"auto","background-attachment":"scroll","background-type":"","background-media":"","overlay-type":"","overlay-color":"","overlay-opacity":"","overlay-gradient":""},"mobile":{"background-color":"","background-image":"","background-repeat":"repeat","background-position":"center center","background-size":"auto","background-attachment":"scroll","background-type":"","background-media":"","overlay-type":"","overlay-color":"","overlay-opacity":"","overlay-gradient":""}},"ast-content-background-meta":{"desktop":{"background-color":"var(--ast-global-color-5)","background-image":"","background-repeat":"repeat","background-position":"center center","background-size":"auto","background-attachment":"scroll","background-type":"","background-media":"","overlay-type":"","overlay-color":"","overlay-opacity":"","overlay-gradient":""},"tablet":{"background-color":"var(--ast-global-color-5)","background-image":"","background-repeat":"repeat","background-position":"center center","background-size":"auto","background-attachment":"scroll","background-type":"","background-media":"","overlay-type":"","overlay-color":"","overlay-opacity":"","overlay-gradient":""},"mobile":{"background-color":"var(--ast-global-color-5)","background-image":"","background-repeat":"repeat","background-position":"center center","background-size":"auto","background-attachment":"scroll","background-type":"","background-media":"","overlay-type":"","overlay-color":"","overlay-opacity":"","overlay-gradient":""}},"footnotes":""},"class_list":["post-2564","page","type-page","status-publish","hentry"],"acf":[],"yoast_head":"<!-- This site is optimized with the Yoast SEO plugin v27.3 - https:\/\/yoast.com\/product\/yoast-seo-wordpress\/ -->\n<title>Architectural Model Gallery<\/title>\n<meta name=\"description\" content=\"Architectural Model Gallery. RJ Models has a team of architectural model maker you can trust as we understand the importance of your designs.\" \/>\n<meta name=\"robots\" content=\"index, follow, max-snippet:-1, max-image-preview:large, max-video-preview:-1\" \/>\n<link rel=\"canonical\" href=\"https:\/\/www.rjmodels.com.hk\/fr\/modele-architectural\/\" \/>\n<meta property=\"og:locale\" content=\"fr_FR\" \/>\n<meta property=\"og:type\" content=\"article\" \/>\n<meta property=\"og:title\" content=\"Architectural Model Gallery\" \/>\n<meta property=\"og:description\" content=\"Architectural Model Gallery. RJ Models has a team of architectural model maker you can trust as we understand the importance of your designs.\" \/>\n<meta property=\"og:url\" content=\"https:\/\/www.rjmodels.com.hk\/fr\/modele-architectural\/\" \/>\n<meta property=\"og:site_name\" content=\"RJ Models\" \/>\n<meta property=\"article:publisher\" content=\"https:\/\/www.facebook.com\/rjmodelmaking\" \/>\n<meta property=\"article:modified_time\" content=\"2025-06-25T09:06:43+00:00\" \/>\n<meta property=\"og:image\" content=\"https:\/\/www.rjmodels.com.hk\/wp-content\/uploads\/2021\/09\/Master-Plan-Model.jpg\" \/>\n<meta name=\"twitter:card\" content=\"summary_large_image\" \/>\n<meta name=\"twitter:label1\" content=\"Dur\u00e9e de lecture estim\u00e9e\" \/>\n\t<meta name=\"twitter:data1\" content=\"6 minutes\" \/>\n<script type=\"application\/ld+json\" class=\"yoast-schema-graph\">{\"@context\":\"https:\\\/\\\/schema.org\",\"@graph\":[{\"@type\":\"WebPage\",\"@id\":\"https:\\\/\\\/www.rjmodels.com.hk\\\/architectural-model\\\/\",\"url\":\"https:\\\/\\\/www.rjmodels.com.hk\\\/architectural-model\\\/\",\"name\":\"Architectural Model Gallery\",\"isPartOf\":{\"@id\":\"https:\\\/\\\/www.rjmodels.com.hk\\\/#website\"},\"primaryImageOfPage\":{\"@id\":\"https:\\\/\\\/www.rjmodels.com.hk\\\/architectural-model\\\/#primaryimage\"},\"image\":{\"@id\":\"https:\\\/\\\/www.rjmodels.com.hk\\\/architectural-model\\\/#primaryimage\"},\"thumbnailUrl\":\"https:\\\/\\\/www.rjmodels.com.hk\\\/wp-content\\\/uploads\\\/2021\\\/09\\\/Master-Plan-Model.jpg\",\"datePublished\":\"2018-06-05T06:19:40+00:00\",\"dateModified\":\"2025-06-25T09:06:43+00:00\",\"description\":\"Architectural Model Gallery. RJ Models has a team of architectural model maker you can trust as we understand the importance of your designs.\",\"breadcrumb\":{\"@id\":\"https:\\\/\\\/www.rjmodels.com.hk\\\/architectural-model\\\/#breadcrumb\"},\"inLanguage\":\"fr-FR\",\"potentialAction\":[{\"@type\":\"ReadAction\",\"target\":[\"https:\\\/\\\/www.rjmodels.com.hk\\\/architectural-model\\\/\"]}]},{\"@type\":\"ImageObject\",\"inLanguage\":\"fr-FR\",\"@id\":\"https:\\\/\\\/www.rjmodels.com.hk\\\/architectural-model\\\/#primaryimage\",\"url\":\"https:\\\/\\\/www.rjmodels.com.hk\\\/wp-content\\\/uploads\\\/2021\\\/09\\\/Master-Plan-Model.jpg\",\"contentUrl\":\"https:\\\/\\\/www.rjmodels.com.hk\\\/wp-content\\\/uploads\\\/2021\\\/09\\\/Master-Plan-Model.jpg\"},{\"@type\":\"BreadcrumbList\",\"@id\":\"https:\\\/\\\/www.rjmodels.com.hk\\\/architectural-model\\\/#breadcrumb\",\"itemListElement\":[{\"@type\":\"ListItem\",\"position\":1,\"name\":\"Home\",\"item\":\"https:\\\/\\\/www.rjmodels.com.hk\\\/\"},{\"@type\":\"ListItem\",\"position\":2,\"name\":\"Architectural Models\"}]},{\"@type\":\"WebSite\",\"@id\":\"https:\\\/\\\/www.rjmodels.com.hk\\\/#website\",\"url\":\"https:\\\/\\\/www.rjmodels.com.hk\\\/\",\"name\":\"RJ Models\",\"description\":\"\",\"publisher\":{\"@id\":\"https:\\\/\\\/www.rjmodels.com.hk\\\/#organization\"},\"potentialAction\":[{\"@type\":\"SearchAction\",\"target\":{\"@type\":\"EntryPoint\",\"urlTemplate\":\"https:\\\/\\\/www.rjmodels.com.hk\\\/?s={search_term_string}\"},\"query-input\":{\"@type\":\"PropertyValueSpecification\",\"valueRequired\":true,\"valueName\":\"search_term_string\"}}],\"inLanguage\":\"fr-FR\"},{\"@type\":\"Organization\",\"@id\":\"https:\\\/\\\/www.rjmodels.com.hk\\\/#organization\",\"name\":\"RJ Models\",\"url\":\"https:\\\/\\\/www.rjmodels.com.hk\\\/\",\"logo\":{\"@type\":\"ImageObject\",\"inLanguage\":\"fr-FR\",\"@id\":\"https:\\\/\\\/www.rjmodels.com.hk\\\/#\\\/schema\\\/logo\\\/image\\\/\",\"url\":\"https:\\\/\\\/www.rjmodels.com.hk\\\/wp-content\\\/uploads\\\/2021\\\/11\\\/cropped-logo-12.png\",\"contentUrl\":\"https:\\\/\\\/www.rjmodels.com.hk\\\/wp-content\\\/uploads\\\/2021\\\/11\\\/cropped-logo-12.png\",\"width\":681,\"height\":162,\"caption\":\"RJ Models\"},\"image\":{\"@id\":\"https:\\\/\\\/www.rjmodels.com.hk\\\/#\\\/schema\\\/logo\\\/image\\\/\"},\"sameAs\":[\"https:\\\/\\\/www.facebook.com\\\/rjmodelmaking\"]}]}<\/script>\n<!-- \/ Yoast SEO plugin. -->","yoast_head_json":{"title":"Galerie de mod\u00e8les architecturaux","description":"Galerie de mod\u00e8les architecturaux. RJ Models dispose d'une \u00e9quipe de maquettistes architecturaux en qui vous pouvez avoir confiance, car nous comprenons l'importance de vos conceptions.","robots":{"index":"index","follow":"follow","max-snippet":"max-snippet:-1","max-image-preview":"max-image-preview:large","max-video-preview":"max-video-preview:-1"},"canonical":"https:\/\/www.rjmodels.com.hk\/fr\/modele-architectural\/","og_locale":"fr_FR","og_type":"article","og_title":"Architectural Model Gallery","og_description":"Architectural Model Gallery. RJ Models has a team of architectural model maker you can trust as we understand the importance of your designs.","og_url":"https:\/\/www.rjmodels.com.hk\/fr\/modele-architectural\/","og_site_name":"RJ Models","article_publisher":"https:\/\/www.facebook.com\/rjmodelmaking","article_modified_time":"2025-06-25T09:06:43+00:00","og_image":[{"url":"https:\/\/www.rjmodels.com.hk\/wp-content\/uploads\/2021\/09\/Master-Plan-Model.jpg","type":"","width":"","height":""}],"twitter_card":"summary_large_image","twitter_misc":{"Dur\u00e9e de lecture estim\u00e9e":"6 minutes"},"schema":{"@context":"https:\/\/schema.org","@graph":[{"@type":"WebPage","@id":"https:\/\/www.rjmodels.com.hk\/architectural-model\/","url":"https:\/\/www.rjmodels.com.hk\/architectural-model\/","name":"Galerie de mod\u00e8les architecturaux","isPartOf":{"@id":"https:\/\/www.rjmodels.com.hk\/#website"},"primaryImageOfPage":{"@id":"https:\/\/www.rjmodels.com.hk\/architectural-model\/#primaryimage"},"image":{"@id":"https:\/\/www.rjmodels.com.hk\/architectural-model\/#primaryimage"},"thumbnailUrl":"https:\/\/www.rjmodels.com.hk\/wp-content\/uploads\/2021\/09\/Master-Plan-Model.jpg","datePublished":"2018-06-05T06:19:40+00:00","dateModified":"2025-06-25T09:06:43+00:00","description":"Galerie de mod\u00e8les architecturaux. RJ Models dispose d'une \u00e9quipe de maquettistes architecturaux en qui vous pouvez avoir confiance, car nous comprenons l'importance de vos conceptions.","breadcrumb":{"@id":"https:\/\/www.rjmodels.com.hk\/architectural-model\/#breadcrumb"},"inLanguage":"fr-FR","potentialAction":[{"@type":"ReadAction","target":["https:\/\/www.rjmodels.com.hk\/architectural-model\/"]}]},{"@type":"ImageObject","inLanguage":"fr-FR","@id":"https:\/\/www.rjmodels.com.hk\/architectural-model\/#primaryimage","url":"https:\/\/www.rjmodels.com.hk\/wp-content\/uploads\/2021\/09\/Master-Plan-Model.jpg","contentUrl":"https:\/\/www.rjmodels.com.hk\/wp-content\/uploads\/2021\/09\/Master-Plan-Model.jpg"},{"@type":"BreadcrumbList","@id":"https:\/\/www.rjmodels.com.hk\/architectural-model\/#breadcrumb","itemListElement":[{"@type":"ListItem","position":1,"name":"Home","item":"https:\/\/www.rjmodels.com.hk\/"},{"@type":"ListItem","position":2,"name":"Architectural Models"}]},{"@type":"WebSite","@id":"https:\/\/www.rjmodels.com.hk\/#website","url":"https:\/\/www.rjmodels.com.hk\/","name":"Mod\u00e8les RJ","description":"","publisher":{"@id":"https:\/\/www.rjmodels.com.hk\/#organization"},"potentialAction":[{"@type":"SearchAction","target":{"@type":"EntryPoint","urlTemplate":"https:\/\/www.rjmodels.com.hk\/?s={search_term_string}"},"query-input":{"@type":"PropertyValueSpecification","valueRequired":true,"valueName":"search_term_string"}}],"inLanguage":"fr-FR"},{"@type":"Organization","@id":"https:\/\/www.rjmodels.com.hk\/#organization","name":"Mod\u00e8les RJ","url":"https:\/\/www.rjmodels.com.hk\/","logo":{"@type":"ImageObject","inLanguage":"fr-FR","@id":"https:\/\/www.rjmodels.com.hk\/#\/schema\/logo\/image\/","url":"https:\/\/www.rjmodels.com.hk\/wp-content\/uploads\/2021\/11\/cropped-logo-12.png","contentUrl":"https:\/\/www.rjmodels.com.hk\/wp-content\/uploads\/2021\/11\/cropped-logo-12.png","width":681,"height":162,"caption":"RJ Models"},"image":{"@id":"https:\/\/www.rjmodels.com.hk\/#\/schema\/logo\/image\/"},"sameAs":["https:\/\/www.facebook.com\/rjmodelmaking"]}]}},"_links":{"self":[{"href":"https:\/\/www.rjmodels.com.hk\/fr\/wp-json\/wp\/v2\/pages\/2564","targetHints":{"allow":["GET"]}}],"collection":[{"href":"https:\/\/www.rjmodels.com.hk\/fr\/wp-json\/wp\/v2\/pages"}],"about":[{"href":"https:\/\/www.rjmodels.com.hk\/fr\/wp-json\/wp\/v2\/types\/page"}],"author":[{"embeddable":true,"href":"https:\/\/www.rjmodels.com.hk\/fr\/wp-json\/wp\/v2\/users\/2"}],"replies":[{"embeddable":true,"href":"https:\/\/www.rjmodels.com.hk\/fr\/wp-json\/wp\/v2\/comments?post=2564"}],"version-history":[{"count":0,"href":"https:\/\/www.rjmodels.com.hk\/fr\/wp-json\/wp\/v2\/pages\/2564\/revisions"}],"wp:attachment":[{"href":"https:\/\/www.rjmodels.com.hk\/fr\/wp-json\/wp\/v2\/media?parent=2564"}],"curies":[{"name":"wp","href":"https:\/\/api.w.org\/{rel}","templated":true}]}}