{"id":9104,"date":"2020-06-24T04:23:35","date_gmt":"2020-06-24T04:23:35","guid":{"rendered":"https:\/\/www.rjmodels.com.hk\/?page_id=9104"},"modified":"2026-02-23T09:52:30","modified_gmt":"2026-02-23T09:52:30","slug":"contacto","status":"publish","type":"page","link":"https:\/\/www.rjmodels.com.hk\/es\/contacto\/","title":{"rendered":"Contacto"},"content":{"rendered":"<h1>\n\t\tCont\u00e1ctanos ahora\n\t<\/h1>\n\t<p>Entregamos a su puerta m\u00e1s r\u00e1pido que sus fabricantes de modelos locales<\/p>\n<h2>\n\t\tComun\u00edquese con RJ Models hoy para descubrir c\u00f3mo podemos ayudarlo a hacer crecer su negocio.\n\t<\/h2>\n\t<p>Solicite un presupuesto GRATUITO y le responderemos en 24 horas.<\/p>\n\t<p>Contenido de 5 Pasos para Realizar tu Pedido con la Maqueta de Fabricaci\u00f3n<\/p>\n\t\t\t\t\t<a href=\"#\" id=\"fl-accordion--label-0\" tabindex=\"0\" aria-controls=\"fl-accordion--panel-0\">Citando<\/a>\n\t\t\t\t\t\t\t\t\t\t\t<a href=\"#\" id=\"fl-accordion--icon-0\" tabindex=\"0\" aria-controls=\"fl-accordion--panel-0\"><i>Colapsar<\/i><\/a>\n\t\t\t\t\t<p>Despu\u00e9s de recibir su requerimiento, le prepararemos una cotizaci\u00f3n completa del modelo a escala dentro de las 48 horas.<\/p>\n\t\t\t\t\t<a href=\"#\" id=\"fl-accordion--label-1\" tabindex=\"0\" aria-controls=\"fl-accordion--panel-1\">Documento de especificaciones del modelo.<\/a>\n\t\t\t\t\t\t\t\t\t\t\t<a href=\"#\" id=\"fl-accordion--icon-1\" tabindex=\"0\" aria-controls=\"fl-accordion--panel-1\"><i>Expandir<\/i><\/a>\n\t\t\t\t\t<p>Una vez confirmada la cotizaci\u00f3n, env\u00edenos nuevamente el dibujo final para garantizar el dise\u00f1o m\u00e1s actualizado.<\/p>\n\t\t\t\t\t<a href=\"#\" id=\"fl-accordion--label-2\" tabindex=\"0\" aria-controls=\"fl-accordion--panel-2\">Toma de muestras y confirmaci\u00f3n.<\/a>\n\t\t\t\t\t\t\t\t\t\t\t<a href=\"#\" id=\"fl-accordion--icon-2\" tabindex=\"0\" aria-controls=\"fl-accordion--panel-2\"><i>Expandir<\/i><\/a>\n\t\t\t\t\t<p>A continuaci\u00f3n realizaremos una muestra de parte del modelo a escala para vuestra aprobaci\u00f3n.<\/p>\n\t\t\t\t\t<a href=\"#\" id=\"fl-accordion--label-3\" tabindex=\"0\" aria-controls=\"fl-accordion--panel-3\">Fabricaci\u00f3n de modelos.<\/a>\n\t\t\t\t\t\t\t\t\t\t\t<a href=\"#\" id=\"fl-accordion--icon-3\" tabindex=\"0\" aria-controls=\"fl-accordion--panel-3\"><i>Expandir<\/i><\/a>\n\t\t\t\t\t<p>Adem\u00e1s, iniciaremos la construcci\u00f3n y enviaremos las fotos para su aprobaci\u00f3n durante el proceso y en los puntos clave. As\u00ed podremos recibir sus comentarios y aprobaci\u00f3n.<\/p>\n\t\t\t\t\t<a href=\"#\" id=\"fl-accordion--label-4\" tabindex=\"0\" aria-controls=\"fl-accordion--panel-4\">Acabado y Entrega.<\/a>\n\t\t\t\t\t\t\t\t\t\t\t<a href=\"#\" id=\"fl-accordion--icon-4\" tabindex=\"0\" aria-controls=\"fl-accordion--panel-4\"><i>Expandir<\/i><\/a>\n\t\t\t\t\t<p>Una vez que obtengamos su aprobaci\u00f3n final, entregamos e instalamos el modelo a escala en el lugar que usted solicit\u00f3.<\/p>\n\t<p>Para m\u00e1s detalles, puedes visitar nuestra p\u00e1gina de\u00a0<a href=\"\/es\/como-hacer-la-maqueta-arquitectonica\/\">procedure of architectural modal making.<\/a><\/p>\n<p>Para proporcionar una cotizaci\u00f3n para <strong>fabricaci\u00f3n de modelos arquitect\u00f3nicos<\/strong>RJ Models necesitar\u00e1 la siguiente informaci\u00f3n:<\/p>\n<p>1. Drawing of the model boundary with dimensions in PDF, JPG, or CAD.<\/p>\n<p>2. Floor plans and elevations of the buildings with dimensions in PDF, JPG, CAD or 3D file.<\/p>\n<p>3. Expected scale or model size.<\/p>\n<p>4. Renderings for reference (if any).<\/p>\n<p>5. Delivery and installation destinations.<\/p>\n<p>6. Expected completion date.<\/p>\n<p>7. You might select similar <a href=\"https:\/\/www.rjmodels.com.hk\/es\/modelo-arquitectonico\/\">fotos de modelos arquitect\u00f3nicos<\/a> para el efecto de modelo esperado.<\/p>\n<p>&nbsp;<\/p>\n<h2>\n\t\tUbicaciones de oficinas de RJ Models en todo el mundo\n\t<\/h2>\n\t\t\t\t<img loading=\"lazy\" decoding=\"async\" src=\"https:\/\/www.rjmodels.com.hk\/wp-content\/uploads\/2020\/06\/hong-kong.png\" alt=\"Hong Kong\" itemprop=\"image\" height=\"142\" width=\"142\" title=\"Hong Kong\" onerror=\"this.style.display='none'\"  \/>\n\t\t<h4>Oficina de Hong Kong<\/h4>\t\t\n\t\t\tPiso B, 18.\u00ba piso, Two Chinachem Plaza, 68 Connaught Road Central, Hong Kong<br \/>\nTel\u00e9fono: <a href=\"tel:(+852) 2557 0201\">(+852) 6948 4927<\/a><br \/>\nWhatsApp: <a href=\"Fax: (+971 4) 3471727\"> (+86) 13902468179<\/a><br \/>\nCorreo electr\u00f3nico: <a href=\"mailto:marketing@rjmodels.com.hk\">marketing@rjmodels.com.hk<\/a>\n\t\t\t\t<img loading=\"lazy\" decoding=\"async\" src=\"https:\/\/www.rjmodels.com.hk\/wp-content\/uploads\/2020\/06\/China.png\" alt=\"Porcelana\" itemprop=\"image\" height=\"400\" width=\"400\" title=\"Porcelana\" onerror=\"this.style.display='none'\"  \/>\n\t\t<h4>Oficina en China<\/h4>\t\t\n\t\t\tEdificio 9, Zona Industrial Tang Tou, Parque Industrial 3, Shi Yan, Distrito Bao An, Ciudad Shen Zhen, Provincia de Guangdong, China<br \/>\nTel\u00e9fono: <a href=\"tel:(+86 755) 2951 4785\">(+86 755) 2951 4785<\/a><br \/>\nFax: <a href=\"tel:(+86 755) 2951 4885\">(+86 755) 2951 4885<\/a><br \/>\nCorreo electr\u00f3nico: <a href=\"mailto:marketing@rjmodels.com.hk\">marketing@rjmodels.com.hk<\/a>\n\t\t\t\t<img loading=\"lazy\" decoding=\"async\" src=\"https:\/\/www.rjmodels.com.hk\/wp-content\/uploads\/2020\/06\/dubai.png\" alt=\"Dub\u00e1i\" itemprop=\"image\" height=\"142\" width=\"142\" title=\"Dub\u00e1i\" onerror=\"this.style.display='none'\"  \/>\n\t\t<h4>U.A.E. Office (Dubai) <\/h4>\t\t\n\t\t\tAL Quoz Industrial Area, POBox: 54136, Dubai, Emiratos \u00c1rabes Unidos<br \/>\nTel\u00e9fono: <a href=\"Tel: (+971 4) 3474898\">(+971 4) 3474898<\/a><br \/>\nWhatsApp: <a href=\"Fax: (+971 4) 3471727\"> (+86) 13902468179<\/a><br \/>\nCorreo electr\u00f3nico: <a href=\"mailto:marketing@rjmodels.com.hk\">marketing@rjmodels.com.hk<\/a>\n\t\t\t\t<img loading=\"lazy\" decoding=\"async\" src=\"https:\/\/www.rjmodels.com.hk\/wp-content\/uploads\/2020\/06\/Turkey.png\" alt=\"Pavo\" itemprop=\"image\" height=\"400\" width=\"400\" title=\"Pavo\" onerror=\"this.style.display='none'\"  \/>\n\t\t<h4>Turkey Office (Instanbul)<\/h4>\t\t\n\t\t\tHazur Mah. Azerbaiy\u00e1n Caddesi No:4\/B 620<br \/>\nSky Premium Residence Sar\u0131yer \/ Estambul, Turkiye<br \/>\nTel\u00e9fono: <a href=\"tel:(+90) 212 500 4411\">(+90) 212 500 4411<\/a><br \/>\nWhatsApp: <a href=\"http:\/\/(+86) 13902468179\">(+86) 13902468179<\/a><br \/>\nCorreo electr\u00f3nico: <a href=\"mailto:marketing@rjmodels.com.hk\">marketing@rjmodels.com.hk<\/a>\n\t\t\t\t<img loading=\"lazy\" decoding=\"async\" src=\"https:\/\/www.rjmodels.com.hk\/wp-content\/uploads\/2020\/06\/indiaLocation.png\" alt=\"Ubicaci\u00f3n en India\" itemprop=\"image\" height=\"142\" width=\"142\" title=\"Ubicaci\u00f3n en India\" onerror=\"this.style.display='none'\"  \/>\n\t\t<h4>India Office (Mumbai) <\/h4>\t\t\n\t\t\t<p>101, Ganesh Krupa Building, Opp. Prabhodhan Thackeray, Shahajiraje Marg, Vile Parle East, Mumbai &#8211; 400 057.<\/p>\nTel\u00e9fono:<a href=\"http:\/\/(+86) 13902468179\">(+86) 13902468179<\/a><br \/>\nWhatsApp:\u00a0<a href=\"http:\/\/(+86) 13902468179\">(+86) 13902468179<\/a><a href=\"mailto:marketing@rjmodels.com.hk\"><br \/>\n<\/a>\n\t\t\t\t<img loading=\"lazy\" decoding=\"async\" src=\"https:\/\/www.rjmodels.com.hk\/wp-content\/uploads\/2025\/07\/Vietnam121.png\" alt=\"Architectural Model Makers in Vietnam\" itemprop=\"image\" height=\"400\" width=\"400\" title=\"Architectural Model Makers in Vietnam\" onerror=\"this.style.display='none'\"  \/>\n\t\t<h4>Vietnam Office (Hanoi)<\/h4>\t\t\n\t\t\t<p>3rd Floor &#8211; Viet Tower, No. 1 Thai Ha Street, Dong Da Ward, Hanoi, Vietnam 100000<\/p>\nTel\u00e9fono: <a href=\"http:\/\/(+84) 90 8688 222\">(+84) 90 8688 222<\/a><br \/>\nCorreo electr\u00f3nico: <a href=\"mailto:marketing@rjmodels.com.hk\">marketing@rjmodels.com.hk<\/a>\n<p>&nbsp;<\/p>\n\t\t\t\t<img loading=\"lazy\" decoding=\"async\" src=\"https:\/\/www.rjmodels.com.hk\/wp-content\/uploads\/bb-plugin\/cache\/\u672a231\u6807\u9898-2-circle-b5db1f9d8bfd189818d99b8cd154c838-.jpg\" alt=\"Fabricante de modelos arquitect\u00f3nicos en Rusia\" itemprop=\"image\" height=\"513\" width=\"513\" title=\"Fabricante de modelos arquitect\u00f3nicos en Rusia\" onerror=\"this.style.display='none'\"  \/>\n\t\t<h4>Russia Office (Moscow)<\/h4>\t\t\n\t\t\tMoscow, st. Svobody, 35\/5\nTel: <a href=\"http:\/\/(+7) 926 984 33 95\">(+7) 926 984 33 95<\/a><br \/>\nWhatsApp:\u00a0<a href=\"http:\/\/(+86)%2013902468179\/\">(+86) 13902468179<\/a><br \/>\nCorreo electr\u00f3nico: <a href=\"mailto:marketing@rjmodels.com.hk\">marketing@rjmodels.com.hk<\/a>\n\t\t\t\t<img loading=\"lazy\" decoding=\"async\" src=\"https:\/\/www.rjmodels.com.hk\/wp-content\/uploads\/bb-plugin\/cache\/contact-canada-circle-84704964d02238873747405bc9432d8f-.jpg\" alt=\"Contactar con Canad\u00e1\" itemprop=\"image\" height=\"513\" width=\"513\" title=\"Contactar con Canad\u00e1\" onerror=\"this.style.display='none'\"  \/>\n\t\t<h4>Oficina de Canad\u00e1 (Vancouver)<\/h4>\t\t\n\t\t\t9695 160A Street, Surrey, BC V4N 3K8\nTel: <a href=\"tel:(+1 778) 323 6332\">(+1 604) 600 9577<\/a><br \/>\nWhatsApp:\u00a0<a href=\"http:\/\/(+86) 13902468179\">(+86) 13902468179<\/a><br \/>\nCorreo electr\u00f3nico: <a href=\"mailto:marketing@rjmodels.com.hk\">marketing@rjmodels.com.hk<\/a>\n\t\t\t\t\n\t\t\t\t<img loading=\"lazy\" decoding=\"async\" src=\"https:\/\/www.rjmodels.com.hk\/wp-content\/uploads\/bb-plugin\/cache\/007-circle-1305dfb1fe0d7bf5561bb4f5313097ab-.jpg\" alt=\"Architectural Model Maker in lraq\" itemprop=\"image\" height=\"142\" width=\"142\" title=\"lraq\" onerror=\"this.style.display='none'\"  \/>\n\t\t<h4>Iraq office (Sulaymaniyah)<\/h4>\t\t\n\t\t\tSalim Street, Sulaymaniyah, Iraq.\nTel: <a href=\"http:\/\/+964 770 369 8869\">+964 770 369 8869<\/a><br \/>\nWhatsApp:\u00a0<a href=\"http:\/\/(+86) 13902468179\">(+86) 13902468179<\/a><br \/>\nCorreo electr\u00f3nico: <a href=\"mailto:marketing@rjmodels.com.hk\">marketing@rjmodels.com.hk<\/a>","protected":false},"excerpt":{"rendered":"<p>Contact us now We Deliver to Your Doorstep Faster than Your Local Model Makers Contact RJ Models Today to Find Out How We Can Help You Grow Your Buniness. Request a FREE Quote and We will Reply You Within 24 hours. Content of 5 Steps to Place Your Order with the Scale Model Making Quoting [&hellip;]<\/p>\n","protected":false},"author":2,"featured_media":0,"parent":0,"menu_order":4,"comment_status":"closed","ping_status":"closed","template":"","meta":{"_acf_changed":false,"site-sidebar-layout":"default","site-content-layout":"default","ast-site-content-layout":"default","site-content-style":"default","site-sidebar-style":"default","ast-global-header-display":"","ast-banner-title-visibility":"","ast-main-header-display":"","ast-hfb-above-header-display":"","ast-hfb-below-header-display":"","ast-hfb-mobile-header-display":"","site-post-title":"","ast-breadcrumbs-content":"","ast-featured-img":"","footer-sml-layout":"","theme-transparent-header-meta":"default","adv-header-id-meta":"","stick-header-meta":"default","header-above-stick-meta":"","header-main-stick-meta":"","header-below-stick-meta":"","astra-migrate-meta-layouts":"set","ast-page-background-enabled":"default","ast-page-background-meta":{"desktop":{"background-color":"","background-image":"","background-repeat":"repeat","background-position":"center center","background-size":"auto","background-attachment":"scroll","background-type":"","background-media":"","overlay-type":"","overlay-color":"","overlay-opacity":"","overlay-gradient":""},"tablet":{"background-color":"","background-image":"","background-repeat":"repeat","background-position":"center center","background-size":"auto","background-attachment":"scroll","background-type":"","background-media":"","overlay-type":"","overlay-color":"","overlay-opacity":"","overlay-gradient":""},"mobile":{"background-color":"","background-image":"","background-repeat":"repeat","background-position":"center center","background-size":"auto","background-attachment":"scroll","background-type":"","background-media":"","overlay-type":"","overlay-color":"","overlay-opacity":"","overlay-gradient":""}},"ast-content-background-meta":{"desktop":{"background-color":"var(--ast-global-color-5)","background-image":"","background-repeat":"repeat","background-position":"center center","background-size":"auto","background-attachment":"scroll","background-type":"","background-media":"","overlay-type":"","overlay-color":"","overlay-opacity":"","overlay-gradient":""},"tablet":{"background-color":"var(--ast-global-color-5)","background-image":"","background-repeat":"repeat","background-position":"center center","background-size":"auto","background-attachment":"scroll","background-type":"","background-media":"","overlay-type":"","overlay-color":"","overlay-opacity":"","overlay-gradient":""},"mobile":{"background-color":"var(--ast-global-color-5)","background-image":"","background-repeat":"repeat","background-position":"center center","background-size":"auto","background-attachment":"scroll","background-type":"","background-media":"","overlay-type":"","overlay-color":"","overlay-opacity":"","overlay-gradient":""}},"footnotes":""},"class_list":["post-9104","page","type-page","status-publish","hentry"],"acf":[],"yoast_head":"<!-- This site is optimized with the Yoast SEO plugin v27.5 - https:\/\/yoast.com\/product\/yoast-seo-wordpress\/ -->\n<title>Contact RJ Models Now<\/title>\n<meta name=\"description\" content=\"RJ Models Office Locations Around The Globe. We deliver to your doorstep faster than your local model makers. Contact RJ Models Now\" \/>\n<meta name=\"robots\" content=\"index, follow, max-snippet:-1, max-image-preview:large, max-video-preview:-1\" \/>\n<link rel=\"canonical\" href=\"https:\/\/www.rjmodels.com.hk\/es\/contacto\/\" \/>\n<meta property=\"og:locale\" content=\"es_ES\" \/>\n<meta property=\"og:type\" content=\"article\" \/>\n<meta property=\"og:title\" content=\"Contact RJ Models Now\" \/>\n<meta property=\"og:description\" content=\"RJ Models Office Locations Around The Globe. We deliver to your doorstep faster than your local model makers. Contact RJ Models Now\" \/>\n<meta property=\"og:url\" content=\"https:\/\/www.rjmodels.com.hk\/es\/contacto\/\" \/>\n<meta property=\"og:site_name\" content=\"RJ Models\" \/>\n<meta property=\"article:publisher\" content=\"https:\/\/www.facebook.com\/rjmodelmaking\" \/>\n<meta property=\"article:modified_time\" content=\"2026-02-23T09:52:30+00:00\" \/>\n<meta property=\"og:image\" content=\"https:\/\/www.rjmodels.com.hk\/wp-content\/uploads\/2020\/06\/hong-kong.png\" \/>\n<meta name=\"twitter:card\" content=\"summary_large_image\" \/>\n<meta name=\"twitter:label1\" content=\"Tiempo de lectura\" \/>\n\t<meta name=\"twitter:data1\" content=\"3 minutos\" \/>\n<script type=\"application\/ld+json\" class=\"yoast-schema-graph\">{\"@context\":\"https:\\\/\\\/schema.org\",\"@graph\":[{\"@type\":\"WebPage\",\"@id\":\"https:\\\/\\\/www.rjmodels.com.hk\\\/contact\\\/\",\"url\":\"https:\\\/\\\/www.rjmodels.com.hk\\\/contact\\\/\",\"name\":\"Contact RJ Models Now\",\"isPartOf\":{\"@id\":\"https:\\\/\\\/www.rjmodels.com.hk\\\/#website\"},\"primaryImageOfPage\":{\"@id\":\"https:\\\/\\\/www.rjmodels.com.hk\\\/contact\\\/#primaryimage\"},\"image\":{\"@id\":\"https:\\\/\\\/www.rjmodels.com.hk\\\/contact\\\/#primaryimage\"},\"thumbnailUrl\":\"https:\\\/\\\/www.rjmodels.com.hk\\\/wp-content\\\/uploads\\\/2020\\\/06\\\/hong-kong.png\",\"datePublished\":\"2020-06-24T04:23:35+00:00\",\"dateModified\":\"2026-02-23T09:52:30+00:00\",\"description\":\"RJ Models Office Locations Around The Globe. We deliver to your doorstep faster than your local model makers. Contact RJ Models Now\",\"breadcrumb\":{\"@id\":\"https:\\\/\\\/www.rjmodels.com.hk\\\/contact\\\/#breadcrumb\"},\"inLanguage\":\"es\",\"potentialAction\":[{\"@type\":\"ReadAction\",\"target\":[\"https:\\\/\\\/www.rjmodels.com.hk\\\/contact\\\/\"]}]},{\"@type\":\"ImageObject\",\"inLanguage\":\"es\",\"@id\":\"https:\\\/\\\/www.rjmodels.com.hk\\\/contact\\\/#primaryimage\",\"url\":\"https:\\\/\\\/www.rjmodels.com.hk\\\/wp-content\\\/uploads\\\/2020\\\/06\\\/hong-kong.png\",\"contentUrl\":\"https:\\\/\\\/www.rjmodels.com.hk\\\/wp-content\\\/uploads\\\/2020\\\/06\\\/hong-kong.png\"},{\"@type\":\"BreadcrumbList\",\"@id\":\"https:\\\/\\\/www.rjmodels.com.hk\\\/contact\\\/#breadcrumb\",\"itemListElement\":[{\"@type\":\"ListItem\",\"position\":1,\"name\":\"Home\",\"item\":\"https:\\\/\\\/www.rjmodels.com.hk\\\/\"},{\"@type\":\"ListItem\",\"position\":2,\"name\":\"Contact\"}]},{\"@type\":\"WebSite\",\"@id\":\"https:\\\/\\\/www.rjmodels.com.hk\\\/#website\",\"url\":\"https:\\\/\\\/www.rjmodels.com.hk\\\/\",\"name\":\"RJ Models\",\"description\":\"\",\"publisher\":{\"@id\":\"https:\\\/\\\/www.rjmodels.com.hk\\\/#organization\"},\"potentialAction\":[{\"@type\":\"SearchAction\",\"target\":{\"@type\":\"EntryPoint\",\"urlTemplate\":\"https:\\\/\\\/www.rjmodels.com.hk\\\/?s={search_term_string}\"},\"query-input\":{\"@type\":\"PropertyValueSpecification\",\"valueRequired\":true,\"valueName\":\"search_term_string\"}}],\"inLanguage\":\"es\"},{\"@type\":\"Organization\",\"@id\":\"https:\\\/\\\/www.rjmodels.com.hk\\\/#organization\",\"name\":\"RJ Models\",\"url\":\"https:\\\/\\\/www.rjmodels.com.hk\\\/\",\"logo\":{\"@type\":\"ImageObject\",\"inLanguage\":\"es\",\"@id\":\"https:\\\/\\\/www.rjmodels.com.hk\\\/#\\\/schema\\\/logo\\\/image\\\/\",\"url\":\"https:\\\/\\\/www.rjmodels.com.hk\\\/wp-content\\\/uploads\\\/2021\\\/11\\\/cropped-logo-12.png\",\"contentUrl\":\"https:\\\/\\\/www.rjmodels.com.hk\\\/wp-content\\\/uploads\\\/2021\\\/11\\\/cropped-logo-12.png\",\"width\":681,\"height\":162,\"caption\":\"RJ Models\"},\"image\":{\"@id\":\"https:\\\/\\\/www.rjmodels.com.hk\\\/#\\\/schema\\\/logo\\\/image\\\/\"},\"sameAs\":[\"https:\\\/\\\/www.facebook.com\\\/rjmodelmaking\"]}]}<\/script>\n<!-- \/ Yoast SEO plugin. -->","yoast_head_json":{"title":"Contacte con RJ Models ahora","description":"Oficinas de RJ Models en todo el mundo. Entregamos a domicilio m\u00e1s r\u00e1pido que sus maquetistas locales. Contacte con RJ Models ahora.","robots":{"index":"index","follow":"follow","max-snippet":"max-snippet:-1","max-image-preview":"max-image-preview:large","max-video-preview":"max-video-preview:-1"},"canonical":"https:\/\/www.rjmodels.com.hk\/es\/contacto\/","og_locale":"es_ES","og_type":"article","og_title":"Contact RJ Models Now","og_description":"RJ Models Office Locations Around The Globe. We deliver to your doorstep faster than your local model makers. Contact RJ Models Now","og_url":"https:\/\/www.rjmodels.com.hk\/es\/contacto\/","og_site_name":"RJ Models","article_publisher":"https:\/\/www.facebook.com\/rjmodelmaking","article_modified_time":"2026-02-23T09:52:30+00:00","og_image":[{"url":"https:\/\/www.rjmodels.com.hk\/wp-content\/uploads\/2020\/06\/hong-kong.png","type":"","width":"","height":""}],"twitter_card":"summary_large_image","twitter_misc":{"Tiempo de lectura":"3 minutos"},"schema":{"@context":"https:\/\/schema.org","@graph":[{"@type":"WebPage","@id":"https:\/\/www.rjmodels.com.hk\/contact\/","url":"https:\/\/www.rjmodels.com.hk\/contact\/","name":"Contacte con RJ Models ahora","isPartOf":{"@id":"https:\/\/www.rjmodels.com.hk\/#website"},"primaryImageOfPage":{"@id":"https:\/\/www.rjmodels.com.hk\/contact\/#primaryimage"},"image":{"@id":"https:\/\/www.rjmodels.com.hk\/contact\/#primaryimage"},"thumbnailUrl":"https:\/\/www.rjmodels.com.hk\/wp-content\/uploads\/2020\/06\/hong-kong.png","datePublished":"2020-06-24T04:23:35+00:00","dateModified":"2026-02-23T09:52:30+00:00","description":"Oficinas de RJ Models en todo el mundo. Entregamos a domicilio m\u00e1s r\u00e1pido que sus maquetistas locales. Contacte con RJ Models ahora.","breadcrumb":{"@id":"https:\/\/www.rjmodels.com.hk\/contact\/#breadcrumb"},"inLanguage":"es","potentialAction":[{"@type":"ReadAction","target":["https:\/\/www.rjmodels.com.hk\/contact\/"]}]},{"@type":"ImageObject","inLanguage":"es","@id":"https:\/\/www.rjmodels.com.hk\/contact\/#primaryimage","url":"https:\/\/www.rjmodels.com.hk\/wp-content\/uploads\/2020\/06\/hong-kong.png","contentUrl":"https:\/\/www.rjmodels.com.hk\/wp-content\/uploads\/2020\/06\/hong-kong.png"},{"@type":"BreadcrumbList","@id":"https:\/\/www.rjmodels.com.hk\/contact\/#breadcrumb","itemListElement":[{"@type":"ListItem","position":1,"name":"Home","item":"https:\/\/www.rjmodels.com.hk\/"},{"@type":"ListItem","position":2,"name":"Contact"}]},{"@type":"WebSite","@id":"https:\/\/www.rjmodels.com.hk\/#website","url":"https:\/\/www.rjmodels.com.hk\/","name":"RJ Models","description":"","publisher":{"@id":"https:\/\/www.rjmodels.com.hk\/#organization"},"potentialAction":[{"@type":"SearchAction","target":{"@type":"EntryPoint","urlTemplate":"https:\/\/www.rjmodels.com.hk\/?s={search_term_string}"},"query-input":{"@type":"PropertyValueSpecification","valueRequired":true,"valueName":"search_term_string"}}],"inLanguage":"es"},{"@type":"Organization","@id":"https:\/\/www.rjmodels.com.hk\/#organization","name":"RJ Models","url":"https:\/\/www.rjmodels.com.hk\/","logo":{"@type":"ImageObject","inLanguage":"es","@id":"https:\/\/www.rjmodels.com.hk\/#\/schema\/logo\/image\/","url":"https:\/\/www.rjmodels.com.hk\/wp-content\/uploads\/2021\/11\/cropped-logo-12.png","contentUrl":"https:\/\/www.rjmodels.com.hk\/wp-content\/uploads\/2021\/11\/cropped-logo-12.png","width":681,"height":162,"caption":"RJ Models"},"image":{"@id":"https:\/\/www.rjmodels.com.hk\/#\/schema\/logo\/image\/"},"sameAs":["https:\/\/www.facebook.com\/rjmodelmaking"]}]}},"_links":{"self":[{"href":"https:\/\/www.rjmodels.com.hk\/es\/wp-json\/wp\/v2\/pages\/9104","targetHints":{"allow":["GET"]}}],"collection":[{"href":"https:\/\/www.rjmodels.com.hk\/es\/wp-json\/wp\/v2\/pages"}],"about":[{"href":"https:\/\/www.rjmodels.com.hk\/es\/wp-json\/wp\/v2\/types\/page"}],"author":[{"embeddable":true,"href":"https:\/\/www.rjmodels.com.hk\/es\/wp-json\/wp\/v2\/users\/2"}],"replies":[{"embeddable":true,"href":"https:\/\/www.rjmodels.com.hk\/es\/wp-json\/wp\/v2\/comments?post=9104"}],"version-history":[{"count":1,"href":"https:\/\/www.rjmodels.com.hk\/es\/wp-json\/wp\/v2\/pages\/9104\/revisions"}],"predecessor-version":[{"id":76679,"href":"https:\/\/www.rjmodels.com.hk\/es\/wp-json\/wp\/v2\/pages\/9104\/revisions\/76679"}],"wp:attachment":[{"href":"https:\/\/www.rjmodels.com.hk\/es\/wp-json\/wp\/v2\/media?parent=9104"}],"curies":[{"name":"wp","href":"https:\/\/api.w.org\/{rel}","templated":true}]}}