{"id":8944,"date":"2020-06-07T01:34:56","date_gmt":"2020-06-07T01:34:56","guid":{"rendered":"https:\/\/www.rjmodels.com.hk\/?page_id=8944"},"modified":"2022-12-16T01:35:47","modified_gmt":"2022-12-16T01:35:47","slug":"modelo-de-catamaran","status":"publish","type":"page","link":"https:\/\/www.rjmodels.com.hk\/es\/modelo-de-catamaran\/","title":{"rendered":"Modelo de catamar\u00e1n"},"content":{"rendered":"<h1>\n\t\tModelo de catamar\u00e1n\n\t<\/h1>\n\tUn modelo de catamar\u00e1n es un tipo de\u00a0<a href=\"https:\/\/www.rjmodels.com.hk\/es\/modelo-maritimo\/\">modelo mar\u00edtimo<\/a>\u00a0con dos cascos de igual tama\u00f1o colocados uno al lado del otro.<br \/>\nLa amplia cuaderna que conecta dos cascos paralelos estabiliza el modelo mar\u00edtimo. El modelo del catamar\u00e1n demuestra la ingeniosa estructura y dise\u00f1o de este barco.<br \/>\nNo s\u00f3lo podr\u00e1s captar la forma general del barco, sino tambi\u00e9n examinar componentes, como las velas, la cabina, etc.<br \/>\nPaseando alrededor del modelo de catamar\u00e1n, podr\u00e1s imaginarte charlando deliciosamente en el sal\u00f3n, o tumbado en la fabulosa terraza.<br \/>\nPor eso el modelo de catamar\u00e1n juega un papel esencial en sus procesos de trabajo para usted.<br \/>\n\u00a1Reflexionaron sobre los problemas mientras observaban modelos mar\u00edtimos y as\u00ed se les ocurrieron ideas fant\u00e1sticas!\n\t\t\t\t<img decoding=\"async\" src=\"https:\/\/www.rjmodels.com.hk\/wp-content\/uploads\/2020\/06\/00.-China-Cup-Regatta-Wind-Rider-Cover.jpg\" alt=\"00. Portada del Wind-Rider de la regata China Cup\" itemprop=\"image\" title=\"00. Portada del Wind-Rider de la regata China Cup\" onerror=\"this.style.display='none'\"  \/>\n<h2>\n\t\tPasos sencillos para trabajar con nosotros en modelos mar\u00edtimos\n\t<\/h2>\n\t\t\t<a href=\"https:\/\/www.rjmodels.com.hk\/es\/como-hacer-un-modelo-maritimo\/\" target=\"_self\" role=\"button\" rel=\"noopener\">\n\t\t\t\t\t\t\tVer m\u00e1s\n\t\t\t\t\t<\/a>\n\t\t\t\t<img decoding=\"async\" src=\"https:\/\/www.rjmodels.com.hk\/wp-content\/uploads\/2020\/06\/1.-Piwer90-Catamaran-Model.jpg\" alt=\"modelo de catamar\u00e1n\" itemprop=\"image\" title=\"1. Modelo de catamar\u00e1n Piwer90\" onerror=\"this.style.display='none'\"  \/>\n\t<h2>Modelo de catamar\u00e1n Aspen Power 90<\/h2>\n<p><strong>Escala: 1:40 | Tama\u00f1o: 400 mm x 250 mm | Tiempo de producci\u00f3n: 14 d\u00edas<\/strong><\/p>\nEven though most power cruising catamarans have misnomers such as &#8220;pocket&#8221; or &#8220;cuddy&#8221;. The Power C90 designed by Aspen will never give you a feeling like that.<br \/>\nLos dise\u00f1adores de Aspen han dedicado muchas horas al dise\u00f1o y la construcci\u00f3n de modelos a escala real. Se dedican a conseguir todos los elementos adecuados a la escala adecuada, sin sacrificar la eficiencia econ\u00f3mica.<br \/>\nEn cambio, gracias a la adopci\u00f3n de un dise\u00f1o de casco asim\u00e9trico que utiliza un solo motor, en lugar de los dos motores habituales, su eficiencia en consumo de combustible e hidrodin\u00e1mica ha superado a la de otros catamaranes a motor.<br \/>\nLa producci\u00f3n del casco del catamar\u00e1n nos cuesta <a href=\"https:\/\/www.rjmodels.com.hk\/es\/modelo-de-yate\/\">fabricantes de modelos de yates<\/a> Mucho esfuerzo. Su dise\u00f1o asim\u00e9trico requiere dos conjuntos de m\u00f3dulos diferentes, que deben ensamblarse con mucho cuidado.<br \/>\nSin embargo, una vez que el sofisticado y perfeccionado modelo de catamar\u00e1n se exhiba ante todos y reciba elogios de los espectadores, sabemos que todos los esfuerzos previos merecen la pena.\n\t<div class=\"fl-builder-content fl-builder-content-10719 fl-builder-template fl-builder-row-template fl-builder-global-templates-locked\" data-post-id=\"10719\"><div class=\"fl-row fl-row-full-width fl-row-bg-color fl-node-60a264db6c650 fl-row-default-height fl-row-align-center\" data-node=\"60a264db6c650\">\n\t<div class=\"fl-row-content-wrap\">\n\t\t\t\t\t\t\t\t<div class=\"fl-row-content fl-row-fixed-width fl-node-content\">\n\t\t\n<div class=\"fl-col-group fl-node-60a264db6c63b\" data-node=\"60a264db6c63b\">\n\t\t\t<div class=\"fl-col fl-node-60a264db6c643 fl-col-has-cols\" data-node=\"60a264db6c643\">\n\t<div class=\"fl-col-content fl-node-content\">\n<div class=\"fl-col-group fl-node-60a264db6c645 fl-col-group-nested\" data-node=\"60a264db6c645\">\n\t\t\t<div class=\"fl-col fl-node-60a264db6c646 fl-col-small\" data-node=\"60a264db6c646\">\n\t<div class=\"fl-col-content fl-node-content\"><div class=\"fl-module fl-module-info-box fl-node-60a264db6c64b worktitle\" data-node=\"60a264db6c64b\">\n\t<div class=\"fl-module-content fl-node-content\">\n\t\t<div class=\"uabb-module-content uabb-infobox infobox-left\">\n\t<div class=\"uabb-infobox-left-right-wrap\">\n\t<div class=\"uabb-infobox-content\">\n\t\t\t<div class='uabb-infobox-title-wrap'><h3 class=\"uabb-infobox-title\"><span class=\"worktitle-num\">6000+<\/span> Proyectos<\/h3><\/div>\t\t\t<div class=\"uabb-infobox-text-wrap\">\n\t\t\t\t<div class=\"uabb-infobox-text uabb-text-editor\"><p>Con m\u00e1s de 500 modelos de barcos creados cada a\u00f1o, nos esforzamos por mantener la consistencia en la entrega de modelos de barcos de alta calidad.<\/p>\n<\/div>\t\t\t<\/div>\n\t\t\t\t\t\t<\/div>\t<\/div>\n<\/div>\n\t<\/div>\n<\/div>\n<\/div>\n<\/div>\n\t\t\t<div class=\"fl-col fl-node-60a264db6c647 fl-col-small\" data-node=\"60a264db6c647\">\n\t<div class=\"fl-col-content fl-node-content\"><div class=\"fl-module fl-module-info-box fl-node-60a264db6c64d worktitle\" data-node=\"60a264db6c64d\">\n\t<div class=\"fl-module-content fl-node-content\">\n\t\t<div class=\"uabb-module-content uabb-infobox infobox-left\">\n\t<div class=\"uabb-infobox-left-right-wrap\">\n\t<div class=\"uabb-infobox-content\">\n\t\t\t<div class='uabb-infobox-title-wrap'><h3 class=\"uabb-infobox-title\"><span class=\"worktitle-num\">26 <\/span> A\u00f1o de experiencia<\/h3><\/div>\t\t\t<div class=\"uabb-infobox-text-wrap\">\n\t\t\t\t<div class=\"uabb-infobox-text uabb-text-editor\"><p>RJ Models es una empresa de fabricaci\u00f3n de modelos de barcos de primera l\u00ednea reconocida mundialmente, fundada en 1995.<\/p>\n<\/div>\t\t\t<\/div>\n\t\t\t\t\t\t<\/div>\t<\/div>\n<\/div>\n\t<\/div>\n<\/div>\n<\/div>\n<\/div>\n\t\t\t<div class=\"fl-col fl-node-60a264db6c649 fl-col-small\" data-node=\"60a264db6c649\">\n\t<div class=\"fl-col-content fl-node-content\"><div class=\"fl-module fl-module-info-box fl-node-60a264db6c64e worktitle\" data-node=\"60a264db6c64e\">\n\t<div class=\"fl-module-content fl-node-content\">\n\t\t<div class=\"uabb-module-content uabb-infobox infobox-left\">\n\t<div class=\"uabb-infobox-left-right-wrap\">\n\t<div class=\"uabb-infobox-content\">\n\t\t\t<div class='uabb-infobox-title-wrap'><h3 class=\"uabb-infobox-title\"><span class=\"worktitle-num\">500<\/span> Personal<\/h3><\/div>\t\t\t<div class=\"uabb-infobox-text-wrap\">\n\t\t\t\t<div class=\"uabb-infobox-text uabb-text-editor\"><p>Nuestros modelistas navales poseen una amplia experiencia y una gran reputaci\u00f3n como especialistas dentro de nuestro sector.<\/p>\n<\/div>\t\t\t<\/div>\n\t\t\t\t\t\t<\/div>\t<\/div>\n<\/div>\n\t<\/div>\n<\/div>\n<\/div>\n<\/div>\n\t\t\t<div class=\"fl-col fl-node-60a264db6c64a fl-col-small\" data-node=\"60a264db6c64a\">\n\t<div class=\"fl-col-content fl-node-content\"><div class=\"fl-module fl-module-info-box fl-node-60a264db6c64f worktitle\" data-node=\"60a264db6c64f\">\n\t<div class=\"fl-module-content fl-node-content\">\n\t\t<div class=\"uabb-module-content uabb-infobox infobox-left\">\n\t<div class=\"uabb-infobox-left-right-wrap\">\n\t<div class=\"uabb-infobox-content\">\n\t\t\t<div class='uabb-infobox-title-wrap'><h3 class=\"uabb-infobox-title\"><span class=\"worktitle-num\">7<\/span> D\u00edas<\/h3><\/div>\t\t\t<div class=\"uabb-infobox-text-wrap\">\n\t\t\t\t<div class=\"uabb-infobox-text uabb-text-editor\"><p>RJ Models cuenta con un amplio equipo de profesionales de env\u00edos multinacionales y experimentados con plazos ajustados para sus modelos de barcos.<\/p>\n<\/div>\t\t\t<\/div>\n\t\t\t\t\t\t<\/div>\t<\/div>\n<\/div>\n\t<\/div>\n<\/div>\n<\/div>\n<\/div>\n\t<\/div>\n<\/div>\n<\/div>\n\t<\/div>\n\t\t<\/div>\n\t<\/div>\n<\/div>\n<\/div><div class=\"uabb-js-breakpoint\" style=\"display: none;\"><\/div>\n\t<h2>Algunos de nuestros clientes<\/h2>\n<a href=\"https:\/\/www.rjmodels.com.hk\/es\/clientela\/\">Ver nuestros clientes<\/a><br \/>\n<a href=\"https:\/\/www.rjmodels.com.hk\/wp-content\/uploads\/2020\/06\/logo.png\"><img loading=\"lazy\" decoding=\"async\" src=\"https:\/\/www.rjmodels.com.hk\/wp-content\/uploads\/2020\/06\/logo.png\" alt=\"\" width=\"1059\" height=\"245\" \/><\/a>\n<h2>\n\t\tContact RJ Models &#038; We&#8217;re here to help you grow your business.\n\t<\/h2>\n\t\n<div class=\"wpcf7 no-js\" id=\"wpcf7-f13103-o1\" lang=\"en-US\" dir=\"ltr\" data-wpcf7-id=\"13103\">\n<div class=\"screen-reader-response\"><p role=\"status\" aria-live=\"polite\" aria-atomic=\"true\"><\/p> <ul><\/ul><\/div>\n<form action=\"\/es\/wp-json\/wp\/v2\/pages\/8944#wpcf7-f13103-o1\" method=\"post\" class=\"wpcf7-form init\" aria-label=\"Formulario de contacto\" novalidate=\"novalidate\" data-status=\"init\" data-trp-original-action=\"\/es\/wp-json\/wp\/v2\/pages\/8944#wpcf7-f13103-o1\">\n<fieldset class=\"hidden-fields-container\"><input type=\"hidden\" name=\"_wpcf7\" value=\"13103\" \/><input type=\"hidden\" name=\"_wpcf7_version\" value=\"6.1.5\" \/><input type=\"hidden\" name=\"_wpcf7_locale\" value=\"en_US\" \/><input type=\"hidden\" name=\"_wpcf7_unit_tag\" value=\"wpcf7-f13103-o1\" \/><input type=\"hidden\" name=\"_wpcf7_container_post\" value=\"0\" \/><input type=\"hidden\" name=\"_wpcf7_posted_data_hash\" value=\"\" \/>\n<\/fieldset>\n<div class=\"uabb-cf7-col-1\">\n\t<p><span class=\"wpcf7-form-control-wrap\" data-name=\"your-name\"><input size=\"40\" maxlength=\"400\" class=\"wpcf7-form-control wpcf7-text wpcf7-validates-as-required\" aria-required=\"true\" aria-invalid=\"false\" placeholder=\"Su nombre\" value=\"\" type=\"text\" name=\"your-name\" \/><\/span>\n\t<\/p>\n<\/div>\n<div class=\"uabb-cf7-col-1\">\n\t<p><span class=\"wpcf7-form-control-wrap\" data-name=\"your-email\"><input size=\"40\" maxlength=\"400\" class=\"wpcf7-form-control wpcf7-email wpcf7-validates-as-required wpcf7-text wpcf7-validates-as-email\" aria-required=\"true\" aria-invalid=\"false\" placeholder=\"Su correo electr\u00f3nico*\" value=\"\" type=\"email\" name=\"your-email\" \/><\/span>\n\t<\/p>\n<\/div>\n<div class=\"uabb-cf7-col-1\">\n\t<p><span class=\"wpcf7-form-control-wrap\" data-name=\"your-company\"><input size=\"40\" maxlength=\"400\" class=\"wpcf7-form-control wpcf7-text\" aria-invalid=\"false\" placeholder=\"El nombre de su empresa\" value=\"\" type=\"text\" name=\"your-company\" \/><\/span>\n\t<\/p>\n<\/div>\n<div class=\"uabb-cf7-col-1\">\n\t<p><span class=\"wpcf7-form-control-wrap\" data-name=\"purpose\"><input size=\"40\" maxlength=\"400\" class=\"wpcf7-form-control wpcf7-text\" aria-invalid=\"false\" placeholder=\"Prop\u00f3sito del Modelo: (Marketing, Competencia, Presentaci\u00f3n)\" value=\"\" type=\"text\" name=\"purpose\" \/><\/span>\n\t<\/p>\n<\/div>\n<div class=\"uabb-cf7-col-1\">\n\t<p><span class=\"wpcf7-form-control-wrap\" data-name=\"size\"><input size=\"40\" maxlength=\"400\" class=\"wpcf7-form-control wpcf7-text\" aria-invalid=\"false\" placeholder=\"Escala y tama\u00f1o esperados: (LxAnxAl)\" value=\"\" type=\"text\" name=\"size\" \/><\/span>\n\t<\/p>\n<\/div>\n<div class=\"uabb-cf7-col-1\">\n\t<p><span class=\"wpcf7-form-control-wrap\" data-name=\"date\"><input size=\"40\" maxlength=\"400\" class=\"wpcf7-form-control wpcf7-text\" aria-invalid=\"false\" placeholder=\"Fecha de finalizaci\u00f3n prevista\" value=\"\" type=\"text\" name=\"date\" \/><\/span>\n\t<\/p>\n<\/div>\n<div class=\"uabb-cf7-col-1\">\n\t<p><span class=\"wpcf7-form-control-wrap\" data-name=\"delivery\"><input size=\"40\" maxlength=\"400\" class=\"wpcf7-form-control wpcf7-text\" aria-invalid=\"false\" placeholder=\"Destinos de Entrega e Instalaci\u00f3n: (Ciudad, Pa\u00eds)\" value=\"\" type=\"text\" name=\"delivery\" \/><\/span>\n\t<\/p>\n<\/div>\n<div class=\"uabb-cf7-col-1\">\n\t<p><span class=\"wpcf7-form-control-wrap\" data-name=\"your-message\"><textarea cols=\"60\" rows=\"3\" maxlength=\"2000\" class=\"wpcf7-form-control wpcf7-textarea wpcf7-validates-as-required\" aria-required=\"true\" aria-invalid=\"false\" placeholder=\"Tu mensaje*\" name=\"your-message\"><\/textarea><\/span>\n\t<\/p>\n<\/div>\n<div class=\"uabb-cf7-col-1\">\n\t<p><span class=\"wpcf7-form-control-wrap\" data-name=\"upload-file-221\"><input size=\"40\" class=\"wpcf7-form-control wpcf7-drag-n-drop-file d-none\" aria-invalid=\"false\" type=\"file\" multiple=\"multiple\" data-name=\"upload-file-221\" data-type=\"jpg|jpeg|zip|png|gif|rar|pdf\" data-limit=\"104857600\" data-id=\"13103\" data-version=\"free version 1.3.9.6\" accept=\".jpg, .jpeg, .zip, .png, .gif, .rar, .pdf\" \/><\/span>(Por favor env\u00edenoslo por Dropbox o WeTransfer, o a nuestro correo electr\u00f3nico: <a href=\"mailto:marketing@rjmodels.com.hk\">marketing@rjmodels.com.hk<\/a> Si los archivos son mayores a 50 MB. )\n\t<\/p>\n<\/div>\n<div class=\"uabb-cf7-col-1\">\n\t<p><input class=\"wpcf7-form-control wpcf7-submit has-spinner cf7-submit\" type=\"submit\" value=\"COTIZACI\u00d3N GRATUITA\" \/>\n\t<\/p>\n<\/div>\n<p><script>\ndocument.addEventListener( 'wpcf7mailsent', function( event ) {\n location = '\/thank-you-rj-models\/';\n}, false );\n<\/script>\n<\/p>\n<style>\n.cf7-submit{display: grid;margin: auto;}\n<\/style><p style=\"display: none !important;\" class=\"akismet-fields-container\" data-prefix=\"_wpcf7_ak_\"><label>\u0394<textarea name=\"_wpcf7_ak_hp_textarea\" cols=\"45\" rows=\"8\" maxlength=\"100\"><\/textarea><\/label><input type=\"hidden\" id=\"ak_js_1\" name=\"_wpcf7_ak_js\" value=\"188\"\/><script>\ndocument.getElementById( \"ak_js_1\" ).setAttribute( \"value\", ( new Date() ).getTime() );\n<\/script>\n<\/p><div class=\"wpcf7-response-output\" aria-hidden=\"true\"><\/div>\n<input type=\"hidden\" name=\"trp-form-language\" value=\"es\"\/><\/form>\n<\/div>\n\n\tOur vision is providing the top quality model making service to everywhere in the globe.\n\t\t\t\t<img loading=\"lazy\" decoding=\"async\" src=\"https:\/\/www.rjmodels.com.hk\/wp-content\/uploads\/2022\/11\/Ray-Cheung-RJ-Models.jpg\" alt=\"Modelos RJ de Ray Cheung\" itemprop=\"image\" height=\"216\" width=\"376\" title=\"Modelos RJ de Ray Cheung\" onerror=\"this.style.display='none'\"  \/>","protected":false},"excerpt":{"rendered":"<p>Catamaran Model A catamaran model is a type of\u00a0maritime model\u00a0with two equal-sized hulls held side by side. The wide bridging frame connecting two parallel hulls stabilizes the maritime model. The catamaran model shows how cleverly designed and structured this ship is. You can not only\u00a0grasp the general shape of\u00a0the ship, but also examine\u00a0components, such as\u00a0sails, [&hellip;]<\/p>\n","protected":false},"author":2,"featured_media":0,"parent":0,"menu_order":89,"comment_status":"closed","ping_status":"closed","template":"","meta":{"_acf_changed":false,"site-sidebar-layout":"default","site-content-layout":"","ast-site-content-layout":"default","site-content-style":"default","site-sidebar-style":"default","ast-global-header-display":"","ast-banner-title-visibility":"","ast-main-header-display":"","ast-hfb-above-header-display":"","ast-hfb-below-header-display":"","ast-hfb-mobile-header-display":"","site-post-title":"","ast-breadcrumbs-content":"","ast-featured-img":"","footer-sml-layout":"","theme-transparent-header-meta":"","adv-header-id-meta":"","stick-header-meta":"","header-above-stick-meta":"","header-main-stick-meta":"","header-below-stick-meta":"","astra-migrate-meta-layouts":"default","ast-page-background-enabled":"default","ast-page-background-meta":{"desktop":{"background-color":"","background-image":"","background-repeat":"repeat","background-position":"center center","background-size":"auto","background-attachment":"scroll","background-type":"","background-media":"","overlay-type":"","overlay-color":"","overlay-opacity":"","overlay-gradient":""},"tablet":{"background-color":"","background-image":"","background-repeat":"repeat","background-position":"center center","background-size":"auto","background-attachment":"scroll","background-type":"","background-media":"","overlay-type":"","overlay-color":"","overlay-opacity":"","overlay-gradient":""},"mobile":{"background-color":"","background-image":"","background-repeat":"repeat","background-position":"center center","background-size":"auto","background-attachment":"scroll","background-type":"","background-media":"","overlay-type":"","overlay-color":"","overlay-opacity":"","overlay-gradient":""}},"ast-content-background-meta":{"desktop":{"background-color":"var(--ast-global-color-5)","background-image":"","background-repeat":"repeat","background-position":"center center","background-size":"auto","background-attachment":"scroll","background-type":"","background-media":"","overlay-type":"","overlay-color":"","overlay-opacity":"","overlay-gradient":""},"tablet":{"background-color":"var(--ast-global-color-5)","background-image":"","background-repeat":"repeat","background-position":"center center","background-size":"auto","background-attachment":"scroll","background-type":"","background-media":"","overlay-type":"","overlay-color":"","overlay-opacity":"","overlay-gradient":""},"mobile":{"background-color":"var(--ast-global-color-5)","background-image":"","background-repeat":"repeat","background-position":"center center","background-size":"auto","background-attachment":"scroll","background-type":"","background-media":"","overlay-type":"","overlay-color":"","overlay-opacity":"","overlay-gradient":""}},"footnotes":""},"class_list":["post-8944","page","type-page","status-publish","hentry"],"acf":[],"yoast_head":"<!-- This site is optimized with the Yoast SEO plugin v27.5 - https:\/\/yoast.com\/product\/yoast-seo-wordpress\/ -->\n<title>Catamaran Model Making Serivce<\/title>\n<meta name=\"description\" content=\"Catamaran Model. Contact RJ Models for your martime model making service now. And delivery to any space you indicated in a tight deadline.\" \/>\n<meta name=\"robots\" content=\"index, follow, max-snippet:-1, max-image-preview:large, max-video-preview:-1\" \/>\n<link rel=\"canonical\" href=\"https:\/\/www.rjmodels.com.hk\/es\/modelo-de-catamaran\/\" \/>\n<meta property=\"og:locale\" content=\"es_ES\" \/>\n<meta property=\"og:type\" content=\"article\" \/>\n<meta property=\"og:title\" content=\"Catamaran Model Making Serivce\" \/>\n<meta property=\"og:description\" content=\"Catamaran Model. Contact RJ Models for your martime model making service now. And delivery to any space you indicated in a tight deadline.\" \/>\n<meta property=\"og:url\" content=\"https:\/\/www.rjmodels.com.hk\/es\/modelo-de-catamaran\/\" \/>\n<meta property=\"og:site_name\" content=\"RJ Models\" \/>\n<meta property=\"article:publisher\" content=\"https:\/\/www.facebook.com\/rjmodelmaking\" \/>\n<meta property=\"article:modified_time\" content=\"2022-12-16T01:35:47+00:00\" \/>\n<meta property=\"og:image\" content=\"https:\/\/www.rjmodels.com.hk\/\/wp-content\/uploads\/2020\/06\/00.-China-Cup-Regatta-Wind-Rider-Cover.jpg\" \/>\n<meta name=\"twitter:card\" content=\"summary_large_image\" \/>\n<meta name=\"twitter:label1\" content=\"Tiempo de lectura\" \/>\n\t<meta name=\"twitter:data1\" content=\"3 minutos\" \/>\n<script type=\"application\/ld+json\" class=\"yoast-schema-graph\">{\"@context\":\"https:\\\/\\\/schema.org\",\"@graph\":[{\"@type\":\"WebPage\",\"@id\":\"https:\\\/\\\/www.rjmodels.com.hk\\\/catamaran-model\\\/\",\"url\":\"https:\\\/\\\/www.rjmodels.com.hk\\\/catamaran-model\\\/\",\"name\":\"Catamaran Model Making Serivce\",\"isPartOf\":{\"@id\":\"https:\\\/\\\/www.rjmodels.com.hk\\\/#website\"},\"primaryImageOfPage\":{\"@id\":\"https:\\\/\\\/www.rjmodels.com.hk\\\/catamaran-model\\\/#primaryimage\"},\"image\":{\"@id\":\"https:\\\/\\\/www.rjmodels.com.hk\\\/catamaran-model\\\/#primaryimage\"},\"thumbnailUrl\":\"https:\\\/\\\/www.rjmodels.com.hk\\\/wp-content\\\/uploads\\\/2020\\\/06\\\/00.-China-Cup-Regatta-Wind-Rider-Cover.jpg\",\"datePublished\":\"2020-06-07T01:34:56+00:00\",\"dateModified\":\"2022-12-16T01:35:47+00:00\",\"description\":\"Catamaran Model. Contact RJ Models for your martime model making service now. And delivery to any space you indicated in a tight deadline.\",\"breadcrumb\":{\"@id\":\"https:\\\/\\\/www.rjmodels.com.hk\\\/catamaran-model\\\/#breadcrumb\"},\"inLanguage\":\"es\",\"potentialAction\":[{\"@type\":\"ReadAction\",\"target\":[\"https:\\\/\\\/www.rjmodels.com.hk\\\/catamaran-model\\\/\"]}]},{\"@type\":\"ImageObject\",\"inLanguage\":\"es\",\"@id\":\"https:\\\/\\\/www.rjmodels.com.hk\\\/catamaran-model\\\/#primaryimage\",\"url\":\"https:\\\/\\\/www.rjmodels.com.hk\\\/wp-content\\\/uploads\\\/2020\\\/06\\\/00.-China-Cup-Regatta-Wind-Rider-Cover.jpg\",\"contentUrl\":\"https:\\\/\\\/www.rjmodels.com.hk\\\/wp-content\\\/uploads\\\/2020\\\/06\\\/00.-China-Cup-Regatta-Wind-Rider-Cover.jpg\"},{\"@type\":\"BreadcrumbList\",\"@id\":\"https:\\\/\\\/www.rjmodels.com.hk\\\/catamaran-model\\\/#breadcrumb\",\"itemListElement\":[{\"@type\":\"ListItem\",\"position\":1,\"name\":\"Home\",\"item\":\"https:\\\/\\\/www.rjmodels.com.hk\\\/\"},{\"@type\":\"ListItem\",\"position\":2,\"name\":\"Catamaran Model\"}]},{\"@type\":\"WebSite\",\"@id\":\"https:\\\/\\\/www.rjmodels.com.hk\\\/#website\",\"url\":\"https:\\\/\\\/www.rjmodels.com.hk\\\/\",\"name\":\"RJ Models\",\"description\":\"\",\"publisher\":{\"@id\":\"https:\\\/\\\/www.rjmodels.com.hk\\\/#organization\"},\"potentialAction\":[{\"@type\":\"SearchAction\",\"target\":{\"@type\":\"EntryPoint\",\"urlTemplate\":\"https:\\\/\\\/www.rjmodels.com.hk\\\/?s={search_term_string}\"},\"query-input\":{\"@type\":\"PropertyValueSpecification\",\"valueRequired\":true,\"valueName\":\"search_term_string\"}}],\"inLanguage\":\"es\"},{\"@type\":\"Organization\",\"@id\":\"https:\\\/\\\/www.rjmodels.com.hk\\\/#organization\",\"name\":\"RJ Models\",\"url\":\"https:\\\/\\\/www.rjmodels.com.hk\\\/\",\"logo\":{\"@type\":\"ImageObject\",\"inLanguage\":\"es\",\"@id\":\"https:\\\/\\\/www.rjmodels.com.hk\\\/#\\\/schema\\\/logo\\\/image\\\/\",\"url\":\"https:\\\/\\\/www.rjmodels.com.hk\\\/wp-content\\\/uploads\\\/2021\\\/11\\\/cropped-logo-12.png\",\"contentUrl\":\"https:\\\/\\\/www.rjmodels.com.hk\\\/wp-content\\\/uploads\\\/2021\\\/11\\\/cropped-logo-12.png\",\"width\":681,\"height\":162,\"caption\":\"RJ Models\"},\"image\":{\"@id\":\"https:\\\/\\\/www.rjmodels.com.hk\\\/#\\\/schema\\\/logo\\\/image\\\/\"},\"sameAs\":[\"https:\\\/\\\/www.facebook.com\\\/rjmodelmaking\"]}]}<\/script>\n<!-- \/ Yoast SEO plugin. -->","yoast_head_json":{"title":"Servicio de modelismo de catamaranes","description":"Maqueta de catamar\u00e1n. Contacte con RJ Models ahora para su servicio de maquetas mar\u00edtimas. Entrega en el lugar que nos indique con un plazo ajustado.","robots":{"index":"index","follow":"follow","max-snippet":"max-snippet:-1","max-image-preview":"max-image-preview:large","max-video-preview":"max-video-preview:-1"},"canonical":"https:\/\/www.rjmodels.com.hk\/es\/modelo-de-catamaran\/","og_locale":"es_ES","og_type":"article","og_title":"Catamaran Model Making Serivce","og_description":"Catamaran Model. Contact RJ Models for your martime model making service now. And delivery to any space you indicated in a tight deadline.","og_url":"https:\/\/www.rjmodels.com.hk\/es\/modelo-de-catamaran\/","og_site_name":"RJ Models","article_publisher":"https:\/\/www.facebook.com\/rjmodelmaking","article_modified_time":"2022-12-16T01:35:47+00:00","og_image":[{"url":"https:\/\/www.rjmodels.com.hk\/\/wp-content\/uploads\/2020\/06\/00.-China-Cup-Regatta-Wind-Rider-Cover.jpg","type":"","width":"","height":""}],"twitter_card":"summary_large_image","twitter_misc":{"Tiempo de lectura":"3 minutos"},"schema":{"@context":"https:\/\/schema.org","@graph":[{"@type":"WebPage","@id":"https:\/\/www.rjmodels.com.hk\/catamaran-model\/","url":"https:\/\/www.rjmodels.com.hk\/catamaran-model\/","name":"Servicio de modelismo de catamaranes","isPartOf":{"@id":"https:\/\/www.rjmodels.com.hk\/#website"},"primaryImageOfPage":{"@id":"https:\/\/www.rjmodels.com.hk\/catamaran-model\/#primaryimage"},"image":{"@id":"https:\/\/www.rjmodels.com.hk\/catamaran-model\/#primaryimage"},"thumbnailUrl":"https:\/\/www.rjmodels.com.hk\/wp-content\/uploads\/2020\/06\/00.-China-Cup-Regatta-Wind-Rider-Cover.jpg","datePublished":"2020-06-07T01:34:56+00:00","dateModified":"2022-12-16T01:35:47+00:00","description":"Maqueta de catamar\u00e1n. Contacte con RJ Models ahora para su servicio de maquetas mar\u00edtimas. Entrega en el lugar que nos indique con un plazo ajustado.","breadcrumb":{"@id":"https:\/\/www.rjmodels.com.hk\/catamaran-model\/#breadcrumb"},"inLanguage":"es","potentialAction":[{"@type":"ReadAction","target":["https:\/\/www.rjmodels.com.hk\/catamaran-model\/"]}]},{"@type":"ImageObject","inLanguage":"es","@id":"https:\/\/www.rjmodels.com.hk\/catamaran-model\/#primaryimage","url":"https:\/\/www.rjmodels.com.hk\/wp-content\/uploads\/2020\/06\/00.-China-Cup-Regatta-Wind-Rider-Cover.jpg","contentUrl":"https:\/\/www.rjmodels.com.hk\/wp-content\/uploads\/2020\/06\/00.-China-Cup-Regatta-Wind-Rider-Cover.jpg"},{"@type":"BreadcrumbList","@id":"https:\/\/www.rjmodels.com.hk\/catamaran-model\/#breadcrumb","itemListElement":[{"@type":"ListItem","position":1,"name":"Home","item":"https:\/\/www.rjmodels.com.hk\/"},{"@type":"ListItem","position":2,"name":"Catamaran Model"}]},{"@type":"WebSite","@id":"https:\/\/www.rjmodels.com.hk\/#website","url":"https:\/\/www.rjmodels.com.hk\/","name":"RJ Models","description":"","publisher":{"@id":"https:\/\/www.rjmodels.com.hk\/#organization"},"potentialAction":[{"@type":"SearchAction","target":{"@type":"EntryPoint","urlTemplate":"https:\/\/www.rjmodels.com.hk\/?s={search_term_string}"},"query-input":{"@type":"PropertyValueSpecification","valueRequired":true,"valueName":"search_term_string"}}],"inLanguage":"es"},{"@type":"Organization","@id":"https:\/\/www.rjmodels.com.hk\/#organization","name":"RJ Models","url":"https:\/\/www.rjmodels.com.hk\/","logo":{"@type":"ImageObject","inLanguage":"es","@id":"https:\/\/www.rjmodels.com.hk\/#\/schema\/logo\/image\/","url":"https:\/\/www.rjmodels.com.hk\/wp-content\/uploads\/2021\/11\/cropped-logo-12.png","contentUrl":"https:\/\/www.rjmodels.com.hk\/wp-content\/uploads\/2021\/11\/cropped-logo-12.png","width":681,"height":162,"caption":"RJ Models"},"image":{"@id":"https:\/\/www.rjmodels.com.hk\/#\/schema\/logo\/image\/"},"sameAs":["https:\/\/www.facebook.com\/rjmodelmaking"]}]}},"_links":{"self":[{"href":"https:\/\/www.rjmodels.com.hk\/es\/wp-json\/wp\/v2\/pages\/8944","targetHints":{"allow":["GET"]}}],"collection":[{"href":"https:\/\/www.rjmodels.com.hk\/es\/wp-json\/wp\/v2\/pages"}],"about":[{"href":"https:\/\/www.rjmodels.com.hk\/es\/wp-json\/wp\/v2\/types\/page"}],"author":[{"embeddable":true,"href":"https:\/\/www.rjmodels.com.hk\/es\/wp-json\/wp\/v2\/users\/2"}],"replies":[{"embeddable":true,"href":"https:\/\/www.rjmodels.com.hk\/es\/wp-json\/wp\/v2\/comments?post=8944"}],"version-history":[{"count":0,"href":"https:\/\/www.rjmodels.com.hk\/es\/wp-json\/wp\/v2\/pages\/8944\/revisions"}],"wp:attachment":[{"href":"https:\/\/www.rjmodels.com.hk\/es\/wp-json\/wp\/v2\/media?parent=8944"}],"curies":[{"name":"wp","href":"https:\/\/api.w.org\/{rel}","templated":true}]}}