{"id":19,"date":"2018-01-07T07:46:06","date_gmt":"2018-01-07T07:46:06","guid":{"rendered":"http:\/\/rj.digitalpixels.co\/?page_id=19"},"modified":"2026-04-20T02:08:55","modified_gmt":"2026-04-20T02:08:55","slug":"acerca-de","status":"publish","type":"page","link":"https:\/\/www.rjmodels.com.hk\/es\/acerca-de\/","title":{"rendered":"Acerca de"},"content":{"rendered":"<h2>\n\t\tPrincipal <br \/>EMPRESA DE FABRICACI\u00d3N DE MODELOS <br \/>3 d\u00e9cadas de dedicaci\u00f3n\n\t<\/h2>\n<h2>\n\t\tLeader In World Class Architectural Model Making\n\t<\/h2>\n<p>RJ Models is the world&#8217;s largest model making company. We are industry specialists with a global reputation for excellence in architectural model building.<\/p>\n<p>We create over 700 <a href=\"https:\/\/www.rjmodels.com.hk\/es\/guia-de-modelos-arquitectonicos\/\">modelos arquitect\u00f3nicos<\/a> every year. Our team maintains a consistent standard of high-quality scale models for every client.<\/p>\n<p>Nuestras prioridades incluyen distribuir nuestras instalaciones en exclusiva y a nivel mundial, como\u00a0<a href=\"\/es\/fabricantes-de-modelos-arquitectonicos-en-estados-unidos\/\">los Estados Unidos<\/a>,\u00a0<a href=\"https:\/\/www.rjmodels.com.hk\/es\/fabricantes-de-modelos-arquitectonicos-en-el-reino-unido\/\">el Reino Unido<\/a>,\u00a0<a href=\"https:\/\/www.rjmodels.com.hk\/es\/fabricantes-de-modelos-arquitectonicos-en-japon\/\">Jap\u00f3n<\/a>.<\/p>\n<p>RJ Models trabaja en estrecha colaboraci\u00f3n con todos nuestros clientes para lograr la mejor calidad de exhibici\u00f3n y presentaci\u00f3n posible para todo tipo de modelos.<\/p>\n  <ul>\n    <li>\n      <a href=\"https:\/\/www.rjmodels.com.hk\/es\/modelos-de-plan-maestro\/\">Modelos de planificaci\u00f3n maestra<\/a>\n    <\/li>\n    <li>\n      <a href=\"https:\/\/www.rjmodels.com.hk\/es\/office-building-model\/\">Modelos de edificios de oficinas<\/a>\n    <\/li>\n    <li>\n      <a href=\"https:\/\/www.rjmodels.com.hk\/es\/modelo-de-aeropuerto\/\">Modelos de aeropuerto<\/a>\n    <\/li>\n    <li>\n      <a href=\"https:\/\/www.rjmodels.com.hk\/es\/modelo-de-hotel\/\">Modelos de hotel<\/a>\n    <\/li>\n    <li>\n      <a href=\"https:\/\/www.rjmodels.com.hk\/es\/modelo-de-estadio\/\">Modelos de estadio<\/a>\n    <\/li>\n    <li>\n      <a href=\"https:\/\/www.rjmodels.com.hk\/es\/modelos-de-centros-comerciales\/\">Modelos de centros comerciales<\/a>\n    <\/li>\n    <li>\n      <a href=\"https:\/\/www.rjmodels.com.hk\/es\/modelo-interior\/\">Modelos de interiores<\/a>\n    <\/li>\n    <li>\n      <a href=\"https:\/\/www.rjmodels.com.hk\/es\/modelo-de-villa\/\">Modelos de villas<\/a>\n    <\/li>\n  <\/ul>\n  <ul>\n    <li>\n      <a href=\"https:\/\/www.rjmodels.com.hk\/es\/modelo-de-museo\/\">Maquetas de museo<\/a>\n    <\/li>\n    <li>\n      <a href=\"https:\/\/www.rjmodels.com.hk\/es\/modelo-de-parque-tematico\/\">Modelos de parques tem\u00e1ticos<\/a>\n    <\/li>\n    <li>\n      <a href=\"https:\/\/www.rjmodels.com.hk\/es\/modelo-de-paisaje\/\">Modelos de paisaje<\/a>\n    <\/li>\n    <li>\n      <a href=\"https:\/\/www.rjmodels.com.hk\/es\/modelo-industrial\/\">Modelos industriales<\/a>\n    <\/li>\n    <li>\n      <a href=\"https:\/\/www.rjmodels.com.hk\/es\/modelo-de-puente\/\">Modelos de puentes<\/a>\n    <\/li>\n    <li>\n      <a href=\"https:\/\/www.rjmodels.com.hk\/es\/modelo-de-astillero\/\">Modelos de astilleros<\/a>\n    <\/li>\n    <li>\n      <a href=\"https:\/\/www.rjmodels.com.hk\/es\/cruise+terminal+modelo\/\">Modelos de puerto<\/a>\n    <\/li>\n    <li>\n      <a href=\"https:\/\/www.rjmodels.com.hk\/es\/modelos-de-mezquitas\/\">Modelos de mezquitas<\/a>\n    <\/li>\n  <\/ul>\n  <ul>\n    <li>\n      <a href=\"https:\/\/www.rjmodels.com.hk\/es\/modelos-de-edificios-residenciales\/\">Modelos de edificios residenciales<\/a>\n    <\/li>\n    <li>\n      <a href=\"https:\/\/www.rjmodels.com.hk\/es\/modelo-arquitectonico-escolar\/\">Modelos escolares<\/a>\n    <\/li>\n    <li>\n      <a href=\"https:\/\/www.rjmodels.com.hk\/es\/modelo-arquitectonico-de-fachada\/\">Modelos de fachada<\/a>\n    <\/li>\n    <li>\n      <a href=\"https:\/\/www.rjmodels.com.hk\/es\/modelo-arquitectonico-de-seccion\/\">Modelos de secci\u00f3n<\/a>\n    <\/li>\n    <li>\n      <a href=\"https:\/\/www.rjmodels.com.hk\/es\/modelo-de-hospital\/\">Modelos de hospitales<\/a>\n    <\/li>\n    <li>\n      <a href=\"https:\/\/www.rjmodels.com.hk\/es\/white-architectural-model\/\">Modelos arquitect\u00f3nicos blancos<\/a>\n    <\/li>\n    <li>\n      <a href=\"https:\/\/www.rjmodels.com.hk\/es\/modelo-arquitectonico-de-madera\/\">Maquetas arquitect\u00f3nicas de madera<\/a>\n    <\/li>\n    <li>\n      <a href=\"https:\/\/www.rjmodels.com.hk\/es\/servicio-de-modelos-arquitectonicos-impresos-en-3d\/\">Modelos arquitect\u00f3nicos impresos en 3D<\/a>\n    <\/li>\n  <\/ul>\n<h2>\n\t\tOur Global Reach and Capacity\n\t<\/h2>\n\t\t\t<h3>9999+ Projects<\/h3>\t\t\t\n\t\t\t\t<p>Con m\u00e1s de 700 modelos creados cada a\u00f1o, nos esforzamos por mantener la coherencia en la entrega de modelos arquitect\u00f3nicos de alta calidad.<\/p>\n\t\t\t<h3>31\u00a0Years of Experience<\/h3>\t\t\t\n\t\t\t\t<p>RJ Models es una empresa de fabricaci\u00f3n de modelos de barcos de primera l\u00ednea y renombre mundial, fundada en 1995.<\/p>\n\t\t\t<h3>765 bastones<\/h3>\t\t\t\n\t\t\t\t<p>Nuestros modelistas arquitect\u00f3nicos tienen una amplia experiencia y una gran reputaci\u00f3n como especialistas dentro de nuestra industria.<\/p>\n\t\t\t<h3>98 pa\u00edses<\/h3>\t\t\t\n\t\t\t\t<p>RJ Models cuenta con un amplio equipo de profesionales del transporte preparados para cumplir con los plazos m\u00e1s ajustados.<\/p>\n<h2>\n\t\tComun\u00edquese con RJ Models y le ayudaremos a hacer crecer su negocio. \n\t<\/h2>\n\t\n<div class=\"wpcf7 no-js\" id=\"wpcf7-f48034-o1\" lang=\"en-US\" dir=\"ltr\" data-wpcf7-id=\"48034\">\n<div class=\"screen-reader-response\"><p role=\"status\" aria-live=\"polite\" aria-atomic=\"true\"><\/p> <ul><\/ul><\/div>\n<form action=\"\/es\/wp-json\/wp\/v2\/pages\/19#wpcf7-f48034-o1\" method=\"post\" class=\"wpcf7-form init\" aria-label=\"Formulario de contacto\" novalidate=\"novalidate\" data-status=\"init\" data-trp-original-action=\"\/es\/wp-json\/wp\/v2\/pages\/19#wpcf7-f48034-o1\">\n<fieldset class=\"hidden-fields-container\"><input type=\"hidden\" name=\"_wpcf7\" value=\"48034\" \/><input type=\"hidden\" name=\"_wpcf7_version\" value=\"6.1.5\" \/><input type=\"hidden\" name=\"_wpcf7_locale\" value=\"en_US\" \/><input type=\"hidden\" name=\"_wpcf7_unit_tag\" value=\"wpcf7-f48034-o1\" \/><input type=\"hidden\" name=\"_wpcf7_container_post\" value=\"0\" \/><input type=\"hidden\" name=\"_wpcf7_posted_data_hash\" value=\"\" \/>\n<\/fieldset>\n<div class=\"uabb-cf7-col-1\">\n\t<p><span class=\"wpcf7-form-control-wrap\" data-name=\"your-name\"><input size=\"40\" maxlength=\"400\" class=\"wpcf7-form-control wpcf7-text wpcf7-validates-as-required\" aria-required=\"true\" aria-invalid=\"false\" placeholder=\"Su nombre\" value=\"\" type=\"text\" name=\"your-name\" \/><\/span>\n\t<\/p>\n<\/div>\n<div class=\"uabb-cf7-col-1\">\n\t<p><span class=\"wpcf7-form-control-wrap\" data-name=\"your-email\"><input size=\"40\" maxlength=\"400\" class=\"wpcf7-form-control wpcf7-email wpcf7-validates-as-required wpcf7-text wpcf7-validates-as-email\" aria-required=\"true\" aria-invalid=\"false\" placeholder=\"Su correo electr\u00f3nico*\" value=\"\" type=\"email\" name=\"your-email\" \/><\/span>\n\t<\/p>\n<\/div>\n<div class=\"uabb-cf7-col-1\">\n\t<p><span class=\"wpcf7-form-control-wrap\" data-name=\"your-company\"><input size=\"40\" maxlength=\"400\" class=\"wpcf7-form-control wpcf7-text\" aria-invalid=\"false\" placeholder=\"El nombre de su empresa\" value=\"\" type=\"text\" name=\"your-company\" \/><\/span>\n\t<\/p>\n<\/div>\n<div class=\"uabb-cf7-col-1\">\n\t<p><span class=\"wpcf7-form-control-wrap\" data-name=\"purpose\"><input size=\"40\" maxlength=\"400\" class=\"wpcf7-form-control wpcf7-text\" aria-invalid=\"false\" placeholder=\"Prop\u00f3sito del Modelo: (Marketing, Competencia, Presentaci\u00f3n)\" value=\"\" type=\"text\" name=\"purpose\" \/><\/span>\n\t<\/p>\n<\/div>\n<div class=\"uabb-cf7-col-1\">\n\t<p><span class=\"wpcf7-form-control-wrap\" data-name=\"size\"><input size=\"40\" maxlength=\"400\" class=\"wpcf7-form-control wpcf7-text\" aria-invalid=\"false\" placeholder=\"Escala y tama\u00f1o esperados: (LxAnxAl)\" value=\"\" type=\"text\" name=\"size\" \/><\/span>\n\t<\/p>\n<\/div>\n<div class=\"uabb-cf7-col-1\">\n\t<p><span class=\"wpcf7-form-control-wrap\" data-name=\"date\"><input size=\"40\" maxlength=\"400\" class=\"wpcf7-form-control wpcf7-text\" aria-invalid=\"false\" placeholder=\"Fecha de finalizaci\u00f3n prevista\" value=\"\" type=\"text\" name=\"date\" \/><\/span>\n\t<\/p>\n<\/div>\n<div class=\"uabb-cf7-col-1\">\n\t<p><span class=\"wpcf7-form-control-wrap\" data-name=\"delivery\"><input size=\"40\" maxlength=\"400\" class=\"wpcf7-form-control wpcf7-text\" aria-invalid=\"false\" placeholder=\"Destinos de Entrega e Instalaci\u00f3n: (Ciudad, Pa\u00eds)\" value=\"\" type=\"text\" name=\"delivery\" \/><\/span>\n\t<\/p>\n<\/div>\n<div class=\"uabb-cf7-col-1\">\n\t<p><span class=\"wpcf7-form-control-wrap\" data-name=\"expected-date\"><input size=\"40\" maxlength=\"400\" class=\"wpcf7-form-control wpcf7-text\" aria-invalid=\"false\" placeholder=\"Fecha prevista para la visita a la f\u00e1brica: (Mes, Fecha \/ M\u00e1s adelante)\" value=\"\" type=\"text\" name=\"expected-date\" \/><\/span>\n\t<\/p>\n<\/div>\n<div class=\"uabb-cf7-col-1\">\n\t<p><span class=\"wpcf7-form-control-wrap\" data-name=\"your-message\"><textarea cols=\"60\" rows=\"3\" maxlength=\"2000\" class=\"wpcf7-form-control wpcf7-textarea wpcf7-validates-as-required\" aria-required=\"true\" aria-invalid=\"false\" placeholder=\"Tu mensaje*\" name=\"your-message\"><\/textarea><\/span>\n\t<\/p>\n<\/div>\n<div class=\"uabb-cf7-col-1\">\n\t<p><span class=\"wpcf7-form-control-wrap\" data-name=\"upload-file-221\"><input size=\"40\" class=\"wpcf7-form-control wpcf7-drag-n-drop-file d-none\" aria-invalid=\"false\" type=\"file\" multiple=\"multiple\" data-name=\"upload-file-221\" data-type=\"jpg|jpeg|zip|png|gif|rar|pdf\" data-limit=\"104857600\" data-id=\"48034\" data-version=\"free version 1.3.9.6\" accept=\".jpg, .jpeg, .zip, .png, .gif, .rar, .pdf\" \/><\/span>(Por favor env\u00edenoslo por Dropbox o WeTransfer, o a nuestro correo electr\u00f3nico: <a href=\"mailto:marketing@rjmodels.com.hk\">marketing@rjmodels.com.hk<\/a> Si los archivos son mayores a 50 MB. )\n\t<\/p>\n<\/div>\n<div class=\"uabb-cf7-col-1\">\n\t<p><input class=\"wpcf7-form-control wpcf7-submit has-spinner cf7-submit\" type=\"submit\" value=\"COTIZACI\u00d3N GRATUITA\" \/>\n\t<\/p>\n<\/div>\n<p><script>\ndocument.addEventListener( 'wpcf7mailsent', function( event ) {\n location = '\/thank-you-rj-models\/';\n}, false );\n<\/script>\n<\/p>\n<style>\n.cf7-submit{display: grid;margin: auto;}\n<\/style><p style=\"display: none !important;\" class=\"akismet-fields-container\" data-prefix=\"_wpcf7_ak_\"><label>\u0394<textarea name=\"_wpcf7_ak_hp_textarea\" cols=\"45\" rows=\"8\" maxlength=\"100\"><\/textarea><\/label><input type=\"hidden\" id=\"ak_js_1\" name=\"_wpcf7_ak_js\" value=\"102\"\/><script>\ndocument.getElementById( \"ak_js_1\" ).setAttribute( \"value\", ( new Date() ).getTime() );\n<\/script>\n<\/p><div class=\"wpcf7-response-output\" aria-hidden=\"true\"><\/div>\n<input type=\"hidden\" name=\"trp-form-language\" value=\"es\"\/><\/form>\n<\/div>\n\n\t<p>Nuestra visi\u00f3n es proporcionar modelos a escala 3D de la m\u00e1s alta calidad a cualquier parte del mundo.<\/p>\n<p>P\u00f3ngase en contacto con nosotros y le responderemos en 24 horas.<\/p>\n\t\t\t\t<img loading=\"lazy\" decoding=\"async\" src=\"https:\/\/www.rjmodels.com.hk\/wp-content\/uploads\/2022\/05\/350-600-2.jpg\" alt=\"Constructor de modelos arquitect\u00f3nicos\" itemprop=\"image\" height=\"600\" width=\"350\" title=\"Constructor de modelos arquitect\u00f3nicos\" onerror=\"this.style.display='none'\"  \/>","protected":false},"excerpt":{"rendered":"<p>Leading MODEL MAKING COMPANY 3 Decades of Dedication Leader In World Class Architectural Model Making RJ Models is the world&#8217;s largest model making company. We are industry specialists with a global reputation for excellence in architectural model building. We create over 700 architectural models every year. Our team maintains a consistent standard of high-quality scale [&hellip;]<\/p>\n","protected":false},"author":2,"featured_media":0,"parent":0,"menu_order":119,"comment_status":"closed","ping_status":"closed","template":"","meta":{"_acf_changed":false,"site-sidebar-layout":"no-sidebar","site-content-layout":"page-builder","ast-site-content-layout":"full-width-container","site-content-style":"unboxed","site-sidebar-style":"unboxed","ast-global-header-display":"","ast-banner-title-visibility":"","ast-main-header-display":"","ast-hfb-above-header-display":"","ast-hfb-below-header-display":"","ast-hfb-mobile-header-display":"","site-post-title":"disabled","ast-breadcrumbs-content":"","ast-featured-img":"disabled","footer-sml-layout":"","theme-transparent-header-meta":"default","adv-header-id-meta":"","stick-header-meta":"default","header-above-stick-meta":"","header-main-stick-meta":"","header-below-stick-meta":"","astra-migrate-meta-layouts":"set","ast-page-background-enabled":"default","ast-page-background-meta":{"desktop":{"background-color":"","background-image":"","background-repeat":"repeat","background-position":"center center","background-size":"auto","background-attachment":"scroll","background-type":"","background-media":"","overlay-type":"","overlay-color":"","overlay-opacity":"","overlay-gradient":""},"tablet":{"background-color":"","background-image":"","background-repeat":"repeat","background-position":"center center","background-size":"auto","background-attachment":"scroll","background-type":"","background-media":"","overlay-type":"","overlay-color":"","overlay-opacity":"","overlay-gradient":""},"mobile":{"background-color":"","background-image":"","background-repeat":"repeat","background-position":"center center","background-size":"auto","background-attachment":"scroll","background-type":"","background-media":"","overlay-type":"","overlay-color":"","overlay-opacity":"","overlay-gradient":""}},"ast-content-background-meta":{"desktop":{"background-color":"var(--ast-global-color-5)","background-image":"","background-repeat":"repeat","background-position":"center center","background-size":"auto","background-attachment":"scroll","background-type":"","background-media":"","overlay-type":"","overlay-color":"","overlay-opacity":"","overlay-gradient":""},"tablet":{"background-color":"var(--ast-global-color-5)","background-image":"","background-repeat":"repeat","background-position":"center center","background-size":"auto","background-attachment":"scroll","background-type":"","background-media":"","overlay-type":"","overlay-color":"","overlay-opacity":"","overlay-gradient":""},"mobile":{"background-color":"var(--ast-global-color-5)","background-image":"","background-repeat":"repeat","background-position":"center center","background-size":"auto","background-attachment":"scroll","background-type":"","background-media":"","overlay-type":"","overlay-color":"","overlay-opacity":"","overlay-gradient":""}},"footnotes":""},"class_list":["post-19","page","type-page","status-publish","hentry"],"acf":[],"yoast_head":"<!-- This site is optimized with the Yoast SEO plugin v27.5 - https:\/\/yoast.com\/product\/yoast-seo-wordpress\/ -->\n<title>About RJ Models | World&#039;s Largest Model Making Company<\/title>\n<meta name=\"description\" content=\"RJ Models is the world&#039;s largest architectural model maker. With 30 years of experience, we deliver 700+ scale models annually.\" \/>\n<meta name=\"robots\" content=\"index, follow, max-snippet:-1, max-image-preview:large, max-video-preview:-1\" \/>\n<link rel=\"canonical\" href=\"https:\/\/www.rjmodels.com.hk\/es\/acerca-de\/\" \/>\n<meta property=\"og:locale\" content=\"es_ES\" \/>\n<meta property=\"og:type\" content=\"article\" \/>\n<meta property=\"og:title\" content=\"About RJ Models | World&#039;s Largest Model Making Company\" \/>\n<meta property=\"og:description\" content=\"RJ Models is the world&#039;s largest architectural model maker. With 30 years of experience, we deliver 700+ scale models annually.\" \/>\n<meta property=\"og:url\" content=\"https:\/\/www.rjmodels.com.hk\/es\/acerca-de\/\" \/>\n<meta property=\"og:site_name\" content=\"RJ Models\" \/>\n<meta property=\"article:publisher\" content=\"https:\/\/www.facebook.com\/rjmodelmaking\" \/>\n<meta property=\"article:modified_time\" content=\"2026-04-20T02:08:55+00:00\" \/>\n<meta property=\"og:image\" content=\"https:\/\/www.rjmodels.com.hk\/wp-content\/uploads\/2022\/05\/350-600-2.jpg\" \/>\n<meta name=\"twitter:card\" content=\"summary_large_image\" \/>\n<meta name=\"twitter:label1\" content=\"Tiempo de lectura\" \/>\n\t<meta name=\"twitter:data1\" content=\"5 minutos\" \/>\n<script type=\"application\/ld+json\" class=\"yoast-schema-graph\">{\"@context\":\"https:\\\/\\\/schema.org\",\"@graph\":[{\"@type\":\"WebPage\",\"@id\":\"https:\\\/\\\/www.rjmodels.com.hk\\\/about\\\/\",\"url\":\"https:\\\/\\\/www.rjmodels.com.hk\\\/about\\\/\",\"name\":\"About RJ Models | World's Largest Model Making Company\",\"isPartOf\":{\"@id\":\"https:\\\/\\\/www.rjmodels.com.hk\\\/#website\"},\"primaryImageOfPage\":{\"@id\":\"https:\\\/\\\/www.rjmodels.com.hk\\\/about\\\/#primaryimage\"},\"image\":{\"@id\":\"https:\\\/\\\/www.rjmodels.com.hk\\\/about\\\/#primaryimage\"},\"thumbnailUrl\":\"https:\\\/\\\/www.rjmodels.com.hk\\\/wp-content\\\/uploads\\\/2022\\\/05\\\/350-600-2.jpg\",\"datePublished\":\"2018-01-07T07:46:06+00:00\",\"dateModified\":\"2026-04-20T02:08:55+00:00\",\"description\":\"RJ Models is the world's largest architectural model maker. With 30 years of experience, we deliver 700+ scale models annually.\",\"breadcrumb\":{\"@id\":\"https:\\\/\\\/www.rjmodels.com.hk\\\/about\\\/#breadcrumb\"},\"inLanguage\":\"es\",\"potentialAction\":[{\"@type\":\"ReadAction\",\"target\":[\"https:\\\/\\\/www.rjmodels.com.hk\\\/about\\\/\"]}]},{\"@type\":\"ImageObject\",\"inLanguage\":\"es\",\"@id\":\"https:\\\/\\\/www.rjmodels.com.hk\\\/about\\\/#primaryimage\",\"url\":\"https:\\\/\\\/www.rjmodels.com.hk\\\/wp-content\\\/uploads\\\/2022\\\/05\\\/350-600-2.jpg\",\"contentUrl\":\"https:\\\/\\\/www.rjmodels.com.hk\\\/wp-content\\\/uploads\\\/2022\\\/05\\\/350-600-2.jpg\"},{\"@type\":\"BreadcrumbList\",\"@id\":\"https:\\\/\\\/www.rjmodels.com.hk\\\/about\\\/#breadcrumb\",\"itemListElement\":[{\"@type\":\"ListItem\",\"position\":1,\"name\":\"Home\",\"item\":\"https:\\\/\\\/www.rjmodels.com.hk\\\/\"},{\"@type\":\"ListItem\",\"position\":2,\"name\":\"About\"}]},{\"@type\":\"WebSite\",\"@id\":\"https:\\\/\\\/www.rjmodels.com.hk\\\/#website\",\"url\":\"https:\\\/\\\/www.rjmodels.com.hk\\\/\",\"name\":\"RJ Models\",\"description\":\"\",\"publisher\":{\"@id\":\"https:\\\/\\\/www.rjmodels.com.hk\\\/#organization\"},\"potentialAction\":[{\"@type\":\"SearchAction\",\"target\":{\"@type\":\"EntryPoint\",\"urlTemplate\":\"https:\\\/\\\/www.rjmodels.com.hk\\\/?s={search_term_string}\"},\"query-input\":{\"@type\":\"PropertyValueSpecification\",\"valueRequired\":true,\"valueName\":\"search_term_string\"}}],\"inLanguage\":\"es\"},{\"@type\":\"Organization\",\"@id\":\"https:\\\/\\\/www.rjmodels.com.hk\\\/#organization\",\"name\":\"RJ Models\",\"url\":\"https:\\\/\\\/www.rjmodels.com.hk\\\/\",\"logo\":{\"@type\":\"ImageObject\",\"inLanguage\":\"es\",\"@id\":\"https:\\\/\\\/www.rjmodels.com.hk\\\/#\\\/schema\\\/logo\\\/image\\\/\",\"url\":\"https:\\\/\\\/www.rjmodels.com.hk\\\/wp-content\\\/uploads\\\/2021\\\/11\\\/cropped-logo-12.png\",\"contentUrl\":\"https:\\\/\\\/www.rjmodels.com.hk\\\/wp-content\\\/uploads\\\/2021\\\/11\\\/cropped-logo-12.png\",\"width\":681,\"height\":162,\"caption\":\"RJ Models\"},\"image\":{\"@id\":\"https:\\\/\\\/www.rjmodels.com.hk\\\/#\\\/schema\\\/logo\\\/image\\\/\"},\"sameAs\":[\"https:\\\/\\\/www.facebook.com\\\/rjmodelmaking\"]}]}<\/script>\n<!-- \/ Yoast SEO plugin. -->","yoast_head_json":{"title":"About RJ Models | World's Largest Model Making Company","description":"RJ Models is the world's largest architectural model maker. With 30 years of experience, we deliver 700+ scale models annually.","robots":{"index":"index","follow":"follow","max-snippet":"max-snippet:-1","max-image-preview":"max-image-preview:large","max-video-preview":"max-video-preview:-1"},"canonical":"https:\/\/www.rjmodels.com.hk\/es\/acerca-de\/","og_locale":"es_ES","og_type":"article","og_title":"About RJ Models | World's Largest Model Making Company","og_description":"RJ Models is the world's largest architectural model maker. With 30 years of experience, we deliver 700+ scale models annually.","og_url":"https:\/\/www.rjmodels.com.hk\/es\/acerca-de\/","og_site_name":"RJ Models","article_publisher":"https:\/\/www.facebook.com\/rjmodelmaking","article_modified_time":"2026-04-20T02:08:55+00:00","og_image":[{"url":"https:\/\/www.rjmodels.com.hk\/wp-content\/uploads\/2022\/05\/350-600-2.jpg","type":"","width":"","height":""}],"twitter_card":"summary_large_image","twitter_misc":{"Tiempo de lectura":"5 minutos"},"schema":{"@context":"https:\/\/schema.org","@graph":[{"@type":"WebPage","@id":"https:\/\/www.rjmodels.com.hk\/about\/","url":"https:\/\/www.rjmodels.com.hk\/about\/","name":"About RJ Models | World's Largest Model Making Company","isPartOf":{"@id":"https:\/\/www.rjmodels.com.hk\/#website"},"primaryImageOfPage":{"@id":"https:\/\/www.rjmodels.com.hk\/about\/#primaryimage"},"image":{"@id":"https:\/\/www.rjmodels.com.hk\/about\/#primaryimage"},"thumbnailUrl":"https:\/\/www.rjmodels.com.hk\/wp-content\/uploads\/2022\/05\/350-600-2.jpg","datePublished":"2018-01-07T07:46:06+00:00","dateModified":"2026-04-20T02:08:55+00:00","description":"RJ Models is the world's largest architectural model maker. With 30 years of experience, we deliver 700+ scale models annually.","breadcrumb":{"@id":"https:\/\/www.rjmodels.com.hk\/about\/#breadcrumb"},"inLanguage":"es","potentialAction":[{"@type":"ReadAction","target":["https:\/\/www.rjmodels.com.hk\/about\/"]}]},{"@type":"ImageObject","inLanguage":"es","@id":"https:\/\/www.rjmodels.com.hk\/about\/#primaryimage","url":"https:\/\/www.rjmodels.com.hk\/wp-content\/uploads\/2022\/05\/350-600-2.jpg","contentUrl":"https:\/\/www.rjmodels.com.hk\/wp-content\/uploads\/2022\/05\/350-600-2.jpg"},{"@type":"BreadcrumbList","@id":"https:\/\/www.rjmodels.com.hk\/about\/#breadcrumb","itemListElement":[{"@type":"ListItem","position":1,"name":"Home","item":"https:\/\/www.rjmodels.com.hk\/"},{"@type":"ListItem","position":2,"name":"About"}]},{"@type":"WebSite","@id":"https:\/\/www.rjmodels.com.hk\/#website","url":"https:\/\/www.rjmodels.com.hk\/","name":"RJ Models","description":"","publisher":{"@id":"https:\/\/www.rjmodels.com.hk\/#organization"},"potentialAction":[{"@type":"SearchAction","target":{"@type":"EntryPoint","urlTemplate":"https:\/\/www.rjmodels.com.hk\/?s={search_term_string}"},"query-input":{"@type":"PropertyValueSpecification","valueRequired":true,"valueName":"search_term_string"}}],"inLanguage":"es"},{"@type":"Organization","@id":"https:\/\/www.rjmodels.com.hk\/#organization","name":"RJ Models","url":"https:\/\/www.rjmodels.com.hk\/","logo":{"@type":"ImageObject","inLanguage":"es","@id":"https:\/\/www.rjmodels.com.hk\/#\/schema\/logo\/image\/","url":"https:\/\/www.rjmodels.com.hk\/wp-content\/uploads\/2021\/11\/cropped-logo-12.png","contentUrl":"https:\/\/www.rjmodels.com.hk\/wp-content\/uploads\/2021\/11\/cropped-logo-12.png","width":681,"height":162,"caption":"RJ Models"},"image":{"@id":"https:\/\/www.rjmodels.com.hk\/#\/schema\/logo\/image\/"},"sameAs":["https:\/\/www.facebook.com\/rjmodelmaking"]}]}},"_links":{"self":[{"href":"https:\/\/www.rjmodels.com.hk\/es\/wp-json\/wp\/v2\/pages\/19","targetHints":{"allow":["GET"]}}],"collection":[{"href":"https:\/\/www.rjmodels.com.hk\/es\/wp-json\/wp\/v2\/pages"}],"about":[{"href":"https:\/\/www.rjmodels.com.hk\/es\/wp-json\/wp\/v2\/types\/page"}],"author":[{"embeddable":true,"href":"https:\/\/www.rjmodels.com.hk\/es\/wp-json\/wp\/v2\/users\/2"}],"replies":[{"embeddable":true,"href":"https:\/\/www.rjmodels.com.hk\/es\/wp-json\/wp\/v2\/comments?post=19"}],"version-history":[{"count":4,"href":"https:\/\/www.rjmodels.com.hk\/es\/wp-json\/wp\/v2\/pages\/19\/revisions"}],"predecessor-version":[{"id":79436,"href":"https:\/\/www.rjmodels.com.hk\/es\/wp-json\/wp\/v2\/pages\/19\/revisions\/79436"}],"wp:attachment":[{"href":"https:\/\/www.rjmodels.com.hk\/es\/wp-json\/wp\/v2\/media?parent=19"}],"curies":[{"name":"wp","href":"https:\/\/api.w.org\/{rel}","templated":true}]}}