{"id":782,"date":"2018-03-16T14:34:30","date_gmt":"2018-03-16T14:34:30","guid":{"rendered":"https:\/\/www.rjmodels.com.hk\/?page_id=782"},"modified":"2022-10-18T08:45:58","modified_gmt":"2022-10-18T08:45:58","slug":"how-rj-models-helps-you-make-your-design-into-3d-printed-architectural-model","status":"publish","type":"page","link":"https:\/\/www.rjmodels.com.hk\/de\/faqs\/verfahren-zum-drucken-eines-3d-architekturmodells\/","title":{"rendered":"Wie RJ Models Ihnen hilft, Ihren Entwurf in ein 3D-gedrucktes Architekturmodell umzusetzen"},"content":{"rendered":"<h2>\n\t\tWie RJ Models Ihnen hilft, Ihr Design zu <p>3D-gedrucktes Architekturmodell<\/p>\n\t<\/h2>\n\tRJ Models ist ein weltweit f\u00fchrendes Unternehmen im Bereich der Herstellung von Architekturmodellen im 3D-Druckverfahren.<br>\nMit unserer 3D-Drucktechnologie werden jedes Jahr weltweit \u00fcber 700 Architekturmodelle f\u00fcr Projekte in den Bereichen B\u00fcro, Freizeit und Sport, Innenarchitektur, Schifffahrt usw. gedruckt.\n<p>RJ Models consistently deliver high-quality scale 3D printed architectural models based on your requirements. And we make serious efforts to distribute client&#8217;s installations exclusively and worldwide.<\/p>\n<p>RJ Models bietet Ihnen die M\u00f6glichkeit, Ihr Design in 3D-gedruckte Architekturmodelle umzusetzen. Wir von RJ Models unterst\u00fctzen Sie gerne.<\/p>\n<p>Von allen Kunden, die unsere 3D-Druckdienste nutzen m\u00f6chten, verlangen wir bei RJ Models die strikte Einhaltung der folgenden Verfahren:<\/p>\n<h2>\n\t\tGeben Sie Ihre Angebotsanforderung an.\n\t<\/h2>\n<p>Um Ihnen ein Angebot erstellen zu k\u00f6nnen, ben\u00f6tigen wir idealerweise folgende umfassende Informationen:<\/p>\n<ul>\n<li>Das endg\u00fcltige Design des 3D-gedruckten Modells kann in STL-Dateien\/3D-Druckerdateien\/Rhino\/Sketch-Up\/3D Max\/3D AutoCAD usw. vorliegen.<\/li>\n<li>Ihr erwarteter Ma\u00dfstab oder Ihre Modellgr\u00f6\u00dfe.<\/li>\n<li>Renderings als Referenz (falls vorhanden)<\/li>\n<li>Liefer- und Installationsorte<\/li>\n<li>Voraussichtlicher Fertigstellungstermin<\/li>\n<li>Sie k\u00f6nnen auch \u00e4hnliche Modellfotos von unserer Website ausw\u00e4hlen, die Ihrem erwarteten Modelldetailstandard und Stil entsprechen.<\/li>\n<li>Alle Anforderungen wie Beleuchtung, Farbe usw. f\u00fcr das 3D-gedruckte Modell.<\/li>\n<\/ul>\n<p>Wenn Sie noch in einer fr\u00fchen Phase des Bauprozesses sind und keine der oben genannten Informationen bereitstellen k\u00f6nnen, werden wir unser Bestes tun, um Ihren Anforderungen nachzukommen.<\/p>\n<p>Nach Erhalt Ihrer Anforderungen erstellen wir ein umfassendes Modellspezifikationsdiagramm und senden Ihnen unser Angebot innerhalb von 48 Stunden.<\/p>\n\t\t\t\t<img decoding=\"async\" src=\"https:\/\/www.rjmodels.com.hk\/wp-content\/uploads\/2018\/03\/step1Image.jpg\" alt=\"Schritt 1Bild\" itemprop=\"image\" title=\"Schritt 1Bild\" onerror=\"this.style.display='none'\">\n<h2>\n\t\tEmpfang der Projektinformationen\n\t<\/h2>\n\tErfahren Sie alles Wissenswerte \u00fcber das endg\u00fcltige Design von 3D-gedruckten Architekturmodellen<br>\nUnabh\u00e4ngig davon, ob Sie Ihre 3D-Datei zum ersten Mal erstellen oder nicht, m\u00fcssen Sie darauf achten, dass diese drei Kriterien erf\u00fcllt sind.\n<ul>\n<li>The model must be &#8220;water-tight&#8221;. In ordinary terms, this means that there shouldn&#8217;t be any holes in the shell of the model. In more technical terms, the model must be &#8220;manifold&#8221; or solid.<\/li>\n<li>Normally in the digital world, every surface has a front and a back face. This surface orientation is called a &#8220;normal&#8221;. So, make sure that your expected model&#8217;s normal are unified. If two adjacent surfaces have different normal directions, this file input may confuse the 3D printer.<\/li>\n<\/ul>\n\t<ul>\n<li>Alle Komponenten des Modells m\u00fcssen eine angemessene Dicke aufweisen. Manche 3D-Druckmaterialien erm\u00f6glichen zwar eine h\u00f6here Aufl\u00f6sung und Detailgenauigkeit als andere, doch der Versuch, Geometrien ohne Dicke zu drucken, ist erfolglos. Dies f\u00fchrt zu einem unerw\u00fcnschten Modell oder Ergebnis.<\/li>\n<\/ul>\n<p>Die gute Nachricht ist, dass Sie ein Modell mit vielf\u00e4ltiger Geometrie haben, wenn diese drei Kriterien in Ihrer 3D-Datei erf\u00fcllt sind.<\/p>\n<h2>\n\t\tModel Sample Preparation &amp; Confirmation\n\t<\/h2>\n\t<p>RJ Models kann bei Bedarf auch w\u00e4hrend der Modellproduktion einen Teil des Musters erstellen, um die Anzeigewirkung des gesamten Modells zu bestimmen.<\/p>\n<p>Beispielsweise Farb\u00fcbereinstimmung, Textur und Lichteffekt des 3D-gedruckten Modells, um sicherzustellen, dass das Muster mit Ihrer Designphilosophie \u00fcbereinstimmt.<\/p>\n<p>Fahren Sie dann mit der gesamten Produktion des 3D-gedruckten Architekturmodells fort.<\/p>\n<h2>\n\t\t3D-gedrucktes Architekturmodell \u2013 Handarbeit im Gange\n\t<\/h2>\n\t<p>Unsere professionellen Architekturmodellbauer arbeiten bei jedem Schritt der Herstellung Ihrer 3D-gedruckten Architekturmodelle mit Ihnen zusammen.<\/p>\n<p>Sie erhalten regelm\u00e4\u00dfig Fotos von ihrem Fortschritt, sodass Sie ihre Arbeiten absegnen und gegebenenfalls Feedback geben k\u00f6nnen.<\/p>\n<p>Wir stellen Ihnen bei jedem wichtigen Meilenstein Fotos der Prozesse zur Verf\u00fcgung, um sicherzustellen, dass Ihr 3D-gedrucktes Architekturmodell von h\u00f6chster Qualit\u00e4t ist.<\/p>\n<h2>\n\t\tThe 3D Printed Model Completes Transportation &amp; Installation\n\t<\/h2>\n\t<p>Sobald unsere Architekturmodellbauer ihre Arbeit an Ihrem 3D-gedruckten Architekturmodell abgeschlossen haben, senden wir es Ihnen zur \u00dcberpr\u00fcfung zu.<\/p>\n<p>Und sobald wir die endg\u00fcltige Genehmigung von Ihnen erhalten, beauftragen wir unsere professionellen Modellbauer mit der Verpackung des 3D-gedruckten Modells.<\/p>\n<p>Wenn Sie mit dem Modell reisen oder es mehrmals in verschiedenen L\u00e4ndern zeigen m\u00fcssen, kann RJ Models ein individuelles Design erstellen und ein geeignetes Flightcase herstellen.<\/p>\n<p>Wir haben zahlreiche F\u00e4lle, die die Verf\u00fcgbarkeit des Koffers best\u00e4tigen.<\/p>\n<p>Abschlie\u00dfend liefern wir das 3D-gedruckte Architekturmodell an den gew\u00fcnschten Bestimmungsort.<\/p>\n<h2>\n\t\tEinige Kunden von RJ Models\n\t<\/h2>\n\t<p><a href=\"https:\/\/www.rjmodels.com.hk\/de\/kunden\/\">Alle Kunden anzeigen<\/a><\/p>\n<h2>\n\t\tContact RJ Models &amp; Start Making You the Top\n\t<\/h2>\n\t\n<div class=\"wpcf7 no-js\" id=\"wpcf7-f13103-o1\" lang=\"en-US\" dir=\"ltr\" data-wpcf7-id=\"13103\">\n<div class=\"screen-reader-response\"><p role=\"status\" aria-live=\"polite\" aria-atomic=\"true\"><\/p> <ul><\/ul><\/div>\n<form action=\"\/de\/wp-json\/wp\/v2\/pages\/782#wpcf7-f13103-o1\" method=\"post\" class=\"wpcf7-form init\" aria-label=\"Kontaktformular\" novalidate=\"novalidate\" data-status=\"init\" data-trp-original-action=\"\/de\/wp-json\/wp\/v2\/pages\/782#wpcf7-f13103-o1\">\n<fieldset class=\"hidden-fields-container\"><input type=\"hidden\" name=\"_wpcf7\" value=\"13103\" \/><input type=\"hidden\" name=\"_wpcf7_version\" value=\"6.1.5\" \/><input type=\"hidden\" name=\"_wpcf7_locale\" value=\"en_US\" \/><input type=\"hidden\" name=\"_wpcf7_unit_tag\" value=\"wpcf7-f13103-o1\" \/><input type=\"hidden\" name=\"_wpcf7_container_post\" value=\"0\" \/><input type=\"hidden\" name=\"_wpcf7_posted_data_hash\" value=\"\" \/>\n<\/fieldset>\n<div class=\"uabb-cf7-col-1\">\n\t<p><span class=\"wpcf7-form-control-wrap\" data-name=\"your-name\"><input size=\"40\" maxlength=\"400\" class=\"wpcf7-form-control wpcf7-text wpcf7-validates-as-required\" aria-required=\"true\" aria-invalid=\"false\" placeholder=\"Ihr Name\" value=\"\" type=\"text\" name=\"your-name\" \/><\/span>\n\t<\/p>\n<\/div>\n<div class=\"uabb-cf7-col-1\">\n\t<p><span class=\"wpcf7-form-control-wrap\" data-name=\"your-email\"><input size=\"40\" maxlength=\"400\" class=\"wpcf7-form-control wpcf7-email wpcf7-validates-as-required wpcf7-text wpcf7-validates-as-email\" aria-required=\"true\" aria-invalid=\"false\" placeholder=\"Ihre E-Mail*\" value=\"\" type=\"email\" name=\"your-email\" \/><\/span>\n\t<\/p>\n<\/div>\n<div class=\"uabb-cf7-col-1\">\n\t<p><span class=\"wpcf7-form-control-wrap\" data-name=\"your-company\"><input size=\"40\" maxlength=\"400\" class=\"wpcf7-form-control wpcf7-text\" aria-invalid=\"false\" placeholder=\"Ihr Firmenname\" value=\"\" type=\"text\" name=\"your-company\" \/><\/span>\n\t<\/p>\n<\/div>\n<div class=\"uabb-cf7-col-1\">\n\t<p><span class=\"wpcf7-form-control-wrap\" data-name=\"purpose\"><input size=\"40\" maxlength=\"400\" class=\"wpcf7-form-control wpcf7-text\" aria-invalid=\"false\" placeholder=\"Zweck des Modells: (Marketing, Wettbewerb, Pr\u00e4sentation)\" value=\"\" type=\"text\" name=\"purpose\" \/><\/span>\n\t<\/p>\n<\/div>\n<div class=\"uabb-cf7-col-1\">\n\t<p><span class=\"wpcf7-form-control-wrap\" data-name=\"size\"><input size=\"40\" maxlength=\"400\" class=\"wpcf7-form-control wpcf7-text\" aria-invalid=\"false\" placeholder=\"Erwarteter Ma\u00dfstab und Gr\u00f6\u00dfe: (L x B x H)\" value=\"\" type=\"text\" name=\"size\" \/><\/span>\n\t<\/p>\n<\/div>\n<div class=\"uabb-cf7-col-1\">\n\t<p><span class=\"wpcf7-form-control-wrap\" data-name=\"date\"><input size=\"40\" maxlength=\"400\" class=\"wpcf7-form-control wpcf7-text\" aria-invalid=\"false\" placeholder=\"Voraussichtliches Fertigstellungsdatum\" value=\"\" type=\"text\" name=\"date\" \/><\/span>\n\t<\/p>\n<\/div>\n<div class=\"uabb-cf7-col-1\">\n\t<p><span class=\"wpcf7-form-control-wrap\" data-name=\"delivery\"><input size=\"40\" maxlength=\"400\" class=\"wpcf7-form-control wpcf7-text\" aria-invalid=\"false\" placeholder=\"Liefer- und Installationsziele: (Stadt, Land)\" value=\"\" type=\"text\" name=\"delivery\" \/><\/span>\n\t<\/p>\n<\/div>\n<div class=\"uabb-cf7-col-1\">\n\t<p><span class=\"wpcf7-form-control-wrap\" data-name=\"your-message\"><textarea cols=\"60\" rows=\"3\" maxlength=\"2000\" class=\"wpcf7-form-control wpcf7-textarea wpcf7-validates-as-required\" aria-required=\"true\" aria-invalid=\"false\" placeholder=\"Ihre Nachricht*\" name=\"your-message\"><\/textarea><\/span>\n\t<\/p>\n<\/div>\n<div class=\"uabb-cf7-col-1\">\n\t<p><span class=\"wpcf7-form-control-wrap\" data-name=\"upload-file-221\"><input size=\"40\" class=\"wpcf7-form-control wpcf7-drag-n-drop-file d-none\" aria-invalid=\"false\" type=\"file\" multiple=\"multiple\" data-name=\"upload-file-221\" data-type=\"jpg|jpeg|zip|png|gif|rar|pdf\" data-limit=\"104857600\" data-id=\"13103\" data-version=\"free version 1.3.9.6\" accept=\".jpg, .jpeg, .zip, .png, .gif, .rar, .pdf\" \/><\/span>(Bitte senden Sie uns per Dropbox oder WeTransfer oder per E-Mail: <a href=\"mailto:marketing@rjmodels.com.hk\">marketing@rjmodels.com.hk<\/a> wenn die Dateien gr\u00f6\u00dfer als 50 MB sind.)\n\t<\/p>\n<\/div>\n<div class=\"uabb-cf7-col-1\">\n\t<p><input class=\"wpcf7-form-control wpcf7-submit has-spinner cf7-submit\" type=\"submit\" value=\"KOSTENLOSES ANGEBOT\" \/>\n\t<\/p>\n<\/div>\n<p><script>\ndocument.addEventListener( 'wpcf7mailsent', function( event ) {\n location = '\/thank-you-rj-models\/';\n}, false );\n<\/script>\n<\/p>\n<style>\n.cf7-submit{display: grid;margin: auto;}\n<\/style><p style=\"display: none !important;\" class=\"akismet-fields-container\" data-prefix=\"_wpcf7_ak_\"><label>\u0394<textarea name=\"_wpcf7_ak_hp_textarea\" cols=\"45\" rows=\"8\" maxlength=\"100\"><\/textarea><\/label><input type=\"hidden\" id=\"ak_js_1\" name=\"_wpcf7_ak_js\" value=\"2\"\/><script>\ndocument.getElementById( \"ak_js_1\" ).setAttribute( \"value\", ( new Date() ).getTime() );\n<\/script>\n<\/p><div class=\"wpcf7-response-output\" aria-hidden=\"true\"><\/div>\n<input type=\"hidden\" name=\"trp-form-language\" value=\"de\"\/><\/form>\n<\/div>\n\n<h4>\n\t\tFounder Notes\n\t<\/h4>\n\tUnsere Vision ist die Herstellung von Architekturmodellen h\u00f6chster Qualit\u00e4t f\u00fcr alle Orte auf der Welt.\n\t\t\t\t<img decoding=\"async\" src=\"https:\/\/www.rjmodels.com.hk\/wp-content\/uploads\/2018\/01\/homeVideo2BG.jpg\" alt=\"CEO\" itemprop=\"image\" title=\"Arhcitectual Model Making Company, RJ Models\" onerror=\"this.style.display='none'\">","protected":false},"excerpt":{"rendered":"<p>How RJ Models helps you make your design into 3D Printed Architectural Model RJ Models is a world-class leader in the 3D printed architectural model making. Our 3D printing technology is being utilized to print over 700 architectural models every year around the world for projects such as office, leisure and sport, interiors, maritime, and [&hellip;]<\/p>\n","protected":false},"author":2,"featured_media":0,"parent":0,"menu_order":93,"comment_status":"closed","ping_status":"closed","template":"","meta":{"_acf_changed":false,"site-sidebar-layout":"no-sidebar","site-content-layout":"page-builder","ast-site-content-layout":"default","site-content-style":"default","site-sidebar-style":"default","ast-global-header-display":"","ast-banner-title-visibility":"","ast-main-header-display":"","ast-hfb-above-header-display":"","ast-hfb-below-header-display":"","ast-hfb-mobile-header-display":"","site-post-title":"disabled","ast-breadcrumbs-content":"","ast-featured-img":"disabled","footer-sml-layout":"","theme-transparent-header-meta":"","adv-header-id-meta":"","stick-header-meta":"","header-above-stick-meta":"","header-main-stick-meta":"","header-below-stick-meta":"","astra-migrate-meta-layouts":"default","ast-page-background-enabled":"default","ast-page-background-meta":{"desktop":{"background-color":"","background-image":"","background-repeat":"repeat","background-position":"center center","background-size":"auto","background-attachment":"scroll","background-type":"","background-media":"","overlay-type":"","overlay-color":"","overlay-opacity":"","overlay-gradient":""},"tablet":{"background-color":"","background-image":"","background-repeat":"repeat","background-position":"center center","background-size":"auto","background-attachment":"scroll","background-type":"","background-media":"","overlay-type":"","overlay-color":"","overlay-opacity":"","overlay-gradient":""},"mobile":{"background-color":"","background-image":"","background-repeat":"repeat","background-position":"center center","background-size":"auto","background-attachment":"scroll","background-type":"","background-media":"","overlay-type":"","overlay-color":"","overlay-opacity":"","overlay-gradient":""}},"ast-content-background-meta":{"desktop":{"background-color":"var(--ast-global-color-5)","background-image":"","background-repeat":"repeat","background-position":"center center","background-size":"auto","background-attachment":"scroll","background-type":"","background-media":"","overlay-type":"","overlay-color":"","overlay-opacity":"","overlay-gradient":""},"tablet":{"background-color":"var(--ast-global-color-5)","background-image":"","background-repeat":"repeat","background-position":"center center","background-size":"auto","background-attachment":"scroll","background-type":"","background-media":"","overlay-type":"","overlay-color":"","overlay-opacity":"","overlay-gradient":""},"mobile":{"background-color":"var(--ast-global-color-5)","background-image":"","background-repeat":"repeat","background-position":"center center","background-size":"auto","background-attachment":"scroll","background-type":"","background-media":"","overlay-type":"","overlay-color":"","overlay-opacity":"","overlay-gradient":""}},"footnotes":""},"class_list":["post-782","page","type-page","status-publish","hentry"],"acf":[],"yoast_head":"<!-- This site is optimized with the Yoast SEO plugin v27.5 - https:\/\/yoast.com\/product\/yoast-seo-wordpress\/ -->\n<title>3d printed architectural model procedure<\/title>\n<meta name=\"description\" content=\"3d printed architectural model procedure. RJ Models has been fortunate to have worked on numbers of architectural projects for you.\" \/>\n<meta name=\"robots\" content=\"index, follow, max-snippet:-1, max-image-preview:large, max-video-preview:-1\" \/>\n<link rel=\"canonical\" href=\"https:\/\/www.rjmodels.com.hk\/de\/faqs\/verfahren-zum-drucken-eines-3d-architekturmodells\/\" \/>\n<meta property=\"og:locale\" content=\"de_DE\" \/>\n<meta property=\"og:type\" content=\"article\" \/>\n<meta property=\"og:title\" content=\"3d printed architectural model procedure\" \/>\n<meta property=\"og:description\" content=\"3d printed architectural model procedure. RJ Models has been fortunate to have worked on numbers of architectural projects for you.\" \/>\n<meta property=\"og:url\" content=\"https:\/\/www.rjmodels.com.hk\/de\/faqs\/verfahren-zum-drucken-eines-3d-architekturmodells\/\" \/>\n<meta property=\"og:site_name\" content=\"RJ Models\" \/>\n<meta property=\"article:publisher\" content=\"https:\/\/www.facebook.com\/rjmodelmaking\" \/>\n<meta property=\"article:modified_time\" content=\"2022-10-18T08:45:58+00:00\" \/>\n<meta property=\"og:image\" content=\"https:\/\/www.rjmodels.com.hk\/\/wp-content\/uploads\/2018\/03\/step1Image.jpg\" \/>\n<meta name=\"twitter:card\" content=\"summary_large_image\" \/>\n<meta name=\"twitter:label1\" content=\"Gesch\u00e4tzte Lesezeit\" \/>\n\t<meta name=\"twitter:data1\" content=\"4\u00a0Minuten\" \/>\n<script type=\"application\/ld+json\" class=\"yoast-schema-graph\">{\"@context\":\"https:\\\/\\\/schema.org\",\"@graph\":[{\"@type\":\"WebPage\",\"@id\":\"https:\\\/\\\/www.rjmodels.com.hk\\\/faqs\\\/3d-printed-architectural-model-procedure\\\/\",\"url\":\"https:\\\/\\\/www.rjmodels.com.hk\\\/faqs\\\/3d-printed-architectural-model-procedure\\\/\",\"name\":\"3d printed architectural model procedure\",\"isPartOf\":{\"@id\":\"https:\\\/\\\/www.rjmodels.com.hk\\\/#website\"},\"primaryImageOfPage\":{\"@id\":\"https:\\\/\\\/www.rjmodels.com.hk\\\/faqs\\\/3d-printed-architectural-model-procedure\\\/#primaryimage\"},\"image\":{\"@id\":\"https:\\\/\\\/www.rjmodels.com.hk\\\/faqs\\\/3d-printed-architectural-model-procedure\\\/#primaryimage\"},\"thumbnailUrl\":\"https:\\\/\\\/www.rjmodels.com.hk\\\/wp-content\\\/uploads\\\/2018\\\/03\\\/step1Image.jpg\",\"datePublished\":\"2018-03-16T14:34:30+00:00\",\"dateModified\":\"2022-10-18T08:45:58+00:00\",\"description\":\"3d printed architectural model procedure. RJ Models has been fortunate to have worked on numbers of architectural projects for you.\",\"breadcrumb\":{\"@id\":\"https:\\\/\\\/www.rjmodels.com.hk\\\/faqs\\\/3d-printed-architectural-model-procedure\\\/#breadcrumb\"},\"inLanguage\":\"de\",\"potentialAction\":[{\"@type\":\"ReadAction\",\"target\":[\"https:\\\/\\\/www.rjmodels.com.hk\\\/faqs\\\/3d-printed-architectural-model-procedure\\\/\"]}]},{\"@type\":\"ImageObject\",\"inLanguage\":\"de\",\"@id\":\"https:\\\/\\\/www.rjmodels.com.hk\\\/faqs\\\/3d-printed-architectural-model-procedure\\\/#primaryimage\",\"url\":\"https:\\\/\\\/www.rjmodels.com.hk\\\/wp-content\\\/uploads\\\/2018\\\/03\\\/step1Image.jpg\",\"contentUrl\":\"https:\\\/\\\/www.rjmodels.com.hk\\\/wp-content\\\/uploads\\\/2018\\\/03\\\/step1Image.jpg\"},{\"@type\":\"BreadcrumbList\",\"@id\":\"https:\\\/\\\/www.rjmodels.com.hk\\\/faqs\\\/3d-printed-architectural-model-procedure\\\/#breadcrumb\",\"itemListElement\":[{\"@type\":\"ListItem\",\"position\":1,\"name\":\"Home\",\"item\":\"https:\\\/\\\/www.rjmodels.com.hk\\\/\"},{\"@type\":\"ListItem\",\"position\":2,\"name\":\"How RJ Models helps you make your design into 3D Printed Architectural Model\"}]},{\"@type\":\"WebSite\",\"@id\":\"https:\\\/\\\/www.rjmodels.com.hk\\\/#website\",\"url\":\"https:\\\/\\\/www.rjmodels.com.hk\\\/\",\"name\":\"RJ Models\",\"description\":\"\",\"publisher\":{\"@id\":\"https:\\\/\\\/www.rjmodels.com.hk\\\/#organization\"},\"potentialAction\":[{\"@type\":\"SearchAction\",\"target\":{\"@type\":\"EntryPoint\",\"urlTemplate\":\"https:\\\/\\\/www.rjmodels.com.hk\\\/?s={search_term_string}\"},\"query-input\":{\"@type\":\"PropertyValueSpecification\",\"valueRequired\":true,\"valueName\":\"search_term_string\"}}],\"inLanguage\":\"de\"},{\"@type\":\"Organization\",\"@id\":\"https:\\\/\\\/www.rjmodels.com.hk\\\/#organization\",\"name\":\"RJ Models\",\"url\":\"https:\\\/\\\/www.rjmodels.com.hk\\\/\",\"logo\":{\"@type\":\"ImageObject\",\"inLanguage\":\"de\",\"@id\":\"https:\\\/\\\/www.rjmodels.com.hk\\\/#\\\/schema\\\/logo\\\/image\\\/\",\"url\":\"https:\\\/\\\/www.rjmodels.com.hk\\\/wp-content\\\/uploads\\\/2021\\\/11\\\/cropped-logo-12.png\",\"contentUrl\":\"https:\\\/\\\/www.rjmodels.com.hk\\\/wp-content\\\/uploads\\\/2021\\\/11\\\/cropped-logo-12.png\",\"width\":681,\"height\":162,\"caption\":\"RJ Models\"},\"image\":{\"@id\":\"https:\\\/\\\/www.rjmodels.com.hk\\\/#\\\/schema\\\/logo\\\/image\\\/\"},\"sameAs\":[\"https:\\\/\\\/www.facebook.com\\\/rjmodelmaking\"]}]}<\/script>\n<!-- \/ Yoast SEO plugin. -->","yoast_head_json":{"title":"Verfahren zum Drucken eines 3D-Architekturmodells","description":"Verfahren zum Drucken von 3D-Architekturmodellen. RJ Models hatte das Gl\u00fcck, an zahlreichen Architekturprojekten f\u00fcr Sie arbeiten zu d\u00fcrfen.","robots":{"index":"index","follow":"follow","max-snippet":"max-snippet:-1","max-image-preview":"max-image-preview:large","max-video-preview":"max-video-preview:-1"},"canonical":"https:\/\/www.rjmodels.com.hk\/de\/faqs\/verfahren-zum-drucken-eines-3d-architekturmodells\/","og_locale":"de_DE","og_type":"article","og_title":"3d printed architectural model procedure","og_description":"3d printed architectural model procedure. RJ Models has been fortunate to have worked on numbers of architectural projects for you.","og_url":"https:\/\/www.rjmodels.com.hk\/de\/faqs\/verfahren-zum-drucken-eines-3d-architekturmodells\/","og_site_name":"RJ Models","article_publisher":"https:\/\/www.facebook.com\/rjmodelmaking","article_modified_time":"2022-10-18T08:45:58+00:00","og_image":[{"url":"https:\/\/www.rjmodels.com.hk\/\/wp-content\/uploads\/2018\/03\/step1Image.jpg","type":"","width":"","height":""}],"twitter_card":"summary_large_image","twitter_misc":{"Gesch\u00e4tzte Lesezeit":"4\u00a0Minuten"},"schema":{"@context":"https:\/\/schema.org","@graph":[{"@type":"WebPage","@id":"https:\/\/www.rjmodels.com.hk\/faqs\/3d-printed-architectural-model-procedure\/","url":"https:\/\/www.rjmodels.com.hk\/faqs\/3d-printed-architectural-model-procedure\/","name":"Verfahren zum Drucken eines 3D-Architekturmodells","isPartOf":{"@id":"https:\/\/www.rjmodels.com.hk\/#website"},"primaryImageOfPage":{"@id":"https:\/\/www.rjmodels.com.hk\/faqs\/3d-printed-architectural-model-procedure\/#primaryimage"},"image":{"@id":"https:\/\/www.rjmodels.com.hk\/faqs\/3d-printed-architectural-model-procedure\/#primaryimage"},"thumbnailUrl":"https:\/\/www.rjmodels.com.hk\/wp-content\/uploads\/2018\/03\/step1Image.jpg","datePublished":"2018-03-16T14:34:30+00:00","dateModified":"2022-10-18T08:45:58+00:00","description":"Verfahren zum Drucken von 3D-Architekturmodellen. RJ Models hatte das Gl\u00fcck, an zahlreichen Architekturprojekten f\u00fcr Sie arbeiten zu d\u00fcrfen.","breadcrumb":{"@id":"https:\/\/www.rjmodels.com.hk\/faqs\/3d-printed-architectural-model-procedure\/#breadcrumb"},"inLanguage":"de","potentialAction":[{"@type":"ReadAction","target":["https:\/\/www.rjmodels.com.hk\/faqs\/3d-printed-architectural-model-procedure\/"]}]},{"@type":"ImageObject","inLanguage":"de","@id":"https:\/\/www.rjmodels.com.hk\/faqs\/3d-printed-architectural-model-procedure\/#primaryimage","url":"https:\/\/www.rjmodels.com.hk\/wp-content\/uploads\/2018\/03\/step1Image.jpg","contentUrl":"https:\/\/www.rjmodels.com.hk\/wp-content\/uploads\/2018\/03\/step1Image.jpg"},{"@type":"BreadcrumbList","@id":"https:\/\/www.rjmodels.com.hk\/faqs\/3d-printed-architectural-model-procedure\/#breadcrumb","itemListElement":[{"@type":"ListItem","position":1,"name":"Home","item":"https:\/\/www.rjmodels.com.hk\/"},{"@type":"ListItem","position":2,"name":"How RJ Models helps you make your design into 3D Printed Architectural Model"}]},{"@type":"WebSite","@id":"https:\/\/www.rjmodels.com.hk\/#website","url":"https:\/\/www.rjmodels.com.hk\/","name":"RJ-Modelle","description":"","publisher":{"@id":"https:\/\/www.rjmodels.com.hk\/#organization"},"potentialAction":[{"@type":"SearchAction","target":{"@type":"EntryPoint","urlTemplate":"https:\/\/www.rjmodels.com.hk\/?s={search_term_string}"},"query-input":{"@type":"PropertyValueSpecification","valueRequired":true,"valueName":"search_term_string"}}],"inLanguage":"de"},{"@type":"Organization","@id":"https:\/\/www.rjmodels.com.hk\/#organization","name":"RJ-Modelle","url":"https:\/\/www.rjmodels.com.hk\/","logo":{"@type":"ImageObject","inLanguage":"de","@id":"https:\/\/www.rjmodels.com.hk\/#\/schema\/logo\/image\/","url":"https:\/\/www.rjmodels.com.hk\/wp-content\/uploads\/2021\/11\/cropped-logo-12.png","contentUrl":"https:\/\/www.rjmodels.com.hk\/wp-content\/uploads\/2021\/11\/cropped-logo-12.png","width":681,"height":162,"caption":"RJ Models"},"image":{"@id":"https:\/\/www.rjmodels.com.hk\/#\/schema\/logo\/image\/"},"sameAs":["https:\/\/www.facebook.com\/rjmodelmaking"]}]}},"_links":{"self":[{"href":"https:\/\/www.rjmodels.com.hk\/de\/wp-json\/wp\/v2\/pages\/782","targetHints":{"allow":["GET"]}}],"collection":[{"href":"https:\/\/www.rjmodels.com.hk\/de\/wp-json\/wp\/v2\/pages"}],"about":[{"href":"https:\/\/www.rjmodels.com.hk\/de\/wp-json\/wp\/v2\/types\/page"}],"author":[{"embeddable":true,"href":"https:\/\/www.rjmodels.com.hk\/de\/wp-json\/wp\/v2\/users\/2"}],"replies":[{"embeddable":true,"href":"https:\/\/www.rjmodels.com.hk\/de\/wp-json\/wp\/v2\/comments?post=782"}],"version-history":[{"count":0,"href":"https:\/\/www.rjmodels.com.hk\/de\/wp-json\/wp\/v2\/pages\/782\/revisions"}],"wp:attachment":[{"href":"https:\/\/www.rjmodels.com.hk\/de\/wp-json\/wp\/v2\/media?parent=782"}],"curies":[{"name":"wp","href":"https:\/\/api.w.org\/{rel}","templated":true}]}}