{"id":2564,"date":"2018-06-05T06:19:20","date_gmt":"2018-06-05T06:19:40","guid":{"rendered":"https:\/\/www.rjmodels.com.hk\/?page_id=2564"},"modified":"2025-06-25T09:06:43","modified_gmt":"2025-06-25T09:06:43","slug":"architekturmodell","status":"publish","type":"page","link":"https:\/\/www.rjmodels.com.hk\/de\/architekturmodell\/","title":{"rendered":"Architekturmodelle"},"content":{"rendered":"<a href=\"https:\/\/www.rjmodels.com.hk\/de\/masterplanmodelle\/\" target=\"_self\" itemprop=\"url\">\n\t\t\t\t<img loading=\"lazy\" decoding=\"async\" src=\"https:\/\/www.rjmodels.com.hk\/wp-content\/uploads\/2021\/09\/Master-Plan-Model.jpg\" alt=\"Masterplan-Modell\" itemprop=\"image\" height=\"250\" width=\"355\" title=\"Masterplan-Modell\" onerror=\"this.style.display='none'\"  \/>\n\t\t\t\t<\/a>\n\t\tMasterplan-Modell\n\t\t\t\t<a href=\"https:\/\/www.rjmodels.com.hk\/de\/burogebaudemodelle\/\" target=\"_self\" itemprop=\"url\">\n\t\t\t\t<img loading=\"lazy\" decoding=\"async\" src=\"https:\/\/www.rjmodels.com.hk\/wp-content\/uploads\/2021\/09\/Office-Building-Model.jpg\" alt=\"B\u00fcrogeb\u00e4udemodell\" itemprop=\"image\" height=\"250\" width=\"355\" title=\"B\u00fcrogeb\u00e4udemodell\" onerror=\"this.style.display='none'\"  \/>\n\t\t\t\t<\/a>\n\t\tB\u00fcrogeb\u00e4udemodell\n\t\t\t\t<a href=\"https:\/\/www.rjmodels.com.hk\/de\/wohngebaudemodelle\/\" target=\"_self\" itemprop=\"url\">\n\t\t\t\t<img loading=\"lazy\" decoding=\"async\" src=\"https:\/\/www.rjmodels.com.hk\/wp-content\/uploads\/2021\/09\/Residential-Building-Model.jpg\" alt=\"Wohngeb\u00e4udemodell\" itemprop=\"image\" height=\"250\" width=\"355\" title=\"Wohngeb\u00e4udemodell\" onerror=\"this.style.display='none'\"  \/>\n\t\t\t\t<\/a>\n\t\tWohngeb\u00e4udemodell\n\t\t\t\t<a href=\"\/de\/flughafenmodell\/\" target=\"_self\" itemprop=\"url\">\n\t\t\t\t<img loading=\"lazy\" decoding=\"async\" src=\"https:\/\/www.rjmodels.com.hk\/wp-content\/uploads\/2021\/09\/Airport-Model.jpg\" alt=\"Flughafenmodell\" itemprop=\"image\" height=\"250\" width=\"355\" title=\"Flughafenmodell\" onerror=\"this.style.display='none'\"  \/>\n\t\t\t\t<\/a>\n\t\tFlughafenmodell\n\t\t\t\t<a href=\"\/de\/stadionmodell\/\" target=\"_self\" itemprop=\"url\">\n\t\t\t\t<img loading=\"lazy\" decoding=\"async\" src=\"https:\/\/www.rjmodels.com.hk\/wp-content\/uploads\/2021\/09\/Stadium-Model.jpg\" alt=\"Stadionmodell\" itemprop=\"image\" height=\"250\" width=\"355\" title=\"Stadionmodell\" onerror=\"this.style.display='none'\"  \/>\n\t\t\t\t<\/a>\n\t\tStadionmodell\n\t\t\t\t<a href=\"\/de\/hotelmodell\/\" target=\"_self\" itemprop=\"url\">\n\t\t\t\t<img loading=\"lazy\" decoding=\"async\" src=\"https:\/\/www.rjmodels.com.hk\/wp-content\/uploads\/2021\/09\/Hotel-Model.jpg\" alt=\"Hotelmodell\" itemprop=\"image\" height=\"250\" width=\"355\" title=\"Hotelmodell\" onerror=\"this.style.display='none'\"  \/>\n\t\t\t\t<\/a>\n\t\tHotelmodell\n\t\t\t\t<a href=\"\/de\/modelle-von-einkaufszentren\/\" target=\"_self\" itemprop=\"url\">\n\t\t\t\t<img loading=\"lazy\" decoding=\"async\" src=\"https:\/\/www.rjmodels.com.hk\/wp-content\/uploads\/2021\/09\/Shopping-Mall-Model.jpg\" alt=\"Einkaufszentrum-Modell\" itemprop=\"image\" height=\"250\" width=\"355\" title=\"Einkaufszentrum-Modell\" onerror=\"this.style.display='none'\"  \/>\n\t\t\t\t<\/a>\n\t\tEinkaufszentrum-Modell\n\t\t\t\t<a href=\"\/de\/innenraummodell\/\" target=\"_self\" itemprop=\"url\">\n\t\t\t\t<img loading=\"lazy\" decoding=\"async\" src=\"https:\/\/www.rjmodels.com.hk\/wp-content\/uploads\/2021\/09\/Interior-Model.jpg\" alt=\"Innenraummodelle, ma\u00dfstabsgetreue Modelle f\u00fcr die Innenarchitektur\" itemprop=\"image\" height=\"250\" width=\"355\" title=\"Innenraummodell\" onerror=\"this.style.display='none'\"  \/>\n\t\t\t\t<\/a>\n\t\tInnenraummodell\n\t\t\t\t<a href=\"\/de\/villenmodell\/\" target=\"_self\" itemprop=\"url\">\n\t\t\t\t<img loading=\"lazy\" decoding=\"async\" src=\"https:\/\/www.rjmodels.com.hk\/wp-content\/uploads\/2023\/08\/cover.jpg\" alt=\"Villa-Modell\" itemprop=\"image\" height=\"250\" width=\"355\" title=\"Villa-Modell\" onerror=\"this.style.display='none'\"  \/>\n\t\t\t\t<\/a>\n\t\tVilla-Modell\n\t\t\t\t<a href=\"\/de\/themenparkmodell\/\" target=\"_self\" itemprop=\"url\">\n\t\t\t\t<img loading=\"lazy\" decoding=\"async\" src=\"https:\/\/www.rjmodels.com.hk\/wp-content\/uploads\/2021\/09\/Theme-Park-Model.jpg\" alt=\"Themenpark-Modell\" itemprop=\"image\" height=\"250\" width=\"355\" title=\"Themenpark-Modell\" onerror=\"this.style.display='none'\"  \/>\n\t\t\t\t<\/a>\n\t\tThemenpark-Modell\n\t\t\t\t<a href=\"\/de\/museumsmodell\/\" target=\"_self\" itemprop=\"url\">\n\t\t\t\t<img loading=\"lazy\" decoding=\"async\" src=\"https:\/\/www.rjmodels.com.hk\/wp-content\/uploads\/2021\/09\/Museum-Model.jpg\" alt=\"Museumsmodell\" itemprop=\"image\" height=\"250\" width=\"355\" title=\"Museumsmodell\" onerror=\"this.style.display='none'\"  \/>\n\t\t\t\t<\/a>\n\t\tMuseumsmodell\n\t\t\t\t<a href=\"\/de\/landschaftsmodell\/\" target=\"_self\" itemprop=\"url\">\n\t\t\t\t<img loading=\"lazy\" decoding=\"async\" src=\"https:\/\/www.rjmodels.com.hk\/wp-content\/uploads\/2021\/09\/12.Landscape-Model-1.jpg\" alt=\"Landschaftsmodell\" itemprop=\"image\" height=\"249\" width=\"350\" title=\"Landschaftsmodell\" onerror=\"this.style.display='none'\"  \/>\n\t\t\t\t<\/a>\n\t\tLandschaftsmodell\n\t\t\t\t<a href=\"\/de\/industriemodell\/\" target=\"_self\" itemprop=\"url\">\n\t\t\t\t<img loading=\"lazy\" decoding=\"async\" src=\"https:\/\/www.rjmodels.com.hk\/wp-content\/uploads\/2021\/09\/Industrial-Model.jpg\" alt=\"Industriemodell\" itemprop=\"image\" height=\"250\" width=\"355\" title=\"Industrieller Modellbauer\" onerror=\"this.style.display='none'\"  \/>\n\t\t\t\t<\/a>\n\t\tIndustriemodell\n\t\t\t\t<a href=\"https:\/\/www.rjmodels.com.hk\/de\/bruckenmodell\/\" target=\"_self\" itemprop=\"url\">\n\t\t\t\t<img loading=\"lazy\" decoding=\"async\" src=\"https:\/\/www.rjmodels.com.hk\/wp-content\/uploads\/2021\/09\/Bridge-Model.jpg\" alt=\"Br\u00fcckenmodell\" itemprop=\"image\" height=\"250\" width=\"355\" title=\"Br\u00fcckenmodell\" onerror=\"this.style.display='none'\"  \/>\n\t\t\t\t<\/a>\n\t\tBr\u00fcckenmodell\n\t\t\t\t<a href=\"https:\/\/www.rjmodels.com.hk\/de\/Cruise+Terminal+Model\/\" target=\"_self\" itemprop=\"url\">\n\t\t\t\t<img loading=\"lazy\" decoding=\"async\" src=\"https:\/\/www.rjmodels.com.hk\/wp-content\/uploads\/2021\/09\/Cruise-Terminal-Model.jpg\" alt=\"Modell eines Kreuzfahrtterminals\" itemprop=\"image\" height=\"250\" width=\"355\" title=\"Modell eines Kreuzfahrtterminals\" onerror=\"this.style.display='none'\"  \/>\n\t\t\t\t<\/a>\n\t\tModell eines Kreuzfahrtterminals\n\t\t\t\t<a href=\"\/de\/werftmodell\/\" target=\"_self\" itemprop=\"url\">\n\t\t\t\t<img loading=\"lazy\" decoding=\"async\" src=\"https:\/\/www.rjmodels.com.hk\/wp-content\/uploads\/2021\/09\/16.Shipyard-Model-1.jpg\" alt=\"Werftmodell\" itemprop=\"image\" height=\"250\" width=\"355\" title=\"Werftmodell\" onerror=\"this.style.display='none'\"  \/>\n\t\t\t\t<\/a>\n\t\tWerftmodell\n\t\t\t\t<a href=\"\/de\/moscheemodelle\/\" target=\"_self\" itemprop=\"url\">\n\t\t\t\t<img loading=\"lazy\" decoding=\"async\" src=\"https:\/\/www.rjmodels.com.hk\/wp-content\/uploads\/2021\/09\/17.-Mosque-Model.jpg\" alt=\"Moschee-Modell\" itemprop=\"image\" height=\"250\" width=\"355\" title=\"Moschee-Modell\" onerror=\"this.style.display='none'\"  \/>\n\t\t\t\t<\/a>\n\t\tMoschee-Modell\n\t\t\t\t<a href=\"\/de\/krankenhausmodell\/\" target=\"_self\" itemprop=\"url\">\n\t\t\t\t<img loading=\"lazy\" decoding=\"async\" src=\"https:\/\/www.rjmodels.com.hk\/wp-content\/uploads\/2021\/09\/Hospital-Model.jpg\" alt=\"Krankenhausmodell\" itemprop=\"image\" height=\"250\" width=\"355\" title=\"Krankenhausmodell\" onerror=\"this.style.display='none'\"  \/>\n\t\t\t\t<\/a>\n\t\tKrankenhausmodell\n\t\t\t\t<a href=\"\/de\/schularchitekturmodell\/\" target=\"_self\" itemprop=\"url\">\n\t\t\t\t<img loading=\"lazy\" decoding=\"async\" src=\"https:\/\/www.rjmodels.com.hk\/wp-content\/uploads\/2021\/09\/19.School-Model-1.jpg\" alt=\"Schulmodell\" itemprop=\"image\" height=\"250\" width=\"355\" title=\"Schulmodell\" onerror=\"this.style.display='none'\"  \/>\n\t\t\t\t<\/a>\n\t\tSchulmodell\n\t\t\t\t<a href=\"\/de\/fassadenarchitekturmodell\/\" target=\"_self\" itemprop=\"url\">\n\t\t\t\t<img loading=\"lazy\" decoding=\"async\" src=\"https:\/\/www.rjmodels.com.hk\/wp-content\/uploads\/2021\/09\/20.-Facade-Architectural-Model-1-1.jpg\" alt=\"Fassadenarchitekturmodell\" itemprop=\"image\" height=\"250\" width=\"355\" title=\"Fassadenarchitekturmodell\" onerror=\"this.style.display='none'\"  \/>\n\t\t\t\t<\/a>\n\t\tFassadenarchitekturmodell\n\t\t\t\t<a href=\"\/de\/abschnitt-architekturmodell\/\" target=\"_self\" itemprop=\"url\">\n\t\t\t\t<img loading=\"lazy\" decoding=\"async\" src=\"https:\/\/www.rjmodels.com.hk\/wp-content\/uploads\/2021\/09\/21.-Section-Architectural-Model-1-1.jpg\" alt=\"Abschnitt Architekturmodell\" itemprop=\"image\" height=\"250\" width=\"355\" title=\"Abschnitt Architekturmodell\" onerror=\"this.style.display='none'\"  \/>\n\t\t\t\t<\/a>\n\t\tAbschnitt Architekturmodell\n\t\t\t\t<a href=\"\/de\/weises-architekturmodell\/\" target=\"_self\" itemprop=\"url\">\n\t\t\t\t<img loading=\"lazy\" decoding=\"async\" src=\"https:\/\/www.rjmodels.com.hk\/wp-content\/uploads\/2021\/09\/22.-White-Architectural-Model-1.jpg\" alt=\"Wei\u00dfes Architekturmodell\" itemprop=\"image\" height=\"250\" width=\"355\" title=\"Wei\u00dfes Architekturmodell\" onerror=\"this.style.display='none'\"  \/>\n\t\t\t\t<\/a>\n\t\tWei\u00dfes Architekturmodell\n\t\t\t\t<a href=\"\/de\/architekturmodell-aus-holz\/\" target=\"_self\" itemprop=\"url\">\n\t\t\t\t<img loading=\"lazy\" decoding=\"async\" src=\"https:\/\/www.rjmodels.com.hk\/wp-content\/uploads\/2021\/09\/23.-Wooden-architectural-models-1.jpg\" alt=\"Architekturmodelle aus Holz\" itemprop=\"image\" height=\"251\" width=\"355\" title=\"Architekturmodelle aus Holz\" onerror=\"this.style.display='none'\"  \/>\n\t\t\t\t<\/a>\n\t\tArchitekturmodelle aus Holz\n\t\t\t\t<a href=\"\/de\/3d-gedruckter-architekturmodell-service\/\" target=\"_self\" itemprop=\"url\">\n\t\t\t\t<img loading=\"lazy\" decoding=\"async\" src=\"https:\/\/www.rjmodels.com.hk\/wp-content\/uploads\/2021\/09\/24.-3D-printed-architectural-model-1.jpg\" alt=\"3D-gedrucktes Architekturmodell\" itemprop=\"image\" height=\"250\" width=\"355\" title=\"3D-gedrucktes Architekturmodell\" onerror=\"this.style.display='none'\"  \/>\n\t\t\t\t<\/a>\n\t\t3D-gedrucktes Architekturmodell","protected":false},"excerpt":{"rendered":"<p>Master Plan Model Office Building Model Residential Building Model Airport Model Stadium Model Hotel Model Shopping Mall Model Interior Model Villa Model Theme Park Model Museum Model Landscape Model Industrial Model Bridge Model Cruise Terminal Model Shipyard Model Mosque Model Hospital Model School Model Facade Architectural Model Section Architectural Model White Architectural Model Wooden Architectural [&hellip;]<\/p>\n","protected":false},"author":2,"featured_media":0,"parent":0,"menu_order":112,"comment_status":"closed","ping_status":"closed","template":"","meta":{"_acf_changed":false,"site-sidebar-layout":"default","site-content-layout":"default","ast-site-content-layout":"default","site-content-style":"default","site-sidebar-style":"default","ast-global-header-display":"","ast-banner-title-visibility":"","ast-main-header-display":"","ast-hfb-above-header-display":"","ast-hfb-below-header-display":"","ast-hfb-mobile-header-display":"","site-post-title":"","ast-breadcrumbs-content":"","ast-featured-img":"","footer-sml-layout":"","theme-transparent-header-meta":"default","adv-header-id-meta":"","stick-header-meta":"default","header-above-stick-meta":"","header-main-stick-meta":"","header-below-stick-meta":"","astra-migrate-meta-layouts":"default","ast-page-background-enabled":"default","ast-page-background-meta":{"desktop":{"background-color":"","background-image":"","background-repeat":"repeat","background-position":"center center","background-size":"auto","background-attachment":"scroll","background-type":"","background-media":"","overlay-type":"","overlay-color":"","overlay-opacity":"","overlay-gradient":""},"tablet":{"background-color":"","background-image":"","background-repeat":"repeat","background-position":"center center","background-size":"auto","background-attachment":"scroll","background-type":"","background-media":"","overlay-type":"","overlay-color":"","overlay-opacity":"","overlay-gradient":""},"mobile":{"background-color":"","background-image":"","background-repeat":"repeat","background-position":"center center","background-size":"auto","background-attachment":"scroll","background-type":"","background-media":"","overlay-type":"","overlay-color":"","overlay-opacity":"","overlay-gradient":""}},"ast-content-background-meta":{"desktop":{"background-color":"var(--ast-global-color-5)","background-image":"","background-repeat":"repeat","background-position":"center center","background-size":"auto","background-attachment":"scroll","background-type":"","background-media":"","overlay-type":"","overlay-color":"","overlay-opacity":"","overlay-gradient":""},"tablet":{"background-color":"var(--ast-global-color-5)","background-image":"","background-repeat":"repeat","background-position":"center center","background-size":"auto","background-attachment":"scroll","background-type":"","background-media":"","overlay-type":"","overlay-color":"","overlay-opacity":"","overlay-gradient":""},"mobile":{"background-color":"var(--ast-global-color-5)","background-image":"","background-repeat":"repeat","background-position":"center center","background-size":"auto","background-attachment":"scroll","background-type":"","background-media":"","overlay-type":"","overlay-color":"","overlay-opacity":"","overlay-gradient":""}},"footnotes":""},"class_list":["post-2564","page","type-page","status-publish","hentry"],"acf":[],"yoast_head":"<!-- This site is optimized with the Yoast SEO plugin v27.5 - https:\/\/yoast.com\/product\/yoast-seo-wordpress\/ -->\n<title>Architectural Model Gallery<\/title>\n<meta name=\"description\" content=\"Architectural Model Gallery. RJ Models has a team of architectural model maker you can trust as we understand the importance of your designs.\" \/>\n<meta name=\"robots\" content=\"index, follow, max-snippet:-1, max-image-preview:large, max-video-preview:-1\" \/>\n<link rel=\"canonical\" href=\"https:\/\/www.rjmodels.com.hk\/de\/architekturmodell\/\" \/>\n<meta property=\"og:locale\" content=\"de_DE\" \/>\n<meta property=\"og:type\" content=\"article\" \/>\n<meta property=\"og:title\" content=\"Architectural Model Gallery\" \/>\n<meta property=\"og:description\" content=\"Architectural Model Gallery. RJ Models has a team of architectural model maker you can trust as we understand the importance of your designs.\" \/>\n<meta property=\"og:url\" content=\"https:\/\/www.rjmodels.com.hk\/de\/architekturmodell\/\" \/>\n<meta property=\"og:site_name\" content=\"RJ Models\" \/>\n<meta property=\"article:publisher\" content=\"https:\/\/www.facebook.com\/rjmodelmaking\" \/>\n<meta property=\"article:modified_time\" content=\"2025-06-25T09:06:43+00:00\" \/>\n<meta property=\"og:image\" content=\"https:\/\/www.rjmodels.com.hk\/wp-content\/uploads\/2021\/09\/Master-Plan-Model.jpg\" \/>\n<meta name=\"twitter:card\" content=\"summary_large_image\" \/>\n<meta name=\"twitter:label1\" content=\"Gesch\u00e4tzte Lesezeit\" \/>\n\t<meta name=\"twitter:data1\" content=\"6\u00a0Minuten\" \/>\n<script type=\"application\/ld+json\" class=\"yoast-schema-graph\">{\"@context\":\"https:\\\/\\\/schema.org\",\"@graph\":[{\"@type\":\"WebPage\",\"@id\":\"https:\\\/\\\/www.rjmodels.com.hk\\\/architectural-model\\\/\",\"url\":\"https:\\\/\\\/www.rjmodels.com.hk\\\/architectural-model\\\/\",\"name\":\"Architectural Model Gallery\",\"isPartOf\":{\"@id\":\"https:\\\/\\\/www.rjmodels.com.hk\\\/#website\"},\"primaryImageOfPage\":{\"@id\":\"https:\\\/\\\/www.rjmodels.com.hk\\\/architectural-model\\\/#primaryimage\"},\"image\":{\"@id\":\"https:\\\/\\\/www.rjmodels.com.hk\\\/architectural-model\\\/#primaryimage\"},\"thumbnailUrl\":\"https:\\\/\\\/www.rjmodels.com.hk\\\/wp-content\\\/uploads\\\/2021\\\/09\\\/Master-Plan-Model.jpg\",\"datePublished\":\"2018-06-05T06:19:40+00:00\",\"dateModified\":\"2025-06-25T09:06:43+00:00\",\"description\":\"Architectural Model Gallery. RJ Models has a team of architectural model maker you can trust as we understand the importance of your designs.\",\"breadcrumb\":{\"@id\":\"https:\\\/\\\/www.rjmodels.com.hk\\\/architectural-model\\\/#breadcrumb\"},\"inLanguage\":\"de\",\"potentialAction\":[{\"@type\":\"ReadAction\",\"target\":[\"https:\\\/\\\/www.rjmodels.com.hk\\\/architectural-model\\\/\"]}]},{\"@type\":\"ImageObject\",\"inLanguage\":\"de\",\"@id\":\"https:\\\/\\\/www.rjmodels.com.hk\\\/architectural-model\\\/#primaryimage\",\"url\":\"https:\\\/\\\/www.rjmodels.com.hk\\\/wp-content\\\/uploads\\\/2021\\\/09\\\/Master-Plan-Model.jpg\",\"contentUrl\":\"https:\\\/\\\/www.rjmodels.com.hk\\\/wp-content\\\/uploads\\\/2021\\\/09\\\/Master-Plan-Model.jpg\"},{\"@type\":\"BreadcrumbList\",\"@id\":\"https:\\\/\\\/www.rjmodels.com.hk\\\/architectural-model\\\/#breadcrumb\",\"itemListElement\":[{\"@type\":\"ListItem\",\"position\":1,\"name\":\"Home\",\"item\":\"https:\\\/\\\/www.rjmodels.com.hk\\\/\"},{\"@type\":\"ListItem\",\"position\":2,\"name\":\"Architectural Models\"}]},{\"@type\":\"WebSite\",\"@id\":\"https:\\\/\\\/www.rjmodels.com.hk\\\/#website\",\"url\":\"https:\\\/\\\/www.rjmodels.com.hk\\\/\",\"name\":\"RJ Models\",\"description\":\"\",\"publisher\":{\"@id\":\"https:\\\/\\\/www.rjmodels.com.hk\\\/#organization\"},\"potentialAction\":[{\"@type\":\"SearchAction\",\"target\":{\"@type\":\"EntryPoint\",\"urlTemplate\":\"https:\\\/\\\/www.rjmodels.com.hk\\\/?s={search_term_string}\"},\"query-input\":{\"@type\":\"PropertyValueSpecification\",\"valueRequired\":true,\"valueName\":\"search_term_string\"}}],\"inLanguage\":\"de\"},{\"@type\":\"Organization\",\"@id\":\"https:\\\/\\\/www.rjmodels.com.hk\\\/#organization\",\"name\":\"RJ Models\",\"url\":\"https:\\\/\\\/www.rjmodels.com.hk\\\/\",\"logo\":{\"@type\":\"ImageObject\",\"inLanguage\":\"de\",\"@id\":\"https:\\\/\\\/www.rjmodels.com.hk\\\/#\\\/schema\\\/logo\\\/image\\\/\",\"url\":\"https:\\\/\\\/www.rjmodels.com.hk\\\/wp-content\\\/uploads\\\/2021\\\/11\\\/cropped-logo-12.png\",\"contentUrl\":\"https:\\\/\\\/www.rjmodels.com.hk\\\/wp-content\\\/uploads\\\/2021\\\/11\\\/cropped-logo-12.png\",\"width\":681,\"height\":162,\"caption\":\"RJ Models\"},\"image\":{\"@id\":\"https:\\\/\\\/www.rjmodels.com.hk\\\/#\\\/schema\\\/logo\\\/image\\\/\"},\"sameAs\":[\"https:\\\/\\\/www.facebook.com\\\/rjmodelmaking\"]}]}<\/script>\n<!-- \/ Yoast SEO plugin. -->","yoast_head_json":{"title":"Architekturmodellgalerie","description":"Galerie f\u00fcr Architekturmodelle. RJ Models verf\u00fcgt \u00fcber ein Team von Architekturmodellbauern, denen Sie vertrauen k\u00f6nnen, da wir die Bedeutung Ihrer Entw\u00fcrfe verstehen.","robots":{"index":"index","follow":"follow","max-snippet":"max-snippet:-1","max-image-preview":"max-image-preview:large","max-video-preview":"max-video-preview:-1"},"canonical":"https:\/\/www.rjmodels.com.hk\/de\/architekturmodell\/","og_locale":"de_DE","og_type":"article","og_title":"Architectural Model Gallery","og_description":"Architectural Model Gallery. RJ Models has a team of architectural model maker you can trust as we understand the importance of your designs.","og_url":"https:\/\/www.rjmodels.com.hk\/de\/architekturmodell\/","og_site_name":"RJ Models","article_publisher":"https:\/\/www.facebook.com\/rjmodelmaking","article_modified_time":"2025-06-25T09:06:43+00:00","og_image":[{"url":"https:\/\/www.rjmodels.com.hk\/wp-content\/uploads\/2021\/09\/Master-Plan-Model.jpg","type":"","width":"","height":""}],"twitter_card":"summary_large_image","twitter_misc":{"Gesch\u00e4tzte Lesezeit":"6\u00a0Minuten"},"schema":{"@context":"https:\/\/schema.org","@graph":[{"@type":"WebPage","@id":"https:\/\/www.rjmodels.com.hk\/architectural-model\/","url":"https:\/\/www.rjmodels.com.hk\/architectural-model\/","name":"Architekturmodellgalerie","isPartOf":{"@id":"https:\/\/www.rjmodels.com.hk\/#website"},"primaryImageOfPage":{"@id":"https:\/\/www.rjmodels.com.hk\/architectural-model\/#primaryimage"},"image":{"@id":"https:\/\/www.rjmodels.com.hk\/architectural-model\/#primaryimage"},"thumbnailUrl":"https:\/\/www.rjmodels.com.hk\/wp-content\/uploads\/2021\/09\/Master-Plan-Model.jpg","datePublished":"2018-06-05T06:19:40+00:00","dateModified":"2025-06-25T09:06:43+00:00","description":"Galerie f\u00fcr Architekturmodelle. RJ Models verf\u00fcgt \u00fcber ein Team von Architekturmodellbauern, denen Sie vertrauen k\u00f6nnen, da wir die Bedeutung Ihrer Entw\u00fcrfe verstehen.","breadcrumb":{"@id":"https:\/\/www.rjmodels.com.hk\/architectural-model\/#breadcrumb"},"inLanguage":"de","potentialAction":[{"@type":"ReadAction","target":["https:\/\/www.rjmodels.com.hk\/architectural-model\/"]}]},{"@type":"ImageObject","inLanguage":"de","@id":"https:\/\/www.rjmodels.com.hk\/architectural-model\/#primaryimage","url":"https:\/\/www.rjmodels.com.hk\/wp-content\/uploads\/2021\/09\/Master-Plan-Model.jpg","contentUrl":"https:\/\/www.rjmodels.com.hk\/wp-content\/uploads\/2021\/09\/Master-Plan-Model.jpg"},{"@type":"BreadcrumbList","@id":"https:\/\/www.rjmodels.com.hk\/architectural-model\/#breadcrumb","itemListElement":[{"@type":"ListItem","position":1,"name":"Home","item":"https:\/\/www.rjmodels.com.hk\/"},{"@type":"ListItem","position":2,"name":"Architectural Models"}]},{"@type":"WebSite","@id":"https:\/\/www.rjmodels.com.hk\/#website","url":"https:\/\/www.rjmodels.com.hk\/","name":"RJ-Modelle","description":"","publisher":{"@id":"https:\/\/www.rjmodels.com.hk\/#organization"},"potentialAction":[{"@type":"SearchAction","target":{"@type":"EntryPoint","urlTemplate":"https:\/\/www.rjmodels.com.hk\/?s={search_term_string}"},"query-input":{"@type":"PropertyValueSpecification","valueRequired":true,"valueName":"search_term_string"}}],"inLanguage":"de"},{"@type":"Organization","@id":"https:\/\/www.rjmodels.com.hk\/#organization","name":"RJ-Modelle","url":"https:\/\/www.rjmodels.com.hk\/","logo":{"@type":"ImageObject","inLanguage":"de","@id":"https:\/\/www.rjmodels.com.hk\/#\/schema\/logo\/image\/","url":"https:\/\/www.rjmodels.com.hk\/wp-content\/uploads\/2021\/11\/cropped-logo-12.png","contentUrl":"https:\/\/www.rjmodels.com.hk\/wp-content\/uploads\/2021\/11\/cropped-logo-12.png","width":681,"height":162,"caption":"RJ Models"},"image":{"@id":"https:\/\/www.rjmodels.com.hk\/#\/schema\/logo\/image\/"},"sameAs":["https:\/\/www.facebook.com\/rjmodelmaking"]}]}},"_links":{"self":[{"href":"https:\/\/www.rjmodels.com.hk\/de\/wp-json\/wp\/v2\/pages\/2564","targetHints":{"allow":["GET"]}}],"collection":[{"href":"https:\/\/www.rjmodels.com.hk\/de\/wp-json\/wp\/v2\/pages"}],"about":[{"href":"https:\/\/www.rjmodels.com.hk\/de\/wp-json\/wp\/v2\/types\/page"}],"author":[{"embeddable":true,"href":"https:\/\/www.rjmodels.com.hk\/de\/wp-json\/wp\/v2\/users\/2"}],"replies":[{"embeddable":true,"href":"https:\/\/www.rjmodels.com.hk\/de\/wp-json\/wp\/v2\/comments?post=2564"}],"version-history":[{"count":0,"href":"https:\/\/www.rjmodels.com.hk\/de\/wp-json\/wp\/v2\/pages\/2564\/revisions"}],"wp:attachment":[{"href":"https:\/\/www.rjmodels.com.hk\/de\/wp-json\/wp\/v2\/media?parent=2564"}],"curies":[{"name":"wp","href":"https:\/\/api.w.org\/{rel}","templated":true}]}}