{"id":9104,"date":"2020-06-24T04:23:35","date_gmt":"2020-06-24T04:23:35","guid":{"rendered":"https:\/\/www.rjmodels.com.hk\/?page_id=9104"},"modified":"2026-02-23T09:52:30","modified_gmt":"2026-02-23T09:52:30","slug":"kontakt","status":"publish","type":"page","link":"https:\/\/www.rjmodels.com.hk\/cs\/kontakt\/","title":{"rendered":"Kontakt"},"content":{"rendered":"<h1>\n\t\tKontaktujte n\u00e1s\n\t<\/h1>\n\t<p>Doru\u010d\u00edme a\u017e k va\u0161im dve\u0159\u00edm rychleji ne\u017e va\u0161i m\u00edstn\u00ed model\u00e1\u0159i<\/p>\n<h2>\n\t\tKontaktujte spole\u010dnost RJ Models je\u0161t\u011b dnes a\u00a0zjist\u011bte, jak v\u00e1m m\u016f\u017eeme pomoci rozvinout va\u0161e zaj\u00edce.\n\t<\/h2>\n\t<p>Vy\u017e\u00e1dejte si ZDARMA cenovou nab\u00eddku a my v\u00e1m odpov\u00edme do 24 hodin.<\/p>\n\t<p>Obsah 5 krok\u016f k zad\u00e1n\u00ed objedn\u00e1vky s v\u00fdrobou maket<\/p>\n\t\t\t\t\t<a href=\"#\" id=\"fl-accordion--label-0\" tabindex=\"0\" aria-controls=\"fl-accordion--panel-0\">Citov\u00e1n\u00ed<\/a>\n\t\t\t\t\t\t\t\t\t\t\t<a href=\"#\" id=\"fl-accordion--icon-0\" tabindex=\"0\" aria-controls=\"fl-accordion--panel-0\"><i>Kolaps<\/i><\/a>\n\t\t\t\t\t<p>Po obdr\u017een\u00ed va\u0161eho po\u017eadavku v\u00e1m do 48 hodin zpracujeme komplexn\u00ed cenovou nab\u00eddku makety.<\/p>\n\t\t\t\t\t<a href=\"#\" id=\"fl-accordion--label-1\" tabindex=\"0\" aria-controls=\"fl-accordion--panel-1\">Dokument specifikace modelu.<\/a>\n\t\t\t\t\t\t\t\t\t\t\t<a href=\"#\" id=\"fl-accordion--icon-1\" tabindex=\"0\" aria-controls=\"fl-accordion--panel-1\"><i>Roz\u0161\u00ed\u0159it<\/i><\/a>\n\t\t\t\t\t<p>Jakmile bude nab\u00eddka potvrzena, za\u0161lete n\u00e1m pros\u00edm kone\u010dn\u00fd v\u00fdkres znovu, abychom zajistili nejnov\u011bj\u0161\u00ed design.<\/p>\n\t\t\t\t\t<a href=\"#\" id=\"fl-accordion--label-2\" tabindex=\"0\" aria-controls=\"fl-accordion--panel-2\">Vytv\u00e1\u0159en\u00ed vzork\u016f a potvrzen\u00ed.<\/a>\n\t\t\t\t\t\t\t\t\t\t\t<a href=\"#\" id=\"fl-accordion--icon-2\" tabindex=\"0\" aria-controls=\"fl-accordion--panel-2\"><i>Roz\u0161\u00ed\u0159it<\/i><\/a>\n\t\t\t\t\t<p>D\u00e1le zhotov\u00edme vzorek \u010d\u00e1sti makety pro va\u0161e schv\u00e1len\u00ed.<\/p>\n\t\t\t\t\t<a href=\"#\" id=\"fl-accordion--label-3\" tabindex=\"0\" aria-controls=\"fl-accordion--panel-3\">V\u00fdroba modelu.<\/a>\n\t\t\t\t\t\t\t\t\t\t\t<a href=\"#\" id=\"fl-accordion--icon-3\" tabindex=\"0\" aria-controls=\"fl-accordion--panel-3\"><i>Roz\u0161\u00ed\u0159it<\/i><\/a>\n\t\t\t\t\t<p>D\u00e1le zah\u00e1j\u00edme stavbu a po\u0161leme fotky k odhl\u00e1\u0161en\u00ed po cest\u011b a u kl\u00ed\u010dov\u00fdch miln\u00edk\u016f. Pot\u00e9 m\u016f\u017eeme z\u00edskat va\u0161i zp\u011btnou vazbu, koment\u00e1\u0159e a souhlas.<\/p>\n\t\t\t\t\t<a href=\"#\" id=\"fl-accordion--label-4\" tabindex=\"0\" aria-controls=\"fl-accordion--panel-4\">Dokon\u010den\u00ed a dod\u00e1n\u00ed.<\/a>\n\t\t\t\t\t\t\t\t\t\t\t<a href=\"#\" id=\"fl-accordion--icon-4\" tabindex=\"0\" aria-controls=\"fl-accordion--panel-4\"><i>Roz\u0161\u00ed\u0159it<\/i><\/a>\n\t\t\t\t\t<p>Jakmile obdr\u017e\u00edme v\u00e1\u0161 kone\u010dn\u00fd souhlas, dod\u00e1me a nainstalujeme model na m\u00edsto, jak jste po\u017eadovali.<\/p>\n\t<p>Pro v\u00edce podrobnost\u00ed m\u016f\u017eete nav\u0161t\u00edvit na\u0161i str\u00e1nku\u00a0<a href=\"\/cs\/jak-vytvorit-architektonicky-model\/\">procedure of architectural modal making.<\/a><\/p>\n<p>Poskytnout cenovou nab\u00eddku pro <strong>tvorba architektonick\u00fdch model\u016f<\/strong>, RJ Models by pot\u0159eboval n\u00ed\u017ee uveden\u00e9 informace:<\/p>\n<p>1. Drawing of the model boundary with dimensions in PDF, JPG, or CAD.<\/p>\n<p>2. Floor plans and elevations of the buildings with dimensions in PDF, JPG, CAD or 3D file.<\/p>\n<p>3. Expected scale or model size.<\/p>\n<p>4. Renderings for reference (if any).<\/p>\n<p>5. Delivery and installation destinations.<\/p>\n<p>6. Expected completion date.<\/p>\n<p>7. You might select similar <a href=\"https:\/\/www.rjmodels.com.hk\/cs\/architektonicky-model\/\">fotografie architektonick\u00fdch model\u016f<\/a> pro o\u010dek\u00e1van\u00fd efekt modelu.<\/p>\n<p>&nbsp;<\/p>\n<h2>\n\t\tRJ Modely Kancel\u00e1\u0159e po cel\u00e9m sv\u011bt\u011b\n\t<\/h2>\n\t\t\t\t<img loading=\"lazy\" decoding=\"async\" src=\"https:\/\/www.rjmodels.com.hk\/wp-content\/uploads\/2020\/06\/hong-kong.png\" alt=\"Hongkong\" itemprop=\"image\" height=\"142\" width=\"142\" title=\"Hongkong\" onerror=\"this.style.display='none'\"  \/>\n\t\t<h4>Kancel\u00e1\u0159 v Hong Kongu<\/h4>\t\t\n\t\t\tByt B, 18\/F., Two Chinachem Plaza, 68 Connaught Road Central, Hong Kong<br \/>\nTel: <a href=\"tel:(+852) 2557 0201\">(+852) 6948 4927<\/a><br \/>\nWhatsapp: <a href=\"Fax: (+971 4) 3471727\"> (+86) 13902468179<\/a><br \/>\nE-mail: <a href=\"mailto:marketing@rjmodels.com.hk\">marketing@rjmodels.com.hk<\/a>\n\t\t\t\t<img loading=\"lazy\" decoding=\"async\" src=\"https:\/\/www.rjmodels.com.hk\/wp-content\/uploads\/2020\/06\/China.png\" alt=\"\u010c\u00edna\" itemprop=\"image\" height=\"400\" width=\"400\" title=\"\u010c\u00edna\" onerror=\"this.style.display='none'\"  \/>\n\t\t<h4>\u010c\u00ednsk\u00e1 kancel\u00e1\u0159<\/h4>\t\t\n\t\t\t9th Building, Tang Tou Industrial Zone, 3. Industrial Park, Shi Yan Town, Bao An District, Shen Zhen City, Guang Dong China<br \/>\nTel: <a href=\"tel:(+86 755) 2951 4785\">(+86 755) 2951 4785<\/a><br \/>\nFax: <a href=\"tel:(+86 755) 2951 4885\">(+86 755) 2951 4885<\/a><br \/>\nE-mail: <a href=\"mailto:marketing@rjmodels.com.hk\">marketing@rjmodels.com.hk<\/a>\n\t\t\t\t<img loading=\"lazy\" decoding=\"async\" src=\"https:\/\/www.rjmodels.com.hk\/wp-content\/uploads\/2020\/06\/dubai.png\" alt=\"Dubaj\" itemprop=\"image\" height=\"142\" width=\"142\" title=\"Dubaj\" onerror=\"this.style.display='none'\"  \/>\n\t\t<h4>U.A.E. Office (Dubai) <\/h4>\t\t\n\t\t\tPr\u016fmyslov\u00e1 oblast AL Quoz, POBox: 54136, Dubaj, Spojen\u00e9 arabsk\u00e9 emir\u00e1ty<br \/>\nTel: <a href=\"Tel: (+971 4) 3474898\">(+971 4) 3474898<\/a><br \/>\nWhatsapp: <a href=\"Fax: (+971 4) 3471727\"> (+86) 13902468179<\/a><br \/>\nE-mail: <a href=\"mailto:marketing@rjmodels.com.hk\">marketing@rjmodels.com.hk<\/a>\n\t\t\t\t<img loading=\"lazy\" decoding=\"async\" src=\"https:\/\/www.rjmodels.com.hk\/wp-content\/uploads\/2020\/06\/Turkey.png\" alt=\"Turecko\" itemprop=\"image\" height=\"400\" width=\"400\" title=\"Turecko\" onerror=\"this.style.display='none'\"  \/>\n\t\t<h4>Turkey Office (Instanbul)<\/h4>\t\t\n\t\t\tHuzur Mah. \u00c1zerb\u00e1jsk\u00fd Caddesi No: 4\/B 620<br \/>\nSky Premium Residence Sar\u0131yer \/ \u0130stanbul, Turkiye<br \/>\nTel: <a href=\"tel:(+90) 212 500 4411\">(+90) 212 500 4411<\/a><br \/>\nWhatsapp: <a href=\"http:\/\/(+86) 13902468179\">(+86) 13902468179<\/a><br \/>\nE-mail: <a href=\"mailto:marketing@rjmodels.com.hk\">marketing@rjmodels.com.hk<\/a>\n\t\t\t\t<img loading=\"lazy\" decoding=\"async\" src=\"https:\/\/www.rjmodels.com.hk\/wp-content\/uploads\/2020\/06\/indiaLocation.png\" alt=\"indieUm\u00edst\u011bn\u00ed\" itemprop=\"image\" height=\"142\" width=\"142\" title=\"indieUm\u00edst\u011bn\u00ed\" onerror=\"this.style.display='none'\"  \/>\n\t\t<h4>India Office (Mumbai) <\/h4>\t\t\n\t\t\t<p>101, Ganesh Krupa Building, Opp. Prabhodhan Thackeray, Shahajiraje Marg, Vile Parle East, Mumbai &#8211; 400 057.<\/p>\nTel:<a href=\"http:\/\/(+86) 13902468179\">(+86) 13902468179<\/a><br \/>\nWhatsapp:\u00a0<a href=\"http:\/\/(+86) 13902468179\">(+86) 13902468179<\/a><a href=\"mailto:marketing@rjmodels.com.hk\"><br \/>\n<\/a>\n\t\t\t\t<img loading=\"lazy\" decoding=\"async\" src=\"https:\/\/www.rjmodels.com.hk\/wp-content\/uploads\/2025\/07\/Vietnam121.png\" alt=\"Architectural Model Makers in Vietnam\" itemprop=\"image\" height=\"400\" width=\"400\" title=\"Architectural Model Makers in Vietnam\" onerror=\"this.style.display='none'\"  \/>\n\t\t<h4>Vietnam Office (Hanoi)<\/h4>\t\t\n\t\t\t<p>3rd Floor &#8211; Viet Tower, No. 1 Thai Ha Street, Dong Da Ward, Hanoi, Vietnam 100000<\/p>\nTel: <a href=\"http:\/\/(+84) 90 8688 222\">(+84) 90 8688 222<\/a><br \/>\nE-mail: <a href=\"mailto:marketing@rjmodels.com.hk\">marketing@rjmodels.com.hk<\/a>\n<p>&nbsp;<\/p>\n\t\t\t\t<img loading=\"lazy\" decoding=\"async\" src=\"https:\/\/www.rjmodels.com.hk\/wp-content\/uploads\/bb-plugin\/cache\/\u672a231\u6807\u9898-2-circle-b5db1f9d8bfd189818d99b8cd154c838-.jpg\" alt=\"V\u00fdrobce architektonick\u00fdch model\u016f v Rusku\" itemprop=\"image\" height=\"513\" width=\"513\" title=\"V\u00fdrobce architektonick\u00fdch model\u016f v Rusku\" onerror=\"this.style.display='none'\"  \/>\n\t\t<h4>Russia Office (Moscow)<\/h4>\t\t\n\t\t\tMoscow, st. Svobody, 35\/5\nTel: <a href=\"http:\/\/(+7) 926 984 33 95\">(+7) 926 984 33 95<\/a><br \/>\nWhatsapp:\u00a0<a href=\"http:\/\/(+86)%2013902468179\/\">(+86) 13902468179<\/a><br \/>\nE-mail: <a href=\"mailto:marketing@rjmodels.com.hk\">marketing@rjmodels.com.hk<\/a>\n\t\t\t\t<img loading=\"lazy\" decoding=\"async\" src=\"https:\/\/www.rjmodels.com.hk\/wp-content\/uploads\/bb-plugin\/cache\/contact-canada-circle-84704964d02238873747405bc9432d8f-.jpg\" alt=\"kontaktovat Kanadu\" itemprop=\"image\" height=\"513\" width=\"513\" title=\"kontaktovat Kanadu\" onerror=\"this.style.display='none'\"  \/>\n\t\t<h4>Kanadsk\u00e1 kancel\u00e1\u0159 (Vancouver)<\/h4>\t\t\n\t\t\t9695 160A Street, Surrey, BC V4N 3K8\nTel: <a href=\"tel:(+1 778) 323 6332\">(+1 604) 600 9577<\/a><br \/>\nWhatsapp:\u00a0<a href=\"http:\/\/(+86) 13902468179\">(+86) 13902468179<\/a><br \/>\nE-mail: <a href=\"mailto:marketing@rjmodels.com.hk\">marketing@rjmodels.com.hk<\/a>\n\t\t\t\t\n\t\t\t\t<img loading=\"lazy\" decoding=\"async\" src=\"https:\/\/www.rjmodels.com.hk\/wp-content\/uploads\/bb-plugin\/cache\/007-circle-1305dfb1fe0d7bf5561bb4f5313097ab-.jpg\" alt=\"Architectural Model Maker in lraq\" itemprop=\"image\" height=\"142\" width=\"142\" title=\"lraq\" onerror=\"this.style.display='none'\"  \/>\n\t\t<h4>Iraq office (Sulaymaniyah)<\/h4>\t\t\n\t\t\tSalim Street, Sulaymaniyah, Iraq.\nTel: <a href=\"http:\/\/+964 770 369 8869\">+964 770 369 8869<\/a><br \/>\nWhatsapp:\u00a0<a href=\"http:\/\/(+86) 13902468179\">(+86) 13902468179<\/a><br \/>\nE-mail: <a href=\"mailto:marketing@rjmodels.com.hk\">marketing@rjmodels.com.hk<\/a>","protected":false},"excerpt":{"rendered":"<p>Contact us now We Deliver to Your Doorstep Faster than Your Local Model Makers Contact RJ Models Today to Find Out How We Can Help You Grow Your Buniness. Request a FREE Quote and We will Reply You Within 24 hours. Content of 5 Steps to Place Your Order with the Scale Model Making Quoting [&hellip;]<\/p>\n","protected":false},"author":2,"featured_media":0,"parent":0,"menu_order":4,"comment_status":"closed","ping_status":"closed","template":"","meta":{"_acf_changed":false,"site-sidebar-layout":"default","site-content-layout":"default","ast-site-content-layout":"default","site-content-style":"default","site-sidebar-style":"default","ast-global-header-display":"","ast-banner-title-visibility":"","ast-main-header-display":"","ast-hfb-above-header-display":"","ast-hfb-below-header-display":"","ast-hfb-mobile-header-display":"","site-post-title":"","ast-breadcrumbs-content":"","ast-featured-img":"","footer-sml-layout":"","theme-transparent-header-meta":"default","adv-header-id-meta":"","stick-header-meta":"default","header-above-stick-meta":"","header-main-stick-meta":"","header-below-stick-meta":"","astra-migrate-meta-layouts":"set","ast-page-background-enabled":"default","ast-page-background-meta":{"desktop":{"background-color":"","background-image":"","background-repeat":"repeat","background-position":"center center","background-size":"auto","background-attachment":"scroll","background-type":"","background-media":"","overlay-type":"","overlay-color":"","overlay-opacity":"","overlay-gradient":""},"tablet":{"background-color":"","background-image":"","background-repeat":"repeat","background-position":"center center","background-size":"auto","background-attachment":"scroll","background-type":"","background-media":"","overlay-type":"","overlay-color":"","overlay-opacity":"","overlay-gradient":""},"mobile":{"background-color":"","background-image":"","background-repeat":"repeat","background-position":"center center","background-size":"auto","background-attachment":"scroll","background-type":"","background-media":"","overlay-type":"","overlay-color":"","overlay-opacity":"","overlay-gradient":""}},"ast-content-background-meta":{"desktop":{"background-color":"var(--ast-global-color-5)","background-image":"","background-repeat":"repeat","background-position":"center center","background-size":"auto","background-attachment":"scroll","background-type":"","background-media":"","overlay-type":"","overlay-color":"","overlay-opacity":"","overlay-gradient":""},"tablet":{"background-color":"var(--ast-global-color-5)","background-image":"","background-repeat":"repeat","background-position":"center center","background-size":"auto","background-attachment":"scroll","background-type":"","background-media":"","overlay-type":"","overlay-color":"","overlay-opacity":"","overlay-gradient":""},"mobile":{"background-color":"var(--ast-global-color-5)","background-image":"","background-repeat":"repeat","background-position":"center center","background-size":"auto","background-attachment":"scroll","background-type":"","background-media":"","overlay-type":"","overlay-color":"","overlay-opacity":"","overlay-gradient":""}},"footnotes":""},"class_list":["post-9104","page","type-page","status-publish","hentry"],"acf":[],"yoast_head":"<!-- This site is optimized with the Yoast SEO plugin v27.5 - https:\/\/yoast.com\/product\/yoast-seo-wordpress\/ -->\n<title>Contact RJ Models Now<\/title>\n<meta name=\"description\" content=\"RJ Models Office Locations Around The Globe. We deliver to your doorstep faster than your local model makers. Contact RJ Models Now\" \/>\n<meta name=\"robots\" content=\"index, follow, max-snippet:-1, max-image-preview:large, max-video-preview:-1\" \/>\n<link rel=\"canonical\" href=\"https:\/\/www.rjmodels.com.hk\/cs\/kontakt\/\" \/>\n<meta property=\"og:locale\" content=\"cs_CZ\" \/>\n<meta property=\"og:type\" content=\"article\" \/>\n<meta property=\"og:title\" content=\"Contact RJ Models Now\" \/>\n<meta property=\"og:description\" content=\"RJ Models Office Locations Around The Globe. We deliver to your doorstep faster than your local model makers. Contact RJ Models Now\" \/>\n<meta property=\"og:url\" content=\"https:\/\/www.rjmodels.com.hk\/cs\/kontakt\/\" \/>\n<meta property=\"og:site_name\" content=\"RJ Models\" \/>\n<meta property=\"article:publisher\" content=\"https:\/\/www.facebook.com\/rjmodelmaking\" \/>\n<meta property=\"article:modified_time\" content=\"2026-02-23T09:52:30+00:00\" \/>\n<meta property=\"og:image\" content=\"https:\/\/www.rjmodels.com.hk\/wp-content\/uploads\/2020\/06\/hong-kong.png\" \/>\n<meta name=\"twitter:card\" content=\"summary_large_image\" \/>\n<meta name=\"twitter:label1\" content=\"Odhadovan\u00e1 doba \u010dten\u00ed\" \/>\n\t<meta name=\"twitter:data1\" content=\"3 minuty\" \/>\n<script type=\"application\/ld+json\" class=\"yoast-schema-graph\">{\"@context\":\"https:\\\/\\\/schema.org\",\"@graph\":[{\"@type\":\"WebPage\",\"@id\":\"https:\\\/\\\/www.rjmodels.com.hk\\\/contact\\\/\",\"url\":\"https:\\\/\\\/www.rjmodels.com.hk\\\/contact\\\/\",\"name\":\"Contact RJ Models Now\",\"isPartOf\":{\"@id\":\"https:\\\/\\\/www.rjmodels.com.hk\\\/#website\"},\"primaryImageOfPage\":{\"@id\":\"https:\\\/\\\/www.rjmodels.com.hk\\\/contact\\\/#primaryimage\"},\"image\":{\"@id\":\"https:\\\/\\\/www.rjmodels.com.hk\\\/contact\\\/#primaryimage\"},\"thumbnailUrl\":\"https:\\\/\\\/www.rjmodels.com.hk\\\/wp-content\\\/uploads\\\/2020\\\/06\\\/hong-kong.png\",\"datePublished\":\"2020-06-24T04:23:35+00:00\",\"dateModified\":\"2026-02-23T09:52:30+00:00\",\"description\":\"RJ Models Office Locations Around The Globe. We deliver to your doorstep faster than your local model makers. Contact RJ Models Now\",\"breadcrumb\":{\"@id\":\"https:\\\/\\\/www.rjmodels.com.hk\\\/contact\\\/#breadcrumb\"},\"inLanguage\":\"cs\",\"potentialAction\":[{\"@type\":\"ReadAction\",\"target\":[\"https:\\\/\\\/www.rjmodels.com.hk\\\/contact\\\/\"]}]},{\"@type\":\"ImageObject\",\"inLanguage\":\"cs\",\"@id\":\"https:\\\/\\\/www.rjmodels.com.hk\\\/contact\\\/#primaryimage\",\"url\":\"https:\\\/\\\/www.rjmodels.com.hk\\\/wp-content\\\/uploads\\\/2020\\\/06\\\/hong-kong.png\",\"contentUrl\":\"https:\\\/\\\/www.rjmodels.com.hk\\\/wp-content\\\/uploads\\\/2020\\\/06\\\/hong-kong.png\"},{\"@type\":\"BreadcrumbList\",\"@id\":\"https:\\\/\\\/www.rjmodels.com.hk\\\/contact\\\/#breadcrumb\",\"itemListElement\":[{\"@type\":\"ListItem\",\"position\":1,\"name\":\"Home\",\"item\":\"https:\\\/\\\/www.rjmodels.com.hk\\\/\"},{\"@type\":\"ListItem\",\"position\":2,\"name\":\"Contact\"}]},{\"@type\":\"WebSite\",\"@id\":\"https:\\\/\\\/www.rjmodels.com.hk\\\/#website\",\"url\":\"https:\\\/\\\/www.rjmodels.com.hk\\\/\",\"name\":\"RJ Models\",\"description\":\"\",\"publisher\":{\"@id\":\"https:\\\/\\\/www.rjmodels.com.hk\\\/#organization\"},\"potentialAction\":[{\"@type\":\"SearchAction\",\"target\":{\"@type\":\"EntryPoint\",\"urlTemplate\":\"https:\\\/\\\/www.rjmodels.com.hk\\\/?s={search_term_string}\"},\"query-input\":{\"@type\":\"PropertyValueSpecification\",\"valueRequired\":true,\"valueName\":\"search_term_string\"}}],\"inLanguage\":\"cs\"},{\"@type\":\"Organization\",\"@id\":\"https:\\\/\\\/www.rjmodels.com.hk\\\/#organization\",\"name\":\"RJ Models\",\"url\":\"https:\\\/\\\/www.rjmodels.com.hk\\\/\",\"logo\":{\"@type\":\"ImageObject\",\"inLanguage\":\"cs\",\"@id\":\"https:\\\/\\\/www.rjmodels.com.hk\\\/#\\\/schema\\\/logo\\\/image\\\/\",\"url\":\"https:\\\/\\\/www.rjmodels.com.hk\\\/wp-content\\\/uploads\\\/2021\\\/11\\\/cropped-logo-12.png\",\"contentUrl\":\"https:\\\/\\\/www.rjmodels.com.hk\\\/wp-content\\\/uploads\\\/2021\\\/11\\\/cropped-logo-12.png\",\"width\":681,\"height\":162,\"caption\":\"RJ Models\"},\"image\":{\"@id\":\"https:\\\/\\\/www.rjmodels.com.hk\\\/#\\\/schema\\\/logo\\\/image\\\/\"},\"sameAs\":[\"https:\\\/\\\/www.facebook.com\\\/rjmodelmaking\"]}]}<\/script>\n<!-- \/ Yoast SEO plugin. -->","yoast_head_json":{"title":"Kontaktujte RJ Models nyn\u00ed","description":"RJ Modely Kancel\u00e1\u0159e po cel\u00e9m sv\u011bt\u011b. Doru\u010dujeme a\u017e k va\u0161im dve\u0159\u00edm rychleji ne\u017e va\u0161i m\u00edstn\u00ed v\u00fdrobci model\u016f. Kontaktujte RJ Models nyn\u00ed","robots":{"index":"index","follow":"follow","max-snippet":"max-snippet:-1","max-image-preview":"max-image-preview:large","max-video-preview":"max-video-preview:-1"},"canonical":"https:\/\/www.rjmodels.com.hk\/cs\/kontakt\/","og_locale":"cs_CZ","og_type":"article","og_title":"Contact RJ Models Now","og_description":"RJ Models Office Locations Around The Globe. We deliver to your doorstep faster than your local model makers. Contact RJ Models Now","og_url":"https:\/\/www.rjmodels.com.hk\/cs\/kontakt\/","og_site_name":"RJ Models","article_publisher":"https:\/\/www.facebook.com\/rjmodelmaking","article_modified_time":"2026-02-23T09:52:30+00:00","og_image":[{"url":"https:\/\/www.rjmodels.com.hk\/wp-content\/uploads\/2020\/06\/hong-kong.png","type":"","width":"","height":""}],"twitter_card":"summary_large_image","twitter_misc":{"Odhadovan\u00e1 doba \u010dten\u00ed":"3 minuty"},"schema":{"@context":"https:\/\/schema.org","@graph":[{"@type":"WebPage","@id":"https:\/\/www.rjmodels.com.hk\/contact\/","url":"https:\/\/www.rjmodels.com.hk\/contact\/","name":"Kontaktujte RJ Models nyn\u00ed","isPartOf":{"@id":"https:\/\/www.rjmodels.com.hk\/#website"},"primaryImageOfPage":{"@id":"https:\/\/www.rjmodels.com.hk\/contact\/#primaryimage"},"image":{"@id":"https:\/\/www.rjmodels.com.hk\/contact\/#primaryimage"},"thumbnailUrl":"https:\/\/www.rjmodels.com.hk\/wp-content\/uploads\/2020\/06\/hong-kong.png","datePublished":"2020-06-24T04:23:35+00:00","dateModified":"2026-02-23T09:52:30+00:00","description":"RJ Modely Kancel\u00e1\u0159e po cel\u00e9m sv\u011bt\u011b. Doru\u010dujeme a\u017e k va\u0161im dve\u0159\u00edm rychleji ne\u017e va\u0161i m\u00edstn\u00ed v\u00fdrobci model\u016f. Kontaktujte RJ Models nyn\u00ed","breadcrumb":{"@id":"https:\/\/www.rjmodels.com.hk\/contact\/#breadcrumb"},"inLanguage":"cs","potentialAction":[{"@type":"ReadAction","target":["https:\/\/www.rjmodels.com.hk\/contact\/"]}]},{"@type":"ImageObject","inLanguage":"cs","@id":"https:\/\/www.rjmodels.com.hk\/contact\/#primaryimage","url":"https:\/\/www.rjmodels.com.hk\/wp-content\/uploads\/2020\/06\/hong-kong.png","contentUrl":"https:\/\/www.rjmodels.com.hk\/wp-content\/uploads\/2020\/06\/hong-kong.png"},{"@type":"BreadcrumbList","@id":"https:\/\/www.rjmodels.com.hk\/contact\/#breadcrumb","itemListElement":[{"@type":"ListItem","position":1,"name":"Home","item":"https:\/\/www.rjmodels.com.hk\/"},{"@type":"ListItem","position":2,"name":"Contact"}]},{"@type":"WebSite","@id":"https:\/\/www.rjmodels.com.hk\/#website","url":"https:\/\/www.rjmodels.com.hk\/","name":"RJ Models","description":"","publisher":{"@id":"https:\/\/www.rjmodels.com.hk\/#organization"},"potentialAction":[{"@type":"SearchAction","target":{"@type":"EntryPoint","urlTemplate":"https:\/\/www.rjmodels.com.hk\/?s={search_term_string}"},"query-input":{"@type":"PropertyValueSpecification","valueRequired":true,"valueName":"search_term_string"}}],"inLanguage":"cs"},{"@type":"Organization","@id":"https:\/\/www.rjmodels.com.hk\/#organization","name":"RJ Models","url":"https:\/\/www.rjmodels.com.hk\/","logo":{"@type":"ImageObject","inLanguage":"cs","@id":"https:\/\/www.rjmodels.com.hk\/#\/schema\/logo\/image\/","url":"https:\/\/www.rjmodels.com.hk\/wp-content\/uploads\/2021\/11\/cropped-logo-12.png","contentUrl":"https:\/\/www.rjmodels.com.hk\/wp-content\/uploads\/2021\/11\/cropped-logo-12.png","width":681,"height":162,"caption":"RJ Models"},"image":{"@id":"https:\/\/www.rjmodels.com.hk\/#\/schema\/logo\/image\/"},"sameAs":["https:\/\/www.facebook.com\/rjmodelmaking"]}]}},"_links":{"self":[{"href":"https:\/\/www.rjmodels.com.hk\/cs\/wp-json\/wp\/v2\/pages\/9104","targetHints":{"allow":["GET"]}}],"collection":[{"href":"https:\/\/www.rjmodels.com.hk\/cs\/wp-json\/wp\/v2\/pages"}],"about":[{"href":"https:\/\/www.rjmodels.com.hk\/cs\/wp-json\/wp\/v2\/types\/page"}],"author":[{"embeddable":true,"href":"https:\/\/www.rjmodels.com.hk\/cs\/wp-json\/wp\/v2\/users\/2"}],"replies":[{"embeddable":true,"href":"https:\/\/www.rjmodels.com.hk\/cs\/wp-json\/wp\/v2\/comments?post=9104"}],"version-history":[{"count":1,"href":"https:\/\/www.rjmodels.com.hk\/cs\/wp-json\/wp\/v2\/pages\/9104\/revisions"}],"predecessor-version":[{"id":76679,"href":"https:\/\/www.rjmodels.com.hk\/cs\/wp-json\/wp\/v2\/pages\/9104\/revisions\/76679"}],"wp:attachment":[{"href":"https:\/\/www.rjmodels.com.hk\/cs\/wp-json\/wp\/v2\/media?parent=9104"}],"curies":[{"name":"wp","href":"https:\/\/api.w.org\/{rel}","templated":true}]}}