{"id":782,"date":"2018-03-16T14:34:30","date_gmt":"2018-03-16T14:34:30","guid":{"rendered":"https:\/\/www.rjmodels.com.hk\/?page_id=782"},"modified":"2022-10-18T08:45:58","modified_gmt":"2022-10-18T08:45:58","slug":"how-rj-models-helps-you-make-your-design-into-3d-printed-architectural-model","status":"publish","type":"page","link":"https:\/\/www.rjmodels.com.hk\/cs\/casto-kladene-otazky\/postup-3d-tisteneho-architektonickeho-modelu\/","title":{"rendered":"Jak v\u00e1m RJ Models pom\u016f\u017ee vytvo\u0159it z va\u0161eho n\u00e1vrhu 3D ti\u0161t\u011bn\u00fd architektonick\u00fd model"},"content":{"rendered":"<h2>\n\t\tJak v\u00e1m RJ Models pom\u016f\u017ee vytvo\u0159it v\u00e1\u0161 n\u00e1vrh <p>3D ti\u0161t\u011bn\u00fd architektonick\u00fd model<\/p>\n\t<\/h2>\n\tRJ Models je sv\u011btov\u00fdm l\u00eddrem ve v\u00fdrob\u011b 3D ti\u0161t\u011bn\u00fdch architektonick\u00fdch model\u016f.<br>\nNa\u0161e technologie 3D tisku je ka\u017edoro\u010dn\u011b vyu\u017e\u00edv\u00e1na k tisku v\u00edce ne\u017e 700 architektonick\u00fdch model\u016f po cel\u00e9m sv\u011bt\u011b pro projekty, jako jsou kancel\u00e1\u0159e, voln\u00fd \u010das a sport, interi\u00e9ry, n\u00e1mo\u0159n\u00ed doprava a tak d\u00e1le.\n<p>RJ Models consistently deliver high-quality scale 3D printed architectural models based on your requirements. And we make serious efforts to distribute client&#8217;s installations exclusively and worldwide.<\/p>\n<p>M\u016f\u017eete naj\u00edt modely RJ, aby se v\u00e1\u0161 n\u00e1vrh dostal do 3D ti\u0161t\u011bn\u00fdch architektonick\u00fdch model\u016f. My v RJ Models v\u00e1m pom\u016f\u017eeme.<\/p>\n<p>Od v\u0161ech klient\u016f, kte\u0159\u00ed cht\u011bj\u00ed vyu\u017e\u00edvat na\u0161e slu\u017eby 3D tisku, ve spole\u010dnosti RJ Models po\u017eadujeme, aby byly p\u0159\u00edsn\u011b dodr\u017eov\u00e1ny n\u00e1sleduj\u00edc\u00ed postupy:<\/p>\n<h2>\n\t\tP\u0159edlo\u017ete sv\u016fj po\u017eadavek na cenovou nab\u00eddku.\n\t<\/h2>\n<p>Abychom v\u00e1m mohli poskytnout cenovou nab\u00eddku, pot\u0159ebovali bychom v ide\u00e1ln\u00edm p\u0159\u00edpad\u011b n\u00e1sleduj\u00edc\u00ed komplexn\u00ed informace:<\/p>\n<ul>\n<li>Kone\u010dn\u00fd n\u00e1vrh 3D ti\u0161t\u011bn\u00e9ho modelu m\u016f\u017ee b\u00fdt v souborech STL\/souboru 3D tisk\u00e1rny\/Rhino\/sketch-up\/3D Max\/3D AutoCAD atd.<\/li>\n<li>Va\u0161e o\u010dek\u00e1van\u00e9 m\u011b\u0159\u00edtko nebo velikost modelu.<\/li>\n<li>Vykreslen\u00ed pro referenci (pokud existuj\u00ed)<\/li>\n<li>M\u00edsta dod\u00e1n\u00ed a instalace<\/li>\n<li>P\u0159edpokl\u00e1dan\u00fd term\u00edn dokon\u010den\u00ed<\/li>\n<li>M\u016f\u017eete tak\u00e9 vybrat fotografie podobn\u00e9ho modelu z na\u0161ich webov\u00fdch str\u00e1nek pro v\u00e1\u0161 o\u010dek\u00e1van\u00fd standard a styl detail\u016f modelu<\/li>\n<li>Jak\u00fdkoli po\u017eadavek, jako je osv\u011btlen\u00ed, barva atd. pro 3D ti\u0161t\u011bn\u00fd model.<\/li>\n<\/ul>\n<p>Pokud je stavebn\u00ed proces v ran\u00e9 f\u00e1zi a nejste schopni poskytnout \u017e\u00e1dn\u00e9 z v\u00fd\u0161e uveden\u00fdch informac\u00ed, ud\u011bl\u00e1me v\u0161e pro to, abychom vyhov\u011bli va\u0161im pot\u0159eb\u00e1m.<\/p>\n<p>Po obdr\u017een\u00ed va\u0161ich po\u017eadavk\u016f vytvo\u0159\u00edme komplexn\u00ed modelov\u00e9 sch\u00e9ma a do 48 hodin v\u00e1m za\u0161leme na\u0161i cenovou nab\u00eddku.<\/p>\n\t\t\t\t<img decoding=\"async\" src=\"https:\/\/www.rjmodels.com.hk\/wp-content\/uploads\/2018\/03\/step1Image.jpg\" alt=\"krok1Obr\u00e1zek\" itemprop=\"image\" title=\"krok1Obr\u00e1zek\" onerror=\"this.style.display='none'\">\n<h2>\n\t\tP\u0159\u00edjem informac\u00ed o projektu\n\t<\/h2>\n\tPod\u00edvejte se, co pot\u0159ebujete v\u011bd\u011bt o fin\u00e1ln\u00edm n\u00e1vrhu 3D ti\u0161t\u011bn\u00fdch architektonick\u00fdch model\u016f<br>\nPokud generujete sv\u016fj 3D soubor poprv\u00e9 nebo ne, mus\u00edte v\u011bnovat pozornost spln\u011bn\u00ed t\u011bchto 3 krit\u00e9ri\u00ed.\n<ul>\n<li>The model must be &#8220;water-tight&#8221;. In ordinary terms, this means that there shouldn&#8217;t be any holes in the shell of the model. In more technical terms, the model must be &#8220;manifold&#8221; or solid.<\/li>\n<li>Normally in the digital world, every surface has a front and a back face. This surface orientation is called a &#8220;normal&#8221;. So, make sure that your expected model&#8217;s normal are unified. If two adjacent surfaces have different normal directions, this file input may confuse the 3D printer.<\/li>\n<\/ul>\n\t<ul>\n<li>V\u0161echny sou\u010d\u00e1sti modelu mus\u00ed m\u00edt vhodnou tlou\u0161\u0165ku. Zat\u00edmco n\u011bkter\u00e9 materi\u00e1ly pro 3D tisk jsou schopny vy\u0161\u0161\u00edho rozli\u0161en\u00ed a v\u011bt\u0161\u00edch detail\u016f ne\u017e jin\u00e9, pokus o tisk geometrie bez jak\u00e9koli tlou\u0161\u0165ky nebude fungovat. To povede k ne\u017e\u00e1douc\u00edmu modelu nebo v\u00fdsledku.<\/li>\n<\/ul>\n<p>Dobrou zpr\u00e1vou je, \u017ee pokud jsou tato 3 krit\u00e9ria ve va\u0161em 3D souboru spln\u011bna, budete m\u00edt model s r\u016fznou geometri\u00ed.<\/p>\n<h2>\n\t\tModel Sample Preparation &amp; Confirmation\n\t<\/h2>\n\t<p>RJ Models m\u016f\u017ee tak\u00e9 vyrobit \u010d\u00e1st vzorku b\u011bhem v\u00fdroby modelu, aby v p\u0159\u00edpad\u011b pot\u0159eby ur\u010dila efekt zobrazen\u00ed cel\u00e9ho modelu.<\/p>\n<p>Nap\u0159\u00edklad barevn\u00e1 shoda, textura a sv\u011bteln\u00fd efekt 3D ti\u0161t\u011bn\u00e9ho modelu, aby byl vzorek v souladu s va\u0161\u00ed filozofi\u00ed designu.<\/p>\n<p>Pot\u00e9 pokra\u010dujte v celkov\u00e9 v\u00fdrob\u011b 3D ti\u0161t\u011bn\u00e9ho architektonick\u00e9ho modelu.<\/p>\n<h2>\n\t\tProb\u00edh\u00e1 ru\u010dn\u00ed v\u00fdroba 3D ti\u0161t\u011bn\u00e9ho architektonick\u00e9ho modelu\n\t<\/h2>\n\t<p>Na\u0161i profesion\u00e1ln\u00ed tv\u016frci architektonick\u00fdch model\u016f s v\u00e1mi budou spolupracovat na ka\u017ed\u00e9m kroku tvorby va\u0161ich 3D ti\u0161t\u011bn\u00fdch architektonick\u00fdch model\u016f.<\/p>\n<p>Pravideln\u011b budete dost\u00e1vat fotografie jejich postupu, abyste mohli jejich pr\u00e1ce schvalovat a poskytovat zp\u011btnou vazbu.<\/p>\n<p>Poskytneme v\u00e1m fotografie proces\u016f u ka\u017ed\u00e9ho kl\u00ed\u010dov\u00e9ho miln\u00edku, abychom se ujistili, \u017ee v\u00e1\u0161 3D ti\u0161t\u011bn\u00fd architektonick\u00fd model bude t\u00e9 nejvy\u0161\u0161\u00ed kvality.<\/p>\n<h2>\n\t\tThe 3D Printed Model Completes Transportation &amp; Installation\n\t<\/h2>\n\t<p>Jakmile na\u0161i tv\u016frci architektonick\u00fdch model\u016f dokon\u010d\u00ed pr\u00e1ci na va\u0161em 3D ti\u0161t\u011bn\u00e9m architektonick\u00e9m modelu, za\u0161leme v\u00e1m jej ke kontrole.<\/p>\n<p>A jakmile od v\u00e1s z\u00edsk\u00e1me kone\u010dn\u00fd souhlas, zajist\u00edme na\u0161im profesion\u00e1ln\u00edm model\u00e1\u0159\u016fm zabalen\u00ed 3D ti\u0161t\u011bn\u00e9ho modelu.<\/p>\n<p>Pokud pot\u0159ebujete s modelem cestovat nebo jej p\u0159edv\u00e1d\u011bt v r\u016fzn\u00fdch zem\u00edch v\u00edcekr\u00e1t, RJ Models lze upravit na m\u00edru a vyrobit vhodn\u00fd letov\u00fd kufr.<\/p>\n<p>M\u00e1me \u0159adu p\u0159\u00edpad\u016f, kter\u00e9 potvrzuj\u00ed dostupnost kufru.<\/p>\n<p>Nakonec dod\u00e1me 3D vyti\u0161t\u011bn\u00fd architektonick\u00fd model kamkoli bude pot\u0159eba.<\/p>\n<h2>\n\t\tN\u011bkte\u0159\u00ed klienti RJ Models\n\t<\/h2>\n\t<p><a href=\"https:\/\/www.rjmodels.com.hk\/cs\/klientu\/\">Zobrazit v\u0161echny klienty<\/a><\/p>\n<h2>\n\t\tContact RJ Models &amp; Start Making You the Top\n\t<\/h2>\n\t\n<div class=\"wpcf7 no-js\" id=\"wpcf7-f13103-o1\" lang=\"en-US\" dir=\"ltr\" data-wpcf7-id=\"13103\">\n<div class=\"screen-reader-response\"><p role=\"status\" aria-live=\"polite\" aria-atomic=\"true\"><\/p> <ul><\/ul><\/div>\n<form action=\"\/cs\/wp-json\/wp\/v2\/pages\/782#wpcf7-f13103-o1\" method=\"post\" class=\"wpcf7-form init\" aria-label=\"Kontaktn\u00ed formul\u00e1\u0159\" novalidate=\"novalidate\" data-status=\"init\" data-trp-original-action=\"\/cs\/wp-json\/wp\/v2\/pages\/782#wpcf7-f13103-o1\">\n<fieldset class=\"hidden-fields-container\"><input type=\"hidden\" name=\"_wpcf7\" value=\"13103\" \/><input type=\"hidden\" name=\"_wpcf7_version\" value=\"6.1.5\" \/><input type=\"hidden\" name=\"_wpcf7_locale\" value=\"en_US\" \/><input type=\"hidden\" name=\"_wpcf7_unit_tag\" value=\"wpcf7-f13103-o1\" \/><input type=\"hidden\" name=\"_wpcf7_container_post\" value=\"0\" \/><input type=\"hidden\" name=\"_wpcf7_posted_data_hash\" value=\"\" \/>\n<\/fieldset>\n<div class=\"uabb-cf7-col-1\">\n\t<p><span class=\"wpcf7-form-control-wrap\" data-name=\"your-name\"><input size=\"40\" maxlength=\"400\" class=\"wpcf7-form-control wpcf7-text wpcf7-validates-as-required\" aria-required=\"true\" aria-invalid=\"false\" placeholder=\"Va\u0161e jm\u00e9no\" value=\"\" type=\"text\" name=\"your-name\" \/><\/span>\n\t<\/p>\n<\/div>\n<div class=\"uabb-cf7-col-1\">\n\t<p><span class=\"wpcf7-form-control-wrap\" data-name=\"your-email\"><input size=\"40\" maxlength=\"400\" class=\"wpcf7-form-control wpcf7-email wpcf7-validates-as-required wpcf7-text wpcf7-validates-as-email\" aria-required=\"true\" aria-invalid=\"false\" placeholder=\"V\u00e1\u0161 email*\" value=\"\" type=\"email\" name=\"your-email\" \/><\/span>\n\t<\/p>\n<\/div>\n<div class=\"uabb-cf7-col-1\">\n\t<p><span class=\"wpcf7-form-control-wrap\" data-name=\"your-company\"><input size=\"40\" maxlength=\"400\" class=\"wpcf7-form-control wpcf7-text\" aria-invalid=\"false\" placeholder=\"N\u00e1zev va\u0161\u00ed spole\u010dnosti\" value=\"\" type=\"text\" name=\"your-company\" \/><\/span>\n\t<\/p>\n<\/div>\n<div class=\"uabb-cf7-col-1\">\n\t<p><span class=\"wpcf7-form-control-wrap\" data-name=\"purpose\"><input size=\"40\" maxlength=\"400\" class=\"wpcf7-form-control wpcf7-text\" aria-invalid=\"false\" placeholder=\"\u00da\u010del modelu: (marketing, konkurence, prezentace)\" value=\"\" type=\"text\" name=\"purpose\" \/><\/span>\n\t<\/p>\n<\/div>\n<div class=\"uabb-cf7-col-1\">\n\t<p><span class=\"wpcf7-form-control-wrap\" data-name=\"size\"><input size=\"40\" maxlength=\"400\" class=\"wpcf7-form-control wpcf7-text\" aria-invalid=\"false\" placeholder=\"O\u010dek\u00e1van\u00e9 m\u011b\u0159\u00edtko a velikost: (Dx\u0160xV)\" value=\"\" type=\"text\" name=\"size\" \/><\/span>\n\t<\/p>\n<\/div>\n<div class=\"uabb-cf7-col-1\">\n\t<p><span class=\"wpcf7-form-control-wrap\" data-name=\"date\"><input size=\"40\" maxlength=\"400\" class=\"wpcf7-form-control wpcf7-text\" aria-invalid=\"false\" placeholder=\"P\u0159edpokl\u00e1dan\u00e9 datum dokon\u010den\u00ed\" value=\"\" type=\"text\" name=\"date\" \/><\/span>\n\t<\/p>\n<\/div>\n<div class=\"uabb-cf7-col-1\">\n\t<p><span class=\"wpcf7-form-control-wrap\" data-name=\"delivery\"><input size=\"40\" maxlength=\"400\" class=\"wpcf7-form-control wpcf7-text\" aria-invalid=\"false\" placeholder=\"C\u00edle dod\u00e1n\u00ed a instalace: (m\u011bsto, zem\u011b)\" value=\"\" type=\"text\" name=\"delivery\" \/><\/span>\n\t<\/p>\n<\/div>\n<div class=\"uabb-cf7-col-1\">\n\t<p><span class=\"wpcf7-form-control-wrap\" data-name=\"your-message\"><textarea cols=\"60\" rows=\"3\" maxlength=\"2000\" class=\"wpcf7-form-control wpcf7-textarea wpcf7-validates-as-required\" aria-required=\"true\" aria-invalid=\"false\" placeholder=\"Va\u0161e zpr\u00e1va*\" name=\"your-message\"><\/textarea><\/span>\n\t<\/p>\n<\/div>\n<div class=\"uabb-cf7-col-1\">\n\t<p><span class=\"wpcf7-form-control-wrap\" data-name=\"upload-file-221\"><input size=\"40\" class=\"wpcf7-form-control wpcf7-drag-n-drop-file d-none\" aria-invalid=\"false\" type=\"file\" multiple=\"multiple\" data-name=\"upload-file-221\" data-type=\"jpg|jpeg|zip|png|gif|rar|pdf\" data-limit=\"104857600\" data-id=\"13103\" data-version=\"free version 1.3.9.6\" accept=\".jpg, .jpeg, .zip, .png, .gif, .rar, .pdf\" \/><\/span>(Za\u0161lete n\u00e1m pros\u00edm Dropbox nebo WeTransfer nebo n\u00e1\u0161 e-mail: <a href=\"mailto:marketing@rjmodels.com.hk\">marketing@rjmodels.com.hk<\/a> pokud jsou soubory v\u011bt\u0161\u00ed ne\u017e 50 MB. )\n\t<\/p>\n<\/div>\n<div class=\"uabb-cf7-col-1\">\n\t<p><input class=\"wpcf7-form-control wpcf7-submit has-spinner cf7-submit\" type=\"submit\" value=\"CENA ZDARMA\" \/>\n\t<\/p>\n<\/div>\n<p><script>\ndocument.addEventListener( 'wpcf7mailsent', function( event ) {\n location = '\/thank-you-rj-models\/';\n}, false );\n<\/script>\n<\/p>\n<style>\n.cf7-submit{display: grid;margin: auto;}\n<\/style><p style=\"display: none !important;\" class=\"akismet-fields-container\" data-prefix=\"_wpcf7_ak_\"><label>\u0394<textarea name=\"_wpcf7_ak_hp_textarea\" cols=\"45\" rows=\"8\" maxlength=\"100\"><\/textarea><\/label><input type=\"hidden\" id=\"ak_js_1\" name=\"_wpcf7_ak_js\" value=\"20\"\/><script>\ndocument.getElementById( \"ak_js_1\" ).setAttribute( \"value\", ( new Date() ).getTime() );\n<\/script>\n<\/p><div class=\"wpcf7-response-output\" aria-hidden=\"true\"><\/div>\n<input type=\"hidden\" name=\"trp-form-language\" value=\"cs\"\/><\/form>\n<\/div>\n\n<h4>\n\t\tFounder Notes\n\t<\/h4>\n\tNa\u0161\u00ed viz\u00ed je vytv\u00e1\u0159et architektonick\u00e9 modely nejvy\u0161\u0161\u00ed kvality v\u0161ude na sv\u011bt\u011b.\n\t\t\t\t<img decoding=\"async\" src=\"https:\/\/www.rjmodels.com.hk\/wp-content\/uploads\/2018\/01\/homeVideo2BG.jpg\" alt=\"CEO\" itemprop=\"image\" title=\"Arhcitectual Model Making Company, RJ Models\" onerror=\"this.style.display='none'\">","protected":false},"excerpt":{"rendered":"<p>How RJ Models helps you make your design into 3D Printed Architectural Model RJ Models is a world-class leader in the 3D printed architectural model making. Our 3D printing technology is being utilized to print over 700 architectural models every year around the world for projects such as office, leisure and sport, interiors, maritime, and [&hellip;]<\/p>\n","protected":false},"author":2,"featured_media":0,"parent":0,"menu_order":93,"comment_status":"closed","ping_status":"closed","template":"","meta":{"_acf_changed":false,"site-sidebar-layout":"no-sidebar","site-content-layout":"page-builder","ast-site-content-layout":"default","site-content-style":"default","site-sidebar-style":"default","ast-global-header-display":"","ast-banner-title-visibility":"","ast-main-header-display":"","ast-hfb-above-header-display":"","ast-hfb-below-header-display":"","ast-hfb-mobile-header-display":"","site-post-title":"disabled","ast-breadcrumbs-content":"","ast-featured-img":"disabled","footer-sml-layout":"","theme-transparent-header-meta":"","adv-header-id-meta":"","stick-header-meta":"","header-above-stick-meta":"","header-main-stick-meta":"","header-below-stick-meta":"","astra-migrate-meta-layouts":"default","ast-page-background-enabled":"default","ast-page-background-meta":{"desktop":{"background-color":"","background-image":"","background-repeat":"repeat","background-position":"center center","background-size":"auto","background-attachment":"scroll","background-type":"","background-media":"","overlay-type":"","overlay-color":"","overlay-opacity":"","overlay-gradient":""},"tablet":{"background-color":"","background-image":"","background-repeat":"repeat","background-position":"center center","background-size":"auto","background-attachment":"scroll","background-type":"","background-media":"","overlay-type":"","overlay-color":"","overlay-opacity":"","overlay-gradient":""},"mobile":{"background-color":"","background-image":"","background-repeat":"repeat","background-position":"center center","background-size":"auto","background-attachment":"scroll","background-type":"","background-media":"","overlay-type":"","overlay-color":"","overlay-opacity":"","overlay-gradient":""}},"ast-content-background-meta":{"desktop":{"background-color":"var(--ast-global-color-5)","background-image":"","background-repeat":"repeat","background-position":"center center","background-size":"auto","background-attachment":"scroll","background-type":"","background-media":"","overlay-type":"","overlay-color":"","overlay-opacity":"","overlay-gradient":""},"tablet":{"background-color":"var(--ast-global-color-5)","background-image":"","background-repeat":"repeat","background-position":"center center","background-size":"auto","background-attachment":"scroll","background-type":"","background-media":"","overlay-type":"","overlay-color":"","overlay-opacity":"","overlay-gradient":""},"mobile":{"background-color":"var(--ast-global-color-5)","background-image":"","background-repeat":"repeat","background-position":"center center","background-size":"auto","background-attachment":"scroll","background-type":"","background-media":"","overlay-type":"","overlay-color":"","overlay-opacity":"","overlay-gradient":""}},"footnotes":""},"class_list":["post-782","page","type-page","status-publish","hentry"],"acf":[],"yoast_head":"<!-- This site is optimized with the Yoast SEO plugin v27.5 - https:\/\/yoast.com\/product\/yoast-seo-wordpress\/ -->\n<title>3d printed architectural model procedure<\/title>\n<meta name=\"description\" content=\"3d printed architectural model procedure. RJ Models has been fortunate to have worked on numbers of architectural projects for you.\" \/>\n<meta name=\"robots\" content=\"index, follow, max-snippet:-1, max-image-preview:large, max-video-preview:-1\" \/>\n<link rel=\"canonical\" href=\"https:\/\/www.rjmodels.com.hk\/cs\/casto-kladene-otazky\/postup-3d-tisteneho-architektonickeho-modelu\/\" \/>\n<meta property=\"og:locale\" content=\"cs_CZ\" \/>\n<meta property=\"og:type\" content=\"article\" \/>\n<meta property=\"og:title\" content=\"3d printed architectural model procedure\" \/>\n<meta property=\"og:description\" content=\"3d printed architectural model procedure. RJ Models has been fortunate to have worked on numbers of architectural projects for you.\" \/>\n<meta property=\"og:url\" content=\"https:\/\/www.rjmodels.com.hk\/cs\/casto-kladene-otazky\/postup-3d-tisteneho-architektonickeho-modelu\/\" \/>\n<meta property=\"og:site_name\" content=\"RJ Models\" \/>\n<meta property=\"article:publisher\" content=\"https:\/\/www.facebook.com\/rjmodelmaking\" \/>\n<meta property=\"article:modified_time\" content=\"2022-10-18T08:45:58+00:00\" \/>\n<meta property=\"og:image\" content=\"https:\/\/www.rjmodels.com.hk\/\/wp-content\/uploads\/2018\/03\/step1Image.jpg\" \/>\n<meta name=\"twitter:card\" content=\"summary_large_image\" \/>\n<meta name=\"twitter:label1\" content=\"Odhadovan\u00e1 doba \u010dten\u00ed\" \/>\n\t<meta name=\"twitter:data1\" content=\"4 minuty\" \/>\n<script type=\"application\/ld+json\" class=\"yoast-schema-graph\">{\"@context\":\"https:\\\/\\\/schema.org\",\"@graph\":[{\"@type\":\"WebPage\",\"@id\":\"https:\\\/\\\/www.rjmodels.com.hk\\\/faqs\\\/3d-printed-architectural-model-procedure\\\/\",\"url\":\"https:\\\/\\\/www.rjmodels.com.hk\\\/faqs\\\/3d-printed-architectural-model-procedure\\\/\",\"name\":\"3d printed architectural model procedure\",\"isPartOf\":{\"@id\":\"https:\\\/\\\/www.rjmodels.com.hk\\\/#website\"},\"primaryImageOfPage\":{\"@id\":\"https:\\\/\\\/www.rjmodels.com.hk\\\/faqs\\\/3d-printed-architectural-model-procedure\\\/#primaryimage\"},\"image\":{\"@id\":\"https:\\\/\\\/www.rjmodels.com.hk\\\/faqs\\\/3d-printed-architectural-model-procedure\\\/#primaryimage\"},\"thumbnailUrl\":\"https:\\\/\\\/www.rjmodels.com.hk\\\/wp-content\\\/uploads\\\/2018\\\/03\\\/step1Image.jpg\",\"datePublished\":\"2018-03-16T14:34:30+00:00\",\"dateModified\":\"2022-10-18T08:45:58+00:00\",\"description\":\"3d printed architectural model procedure. RJ Models has been fortunate to have worked on numbers of architectural projects for you.\",\"breadcrumb\":{\"@id\":\"https:\\\/\\\/www.rjmodels.com.hk\\\/faqs\\\/3d-printed-architectural-model-procedure\\\/#breadcrumb\"},\"inLanguage\":\"cs\",\"potentialAction\":[{\"@type\":\"ReadAction\",\"target\":[\"https:\\\/\\\/www.rjmodels.com.hk\\\/faqs\\\/3d-printed-architectural-model-procedure\\\/\"]}]},{\"@type\":\"ImageObject\",\"inLanguage\":\"cs\",\"@id\":\"https:\\\/\\\/www.rjmodels.com.hk\\\/faqs\\\/3d-printed-architectural-model-procedure\\\/#primaryimage\",\"url\":\"https:\\\/\\\/www.rjmodels.com.hk\\\/wp-content\\\/uploads\\\/2018\\\/03\\\/step1Image.jpg\",\"contentUrl\":\"https:\\\/\\\/www.rjmodels.com.hk\\\/wp-content\\\/uploads\\\/2018\\\/03\\\/step1Image.jpg\"},{\"@type\":\"BreadcrumbList\",\"@id\":\"https:\\\/\\\/www.rjmodels.com.hk\\\/faqs\\\/3d-printed-architectural-model-procedure\\\/#breadcrumb\",\"itemListElement\":[{\"@type\":\"ListItem\",\"position\":1,\"name\":\"Home\",\"item\":\"https:\\\/\\\/www.rjmodels.com.hk\\\/\"},{\"@type\":\"ListItem\",\"position\":2,\"name\":\"How RJ Models helps you make your design into 3D Printed Architectural Model\"}]},{\"@type\":\"WebSite\",\"@id\":\"https:\\\/\\\/www.rjmodels.com.hk\\\/#website\",\"url\":\"https:\\\/\\\/www.rjmodels.com.hk\\\/\",\"name\":\"RJ Models\",\"description\":\"\",\"publisher\":{\"@id\":\"https:\\\/\\\/www.rjmodels.com.hk\\\/#organization\"},\"potentialAction\":[{\"@type\":\"SearchAction\",\"target\":{\"@type\":\"EntryPoint\",\"urlTemplate\":\"https:\\\/\\\/www.rjmodels.com.hk\\\/?s={search_term_string}\"},\"query-input\":{\"@type\":\"PropertyValueSpecification\",\"valueRequired\":true,\"valueName\":\"search_term_string\"}}],\"inLanguage\":\"cs\"},{\"@type\":\"Organization\",\"@id\":\"https:\\\/\\\/www.rjmodels.com.hk\\\/#organization\",\"name\":\"RJ Models\",\"url\":\"https:\\\/\\\/www.rjmodels.com.hk\\\/\",\"logo\":{\"@type\":\"ImageObject\",\"inLanguage\":\"cs\",\"@id\":\"https:\\\/\\\/www.rjmodels.com.hk\\\/#\\\/schema\\\/logo\\\/image\\\/\",\"url\":\"https:\\\/\\\/www.rjmodels.com.hk\\\/wp-content\\\/uploads\\\/2021\\\/11\\\/cropped-logo-12.png\",\"contentUrl\":\"https:\\\/\\\/www.rjmodels.com.hk\\\/wp-content\\\/uploads\\\/2021\\\/11\\\/cropped-logo-12.png\",\"width\":681,\"height\":162,\"caption\":\"RJ Models\"},\"image\":{\"@id\":\"https:\\\/\\\/www.rjmodels.com.hk\\\/#\\\/schema\\\/logo\\\/image\\\/\"},\"sameAs\":[\"https:\\\/\\\/www.facebook.com\\\/rjmodelmaking\"]}]}<\/script>\n<!-- \/ Yoast SEO plugin. -->","yoast_head_json":{"title":"Postup 3D ti\u0161t\u011bn\u00e9ho architektonick\u00e9ho modelu","description":"Postup 3D ti\u0161t\u011bn\u00e9ho architektonick\u00e9ho modelu. Spole\u010dnost RJ Models m\u011bla to \u0161t\u011bst\u00ed, \u017ee pro v\u00e1s pracovala na \u0159ad\u011b architektonick\u00fdch projekt\u016f.","robots":{"index":"index","follow":"follow","max-snippet":"max-snippet:-1","max-image-preview":"max-image-preview:large","max-video-preview":"max-video-preview:-1"},"canonical":"https:\/\/www.rjmodels.com.hk\/cs\/casto-kladene-otazky\/postup-3d-tisteneho-architektonickeho-modelu\/","og_locale":"cs_CZ","og_type":"article","og_title":"3d printed architectural model procedure","og_description":"3d printed architectural model procedure. RJ Models has been fortunate to have worked on numbers of architectural projects for you.","og_url":"https:\/\/www.rjmodels.com.hk\/cs\/casto-kladene-otazky\/postup-3d-tisteneho-architektonickeho-modelu\/","og_site_name":"RJ Models","article_publisher":"https:\/\/www.facebook.com\/rjmodelmaking","article_modified_time":"2022-10-18T08:45:58+00:00","og_image":[{"url":"https:\/\/www.rjmodels.com.hk\/\/wp-content\/uploads\/2018\/03\/step1Image.jpg","type":"","width":"","height":""}],"twitter_card":"summary_large_image","twitter_misc":{"Odhadovan\u00e1 doba \u010dten\u00ed":"4 minuty"},"schema":{"@context":"https:\/\/schema.org","@graph":[{"@type":"WebPage","@id":"https:\/\/www.rjmodels.com.hk\/faqs\/3d-printed-architectural-model-procedure\/","url":"https:\/\/www.rjmodels.com.hk\/faqs\/3d-printed-architectural-model-procedure\/","name":"Postup 3D ti\u0161t\u011bn\u00e9ho architektonick\u00e9ho modelu","isPartOf":{"@id":"https:\/\/www.rjmodels.com.hk\/#website"},"primaryImageOfPage":{"@id":"https:\/\/www.rjmodels.com.hk\/faqs\/3d-printed-architectural-model-procedure\/#primaryimage"},"image":{"@id":"https:\/\/www.rjmodels.com.hk\/faqs\/3d-printed-architectural-model-procedure\/#primaryimage"},"thumbnailUrl":"https:\/\/www.rjmodels.com.hk\/wp-content\/uploads\/2018\/03\/step1Image.jpg","datePublished":"2018-03-16T14:34:30+00:00","dateModified":"2022-10-18T08:45:58+00:00","description":"Postup 3D ti\u0161t\u011bn\u00e9ho architektonick\u00e9ho modelu. Spole\u010dnost RJ Models m\u011bla to \u0161t\u011bst\u00ed, \u017ee pro v\u00e1s pracovala na \u0159ad\u011b architektonick\u00fdch projekt\u016f.","breadcrumb":{"@id":"https:\/\/www.rjmodels.com.hk\/faqs\/3d-printed-architectural-model-procedure\/#breadcrumb"},"inLanguage":"cs","potentialAction":[{"@type":"ReadAction","target":["https:\/\/www.rjmodels.com.hk\/faqs\/3d-printed-architectural-model-procedure\/"]}]},{"@type":"ImageObject","inLanguage":"cs","@id":"https:\/\/www.rjmodels.com.hk\/faqs\/3d-printed-architectural-model-procedure\/#primaryimage","url":"https:\/\/www.rjmodels.com.hk\/wp-content\/uploads\/2018\/03\/step1Image.jpg","contentUrl":"https:\/\/www.rjmodels.com.hk\/wp-content\/uploads\/2018\/03\/step1Image.jpg"},{"@type":"BreadcrumbList","@id":"https:\/\/www.rjmodels.com.hk\/faqs\/3d-printed-architectural-model-procedure\/#breadcrumb","itemListElement":[{"@type":"ListItem","position":1,"name":"Home","item":"https:\/\/www.rjmodels.com.hk\/"},{"@type":"ListItem","position":2,"name":"How RJ Models helps you make your design into 3D Printed Architectural Model"}]},{"@type":"WebSite","@id":"https:\/\/www.rjmodels.com.hk\/#website","url":"https:\/\/www.rjmodels.com.hk\/","name":"RJ Models","description":"","publisher":{"@id":"https:\/\/www.rjmodels.com.hk\/#organization"},"potentialAction":[{"@type":"SearchAction","target":{"@type":"EntryPoint","urlTemplate":"https:\/\/www.rjmodels.com.hk\/?s={search_term_string}"},"query-input":{"@type":"PropertyValueSpecification","valueRequired":true,"valueName":"search_term_string"}}],"inLanguage":"cs"},{"@type":"Organization","@id":"https:\/\/www.rjmodels.com.hk\/#organization","name":"RJ Models","url":"https:\/\/www.rjmodels.com.hk\/","logo":{"@type":"ImageObject","inLanguage":"cs","@id":"https:\/\/www.rjmodels.com.hk\/#\/schema\/logo\/image\/","url":"https:\/\/www.rjmodels.com.hk\/wp-content\/uploads\/2021\/11\/cropped-logo-12.png","contentUrl":"https:\/\/www.rjmodels.com.hk\/wp-content\/uploads\/2021\/11\/cropped-logo-12.png","width":681,"height":162,"caption":"RJ Models"},"image":{"@id":"https:\/\/www.rjmodels.com.hk\/#\/schema\/logo\/image\/"},"sameAs":["https:\/\/www.facebook.com\/rjmodelmaking"]}]}},"_links":{"self":[{"href":"https:\/\/www.rjmodels.com.hk\/cs\/wp-json\/wp\/v2\/pages\/782","targetHints":{"allow":["GET"]}}],"collection":[{"href":"https:\/\/www.rjmodels.com.hk\/cs\/wp-json\/wp\/v2\/pages"}],"about":[{"href":"https:\/\/www.rjmodels.com.hk\/cs\/wp-json\/wp\/v2\/types\/page"}],"author":[{"embeddable":true,"href":"https:\/\/www.rjmodels.com.hk\/cs\/wp-json\/wp\/v2\/users\/2"}],"replies":[{"embeddable":true,"href":"https:\/\/www.rjmodels.com.hk\/cs\/wp-json\/wp\/v2\/comments?post=782"}],"version-history":[{"count":0,"href":"https:\/\/www.rjmodels.com.hk\/cs\/wp-json\/wp\/v2\/pages\/782\/revisions"}],"wp:attachment":[{"href":"https:\/\/www.rjmodels.com.hk\/cs\/wp-json\/wp\/v2\/media?parent=782"}],"curies":[{"name":"wp","href":"https:\/\/api.w.org\/{rel}","templated":true}]}}