{"id":21,"date":"2018-01-07T07:46:22","date_gmt":"2018-01-07T07:46:22","guid":{"rendered":"http:\/\/rj.digitalpixels.co\/?page_id=21"},"modified":"2025-07-10T03:23:26","modified_gmt":"2025-07-10T03:23:26","slug":"blogu","status":"publish","type":"page","link":"https:\/\/www.rjmodels.com.hk\/cs\/blogu\/","title":{"rendered":"Blog"},"content":{"rendered":"<h2>Pr\u016fvodce modely RJ<\/h2>\r\n<p><img decoding=\"async\" title=\"pr\u016fvodce architektonick\u00fdmi modely\" src=\"https:\/\/www.rjmodels.com.hk\/wp-content\/uploads\/2021\/05\/httpswww.rjmodels.com_.hkarchitectural-models-guide.jpg\" alt=\"pr\u016fvodce architektonick\u00fdmi modely\" \/><\/p>\r\n<h3>Architektonick\u00e9 modely: Ultim\u00e1tn\u00ed pr\u016fvodce<\/h3>\r\n<p><img decoding=\"async\" title=\"04. rozhovor s Wall Street Journalem 1024x1022-1-300x145.webp\" src=\"https:\/\/www.rjmodels.com.hk\/wp-content\/uploads\/2024\/08\/04.-wall-street-journal-interview-1024x1022-1-300x145.webp.png\" alt=\"04. rozhovor s Wall Street Journalem 1024x1022-1-300x145.webp\" \/><\/p>\r\n<h3>RJ Models poskytl rozhovor Wall Street Journal<\/h3>\r\n<p><img decoding=\"async\" title=\"architektonick\u00e1 model\u00e1\u0159sk\u00e1 pr\u00e1ce\" src=\"https:\/\/www.rjmodels.com.hk\/wp-content\/uploads\/2021\/05\/httpswww.rjmodels.com_.hkarchitectural-model-making.jpg\" alt=\"architektonick\u00e1 model\u00e1\u0159sk\u00e1 pr\u00e1ce\" \/><\/p>\r\n<h3>Profesion\u00e1ln\u00ed tvorba architektonick\u00fdch model\u016f: Kompletn\u00ed pr\u016fvodce<\/h3>\r\n<p><img decoding=\"async\" title=\"tv\u016frci architektonick\u00fdch model\u016f\" src=\"https:\/\/www.rjmodels.com.hk\/wp-content\/uploads\/2021\/05\/architectural-model-makers.jpg\" alt=\"tv\u016frci architektonick\u00fdch model\u016f\" \/><\/p>\r\n<h3>Tv\u016frci architektonick\u00fdch model\u016f: RJ Models prom\u011bn\u00ed v\u00e1\u0161 koncept v mistrovsk\u00e9 d\u00edlo<\/h3>","protected":false},"excerpt":{"rendered":"<p>RJ Models Guide Architectrual Models: The Ultimate Guide RJ Models is interviewed by Wall Street Journal Professional Architectural Model Making: The Complete Guide Architectural Model Makers: RJ Models Turns Your Concept into a Masterpiece<\/p>","protected":false},"author":2,"featured_media":0,"parent":0,"menu_order":122,"comment_status":"closed","ping_status":"closed","template":"page-templates\/blog.php","meta":{"_acf_changed":false,"site-sidebar-layout":"no-sidebar","site-content-layout":"page-builder","ast-site-content-layout":"full-width-container","site-content-style":"unboxed","site-sidebar-style":"unboxed","ast-global-header-display":"","ast-banner-title-visibility":"","ast-main-header-display":"","ast-hfb-above-header-display":"","ast-hfb-below-header-display":"","ast-hfb-mobile-header-display":"","site-post-title":"disabled","ast-breadcrumbs-content":"","ast-featured-img":"disabled","footer-sml-layout":"","theme-transparent-header-meta":"default","adv-header-id-meta":"","stick-header-meta":"default","header-above-stick-meta":"","header-main-stick-meta":"","header-below-stick-meta":"","astra-migrate-meta-layouts":"set","ast-page-background-enabled":"default","ast-page-background-meta":{"desktop":{"background-color":"","background-image":"","background-repeat":"repeat","background-position":"center center","background-size":"auto","background-attachment":"scroll","background-type":"","background-media":"","overlay-type":"","overlay-color":"","overlay-opacity":"","overlay-gradient":""},"tablet":{"background-color":"","background-image":"","background-repeat":"repeat","background-position":"center center","background-size":"auto","background-attachment":"scroll","background-type":"","background-media":"","overlay-type":"","overlay-color":"","overlay-opacity":"","overlay-gradient":""},"mobile":{"background-color":"","background-image":"","background-repeat":"repeat","background-position":"center center","background-size":"auto","background-attachment":"scroll","background-type":"","background-media":"","overlay-type":"","overlay-color":"","overlay-opacity":"","overlay-gradient":""}},"ast-content-background-meta":{"desktop":{"background-color":"var(--ast-global-color-5)","background-image":"","background-repeat":"repeat","background-position":"center center","background-size":"auto","background-attachment":"scroll","background-type":"","background-media":"","overlay-type":"","overlay-color":"","overlay-opacity":"","overlay-gradient":""},"tablet":{"background-color":"var(--ast-global-color-5)","background-image":"","background-repeat":"repeat","background-position":"center center","background-size":"auto","background-attachment":"scroll","background-type":"","background-media":"","overlay-type":"","overlay-color":"","overlay-opacity":"","overlay-gradient":""},"mobile":{"background-color":"var(--ast-global-color-5)","background-image":"","background-repeat":"repeat","background-position":"center center","background-size":"auto","background-attachment":"scroll","background-type":"","background-media":"","overlay-type":"","overlay-color":"","overlay-opacity":"","overlay-gradient":""}},"footnotes":""},"class_list":["post-21","page","type-page","status-publish","hentry"],"acf":[],"yoast_head":"<!-- This site is optimized with the Yoast SEO plugin v27.4 - https:\/\/yoast.com\/product\/yoast-seo-wordpress\/ -->\n<title>Become an Expert for Model Making at RJ Models Blog<\/title>\n<meta name=\"description\" content=\"Become an Expert for Scale Model Making at RJ Models Blog. Contact Us Now!\" \/>\n<meta name=\"robots\" content=\"noindex, nofollow\" \/>\n<meta property=\"og:locale\" content=\"cs_CZ\" \/>\n<meta property=\"og:type\" content=\"article\" \/>\n<meta property=\"og:title\" content=\"Become an Expert for Model Making at RJ Models Blog\" \/>\n<meta property=\"og:description\" content=\"Become an Expert for Scale Model Making at RJ Models Blog. Contact Us Now!\" \/>\n<meta property=\"og:url\" content=\"https:\/\/www.rjmodels.com.hk\/cs\/blogu\/\" \/>\n<meta property=\"og:site_name\" content=\"RJ Models\" \/>\n<meta property=\"article:publisher\" content=\"https:\/\/www.facebook.com\/rjmodelmaking\" \/>\n<meta property=\"article:modified_time\" content=\"2025-07-10T03:23:26+00:00\" \/>\n<meta property=\"og:image\" content=\"https:\/\/www.rjmodels.com.hk\/wp-content\/uploads\/2021\/05\/httpswww.rjmodels.com_.hkarchitectural-models-guide.jpg\" \/>\n<meta name=\"twitter:card\" content=\"summary_large_image\" \/>\n<meta name=\"twitter:label1\" content=\"Odhadovan\u00e1 doba \u010dten\u00ed\" \/>\n\t<meta name=\"twitter:data1\" content=\"4 minuty\" \/>\n<script type=\"application\/ld+json\" class=\"yoast-schema-graph\">{\"@context\":\"https:\\\/\\\/schema.org\",\"@graph\":[{\"@type\":\"WebPage\",\"@id\":\"https:\\\/\\\/www.rjmodels.com.hk\\\/blog\\\/\",\"url\":\"https:\\\/\\\/www.rjmodels.com.hk\\\/blog\\\/\",\"name\":\"Become an Expert for Model Making at RJ Models Blog\",\"isPartOf\":{\"@id\":\"https:\\\/\\\/www.rjmodels.com.hk\\\/#website\"},\"primaryImageOfPage\":{\"@id\":\"https:\\\/\\\/www.rjmodels.com.hk\\\/blog\\\/#primaryimage\"},\"image\":{\"@id\":\"https:\\\/\\\/www.rjmodels.com.hk\\\/blog\\\/#primaryimage\"},\"thumbnailUrl\":\"https:\\\/\\\/www.rjmodels.com.hk\\\/wp-content\\\/uploads\\\/2021\\\/05\\\/httpswww.rjmodels.com_.hkarchitectural-models-guide.jpg\",\"datePublished\":\"2018-01-07T07:46:22+00:00\",\"dateModified\":\"2025-07-10T03:23:26+00:00\",\"description\":\"Become an Expert for Scale Model Making at RJ Models Blog. Contact Us Now!\",\"breadcrumb\":{\"@id\":\"https:\\\/\\\/www.rjmodels.com.hk\\\/blog\\\/#breadcrumb\"},\"inLanguage\":\"cs\",\"potentialAction\":[{\"@type\":\"ReadAction\",\"target\":[\"https:\\\/\\\/www.rjmodels.com.hk\\\/blog\\\/\"]}]},{\"@type\":\"ImageObject\",\"inLanguage\":\"cs\",\"@id\":\"https:\\\/\\\/www.rjmodels.com.hk\\\/blog\\\/#primaryimage\",\"url\":\"https:\\\/\\\/www.rjmodels.com.hk\\\/wp-content\\\/uploads\\\/2021\\\/05\\\/httpswww.rjmodels.com_.hkarchitectural-models-guide.jpg\",\"contentUrl\":\"https:\\\/\\\/www.rjmodels.com.hk\\\/wp-content\\\/uploads\\\/2021\\\/05\\\/httpswww.rjmodels.com_.hkarchitectural-models-guide.jpg\"},{\"@type\":\"BreadcrumbList\",\"@id\":\"https:\\\/\\\/www.rjmodels.com.hk\\\/blog\\\/#breadcrumb\",\"itemListElement\":[{\"@type\":\"ListItem\",\"position\":1,\"name\":\"Home\",\"item\":\"https:\\\/\\\/www.rjmodels.com.hk\\\/\"},{\"@type\":\"ListItem\",\"position\":2,\"name\":\"Blog\"}]},{\"@type\":\"WebSite\",\"@id\":\"https:\\\/\\\/www.rjmodels.com.hk\\\/#website\",\"url\":\"https:\\\/\\\/www.rjmodels.com.hk\\\/\",\"name\":\"RJ Models\",\"description\":\"\",\"publisher\":{\"@id\":\"https:\\\/\\\/www.rjmodels.com.hk\\\/#organization\"},\"potentialAction\":[{\"@type\":\"SearchAction\",\"target\":{\"@type\":\"EntryPoint\",\"urlTemplate\":\"https:\\\/\\\/www.rjmodels.com.hk\\\/?s={search_term_string}\"},\"query-input\":{\"@type\":\"PropertyValueSpecification\",\"valueRequired\":true,\"valueName\":\"search_term_string\"}}],\"inLanguage\":\"cs\"},{\"@type\":\"Organization\",\"@id\":\"https:\\\/\\\/www.rjmodels.com.hk\\\/#organization\",\"name\":\"RJ Models\",\"url\":\"https:\\\/\\\/www.rjmodels.com.hk\\\/\",\"logo\":{\"@type\":\"ImageObject\",\"inLanguage\":\"cs\",\"@id\":\"https:\\\/\\\/www.rjmodels.com.hk\\\/#\\\/schema\\\/logo\\\/image\\\/\",\"url\":\"https:\\\/\\\/www.rjmodels.com.hk\\\/wp-content\\\/uploads\\\/2021\\\/11\\\/cropped-logo-12.png\",\"contentUrl\":\"https:\\\/\\\/www.rjmodels.com.hk\\\/wp-content\\\/uploads\\\/2021\\\/11\\\/cropped-logo-12.png\",\"width\":681,\"height\":162,\"caption\":\"RJ Models\"},\"image\":{\"@id\":\"https:\\\/\\\/www.rjmodels.com.hk\\\/#\\\/schema\\\/logo\\\/image\\\/\"},\"sameAs\":[\"https:\\\/\\\/www.facebook.com\\\/rjmodelmaking\"]}]}<\/script>\n<!-- \/ Yoast SEO plugin. -->","yoast_head_json":{"title":"Sta\u0148te se expertem na model\u00e1\u0159stv\u00ed na blogu RJ Models","description":"Sta\u0148te se expertem na v\u00fdrobu model\u016f v m\u011b\u0159\u00edtku na blogu RJ Models. Kontaktujte n\u00e1s hned te\u010f!","robots":{"index":"noindex","follow":"nofollow"},"og_locale":"cs_CZ","og_type":"article","og_title":"Become an Expert for Model Making at RJ Models Blog","og_description":"Become an Expert for Scale Model Making at RJ Models Blog. Contact Us Now!","og_url":"https:\/\/www.rjmodels.com.hk\/cs\/blogu\/","og_site_name":"RJ Models","article_publisher":"https:\/\/www.facebook.com\/rjmodelmaking","article_modified_time":"2025-07-10T03:23:26+00:00","og_image":[{"url":"https:\/\/www.rjmodels.com.hk\/wp-content\/uploads\/2021\/05\/httpswww.rjmodels.com_.hkarchitectural-models-guide.jpg","type":"","width":"","height":""}],"twitter_card":"summary_large_image","twitter_misc":{"Odhadovan\u00e1 doba \u010dten\u00ed":"4 minuty"},"schema":{"@context":"https:\/\/schema.org","@graph":[{"@type":"WebPage","@id":"https:\/\/www.rjmodels.com.hk\/blog\/","url":"https:\/\/www.rjmodels.com.hk\/blog\/","name":"Sta\u0148te se expertem na model\u00e1\u0159stv\u00ed na blogu RJ Models","isPartOf":{"@id":"https:\/\/www.rjmodels.com.hk\/#website"},"primaryImageOfPage":{"@id":"https:\/\/www.rjmodels.com.hk\/blog\/#primaryimage"},"image":{"@id":"https:\/\/www.rjmodels.com.hk\/blog\/#primaryimage"},"thumbnailUrl":"https:\/\/www.rjmodels.com.hk\/wp-content\/uploads\/2021\/05\/httpswww.rjmodels.com_.hkarchitectural-models-guide.jpg","datePublished":"2018-01-07T07:46:22+00:00","dateModified":"2025-07-10T03:23:26+00:00","description":"Sta\u0148te se expertem na v\u00fdrobu model\u016f v m\u011b\u0159\u00edtku na blogu RJ Models. Kontaktujte n\u00e1s hned te\u010f!","breadcrumb":{"@id":"https:\/\/www.rjmodels.com.hk\/blog\/#breadcrumb"},"inLanguage":"cs","potentialAction":[{"@type":"ReadAction","target":["https:\/\/www.rjmodels.com.hk\/blog\/"]}]},{"@type":"ImageObject","inLanguage":"cs","@id":"https:\/\/www.rjmodels.com.hk\/blog\/#primaryimage","url":"https:\/\/www.rjmodels.com.hk\/wp-content\/uploads\/2021\/05\/httpswww.rjmodels.com_.hkarchitectural-models-guide.jpg","contentUrl":"https:\/\/www.rjmodels.com.hk\/wp-content\/uploads\/2021\/05\/httpswww.rjmodels.com_.hkarchitectural-models-guide.jpg"},{"@type":"BreadcrumbList","@id":"https:\/\/www.rjmodels.com.hk\/blog\/#breadcrumb","itemListElement":[{"@type":"ListItem","position":1,"name":"Home","item":"https:\/\/www.rjmodels.com.hk\/"},{"@type":"ListItem","position":2,"name":"Blog"}]},{"@type":"WebSite","@id":"https:\/\/www.rjmodels.com.hk\/#website","url":"https:\/\/www.rjmodels.com.hk\/","name":"Modely RJ","description":"","publisher":{"@id":"https:\/\/www.rjmodels.com.hk\/#organization"},"potentialAction":[{"@type":"SearchAction","target":{"@type":"EntryPoint","urlTemplate":"https:\/\/www.rjmodels.com.hk\/?s={search_term_string}"},"query-input":{"@type":"PropertyValueSpecification","valueRequired":true,"valueName":"search_term_string"}}],"inLanguage":"cs"},{"@type":"Organization","@id":"https:\/\/www.rjmodels.com.hk\/#organization","name":"Modely RJ","url":"https:\/\/www.rjmodels.com.hk\/","logo":{"@type":"ImageObject","inLanguage":"cs","@id":"https:\/\/www.rjmodels.com.hk\/#\/schema\/logo\/image\/","url":"https:\/\/www.rjmodels.com.hk\/wp-content\/uploads\/2021\/11\/cropped-logo-12.png","contentUrl":"https:\/\/www.rjmodels.com.hk\/wp-content\/uploads\/2021\/11\/cropped-logo-12.png","width":681,"height":162,"caption":"RJ Models"},"image":{"@id":"https:\/\/www.rjmodels.com.hk\/#\/schema\/logo\/image\/"},"sameAs":["https:\/\/www.facebook.com\/rjmodelmaking"]}]}},"_links":{"self":[{"href":"https:\/\/www.rjmodels.com.hk\/cs\/wp-json\/wp\/v2\/pages\/21","targetHints":{"allow":["GET"]}}],"collection":[{"href":"https:\/\/www.rjmodels.com.hk\/cs\/wp-json\/wp\/v2\/pages"}],"about":[{"href":"https:\/\/www.rjmodels.com.hk\/cs\/wp-json\/wp\/v2\/types\/page"}],"author":[{"embeddable":true,"href":"https:\/\/www.rjmodels.com.hk\/cs\/wp-json\/wp\/v2\/users\/2"}],"replies":[{"embeddable":true,"href":"https:\/\/www.rjmodels.com.hk\/cs\/wp-json\/wp\/v2\/comments?post=21"}],"version-history":[{"count":0,"href":"https:\/\/www.rjmodels.com.hk\/cs\/wp-json\/wp\/v2\/pages\/21\/revisions"}],"wp:attachment":[{"href":"https:\/\/www.rjmodels.com.hk\/cs\/wp-json\/wp\/v2\/media?parent=21"}],"curies":[{"name":"wp","href":"https:\/\/api.w.org\/{rel}","templated":true}]}}