{"id":19,"date":"2018-01-07T07:46:06","date_gmt":"2018-01-07T07:46:06","guid":{"rendered":"http:\/\/rj.digitalpixels.co\/?page_id=19"},"modified":"2026-04-20T02:08:55","modified_gmt":"2026-04-20T02:08:55","slug":"o","status":"publish","type":"page","link":"https:\/\/www.rjmodels.com.hk\/cs\/o\/","title":{"rendered":"O"},"content":{"rendered":"<h2>\n\t\tVedouc\u00ed <br \/>MODELOV\u00c1 SPOLE\u010cNOST <br \/>3 desetilet\u00ed v\u011bnov\u00e1n\u00ed\n\t<\/h2>\n<h2>\n\t\tLeader In World Class Architectural Model Making\n\t<\/h2>\n<p>RJ Models is the world&#8217;s largest model making company. We are industry specialists with a global reputation for excellence in architectural model building.<\/p>\n<p>We create over 700 <a href=\"https:\/\/www.rjmodels.com.hk\/cs\/pruvodce-architektonickymi-modely\/\">architektonick\u00e9 modely<\/a> every year. Our team maintains a consistent standard of high-quality scale models for every client.<\/p>\n<p>Mezi na\u0161e priority pat\u0159\u00ed distribuce na\u0161ich instalac\u00ed v\u00fdhradn\u011b a po cel\u00e9m sv\u011bt\u011b, jako nap\u0159\u00a0<a href=\"\/cs\/tvurci-architektonickych-modelu-v-usa\/\">USA<\/a>,\u00a0<a href=\"https:\/\/www.rjmodels.com.hk\/cs\/tvurci-architektonickych-modelu-ve-velke-britanii\/\">Spojen\u00e9 kr\u00e1lovstv\u00ed<\/a>,\u00a0<a href=\"https:\/\/www.rjmodels.com.hk\/cs\/tvurci-architektonickych-modelu-v-japonsku\/\">Japonsko<\/a>.<\/p>\n<p>RJ Models \u00fazce spolupracuje se v\u0161emi na\u0161imi klienty, abychom dos\u00e1hli co nejlep\u0161\u00ed kvality zobrazen\u00ed a prezentace pro v\u0161echny typy model\u016f.<\/p>\n  <ul>\n    <li>\n      <a href=\"https:\/\/www.rjmodels.com.hk\/cs\/modely-hlavnich-planu\/\">Modely hlavn\u00edho pl\u00e1nov\u00e1n\u00ed<\/a>\n    <\/li>\n    <li>\n      <a href=\"https:\/\/www.rjmodels.com.hk\/cs\/office-building-model\/\">Modely kancel\u00e1\u0159sk\u00fdch budov<\/a>\n    <\/li>\n    <li>\n      <a href=\"https:\/\/www.rjmodels.com.hk\/cs\/letistni-model\/\">Leti\u0161tn\u00ed modely<\/a>\n    <\/li>\n    <li>\n      <a href=\"https:\/\/www.rjmodels.com.hk\/cs\/hotelovy-model\/\">Modely hotel\u016f<\/a>\n    <\/li>\n    <li>\n      <a href=\"https:\/\/www.rjmodels.com.hk\/cs\/model-stadionu\/\">Modely stadion\u016f<\/a>\n    <\/li>\n    <li>\n      <a href=\"https:\/\/www.rjmodels.com.hk\/cs\/modely-nakupnich-center\/\">Modely n\u00e1kupn\u00edch center<\/a>\n    <\/li>\n    <li>\n      <a href=\"https:\/\/www.rjmodels.com.hk\/cs\/model-interieru\/\">Modely interi\u00e9r\u016f<\/a>\n    <\/li>\n    <li>\n      <a href=\"https:\/\/www.rjmodels.com.hk\/cs\/model-vily\/\">Modely vil<\/a>\n    <\/li>\n  <\/ul>\n  <ul>\n    <li>\n      <a href=\"https:\/\/www.rjmodels.com.hk\/cs\/muzejni-model\/\">Muzejn\u00ed modely<\/a>\n    <\/li>\n    <li>\n      <a href=\"https:\/\/www.rjmodels.com.hk\/cs\/model-zabavniho-parku\/\">Modely z\u00e1bavn\u00edho parku<\/a>\n    <\/li>\n    <li>\n      <a href=\"https:\/\/www.rjmodels.com.hk\/cs\/model-krajiny\/\">Modely krajiny<\/a>\n    <\/li>\n    <li>\n      <a href=\"https:\/\/www.rjmodels.com.hk\/cs\/prumyslovy-model\/\">Pr\u016fmyslov\u00e9 modely<\/a>\n    <\/li>\n    <li>\n      <a href=\"https:\/\/www.rjmodels.com.hk\/cs\/model-mostu\/\">Modely most\u016f<\/a>\n    <\/li>\n    <li>\n      <a href=\"https:\/\/www.rjmodels.com.hk\/cs\/model-lodenice\/\">Modely lod\u011bnic<\/a>\n    <\/li>\n    <li>\n      <a href=\"https:\/\/www.rjmodels.com.hk\/cs\/Cruise+Terminal+Model\/\">Modely p\u0159\u00edstav\u016f<\/a>\n    <\/li>\n    <li>\n      <a href=\"https:\/\/www.rjmodels.com.hk\/cs\/modely-mesit\/\">Modely me\u0161it<\/a>\n    <\/li>\n  <\/ul>\n  <ul>\n    <li>\n      <a href=\"https:\/\/www.rjmodels.com.hk\/cs\/modely-obytnych-budov\/\">Modely obytn\u00fdch budov<\/a>\n    <\/li>\n    <li>\n      <a href=\"https:\/\/www.rjmodels.com.hk\/cs\/skolni-architektonicky-model\/\">\u0160koln\u00ed modely<\/a>\n    <\/li>\n    <li>\n      <a href=\"https:\/\/www.rjmodels.com.hk\/cs\/architektonicky-model-fasady\/\">Modely fas\u00e1d<\/a>\n    <\/li>\n    <li>\n      <a href=\"https:\/\/www.rjmodels.com.hk\/cs\/sekce-architektonicky-model\/\">Sekce Modely<\/a>\n    <\/li>\n    <li>\n      <a href=\"https:\/\/www.rjmodels.com.hk\/cs\/model-nemocnice\/\">Modely nemocnic<\/a>\n    <\/li>\n    <li>\n      <a href=\"https:\/\/www.rjmodels.com.hk\/cs\/white-architectural-model\/\">B\u00edl\u00e9 architektonick\u00e9 modely<\/a>\n    <\/li>\n    <li>\n      <a href=\"https:\/\/www.rjmodels.com.hk\/cs\/dreveny-architektonicky-model\/\">D\u0159ev\u011bn\u00e9 architektonick\u00e9 modely<\/a>\n    <\/li>\n    <li>\n      <a href=\"https:\/\/www.rjmodels.com.hk\/cs\/sluzba-3d-tisteneho-architektonickeho-modelu\/\">3D ti\u0161t\u011bn\u00e9 architektonick\u00e9 modely<\/a>\n    <\/li>\n  <\/ul>\n<h2>\n\t\tOur Global Reach and Capacity\n\t<\/h2>\n\t\t\t<h3>9999+ Projects<\/h3>\t\t\t\n\t\t\t\t<p>S v\u00edce ne\u017e 700 modely, kter\u00e9 se ka\u017ed\u00fd rok vytvo\u0159\u00ed, se n\u00e1m da\u0159\u00ed udr\u017eovat konzistentnost p\u0159i poskytov\u00e1n\u00ed vysoce kvalitn\u00edch architektonick\u00fdch model\u016f.<\/p>\n\t\t\t<h3>31\u00a0Years of Experience<\/h3>\t\t\t\n\t\t\t\t<p>RJ Models je sv\u011btov\u011b uzn\u00e1van\u00e1 spole\u010dnost vyr\u00e1b\u011bj\u00edc\u00ed modely lod\u00ed, zalo\u017een\u00e1 v roce 1995.<\/p>\n\t\t\t<h3>765 \u0161t\u00e1b\u016f<\/h3>\t\t\t\n\t\t\t\t<p>Na\u0161i tv\u016frci architektonick\u00fdch model\u016f maj\u00ed \u0161irokou \u0161k\u00e1lu zku\u0161enost\u00ed s vysokou reputac\u00ed jako specialist\u00e9 v na\u0161em oboru.<\/p>\n\t\t\t<h3>98 zem\u00ed<\/h3>\t\t\t\n\t\t\t\t<p>RJ Models m\u00e1 k dispozici rozs\u00e1hl\u00fd t\u00fdm profesion\u00e1l\u016f v oblasti p\u0159epravy, kte\u0159\u00ed jsou zvykl\u00ed dodr\u017eovat nejp\u0159\u00edsn\u011bj\u0161\u00ed term\u00edny.<\/p>\n<h2>\n\t\tKontaktujte RJ Models a my v\u00e1m pom\u016f\u017eeme rozv\u00edjet va\u0161e podnik\u00e1n\u00ed. \n\t<\/h2>\n\t\n<div class=\"wpcf7 no-js\" id=\"wpcf7-f48034-o1\" lang=\"en-US\" dir=\"ltr\" data-wpcf7-id=\"48034\">\n<div class=\"screen-reader-response\"><p role=\"status\" aria-live=\"polite\" aria-atomic=\"true\"><\/p> <ul><\/ul><\/div>\n<form action=\"\/cs\/wp-json\/wp\/v2\/pages\/19#wpcf7-f48034-o1\" method=\"post\" class=\"wpcf7-form init\" aria-label=\"Kontaktn\u00ed formul\u00e1\u0159\" novalidate=\"novalidate\" data-status=\"init\" data-trp-original-action=\"\/cs\/wp-json\/wp\/v2\/pages\/19#wpcf7-f48034-o1\">\n<fieldset class=\"hidden-fields-container\"><input type=\"hidden\" name=\"_wpcf7\" value=\"48034\" \/><input type=\"hidden\" name=\"_wpcf7_version\" value=\"6.1.5\" \/><input type=\"hidden\" name=\"_wpcf7_locale\" value=\"en_US\" \/><input type=\"hidden\" name=\"_wpcf7_unit_tag\" value=\"wpcf7-f48034-o1\" \/><input type=\"hidden\" name=\"_wpcf7_container_post\" value=\"0\" \/><input type=\"hidden\" name=\"_wpcf7_posted_data_hash\" value=\"\" \/>\n<\/fieldset>\n<div class=\"uabb-cf7-col-1\">\n\t<p><span class=\"wpcf7-form-control-wrap\" data-name=\"your-name\"><input size=\"40\" maxlength=\"400\" class=\"wpcf7-form-control wpcf7-text wpcf7-validates-as-required\" aria-required=\"true\" aria-invalid=\"false\" placeholder=\"Va\u0161e jm\u00e9no\" value=\"\" type=\"text\" name=\"your-name\" \/><\/span>\n\t<\/p>\n<\/div>\n<div class=\"uabb-cf7-col-1\">\n\t<p><span class=\"wpcf7-form-control-wrap\" data-name=\"your-email\"><input size=\"40\" maxlength=\"400\" class=\"wpcf7-form-control wpcf7-email wpcf7-validates-as-required wpcf7-text wpcf7-validates-as-email\" aria-required=\"true\" aria-invalid=\"false\" placeholder=\"V\u00e1\u0161 email*\" value=\"\" type=\"email\" name=\"your-email\" \/><\/span>\n\t<\/p>\n<\/div>\n<div class=\"uabb-cf7-col-1\">\n\t<p><span class=\"wpcf7-form-control-wrap\" data-name=\"your-company\"><input size=\"40\" maxlength=\"400\" class=\"wpcf7-form-control wpcf7-text\" aria-invalid=\"false\" placeholder=\"N\u00e1zev va\u0161\u00ed spole\u010dnosti\" value=\"\" type=\"text\" name=\"your-company\" \/><\/span>\n\t<\/p>\n<\/div>\n<div class=\"uabb-cf7-col-1\">\n\t<p><span class=\"wpcf7-form-control-wrap\" data-name=\"purpose\"><input size=\"40\" maxlength=\"400\" class=\"wpcf7-form-control wpcf7-text\" aria-invalid=\"false\" placeholder=\"\u00da\u010del modelu: (marketing, konkurence, prezentace)\" value=\"\" type=\"text\" name=\"purpose\" \/><\/span>\n\t<\/p>\n<\/div>\n<div class=\"uabb-cf7-col-1\">\n\t<p><span class=\"wpcf7-form-control-wrap\" data-name=\"size\"><input size=\"40\" maxlength=\"400\" class=\"wpcf7-form-control wpcf7-text\" aria-invalid=\"false\" placeholder=\"O\u010dek\u00e1van\u00e9 m\u011b\u0159\u00edtko a velikost: (Dx\u0160xV)\" value=\"\" type=\"text\" name=\"size\" \/><\/span>\n\t<\/p>\n<\/div>\n<div class=\"uabb-cf7-col-1\">\n\t<p><span class=\"wpcf7-form-control-wrap\" data-name=\"date\"><input size=\"40\" maxlength=\"400\" class=\"wpcf7-form-control wpcf7-text\" aria-invalid=\"false\" placeholder=\"P\u0159edpokl\u00e1dan\u00e9 datum dokon\u010den\u00ed\" value=\"\" type=\"text\" name=\"date\" \/><\/span>\n\t<\/p>\n<\/div>\n<div class=\"uabb-cf7-col-1\">\n\t<p><span class=\"wpcf7-form-control-wrap\" data-name=\"delivery\"><input size=\"40\" maxlength=\"400\" class=\"wpcf7-form-control wpcf7-text\" aria-invalid=\"false\" placeholder=\"C\u00edle dod\u00e1n\u00ed a instalace: (m\u011bsto, zem\u011b)\" value=\"\" type=\"text\" name=\"delivery\" \/><\/span>\n\t<\/p>\n<\/div>\n<div class=\"uabb-cf7-col-1\">\n\t<p><span class=\"wpcf7-form-control-wrap\" data-name=\"expected-date\"><input size=\"40\" maxlength=\"400\" class=\"wpcf7-form-control wpcf7-text\" aria-invalid=\"false\" placeholder=\"O\u010dek\u00e1van\u00e9 datum prohl\u00eddky tov\u00e1rny: (m\u011bs\u00edc, datum \/ pozd\u011bji)\" value=\"\" type=\"text\" name=\"expected-date\" \/><\/span>\n\t<\/p>\n<\/div>\n<div class=\"uabb-cf7-col-1\">\n\t<p><span class=\"wpcf7-form-control-wrap\" data-name=\"your-message\"><textarea cols=\"60\" rows=\"3\" maxlength=\"2000\" class=\"wpcf7-form-control wpcf7-textarea wpcf7-validates-as-required\" aria-required=\"true\" aria-invalid=\"false\" placeholder=\"Va\u0161e zpr\u00e1va*\" name=\"your-message\"><\/textarea><\/span>\n\t<\/p>\n<\/div>\n<div class=\"uabb-cf7-col-1\">\n\t<p><span class=\"wpcf7-form-control-wrap\" data-name=\"upload-file-221\"><input size=\"40\" class=\"wpcf7-form-control wpcf7-drag-n-drop-file d-none\" aria-invalid=\"false\" type=\"file\" multiple=\"multiple\" data-name=\"upload-file-221\" data-type=\"jpg|jpeg|zip|png|gif|rar|pdf\" data-limit=\"104857600\" data-id=\"48034\" data-version=\"free version 1.3.9.6\" accept=\".jpg, .jpeg, .zip, .png, .gif, .rar, .pdf\" \/><\/span>(Za\u0161lete n\u00e1m pros\u00edm Dropbox nebo WeTransfer nebo n\u00e1\u0161 e-mail: <a href=\"mailto:marketing@rjmodels.com.hk\">marketing@rjmodels.com.hk<\/a> pokud jsou soubory v\u011bt\u0161\u00ed ne\u017e 50 MB. )\n\t<\/p>\n<\/div>\n<div class=\"uabb-cf7-col-1\">\n\t<p><input class=\"wpcf7-form-control wpcf7-submit has-spinner cf7-submit\" type=\"submit\" value=\"CENA ZDARMA\" \/>\n\t<\/p>\n<\/div>\n<p><script>\ndocument.addEventListener( 'wpcf7mailsent', function( event ) {\n location = '\/thank-you-rj-models\/';\n}, false );\n<\/script>\n<\/p>\n<style>\n.cf7-submit{display: grid;margin: auto;}\n<\/style><p style=\"display: none !important;\" class=\"akismet-fields-container\" data-prefix=\"_wpcf7_ak_\"><label>\u0394<textarea name=\"_wpcf7_ak_hp_textarea\" cols=\"45\" rows=\"8\" maxlength=\"100\"><\/textarea><\/label><input type=\"hidden\" id=\"ak_js_1\" name=\"_wpcf7_ak_js\" value=\"110\"\/><script>\ndocument.getElementById( \"ak_js_1\" ).setAttribute( \"value\", ( new Date() ).getTime() );\n<\/script>\n<\/p><div class=\"wpcf7-response-output\" aria-hidden=\"true\"><\/div>\n<input type=\"hidden\" name=\"trp-form-language\" value=\"cs\"\/><\/form>\n<\/div>\n\n\t<p>Na\u0161\u00ed viz\u00ed je poskytovat \u0161pi\u010dkov\u00e9 3D modely v m\u011b\u0159\u00edtku v\u0161ude na sv\u011bt\u011b.<\/p>\n<p>Kontaktujte n\u00e1s nyn\u00ed a my v\u00e1m odpov\u00edme do 24 hodin.<\/p>\n\t\t\t\t<img loading=\"lazy\" decoding=\"async\" src=\"https:\/\/www.rjmodels.com.hk\/wp-content\/uploads\/2022\/05\/350-600-2.jpg\" alt=\"Tv\u016frce architektonick\u00fdch model\u016f\" itemprop=\"image\" height=\"600\" width=\"350\" title=\"Tv\u016frce architektonick\u00fdch model\u016f\" onerror=\"this.style.display='none'\"  \/>","protected":false},"excerpt":{"rendered":"<p>Leading MODEL MAKING COMPANY 3 Decades of Dedication Leader In World Class Architectural Model Making RJ Models is the world&#8217;s largest model making company. We are industry specialists with a global reputation for excellence in architectural model building. We create over 700 architectural models every year. Our team maintains a consistent standard of high-quality scale [&hellip;]<\/p>\n","protected":false},"author":2,"featured_media":0,"parent":0,"menu_order":119,"comment_status":"closed","ping_status":"closed","template":"","meta":{"_acf_changed":false,"site-sidebar-layout":"no-sidebar","site-content-layout":"page-builder","ast-site-content-layout":"full-width-container","site-content-style":"unboxed","site-sidebar-style":"unboxed","ast-global-header-display":"","ast-banner-title-visibility":"","ast-main-header-display":"","ast-hfb-above-header-display":"","ast-hfb-below-header-display":"","ast-hfb-mobile-header-display":"","site-post-title":"disabled","ast-breadcrumbs-content":"","ast-featured-img":"disabled","footer-sml-layout":"","theme-transparent-header-meta":"default","adv-header-id-meta":"","stick-header-meta":"default","header-above-stick-meta":"","header-main-stick-meta":"","header-below-stick-meta":"","astra-migrate-meta-layouts":"set","ast-page-background-enabled":"default","ast-page-background-meta":{"desktop":{"background-color":"","background-image":"","background-repeat":"repeat","background-position":"center center","background-size":"auto","background-attachment":"scroll","background-type":"","background-media":"","overlay-type":"","overlay-color":"","overlay-opacity":"","overlay-gradient":""},"tablet":{"background-color":"","background-image":"","background-repeat":"repeat","background-position":"center center","background-size":"auto","background-attachment":"scroll","background-type":"","background-media":"","overlay-type":"","overlay-color":"","overlay-opacity":"","overlay-gradient":""},"mobile":{"background-color":"","background-image":"","background-repeat":"repeat","background-position":"center center","background-size":"auto","background-attachment":"scroll","background-type":"","background-media":"","overlay-type":"","overlay-color":"","overlay-opacity":"","overlay-gradient":""}},"ast-content-background-meta":{"desktop":{"background-color":"var(--ast-global-color-5)","background-image":"","background-repeat":"repeat","background-position":"center center","background-size":"auto","background-attachment":"scroll","background-type":"","background-media":"","overlay-type":"","overlay-color":"","overlay-opacity":"","overlay-gradient":""},"tablet":{"background-color":"var(--ast-global-color-5)","background-image":"","background-repeat":"repeat","background-position":"center center","background-size":"auto","background-attachment":"scroll","background-type":"","background-media":"","overlay-type":"","overlay-color":"","overlay-opacity":"","overlay-gradient":""},"mobile":{"background-color":"var(--ast-global-color-5)","background-image":"","background-repeat":"repeat","background-position":"center center","background-size":"auto","background-attachment":"scroll","background-type":"","background-media":"","overlay-type":"","overlay-color":"","overlay-opacity":"","overlay-gradient":""}},"footnotes":""},"class_list":["post-19","page","type-page","status-publish","hentry"],"acf":[],"yoast_head":"<!-- This site is optimized with the Yoast SEO plugin v27.5 - https:\/\/yoast.com\/product\/yoast-seo-wordpress\/ -->\n<title>About RJ Models | World&#039;s Largest Model Making Company<\/title>\n<meta name=\"description\" content=\"RJ Models is the world&#039;s largest architectural model maker. With 30 years of experience, we deliver 700+ scale models annually.\" \/>\n<meta name=\"robots\" content=\"index, follow, max-snippet:-1, max-image-preview:large, max-video-preview:-1\" \/>\n<link rel=\"canonical\" href=\"https:\/\/www.rjmodels.com.hk\/cs\/o\/\" \/>\n<meta property=\"og:locale\" content=\"cs_CZ\" \/>\n<meta property=\"og:type\" content=\"article\" \/>\n<meta property=\"og:title\" content=\"About RJ Models | World&#039;s Largest Model Making Company\" \/>\n<meta property=\"og:description\" content=\"RJ Models is the world&#039;s largest architectural model maker. With 30 years of experience, we deliver 700+ scale models annually.\" \/>\n<meta property=\"og:url\" content=\"https:\/\/www.rjmodels.com.hk\/cs\/o\/\" \/>\n<meta property=\"og:site_name\" content=\"RJ Models\" \/>\n<meta property=\"article:publisher\" content=\"https:\/\/www.facebook.com\/rjmodelmaking\" \/>\n<meta property=\"article:modified_time\" content=\"2026-04-20T02:08:55+00:00\" \/>\n<meta property=\"og:image\" content=\"https:\/\/www.rjmodels.com.hk\/wp-content\/uploads\/2022\/05\/350-600-2.jpg\" \/>\n<meta name=\"twitter:card\" content=\"summary_large_image\" \/>\n<meta name=\"twitter:label1\" content=\"Odhadovan\u00e1 doba \u010dten\u00ed\" \/>\n\t<meta name=\"twitter:data1\" content=\"5 minut\" \/>\n<script type=\"application\/ld+json\" class=\"yoast-schema-graph\">{\"@context\":\"https:\\\/\\\/schema.org\",\"@graph\":[{\"@type\":\"WebPage\",\"@id\":\"https:\\\/\\\/www.rjmodels.com.hk\\\/about\\\/\",\"url\":\"https:\\\/\\\/www.rjmodels.com.hk\\\/about\\\/\",\"name\":\"About RJ Models | World's Largest Model Making Company\",\"isPartOf\":{\"@id\":\"https:\\\/\\\/www.rjmodels.com.hk\\\/#website\"},\"primaryImageOfPage\":{\"@id\":\"https:\\\/\\\/www.rjmodels.com.hk\\\/about\\\/#primaryimage\"},\"image\":{\"@id\":\"https:\\\/\\\/www.rjmodels.com.hk\\\/about\\\/#primaryimage\"},\"thumbnailUrl\":\"https:\\\/\\\/www.rjmodels.com.hk\\\/wp-content\\\/uploads\\\/2022\\\/05\\\/350-600-2.jpg\",\"datePublished\":\"2018-01-07T07:46:06+00:00\",\"dateModified\":\"2026-04-20T02:08:55+00:00\",\"description\":\"RJ Models is the world's largest architectural model maker. With 30 years of experience, we deliver 700+ scale models annually.\",\"breadcrumb\":{\"@id\":\"https:\\\/\\\/www.rjmodels.com.hk\\\/about\\\/#breadcrumb\"},\"inLanguage\":\"cs\",\"potentialAction\":[{\"@type\":\"ReadAction\",\"target\":[\"https:\\\/\\\/www.rjmodels.com.hk\\\/about\\\/\"]}]},{\"@type\":\"ImageObject\",\"inLanguage\":\"cs\",\"@id\":\"https:\\\/\\\/www.rjmodels.com.hk\\\/about\\\/#primaryimage\",\"url\":\"https:\\\/\\\/www.rjmodels.com.hk\\\/wp-content\\\/uploads\\\/2022\\\/05\\\/350-600-2.jpg\",\"contentUrl\":\"https:\\\/\\\/www.rjmodels.com.hk\\\/wp-content\\\/uploads\\\/2022\\\/05\\\/350-600-2.jpg\"},{\"@type\":\"BreadcrumbList\",\"@id\":\"https:\\\/\\\/www.rjmodels.com.hk\\\/about\\\/#breadcrumb\",\"itemListElement\":[{\"@type\":\"ListItem\",\"position\":1,\"name\":\"Home\",\"item\":\"https:\\\/\\\/www.rjmodels.com.hk\\\/\"},{\"@type\":\"ListItem\",\"position\":2,\"name\":\"About\"}]},{\"@type\":\"WebSite\",\"@id\":\"https:\\\/\\\/www.rjmodels.com.hk\\\/#website\",\"url\":\"https:\\\/\\\/www.rjmodels.com.hk\\\/\",\"name\":\"RJ Models\",\"description\":\"\",\"publisher\":{\"@id\":\"https:\\\/\\\/www.rjmodels.com.hk\\\/#organization\"},\"potentialAction\":[{\"@type\":\"SearchAction\",\"target\":{\"@type\":\"EntryPoint\",\"urlTemplate\":\"https:\\\/\\\/www.rjmodels.com.hk\\\/?s={search_term_string}\"},\"query-input\":{\"@type\":\"PropertyValueSpecification\",\"valueRequired\":true,\"valueName\":\"search_term_string\"}}],\"inLanguage\":\"cs\"},{\"@type\":\"Organization\",\"@id\":\"https:\\\/\\\/www.rjmodels.com.hk\\\/#organization\",\"name\":\"RJ Models\",\"url\":\"https:\\\/\\\/www.rjmodels.com.hk\\\/\",\"logo\":{\"@type\":\"ImageObject\",\"inLanguage\":\"cs\",\"@id\":\"https:\\\/\\\/www.rjmodels.com.hk\\\/#\\\/schema\\\/logo\\\/image\\\/\",\"url\":\"https:\\\/\\\/www.rjmodels.com.hk\\\/wp-content\\\/uploads\\\/2021\\\/11\\\/cropped-logo-12.png\",\"contentUrl\":\"https:\\\/\\\/www.rjmodels.com.hk\\\/wp-content\\\/uploads\\\/2021\\\/11\\\/cropped-logo-12.png\",\"width\":681,\"height\":162,\"caption\":\"RJ Models\"},\"image\":{\"@id\":\"https:\\\/\\\/www.rjmodels.com.hk\\\/#\\\/schema\\\/logo\\\/image\\\/\"},\"sameAs\":[\"https:\\\/\\\/www.facebook.com\\\/rjmodelmaking\"]}]}<\/script>\n<!-- \/ Yoast SEO plugin. -->","yoast_head_json":{"title":"About RJ Models | World's Largest Model Making Company","description":"RJ Models is the world's largest architectural model maker. With 30 years of experience, we deliver 700+ scale models annually.","robots":{"index":"index","follow":"follow","max-snippet":"max-snippet:-1","max-image-preview":"max-image-preview:large","max-video-preview":"max-video-preview:-1"},"canonical":"https:\/\/www.rjmodels.com.hk\/cs\/o\/","og_locale":"cs_CZ","og_type":"article","og_title":"About RJ Models | World's Largest Model Making Company","og_description":"RJ Models is the world's largest architectural model maker. With 30 years of experience, we deliver 700+ scale models annually.","og_url":"https:\/\/www.rjmodels.com.hk\/cs\/o\/","og_site_name":"RJ Models","article_publisher":"https:\/\/www.facebook.com\/rjmodelmaking","article_modified_time":"2026-04-20T02:08:55+00:00","og_image":[{"url":"https:\/\/www.rjmodels.com.hk\/wp-content\/uploads\/2022\/05\/350-600-2.jpg","type":"","width":"","height":""}],"twitter_card":"summary_large_image","twitter_misc":{"Odhadovan\u00e1 doba \u010dten\u00ed":"5 minut"},"schema":{"@context":"https:\/\/schema.org","@graph":[{"@type":"WebPage","@id":"https:\/\/www.rjmodels.com.hk\/about\/","url":"https:\/\/www.rjmodels.com.hk\/about\/","name":"About RJ Models | World's Largest Model Making Company","isPartOf":{"@id":"https:\/\/www.rjmodels.com.hk\/#website"},"primaryImageOfPage":{"@id":"https:\/\/www.rjmodels.com.hk\/about\/#primaryimage"},"image":{"@id":"https:\/\/www.rjmodels.com.hk\/about\/#primaryimage"},"thumbnailUrl":"https:\/\/www.rjmodels.com.hk\/wp-content\/uploads\/2022\/05\/350-600-2.jpg","datePublished":"2018-01-07T07:46:06+00:00","dateModified":"2026-04-20T02:08:55+00:00","description":"RJ Models is the world's largest architectural model maker. With 30 years of experience, we deliver 700+ scale models annually.","breadcrumb":{"@id":"https:\/\/www.rjmodels.com.hk\/about\/#breadcrumb"},"inLanguage":"cs","potentialAction":[{"@type":"ReadAction","target":["https:\/\/www.rjmodels.com.hk\/about\/"]}]},{"@type":"ImageObject","inLanguage":"cs","@id":"https:\/\/www.rjmodels.com.hk\/about\/#primaryimage","url":"https:\/\/www.rjmodels.com.hk\/wp-content\/uploads\/2022\/05\/350-600-2.jpg","contentUrl":"https:\/\/www.rjmodels.com.hk\/wp-content\/uploads\/2022\/05\/350-600-2.jpg"},{"@type":"BreadcrumbList","@id":"https:\/\/www.rjmodels.com.hk\/about\/#breadcrumb","itemListElement":[{"@type":"ListItem","position":1,"name":"Home","item":"https:\/\/www.rjmodels.com.hk\/"},{"@type":"ListItem","position":2,"name":"About"}]},{"@type":"WebSite","@id":"https:\/\/www.rjmodels.com.hk\/#website","url":"https:\/\/www.rjmodels.com.hk\/","name":"RJ Models","description":"","publisher":{"@id":"https:\/\/www.rjmodels.com.hk\/#organization"},"potentialAction":[{"@type":"SearchAction","target":{"@type":"EntryPoint","urlTemplate":"https:\/\/www.rjmodels.com.hk\/?s={search_term_string}"},"query-input":{"@type":"PropertyValueSpecification","valueRequired":true,"valueName":"search_term_string"}}],"inLanguage":"cs"},{"@type":"Organization","@id":"https:\/\/www.rjmodels.com.hk\/#organization","name":"RJ Models","url":"https:\/\/www.rjmodels.com.hk\/","logo":{"@type":"ImageObject","inLanguage":"cs","@id":"https:\/\/www.rjmodels.com.hk\/#\/schema\/logo\/image\/","url":"https:\/\/www.rjmodels.com.hk\/wp-content\/uploads\/2021\/11\/cropped-logo-12.png","contentUrl":"https:\/\/www.rjmodels.com.hk\/wp-content\/uploads\/2021\/11\/cropped-logo-12.png","width":681,"height":162,"caption":"RJ Models"},"image":{"@id":"https:\/\/www.rjmodels.com.hk\/#\/schema\/logo\/image\/"},"sameAs":["https:\/\/www.facebook.com\/rjmodelmaking"]}]}},"_links":{"self":[{"href":"https:\/\/www.rjmodels.com.hk\/cs\/wp-json\/wp\/v2\/pages\/19","targetHints":{"allow":["GET"]}}],"collection":[{"href":"https:\/\/www.rjmodels.com.hk\/cs\/wp-json\/wp\/v2\/pages"}],"about":[{"href":"https:\/\/www.rjmodels.com.hk\/cs\/wp-json\/wp\/v2\/types\/page"}],"author":[{"embeddable":true,"href":"https:\/\/www.rjmodels.com.hk\/cs\/wp-json\/wp\/v2\/users\/2"}],"replies":[{"embeddable":true,"href":"https:\/\/www.rjmodels.com.hk\/cs\/wp-json\/wp\/v2\/comments?post=19"}],"version-history":[{"count":4,"href":"https:\/\/www.rjmodels.com.hk\/cs\/wp-json\/wp\/v2\/pages\/19\/revisions"}],"predecessor-version":[{"id":79436,"href":"https:\/\/www.rjmodels.com.hk\/cs\/wp-json\/wp\/v2\/pages\/19\/revisions\/79436"}],"wp:attachment":[{"href":"https:\/\/www.rjmodels.com.hk\/cs\/wp-json\/wp\/v2\/media?parent=19"}],"curies":[{"name":"wp","href":"https:\/\/api.w.org\/{rel}","templated":true}]}}